{"id":1008,"date":"2020-04-13T19:05:56","date_gmt":"2020-04-13T21:05:56","guid":{"rendered":"https:\/\/sites.usp.br\/fcfrp\/?page_id=1008"},"modified":"2026-02-25T07:50:31","modified_gmt":"2026-02-25T09:50:31","slug":"atac","status":"publish","type":"page","link":"https:\/\/fcfrp.usp.br\/en\/institucional\/administracao\/atac\/","title":{"rendered":"Academic Technical Assistance"},"content":{"rendered":"<div id=\"pl-1008\"  class=\"panel-layout\" ><div id=\"pg-1008-0\"  class=\"panel-grid panel-no-style\" ><div id=\"pgc-1008-0-0\"  class=\"panel-grid-cell\" ><div id=\"panel-1008-0-0-0\" class=\"so-panel widget widget_text panel-first-child panel-last-child\" data-index=\"0\" >\t\t\t<div class=\"textwidget\"><h4><strong>Assistente T\u00e9cnico Acad\u00eamico<\/strong><\/h4>\n<h3>Cl\u00e9ber Jos\u00e9 Lupachini<a href=\"https:\/\/sites.usp.br\/fcfrp\/wp-content\/uploads\/sites\/528\/2020\/04\/cleber.jpg\"><img loading=\"lazy\" decoding=\"async\" class=\"wp-image-1862 size-full alignright\" src=\"https:\/\/sites.usp.br\/fcfrp\/wp-content\/uploads\/sites\/528\/2020\/04\/cleber.jpg\" alt=\"\" width=\"100\" height=\"128\" \/><\/a><\/h3>\n<p>Email: atac@fcfrp.usp.br<br \/>\nTel: (16) 3315-4239<\/p>\n<p>&nbsp;<\/p>\n<h4><strong>Hor\u00e1rio de Atendimento<\/strong><\/h4>\n<div style=\"text-align: justify;\">Segunda a Sexta-feira: das 8:00 \u00e0s 17:00 h<\/div>\n<p>&nbsp;<\/p>\n<h4><strong>Localiza\u00e7\u00e3o<\/strong><\/h4>\n<div style=\"text-align: justify;\">Sala 120 do Bloco H da Faculdade de Ci\u00eancias Farmac\u00eauticas de Ribeir\u00e3o Preto \u2013 USP<\/div>\n<p>&nbsp;<\/p>\n<h4><strong>COLEGIADOS<\/strong><\/h4>\n<div style=\"text-align: justify;\"><a href=\"https:\/\/fcfrp.usp.br\/wp-content\/uploads\/sites\/528\/2026\/02\/Mandatos-CTA-fev-2026-3.pdf\" target=\"_blank\" rel=\"noopener\">&#8211; Conselho T\u00e9cnico Administrativo (CTA)<\/a><br \/>\n<a href=\"https:\/\/fcfrp.usp.br\/wp-content\/uploads\/sites\/528\/2026\/02\/Mandatos-Congregacao-fev-2026.pdf\" target=\"_blank\" rel=\"noopener\">&#8211; Congrega\u00e7\u00e3o<\/a><br \/>\n<a href=\"https:\/\/fcfrp.usp.br\/wp-content\/uploads\/sites\/528\/2026\/02\/CALENDARIO-FCFRP-2026.pdf\" target=\"_blank\" rel=\"noopener\">&#8211; Calend\u00e1rio Atividades CTA e Congrega\u00e7\u00e3o 2026<\/a><br \/>\n<a href=\"https:\/\/fcfrp.usp.br\/pt\/institucional\/administracao\/atac\/atas\/\">&#8211; ATAs CTA e Congrega\u00e7\u00e3o<\/a><\/div>\n<p>&nbsp;<\/p>\n<h4><a href=\"https:\/\/fcfrp.usp.br\/pt\/institucional\/administracao\/atac\/eleicoes\/\"><strong>&#8211; Elei\u00e7\u00f5es<\/strong><\/a><\/h4>\n<\/div>\n\t\t<\/div><\/div><div id=\"pgc-1008-0-1\"  class=\"panel-grid-cell\" ><div id=\"panel-1008-0-1-0\" class=\"so-panel widget widget_nav_menu panel-first-child panel-last-child\" data-index=\"1\" ><div class=\"menu-menu-instiadmin-container\"><ul id=\"menu-menu-instiadmin\" class=\"menu\"><li id=\"menu-item-1265\" class=\"menu-item menu-item-type-post_type menu-item-object-page menu-item-has-children menu-item-1265\"><a href=\"https:\/\/fcfrp.usp.br\/en\/institucional\/\">Institutional<\/a>\n<ul class=\"sub-menu\">\n\t<li id=\"menu-item-1267\" class=\"menu-item menu-item-type-post_type menu-item-object-page menu-item-1267\"><a href=\"https:\/\/fcfrp.usp.br\/en\/institucional\/diretoria\/\">Direction<\/a><\/li>\n\t<li id=\"menu-item-1268\" class=\"menu-item menu-item-type-post_type menu-item-object-page menu-item-1268\"><a href=\"https:\/\/fcfrp.usp.br\/en\/institucional\/departamentos\/\">Departments<\/a><\/li>\n\t<li id=\"menu-item-1269\" class=\"menu-item menu-item-type-post_type menu-item-object-page menu-item-has-children menu-item-1269\"><a href=\"https:\/\/fcfrp.usp.br\/en\/institucional\/administracao\/\">Administrative Sections<\/a>\n\t<ul class=\"sub-menu\">\n\t\t<li id=\"menu-item-1270\" class=\"menu-item menu-item-type-post_type menu-item-object-page menu-item-has-children menu-item-1270\"><a href=\"https:\/\/fcfrp.usp.br\/en\/institucional\/administracao\/atac\/\">Academic Technical Assistance<\/a>\n\t\t<ul class=\"sub-menu\">\n\t\t\t<li id=\"menu-item-2179\" class=\"menu-item menu-item-type-post_type menu-item-object-page menu-item-2179\"><a href=\"https:\/\/fcfrp.usp.br\/en\/institucional\/administracao\/atac\/secao-graduacao\/\">Undergraduate Service<\/a><\/li>\n\t\t\t<li id=\"menu-item-2178\" class=\"menu-item menu-item-type-post_type menu-item-object-page menu-item-2178\"><a href=\"https:\/\/fcfrp.usp.br\/en\/institucional\/administracao\/atac\/secao-posgraduacao\/\">Graduate Service<\/a><\/li>\n\t\t\t<li id=\"menu-item-1300\" class=\"menu-item menu-item-type-post_type menu-item-object-page menu-item-1300\"><a href=\"https:\/\/fcfrp.usp.br\/en\/institucional\/administracao\/atac\/apoio-academico\/\">Academic Support Section<\/a><\/li>\n\t\t\t<li id=\"menu-item-1917\" class=\"menu-item menu-item-type-post_type menu-item-object-page menu-item-1917\"><a href=\"https:\/\/fcfrp.usp.br\/en\/institucional\/administracao\/atac\/apoio-pedagogico\/\">Pedagogical Support<\/a><\/li>\n\t\t<\/ul>\n<\/li>\n\t\t<li id=\"menu-item-1271\" class=\"menu-item menu-item-type-post_type menu-item-object-page menu-item-has-children menu-item-1271\"><a href=\"https:\/\/fcfrp.usp.br\/en\/institucional\/administracao\/assistencia-tecnica-administrativa\/\">Administrative Technical Assistance<\/a>\n\t\t<ul class=\"sub-menu\">\n\t\t\t<li id=\"menu-item-1354\" class=\"menu-item menu-item-type-post_type menu-item-object-page menu-item-1354\"><a href=\"https:\/\/fcfrp.usp.br\/en\/institucional\/administracao\/assistencia-tecnica-administrativa\/secao-informatica\/\">Computer Technical Section<\/a><\/li>\n\t\t\t<li id=\"menu-item-1355\" class=\"menu-item menu-item-type-post_type menu-item-object-page menu-item-1355\"><a href=\"https:\/\/fcfrp.usp.br\/en\/institucional\/administracao\/assistencia-tecnica-administrativa\/apoio-operacional\/\">Operational Support Service<\/a><\/li>\n\t\t\t<li id=\"menu-item-1358\" class=\"menu-item menu-item-type-post_type menu-item-object-page menu-item-1358\"><a href=\"https:\/\/fcfrp.usp.br\/en\/institucional\/administracao\/assistencia-tecnica-administrativa\/apoio-adm\/\">Administrative Support Section<\/a><\/li>\n\t\t<\/ul>\n<\/li>\n\t\t<li id=\"menu-item-1272\" class=\"menu-item menu-item-type-post_type menu-item-object-page menu-item-has-children menu-item-1272\"><a href=\"https:\/\/fcfrp.usp.br\/en\/institucional\/administracao\/assistencia-tecnica-financeira\/\">Financial Technical Assistance<\/a>\n\t\t<ul class=\"sub-menu\">\n\t\t\t<li id=\"menu-item-9878\" class=\"menu-item menu-item-type-post_type menu-item-object-page menu-item-9878\"><a href=\"https:\/\/fcfrp.usp.br\/en\/institucional\/administracao\/assistencia-tecnica-financeira\/contabilidade\/\">Technical Section of Accounting, Equity, Contracts and Agreements<\/a><\/li>\n\t\t\t<li id=\"menu-item-9882\" class=\"menu-item menu-item-type-post_type menu-item-object-page menu-item-9882\"><a href=\"https:\/\/fcfrp.usp.br\/en\/institucional\/administracao\/assistencia-tecnica-financeira\/materiais\/\">Materials and Treasury Service<\/a><\/li>\n\t\t<\/ul>\n<\/li>\n\t\t<li id=\"menu-item-1273\" class=\"menu-item menu-item-type-post_type menu-item-object-page menu-item-1273\"><a href=\"https:\/\/fcfrp.usp.br\/en\/institucional\/administracao\/secao-apoio-institucional\/\">Institutional Support Section<\/a><\/li>\n\t\t<li id=\"menu-item-1274\" class=\"menu-item menu-item-type-post_type menu-item-object-page menu-item-1274\"><a href=\"https:\/\/fcfrp.usp.br\/en\/institucional\/administracao\/secao-de-bioterio\/\">Vivarium Section<\/a><\/li>\n\t<\/ul>\n<\/li>\n\t<li id=\"menu-item-1359\" class=\"menu-item menu-item-type-post_type menu-item-object-page menu-item-1359\"><a href=\"https:\/\/fcfrp.usp.br\/en\/institucional\/cap\/\">Project Support Center<\/a><\/li>\n\t<li id=\"menu-item-1275\" class=\"menu-item menu-item-type-post_type menu-item-object-page menu-item-1275\"><a href=\"https:\/\/fcfrp.usp.br\/en\/institucional\/servicos\/\">Services<\/a><\/li>\n\t<li id=\"menu-item-2705\" class=\"menu-item menu-item-type-post_type menu-item-object-page menu-item-2705\"><a href=\"https:\/\/fcfrp.usp.br\/en\/institucional\/comissoes\/\">Commissions<\/a><\/li>\n\t<li id=\"menu-item-1276\" class=\"menu-item menu-item-type-post_type menu-item-object-page menu-item-1276\"><a href=\"https:\/\/fcfrp.usp.br\/en\/institucional\/concursos\/\">Public Tenders<\/a><\/li>\n\t<li id=\"menu-item-6213\" class=\"menu-item menu-item-type-custom menu-item-object-custom menu-item-6213\"><a href=\"https:\/\/fcfrp.usp.br\/en\/institucional\/administracao\/assistencia-tecnica-financeira\/prov-materiais\/\">Bidding<\/a><\/li>\n\t<li id=\"menu-item-1266\" class=\"menu-item menu-item-type-post_type menu-item-object-page current_page_parent menu-item-1266\"><a href=\"https:\/\/fcfrp.usp.br\/en\/institucional\/eventos-noticias\/\">Events \/ News<\/a><\/li>\n\t<li id=\"menu-item-1277\" class=\"menu-item menu-item-type-post_type menu-item-object-page menu-item-1277\"><a target=\"_blank\" href=\"https:\/\/fcfrp.usp.br\/wp-content\/uploads\/sites\/528\/2025\/03\/Lista-de-ramais-marco-2025.pdf\">Public Servants<\/a><\/li>\n\t<li id=\"menu-item-7210\" class=\"menu-item menu-item-type-post_type menu-item-object-page menu-item-7210\"><a href=\"https:\/\/fcfrp.usp.br\/en\/institucional\/identidade-visual\/\">Visual Identity<\/a><\/li>\n<\/ul>\n<\/li>\n<\/ul><\/div><\/div><\/div><\/div><\/div>","protected":false},"excerpt":{"rendered":"<p>Assistente T\u00e9cnico Acad\u00eamico Cl\u00e9ber Jos\u00e9 Lupachini Email: atac@fcfrp.usp.br Tel: (16) 3315-4239 &nbsp; Hor\u00e1rio de Atendimento Segunda a Sexta-feira: das 8:00 \u00e0s 17:00 h &nbsp; Localiza\u00e7\u00e3o Sala 120 do Bloco H da Faculdade de Ci\u00eancias Farmac\u00eauticas de Ribeir\u00e3o Preto \u2013 USP &nbsp; COLEGIADOS &#8211; Conselho T\u00e9cnico Administrativo (CTA) &#8211; Congrega\u00e7\u00e3o &#8211; Calend\u00e1rio Atividades CTA e Congrega\u00e7\u00e3o<a href=\"https:\/\/fcfrp.usp.br\/en\/institucional\/administracao\/atac\/\">[&#8230;]<\/a><\/p>\n","protected":false},"author":978,"featured_media":0,"parent":497,"menu_order":0,"comment_status":"closed","ping_status":"closed","template":"template-fullwidth.php","meta":{"footnotes":"","_links_to":"","_links_to_target":""},"class_list":["post-1008","page","type-page","status-publish","hentry"],"_links":{"self":[{"href":"https:\/\/fcfrp.usp.br\/en\/wp-json\/wp\/v2\/pages\/1008","targetHints":{"allow":["GET"]}}],"collection":[{"href":"https:\/\/fcfrp.usp.br\/en\/wp-json\/wp\/v2\/pages"}],"about":[{"href":"https:\/\/fcfrp.usp.br\/en\/wp-json\/wp\/v2\/types\/page"}],"author":[{"embeddable":true,"href":"https:\/\/fcfrp.usp.br\/en\/wp-json\/wp\/v2\/users\/978"}],"replies":[{"embeddable":true,"href":"https:\/\/fcfrp.usp.br\/en\/wp-json\/wp\/v2\/comments?post=1008"}],"version-history":[{"count":4,"href":"https:\/\/fcfrp.usp.br\/en\/wp-json\/wp\/v2\/pages\/1008\/revisions"}],"predecessor-version":[{"id":16263,"href":"https:\/\/fcfrp.usp.br\/en\/wp-json\/wp\/v2\/pages\/1008\/revisions\/16263"}],"up":[{"embeddable":true,"href":"https:\/\/fcfrp.usp.br\/en\/wp-json\/wp\/v2\/pages\/497"}],"wp:attachment":[{"href":"https:\/\/fcfrp.usp.br\/en\/wp-json\/wp\/v2\/media?parent=1008"}],"curies":[{"name":"wp","href":"https:\/\/api.w.org\/{rel}","templated":true}]}}