{"id":12326,"date":"2023-06-16T14:41:09","date_gmt":"2023-06-16T16:41:09","guid":{"rendered":"https:\/\/fcfrp.usp.br\/?page_id=12326"},"modified":"2023-08-03T15:04:30","modified_gmt":"2023-08-03T17:04:30","slug":"sistema-automatico-para-testes-de-topicos-e-transdermicos-em-celulas-de-difusao-vertical-vertical-diffusion-cell-sistema-de-coleta-automatica-microette-plus-phoenix-rds-robotic-diffusion","status":"publish","type":"page","link":"https:\/\/fcfrp.usp.br\/en\/pesquisa-extensao\/pesquisa\/centrais-multiusuarios\/sistema-automatico-para-testes-de-topicos-e-transdermicos-em-celulas-de-difusao-vertical-vertical-diffusion-cell-sistema-de-coleta-automatica-microette-plus-phoenix-rds-robotic-diffusion\/","title":{"rendered":"(Portugu\u00eas) Sistema Autom\u00e1tico para testes de t\u00f3picos e Transd\u00e9rmicos em C\u00e9lulas de Difus\u00e3o Vertical"},"content":{"rendered":"<div id=\"pl-12326\"  class=\"panel-layout\" ><div id=\"pg-12326-0\"  class=\"panel-grid panel-no-style\" ><div id=\"pgc-12326-0-0\"  class=\"panel-grid-cell\" ><div id=\"panel-12326-0-0-0\" class=\"so-panel widget widget_sow-editor panel-first-child panel-last-child\" data-index=\"0\" ><div\n\t\t\t\n\t\t\tclass=\"so-widget-sow-editor so-widget-sow-editor-base\"\n\t\t\t\n\t\t>\n<div class=\"siteorigin-widget-tinymce textwidget\">\n\t<h3><strong>Sistema Autom\u00e1tico para testes de t\u00f3picos e Transd\u00e9rmicos em C\u00e9lulas de Difus\u00e3o Vertical - Vertical Diffusion cell, sistema de coleta autom\u00e1tica Microette - Plus PHOENIX RDS\u2122 ROBOTIC DIFFUSION STATION<\/strong><\/h3>\n<p>Este equipamento foi concedido pela Fapesp como Projeto Multiusu\u00e1rio (EMU Proc. n. <strong>2017\/17079-0<\/strong>), vinculado ao Projeto Tem\u00e1tico 2014\/50928-2, sob coordena\u00e7\u00e3o da Profa. Dra. Maria Vit\u00f3ria Lopes Badra Bentley.<\/p>\n<p>Este equipamento representa uma ferramenta de pesquisa ideal para estudos de formula\u00e7\u00f5es de libera\u00e7\u00e3o t\u00f3pica, transd\u00e9rmica, oft\u00e1lmicas, vaginal, nasal, bucal, cosm\u00e9tica e pesticidas. Recomendado pelo FDA, o sistema automatizado \u00e9 composto por sete c\u00e9lulas de difus\u00e3o vertical (incluindo as de material \u00e2mbar para estudos com f\u00e1rmacos e marcadores fotossens\u00edveis), controle de temperatura, homogeneiza\u00e7\u00e3o e programa\u00e7\u00e3o de diferentes regimes de coleta.<\/p>\n<p>O equipamento \u00e9 essencial para a avalia\u00e7\u00e3o da permea\u00e7\u00e3o e penetra\u00e7\u00e3o na\/atrav\u00e9s de diferentes tipos de f\u00e1rmacos e nanopart\u00edculas nas camadas da pele ou outra membrana. Permite a realiza\u00e7\u00e3o de estudos cin\u00e9ticos de permea\u00e7\u00e3o de f\u00e1rmacos atrav\u00e9s de membranas biol\u00f3gicas e sint\u00e9ticas, conforme especifica\u00e7\u00f5es de agencias regulat\u00f3rias como FDA e ANVISA.<\/p>\n<p><a href=\"https:\/\/fcfrp.usp.br\/wp-content\/uploads\/sites\/528\/2023\/06\/Microette.jpg\"><img loading=\"lazy\" decoding=\"async\" class=\"alignnone size-medium wp-image-12327\" src=\"https:\/\/fcfrp.usp.br\/wp-content\/uploads\/sites\/528\/2023\/06\/Microette-300x235.jpg\" alt=\"\" width=\"300\" height=\"235\" srcset=\"https:\/\/fcfrp.usp.br\/wp-content\/uploads\/sites\/528\/2023\/06\/Microette-300x235.jpg 300w, https:\/\/fcfrp.usp.br\/wp-content\/uploads\/sites\/528\/2023\/06\/Microette.jpg 347w\" sizes=\"auto, (max-width: 300px) 100vw, 300px\" \/><\/a> <a href=\"https:\/\/fcfrp.usp.br\/wp-content\/uploads\/sites\/528\/2023\/06\/Microette2.jpg\"><img loading=\"lazy\" decoding=\"async\" class=\"alignnone size-medium wp-image-12328\" src=\"https:\/\/fcfrp.usp.br\/wp-content\/uploads\/sites\/528\/2023\/06\/Microette2.jpg\" alt=\"\" width=\"299\" height=\"193\" \/><\/a><\/p>\n<p><strong>Usu\u00e1rios<\/strong><\/p>\n<p>Atende preferencialmente docentes e alunos de p\u00f3s-gradua\u00e7\u00e3o da FCFRP \u2013 USP e havendo disponibilidade nos hor\u00e1rios, tamb\u00e9m de outras faculdades, institutos de pesquisa e empresas\/ind\u00fastrias de Ribeir\u00e3o Preto e regi\u00e3o.<\/p>\n<p><strong>Pagamento<\/strong><br \/>\nOs usu\u00e1rios contribuem com o pagamento de uma taxa por an\u00e1lise realizada, recolhida na Tesouraria da FCFRP-USP junto ao centro de despesa CEANSIPART, para uso espec\u00edfico com a aquisi\u00e7\u00e3o de reagentes e manuten\u00e7\u00e3o do equipamento. Os valores das an\u00e1lises s\u00e3o determinados tendo como base as despesas com reagentes, manuten\u00e7\u00e3o do equipamento, tipo e n\u00famero de amostras\/usu\u00e1rio, bem como deprecia\u00e7\u00e3o do equipamento.<br \/>\nUma vez aprovado, o valor e o tempo de entrega dos resultados, o usu\u00e1rio dever\u00e1 autorizar a an\u00e1lise.<strong>\u00a0<\/strong><\/p>\n<p><strong>Hor\u00e1rio de Atendimento<\/strong><\/p>\n<p>De segunda \u00e0 sexta-feira, das 8:00 \u00e0s 12:00h e das 13:00 \u00e0s 17:00h.<\/p>\n<p><strong>Agendamento<\/strong><\/p>\n<p>Para agendamento e solicita\u00e7\u00e3o de or\u00e7amento entrar em contato com a Sra. Fab\u00edola Garcia Pra\u00e7a, e-mail <a href=\"mailto:fgarcia@fcfrp.usp.br\">fgarcia@fcfrp.usp.br<\/a>, telefone +55 16 3315-4302.<br \/>\nA desist\u00eancia deve ser comunicada com 24h de anteced\u00eancia.<\/p>\n<p><strong>Localiza\u00e7\u00e3o<\/strong><\/p>\n<p>O Sistema Autom\u00e1tico de C\u00e9lulas de Difus\u00e3o Vertical est\u00e1 localizado na sala 19, Bloco N, da FCFRP no Campus USP de Ribeir\u00e3o Preto.<\/p>\n<\/div>\n<\/div><\/div><\/div><div id=\"pgc-12326-0-1\"  class=\"panel-grid-cell\" ><div id=\"panel-12326-0-1-0\" class=\"so-panel widget widget_nav_menu panel-first-child panel-last-child\" data-index=\"1\" ><div class=\"menu-menu-multi-container\"><ul id=\"menu-menu-multi\" class=\"menu\"><li id=\"menu-item-5520\" class=\"menu-item menu-item-type-post_type menu-item-object-page menu-item-has-children menu-item-5520\"><a href=\"https:\/\/fcfrp.usp.br\/en\/pesquisa-extensao\/\">PESQUISA \/ EXTENS\u00c3O<\/a>\n<ul class=\"sub-menu\">\n\t<li id=\"menu-item-3343\" class=\"menu-item menu-item-type-post_type menu-item-object-page menu-item-has-children menu-item-3343\"><a href=\"https:\/\/fcfrp.usp.br\/en\/pesquisa-extensao\/pesquisa\/\">Pesquisa<\/a>\n\t<ul class=\"sub-menu\">\n\t\t<li id=\"menu-item-5919\" class=\"menu-item menu-item-type-post_type menu-item-object-page menu-item-5919\"><a href=\"https:\/\/fcfrp.usp.br\/en\/pesquisa-extensao\/pesquisa\/normas\/\">Normas<\/a><\/li>\n\t\t<li id=\"menu-item-5563\" class=\"menu-item menu-item-type-post_type menu-item-object-page menu-item-5563\"><a href=\"https:\/\/fcfrp.usp.br\/en\/pesquisa-extensao\/pesquisa\/infraestrutura\/\">Infraestrutura<\/a><\/li>\n\t\t<li id=\"menu-item-3346\" class=\"menu-item menu-item-type-post_type menu-item-object-page menu-item-has-children menu-item-3346\"><a href=\"https:\/\/fcfrp.usp.br\/en\/pesquisa-extensao\/pesquisa\/centrais-multiusuarios\/\">Centrais Multiusu\u00e1rios<\/a>\n\t\t<ul class=\"sub-menu\">\n\t\t\t<li id=\"menu-item-13614\" class=\"menu-item menu-item-type-post_type menu-item-object-page menu-item-13614\"><a href=\"https:\/\/fcfrp.usp.br\/en\/pesquisa-extensao\/pesquisa\/centrais-multiusuarios\/cenacroesp\/\">Chromatography and Spectrometry Center (CENACROESP)<\/a><\/li>\n\t\t\t<li id=\"menu-item-3518\" class=\"menu-item menu-item-type-post_type menu-item-object-page menu-item-3518\"><a href=\"https:\/\/fcfrp.usp.br\/en\/pesquisa-extensao\/pesquisa\/centrais-multiusuarios\/pusesin\/\">Central Multiusu\u00e1rio de Purifica\u00e7\u00e3o e Sequenciamento de Prote\u00edna e S\u00edntese de Pept\u00eddeo (PuSeSin)<\/a><\/li>\n\t\t\t<li id=\"menu-item-14599\" class=\"menu-item menu-item-type-post_type menu-item-object-page menu-item-14599\"><a href=\"https:\/\/uspmulti.prp.usp.br\/public\/centrais\/262\">Multiuser Central in Structural Biochemistry and Metabolism \u2013 Central BQ<\/a><\/li>\n\t\t\t<li id=\"menu-item-13616\" class=\"menu-item menu-item-type-post_type menu-item-object-page menu-item-13616\"><a href=\"https:\/\/fcfrp.usp.br\/en\/pesquisa-extensao\/pesquisa\/centrais-multiusuarios\/cemaesp\/\">Center of Excellence in Metallomics Applied to Population Health Studies (CEMAESP)<\/a><\/li>\n\t\t\t<li id=\"menu-item-12988\" class=\"menu-item menu-item-type-post_type menu-item-object-page menu-item-12988\"><a href=\"https:\/\/fcfrp.usp.br\/en\/pesquisa-extensao\/pesquisa\/centrais-multiusuarios\/oncomot\/\">Center of Excellence in Molecular and Translational Oncology (OncoMoT)<\/a><\/li>\n\t\t\t<li id=\"menu-item-3404\" class=\"menu-item menu-item-type-post_type menu-item-object-page menu-item-3404\"><a href=\"https:\/\/fcfrp.usp.br\/en\/pesquisa-extensao\/pesquisa\/centrais-multiusuarios\/ceqil\/\">Centro de Excel\u00eancia em Quantifica\u00e7\u00e3o e Identifica\u00e7\u00e3o de Lip\u00eddios (CEQIL)<\/a><\/li>\n\t\t\t<li id=\"menu-item-3520\" class=\"menu-item menu-item-type-post_type menu-item-object-page menu-item-3520\"><a href=\"https:\/\/fcfrp.usp.br\/en\/pesquisa-extensao\/pesquisa\/centrais-multiusuarios\/lafai\/\">Laborat\u00f3rio de Farmacot\u00e9cnica Instrumental (LAFAI)<\/a><\/li>\n\t\t\t<li id=\"menu-item-3519\" class=\"menu-item menu-item-type-post_type menu-item-object-page menu-item-3519\"><a href=\"https:\/\/fcfrp.usp.br\/en\/pesquisa-extensao\/pesquisa\/centrais-multiusuarios\/laprofar\/\">Laborat\u00f3rio de P&#038;D em Processos Farmac\u00eauticos (LAPROFAR)<\/a><\/li>\n\t\t\t<li id=\"menu-item-3492\" class=\"menu-item menu-item-type-post_type menu-item-object-page menu-item-3492\"><a href=\"https:\/\/fcfrp.usp.br\/en\/pesquisa-extensao\/pesquisa\/centrais-multiusuarios\/astox\/\">Laborat\u00f3rio de Toxicologia Anal\u00edtica e de Sistemas (ASTox)<\/a><\/li>\n\t\t\t<li id=\"menu-item-3517\" class=\"menu-item menu-item-type-post_type menu-item-object-page menu-item-3517\"><a href=\"https:\/\/fcfrp.usp.br\/en\/pesquisa-extensao\/pesquisa\/centrais-multiusuarios\/sequenciamento\/\">Laborat\u00f3rio Multiusu\u00e1rio de Sequenciamento de \u00c1cidos Nucleicos (LMSeq)<\/a><\/li>\n\t\t\t<li id=\"menu-item-12470\" class=\"menu-item menu-item-type-post_type menu-item-object-page menu-item-12470\"><a href=\"https:\/\/fcfrp.usp.br\/en\/pesquisa-extensao\/pesquisa\/centrais-multiusuarios\/crmn300\/\">300MHz Nuclear Magnetic Resonance Center<\/a><\/li>\n\t\t\t<li id=\"menu-item-3860\" class=\"menu-item menu-item-type-post_type menu-item-object-page menu-item-has-children menu-item-3860\"><a href=\"https:\/\/fcfrp.usp.br\/en\/pesquisa-extensao\/pesquisa\/centrais-multiusuarios\/\">LIAREC &#8211; Laborat\u00f3rio de Imagens de Alta Resolu\u00e7\u00e3o e Estudos Celulares<\/a>\n\t\t\t<ul class=\"sub-menu\">\n\t\t\t\t<li id=\"menu-item-3543\" class=\"menu-item menu-item-type-post_type menu-item-object-page menu-item-3543\"><a href=\"https:\/\/fcfrp.usp.br\/en\/pesquisa-extensao\/pesquisa\/centrais-multiusuarios\/nanoparticulados\/\">Caracteriza\u00e7\u00e3o de Sistemas de Libera\u00e7\u00e3o Micro e Nanodispersos<\/a><\/li>\n\t\t\t\t<li id=\"menu-item-3542\" class=\"menu-item menu-item-type-post_type menu-item-object-page menu-item-3542\"><a href=\"https:\/\/fcfrp.usp.br\/en\/pesquisa-extensao\/pesquisa\/centrais-multiusuarios\/citometria\/\">Citometria de Fluxo<\/a><\/li>\n\t\t\t\t<li id=\"menu-item-3541\" class=\"menu-item menu-item-type-post_type menu-item-object-page menu-item-3541\"><a href=\"https:\/\/fcfrp.usp.br\/en\/pesquisa-extensao\/pesquisa\/centrais-multiusuarios\/eletroforese\/\">Eletroforese Capilar<\/a><\/li>\n\t\t\t\t<li id=\"menu-item-3540\" class=\"menu-item menu-item-type-post_type menu-item-object-page menu-item-3540\"><a href=\"https:\/\/fcfrp.usp.br\/en\/pesquisa-extensao\/pesquisa\/centrais-multiusuarios\/microscopia\/\">Microscopia de Fluoresc\u00eancia Confocal<\/a><\/li>\n\t\t\t\t<li id=\"menu-item-3882\" class=\"menu-item menu-item-type-post_type menu-item-object-page menu-item-3882\"><a href=\"https:\/\/fcfrp.usp.br\/en\/pesquisa-extensao\/pesquisa\/centrais-multiusuarios\/microscopia-atomica\/\">Microsc\u00f3pio de For\u00e7a At\u00f4mica<\/a><\/li>\n\t\t\t<\/ul>\n<\/li>\n\t\t<\/ul>\n<\/li>\n\t\t<li id=\"menu-item-5569\" class=\"menu-item menu-item-type-post_type menu-item-object-page menu-item-5569\"><a href=\"https:\/\/fcfrp.usp.br\/en\/pesquisa-extensao\/pesquisa\/grupos-pesquisa\/\">Grupos de Pesquisa<\/a><\/li>\n\t\t<li id=\"menu-item-5575\" class=\"menu-item menu-item-type-post_type menu-item-object-page menu-item-5575\"><a href=\"https:\/\/fcfrp.usp.br\/en\/pesquisa-extensao\/pesquisa\/programas\/\">Programas<\/a><\/li>\n\t\t<li id=\"menu-item-5579\" class=\"menu-item menu-item-type-post_type menu-item-object-page menu-item-5579\"><a href=\"https:\/\/fcfrp.usp.br\/en\/pesquisa-extensao\/pesquisa\/oportunidades\/\">Oportunidades<\/a><\/li>\n\t<\/ul>\n<\/li>\n\t<li id=\"menu-item-3344\" class=\"menu-item menu-item-type-post_type menu-item-object-page menu-item-3344\"><a href=\"https:\/\/fcfrp.usp.br\/en\/pesquisa-extensao\/extensao\/\">Cultura e Extens\u00e3o<\/a><\/li>\n\t<li id=\"menu-item-3345\" class=\"menu-item menu-item-type-post_type menu-item-object-page menu-item-3345\"><a href=\"https:\/\/fcfrp.usp.br\/en\/institucional\/comissoes\/relacoes-internacionais\/\">Rela\u00e7\u00f5es Internacionais<\/a><\/li>\n<\/ul>\n<\/li>\n<\/ul><\/div><\/div><\/div><\/div><\/div>","protected":false},"excerpt":{"rendered":"<p>Sistema Autom\u00e1tico para testes de t\u00f3picos e Transd\u00e9rmicos em C\u00e9lulas de Difus\u00e3o Vertical &#8211; Vertical Diffusion cell, sistema de coleta autom\u00e1tica Microette &#8211; Plus PHOENIX RDS\u2122 ROBOTIC DIFFUSION STATION Este equipamento foi concedido pela Fapesp como Projeto Multiusu\u00e1rio (EMU Proc. n. 2017\/17079-0), vinculado ao Projeto Tem\u00e1tico 2014\/50928-2, sob coordena\u00e7\u00e3o da Profa. Dra. Maria Vit\u00f3ria Lopes<a href=\"https:\/\/fcfrp.usp.br\/en\/pesquisa-extensao\/pesquisa\/centrais-multiusuarios\/sistema-automatico-para-testes-de-topicos-e-transdermicos-em-celulas-de-difusao-vertical-vertical-diffusion-cell-sistema-de-coleta-automatica-microette-plus-phoenix-rds-robotic-diffusion\/\">[&#8230;]<\/a><\/p>\n","protected":false},"author":23303,"featured_media":0,"parent":796,"menu_order":13,"comment_status":"closed","ping_status":"closed","template":"template-fullwidth-no-title.php","meta":{"footnotes":"","_links_to":"","_links_to_target":""},"class_list":["post-12326","page","type-page","status-publish","hentry"],"_links":{"self":[{"href":"https:\/\/fcfrp.usp.br\/en\/wp-json\/wp\/v2\/pages\/12326","targetHints":{"allow":["GET"]}}],"collection":[{"href":"https:\/\/fcfrp.usp.br\/en\/wp-json\/wp\/v2\/pages"}],"about":[{"href":"https:\/\/fcfrp.usp.br\/en\/wp-json\/wp\/v2\/types\/page"}],"author":[{"embeddable":true,"href":"https:\/\/fcfrp.usp.br\/en\/wp-json\/wp\/v2\/users\/23303"}],"replies":[{"embeddable":true,"href":"https:\/\/fcfrp.usp.br\/en\/wp-json\/wp\/v2\/comments?post=12326"}],"version-history":[{"count":4,"href":"https:\/\/fcfrp.usp.br\/en\/wp-json\/wp\/v2\/pages\/12326\/revisions"}],"predecessor-version":[{"id":12488,"href":"https:\/\/fcfrp.usp.br\/en\/wp-json\/wp\/v2\/pages\/12326\/revisions\/12488"}],"up":[{"embeddable":true,"href":"https:\/\/fcfrp.usp.br\/en\/wp-json\/wp\/v2\/pages\/796"}],"wp:attachment":[{"href":"https:\/\/fcfrp.usp.br\/en\/wp-json\/wp\/v2\/media?parent=12326"}],"curies":[{"name":"wp","href":"https:\/\/api.w.org\/{rel}","templated":true}]}}