{"id":1297,"date":"2020-04-15T11:04:27","date_gmt":"2020-04-15T13:04:27","guid":{"rendered":"https:\/\/sites.usp.br\/fcfrp\/?page_id=1297"},"modified":"2021-09-29T07:04:00","modified_gmt":"2021-09-29T09:04:00","slug":"apoio-academico","status":"publish","type":"page","link":"https:\/\/fcfrp.usp.br\/en\/institucional\/administracao\/atac\/apoio-academico\/","title":{"rendered":"Academic Support Section"},"content":{"rendered":"<div id=\"pl-1297\"  class=\"panel-layout\" ><div id=\"pg-1297-0\"  class=\"panel-grid panel-no-style\" ><div id=\"pgc-1297-0-0\"  class=\"panel-grid-cell\" ><div id=\"panel-1297-0-0-0\" class=\"so-panel widget widget_text panel-first-child panel-last-child\" data-index=\"0\" >\t\t\t<div class=\"textwidget\"><h4><strong>Respons\u00e1vel pelo Apoio Acad\u00eamico<\/strong><\/h4>\n<h3>David Fernando de Almeida Vieira<\/h3>\n<p>Email: <a href=\"https:\/\/sites.usp.br\/fcfrp\/wp-content\/uploads\/sites\/528\/2020\/04\/david.jpg\"><img loading=\"lazy\" decoding=\"async\" class=\"wp-image-1923 size-full alignright\" src=\"https:\/\/sites.usp.br\/fcfrp\/wp-content\/uploads\/sites\/528\/2020\/04\/david.jpg\" alt=\"\" width=\"100\" height=\"128\" \/><\/a>davidvieira@fcfrp.usp.br<br \/>\nTel: (16) 3315-4216<\/p>\n<p>&nbsp;<\/p>\n<p>&nbsp;<\/p>\n<div style=\"text-align: justify; text-indent: 30pt;\">A Se\u00e7\u00e3o de Apoio Acad\u00eamico auxilia diretamente a Assist\u00eancia Acad\u00eamica nos concursos da carreira docente, nos processos de elei\u00e7\u00f5es acad\u00eamicas e na emiss\u00e3o de documentos relacionados \u00e0 \u00e1rea. Al\u00e9m disso, auxilia a Diretoria, os Departamentos, Colegiados e os corpos docente e discente da Unidade quanto aos assuntos de cunho acad\u00eamico.<\/div>\n<div style=\"text-align: justify; text-indent: 30pt;\">Atualmente \u00e9 respons\u00e1vel pela secretaria das seguintes Comiss\u00f5es: Comiss\u00e3o de Pesquisa, Comiss\u00e3o de Cultura e Extens\u00e3o Universit\u00e1ria, Comiss\u00e3o de \u00c9tica no Uso de Animais, Comiss\u00e3o Interna de Biosseguran\u00e7a, Comiss\u00e3o de Biot\u00e9rio e Comiss\u00e3o de Biblioteca.<\/div>\n<p>&nbsp;<\/p>\n<p>&nbsp;<\/p>\n<h4><strong>Hor\u00e1rio de Atendimento<\/strong><\/h4>\n<div style=\"text-align: justify;\">Segunda a Sexta-feira: das 8:00 \u00e0s 17:00 h<\/div>\n<p>&nbsp;<\/p>\n<p>&nbsp;<\/p>\n<h4><strong>Localiza\u00e7\u00e3o<\/strong><\/h4>\n<div style=\"text-align: justify;\">Sala 120 do Bloco H da Faculdade de Ci\u00eancias Farmac\u00eauticas de Ribeir\u00e3o Preto &#8211; USP<\/div>\n<\/div>\n\t\t<\/div><\/div><div id=\"pgc-1297-0-1\"  class=\"panel-grid-cell\" ><div id=\"panel-1297-0-1-0\" class=\"so-panel widget widget_nav_menu panel-first-child panel-last-child\" data-index=\"1\" ><div class=\"menu-menu-instiadmin-container\"><ul id=\"menu-menu-instiadmin\" class=\"menu\"><li id=\"menu-item-1265\" class=\"menu-item menu-item-type-post_type menu-item-object-page menu-item-has-children menu-item-1265\"><a href=\"https:\/\/fcfrp.usp.br\/en\/institucional\/\">Institutional<\/a>\n<ul class=\"sub-menu\">\n\t<li id=\"menu-item-1267\" class=\"menu-item menu-item-type-post_type menu-item-object-page menu-item-1267\"><a href=\"https:\/\/fcfrp.usp.br\/en\/institucional\/diretoria\/\">Direction<\/a><\/li>\n\t<li id=\"menu-item-1268\" class=\"menu-item menu-item-type-post_type menu-item-object-page menu-item-1268\"><a href=\"https:\/\/fcfrp.usp.br\/en\/institucional\/departamentos\/\">Departments<\/a><\/li>\n\t<li id=\"menu-item-1269\" class=\"menu-item menu-item-type-post_type menu-item-object-page menu-item-has-children menu-item-1269\"><a href=\"https:\/\/fcfrp.usp.br\/en\/institucional\/administracao\/\">Administrative Sections<\/a>\n\t<ul class=\"sub-menu\">\n\t\t<li id=\"menu-item-1270\" class=\"menu-item menu-item-type-post_type menu-item-object-page menu-item-has-children menu-item-1270\"><a href=\"https:\/\/fcfrp.usp.br\/en\/institucional\/administracao\/atac\/\">Academic Technical Assistance<\/a>\n\t\t<ul class=\"sub-menu\">\n\t\t\t<li id=\"menu-item-2179\" class=\"menu-item menu-item-type-post_type menu-item-object-page menu-item-2179\"><a href=\"https:\/\/fcfrp.usp.br\/en\/institucional\/administracao\/atac\/secao-graduacao\/\">Undergraduate Service<\/a><\/li>\n\t\t\t<li id=\"menu-item-2178\" class=\"menu-item menu-item-type-post_type menu-item-object-page menu-item-2178\"><a href=\"https:\/\/fcfrp.usp.br\/en\/institucional\/administracao\/atac\/secao-posgraduacao\/\">Graduate Service<\/a><\/li>\n\t\t\t<li id=\"menu-item-1300\" class=\"menu-item menu-item-type-post_type menu-item-object-page menu-item-1300\"><a href=\"https:\/\/fcfrp.usp.br\/en\/institucional\/administracao\/atac\/apoio-academico\/\">Academic Support Section<\/a><\/li>\n\t\t\t<li id=\"menu-item-1917\" class=\"menu-item menu-item-type-post_type menu-item-object-page menu-item-1917\"><a href=\"https:\/\/fcfrp.usp.br\/en\/institucional\/administracao\/atac\/apoio-pedagogico\/\">Pedagogical Support<\/a><\/li>\n\t\t<\/ul>\n<\/li>\n\t\t<li id=\"menu-item-1271\" class=\"menu-item menu-item-type-post_type menu-item-object-page menu-item-has-children menu-item-1271\"><a href=\"https:\/\/fcfrp.usp.br\/en\/institucional\/administracao\/assistencia-tecnica-administrativa\/\">Administrative Technical Assistance<\/a>\n\t\t<ul class=\"sub-menu\">\n\t\t\t<li id=\"menu-item-1354\" class=\"menu-item menu-item-type-post_type menu-item-object-page menu-item-1354\"><a href=\"https:\/\/fcfrp.usp.br\/en\/institucional\/administracao\/assistencia-tecnica-administrativa\/secao-informatica\/\">Computer Technical Section<\/a><\/li>\n\t\t\t<li id=\"menu-item-1355\" class=\"menu-item menu-item-type-post_type menu-item-object-page menu-item-1355\"><a href=\"https:\/\/fcfrp.usp.br\/en\/institucional\/administracao\/assistencia-tecnica-administrativa\/apoio-operacional\/\">Operational Support Service<\/a><\/li>\n\t\t\t<li id=\"menu-item-1358\" class=\"menu-item menu-item-type-post_type menu-item-object-page menu-item-1358\"><a href=\"https:\/\/fcfrp.usp.br\/en\/institucional\/administracao\/assistencia-tecnica-administrativa\/apoio-adm\/\">Administrative Support Section<\/a><\/li>\n\t\t<\/ul>\n<\/li>\n\t\t<li id=\"menu-item-1272\" class=\"menu-item menu-item-type-post_type menu-item-object-page menu-item-has-children menu-item-1272\"><a href=\"https:\/\/fcfrp.usp.br\/en\/institucional\/administracao\/assistencia-tecnica-financeira\/\">Financial Technical Assistance<\/a>\n\t\t<ul class=\"sub-menu\">\n\t\t\t<li id=\"menu-item-9878\" class=\"menu-item menu-item-type-post_type menu-item-object-page menu-item-9878\"><a href=\"https:\/\/fcfrp.usp.br\/en\/institucional\/administracao\/assistencia-tecnica-financeira\/contabilidade\/\">Technical Section of Accounting, Equity, Contracts and Agreements<\/a><\/li>\n\t\t\t<li id=\"menu-item-9882\" class=\"menu-item menu-item-type-post_type menu-item-object-page menu-item-9882\"><a href=\"https:\/\/fcfrp.usp.br\/en\/institucional\/administracao\/assistencia-tecnica-financeira\/materiais\/\">Materials and Treasury Service<\/a><\/li>\n\t\t<\/ul>\n<\/li>\n\t\t<li id=\"menu-item-1273\" class=\"menu-item menu-item-type-post_type menu-item-object-page menu-item-1273\"><a href=\"https:\/\/fcfrp.usp.br\/en\/institucional\/administracao\/secao-apoio-institucional\/\">Institutional Support Section<\/a><\/li>\n\t\t<li id=\"menu-item-1274\" class=\"menu-item menu-item-type-post_type menu-item-object-page menu-item-1274\"><a href=\"https:\/\/fcfrp.usp.br\/en\/institucional\/administracao\/secao-de-bioterio\/\">Vivarium Section<\/a><\/li>\n\t<\/ul>\n<\/li>\n\t<li id=\"menu-item-1359\" class=\"menu-item menu-item-type-post_type menu-item-object-page menu-item-1359\"><a href=\"https:\/\/fcfrp.usp.br\/en\/institucional\/cap\/\">Project Support Center<\/a><\/li>\n\t<li id=\"menu-item-1275\" class=\"menu-item menu-item-type-post_type menu-item-object-page menu-item-1275\"><a href=\"https:\/\/fcfrp.usp.br\/en\/institucional\/servicos\/\">Services<\/a><\/li>\n\t<li id=\"menu-item-2705\" class=\"menu-item menu-item-type-post_type menu-item-object-page menu-item-2705\"><a href=\"https:\/\/fcfrp.usp.br\/en\/institucional\/comissoes\/\">Commissions<\/a><\/li>\n\t<li id=\"menu-item-1276\" class=\"menu-item menu-item-type-post_type menu-item-object-page menu-item-1276\"><a href=\"https:\/\/fcfrp.usp.br\/en\/institucional\/concursos\/\">Public Tenders<\/a><\/li>\n\t<li id=\"menu-item-6213\" class=\"menu-item menu-item-type-custom menu-item-object-custom menu-item-6213\"><a href=\"https:\/\/fcfrp.usp.br\/en\/institucional\/administracao\/assistencia-tecnica-financeira\/prov-materiais\/\">Bidding<\/a><\/li>\n\t<li id=\"menu-item-1266\" class=\"menu-item menu-item-type-post_type menu-item-object-page current_page_parent menu-item-1266\"><a href=\"https:\/\/fcfrp.usp.br\/en\/institucional\/eventos-noticias\/\">Events \/ News<\/a><\/li>\n\t<li id=\"menu-item-1277\" class=\"menu-item menu-item-type-post_type menu-item-object-page menu-item-1277\"><a target=\"_blank\" href=\"https:\/\/fcfrp.usp.br\/wp-content\/uploads\/sites\/528\/2025\/03\/Lista-de-ramais-marco-2025.pdf\">Public Servants<\/a><\/li>\n\t<li id=\"menu-item-7210\" class=\"menu-item menu-item-type-post_type menu-item-object-page menu-item-7210\"><a href=\"https:\/\/fcfrp.usp.br\/en\/institucional\/identidade-visual\/\">Visual Identity<\/a><\/li>\n<\/ul>\n<\/li>\n<\/ul><\/div><\/div><\/div><\/div><\/div>","protected":false},"excerpt":{"rendered":"<p>Respons\u00e1vel pelo Apoio Acad\u00eamico David Fernando de Almeida Vieira Email: davidvieira@fcfrp.usp.br Tel: (16) 3315-4216 &nbsp; &nbsp; A Se\u00e7\u00e3o de Apoio Acad\u00eamico auxilia diretamente a Assist\u00eancia Acad\u00eamica nos concursos da carreira docente, nos processos de elei\u00e7\u00f5es acad\u00eamicas e na emiss\u00e3o de documentos relacionados \u00e0 \u00e1rea. Al\u00e9m disso, auxilia a Diretoria, os Departamentos, Colegiados e os corpos<a href=\"https:\/\/fcfrp.usp.br\/en\/institucional\/administracao\/atac\/apoio-academico\/\">[&#8230;]<\/a><\/p>\n","protected":false},"author":978,"featured_media":0,"parent":1008,"menu_order":2,"comment_status":"closed","ping_status":"closed","template":"template-fullwidth.php","meta":{"footnotes":"","_links_to":"","_links_to_target":""},"class_list":["post-1297","page","type-page","status-publish","hentry"],"_links":{"self":[{"href":"https:\/\/fcfrp.usp.br\/en\/wp-json\/wp\/v2\/pages\/1297","targetHints":{"allow":["GET"]}}],"collection":[{"href":"https:\/\/fcfrp.usp.br\/en\/wp-json\/wp\/v2\/pages"}],"about":[{"href":"https:\/\/fcfrp.usp.br\/en\/wp-json\/wp\/v2\/types\/page"}],"author":[{"embeddable":true,"href":"https:\/\/fcfrp.usp.br\/en\/wp-json\/wp\/v2\/users\/978"}],"replies":[{"embeddable":true,"href":"https:\/\/fcfrp.usp.br\/en\/wp-json\/wp\/v2\/comments?post=1297"}],"version-history":[{"count":4,"href":"https:\/\/fcfrp.usp.br\/en\/wp-json\/wp\/v2\/pages\/1297\/revisions"}],"predecessor-version":[{"id":9138,"href":"https:\/\/fcfrp.usp.br\/en\/wp-json\/wp\/v2\/pages\/1297\/revisions\/9138"}],"up":[{"embeddable":true,"href":"https:\/\/fcfrp.usp.br\/en\/wp-json\/wp\/v2\/pages\/1008"}],"wp:attachment":[{"href":"https:\/\/fcfrp.usp.br\/en\/wp-json\/wp\/v2\/media?parent=1297"}],"curies":[{"name":"wp","href":"https:\/\/api.w.org\/{rel}","templated":true}]}}