{"id":13235,"date":"2024-03-05T16:53:11","date_gmt":"2024-03-05T18:53:11","guid":{"rendered":"https:\/\/fcfrp.usp.br\/?page_id=13235"},"modified":"2026-03-19T11:18:53","modified_gmt":"2026-03-19T13:18:53","slug":"cip","status":"publish","type":"page","link":"https:\/\/fcfrp.usp.br\/en\/institucional\/comissoes\/cip\/","title":{"rendered":"Inclusion and Belonging Committee"},"content":{"rendered":"<div id=\"pl-13235\"  class=\"panel-layout\" ><div id=\"pg-13235-0\"  class=\"panel-grid panel-no-style\" ><div id=\"pgc-13235-0-0\"  class=\"panel-grid-cell\" ><div id=\"panel-13235-0-0-0\" class=\"so-panel widget widget_text panel-first-child panel-last-child\" data-index=\"0\" >\t\t\t<div class=\"textwidget\"><h4><strong>Presidente<\/strong><\/h4>\n<h3>Maria Cristina Nonato<a href=\"https:\/\/fcfrp.usp.br\/wp-content\/uploads\/sites\/528\/2020\/04\/cristinanonato.jpg\"><img loading=\"lazy\" decoding=\"async\" class=\"alignright wp-image-2762 size-full\" src=\"https:\/\/fcfrp.usp.br\/wp-content\/uploads\/sites\/528\/2020\/04\/cristinanonato.jpg\" alt=\"\" width=\"100\" height=\"128\" \/><\/a><\/h3>\n<p>E-mail: cristy@fcfrp.usp.br<br \/>\nTel.: (16) 3315-9111<\/p>\n<p>&nbsp;<\/p>\n<h4><strong>Vice-Presidente<\/strong><\/h4>\n<h3>Ana Patr\u00edcia Yatsuda Natsui<a href=\"https:\/\/fcfrp.usp.br\/wp-content\/uploads\/sites\/528\/2020\/07\/apatricia.jpg\"><img loading=\"lazy\" decoding=\"async\" class=\"alignright wp-image-6421 size-full\" src=\"https:\/\/fcfrp.usp.br\/wp-content\/uploads\/sites\/528\/2020\/07\/apatricia.jpg\" alt=\"\" width=\"100\" height=\"128\" \/><\/a><\/h3>\n<p>E-mail: ayatsuda@fcfrp.usp.br<br \/>\nTel.: (16) 3315-4728<\/p>\n<p>&nbsp;<\/p>\n<h4><strong>Secret\u00e1rio<\/strong><\/h4>\n<h3>Lucas de Paula Machado<a href=\"https:\/\/fcfrp.usp.br\/wp-content\/uploads\/sites\/528\/2020\/04\/anonimo.jpg\"><img loading=\"lazy\" decoding=\"async\" class=\"wp-image-1898 size-full alignright\" src=\"https:\/\/fcfrp.usp.br\/wp-content\/uploads\/sites\/528\/2020\/04\/anonimo.jpg\" alt=\"\" width=\"100\" height=\"128\" \/><\/a><\/h3>\n<p>E-mail: cip@fcfrp.usp.br<br \/>\nTel.: (16) 3315-8558<\/p>\n<p>&nbsp;<\/p>\n<p>&nbsp;<\/p>\n<div style=\"text-align: justify; text-indent: 30pt;\">A CIP (Comiss\u00e3o de Inclus\u00e3o e Pertencimento) \u00e9 vinculada diretamente \u00e0 Pr\u00f3-Reitoria de Inclus\u00e3o e Pertencimento.<\/div>\n<p>&nbsp;<\/p>\n<p>&nbsp;<\/p>\n<h4><strong>Membros<\/strong><\/h4>\n<div>\n<table style=\"font-weight: 400;\">\n<tbody>\n<tr>\n<td width=\"291\"><strong>Titulares<\/strong><\/td>\n<td width=\"265\"><strong>Mandato<\/strong><\/td>\n<\/tr>\n<tr>\n<td width=\"291\">V\u00e2nia dos Santos<\/td>\n<td width=\"265\">05\/04\/2023 a 04\/04\/2026<\/td>\n<\/tr>\n<tr>\n<td width=\"291\">Simone de P\u00e1dua Teixeira<\/td>\n<td width=\"265\">27\/04\/2024 a 26\/04\/2027<\/td>\n<\/tr>\n<tr>\n<td width=\"291\">Carolina Patr\u00edcia A. Garbellini<\/td>\n<td width=\"265\">05-04-2025 a 04-04-2028<\/td>\n<\/tr>\n<tr>\n<td width=\"291\">Ludmilla Tonani Carvalho<\/td>\n<td width=\"265\">04\/04\/2025 a 03\/04\/2026<\/td>\n<\/tr>\n<tr>\n<td width=\"291\">Diogo Fernandes Boerin<\/td>\n<td width=\"265\">09\/04\/2025 a 08\/04\/2026<\/td>\n<\/tr>\n<\/tbody>\n<\/table>\n<\/div>\n<div><\/div>\n<div>\n<table style=\"font-weight: 400;\">\n<tbody>\n<tr>\n<td width=\"291\"><strong>Suplentes<\/strong><\/td>\n<td width=\"265\"><strong>Mandato<\/strong><\/td>\n<\/tr>\n<tr>\n<td width=\"291\">Nadia Monesi<\/td>\n<td width=\"265\">05\/04\/2023 a 04\/04\/2026<\/td>\n<\/tr>\n<tr>\n<td width=\"291\">Wanderley Pereira de Oliveira<\/td>\n<td width=\"265\">27\/04\/2024 a 26\/04\/2027<\/td>\n<\/tr>\n<tr>\n<td width=\"291\">Alessandra Vincenzi Jager<\/td>\n<td width=\"265\">05-04-2025 a 04-04-2028<\/td>\n<\/tr>\n<tr>\n<td width=\"291\">Maria Aparecida de Almeida Consuli Segato<\/td>\n<td width=\"265\">04\/04\/2025 a 03\/04\/2026<\/td>\n<\/tr>\n<tr>\n<td width=\"291\">Anna Lara Rocha Peres<\/td>\n<td width=\"265\">09\/04\/2025 a 08\/04\/2026<\/td>\n<\/tr>\n<\/tbody>\n<\/table>\n<\/div>\n<p>&nbsp;<\/p>\n<h4><strong>Calend\u00e1rio de Reuni\u00f5es no 1\u00ba Semestre de 2026<\/strong><\/h4>\n<div>07\/04\/2026<\/div>\n<div>12\/05\/2026<\/div>\n<div>09\/06\/2026<\/div>\n<p>&nbsp;<\/p>\n<h4><strong>Contato<\/strong><\/h4>\n<div style=\"text-align: justify;\">E-mail: <a href=\"mailto:cip@fcfrp.usp.br\">cip@fcfrp.usp.br<\/a><\/div>\n<p>&nbsp;<\/p>\n<h4><a href=\"https:\/\/fcfrp.usp.br\/wp-content\/uploads\/sites\/528\/2025\/09\/REGIMENTO-DA-COMISSAO-DE-INCLUSAO-E-PERTENCIMENTO.pdf\">Regimento Interno<\/a><\/h4>\n<p>&nbsp;<\/p>\n<div><\/div>\n<\/div>\n\t\t<\/div><\/div><div id=\"pgc-13235-0-1\"  class=\"panel-grid-cell\" ><div id=\"panel-13235-0-1-0\" class=\"so-panel widget widget_nav_menu panel-first-child panel-last-child\" data-index=\"1\" ><div class=\"menu-menu-instcomissoes-container\"><ul id=\"menu-menu-instcomissoes\" class=\"menu\"><li id=\"menu-item-2692\" class=\"menu-item menu-item-type-post_type menu-item-object-page menu-item-has-children menu-item-2692\"><a href=\"https:\/\/fcfrp.usp.br\/en\/institucional\/\">Institutional<\/a>\n<ul class=\"sub-menu\">\n\t<li id=\"menu-item-2694\" class=\"menu-item menu-item-type-post_type menu-item-object-page menu-item-2694\"><a href=\"https:\/\/fcfrp.usp.br\/en\/institucional\/diretoria\/\">Direction<\/a><\/li>\n\t<li id=\"menu-item-2695\" class=\"menu-item menu-item-type-post_type menu-item-object-page menu-item-2695\"><a href=\"https:\/\/fcfrp.usp.br\/en\/institucional\/departamentos\/\">Departments<\/a><\/li>\n\t<li id=\"menu-item-2696\" class=\"menu-item menu-item-type-post_type menu-item-object-page menu-item-2696\"><a href=\"https:\/\/fcfrp.usp.br\/en\/institucional\/administracao\/\">Administrative Sections<\/a><\/li>\n\t<li id=\"menu-item-10509\" class=\"menu-item menu-item-type-post_type menu-item-object-page menu-item-10509\"><a href=\"https:\/\/fcfrp.usp.br\/en\/institucional\/cap\/\">Project Support Center<\/a><\/li>\n\t<li id=\"menu-item-2689\" class=\"menu-item menu-item-type-post_type menu-item-object-page menu-item-2689\"><a href=\"https:\/\/fcfrp.usp.br\/en\/institucional\/servicos\/\">Services<\/a><\/li>\n\t<li id=\"menu-item-2718\" class=\"menu-item menu-item-type-post_type menu-item-object-page menu-item-has-children menu-item-2718\"><a href=\"https:\/\/fcfrp.usp.br\/en\/institucional\/comissoes\/\">Commissions<\/a>\n\t<ul class=\"sub-menu\">\n\t\t<li id=\"menu-item-10441\" class=\"menu-item menu-item-type-post_type menu-item-object-page menu-item-10441\"><a href=\"https:\/\/fcfrp.usp.br\/en\/institucional\/comissoes\/comissao-covid\/\">Covid-19 Monitoring Advisory Committee<\/a><\/li>\n\t\t<li id=\"menu-item-10381\" class=\"menu-item menu-item-type-post_type menu-item-object-page menu-item-10381\"><a href=\"https:\/\/fcfrp.usp.br\/en\/institucional\/comissoes\/comissao-infra-pesquisa\/\">Research Infrastructure Advisory Committee<\/a><\/li>\n\t\t<li id=\"menu-item-2895\" class=\"menu-item menu-item-type-post_type menu-item-object-page menu-item-2895\"><a href=\"https:\/\/fcfrp.usp.br\/en\/institucional\/comissoes\/comissao-bioterio\/\">Vivarium<\/a><\/li>\n\t\t<li id=\"menu-item-3078\" class=\"menu-item menu-item-type-post_type menu-item-object-page menu-item-3078\"><a href=\"https:\/\/fcfrp.usp.br\/en\/institucional\/comissoes\/comissao-boas-praticas\/\">Good Scientific Practice<\/a><\/li>\n\t\t<li id=\"menu-item-3008\" class=\"menu-item menu-item-type-post_type menu-item-object-page menu-item-3008\"><a href=\"https:\/\/fcfrp.usp.br\/en\/institucional\/comissoes\/brigada\/\">Fire Brigade<\/a><\/li>\n\t\t<li id=\"menu-item-2872\" class=\"menu-item menu-item-type-post_type menu-item-object-page menu-item-2872\"><a href=\"https:\/\/fcfrp.usp.br\/en\/institucional\/comissoes\/comissao-biosseguranca\/\">Biosafety &#8211; IBioC<\/a><\/li>\n\t\t<li id=\"menu-item-13238\" class=\"menu-item menu-item-type-post_type menu-item-object-page menu-item-13238\"><a href=\"https:\/\/fcfrp.usp.br\/en\/institucional\/comissoes\/cip\/\">Inclusion and Belonging Committee<\/a><\/li>\n\t\t<li id=\"menu-item-2846\" class=\"menu-item menu-item-type-post_type menu-item-object-page menu-item-2846\"><a href=\"https:\/\/fcfrp.usp.br\/en\/institucional\/comissoes\/cipa\/\">ICAP<\/a><\/li>\n\t\t<li id=\"menu-item-3071\" class=\"menu-item menu-item-type-post_type menu-item-object-page menu-item-3071\"><a href=\"https:\/\/fcfrp.usp.br\/en\/institucional\/comissoes\/comite-gestor-liarec\/\">Senior Management Committee of the Liarec<\/a><\/li>\n\t\t<li id=\"menu-item-10440\" class=\"menu-item menu-item-type-post_type menu-item-object-page menu-item-10440\"><a href=\"https:\/\/fcfrp.usp.br\/en\/institucional\/comissoes\/comissao-projeto-academico\/\">Academic Project Coordinating Committee<\/a><\/li>\n\t\t<li id=\"menu-item-2780\" class=\"menu-item menu-item-type-post_type menu-item-object-page menu-item-2780\"><a href=\"https:\/\/fcfrp.usp.br\/en\/pesquisa-extensao\/extensao\/\">Culture and Extension<\/a><\/li>\n\t\t<li id=\"menu-item-5136\" class=\"menu-item menu-item-type-post_type menu-item-object-page menu-item-5136\"><a href=\"https:\/\/fcfrp.usp.br\/en\/institucional\/comissoes\/comissao-difusao\/\">Disclosure<\/a><\/li>\n\t\t<li id=\"menu-item-2943\" class=\"menu-item menu-item-type-post_type menu-item-object-page menu-item-2943\"><a href=\"https:\/\/fcfrp.usp.br\/en\/institucional\/comissoes\/comite-etica-pesquisa\/\">Research Ethics<\/a><\/li>\n\t\t<li id=\"menu-item-2799\" class=\"menu-item menu-item-type-post_type menu-item-object-page menu-item-2799\"><a href=\"https:\/\/fcfrp.usp.br\/en\/institucional\/comissoes\/comissao-ceua\/\">Animal Use Ethics<\/a><\/li>\n\t\t<li id=\"menu-item-2919\" class=\"menu-item menu-item-type-post_type menu-item-object-page menu-item-2919\"><a href=\"https:\/\/fcfrp.usp.br\/en\/institucional\/comissoes\/comissao-residuos-quimicos\/\">Chemical Waste Management<\/a><\/li>\n\t\t<li id=\"menu-item-2728\" class=\"menu-item menu-item-type-post_type menu-item-object-page menu-item-2728\"><a href=\"https:\/\/fcfrp.usp.br\/en\/institucional\/comissoes\/comissao-residuos-saude\/\">Health Services Waste Management<\/a><\/li>\n\t\t<li id=\"menu-item-2785\" class=\"menu-item menu-item-type-post_type menu-item-object-page menu-item-2785\"><a href=\"https:\/\/fcfrp.usp.br\/en\/ensino\/graduacao\/comissao-graduacao\/\">Undergraduate<\/a><\/li>\n\t\t<li id=\"menu-item-2779\" class=\"menu-item menu-item-type-post_type menu-item-object-page menu-item-2779\"><a href=\"https:\/\/fcfrp.usp.br\/en\/pesquisa-extensao\/pesquisa\/\">Research<\/a><\/li>\n\t\t<li id=\"menu-item-2906\" class=\"menu-item menu-item-type-post_type menu-item-object-page menu-item-2906\"><a href=\"https:\/\/fcfrp.usp.br\/en\/ensino\/pos-graduacao\/comissao-pos-graduacao\/\">Graduate<\/a><\/li>\n\t\t<li id=\"menu-item-6132\" class=\"menu-item menu-item-type-post_type menu-item-object-page menu-item-6132\"><a href=\"https:\/\/fcfrp.usp.br\/en\/institucional\/comissoes\/comissoes-pae\/\">Teaching Improvement Program<\/a><\/li>\n\t\t<li id=\"menu-item-2781\" class=\"menu-item menu-item-type-post_type menu-item-object-page menu-item-has-children menu-item-2781\"><a href=\"https:\/\/fcfrp.usp.br\/en\/institucional\/comissoes\/relacoes-internacionais\/\">International Relations<\/a>\n\t\t<ul class=\"sub-menu\">\n\t\t\t<li id=\"menu-item-5938\" class=\"menu-item menu-item-type-post_type menu-item-object-page menu-item-5938\"><a href=\"https:\/\/fcfrp.usp.br\/en\/institucional\/comissoes\/relacoes-internacionais\/convenios-relacoes-internacionais\/\">Covenants and Information<\/a><\/li>\n\t\t<\/ul>\n<\/li>\n\t\t<li id=\"menu-item-3084\" class=\"menu-item menu-item-type-post_type menu-item-object-page menu-item-3084\"><a href=\"https:\/\/fcfrp.usp.br\/en\/institucional\/comissoes\/comissao-seguranca-laboratorios\/\">Laboratory Safety<\/a><\/li>\n\t\t<li id=\"menu-item-2795\" class=\"menu-item menu-item-type-post_type menu-item-object-page menu-item-2795\"><a href=\"https:\/\/fcfrp.usp.br\/en\/institucional\/comissoes\/comissao-sausp\/\">SAUSP Setorial<\/a><\/li>\n\t\t<li id=\"menu-item-2717\" class=\"menu-item menu-item-type-post_type menu-item-object-page menu-item-2717\"><a href=\"https:\/\/fcfrp.usp.br\/en\/institucional\/comissoes\/comissao-treinamento\/\">Training and Development of Non-Teaching Servers<\/a><\/li>\n\t\t<li id=\"menu-item-2852\" class=\"menu-item menu-item-type-post_type menu-item-object-page menu-item-2852\"><a href=\"https:\/\/fcfrp.usp.br\/en\/institucional\/comissoes\/comissao-usp-recicla\/\">USP Recicla<\/a><\/li>\n\t\t<li id=\"menu-item-3060\" class=\"menu-item menu-item-type-post_type menu-item-object-page menu-item-3060\"><a href=\"https:\/\/fcfrp.usp.br\/en\/institucional\/comissoes\/comissao-usuarios-liarec\/\">Users of the Liarec<\/a><\/li>\n\t<\/ul>\n<\/li>\n\t<li id=\"menu-item-2690\" class=\"menu-item menu-item-type-post_type menu-item-object-page menu-item-2690\"><a href=\"https:\/\/fcfrp.usp.br\/en\/institucional\/concursos\/\">Public Tenders<\/a><\/li>\n\t<li id=\"menu-item-6217\" class=\"menu-item menu-item-type-custom menu-item-object-custom menu-item-6217\"><a href=\"https:\/\/fcfrp.usp.br\/en\/institucional\/administracao\/assistencia-tecnica-financeira\/prov-materiais\/\">Bidding<\/a><\/li>\n\t<li id=\"menu-item-2693\" class=\"menu-item menu-item-type-post_type menu-item-object-page current_page_parent menu-item-2693\"><a href=\"https:\/\/fcfrp.usp.br\/en\/institucional\/eventos-noticias\/\">Events \/ News<\/a><\/li>\n\t<li id=\"menu-item-2691\" class=\"menu-item menu-item-type-post_type menu-item-object-page menu-item-2691\"><a target=\"_blank\" href=\"https:\/\/fcfrp.usp.br\/wp-content\/uploads\/sites\/528\/2025\/03\/Lista-de-ramais-marco-2025.pdf\">Public Servants<\/a><\/li>\n\t<li id=\"menu-item-7209\" class=\"menu-item menu-item-type-post_type menu-item-object-page menu-item-7209\"><a href=\"https:\/\/fcfrp.usp.br\/en\/institucional\/identidade-visual\/\">Visual Identity<\/a><\/li>\n<\/ul>\n<\/li>\n<\/ul><\/div><\/div><\/div><\/div><\/div>","protected":false},"excerpt":{"rendered":"<p>Presidente Maria Cristina Nonato E-mail: cristy@fcfrp.usp.br Tel.: (16) 3315-9111 &nbsp; Vice-Presidente Ana Patr\u00edcia Yatsuda Natsui E-mail: ayatsuda@fcfrp.usp.br Tel.: (16) 3315-4728 &nbsp; Secret\u00e1rio Lucas de Paula Machado E-mail: cip@fcfrp.usp.br Tel.: (16) 3315-8558 &nbsp; &nbsp; A CIP (Comiss\u00e3o de Inclus\u00e3o e Pertencimento) \u00e9 vinculada diretamente \u00e0 Pr\u00f3-Reitoria de Inclus\u00e3o e Pertencimento. &nbsp; &nbsp; Membros Titulares Mandato V\u00e2nia<a href=\"https:\/\/fcfrp.usp.br\/en\/institucional\/comissoes\/cip\/\">[&#8230;]<\/a><\/p>\n","protected":false},"author":978,"featured_media":0,"parent":2697,"menu_order":4,"comment_status":"closed","ping_status":"closed","template":"template-fullwidth.php","meta":{"footnotes":"","_links_to":"","_links_to_target":""},"class_list":["post-13235","page","type-page","status-publish","hentry"],"_links":{"self":[{"href":"https:\/\/fcfrp.usp.br\/en\/wp-json\/wp\/v2\/pages\/13235","targetHints":{"allow":["GET"]}}],"collection":[{"href":"https:\/\/fcfrp.usp.br\/en\/wp-json\/wp\/v2\/pages"}],"about":[{"href":"https:\/\/fcfrp.usp.br\/en\/wp-json\/wp\/v2\/types\/page"}],"author":[{"embeddable":true,"href":"https:\/\/fcfrp.usp.br\/en\/wp-json\/wp\/v2\/users\/978"}],"replies":[{"embeddable":true,"href":"https:\/\/fcfrp.usp.br\/en\/wp-json\/wp\/v2\/comments?post=13235"}],"version-history":[{"count":4,"href":"https:\/\/fcfrp.usp.br\/en\/wp-json\/wp\/v2\/pages\/13235\/revisions"}],"predecessor-version":[{"id":16460,"href":"https:\/\/fcfrp.usp.br\/en\/wp-json\/wp\/v2\/pages\/13235\/revisions\/16460"}],"up":[{"embeddable":true,"href":"https:\/\/fcfrp.usp.br\/en\/wp-json\/wp\/v2\/pages\/2697"}],"wp:attachment":[{"href":"https:\/\/fcfrp.usp.br\/en\/wp-json\/wp\/v2\/media?parent=13235"}],"curies":[{"name":"wp","href":"https:\/\/api.w.org\/{rel}","templated":true}]}}