{"id":1914,"date":"2020-04-18T09:27:27","date_gmt":"2020-04-18T11:27:27","guid":{"rendered":"https:\/\/sites.usp.br\/fcfrp\/?page_id=1914"},"modified":"2024-12-04T14:37:06","modified_gmt":"2024-12-04T16:37:06","slug":"apoio-pedagogico","status":"publish","type":"page","link":"https:\/\/fcfrp.usp.br\/en\/institucional\/administracao\/atac\/apoio-pedagogico\/","title":{"rendered":"Pedagogical Support"},"content":{"rendered":"<div id=\"pl-1914\"  class=\"panel-layout\" ><div id=\"pg-1914-0\"  class=\"panel-grid panel-no-style\" ><div id=\"pgc-1914-0-0\"  class=\"panel-grid-cell\" ><div id=\"panel-1914-0-0-0\" class=\"so-panel widget widget_text panel-first-child panel-last-child\" data-index=\"0\" >\t\t\t<div class=\"textwidget\"><h4><strong>Educadora<\/strong><\/h4>\n<h3>M\u00e1rcia Mendes Ru\u00edz Cantano<a href=\"https:\/\/sites.usp.br\/fcfrp\/wp-content\/uploads\/sites\/528\/2020\/04\/marcia.jpg\"><img loading=\"lazy\" decoding=\"async\" class=\"wp-image-1926 size-full alignright\" src=\"https:\/\/sites.usp.br\/fcfrp\/wp-content\/uploads\/sites\/528\/2020\/04\/marcia.jpg\" alt=\"\" width=\"100\" height=\"128\" \/><\/a><\/h3>\n<p>Email: marcia@fcfrp.usp.br<br \/>\nTel: (16) 3315-0267<\/p>\n<p>&nbsp;<\/p>\n<div style=\"text-align: justify;\">Ao Apoio Pedag\u00f3gico da FCFRP compete:<br \/>\n1. Oferecer apoio pedag\u00f3gico, acolhimento prim\u00e1rio e orienta\u00e7\u00e3o educacional aos alunos da Unidade.<br \/>\n2. Contribuir na elabora\u00e7\u00e3o e posterior altera\u00e7\u00f5es do Projeto Pedag\u00f3gico, bem como, assessorar a Comiss\u00e3o de Avalia\u00e7\u00e3o Continuada no desenvolvimento dos instrumentos de avalia\u00e7\u00e3o, elaborar relat\u00f3rios, bem como, colaborar no aprimoramento dos docentes quanto \u00e0s novas pr\u00e1ticas de metodologias de ensino;<br \/>\n3. Elaborar relat\u00f3rios sobre assuntos relativos \u00e0 Gradua\u00e7\u00e3o, no \u00e2mbito de sua compet\u00eancia, quando solicitado pela CG;<br \/>\n4. Elaborar planos de estudo, em colabora\u00e7\u00e3o com a CG, dos alunos em adapta\u00e7\u00e3o curricular;<br \/>\n5. Opinar sobre a Estrutura Curricular sempre que solicitado;<br \/>\n6. Elaborar e desenvolver cursos e treinamentos na sua \u00e1rea de atua\u00e7\u00e3o tais como prepara\u00e7\u00e3o pedag\u00f3gica;<br \/>\n7. Fornecer suporte para os programas de est\u00e1gio da Unidade, como est\u00e1gios curriculares e Est\u00e1gio Supervisionado em Doc\u00eancia<br \/>\n8. Auxiliar no Programa de Tutoria e projeto de implanta\u00e7\u00e3o de estrutura curricular do Curso de Farm\u00e1cia;<br \/>\n9. Contribuir para a constru\u00e7\u00e3o e revis\u00e3o de projetos pedag\u00f3gicos dos cursos oferecidos pela Unidade;<br \/>\n10. Planejar e orientar a produ\u00e7\u00e3o de materiais did\u00e1ticos;<br \/>\n11. Outras atividades designadas pela Diretoria da Unidade.<\/div>\n<p>&nbsp;<\/p>\n<p>&nbsp;<\/p>\n<h4><strong>Hor\u00e1rio de Atendimento<\/strong><\/h4>\n<div style=\"text-align: justify;\">Segunda a Sexta-feira: das 8:00 \u00e0s 17:00 h<\/div>\n<p>&nbsp;<\/p>\n<p>&nbsp;<\/p>\n<h4><strong>Localiza\u00e7\u00e3o<\/strong><\/h4>\n<div style=\"text-align: justify;\">Sala 119 do Bloco H da Faculdade de Ci\u00eancias Farmac\u00eauticas de Ribeir\u00e3o Preto &#8211; USP<\/div>\n<\/div>\n\t\t<\/div><\/div><div id=\"pgc-1914-0-1\"  class=\"panel-grid-cell\" ><div id=\"panel-1914-0-1-0\" class=\"so-panel widget widget_nav_menu panel-first-child panel-last-child\" data-index=\"1\" ><div class=\"menu-menu-instiadmin-container\"><ul id=\"menu-menu-instiadmin\" class=\"menu\"><li id=\"menu-item-1265\" class=\"menu-item menu-item-type-post_type menu-item-object-page menu-item-has-children menu-item-1265\"><a href=\"https:\/\/fcfrp.usp.br\/en\/institucional\/\">Institutional<\/a>\n<ul class=\"sub-menu\">\n\t<li id=\"menu-item-1267\" class=\"menu-item menu-item-type-post_type menu-item-object-page menu-item-1267\"><a href=\"https:\/\/fcfrp.usp.br\/en\/institucional\/diretoria\/\">Direction<\/a><\/li>\n\t<li id=\"menu-item-1268\" class=\"menu-item menu-item-type-post_type menu-item-object-page menu-item-1268\"><a href=\"https:\/\/fcfrp.usp.br\/en\/institucional\/departamentos\/\">Departments<\/a><\/li>\n\t<li id=\"menu-item-1269\" class=\"menu-item menu-item-type-post_type menu-item-object-page menu-item-has-children menu-item-1269\"><a href=\"https:\/\/fcfrp.usp.br\/en\/institucional\/administracao\/\">Administrative Sections<\/a>\n\t<ul class=\"sub-menu\">\n\t\t<li id=\"menu-item-1270\" class=\"menu-item menu-item-type-post_type menu-item-object-page menu-item-has-children menu-item-1270\"><a href=\"https:\/\/fcfrp.usp.br\/en\/institucional\/administracao\/atac\/\">Academic Technical Assistance<\/a>\n\t\t<ul class=\"sub-menu\">\n\t\t\t<li id=\"menu-item-2179\" class=\"menu-item menu-item-type-post_type menu-item-object-page menu-item-2179\"><a href=\"https:\/\/fcfrp.usp.br\/en\/institucional\/administracao\/atac\/secao-graduacao\/\">Undergraduate Service<\/a><\/li>\n\t\t\t<li id=\"menu-item-2178\" class=\"menu-item menu-item-type-post_type menu-item-object-page menu-item-2178\"><a href=\"https:\/\/fcfrp.usp.br\/en\/institucional\/administracao\/atac\/secao-posgraduacao\/\">Graduate Service<\/a><\/li>\n\t\t\t<li id=\"menu-item-1300\" class=\"menu-item menu-item-type-post_type menu-item-object-page menu-item-1300\"><a href=\"https:\/\/fcfrp.usp.br\/en\/institucional\/administracao\/atac\/apoio-academico\/\">Academic Support Section<\/a><\/li>\n\t\t\t<li id=\"menu-item-1917\" class=\"menu-item menu-item-type-post_type menu-item-object-page menu-item-1917\"><a href=\"https:\/\/fcfrp.usp.br\/en\/institucional\/administracao\/atac\/apoio-pedagogico\/\">Pedagogical Support<\/a><\/li>\n\t\t<\/ul>\n<\/li>\n\t\t<li id=\"menu-item-1271\" class=\"menu-item menu-item-type-post_type menu-item-object-page menu-item-has-children menu-item-1271\"><a href=\"https:\/\/fcfrp.usp.br\/en\/institucional\/administracao\/assistencia-tecnica-administrativa\/\">Administrative Technical Assistance<\/a>\n\t\t<ul class=\"sub-menu\">\n\t\t\t<li id=\"menu-item-1354\" class=\"menu-item menu-item-type-post_type menu-item-object-page menu-item-1354\"><a href=\"https:\/\/fcfrp.usp.br\/en\/institucional\/administracao\/assistencia-tecnica-administrativa\/secao-informatica\/\">Computer Technical Section<\/a><\/li>\n\t\t\t<li id=\"menu-item-1355\" class=\"menu-item menu-item-type-post_type menu-item-object-page menu-item-1355\"><a href=\"https:\/\/fcfrp.usp.br\/en\/institucional\/administracao\/assistencia-tecnica-administrativa\/apoio-operacional\/\">Operational Support Service<\/a><\/li>\n\t\t\t<li id=\"menu-item-1358\" class=\"menu-item menu-item-type-post_type menu-item-object-page menu-item-1358\"><a href=\"https:\/\/fcfrp.usp.br\/en\/institucional\/administracao\/assistencia-tecnica-administrativa\/apoio-adm\/\">Administrative Support Section<\/a><\/li>\n\t\t<\/ul>\n<\/li>\n\t\t<li id=\"menu-item-1272\" class=\"menu-item menu-item-type-post_type menu-item-object-page menu-item-has-children menu-item-1272\"><a href=\"https:\/\/fcfrp.usp.br\/en\/institucional\/administracao\/assistencia-tecnica-financeira\/\">Financial Technical Assistance<\/a>\n\t\t<ul class=\"sub-menu\">\n\t\t\t<li id=\"menu-item-9878\" class=\"menu-item menu-item-type-post_type menu-item-object-page menu-item-9878\"><a href=\"https:\/\/fcfrp.usp.br\/en\/institucional\/administracao\/assistencia-tecnica-financeira\/contabilidade\/\">Technical Section of Accounting, Equity, Contracts and Agreements<\/a><\/li>\n\t\t\t<li id=\"menu-item-9882\" class=\"menu-item menu-item-type-post_type menu-item-object-page menu-item-9882\"><a href=\"https:\/\/fcfrp.usp.br\/en\/institucional\/administracao\/assistencia-tecnica-financeira\/materiais\/\">Materials and Treasury Service<\/a><\/li>\n\t\t<\/ul>\n<\/li>\n\t\t<li id=\"menu-item-1273\" class=\"menu-item menu-item-type-post_type menu-item-object-page menu-item-1273\"><a href=\"https:\/\/fcfrp.usp.br\/en\/institucional\/administracao\/secao-apoio-institucional\/\">Institutional Support Section<\/a><\/li>\n\t\t<li id=\"menu-item-1274\" class=\"menu-item menu-item-type-post_type menu-item-object-page menu-item-1274\"><a href=\"https:\/\/fcfrp.usp.br\/en\/institucional\/administracao\/secao-de-bioterio\/\">Vivarium Section<\/a><\/li>\n\t<\/ul>\n<\/li>\n\t<li id=\"menu-item-1359\" class=\"menu-item menu-item-type-post_type menu-item-object-page menu-item-1359\"><a href=\"https:\/\/fcfrp.usp.br\/en\/institucional\/cap\/\">Project Support Center<\/a><\/li>\n\t<li id=\"menu-item-1275\" class=\"menu-item menu-item-type-post_type menu-item-object-page menu-item-1275\"><a href=\"https:\/\/fcfrp.usp.br\/en\/institucional\/servicos\/\">Services<\/a><\/li>\n\t<li id=\"menu-item-2705\" class=\"menu-item menu-item-type-post_type menu-item-object-page menu-item-2705\"><a href=\"https:\/\/fcfrp.usp.br\/en\/institucional\/comissoes\/\">Commissions<\/a><\/li>\n\t<li id=\"menu-item-1276\" class=\"menu-item menu-item-type-post_type menu-item-object-page menu-item-1276\"><a href=\"https:\/\/fcfrp.usp.br\/en\/institucional\/concursos\/\">Public Tenders<\/a><\/li>\n\t<li id=\"menu-item-6213\" class=\"menu-item menu-item-type-custom menu-item-object-custom menu-item-6213\"><a href=\"https:\/\/fcfrp.usp.br\/en\/institucional\/administracao\/assistencia-tecnica-financeira\/prov-materiais\/\">Bidding<\/a><\/li>\n\t<li id=\"menu-item-1266\" class=\"menu-item menu-item-type-post_type menu-item-object-page current_page_parent menu-item-1266\"><a href=\"https:\/\/fcfrp.usp.br\/en\/institucional\/eventos-noticias\/\">Events \/ News<\/a><\/li>\n\t<li id=\"menu-item-1277\" class=\"menu-item menu-item-type-post_type menu-item-object-page menu-item-1277\"><a target=\"_blank\" href=\"https:\/\/fcfrp.usp.br\/wp-content\/uploads\/sites\/528\/2025\/03\/Lista-de-ramais-marco-2025.pdf\">Public Servants<\/a><\/li>\n\t<li id=\"menu-item-7210\" class=\"menu-item menu-item-type-post_type menu-item-object-page menu-item-7210\"><a href=\"https:\/\/fcfrp.usp.br\/en\/institucional\/identidade-visual\/\">Visual Identity<\/a><\/li>\n<\/ul>\n<\/li>\n<\/ul><\/div><\/div><\/div><\/div><\/div>","protected":false},"excerpt":{"rendered":"<p>Educadora M\u00e1rcia Mendes Ru\u00edz Cantano Email: marcia@fcfrp.usp.br Tel: (16) 3315-0267 &nbsp; Ao Apoio Pedag\u00f3gico da FCFRP compete: 1. Oferecer apoio pedag\u00f3gico, acolhimento prim\u00e1rio e orienta\u00e7\u00e3o educacional aos alunos da Unidade. 2. Contribuir na elabora\u00e7\u00e3o e posterior altera\u00e7\u00f5es do Projeto Pedag\u00f3gico, bem como, assessorar a Comiss\u00e3o de Avalia\u00e7\u00e3o Continuada no desenvolvimento dos instrumentos de avalia\u00e7\u00e3o, elaborar<a href=\"https:\/\/fcfrp.usp.br\/en\/institucional\/administracao\/atac\/apoio-pedagogico\/\">[&#8230;]<\/a><\/p>\n","protected":false},"author":978,"featured_media":0,"parent":1008,"menu_order":3,"comment_status":"closed","ping_status":"closed","template":"template-fullwidth.php","meta":{"footnotes":"","_links_to":"","_links_to_target":""},"class_list":["post-1914","page","type-page","status-publish","hentry"],"_links":{"self":[{"href":"https:\/\/fcfrp.usp.br\/en\/wp-json\/wp\/v2\/pages\/1914","targetHints":{"allow":["GET"]}}],"collection":[{"href":"https:\/\/fcfrp.usp.br\/en\/wp-json\/wp\/v2\/pages"}],"about":[{"href":"https:\/\/fcfrp.usp.br\/en\/wp-json\/wp\/v2\/types\/page"}],"author":[{"embeddable":true,"href":"https:\/\/fcfrp.usp.br\/en\/wp-json\/wp\/v2\/users\/978"}],"replies":[{"embeddable":true,"href":"https:\/\/fcfrp.usp.br\/en\/wp-json\/wp\/v2\/comments?post=1914"}],"version-history":[{"count":4,"href":"https:\/\/fcfrp.usp.br\/en\/wp-json\/wp\/v2\/pages\/1914\/revisions"}],"predecessor-version":[{"id":14573,"href":"https:\/\/fcfrp.usp.br\/en\/wp-json\/wp\/v2\/pages\/1914\/revisions\/14573"}],"up":[{"embeddable":true,"href":"https:\/\/fcfrp.usp.br\/en\/wp-json\/wp\/v2\/pages\/1008"}],"wp:attachment":[{"href":"https:\/\/fcfrp.usp.br\/en\/wp-json\/wp\/v2\/media?parent=1914"}],"curies":[{"name":"wp","href":"https:\/\/api.w.org\/{rel}","templated":true}]}}