{"id":2857,"date":"2020-04-27T08:55:55","date_gmt":"2020-04-27T10:55:55","guid":{"rendered":"https:\/\/sites.usp.br\/fcfrp\/?page_id=2857"},"modified":"2026-03-03T14:37:11","modified_gmt":"2026-03-03T16:37:11","slug":"comissao-biosseguranca","status":"publish","type":"page","link":"https:\/\/fcfrp.usp.br\/en\/institucional\/comissoes\/comissao-biosseguranca\/","title":{"rendered":"Internal Biosafety Commission"},"content":{"rendered":"<div id=\"pl-2857\"  class=\"panel-layout\" ><div id=\"pg-2857-0\"  class=\"panel-grid panel-no-style\" ><div id=\"pgc-2857-0-0\"  class=\"panel-grid-cell\" ><div id=\"panel-2857-0-0-0\" class=\"so-panel widget widget_text panel-first-child panel-last-child\" data-index=\"0\" >\t\t\t<div class=\"textwidget\"><h4><strong>Presidente<\/strong><\/h4>\n<h3>Elisa Maria de Souza Russo<a href=\"https:\/\/fcfrp.usp.br\/wp-content\/uploads\/sites\/528\/2020\/07\/lpElisa.png\"><img loading=\"lazy\" decoding=\"async\" class=\"wp-image-6504 size-full alignright\" src=\"https:\/\/fcfrp.usp.br\/wp-content\/uploads\/sites\/528\/2020\/07\/lpElisa.png\" alt=\"\" width=\"100\" height=\"125\" \/><\/a><\/h3>\n<p>Email: elisa@fcfrp.usp.br<br \/>\nTel: (16) 3315-0559<\/p>\n<p>&nbsp;<\/p>\n<h4><strong>Secret\u00e1rio<\/strong><\/h4>\n<h3>David Fernando de Almeida Vieira<a href=\"https:\/\/sites.usp.br\/fcfrp\/wp-content\/uploads\/sites\/528\/2020\/04\/david.jpg\"><img loading=\"lazy\" decoding=\"async\" class=\"wp-image-1923 size-full alignright\" src=\"https:\/\/sites.usp.br\/fcfrp\/wp-content\/uploads\/sites\/528\/2020\/04\/david.jpg\" alt=\"\" width=\"100\" height=\"128\" \/><\/a><\/h3>\n<p>Email: davidvieira@fcfrp.usp.br<br \/>\nTel: (16) 3315-4216<\/p>\n<p>&nbsp;<\/p>\n<p>&nbsp;<\/p>\n<div style=\"text-align: justify; text-indent: 30pt;\">Responsabilidades da Comiss\u00e3o Interna de Biosseguran\u00e7a &#8211; CiBio:<\/div>\n<div style=\"text-align: justify;\">&#8211; Elaborar e divulgar normas e tomar decis\u00f5es sobre assuntos espec\u00edficos no \u00e2mbito da institui\u00e7\u00e3o em procedimentos de seguran\u00e7a, sempre em conson\u00e2ncia com as normas da CTNBio;<br \/>\n&#8211; Requerer o CQB e suas eventuais revis\u00f5es \u00e0 CNTBio;<br \/>\n&#8211; Avaliar e revisar todas as propostas de pesquisas em engenharia gen\u00e9tica, manipula\u00e7\u00e3o, produ\u00e7\u00e3o e transporte de OGMs conduzidas pela entidade; identificar todos os riscos potenciais aos pesquisadores, \u00e0 comunidade e meio ambiente; fazer recomenda\u00e7\u00f5es aos pesquisadores sobre estes riscos e como manej\u00e1-los.<br \/>\n&#8211; Manter um registro dos projetos aprovados relacionados a OGMs e, quando pertinente, de suas avalia\u00e7\u00f5es de risco;<br \/>\n&#8211; Assegurar que suas recomenda\u00e7\u00f5es e as da CTNBio sejam levadas ao(s) Pesquisador(es) Principal(is) e que sejam observadas;<br \/>\n&#8211; Determinar os n\u00edveis de conten\u00e7\u00e3o (a serem definidos pelas normas da CTNBio) e os procedimentos a serem seguidos para todo trabalho experimental com OGMs, e para manuten\u00e7\u00e3o, armazenamento, transporte e descarte de OGMs inclu\u00eddos na regulamenta\u00e7\u00e3o da lei;<br \/>\n&#8211; Encaminhar \u00e0 CTNBio a documenta\u00e7\u00e3o exigida para as propostas de atividades com organismos do Grupo II e para libera\u00e7\u00f5es no meio ambiente, acompanhadas de suas an\u00e1lises de riscos, conforme normas da CTNBio;<br \/>\n&#8211; Inspecionar e atestar a seguran\u00e7a de laborat\u00f3rios e outras instala\u00e7\u00f5es antes e durante a utiliza\u00e7\u00e3o para trabalhos ou experimentos com OGM. A CIBio dever\u00e1 inspecionar e monitorar procedimentos em todos os laborat\u00f3rios e instala\u00e7\u00f5es utilizadas para OGMs. No m\u00ednimo duas inspe\u00e7\u00f5es anuais dessas instala\u00e7\u00f5es ser\u00e3o realizadas para assegurar que elas continuem tendo os requerimentos e padr\u00f5es de conten\u00e7\u00e3o relevantes, mantendo-se um registro das inspe\u00e7\u00f5es e a\u00e7\u00f5es decorrentes;<br \/>\n&#8211; Rever a qualifica\u00e7\u00e3o e a experi\u00eancia do pessoal envolvido nas pesquisas propostas, a fim de assegurar que sejam adequadas para boas pr\u00e1ticas laboratoriais;<br \/>\n&#8211; Manter uma rela\u00e7\u00e3o das pessoas que trabalham em instala\u00e7\u00f5es de conten\u00e7\u00e3o e assegurar que novos membros da equipe ou novos funcion\u00e1rios estejam familiarizados com os procedimentos a serem adotados nos diversos n\u00edveis de conten\u00e7\u00e3o e com uso correto dos equipamentos de laborat\u00f3rio;<br \/>\n&#8211; Realizar outras fun\u00e7\u00f5es conforme delega\u00e7\u00e3o da CTNBio.<\/div>\n<p>&nbsp;<\/p>\n<p>&nbsp;<\/p>\n<h4><strong>Membros<\/strong><\/h4>\n<div style=\"text-align: justify;\">Juliana Pfrimer Falc\u00e3o<br \/>\nM\u00e1rcia Eliana da Silva Ferreira<br \/>\nGerm\u00e1n Gustavo Sgro<br \/>\nNadia Monesi<\/div>\n<p>&nbsp;<\/p>\n<h4><strong>Contato<\/strong><\/h4>\n<div style=\"text-align: justify;\">Email: cibio@fcfrp.usp.br<\/div>\n<p>&nbsp;<\/p>\n<h4><strong>Documentos<\/strong><\/h4>\n<p><a href=\"https:\/\/sites.usp.br\/fcfrp\/wp-content\/uploads\/sites\/528\/2020\/04\/normas_para_o_trabalho_com_ogms.pdf\" target=\"_blank\" rel=\"noopener\">&#8211; Normas para o trabalho com OGMs<\/a><br \/>\n<a href=\"https:\/\/sites.usp.br\/fcfrp\/wp-content\/uploads\/sites\/528\/2020\/04\/textos_legais_referentes_a_biosseguranca_no_brasil.pdf\" target=\"_blank\" rel=\"noopener\">&#8211; Textos legais referentes \u00e0 Biosseguran\u00e7a no Brasil<\/a><br \/>\n<a href=\"https:\/\/sites.usp.br\/fcfrp\/wp-content\/uploads\/sites\/528\/2020\/04\/marco_legal_brasileiro_sobre_ogms.pdf\" target=\"_blank\" rel=\"noopener\">&#8211; Marco legal brasileiro sobre OGMs<\/a><br \/>\n<a href=\"https:\/\/sites.usp.br\/fcfrp\/wp-content\/uploads\/sites\/528\/2020\/04\/portaria_1608_classificacao_de_risco.pdf\" target=\"_blank\" rel=\"noopener\">&#8211; Portaria 1608 &#8211; Classifica\u00e7\u00e3o de risco<\/a><br \/>\n<a href=\"https:\/\/fcfrp.usp.br\/wp-content\/uploads\/sites\/528\/2021\/04\/Formula\u0301rio-Inclusa\u0303o-de-lab-no-CQB.doc\" target=\"_blank\" rel=\"noopener\">&#8211; Formul\u00e1rio &#8211; Inclus\u00e3o de Lab no CBQ<\/a><br \/>\n<a href=\"https:\/\/forms.gle\/NCXHr7mVWbsRSTtx5\" target=\"_blank\" rel=\"noopener\">&#8211; Formula\u0301rio &#8211; Inclusa\u0303o de projeto no CQB<\/a><br \/>\n<a href=\"https:\/\/forms.gle\/uaqoTyiwKH8R3Y5J9\" target=\"_blank\" rel=\"noopener\">&#8211; Formula\u0301rio &#8211; Relato\u0301rio Anual<\/a><br \/>\n<a href=\"https:\/\/sites.usp.br\/fcfrp\/wp-content\/uploads\/sites\/528\/2020\/04\/formulario_requerimento_de_habilitacao_para_importacao_de.doc\" target=\"_blank\" rel=\"noopener\">&#8211; Formul\u00e1rio &#8211; Requerimento de habilita\u00e7\u00e3o para importa\u00e7\u00e3o de animais geneticamente modificados (AnGMs) para trabalho em regime de conten\u00e7\u00e3o<\/a><br \/>\n<a href=\"https:\/\/fcfrp.usp.br\/wp-content\/uploads\/sites\/528\/2025\/03\/classificacao_risco_agentes_biologicos_1ed-2022.pdf\" target=\"_blank\" rel=\"noopener\">&#8211; Classifica\u00e7\u00e3o de risco dos agentes biol\u00f3gicos<\/a><br \/>\n<a href=\"https:\/\/fcfrp.usp.br\/wp-content\/uploads\/sites\/528\/2026\/03\/Projetos-e-Labs-FCFRP.pdf\" target=\"_blank\" rel=\"noopener\">&#8211; Rela\u00e7\u00e3o dos Laborat\u00f3rios Credenciados<\/a><\/p>\n<\/div>\n\t\t<\/div><\/div><div id=\"pgc-2857-0-1\"  class=\"panel-grid-cell\" ><div id=\"panel-2857-0-1-0\" class=\"so-panel widget widget_nav_menu panel-first-child panel-last-child\" data-index=\"1\" ><div class=\"menu-menu-instcomissoes-container\"><ul id=\"menu-menu-instcomissoes\" class=\"menu\"><li id=\"menu-item-2692\" class=\"menu-item menu-item-type-post_type menu-item-object-page menu-item-has-children menu-item-2692\"><a href=\"https:\/\/fcfrp.usp.br\/en\/institucional\/\">Institutional<\/a>\n<ul class=\"sub-menu\">\n\t<li id=\"menu-item-2694\" class=\"menu-item menu-item-type-post_type menu-item-object-page menu-item-2694\"><a href=\"https:\/\/fcfrp.usp.br\/en\/institucional\/diretoria\/\">Direction<\/a><\/li>\n\t<li id=\"menu-item-2695\" class=\"menu-item menu-item-type-post_type menu-item-object-page menu-item-2695\"><a href=\"https:\/\/fcfrp.usp.br\/en\/institucional\/departamentos\/\">Departments<\/a><\/li>\n\t<li id=\"menu-item-2696\" class=\"menu-item menu-item-type-post_type menu-item-object-page menu-item-2696\"><a href=\"https:\/\/fcfrp.usp.br\/en\/institucional\/administracao\/\">Administrative Sections<\/a><\/li>\n\t<li id=\"menu-item-10509\" class=\"menu-item menu-item-type-post_type menu-item-object-page menu-item-10509\"><a href=\"https:\/\/fcfrp.usp.br\/en\/institucional\/cap\/\">Project Support Center<\/a><\/li>\n\t<li id=\"menu-item-2689\" class=\"menu-item menu-item-type-post_type menu-item-object-page menu-item-2689\"><a href=\"https:\/\/fcfrp.usp.br\/en\/institucional\/servicos\/\">Services<\/a><\/li>\n\t<li id=\"menu-item-2718\" class=\"menu-item menu-item-type-post_type menu-item-object-page menu-item-has-children menu-item-2718\"><a href=\"https:\/\/fcfrp.usp.br\/en\/institucional\/comissoes\/\">Commissions<\/a>\n\t<ul class=\"sub-menu\">\n\t\t<li id=\"menu-item-10441\" class=\"menu-item menu-item-type-post_type menu-item-object-page menu-item-10441\"><a href=\"https:\/\/fcfrp.usp.br\/en\/institucional\/comissoes\/comissao-covid\/\">Covid-19 Monitoring Advisory Committee<\/a><\/li>\n\t\t<li id=\"menu-item-10381\" class=\"menu-item menu-item-type-post_type menu-item-object-page menu-item-10381\"><a href=\"https:\/\/fcfrp.usp.br\/en\/institucional\/comissoes\/comissao-infra-pesquisa\/\">Research Infrastructure Advisory Committee<\/a><\/li>\n\t\t<li id=\"menu-item-2895\" class=\"menu-item menu-item-type-post_type menu-item-object-page menu-item-2895\"><a href=\"https:\/\/fcfrp.usp.br\/en\/institucional\/comissoes\/comissao-bioterio\/\">Vivarium<\/a><\/li>\n\t\t<li id=\"menu-item-3078\" class=\"menu-item menu-item-type-post_type menu-item-object-page menu-item-3078\"><a href=\"https:\/\/fcfrp.usp.br\/en\/institucional\/comissoes\/comissao-boas-praticas\/\">Good Scientific Practice<\/a><\/li>\n\t\t<li id=\"menu-item-3008\" class=\"menu-item menu-item-type-post_type menu-item-object-page menu-item-3008\"><a href=\"https:\/\/fcfrp.usp.br\/en\/institucional\/comissoes\/brigada\/\">Fire Brigade<\/a><\/li>\n\t\t<li id=\"menu-item-2872\" class=\"menu-item menu-item-type-post_type menu-item-object-page menu-item-2872\"><a href=\"https:\/\/fcfrp.usp.br\/en\/institucional\/comissoes\/comissao-biosseguranca\/\">Biosafety &#8211; IBioC<\/a><\/li>\n\t\t<li id=\"menu-item-13238\" class=\"menu-item menu-item-type-post_type menu-item-object-page menu-item-13238\"><a href=\"https:\/\/fcfrp.usp.br\/en\/institucional\/comissoes\/cip\/\">Inclusion and Belonging Committee<\/a><\/li>\n\t\t<li id=\"menu-item-2846\" class=\"menu-item menu-item-type-post_type menu-item-object-page menu-item-2846\"><a href=\"https:\/\/fcfrp.usp.br\/en\/institucional\/comissoes\/cipa\/\">ICAP<\/a><\/li>\n\t\t<li id=\"menu-item-3071\" class=\"menu-item menu-item-type-post_type menu-item-object-page menu-item-3071\"><a href=\"https:\/\/fcfrp.usp.br\/en\/institucional\/comissoes\/comite-gestor-liarec\/\">Senior Management Committee of the Liarec<\/a><\/li>\n\t\t<li id=\"menu-item-10440\" class=\"menu-item menu-item-type-post_type menu-item-object-page menu-item-10440\"><a href=\"https:\/\/fcfrp.usp.br\/en\/institucional\/comissoes\/comissao-projeto-academico\/\">Academic Project Coordinating Committee<\/a><\/li>\n\t\t<li id=\"menu-item-2780\" class=\"menu-item menu-item-type-post_type menu-item-object-page menu-item-2780\"><a href=\"https:\/\/fcfrp.usp.br\/en\/pesquisa-extensao\/extensao\/\">Culture and Extension<\/a><\/li>\n\t\t<li id=\"menu-item-5136\" class=\"menu-item menu-item-type-post_type menu-item-object-page menu-item-5136\"><a href=\"https:\/\/fcfrp.usp.br\/en\/institucional\/comissoes\/comissao-difusao\/\">Disclosure<\/a><\/li>\n\t\t<li id=\"menu-item-2943\" class=\"menu-item menu-item-type-post_type menu-item-object-page menu-item-2943\"><a href=\"https:\/\/fcfrp.usp.br\/en\/institucional\/comissoes\/comite-etica-pesquisa\/\">Research Ethics<\/a><\/li>\n\t\t<li id=\"menu-item-2799\" class=\"menu-item menu-item-type-post_type menu-item-object-page menu-item-2799\"><a href=\"https:\/\/fcfrp.usp.br\/en\/institucional\/comissoes\/comissao-ceua\/\">Animal Use Ethics<\/a><\/li>\n\t\t<li id=\"menu-item-2919\" class=\"menu-item menu-item-type-post_type menu-item-object-page menu-item-2919\"><a href=\"https:\/\/fcfrp.usp.br\/en\/institucional\/comissoes\/comissao-residuos-quimicos\/\">Chemical Waste Management<\/a><\/li>\n\t\t<li id=\"menu-item-2728\" class=\"menu-item menu-item-type-post_type menu-item-object-page menu-item-2728\"><a href=\"https:\/\/fcfrp.usp.br\/en\/institucional\/comissoes\/comissao-residuos-saude\/\">Health Services Waste Management<\/a><\/li>\n\t\t<li id=\"menu-item-2785\" class=\"menu-item menu-item-type-post_type menu-item-object-page menu-item-2785\"><a href=\"https:\/\/fcfrp.usp.br\/en\/ensino\/graduacao\/comissao-graduacao\/\">Undergraduate<\/a><\/li>\n\t\t<li id=\"menu-item-2779\" class=\"menu-item menu-item-type-post_type menu-item-object-page menu-item-2779\"><a href=\"https:\/\/fcfrp.usp.br\/en\/pesquisa-extensao\/pesquisa\/\">Research<\/a><\/li>\n\t\t<li id=\"menu-item-2906\" class=\"menu-item menu-item-type-post_type menu-item-object-page menu-item-2906\"><a href=\"https:\/\/fcfrp.usp.br\/en\/ensino\/pos-graduacao\/comissao-pos-graduacao\/\">Graduate<\/a><\/li>\n\t\t<li id=\"menu-item-6132\" class=\"menu-item menu-item-type-post_type menu-item-object-page menu-item-6132\"><a href=\"https:\/\/fcfrp.usp.br\/en\/institucional\/comissoes\/comissoes-pae\/\">Teaching Improvement Program<\/a><\/li>\n\t\t<li id=\"menu-item-2781\" class=\"menu-item menu-item-type-post_type menu-item-object-page menu-item-has-children menu-item-2781\"><a href=\"https:\/\/fcfrp.usp.br\/en\/institucional\/comissoes\/relacoes-internacionais\/\">International Relations<\/a>\n\t\t<ul class=\"sub-menu\">\n\t\t\t<li id=\"menu-item-5938\" class=\"menu-item menu-item-type-post_type menu-item-object-page menu-item-5938\"><a href=\"https:\/\/fcfrp.usp.br\/en\/institucional\/comissoes\/relacoes-internacionais\/convenios-relacoes-internacionais\/\">Covenants and Information<\/a><\/li>\n\t\t<\/ul>\n<\/li>\n\t\t<li id=\"menu-item-3084\" class=\"menu-item menu-item-type-post_type menu-item-object-page menu-item-3084\"><a href=\"https:\/\/fcfrp.usp.br\/en\/institucional\/comissoes\/comissao-seguranca-laboratorios\/\">Laboratory Safety<\/a><\/li>\n\t\t<li id=\"menu-item-2795\" class=\"menu-item menu-item-type-post_type menu-item-object-page menu-item-2795\"><a href=\"https:\/\/fcfrp.usp.br\/en\/institucional\/comissoes\/comissao-sausp\/\">SAUSP Setorial<\/a><\/li>\n\t\t<li id=\"menu-item-2717\" class=\"menu-item menu-item-type-post_type menu-item-object-page menu-item-2717\"><a href=\"https:\/\/fcfrp.usp.br\/en\/institucional\/comissoes\/comissao-treinamento\/\">Training and Development of Non-Teaching Servers<\/a><\/li>\n\t\t<li id=\"menu-item-2852\" class=\"menu-item menu-item-type-post_type menu-item-object-page menu-item-2852\"><a href=\"https:\/\/fcfrp.usp.br\/en\/institucional\/comissoes\/comissao-usp-recicla\/\">USP Recicla<\/a><\/li>\n\t\t<li id=\"menu-item-3060\" class=\"menu-item menu-item-type-post_type menu-item-object-page menu-item-3060\"><a href=\"https:\/\/fcfrp.usp.br\/en\/institucional\/comissoes\/comissao-usuarios-liarec\/\">Users of the Liarec<\/a><\/li>\n\t<\/ul>\n<\/li>\n\t<li id=\"menu-item-2690\" class=\"menu-item menu-item-type-post_type menu-item-object-page menu-item-2690\"><a href=\"https:\/\/fcfrp.usp.br\/en\/institucional\/concursos\/\">Public Tenders<\/a><\/li>\n\t<li id=\"menu-item-6217\" class=\"menu-item menu-item-type-custom menu-item-object-custom menu-item-6217\"><a href=\"https:\/\/fcfrp.usp.br\/en\/institucional\/administracao\/assistencia-tecnica-financeira\/prov-materiais\/\">Bidding<\/a><\/li>\n\t<li id=\"menu-item-2693\" class=\"menu-item menu-item-type-post_type menu-item-object-page current_page_parent menu-item-2693\"><a href=\"https:\/\/fcfrp.usp.br\/en\/institucional\/eventos-noticias\/\">Events \/ News<\/a><\/li>\n\t<li id=\"menu-item-2691\" class=\"menu-item menu-item-type-post_type menu-item-object-page menu-item-2691\"><a target=\"_blank\" href=\"https:\/\/fcfrp.usp.br\/wp-content\/uploads\/sites\/528\/2025\/03\/Lista-de-ramais-marco-2025.pdf\">Public Servants<\/a><\/li>\n\t<li id=\"menu-item-7209\" class=\"menu-item menu-item-type-post_type menu-item-object-page menu-item-7209\"><a href=\"https:\/\/fcfrp.usp.br\/en\/institucional\/identidade-visual\/\">Visual Identity<\/a><\/li>\n<\/ul>\n<\/li>\n<\/ul><\/div><\/div><\/div><\/div><\/div>","protected":false},"excerpt":{"rendered":"<p>Presidente Elisa Maria de Souza Russo Email: elisa@fcfrp.usp.br Tel: (16) 3315-0559 &nbsp; Secret\u00e1rio David Fernando de Almeida Vieira Email: davidvieira@fcfrp.usp.br Tel: (16) 3315-4216 &nbsp; &nbsp; Responsabilidades da Comiss\u00e3o Interna de Biosseguran\u00e7a &#8211; CiBio: &#8211; Elaborar e divulgar normas e tomar decis\u00f5es sobre assuntos espec\u00edficos no \u00e2mbito da institui\u00e7\u00e3o em procedimentos de seguran\u00e7a, sempre em conson\u00e2ncia<a href=\"https:\/\/fcfrp.usp.br\/en\/institucional\/comissoes\/comissao-biosseguranca\/\">[&#8230;]<\/a><\/p>\n","protected":false},"author":978,"featured_media":0,"parent":2697,"menu_order":3,"comment_status":"closed","ping_status":"closed","template":"template-fullwidth.php","meta":{"footnotes":"","_links_to":"","_links_to_target":""},"class_list":["post-2857","page","type-page","status-publish","hentry"],"_links":{"self":[{"href":"https:\/\/fcfrp.usp.br\/en\/wp-json\/wp\/v2\/pages\/2857","targetHints":{"allow":["GET"]}}],"collection":[{"href":"https:\/\/fcfrp.usp.br\/en\/wp-json\/wp\/v2\/pages"}],"about":[{"href":"https:\/\/fcfrp.usp.br\/en\/wp-json\/wp\/v2\/types\/page"}],"author":[{"embeddable":true,"href":"https:\/\/fcfrp.usp.br\/en\/wp-json\/wp\/v2\/users\/978"}],"replies":[{"embeddable":true,"href":"https:\/\/fcfrp.usp.br\/en\/wp-json\/wp\/v2\/comments?post=2857"}],"version-history":[{"count":4,"href":"https:\/\/fcfrp.usp.br\/en\/wp-json\/wp\/v2\/pages\/2857\/revisions"}],"predecessor-version":[{"id":16388,"href":"https:\/\/fcfrp.usp.br\/en\/wp-json\/wp\/v2\/pages\/2857\/revisions\/16388"}],"up":[{"embeddable":true,"href":"https:\/\/fcfrp.usp.br\/en\/wp-json\/wp\/v2\/pages\/2697"}],"wp:attachment":[{"href":"https:\/\/fcfrp.usp.br\/en\/wp-json\/wp\/v2\/media?parent=2857"}],"curies":[{"name":"wp","href":"https:\/\/api.w.org\/{rel}","templated":true}]}}