{"id":3004,"date":"2020-04-27T12:04:54","date_gmt":"2020-04-27T14:04:54","guid":{"rendered":"https:\/\/sites.usp.br\/fcfrp\/?page_id=3004"},"modified":"2025-10-17T13:21:44","modified_gmt":"2025-10-17T15:21:44","slug":"brigada","status":"publish","type":"page","link":"https:\/\/fcfrp.usp.br\/en\/institucional\/comissoes\/brigada\/","title":{"rendered":"Fire Brigade"},"content":{"rendered":"<div id=\"pl-3004\"  class=\"panel-layout\" ><div id=\"pg-3004-0\"  class=\"panel-grid panel-no-style\" ><div id=\"pgc-3004-0-0\"  class=\"panel-grid-cell\" ><div id=\"panel-3004-0-0-0\" class=\"so-panel widget widget_text panel-first-child panel-last-child\" data-index=\"0\" >\t\t\t<div class=\"textwidget\"><h4><strong>Coordenador<\/strong><\/h4>\n<h3>Marcelo da Costa Gon\u00e7alves<a href=\"https:\/\/fcfrp.usp.br\/wp-content\/uploads\/sites\/528\/2024\/04\/marcelo.jpg\"><img loading=\"lazy\" decoding=\"async\" class=\"wp-image-13555 size-full alignright\" src=\"https:\/\/fcfrp.usp.br\/wp-content\/uploads\/sites\/528\/2024\/04\/marcelo.jpg\" alt=\"\" width=\"100\" height=\"128\" \/><\/a><\/h3>\n<p>Email: marcelo@fcfrp.usp.br<br \/>\nTel: (16) 3315-0607<\/p>\n<p>&nbsp;<\/p>\n<p>&nbsp;<\/p>\n<div style=\"text-align: justify; text-indent: 30pt;\">Por se tratar de um dispositivo de exig\u00eancia Legal, a Brigada de Inc\u00eandio tem a fun\u00e7\u00e3o espec\u00edfica de prontid\u00e3o, para agir de imediato extinguindo qualquer ind\u00edcio de inc\u00eandio. A Brigada \u00e9 uma atividade formada por grupos de funcion\u00e1rios chamados Brigadistas. Sua a\u00e7\u00e3o \u00e9 vital nos primeiros 5 minutos de combate e extin\u00e7\u00e3o do fogo, antecedendo a a\u00e7\u00e3o do Corpo de Bombeiros.<\/div>\n<p>&nbsp;<\/p>\n<h4><strong>Secret\u00e1ria<\/strong><\/h4>\n<p>Raquel B\u00e1rbara Vieira Barata<\/p>\n<p>&nbsp;<\/p>\n<h4><strong>Membros lideres<\/strong><\/h4>\n<div>Alysson Calmon de Oliveira<\/div>\n<div>Ana Elisa Calheiro Seixas Azzolini<\/div>\n<div>Analuiza Souza Costa<\/div>\n<div>Angela Luisa Doretto<\/div>\n<div style=\"text-align: justify;\">C\u00e1ssio Luis Rodrigues<\/div>\n<div>Cristiane de Oliveira Gobbi<\/div>\n<div>Danilo Vitorino dos Santos<\/div>\n<div>Diego Marsal do Amaral<\/div>\n<div>Fabio Junio Marsola<\/div>\n<div>Flavia Fiacadori Salata Carotta<\/div>\n<div>Henrique Diniz<\/div>\n<div>Jacqueline Nakau M. Galiote Silva<\/div>\n<div>Jo\u00e3o Gabriel Curtolo Poiani<\/div>\n<div>Jos\u00e9 Luiz Capellaro<\/div>\n<div>Jos\u00e9 Roberto Jabor<\/div>\n<div>Joseane Cristina Ferreira<\/div>\n<div>L\u00edvia Marangoni Alfaya<\/div>\n<div>Luis Henrique Rosa<\/div>\n<div>Luiz Antonio da Silva<\/div>\n<div>Luiz Fernando Fortunato Tucci<\/div>\n<div>Mariana Barbieri Alvarez Demets<\/div>\n<div>Marina Del Arco Mastrange<\/div>\n<div>Mario Sadaiti Ogasawara<\/div>\n<div>Valqu\u00edria Aparecida Polisei Jabor<\/div>\n<div style=\"text-align: justify;\"><\/div>\n<p>&nbsp;<\/p>\n<h4><strong>Contato<\/strong><\/h4>\n<div style=\"text-align: justify;\">Email: brigada@fcfrp.usp.br<\/div>\n<p>&nbsp;<\/p>\n<h4><strong>Documentos<\/strong><\/h4>\n<p><a href=\"https:\/\/fcfrp.usp.br\/wp-content\/uploads\/sites\/528\/2025\/10\/Apresentacao_Brigada_de_Incendio_FCFRP_2025.pdf\" target=\"_blank\" rel=\"noopener\">&#8211; Apresenta\u00e7\u00e3o da Brigada de Inc\u00eandio<\/a><\/p>\n<\/div>\n\t\t<\/div><\/div><div id=\"pgc-3004-0-1\"  class=\"panel-grid-cell\" ><div id=\"panel-3004-0-1-0\" class=\"so-panel widget widget_nav_menu panel-first-child panel-last-child\" data-index=\"1\" ><div class=\"menu-menu-instcomissoes-container\"><ul id=\"menu-menu-instcomissoes\" class=\"menu\"><li id=\"menu-item-2692\" class=\"menu-item menu-item-type-post_type menu-item-object-page menu-item-has-children menu-item-2692\"><a href=\"https:\/\/fcfrp.usp.br\/en\/institucional\/\">Institutional<\/a>\n<ul class=\"sub-menu\">\n\t<li id=\"menu-item-2694\" class=\"menu-item menu-item-type-post_type menu-item-object-page menu-item-2694\"><a href=\"https:\/\/fcfrp.usp.br\/en\/institucional\/diretoria\/\">Direction<\/a><\/li>\n\t<li id=\"menu-item-2695\" class=\"menu-item menu-item-type-post_type menu-item-object-page menu-item-2695\"><a href=\"https:\/\/fcfrp.usp.br\/en\/institucional\/departamentos\/\">Departments<\/a><\/li>\n\t<li id=\"menu-item-2696\" class=\"menu-item menu-item-type-post_type menu-item-object-page menu-item-2696\"><a href=\"https:\/\/fcfrp.usp.br\/en\/institucional\/administracao\/\">Administrative Sections<\/a><\/li>\n\t<li id=\"menu-item-10509\" class=\"menu-item menu-item-type-post_type menu-item-object-page menu-item-10509\"><a href=\"https:\/\/fcfrp.usp.br\/en\/institucional\/cap\/\">Project Support Center<\/a><\/li>\n\t<li id=\"menu-item-2689\" class=\"menu-item menu-item-type-post_type menu-item-object-page menu-item-2689\"><a href=\"https:\/\/fcfrp.usp.br\/en\/institucional\/servicos\/\">Services<\/a><\/li>\n\t<li id=\"menu-item-2718\" class=\"menu-item menu-item-type-post_type menu-item-object-page menu-item-has-children menu-item-2718\"><a href=\"https:\/\/fcfrp.usp.br\/en\/institucional\/comissoes\/\">Commissions<\/a>\n\t<ul class=\"sub-menu\">\n\t\t<li id=\"menu-item-10441\" class=\"menu-item menu-item-type-post_type menu-item-object-page menu-item-10441\"><a href=\"https:\/\/fcfrp.usp.br\/en\/institucional\/comissoes\/comissao-covid\/\">Covid-19 Monitoring Advisory Committee<\/a><\/li>\n\t\t<li id=\"menu-item-10381\" class=\"menu-item menu-item-type-post_type menu-item-object-page menu-item-10381\"><a href=\"https:\/\/fcfrp.usp.br\/en\/institucional\/comissoes\/comissao-infra-pesquisa\/\">Research Infrastructure Advisory Committee<\/a><\/li>\n\t\t<li id=\"menu-item-2895\" class=\"menu-item menu-item-type-post_type menu-item-object-page menu-item-2895\"><a href=\"https:\/\/fcfrp.usp.br\/en\/institucional\/comissoes\/comissao-bioterio\/\">Vivarium<\/a><\/li>\n\t\t<li id=\"menu-item-3078\" class=\"menu-item menu-item-type-post_type menu-item-object-page menu-item-3078\"><a href=\"https:\/\/fcfrp.usp.br\/en\/institucional\/comissoes\/comissao-boas-praticas\/\">Good Scientific Practice<\/a><\/li>\n\t\t<li id=\"menu-item-3008\" class=\"menu-item menu-item-type-post_type menu-item-object-page menu-item-3008\"><a href=\"https:\/\/fcfrp.usp.br\/en\/institucional\/comissoes\/brigada\/\">Fire Brigade<\/a><\/li>\n\t\t<li id=\"menu-item-2872\" class=\"menu-item menu-item-type-post_type menu-item-object-page menu-item-2872\"><a href=\"https:\/\/fcfrp.usp.br\/en\/institucional\/comissoes\/comissao-biosseguranca\/\">Biosafety &#8211; IBioC<\/a><\/li>\n\t\t<li id=\"menu-item-13238\" class=\"menu-item menu-item-type-post_type menu-item-object-page menu-item-13238\"><a href=\"https:\/\/fcfrp.usp.br\/en\/institucional\/comissoes\/cip\/\">Inclusion and Belonging Committee<\/a><\/li>\n\t\t<li id=\"menu-item-2846\" class=\"menu-item menu-item-type-post_type menu-item-object-page menu-item-2846\"><a href=\"https:\/\/fcfrp.usp.br\/en\/institucional\/comissoes\/cipa\/\">ICAP<\/a><\/li>\n\t\t<li id=\"menu-item-3071\" class=\"menu-item menu-item-type-post_type menu-item-object-page menu-item-3071\"><a href=\"https:\/\/fcfrp.usp.br\/en\/institucional\/comissoes\/comite-gestor-liarec\/\">Senior Management Committee of the Liarec<\/a><\/li>\n\t\t<li id=\"menu-item-10440\" class=\"menu-item menu-item-type-post_type menu-item-object-page menu-item-10440\"><a href=\"https:\/\/fcfrp.usp.br\/en\/institucional\/comissoes\/comissao-projeto-academico\/\">Academic Project Coordinating Committee<\/a><\/li>\n\t\t<li id=\"menu-item-2780\" class=\"menu-item menu-item-type-post_type menu-item-object-page menu-item-2780\"><a href=\"https:\/\/fcfrp.usp.br\/en\/pesquisa-extensao\/extensao\/\">Culture and Extension<\/a><\/li>\n\t\t<li id=\"menu-item-5136\" class=\"menu-item menu-item-type-post_type menu-item-object-page menu-item-5136\"><a href=\"https:\/\/fcfrp.usp.br\/en\/institucional\/comissoes\/comissao-difusao\/\">Disclosure<\/a><\/li>\n\t\t<li id=\"menu-item-2943\" class=\"menu-item menu-item-type-post_type menu-item-object-page menu-item-2943\"><a href=\"https:\/\/fcfrp.usp.br\/en\/institucional\/comissoes\/comite-etica-pesquisa\/\">Research Ethics<\/a><\/li>\n\t\t<li id=\"menu-item-2799\" class=\"menu-item menu-item-type-post_type menu-item-object-page menu-item-2799\"><a href=\"https:\/\/fcfrp.usp.br\/en\/institucional\/comissoes\/comissao-ceua\/\">Animal Use Ethics<\/a><\/li>\n\t\t<li id=\"menu-item-2919\" class=\"menu-item menu-item-type-post_type menu-item-object-page menu-item-2919\"><a href=\"https:\/\/fcfrp.usp.br\/en\/institucional\/comissoes\/comissao-residuos-quimicos\/\">Chemical Waste Management<\/a><\/li>\n\t\t<li id=\"menu-item-2728\" class=\"menu-item menu-item-type-post_type menu-item-object-page menu-item-2728\"><a href=\"https:\/\/fcfrp.usp.br\/en\/institucional\/comissoes\/comissao-residuos-saude\/\">Health Services Waste Management<\/a><\/li>\n\t\t<li id=\"menu-item-2785\" class=\"menu-item menu-item-type-post_type menu-item-object-page menu-item-2785\"><a href=\"https:\/\/fcfrp.usp.br\/en\/ensino\/graduacao\/comissao-graduacao\/\">Undergraduate<\/a><\/li>\n\t\t<li id=\"menu-item-2779\" class=\"menu-item menu-item-type-post_type menu-item-object-page menu-item-2779\"><a href=\"https:\/\/fcfrp.usp.br\/en\/pesquisa-extensao\/pesquisa\/\">Research<\/a><\/li>\n\t\t<li id=\"menu-item-2906\" class=\"menu-item menu-item-type-post_type menu-item-object-page menu-item-2906\"><a href=\"https:\/\/fcfrp.usp.br\/en\/ensino\/pos-graduacao\/comissao-pos-graduacao\/\">Graduate<\/a><\/li>\n\t\t<li id=\"menu-item-6132\" class=\"menu-item menu-item-type-post_type menu-item-object-page menu-item-6132\"><a href=\"https:\/\/fcfrp.usp.br\/en\/institucional\/comissoes\/comissoes-pae\/\">Teaching Improvement Program<\/a><\/li>\n\t\t<li id=\"menu-item-2781\" class=\"menu-item menu-item-type-post_type menu-item-object-page menu-item-has-children menu-item-2781\"><a href=\"https:\/\/fcfrp.usp.br\/en\/institucional\/comissoes\/relacoes-internacionais\/\">International Relations<\/a>\n\t\t<ul class=\"sub-menu\">\n\t\t\t<li id=\"menu-item-5938\" class=\"menu-item menu-item-type-post_type menu-item-object-page menu-item-5938\"><a href=\"https:\/\/fcfrp.usp.br\/en\/institucional\/comissoes\/relacoes-internacionais\/convenios-relacoes-internacionais\/\">Covenants and Information<\/a><\/li>\n\t\t<\/ul>\n<\/li>\n\t\t<li id=\"menu-item-3084\" class=\"menu-item menu-item-type-post_type menu-item-object-page menu-item-3084\"><a href=\"https:\/\/fcfrp.usp.br\/en\/institucional\/comissoes\/comissao-seguranca-laboratorios\/\">Laboratory Safety<\/a><\/li>\n\t\t<li id=\"menu-item-2795\" class=\"menu-item menu-item-type-post_type menu-item-object-page menu-item-2795\"><a href=\"https:\/\/fcfrp.usp.br\/en\/institucional\/comissoes\/comissao-sausp\/\">SAUSP Setorial<\/a><\/li>\n\t\t<li id=\"menu-item-2717\" class=\"menu-item menu-item-type-post_type menu-item-object-page menu-item-2717\"><a href=\"https:\/\/fcfrp.usp.br\/en\/institucional\/comissoes\/comissao-treinamento\/\">Training and Development of Non-Teaching Servers<\/a><\/li>\n\t\t<li id=\"menu-item-2852\" class=\"menu-item menu-item-type-post_type menu-item-object-page menu-item-2852\"><a href=\"https:\/\/fcfrp.usp.br\/en\/institucional\/comissoes\/comissao-usp-recicla\/\">USP Recicla<\/a><\/li>\n\t\t<li id=\"menu-item-3060\" class=\"menu-item menu-item-type-post_type menu-item-object-page menu-item-3060\"><a href=\"https:\/\/fcfrp.usp.br\/en\/institucional\/comissoes\/comissao-usuarios-liarec\/\">Users of the Liarec<\/a><\/li>\n\t<\/ul>\n<\/li>\n\t<li id=\"menu-item-2690\" class=\"menu-item menu-item-type-post_type menu-item-object-page menu-item-2690\"><a href=\"https:\/\/fcfrp.usp.br\/en\/institucional\/concursos\/\">Public Tenders<\/a><\/li>\n\t<li id=\"menu-item-6217\" class=\"menu-item menu-item-type-custom menu-item-object-custom menu-item-6217\"><a href=\"https:\/\/fcfrp.usp.br\/en\/institucional\/administracao\/assistencia-tecnica-financeira\/prov-materiais\/\">Bidding<\/a><\/li>\n\t<li id=\"menu-item-2693\" class=\"menu-item menu-item-type-post_type menu-item-object-page current_page_parent menu-item-2693\"><a href=\"https:\/\/fcfrp.usp.br\/en\/institucional\/eventos-noticias\/\">Events \/ News<\/a><\/li>\n\t<li id=\"menu-item-2691\" class=\"menu-item menu-item-type-post_type menu-item-object-page menu-item-2691\"><a target=\"_blank\" href=\"https:\/\/fcfrp.usp.br\/wp-content\/uploads\/sites\/528\/2025\/03\/Lista-de-ramais-marco-2025.pdf\">Public Servants<\/a><\/li>\n\t<li id=\"menu-item-7209\" class=\"menu-item menu-item-type-post_type menu-item-object-page menu-item-7209\"><a href=\"https:\/\/fcfrp.usp.br\/en\/institucional\/identidade-visual\/\">Visual Identity<\/a><\/li>\n<\/ul>\n<\/li>\n<\/ul><\/div><\/div><\/div><\/div><\/div>","protected":false},"excerpt":{"rendered":"<p>Coordenador Marcelo da Costa Gon\u00e7alves Email: marcelo@fcfrp.usp.br Tel: (16) 3315-0607 &nbsp; &nbsp; Por se tratar de um dispositivo de exig\u00eancia Legal, a Brigada de Inc\u00eandio tem a fun\u00e7\u00e3o espec\u00edfica de prontid\u00e3o, para agir de imediato extinguindo qualquer ind\u00edcio de inc\u00eandio. A Brigada \u00e9 uma atividade formada por grupos de funcion\u00e1rios chamados Brigadistas. Sua a\u00e7\u00e3o \u00e9<a href=\"https:\/\/fcfrp.usp.br\/en\/institucional\/comissoes\/brigada\/\">[&#8230;]<\/a><\/p>\n","protected":false},"author":978,"featured_media":0,"parent":2697,"menu_order":2,"comment_status":"closed","ping_status":"closed","template":"template-fullwidth.php","meta":{"footnotes":"","_links_to":"","_links_to_target":""},"class_list":["post-3004","page","type-page","status-publish","hentry"],"_links":{"self":[{"href":"https:\/\/fcfrp.usp.br\/en\/wp-json\/wp\/v2\/pages\/3004","targetHints":{"allow":["GET"]}}],"collection":[{"href":"https:\/\/fcfrp.usp.br\/en\/wp-json\/wp\/v2\/pages"}],"about":[{"href":"https:\/\/fcfrp.usp.br\/en\/wp-json\/wp\/v2\/types\/page"}],"author":[{"embeddable":true,"href":"https:\/\/fcfrp.usp.br\/en\/wp-json\/wp\/v2\/users\/978"}],"replies":[{"embeddable":true,"href":"https:\/\/fcfrp.usp.br\/en\/wp-json\/wp\/v2\/comments?post=3004"}],"version-history":[{"count":4,"href":"https:\/\/fcfrp.usp.br\/en\/wp-json\/wp\/v2\/pages\/3004\/revisions"}],"predecessor-version":[{"id":15695,"href":"https:\/\/fcfrp.usp.br\/en\/wp-json\/wp\/v2\/pages\/3004\/revisions\/15695"}],"up":[{"embeddable":true,"href":"https:\/\/fcfrp.usp.br\/en\/wp-json\/wp\/v2\/pages\/2697"}],"wp:attachment":[{"href":"https:\/\/fcfrp.usp.br\/en\/wp-json\/wp\/v2\/media?parent=3004"}],"curies":[{"name":"wp","href":"https:\/\/api.w.org\/{rel}","templated":true}]}}