{"id":327,"date":"2020-04-10T11:41:35","date_gmt":"2020-04-10T13:41:35","guid":{"rendered":"https:\/\/sites.usp.br\/fcfrp\/?page_id=327"},"modified":"2025-12-01T17:58:26","modified_gmt":"2025-12-01T19:58:26","slug":"fale-conosco","status":"publish","type":"page","link":"https:\/\/fcfrp.usp.br\/en\/fale-conosco\/","title":{"rendered":"Talk With Us"},"content":{"rendered":"<div id=\"pl-327\"  class=\"panel-layout\" ><div id=\"pg-327-0\"  class=\"panel-grid panel-no-style\" ><div id=\"pgc-327-0-0\"  class=\"panel-grid-cell\" ><div id=\"panel-327-0-0-0\" class=\"so-panel widget widget_text panel-first-child panel-last-child\" data-index=\"0\" >\t\t\t<div class=\"textwidget\"><div style=\"text-align: justify; text-indent: 30pt;\">Encontre aqui a melhor forma para entrar contato com a Faculdade de Ci\u00eancias Farmac\u00eauticas de Ribeir\u00e3o Preto.<\/div>\n<p>&nbsp;<\/p>\n<h4><strong><a href=\"https:\/\/fcfrp.usp.br\/pt\/fale-conosco\/contato\/\">&#8211; Contato<\/a><br \/>\n<a href=\"https:\/\/fcfrp.usp.br\/pt\/fale-conosco\/ouvidoria\/\">&#8211; Ouvidoria<\/a><br \/>\n<a href=\"https:\/\/fcfrp.usp.br\/pt\/fale-conosco\/midias-sociais\/\">&#8211; M\u00eddias Sociais<\/a><br \/>\n<a href=\" https:\/\/fcfrp.usp.br\/institucional\/servidores\/\">&#8211; Servidores<\/a><\/strong><\/h4>\n<p>&nbsp;<\/p>\n<h4><strong>Telefones \u00dateis<\/strong><\/h4>\n<table width=\"439\">\n<tbody>\n<tr>\n<td width=\"293\">SAGU\u00c3O PRINCIPAL<\/td>\n<td width=\"146\">(16) 33154240<\/td>\n<\/tr>\n<tr>\n<td width=\"293\">FARM\u00c1CIA ENSINO<\/td>\n<td width=\"146\">(16) 33154263<\/td>\n<\/tr>\n<tr>\n<td width=\"293\">SERVI\u00c7O DE GRADUA\u00c7\u00c3O<\/td>\n<td width=\"146\">(16) 33158561<\/td>\n<\/tr>\n<tr>\n<td width=\"293\">SERVI\u00c7O DE P\u00d3S-GRADUA\u00c7\u00c3O<\/td>\n<td width=\"146\">(16) 33154273<\/td>\n<\/tr>\n<tr>\n<td width=\"293\">SERVI\u00c7O DE AN\u00c1LISES CL\u00cdNICAS<\/td>\n<td width=\"146\">(16) 33154196<\/td>\n<\/tr>\n<tr>\n<td width=\"293\">DIRETORIA<\/td>\n<td width=\"146\">(16) 33154181<\/td>\n<\/tr>\n<tr>\n<td width=\"293\">Portaria Bloco M<\/td>\n<td width=\"146\">(16) 33154249<\/td>\n<\/tr>\n<tr>\n<td width=\"293\">Portaria Bloco R<\/td>\n<td width=\"146\">(16) 33154190<\/td>\n<\/tr>\n<tr>\n<td width=\"293\">Portaria Bloco S<\/td>\n<td width=\"146\">(16) 33154876<\/td>\n<\/tr>\n<\/tbody>\n<\/table>\n<\/div>\n\t\t<\/div><\/div><div id=\"pgc-327-0-1\"  class=\"panel-grid-cell\" ><div id=\"panel-327-0-1-0\" class=\"so-panel widget widget_nav_menu panel-first-child panel-last-child\" data-index=\"1\" ><div class=\"menu-menu-fale-conosco-container\"><ul id=\"menu-menu-fale-conosco\" class=\"menu\"><li id=\"menu-item-625\" class=\"menu-item menu-item-type-post_type menu-item-object-page menu-item-has-children menu-item-625\"><a href=\"https:\/\/fcfrp.usp.br\/en\/fale-conosco\/\">Talk with us<\/a>\n<ul class=\"sub-menu\">\n\t<li id=\"menu-item-626\" class=\"menu-item menu-item-type-post_type menu-item-object-page menu-item-626\"><a href=\"https:\/\/fcfrp.usp.br\/en\/fale-conosco\/contato\/\">Contact<\/a><\/li>\n\t<li id=\"menu-item-638\" class=\"menu-item menu-item-type-post_type menu-item-object-page menu-item-638\"><a href=\"https:\/\/fcfrp.usp.br\/en\/fale-conosco\/ouvidoria\/\">Social Midias<\/a><\/li>\n\t<li id=\"menu-item-639\" class=\"menu-item menu-item-type-post_type menu-item-object-page menu-item-639\"><a href=\"https:\/\/fcfrp.usp.br\/en\/fale-conosco\/midias-sociais\/\">Ombudsman<\/a><\/li>\n\t<li id=\"menu-item-14719\" class=\"menu-item menu-item-type-custom menu-item-object-custom menu-item-14719\"><a href=\"https:\/\/fcfrp.usp.br\/en\/institucional\/servidores\/\">Servers<\/a><\/li>\n<\/ul>\n<\/li>\n<\/ul><\/div><\/div><\/div><\/div><\/div>","protected":false},"excerpt":{"rendered":"<p>Encontre aqui a melhor forma para entrar contato com a Faculdade de Ci\u00eancias Farmac\u00eauticas de Ribeir\u00e3o Preto. &nbsp; &#8211; Contato &#8211; Ouvidoria &#8211; M\u00eddias Sociais &#8211; Servidores &nbsp; Telefones \u00dateis SAGU\u00c3O PRINCIPAL (16) 33154240 FARM\u00c1CIA ENSINO (16) 33154263 SERVI\u00c7O DE GRADUA\u00c7\u00c3O (16) 33158561 SERVI\u00c7O DE P\u00d3S-GRADUA\u00c7\u00c3O (16) 33154273 SERVI\u00c7O DE AN\u00c1LISES CL\u00cdNICAS (16) 33154196 DIRETORIA<a href=\"https:\/\/fcfrp.usp.br\/en\/fale-conosco\/\">[&#8230;]<\/a><\/p>\n","protected":false},"author":978,"featured_media":0,"parent":0,"menu_order":3,"comment_status":"closed","ping_status":"closed","template":"template-fullwidth.php","meta":{"footnotes":"","_links_to":"","_links_to_target":""},"class_list":["post-327","page","type-page","status-publish","hentry"],"_links":{"self":[{"href":"https:\/\/fcfrp.usp.br\/en\/wp-json\/wp\/v2\/pages\/327","targetHints":{"allow":["GET"]}}],"collection":[{"href":"https:\/\/fcfrp.usp.br\/en\/wp-json\/wp\/v2\/pages"}],"about":[{"href":"https:\/\/fcfrp.usp.br\/en\/wp-json\/wp\/v2\/types\/page"}],"author":[{"embeddable":true,"href":"https:\/\/fcfrp.usp.br\/en\/wp-json\/wp\/v2\/users\/978"}],"replies":[{"embeddable":true,"href":"https:\/\/fcfrp.usp.br\/en\/wp-json\/wp\/v2\/comments?post=327"}],"version-history":[{"count":5,"href":"https:\/\/fcfrp.usp.br\/en\/wp-json\/wp\/v2\/pages\/327\/revisions"}],"predecessor-version":[{"id":15856,"href":"https:\/\/fcfrp.usp.br\/en\/wp-json\/wp\/v2\/pages\/327\/revisions\/15856"}],"wp:attachment":[{"href":"https:\/\/fcfrp.usp.br\/en\/wp-json\/wp\/v2\/media?parent=327"}],"curies":[{"name":"wp","href":"https:\/\/api.w.org\/{rel}","templated":true}]}}