{"id":3511,"date":"2020-05-02T11:48:51","date_gmt":"2020-05-02T13:48:51","guid":{"rendered":"https:\/\/sites.usp.br\/fcfrp\/?page_id=3511"},"modified":"2020-05-06T16:33:17","modified_gmt":"2020-05-06T18:33:17","slug":"sequenciamento","status":"publish","type":"page","link":"https:\/\/fcfrp.usp.br\/en\/pesquisa-extensao\/pesquisa\/centrais-multiusuarios\/sequenciamento\/","title":{"rendered":"Nucleic Acid Sequencing Multi-User Laboratory (LMSeq)"},"content":{"rendered":"<div id=\"pl-3511\"  class=\"panel-layout\" ><div id=\"pg-3511-0\"  class=\"panel-grid panel-no-style\" ><div id=\"pgc-3511-0-0\"  class=\"panel-grid-cell\" ><div id=\"panel-3511-0-0-0\" class=\"so-panel widget widget_text panel-first-child panel-last-child\" data-index=\"0\" >\t\t\t<div class=\"textwidget\"><p><a href=\"https:\/\/sites.usp.br\/fcfrp\/wp-content\/uploads\/sites\/528\/2020\/05\/logolmseq.jpg\"><img loading=\"lazy\" decoding=\"async\" class=\"aligncenter wp-image-4200 size-full\" src=\"https:\/\/sites.usp.br\/fcfrp\/wp-content\/uploads\/sites\/528\/2020\/05\/logolmseq.jpg\" alt=\"\" width=\"800\" height=\"118\" srcset=\"https:\/\/fcfrp.usp.br\/wp-content\/uploads\/sites\/528\/2020\/05\/logolmseq.jpg 800w, https:\/\/fcfrp.usp.br\/wp-content\/uploads\/sites\/528\/2020\/05\/logolmseq-300x44.jpg 300w, https:\/\/fcfrp.usp.br\/wp-content\/uploads\/sites\/528\/2020\/05\/logolmseq-768x113.jpg 768w, https:\/\/fcfrp.usp.br\/wp-content\/uploads\/sites\/528\/2020\/05\/logolmseq-400x59.jpg 400w\" sizes=\"auto, (max-width: 800px) 100vw, 800px\" \/><\/a><\/p>\n<div style=\"text-align: justify; text-indent: 30pt;\">O Laborat\u00f3rio Multiusu\u00e1rio de Sequenciamento de \u00c1cidos Nucleicos (LMSeq) da Faculdade de Ci\u00eancias Farmac\u00eauticas de Ribeir\u00e3o Preto oferece servi\u00e7os de sequenciamento de amostras de DNA em larga escala atrav\u00e9s das plataformas Ion Torrent PGM (ThermoFischer Scientific) e MiSeq (Illumina). Oferecemos tamb\u00e9m servi\u00e7os de sequenciamento de DNA em pequena escala atrav\u00e9s do m\u00e9todo de Sanger, utilizando a plataforma 3500 Genetic Analyzer (ThermoFischer Scientific).<\/div>\n<p>&nbsp;<\/p>\n<p>&nbsp;<\/p>\n<h4><strong>Equipamentos e Servi\u00e7os<\/strong><\/h4>\n<p><a href=\"https:\/\/sites.usp.br\/fcfrp\/wp-content\/uploads\/sites\/528\/2020\/05\/EquipamentosLMSeq.jpg\"><img loading=\"lazy\" decoding=\"async\" class=\"wp-image-4201 size-medium alignright\" src=\"https:\/\/sites.usp.br\/fcfrp\/wp-content\/uploads\/sites\/528\/2020\/05\/EquipamentosLMSeq-300x125.jpg\" alt=\"\" width=\"300\" height=\"125\" srcset=\"https:\/\/fcfrp.usp.br\/wp-content\/uploads\/sites\/528\/2020\/05\/EquipamentosLMSeq-300x125.jpg 300w, https:\/\/fcfrp.usp.br\/wp-content\/uploads\/sites\/528\/2020\/05\/EquipamentosLMSeq-1024x427.jpg 1024w, https:\/\/fcfrp.usp.br\/wp-content\/uploads\/sites\/528\/2020\/05\/EquipamentosLMSeq-768x320.jpg 768w, https:\/\/fcfrp.usp.br\/wp-content\/uploads\/sites\/528\/2020\/05\/EquipamentosLMSeq-1536x640.jpg 1536w, https:\/\/fcfrp.usp.br\/wp-content\/uploads\/sites\/528\/2020\/05\/EquipamentosLMSeq-2048x853.jpg 2048w, https:\/\/fcfrp.usp.br\/wp-content\/uploads\/sites\/528\/2020\/05\/EquipamentosLMSeq-400x167.jpg 400w\" sizes=\"auto, (max-width: 300px) 100vw, 300px\" \/><\/a><\/p>\n<div style=\"text-align: justify; text-indent: 30pt;\"><\/div>\n<div><strong>Ion Torrent PGM<\/strong><\/div>\n<div style=\"text-align: justify;\">A plataforma Ion Torrent PGM (ThermoFisher Scientific) tem as vantagens de oferecer leituras longas (at\u00e9 400 pb) e a possibilidade de escolha do chip de sequenciamento de acordo com o objetivo do pesquisador.<br \/>\nPreviamente ao sequenciamento, realizamos o preparo, quantifica\u00e7\u00e3o e an\u00e1lise de qualidade da biblioteca atrav\u00e9s de Bioanalyzer\u00ae e amplifica\u00e7\u00e3o por emPCR.<br \/>\nA tecnologia \u00e9 recomendada principalmente para sequenciamento de genomas e transcriptomas de microorganismos, amplicons e metagenomas.<\/div>\n<p>&nbsp;<\/p>\n<div><strong>Illumina MiSeq<\/strong><\/div>\n<div style=\"text-align: justify;\">Utilizando a plataforma MiSeq (Illumina), obtemos por corrida at\u00e9 15 Gb de alta qualidade, totalizando 12-25 milh\u00f5es de leituras de 2 x300 pb.<br \/>\nPreviamente ao sequenciamento, realizamos o preparo, quantifica\u00e7\u00e3o e an\u00e1lise de qualidade da biblioteca atrav\u00e9s de Bioanalyzer\u00ae.<br \/>\nA tecnologia \u00e9 recomendada principalmente para sequenciamento de genomas e transcriptomas de microorganismos, amplicons e metagenomas.<\/div>\n<p>&nbsp;<\/p>\n<div><strong>3500 Genetic Analyzer<\/strong><\/div>\n<div style=\"text-align: justify;\">O servi\u00e7o de sequenciamento pelo m\u00e9todo de Sanger \u00e9 realizado atrav\u00e9s do equipamento 3500 Genetic Analyzer (ThermoFischer Scientific).<br \/>\nDe acordo com a necessidade do usu\u00e1rio, nosso Laborat\u00f3rio oferece o processamento integral (rea\u00e7\u00e3o com BigDye, purifica\u00e7\u00e3o e sequenciamento) ou parcial (apenas sequenciamento) das amostras.<\/div>\n<p>&nbsp;<\/p>\n<p>&nbsp;<\/p>\n<h4><strong>Dados e Resultados<\/strong><\/h4>\n<div style=\"text-align: justify;\">A chave para uma boa performance no sequenciamento \u00e9 a utiliza\u00e7\u00e3o de amostras com qualidade e quantidade suficientes, o que \u00e9 responsabilidade do usu\u00e1rio. Havendo a necessidade de repeti\u00e7\u00e3o de alguma das etapas do sequenciamento devido \u00e0 baixa qualidade amostral, taxas adicionais ser\u00e3o cobradas.<\/div>\n<div style=\"text-align: justify;\">Para informa\u00e7\u00f5es sobre dados e resultados, entrar em contato.<\/div>\n<p>&nbsp;<\/p>\n<p>&nbsp;<\/p>\n<h4><strong>Hor\u00e1rio de Atendimento<\/strong><\/h4>\n<div style=\"text-align: justify;\">Segunda a Sexta-feira: das 9:00 \u00e0s 18:00 h<\/div>\n<p>&nbsp;<\/p>\n<p>&nbsp;<\/p>\n<h4><strong>Usu\u00e1rios<\/strong><\/h4>\n<div style=\"text-align: justify;\">A utiliza\u00e7\u00e3o dos equipamentos \u00e9 aberta preferencialmente aos docentes e alunos de p\u00f3s-gradua\u00e7\u00e3o da FCFRP-USP e demais unidades da Universidade de S\u00e3o Paulo (USP). De acordo com a disponibilidade de hor\u00e1rios, a utiliza\u00e7\u00e3o poder\u00e1 ser expandida para outros usu\u00e1rios externos, como docentes e alunos de outras institui\u00e7\u00f5es de ensino e pesquisa, al\u00e9m de laborat\u00f3rios diversos, empresas ou ind\u00fastrias interessadas.<\/div>\n<p>&nbsp;<\/p>\n<p>&nbsp;<\/p>\n<h4><strong>Localiza\u00e7\u00e3o<\/strong><\/h4>\n<div style=\"text-align: justify;\">Os equipamentos est\u00e3o instalados na Sala 100 do Bloco A da FCFRP-USP.<\/div>\n<p>&nbsp;<\/p>\n<p>&nbsp;<\/p>\n<h4><strong>Contato<\/strong><\/h4>\n<div style=\"text-align: justify;\"><strong>Emerson de Souza Santos<\/strong><br \/>\nEmail: emerson.souza.santos@usp.br<br \/>\nTel: (16) 3315-4199<\/div>\n<p>&nbsp;<\/p>\n<p>&nbsp;<\/p>\n<h4><strong>Pagamentos<\/strong><\/h4>\n<div style=\"text-align: justify;\">Os valores das corridas de sequenciamento variam de acordo com a aplica\u00e7\u00e3o de interesse (DNA shotgun, transcriptoma ou amplicon) e est\u00e3o sujeitos a mudan\u00e7as conforme cota\u00e7\u00e3o do d\u00f3lar.<\/div>\n<div style=\"text-align: justify;\">Aos valores brutos das corridas, ser\u00e3o acrescidas taxas de servi\u00e7o de acordo com a tabela abaixo:<\/div>\n<p><a href=\"https:\/\/sites.usp.br\/fcfrp\/wp-content\/uploads\/sites\/528\/2020\/05\/valoressequenciamento.jpg\"><img loading=\"lazy\" decoding=\"async\" class=\"wp-image-3773 size-full aligncenter\" src=\"https:\/\/sites.usp.br\/fcfrp\/wp-content\/uploads\/sites\/528\/2020\/05\/valoressequenciamento.jpg\" alt=\"\" width=\"535\" height=\"98\" srcset=\"https:\/\/fcfrp.usp.br\/wp-content\/uploads\/sites\/528\/2020\/05\/valoressequenciamento.jpg 535w, https:\/\/fcfrp.usp.br\/wp-content\/uploads\/sites\/528\/2020\/05\/valoressequenciamento-300x55.jpg 300w, https:\/\/fcfrp.usp.br\/wp-content\/uploads\/sites\/528\/2020\/05\/valoressequenciamento-400x73.jpg 400w\" sizes=\"auto, (max-width: 535px) 100vw, 535px\" \/><\/a><\/p>\n<div style=\"text-align: justify;\">Para or\u00e7amento, por favor, enviei um email para: emerson.souza.santos@usp.br<\/div>\n<\/div>\n\t\t<\/div><\/div><div id=\"pgc-3511-0-1\"  class=\"panel-grid-cell\" ><div id=\"panel-3511-0-1-0\" class=\"so-panel widget widget_nav_menu panel-first-child panel-last-child\" data-index=\"1\" ><div class=\"menu-menu-multi-container\"><ul id=\"menu-menu-multi\" class=\"menu\"><li id=\"menu-item-5520\" class=\"menu-item menu-item-type-post_type menu-item-object-page menu-item-has-children menu-item-5520\"><a href=\"https:\/\/fcfrp.usp.br\/en\/pesquisa-extensao\/\">PESQUISA \/ EXTENS\u00c3O<\/a>\n<ul class=\"sub-menu\">\n\t<li id=\"menu-item-3343\" class=\"menu-item menu-item-type-post_type menu-item-object-page menu-item-has-children menu-item-3343\"><a href=\"https:\/\/fcfrp.usp.br\/en\/pesquisa-extensao\/pesquisa\/\">Pesquisa<\/a>\n\t<ul class=\"sub-menu\">\n\t\t<li id=\"menu-item-5919\" class=\"menu-item menu-item-type-post_type menu-item-object-page menu-item-5919\"><a href=\"https:\/\/fcfrp.usp.br\/en\/pesquisa-extensao\/pesquisa\/normas\/\">Normas<\/a><\/li>\n\t\t<li id=\"menu-item-5563\" class=\"menu-item menu-item-type-post_type menu-item-object-page menu-item-5563\"><a href=\"https:\/\/fcfrp.usp.br\/en\/pesquisa-extensao\/pesquisa\/infraestrutura\/\">Infraestrutura<\/a><\/li>\n\t\t<li id=\"menu-item-3346\" class=\"menu-item menu-item-type-post_type menu-item-object-page menu-item-has-children menu-item-3346\"><a href=\"https:\/\/fcfrp.usp.br\/en\/pesquisa-extensao\/pesquisa\/centrais-multiusuarios\/\">Centrais Multiusu\u00e1rios<\/a>\n\t\t<ul class=\"sub-menu\">\n\t\t\t<li id=\"menu-item-13614\" class=\"menu-item menu-item-type-post_type menu-item-object-page menu-item-13614\"><a href=\"https:\/\/fcfrp.usp.br\/en\/pesquisa-extensao\/pesquisa\/centrais-multiusuarios\/cenacroesp\/\">Chromatography and Spectrometry Center (CENACROESP)<\/a><\/li>\n\t\t\t<li id=\"menu-item-3518\" class=\"menu-item menu-item-type-post_type menu-item-object-page menu-item-3518\"><a href=\"https:\/\/fcfrp.usp.br\/en\/pesquisa-extensao\/pesquisa\/centrais-multiusuarios\/pusesin\/\">Central Multiusu\u00e1rio de Purifica\u00e7\u00e3o e Sequenciamento de Prote\u00edna e S\u00edntese de Pept\u00eddeo (PuSeSin)<\/a><\/li>\n\t\t\t<li id=\"menu-item-14599\" class=\"menu-item menu-item-type-post_type menu-item-object-page menu-item-14599\"><a href=\"https:\/\/uspmulti.prp.usp.br\/public\/centrais\/262\">Multiuser Central in Structural Biochemistry and Metabolism \u2013 Central BQ<\/a><\/li>\n\t\t\t<li id=\"menu-item-13616\" class=\"menu-item menu-item-type-post_type menu-item-object-page menu-item-13616\"><a href=\"https:\/\/fcfrp.usp.br\/en\/pesquisa-extensao\/pesquisa\/centrais-multiusuarios\/cemaesp\/\">Center of Excellence in Metallomics Applied to Population Health Studies (CEMAESP)<\/a><\/li>\n\t\t\t<li id=\"menu-item-12988\" class=\"menu-item menu-item-type-post_type menu-item-object-page menu-item-12988\"><a href=\"https:\/\/fcfrp.usp.br\/en\/pesquisa-extensao\/pesquisa\/centrais-multiusuarios\/oncomot\/\">Center of Excellence in Molecular and Translational Oncology (OncoMoT)<\/a><\/li>\n\t\t\t<li id=\"menu-item-3404\" class=\"menu-item menu-item-type-post_type menu-item-object-page menu-item-3404\"><a href=\"https:\/\/fcfrp.usp.br\/en\/pesquisa-extensao\/pesquisa\/centrais-multiusuarios\/ceqil\/\">Centro de Excel\u00eancia em Quantifica\u00e7\u00e3o e Identifica\u00e7\u00e3o de Lip\u00eddios (CEQIL)<\/a><\/li>\n\t\t\t<li id=\"menu-item-3520\" class=\"menu-item menu-item-type-post_type menu-item-object-page menu-item-3520\"><a href=\"https:\/\/fcfrp.usp.br\/en\/pesquisa-extensao\/pesquisa\/centrais-multiusuarios\/lafai\/\">Laborat\u00f3rio de Farmacot\u00e9cnica Instrumental (LAFAI)<\/a><\/li>\n\t\t\t<li id=\"menu-item-3519\" class=\"menu-item menu-item-type-post_type menu-item-object-page menu-item-3519\"><a href=\"https:\/\/fcfrp.usp.br\/en\/pesquisa-extensao\/pesquisa\/centrais-multiusuarios\/laprofar\/\">Laborat\u00f3rio de P&#038;D em Processos Farmac\u00eauticos (LAPROFAR)<\/a><\/li>\n\t\t\t<li id=\"menu-item-3492\" class=\"menu-item menu-item-type-post_type menu-item-object-page menu-item-3492\"><a href=\"https:\/\/fcfrp.usp.br\/en\/pesquisa-extensao\/pesquisa\/centrais-multiusuarios\/astox\/\">Laborat\u00f3rio de Toxicologia Anal\u00edtica e de Sistemas (ASTox)<\/a><\/li>\n\t\t\t<li id=\"menu-item-3517\" class=\"menu-item menu-item-type-post_type menu-item-object-page menu-item-3517\"><a href=\"https:\/\/fcfrp.usp.br\/en\/pesquisa-extensao\/pesquisa\/centrais-multiusuarios\/sequenciamento\/\">Laborat\u00f3rio Multiusu\u00e1rio de Sequenciamento de \u00c1cidos Nucleicos (LMSeq)<\/a><\/li>\n\t\t\t<li id=\"menu-item-12470\" class=\"menu-item menu-item-type-post_type menu-item-object-page menu-item-12470\"><a href=\"https:\/\/fcfrp.usp.br\/en\/pesquisa-extensao\/pesquisa\/centrais-multiusuarios\/crmn300\/\">300MHz Nuclear Magnetic Resonance Center<\/a><\/li>\n\t\t\t<li id=\"menu-item-3860\" class=\"menu-item menu-item-type-post_type menu-item-object-page menu-item-has-children menu-item-3860\"><a href=\"https:\/\/fcfrp.usp.br\/en\/pesquisa-extensao\/pesquisa\/centrais-multiusuarios\/\">LIAREC &#8211; Laborat\u00f3rio de Imagens de Alta Resolu\u00e7\u00e3o e Estudos Celulares<\/a>\n\t\t\t<ul class=\"sub-menu\">\n\t\t\t\t<li id=\"menu-item-3543\" class=\"menu-item menu-item-type-post_type menu-item-object-page menu-item-3543\"><a href=\"https:\/\/fcfrp.usp.br\/en\/pesquisa-extensao\/pesquisa\/centrais-multiusuarios\/nanoparticulados\/\">Caracteriza\u00e7\u00e3o de Sistemas de Libera\u00e7\u00e3o Micro e Nanodispersos<\/a><\/li>\n\t\t\t\t<li id=\"menu-item-3542\" class=\"menu-item menu-item-type-post_type menu-item-object-page menu-item-3542\"><a href=\"https:\/\/fcfrp.usp.br\/en\/pesquisa-extensao\/pesquisa\/centrais-multiusuarios\/citometria\/\">Citometria de Fluxo<\/a><\/li>\n\t\t\t\t<li id=\"menu-item-3541\" class=\"menu-item menu-item-type-post_type menu-item-object-page menu-item-3541\"><a href=\"https:\/\/fcfrp.usp.br\/en\/pesquisa-extensao\/pesquisa\/centrais-multiusuarios\/eletroforese\/\">Eletroforese Capilar<\/a><\/li>\n\t\t\t\t<li id=\"menu-item-3540\" class=\"menu-item menu-item-type-post_type menu-item-object-page menu-item-3540\"><a href=\"https:\/\/fcfrp.usp.br\/en\/pesquisa-extensao\/pesquisa\/centrais-multiusuarios\/microscopia\/\">Microscopia de Fluoresc\u00eancia Confocal<\/a><\/li>\n\t\t\t\t<li id=\"menu-item-3882\" class=\"menu-item menu-item-type-post_type menu-item-object-page menu-item-3882\"><a href=\"https:\/\/fcfrp.usp.br\/en\/pesquisa-extensao\/pesquisa\/centrais-multiusuarios\/microscopia-atomica\/\">Microsc\u00f3pio de For\u00e7a At\u00f4mica<\/a><\/li>\n\t\t\t<\/ul>\n<\/li>\n\t\t<\/ul>\n<\/li>\n\t\t<li id=\"menu-item-5569\" class=\"menu-item menu-item-type-post_type menu-item-object-page menu-item-5569\"><a href=\"https:\/\/fcfrp.usp.br\/en\/pesquisa-extensao\/pesquisa\/grupos-pesquisa\/\">Grupos de Pesquisa<\/a><\/li>\n\t\t<li id=\"menu-item-5575\" class=\"menu-item menu-item-type-post_type menu-item-object-page menu-item-5575\"><a href=\"https:\/\/fcfrp.usp.br\/en\/pesquisa-extensao\/pesquisa\/programas\/\">Programas<\/a><\/li>\n\t\t<li id=\"menu-item-5579\" class=\"menu-item menu-item-type-post_type menu-item-object-page menu-item-5579\"><a href=\"https:\/\/fcfrp.usp.br\/en\/pesquisa-extensao\/pesquisa\/oportunidades\/\">Oportunidades<\/a><\/li>\n\t<\/ul>\n<\/li>\n\t<li id=\"menu-item-3344\" class=\"menu-item menu-item-type-post_type menu-item-object-page menu-item-3344\"><a href=\"https:\/\/fcfrp.usp.br\/en\/pesquisa-extensao\/extensao\/\">Cultura e Extens\u00e3o<\/a><\/li>\n\t<li id=\"menu-item-3345\" class=\"menu-item menu-item-type-post_type menu-item-object-page menu-item-3345\"><a href=\"https:\/\/fcfrp.usp.br\/en\/institucional\/comissoes\/relacoes-internacionais\/\">Rela\u00e7\u00f5es Internacionais<\/a><\/li>\n<\/ul>\n<\/li>\n<\/ul><\/div><\/div><\/div><\/div><\/div>","protected":false},"excerpt":{"rendered":"<p>O Laborat\u00f3rio Multiusu\u00e1rio de Sequenciamento de \u00c1cidos Nucleicos (LMSeq) da Faculdade de Ci\u00eancias Farmac\u00eauticas de Ribeir\u00e3o Preto oferece servi\u00e7os de sequenciamento de amostras de DNA em larga escala atrav\u00e9s das plataformas Ion Torrent PGM (ThermoFischer Scientific) e MiSeq (Illumina). Oferecemos tamb\u00e9m servi\u00e7os de sequenciamento de DNA em pequena escala atrav\u00e9s do m\u00e9todo de Sanger, utilizando<a href=\"https:\/\/fcfrp.usp.br\/en\/pesquisa-extensao\/pesquisa\/centrais-multiusuarios\/sequenciamento\/\">[&#8230;]<\/a><\/p>\n","protected":false},"author":978,"featured_media":0,"parent":796,"menu_order":6,"comment_status":"closed","ping_status":"closed","template":"template-fullwidth-no-title.php","meta":{"footnotes":"","_links_to":"","_links_to_target":""},"class_list":["post-3511","page","type-page","status-publish","hentry"],"_links":{"self":[{"href":"https:\/\/fcfrp.usp.br\/en\/wp-json\/wp\/v2\/pages\/3511","targetHints":{"allow":["GET"]}}],"collection":[{"href":"https:\/\/fcfrp.usp.br\/en\/wp-json\/wp\/v2\/pages"}],"about":[{"href":"https:\/\/fcfrp.usp.br\/en\/wp-json\/wp\/v2\/types\/page"}],"author":[{"embeddable":true,"href":"https:\/\/fcfrp.usp.br\/en\/wp-json\/wp\/v2\/users\/978"}],"replies":[{"embeddable":true,"href":"https:\/\/fcfrp.usp.br\/en\/wp-json\/wp\/v2\/comments?post=3511"}],"version-history":[{"count":4,"href":"https:\/\/fcfrp.usp.br\/en\/wp-json\/wp\/v2\/pages\/3511\/revisions"}],"predecessor-version":[{"id":4205,"href":"https:\/\/fcfrp.usp.br\/en\/wp-json\/wp\/v2\/pages\/3511\/revisions\/4205"}],"up":[{"embeddable":true,"href":"https:\/\/fcfrp.usp.br\/en\/wp-json\/wp\/v2\/pages\/796"}],"wp:attachment":[{"href":"https:\/\/fcfrp.usp.br\/en\/wp-json\/wp\/v2\/media?parent=3511"}],"curies":[{"name":"wp","href":"https:\/\/api.w.org\/{rel}","templated":true}]}}