{"id":3523,"date":"2020-05-02T11:58:48","date_gmt":"2020-05-02T13:58:48","guid":{"rendered":"https:\/\/sites.usp.br\/fcfrp\/?page_id=3523"},"modified":"2020-05-04T10:59:56","modified_gmt":"2020-05-04T12:59:56","slug":"nanoparticulados","status":"publish","type":"page","link":"https:\/\/fcfrp.usp.br\/en\/pesquisa-extensao\/pesquisa\/centrais-multiusuarios\/nanoparticulados\/","title":{"rendered":"Characterization of Micro and Nanodispersed Release Systems"},"content":{"rendered":"<div id=\"pl-3523\"  class=\"panel-layout\" ><div id=\"pg-3523-0\"  class=\"panel-grid panel-no-style\" ><div id=\"pgc-3523-0-0\"  class=\"panel-grid-cell\" ><div id=\"panel-3523-0-0-0\" class=\"so-panel widget widget_text panel-first-child panel-last-child\" data-index=\"0\" >\t\t\t<div class=\"textwidget\"><div style=\"text-align: justify; text-indent: 30pt;\">A Faculdade de Ci\u00eancias Farmac\u00eauticas de Ribeir\u00e3o Preto \u2013 USP conta com um laborat\u00f3rio de caracteriza\u00e7\u00e3o An\u00e1lise de Tamanho de Part\u00edculas e Potencial Zeta para diferentes materiais visando dar suporte t\u00e9cnico \u00e0 pesquisa de medicamentos e cosm\u00e9ticos micro e nanoestruturados, tanto para a comunidade cient\u00edfica da USP e outras IES, bem como prestar servi\u00e7os a usu\u00e1rios externos (empresas). Esses equipamentos foram cedidos pela FAPESP atrav\u00e9s de projetos multiusu\u00e1rio (EMU). A coordenadora \u00e9 a Profa. Dra. Maria Vit\u00f3ria Lopes Badra Bentley.<\/div>\n<p>&nbsp;<\/p>\n<p>&nbsp;<\/p>\n<h4><strong>Equipamentos e Servi\u00e7os<\/strong><\/h4>\n<p><a href=\"https:\/\/sites.usp.br\/fcfrp\/wp-content\/uploads\/sites\/528\/2020\/05\/nanosight.jpg\"><img loading=\"lazy\" decoding=\"async\" class=\"alignright wp-image-3795 size-medium\" src=\"https:\/\/sites.usp.br\/fcfrp\/wp-content\/uploads\/sites\/528\/2020\/05\/nanosight-300x198.jpg\" alt=\"\" width=\"300\" height=\"198\" srcset=\"https:\/\/fcfrp.usp.br\/wp-content\/uploads\/sites\/528\/2020\/05\/nanosight-300x198.jpg 300w, https:\/\/fcfrp.usp.br\/wp-content\/uploads\/sites\/528\/2020\/05\/nanosight-400x264.jpg 400w, https:\/\/fcfrp.usp.br\/wp-content\/uploads\/sites\/528\/2020\/05\/nanosight.jpg 640w\" sizes=\"auto, (max-width: 300px) 100vw, 300px\" \/><\/a><\/p>\n<div style=\"text-align: justify; text-indent: 30pt;\"><\/div>\n<div><strong>NANOSIGHT NS300 COM C\u00c2MARA DE ALTA SENSIBILIDADE E ZETASIZER NANO Z PARA A MEDI\u00c7\u00c3O DO POTENCIAL ZETA DAS PART\u00cdCULAS DISPERSAS E MOL\u00c9CULAS EM SOLU\u00c7\u00c3O<\/strong><\/div>\n<div style=\"text-align: justify;\">A an\u00e1lise de rastreamento de nanopart\u00edculas (NTA) representa uma t\u00e9cnica importante na an\u00e1lise de produtos baseados em Nanotecnologia. O equipamento Nanosight possibilita determinar a complexa\u00e7\u00e3o de macrolel\u00faculas como DNA e siRNA em nanopart\u00edculas, bem como o tamanho e a concentra\u00e7\u00e3o de part\u00edculas nas dispers\u00f5es que \u00e9 fundamental para todos os ensaios in vitro e in vivo, j\u00e1 que a dose de nanopart\u00edculas \u00e9 um ponto chave no efeito biol\u00f3gico e pode ser determinada e controlada usando a t\u00e9cnica de NTA.<br \/>\nNanoSight tamb\u00e9m permite o estudo da aglomera\u00e7\u00e3o das NP em diferentes meios biol\u00f3gicos.<br \/>\nZeta gama potencial&gt; +\/- 500mV, Faixa de Mobilidade&gt; +\/- 20\u03bc.cm \/ V.s. O sistema \u00f3ptico inclui um laser de H\u00e9lio Neon (633nm, max 4 mW) com um detector de APD e tecnologia M3-PALS para alta sensibilidade superior. O posicionamento automatizado dentro da c\u00e9lula de medi\u00e7\u00e3o fornece resultados precisos.<br \/>\nInclui software aplicativo Malvern, fornecendo uma interface \u00fanica, f\u00e1cil de usar para controle de medi\u00e7\u00e3o e an\u00e1lise de dados. Inclui a capacidade de automatizar medi\u00e7\u00f5es usando SOPs, juntamente com um designer de relat\u00f3rio de qualidade de dados. O software pode ser executado como uma aplica\u00e7\u00e3o stand-alone, para an\u00e1lise de dados off-line.<br \/>\nAcess\u00f3rios: NTA1301, NS300 488nm azul M\u00f3dulo Laser, Filtros de fluoresc\u00eancia de 488 nm, 650 nm e 642 nm NTA1303, NS300 Red M\u00f3dulo Laser, NTA1330, CPH3080US, NTA1012, NTA Syringe Pump NS300. Op\u00e7\u00e3o para executar amostra an\u00e1lise com um fluxo constante.<\/div>\n<p>&nbsp;<\/p>\n<div><strong>LS 13320 MULTI WAVELENGHT (MARCA BECKMAN COULTER) &#8211; ANALISADOR DE PART\u00cdCULAS POR DIFRA\u00c7\u00c3O A LASER BASEADO NA TEORIA DE FRAUNHOFER E MIE<\/strong><\/div>\n<div style=\"text-align: justify;\">Este equipamento utiliza a t\u00e9cnica por Difra\u00e7\u00e3o a Laser para caracteriza\u00e7\u00e3o de part\u00edculas. O analisador de tamanho de part\u00edculas LS13320 \u00e9 um dos mais vers\u00e1teis equipamentos de difra\u00e7\u00e3o de laser atualmente dispon\u00edvel, oferecendo alta resolu\u00e7\u00e3o, precis\u00e3o e reprodutibilidade. Ele possibilita o estudo da Distribui\u00e7\u00e3o Granulom\u00e9trica das part\u00edculas em uma faixa entre 0,04 e 2000\u00b5m, proporcionando an\u00e1lises com amostras secas (p\u00f3s) e \u00famidas (emuls\u00f5es, suspens\u00f5es, cremes, l\u00edquidos), de acordo com o m\u00f3dulo acoplado (Tornado-p\u00f3 ou ULM). O LS13320 atende a Norma Internacional ISO13320 (Particle Size Analysis \u2013 Laser Diffraction Methods). O software LS13320 est\u00e1 de acordo com a Norma CFR 21 Parte 11 da FDA (Food and Drug Administration) no tocante a todos os registros eletr\u00f4nicos na manipula\u00e7\u00e3o do software pelos usu\u00e1rios. Possui m\u00faltiplos detectores o que lhe garante maior precis\u00e3o de medida em todas as faixas granulom\u00e9tricas, facilitando a determina\u00e7\u00e3o de distribui\u00e7\u00f5es bi-modais e\/ou tri-modais, comparativamente a equipamentos possuindo detector simples. O sistema de preparo de amostras do LS13320, tanto para s\u00f3lidos e l\u00edquidos, permite a f\u00e1cil dispers\u00e3o de part\u00edculas, levando a \u00f3timos resultados quando se trabalha com part\u00edculas aglomeradas.<\/div>\n<p>&nbsp;<\/p>\n<div><strong>ZETASIZER NANO ZS (MARCA MALVERN INSTRUMENTS). ANALISADOR DE TAMANHO DE PART\u00cdCULA, PM E POTENCIAL ZETA DE PART\u00cdCULAS E DISPERS\u00d5ES L\u00cdQUIDAS, COM FONTE DE LUZ LASER 633 NM, MAX 4MW E \u00c2NGULO DE DETEC\u00c7\u00c3O DE 173\u00ba<\/strong><\/div>\n<div style=\"text-align: justify;\">O Zetasizer Nano ZS \u00e9 um analisador de alto desempenho para tamanho molecular e de part\u00edculas. Melhor detec\u00e7\u00e3o de agregados e medi\u00e7\u00e3o de amostras pequenas ou dilu\u00eddas, bem como de amostras com concentra\u00e7\u00f5es extremas (alta ou baixa) usando espalhamento de luz din\u00e2mico com \u00f3ptica &#8220;NIBS&#8221; cujo desempenho \u00e9 significativamente melhor em compara\u00e7\u00e3o aos sistemas que utilizam espalhamento em \u00e2ngulo de 90\u00b0. Possui tamb\u00e9m um analisador de potencial zeta que utiliza o espalhamento de luz eletrofor\u00e9tico para part\u00edculas, mol\u00e9culas e superf\u00edcies; um analisador de massa molecular por espalhamento da luz est\u00e1tica al\u00e9m de um autotitulador MPT-2 que possibilita o estudo do efeito das altera\u00e7\u00f5es no pH, na condutividade ou em qualquer outro aditivo de modo autom\u00e1tico. Utiliza o Software PSS0012 Malvern Instruments DTS Application.<\/div>\n<p>&nbsp;<\/p>\n<p>&nbsp;<\/p>\n<h4><strong>Dados e Resultados<\/strong><\/h4>\n<div style=\"text-align: justify;\">Para agendamento, entrar em contato.<\/div>\n<div style=\"text-align: justify;\">As an\u00e1lises somente ser\u00e3o realizadas ap\u00f3s aprova\u00e7\u00e3o do or\u00e7amento e prazo de entrega dos resultados pelas partes.<\/div>\n<p>&nbsp;<\/p>\n<p>&nbsp;<\/p>\n<h4><strong>Hor\u00e1rio de Atendimento<\/strong><\/h4>\n<div style=\"text-align: justify;\">Segunda a Sexta-feira: das 8:00 \u00e0s 12:00 e das 13:00 \u00e0s 17:00 h<\/div>\n<p>&nbsp;<\/p>\n<p>&nbsp;<\/p>\n<h4><strong>Usu\u00e1rios<\/strong><\/h4>\n<div style=\"text-align: justify;\">A utiliza\u00e7\u00e3o dos equipamentos \u00e9 aberta preferencialmente aos docentes e alunos de p\u00f3s-gradua\u00e7\u00e3o da FCFRP-USP e demais unidades da Universidade de S\u00e3o Paulo (USP). De acordo com a disponibilidade de hor\u00e1rios, a utiliza\u00e7\u00e3o poder\u00e1 ser expandida para outros usu\u00e1rios externos, como docentes e alunos de outras institui\u00e7\u00f5es de ensino e pesquisa, al\u00e9m de laborat\u00f3rios diversos, empresas ou ind\u00fastrias interessadas.<\/div>\n<p>&nbsp;<\/p>\n<p>&nbsp;<\/p>\n<h4><strong>Localiza\u00e7\u00e3o<\/strong><\/h4>\n<div style=\"text-align: justify;\">Os equipamentos est\u00e3o instalados na Sala 19 do Bloco N da FCFRP-USP.<\/div>\n<p>&nbsp;<\/p>\n<p>&nbsp;<\/p>\n<h4><strong>Contato<\/strong><\/h4>\n<div style=\"text-align: justify;\"><strong>Jos\u00e9 Orestes Del Ciampo<\/strong><br \/>\nEmail: jociampo@usp.br<br \/>\nTel: (16) 3315-4302<\/div>\n<p>&nbsp;<\/p>\n<p>&nbsp;<\/p>\n<h4><strong>Pagamentos<\/strong><\/h4>\n<div style=\"text-align: justify;\">Os usu\u00e1rios\/solicitantes contribuem com o pagamento de uma taxa de an\u00e1lise\/amostra recolhida na Tesouraria da FCFRP-USP junto ao centro de despesa Centro de An\u00e1lises de Sistemas Particulados \u2013 CEANSISPART.<br \/>\nOs valores das an\u00e1lises s\u00e3o determinados por consulta e dependem do tipo e n\u00famero de amostras\/usu\u00e1rio.<\/div>\n<\/div>\n\t\t<\/div><\/div><div id=\"pgc-3523-0-1\"  class=\"panel-grid-cell\" ><div id=\"panel-3523-0-1-0\" class=\"so-panel widget widget_nav_menu panel-first-child panel-last-child\" data-index=\"1\" ><div class=\"menu-menu-multi-container\"><ul id=\"menu-menu-multi\" class=\"menu\"><li id=\"menu-item-5520\" class=\"menu-item menu-item-type-post_type menu-item-object-page menu-item-has-children menu-item-5520\"><a href=\"https:\/\/fcfrp.usp.br\/en\/pesquisa-extensao\/\">PESQUISA \/ EXTENS\u00c3O<\/a>\n<ul class=\"sub-menu\">\n\t<li id=\"menu-item-3343\" class=\"menu-item menu-item-type-post_type menu-item-object-page menu-item-has-children menu-item-3343\"><a href=\"https:\/\/fcfrp.usp.br\/en\/pesquisa-extensao\/pesquisa\/\">Pesquisa<\/a>\n\t<ul class=\"sub-menu\">\n\t\t<li id=\"menu-item-5919\" class=\"menu-item menu-item-type-post_type menu-item-object-page menu-item-5919\"><a href=\"https:\/\/fcfrp.usp.br\/en\/pesquisa-extensao\/pesquisa\/normas\/\">Normas<\/a><\/li>\n\t\t<li id=\"menu-item-5563\" class=\"menu-item menu-item-type-post_type menu-item-object-page menu-item-5563\"><a href=\"https:\/\/fcfrp.usp.br\/en\/pesquisa-extensao\/pesquisa\/infraestrutura\/\">Infraestrutura<\/a><\/li>\n\t\t<li id=\"menu-item-3346\" class=\"menu-item menu-item-type-post_type menu-item-object-page menu-item-has-children menu-item-3346\"><a href=\"https:\/\/fcfrp.usp.br\/en\/pesquisa-extensao\/pesquisa\/centrais-multiusuarios\/\">Centrais Multiusu\u00e1rios<\/a>\n\t\t<ul class=\"sub-menu\">\n\t\t\t<li id=\"menu-item-13614\" class=\"menu-item menu-item-type-post_type menu-item-object-page menu-item-13614\"><a href=\"https:\/\/fcfrp.usp.br\/en\/pesquisa-extensao\/pesquisa\/centrais-multiusuarios\/cenacroesp\/\">Chromatography and Spectrometry Center (CENACROESP)<\/a><\/li>\n\t\t\t<li id=\"menu-item-3518\" class=\"menu-item menu-item-type-post_type menu-item-object-page menu-item-3518\"><a href=\"https:\/\/fcfrp.usp.br\/en\/pesquisa-extensao\/pesquisa\/centrais-multiusuarios\/pusesin\/\">Central Multiusu\u00e1rio de Purifica\u00e7\u00e3o e Sequenciamento de Prote\u00edna e S\u00edntese de Pept\u00eddeo (PuSeSin)<\/a><\/li>\n\t\t\t<li id=\"menu-item-14599\" class=\"menu-item menu-item-type-post_type menu-item-object-page menu-item-14599\"><a href=\"https:\/\/uspmulti.prp.usp.br\/public\/centrais\/262\">Multiuser Central in Structural Biochemistry and Metabolism \u2013 Central BQ<\/a><\/li>\n\t\t\t<li id=\"menu-item-13616\" class=\"menu-item menu-item-type-post_type menu-item-object-page menu-item-13616\"><a href=\"https:\/\/fcfrp.usp.br\/en\/pesquisa-extensao\/pesquisa\/centrais-multiusuarios\/cemaesp\/\">Center of Excellence in Metallomics Applied to Population Health Studies (CEMAESP)<\/a><\/li>\n\t\t\t<li id=\"menu-item-12988\" class=\"menu-item menu-item-type-post_type menu-item-object-page menu-item-12988\"><a href=\"https:\/\/fcfrp.usp.br\/en\/pesquisa-extensao\/pesquisa\/centrais-multiusuarios\/oncomot\/\">Center of Excellence in Molecular and Translational Oncology (OncoMoT)<\/a><\/li>\n\t\t\t<li id=\"menu-item-3404\" class=\"menu-item menu-item-type-post_type menu-item-object-page menu-item-3404\"><a href=\"https:\/\/fcfrp.usp.br\/en\/pesquisa-extensao\/pesquisa\/centrais-multiusuarios\/ceqil\/\">Centro de Excel\u00eancia em Quantifica\u00e7\u00e3o e Identifica\u00e7\u00e3o de Lip\u00eddios (CEQIL)<\/a><\/li>\n\t\t\t<li id=\"menu-item-3520\" class=\"menu-item menu-item-type-post_type menu-item-object-page menu-item-3520\"><a href=\"https:\/\/fcfrp.usp.br\/en\/pesquisa-extensao\/pesquisa\/centrais-multiusuarios\/lafai\/\">Laborat\u00f3rio de Farmacot\u00e9cnica Instrumental (LAFAI)<\/a><\/li>\n\t\t\t<li id=\"menu-item-3519\" class=\"menu-item menu-item-type-post_type menu-item-object-page menu-item-3519\"><a href=\"https:\/\/fcfrp.usp.br\/en\/pesquisa-extensao\/pesquisa\/centrais-multiusuarios\/laprofar\/\">Laborat\u00f3rio de P&#038;D em Processos Farmac\u00eauticos (LAPROFAR)<\/a><\/li>\n\t\t\t<li id=\"menu-item-3492\" class=\"menu-item menu-item-type-post_type menu-item-object-page menu-item-3492\"><a href=\"https:\/\/fcfrp.usp.br\/en\/pesquisa-extensao\/pesquisa\/centrais-multiusuarios\/astox\/\">Laborat\u00f3rio de Toxicologia Anal\u00edtica e de Sistemas (ASTox)<\/a><\/li>\n\t\t\t<li id=\"menu-item-3517\" class=\"menu-item menu-item-type-post_type menu-item-object-page menu-item-3517\"><a href=\"https:\/\/fcfrp.usp.br\/en\/pesquisa-extensao\/pesquisa\/centrais-multiusuarios\/sequenciamento\/\">Laborat\u00f3rio Multiusu\u00e1rio de Sequenciamento de \u00c1cidos Nucleicos (LMSeq)<\/a><\/li>\n\t\t\t<li id=\"menu-item-12470\" class=\"menu-item menu-item-type-post_type menu-item-object-page menu-item-12470\"><a href=\"https:\/\/fcfrp.usp.br\/en\/pesquisa-extensao\/pesquisa\/centrais-multiusuarios\/crmn300\/\">300MHz Nuclear Magnetic Resonance Center<\/a><\/li>\n\t\t\t<li id=\"menu-item-3860\" class=\"menu-item menu-item-type-post_type menu-item-object-page menu-item-has-children menu-item-3860\"><a href=\"https:\/\/fcfrp.usp.br\/en\/pesquisa-extensao\/pesquisa\/centrais-multiusuarios\/\">LIAREC &#8211; Laborat\u00f3rio de Imagens de Alta Resolu\u00e7\u00e3o e Estudos Celulares<\/a>\n\t\t\t<ul class=\"sub-menu\">\n\t\t\t\t<li id=\"menu-item-3543\" class=\"menu-item menu-item-type-post_type menu-item-object-page menu-item-3543\"><a href=\"https:\/\/fcfrp.usp.br\/en\/pesquisa-extensao\/pesquisa\/centrais-multiusuarios\/nanoparticulados\/\">Caracteriza\u00e7\u00e3o de Sistemas de Libera\u00e7\u00e3o Micro e Nanodispersos<\/a><\/li>\n\t\t\t\t<li id=\"menu-item-3542\" class=\"menu-item menu-item-type-post_type menu-item-object-page menu-item-3542\"><a href=\"https:\/\/fcfrp.usp.br\/en\/pesquisa-extensao\/pesquisa\/centrais-multiusuarios\/citometria\/\">Citometria de Fluxo<\/a><\/li>\n\t\t\t\t<li id=\"menu-item-3541\" class=\"menu-item menu-item-type-post_type menu-item-object-page menu-item-3541\"><a href=\"https:\/\/fcfrp.usp.br\/en\/pesquisa-extensao\/pesquisa\/centrais-multiusuarios\/eletroforese\/\">Eletroforese Capilar<\/a><\/li>\n\t\t\t\t<li id=\"menu-item-3540\" class=\"menu-item menu-item-type-post_type menu-item-object-page menu-item-3540\"><a href=\"https:\/\/fcfrp.usp.br\/en\/pesquisa-extensao\/pesquisa\/centrais-multiusuarios\/microscopia\/\">Microscopia de Fluoresc\u00eancia Confocal<\/a><\/li>\n\t\t\t\t<li id=\"menu-item-3882\" class=\"menu-item menu-item-type-post_type menu-item-object-page menu-item-3882\"><a href=\"https:\/\/fcfrp.usp.br\/en\/pesquisa-extensao\/pesquisa\/centrais-multiusuarios\/microscopia-atomica\/\">Microsc\u00f3pio de For\u00e7a At\u00f4mica<\/a><\/li>\n\t\t\t<\/ul>\n<\/li>\n\t\t<\/ul>\n<\/li>\n\t\t<li id=\"menu-item-5569\" class=\"menu-item menu-item-type-post_type menu-item-object-page menu-item-5569\"><a href=\"https:\/\/fcfrp.usp.br\/en\/pesquisa-extensao\/pesquisa\/grupos-pesquisa\/\">Grupos de Pesquisa<\/a><\/li>\n\t\t<li id=\"menu-item-5575\" class=\"menu-item menu-item-type-post_type menu-item-object-page menu-item-5575\"><a href=\"https:\/\/fcfrp.usp.br\/en\/pesquisa-extensao\/pesquisa\/programas\/\">Programas<\/a><\/li>\n\t\t<li id=\"menu-item-5579\" class=\"menu-item menu-item-type-post_type menu-item-object-page menu-item-5579\"><a href=\"https:\/\/fcfrp.usp.br\/en\/pesquisa-extensao\/pesquisa\/oportunidades\/\">Oportunidades<\/a><\/li>\n\t<\/ul>\n<\/li>\n\t<li id=\"menu-item-3344\" class=\"menu-item menu-item-type-post_type menu-item-object-page menu-item-3344\"><a href=\"https:\/\/fcfrp.usp.br\/en\/pesquisa-extensao\/extensao\/\">Cultura e Extens\u00e3o<\/a><\/li>\n\t<li id=\"menu-item-3345\" class=\"menu-item menu-item-type-post_type menu-item-object-page menu-item-3345\"><a href=\"https:\/\/fcfrp.usp.br\/en\/institucional\/comissoes\/relacoes-internacionais\/\">Rela\u00e7\u00f5es Internacionais<\/a><\/li>\n<\/ul>\n<\/li>\n<\/ul><\/div><\/div><\/div><\/div><\/div>","protected":false},"excerpt":{"rendered":"<p>A Faculdade de Ci\u00eancias Farmac\u00eauticas de Ribeir\u00e3o Preto \u2013 USP conta com um laborat\u00f3rio de caracteriza\u00e7\u00e3o An\u00e1lise de Tamanho de Part\u00edculas e Potencial Zeta para diferentes materiais visando dar suporte t\u00e9cnico \u00e0 pesquisa de medicamentos e cosm\u00e9ticos micro e nanoestruturados, tanto para a comunidade cient\u00edfica da USP e outras IES, bem como prestar servi\u00e7os a<a href=\"https:\/\/fcfrp.usp.br\/en\/pesquisa-extensao\/pesquisa\/centrais-multiusuarios\/nanoparticulados\/\">[&#8230;]<\/a><\/p>\n","protected":false},"author":978,"featured_media":0,"parent":796,"menu_order":7,"comment_status":"closed","ping_status":"closed","template":"template-fullwidth.php","meta":{"footnotes":"","_links_to":"","_links_to_target":""},"class_list":["post-3523","page","type-page","status-publish","hentry"],"_links":{"self":[{"href":"https:\/\/fcfrp.usp.br\/en\/wp-json\/wp\/v2\/pages\/3523","targetHints":{"allow":["GET"]}}],"collection":[{"href":"https:\/\/fcfrp.usp.br\/en\/wp-json\/wp\/v2\/pages"}],"about":[{"href":"https:\/\/fcfrp.usp.br\/en\/wp-json\/wp\/v2\/types\/page"}],"author":[{"embeddable":true,"href":"https:\/\/fcfrp.usp.br\/en\/wp-json\/wp\/v2\/users\/978"}],"replies":[{"embeddable":true,"href":"https:\/\/fcfrp.usp.br\/en\/wp-json\/wp\/v2\/comments?post=3523"}],"version-history":[{"count":4,"href":"https:\/\/fcfrp.usp.br\/en\/wp-json\/wp\/v2\/pages\/3523\/revisions"}],"predecessor-version":[{"id":3835,"href":"https:\/\/fcfrp.usp.br\/en\/wp-json\/wp\/v2\/pages\/3523\/revisions\/3835"}],"up":[{"embeddable":true,"href":"https:\/\/fcfrp.usp.br\/en\/wp-json\/wp\/v2\/pages\/796"}],"wp:attachment":[{"href":"https:\/\/fcfrp.usp.br\/en\/wp-json\/wp\/v2\/media?parent=3523"}],"curies":[{"name":"wp","href":"https:\/\/api.w.org\/{rel}","templated":true}]}}