{"id":3532,"date":"2020-05-02T12:03:19","date_gmt":"2020-05-02T14:03:19","guid":{"rendered":"https:\/\/sites.usp.br\/fcfrp\/?page_id=3532"},"modified":"2020-05-23T15:49:57","modified_gmt":"2020-05-23T17:49:57","slug":"eletroforese","status":"publish","type":"page","link":"https:\/\/fcfrp.usp.br\/en\/pesquisa-extensao\/pesquisa\/centrais-multiusuarios\/eletroforese\/","title":{"rendered":"Capillary Electrophoresis"},"content":{"rendered":"<div id=\"pl-3532\"  class=\"panel-layout\" ><div id=\"pg-3532-0\"  class=\"panel-grid panel-no-style\" ><div id=\"pgc-3532-0-0\"  class=\"panel-grid-cell\" ><div id=\"panel-3532-0-0-0\" class=\"so-panel widget widget_text panel-first-child panel-last-child\" data-index=\"0\" >\t\t\t<div class=\"textwidget\"><div style=\"text-align: justify; text-indent: 30pt;\">A Infraestrutura Multiusu\u00e1rio de Eletroforese Capilar possibilita, dentre outras aplica\u00e7\u00f5es, a identifica\u00e7\u00e3o (determina\u00e7\u00e3o do tamanho) e quantifica\u00e7\u00e3o de prote\u00ednas, glicanos, pept\u00eddeos, DNA e RNA.<\/div>\n<div style=\"text-align: justify;\">Coordena\u00e7\u00e3o: Profa. Dra. Suely Vilela.<\/div>\n<p>&nbsp;<\/p>\n<p>&nbsp;<\/p>\n<h4><strong>Equipamentos e Servi\u00e7os<\/strong><\/h4>\n<p><a href=\"https:\/\/sites.usp.br\/fcfrp\/wp-content\/uploads\/sites\/528\/2020\/05\/labchip.jpg\"><img loading=\"lazy\" decoding=\"async\" class=\"alignright wp-image-3815 size-medium\" src=\"https:\/\/sites.usp.br\/fcfrp\/wp-content\/uploads\/sites\/528\/2020\/05\/labchip-261x300.jpg\" alt=\"\" width=\"261\" height=\"300\" srcset=\"https:\/\/fcfrp.usp.br\/wp-content\/uploads\/sites\/528\/2020\/05\/labchip-261x300.jpg 261w, https:\/\/fcfrp.usp.br\/wp-content\/uploads\/sites\/528\/2020\/05\/labchip-768x884.jpg 768w, https:\/\/fcfrp.usp.br\/wp-content\/uploads\/sites\/528\/2020\/05\/labchip-400x460.jpg 400w, https:\/\/fcfrp.usp.br\/wp-content\/uploads\/sites\/528\/2020\/05\/labchip.jpg 869w\" sizes=\"auto, (max-width: 261px) 100vw, 261px\" \/><\/a><\/p>\n<div style=\"text-align: justify; text-indent: 30pt;\">O equipamento LabChip GXII Touch 24 \u00e9 uma plataforma de eletroforese capilar para prote\u00ednas e \u00e1cidos nucleicos utilizada para quantifica\u00e7\u00e3o e determina\u00e7\u00e3o da massa molar de prote\u00ednas (14kDa a 200 kDa), determinar o perfil de pureza, o perfil de glicosila\u00e7\u00e3o, a pureza e fragmenta\u00e7\u00e3o de anticorpos bem como, a separa\u00e7\u00e3o e quantifica\u00e7\u00e3o de DNA e RNA. O equipamento foi cedido pela FAPESP atrav\u00e9s do Projeto Multiusu\u00e1rio (EMU &#8211; 2014\/20212-5), vinculado ao projeto tem\u00e1tico, processo 2011\/23236-4 &#8211; Toxinas Animais Nativas e Recombinantes: An\u00e1lise Funcional, Estrutural e Molecular.<\/div>\n<div style=\"text-align: justify;\">O LabChip \u00e9 baseado em tecnologia microflu\u00eddica automatizada que substitui a t\u00e9cnica de eletroforese em gel. Ele possibilita an\u00e1lises com sensibilidade, especificidade e seletividade maiores quando comparadas com as t\u00e9cnicas tradicionais de eletroforese em gel, eliminando a necessidade de preparo manual das amostras. Esse equipamento trabalha com kits de reagentes espec\u00edficos para cada determina\u00e7\u00e3o. <a href=\"https:\/\/www.perkinelmer.com\/category\/microfluidic-reagents\" target=\"_blank\" rel=\"noopener\">Aqui<\/a> \u00e9 poss\u00edvel ver os kits disponibilizados pelo fabricante, assim como as especifica\u00e7\u00f5es de aplica\u00e7\u00e3o de cada kit (Tipo de analito, peso molecular, faixa de linearidade, etc.)<\/div>\n<p>&nbsp;<\/p>\n<p>&nbsp;<\/p>\n<h4><strong>Dados e Resultados<\/strong><\/h4>\n<div style=\"text-align: justify;\">O agendamento dever\u00e1 ser realizado atrav\u00e9s do formul\u00e1rio abaixo.<br \/>\nOs resultados s\u00e3o apresentados em programa especifico que permite a visualiza\u00e7\u00e3o dos resultados na forma de tabela (identifica\u00e7\u00e3o de cada analito e sua concentra\u00e7\u00e3o), na forma de eletroferograma (gr\u00e1fico) e tamb\u00e9m a visualiza\u00e7\u00e3o de maneira semelhante aos g\u00e9is tradicionais.<br \/>\nResultados s\u00f3 ser\u00e3o entregues mediante apresenta\u00e7\u00e3o do recibo de pagamento emitido pela Se\u00e7\u00e3o de Tesouraria da FCFRP \u2013 USP.<br \/>\nPara outras informa\u00e7\u00f5es, entrar em contato.<\/div>\n<p>&nbsp;<\/p>\n<p>&nbsp;<\/p>\n<h4><strong>Hor\u00e1rio de Atendimento<\/strong><\/h4>\n<div style=\"text-align: justify;\">Segunda a Sexta-feira: das 8:00 \u00e0s 17:00 h<\/div>\n<p>&nbsp;<\/p>\n<p>&nbsp;<\/p>\n<h4><strong>Usu\u00e1rios<\/strong><\/h4>\n<div style=\"text-align: justify;\">A utiliza\u00e7\u00e3o do equipamento \u00e9 aberta preferencialmente aos docentes e alunos de p\u00f3s-gradua\u00e7\u00e3o da FCFRP-USP e demais unidades da Universidade de S\u00e3o Paulo (USP). De acordo com a disponibilidade de hor\u00e1rios, a utiliza\u00e7\u00e3o poder\u00e1 ser expandida para outros usu\u00e1rios externos, como docentes e alunos de outras institui\u00e7\u00f5es de ensino e pesquisa, al\u00e9m de laborat\u00f3rios diversos, empresas ou ind\u00fastrias interessadas.<\/div>\n<p>&nbsp;<\/p>\n<p>&nbsp;<\/p>\n<h4><strong>Localiza\u00e7\u00e3o<\/strong><\/h4>\n<div style=\"text-align: justify;\">O equipamento est\u00e1 instalado na Sala 21 do Bloco S da FCFRP-USP.<\/div>\n<p>&nbsp;<\/p>\n<p>&nbsp;<\/p>\n<h4><strong>Contato<\/strong><\/h4>\n<div style=\"text-align: justify;\"><strong>Eduardo Tozatto<\/strong><br \/>\nEmail: eduardo@fcfrp.usp.br<br \/>\nTel: (16) 3315-4292<\/div>\n<p>&nbsp;<\/p>\n<p>&nbsp;<\/p>\n<h4><strong>Pagamentos<\/strong><\/h4>\n<div style=\"text-align: justify;\">O pagamento dever\u00e1 ser realizado na Se\u00e7\u00e3o de Tesouraria da FCFRP \u2013 USP, junto ao Centro de Despesa: \u201cLaborat\u00f3rio de Imagens de Alta Resolu\u00e7\u00e3o e Estudos Celulares (LIAREC) &#8211; LabChip GXII Touch\u201d.<\/div>\n<div style=\"text-align: justify;\">Tabela de pre\u00e7os encontra-se abaixo.<\/div>\n<p>&nbsp;<\/p>\n<p>&nbsp;<\/p>\n<h4><strong>Documentos<\/strong><\/h4>\n<p><a href=\"https:\/\/sites.usp.br\/fcfrp\/wp-content\/uploads\/sites\/528\/2020\/05\/formulario_2.docx\" target=\"_blank\" rel=\"noopener\">&#8211; Formul\u00e1rio<\/a><br \/>\n<a href=\"https:\/\/sites.usp.br\/fcfrp\/wp-content\/uploads\/sites\/528\/2020\/05\/tabela_de_custos.docx\" target=\"_blank\" rel=\"noopener\">&#8211; Tabela de Custos<\/a><\/p>\n<\/div>\n\t\t<\/div><\/div><div id=\"pgc-3532-0-1\"  class=\"panel-grid-cell\" ><div id=\"panel-3532-0-1-0\" class=\"so-panel widget widget_nav_menu panel-first-child panel-last-child\" data-index=\"1\" ><div class=\"menu-menu-multi-container\"><ul id=\"menu-menu-multi\" class=\"menu\"><li id=\"menu-item-5520\" class=\"menu-item menu-item-type-post_type menu-item-object-page menu-item-has-children menu-item-5520\"><a href=\"https:\/\/fcfrp.usp.br\/en\/pesquisa-extensao\/\">PESQUISA \/ EXTENS\u00c3O<\/a>\n<ul class=\"sub-menu\">\n\t<li id=\"menu-item-3343\" class=\"menu-item menu-item-type-post_type menu-item-object-page menu-item-has-children menu-item-3343\"><a href=\"https:\/\/fcfrp.usp.br\/en\/pesquisa-extensao\/pesquisa\/\">Pesquisa<\/a>\n\t<ul class=\"sub-menu\">\n\t\t<li id=\"menu-item-5919\" class=\"menu-item menu-item-type-post_type menu-item-object-page menu-item-5919\"><a href=\"https:\/\/fcfrp.usp.br\/en\/pesquisa-extensao\/pesquisa\/normas\/\">Normas<\/a><\/li>\n\t\t<li id=\"menu-item-5563\" class=\"menu-item menu-item-type-post_type menu-item-object-page menu-item-5563\"><a href=\"https:\/\/fcfrp.usp.br\/en\/pesquisa-extensao\/pesquisa\/infraestrutura\/\">Infraestrutura<\/a><\/li>\n\t\t<li id=\"menu-item-3346\" class=\"menu-item menu-item-type-post_type menu-item-object-page menu-item-has-children menu-item-3346\"><a href=\"https:\/\/fcfrp.usp.br\/en\/pesquisa-extensao\/pesquisa\/centrais-multiusuarios\/\">Centrais Multiusu\u00e1rios<\/a>\n\t\t<ul class=\"sub-menu\">\n\t\t\t<li id=\"menu-item-13614\" class=\"menu-item menu-item-type-post_type menu-item-object-page menu-item-13614\"><a href=\"https:\/\/fcfrp.usp.br\/en\/pesquisa-extensao\/pesquisa\/centrais-multiusuarios\/cenacroesp\/\">Chromatography and Spectrometry Center (CENACROESP)<\/a><\/li>\n\t\t\t<li id=\"menu-item-3518\" class=\"menu-item menu-item-type-post_type menu-item-object-page menu-item-3518\"><a href=\"https:\/\/fcfrp.usp.br\/en\/pesquisa-extensao\/pesquisa\/centrais-multiusuarios\/pusesin\/\">Central Multiusu\u00e1rio de Purifica\u00e7\u00e3o e Sequenciamento de Prote\u00edna e S\u00edntese de Pept\u00eddeo (PuSeSin)<\/a><\/li>\n\t\t\t<li id=\"menu-item-14599\" class=\"menu-item menu-item-type-post_type menu-item-object-page menu-item-14599\"><a href=\"https:\/\/uspmulti.prp.usp.br\/public\/centrais\/262\">Multiuser Central in Structural Biochemistry and Metabolism \u2013 Central BQ<\/a><\/li>\n\t\t\t<li id=\"menu-item-13616\" class=\"menu-item menu-item-type-post_type menu-item-object-page menu-item-13616\"><a href=\"https:\/\/fcfrp.usp.br\/en\/pesquisa-extensao\/pesquisa\/centrais-multiusuarios\/cemaesp\/\">Center of Excellence in Metallomics Applied to Population Health Studies (CEMAESP)<\/a><\/li>\n\t\t\t<li id=\"menu-item-12988\" class=\"menu-item menu-item-type-post_type menu-item-object-page menu-item-12988\"><a href=\"https:\/\/fcfrp.usp.br\/en\/pesquisa-extensao\/pesquisa\/centrais-multiusuarios\/oncomot\/\">Center of Excellence in Molecular and Translational Oncology (OncoMoT)<\/a><\/li>\n\t\t\t<li id=\"menu-item-3404\" class=\"menu-item menu-item-type-post_type menu-item-object-page menu-item-3404\"><a href=\"https:\/\/fcfrp.usp.br\/en\/pesquisa-extensao\/pesquisa\/centrais-multiusuarios\/ceqil\/\">Centro de Excel\u00eancia em Quantifica\u00e7\u00e3o e Identifica\u00e7\u00e3o de Lip\u00eddios (CEQIL)<\/a><\/li>\n\t\t\t<li id=\"menu-item-3520\" class=\"menu-item menu-item-type-post_type menu-item-object-page menu-item-3520\"><a href=\"https:\/\/fcfrp.usp.br\/en\/pesquisa-extensao\/pesquisa\/centrais-multiusuarios\/lafai\/\">Laborat\u00f3rio de Farmacot\u00e9cnica Instrumental (LAFAI)<\/a><\/li>\n\t\t\t<li id=\"menu-item-3519\" class=\"menu-item menu-item-type-post_type menu-item-object-page menu-item-3519\"><a href=\"https:\/\/fcfrp.usp.br\/en\/pesquisa-extensao\/pesquisa\/centrais-multiusuarios\/laprofar\/\">Laborat\u00f3rio de P&#038;D em Processos Farmac\u00eauticos (LAPROFAR)<\/a><\/li>\n\t\t\t<li id=\"menu-item-3492\" class=\"menu-item menu-item-type-post_type menu-item-object-page menu-item-3492\"><a href=\"https:\/\/fcfrp.usp.br\/en\/pesquisa-extensao\/pesquisa\/centrais-multiusuarios\/astox\/\">Laborat\u00f3rio de Toxicologia Anal\u00edtica e de Sistemas (ASTox)<\/a><\/li>\n\t\t\t<li id=\"menu-item-3517\" class=\"menu-item menu-item-type-post_type menu-item-object-page menu-item-3517\"><a href=\"https:\/\/fcfrp.usp.br\/en\/pesquisa-extensao\/pesquisa\/centrais-multiusuarios\/sequenciamento\/\">Laborat\u00f3rio Multiusu\u00e1rio de Sequenciamento de \u00c1cidos Nucleicos (LMSeq)<\/a><\/li>\n\t\t\t<li id=\"menu-item-12470\" class=\"menu-item menu-item-type-post_type menu-item-object-page menu-item-12470\"><a href=\"https:\/\/fcfrp.usp.br\/en\/pesquisa-extensao\/pesquisa\/centrais-multiusuarios\/crmn300\/\">300MHz Nuclear Magnetic Resonance Center<\/a><\/li>\n\t\t\t<li id=\"menu-item-3860\" class=\"menu-item menu-item-type-post_type menu-item-object-page menu-item-has-children menu-item-3860\"><a href=\"https:\/\/fcfrp.usp.br\/en\/pesquisa-extensao\/pesquisa\/centrais-multiusuarios\/\">LIAREC &#8211; Laborat\u00f3rio de Imagens de Alta Resolu\u00e7\u00e3o e Estudos Celulares<\/a>\n\t\t\t<ul class=\"sub-menu\">\n\t\t\t\t<li id=\"menu-item-3543\" class=\"menu-item menu-item-type-post_type menu-item-object-page menu-item-3543\"><a href=\"https:\/\/fcfrp.usp.br\/en\/pesquisa-extensao\/pesquisa\/centrais-multiusuarios\/nanoparticulados\/\">Caracteriza\u00e7\u00e3o de Sistemas de Libera\u00e7\u00e3o Micro e Nanodispersos<\/a><\/li>\n\t\t\t\t<li id=\"menu-item-3542\" class=\"menu-item menu-item-type-post_type menu-item-object-page menu-item-3542\"><a href=\"https:\/\/fcfrp.usp.br\/en\/pesquisa-extensao\/pesquisa\/centrais-multiusuarios\/citometria\/\">Citometria de Fluxo<\/a><\/li>\n\t\t\t\t<li id=\"menu-item-3541\" class=\"menu-item menu-item-type-post_type menu-item-object-page menu-item-3541\"><a href=\"https:\/\/fcfrp.usp.br\/en\/pesquisa-extensao\/pesquisa\/centrais-multiusuarios\/eletroforese\/\">Eletroforese Capilar<\/a><\/li>\n\t\t\t\t<li id=\"menu-item-3540\" class=\"menu-item menu-item-type-post_type menu-item-object-page menu-item-3540\"><a href=\"https:\/\/fcfrp.usp.br\/en\/pesquisa-extensao\/pesquisa\/centrais-multiusuarios\/microscopia\/\">Microscopia de Fluoresc\u00eancia Confocal<\/a><\/li>\n\t\t\t\t<li id=\"menu-item-3882\" class=\"menu-item menu-item-type-post_type menu-item-object-page menu-item-3882\"><a href=\"https:\/\/fcfrp.usp.br\/en\/pesquisa-extensao\/pesquisa\/centrais-multiusuarios\/microscopia-atomica\/\">Microsc\u00f3pio de For\u00e7a At\u00f4mica<\/a><\/li>\n\t\t\t<\/ul>\n<\/li>\n\t\t<\/ul>\n<\/li>\n\t\t<li id=\"menu-item-5569\" class=\"menu-item menu-item-type-post_type menu-item-object-page menu-item-5569\"><a href=\"https:\/\/fcfrp.usp.br\/en\/pesquisa-extensao\/pesquisa\/grupos-pesquisa\/\">Grupos de Pesquisa<\/a><\/li>\n\t\t<li id=\"menu-item-5575\" class=\"menu-item menu-item-type-post_type menu-item-object-page menu-item-5575\"><a href=\"https:\/\/fcfrp.usp.br\/en\/pesquisa-extensao\/pesquisa\/programas\/\">Programas<\/a><\/li>\n\t\t<li id=\"menu-item-5579\" class=\"menu-item menu-item-type-post_type menu-item-object-page menu-item-5579\"><a href=\"https:\/\/fcfrp.usp.br\/en\/pesquisa-extensao\/pesquisa\/oportunidades\/\">Oportunidades<\/a><\/li>\n\t<\/ul>\n<\/li>\n\t<li id=\"menu-item-3344\" class=\"menu-item menu-item-type-post_type menu-item-object-page menu-item-3344\"><a href=\"https:\/\/fcfrp.usp.br\/en\/pesquisa-extensao\/extensao\/\">Cultura e Extens\u00e3o<\/a><\/li>\n\t<li id=\"menu-item-3345\" class=\"menu-item menu-item-type-post_type menu-item-object-page menu-item-3345\"><a href=\"https:\/\/fcfrp.usp.br\/en\/institucional\/comissoes\/relacoes-internacionais\/\">Rela\u00e7\u00f5es Internacionais<\/a><\/li>\n<\/ul>\n<\/li>\n<\/ul><\/div><\/div><\/div><\/div><\/div>","protected":false},"excerpt":{"rendered":"<p>A Infraestrutura Multiusu\u00e1rio de Eletroforese Capilar possibilita, dentre outras aplica\u00e7\u00f5es, a identifica\u00e7\u00e3o (determina\u00e7\u00e3o do tamanho) e quantifica\u00e7\u00e3o de prote\u00ednas, glicanos, pept\u00eddeos, DNA e RNA. Coordena\u00e7\u00e3o: Profa. Dra. Suely Vilela. &nbsp; &nbsp; Equipamentos e Servi\u00e7os O equipamento LabChip GXII Touch 24 \u00e9 uma plataforma de eletroforese capilar para prote\u00ednas e \u00e1cidos nucleicos utilizada para quantifica\u00e7\u00e3o e<a href=\"https:\/\/fcfrp.usp.br\/en\/pesquisa-extensao\/pesquisa\/centrais-multiusuarios\/eletroforese\/\">[&#8230;]<\/a><\/p>\n","protected":false},"author":978,"featured_media":0,"parent":796,"menu_order":7,"comment_status":"closed","ping_status":"closed","template":"template-fullwidth.php","meta":{"footnotes":"","_links_to":"","_links_to_target":""},"class_list":["post-3532","page","type-page","status-publish","hentry"],"_links":{"self":[{"href":"https:\/\/fcfrp.usp.br\/en\/wp-json\/wp\/v2\/pages\/3532","targetHints":{"allow":["GET"]}}],"collection":[{"href":"https:\/\/fcfrp.usp.br\/en\/wp-json\/wp\/v2\/pages"}],"about":[{"href":"https:\/\/fcfrp.usp.br\/en\/wp-json\/wp\/v2\/types\/page"}],"author":[{"embeddable":true,"href":"https:\/\/fcfrp.usp.br\/en\/wp-json\/wp\/v2\/users\/978"}],"replies":[{"embeddable":true,"href":"https:\/\/fcfrp.usp.br\/en\/wp-json\/wp\/v2\/comments?post=3532"}],"version-history":[{"count":4,"href":"https:\/\/fcfrp.usp.br\/en\/wp-json\/wp\/v2\/pages\/3532\/revisions"}],"predecessor-version":[{"id":5260,"href":"https:\/\/fcfrp.usp.br\/en\/wp-json\/wp\/v2\/pages\/3532\/revisions\/5260"}],"up":[{"embeddable":true,"href":"https:\/\/fcfrp.usp.br\/en\/wp-json\/wp\/v2\/pages\/796"}],"wp:attachment":[{"href":"https:\/\/fcfrp.usp.br\/en\/wp-json\/wp\/v2\/media?parent=3532"}],"curies":[{"name":"wp","href":"https:\/\/api.w.org\/{rel}","templated":true}]}}