{"id":4074,"date":"2020-05-06T11:07:32","date_gmt":"2020-05-06T13:07:32","guid":{"rendered":"https:\/\/sites.usp.br\/fcfrp\/?page_id=4074"},"modified":"2026-04-07T15:07:43","modified_gmt":"2026-04-07T17:07:43","slug":"estagios","status":"publish","type":"page","link":"https:\/\/fcfrp.usp.br\/en\/ensino\/graduacao\/estagios\/","title":{"rendered":"Stages"},"content":{"rendered":"<div id=\"pl-4074\"  class=\"panel-layout\" ><div id=\"pg-4074-0\"  class=\"panel-grid panel-no-style\" ><div id=\"pgc-4074-0-0\"  class=\"panel-grid-cell\" ><div id=\"panel-4074-0-0-0\" class=\"so-panel widget widget_text panel-first-child panel-last-child\" data-index=\"0\" >\t\t\t<div class=\"textwidget\"><div style=\"text-align: justify;\">\u00c9 regido pela Lei Federal 11.788\/08 e Resolu\u00e7\u00e3o USP 5528\/09.<br \/>\n\u00c9 o ato educativo escolar supervisionado, desenvolvido no ambiente de trabalho, que visa \u00e0 prepara\u00e7\u00e3o para o trabalho produtivo dos educandos estabelecendo uma rela\u00e7\u00e3o ensino-aprendizagem.<br \/>\nA Resolu\u00e7\u00e3o n\u00ba 5528 de 18\/03\/2009 foi promulgada para disciplinar a concess\u00e3o de est\u00e1gios na USP (obrigat\u00f3rio ou n\u00e3o obrigat\u00f3rio) e os est\u00e1gios realizados por seus alunos em institui\u00e7\u00f5es externas (apenas est\u00e1gio obrigat\u00f3rio).<\/div>\n<p>&nbsp;<\/p>\n<div style=\"text-align: justify;\"><strong>ATEN\u00c7\u00c3O!<\/strong> Os contratos de est\u00e1gios iniciados a partir de 01\/01\/2025 dever\u00e3o ser registrados no J\u00fapiter antes de serem assinados.<br \/>\n&#8211; Acesse <a href=\"https:\/\/fcfrp.usp.br\/wp-content\/uploads\/sites\/528\/2024\/12\/Orientacoes-de-Estagio-Checklist.docx\" target=\"_blank\" rel=\"noopener\">AQUI<\/a> as orienta\u00e7\u00f5es do processo de contrata\u00e7\u00e3o (checklist)<\/div>\n<p>&nbsp;<\/p>\n<div style=\"text-align: justify;\"><strong>PARA EQUIVAL\u00caNCIA DO TRABALHO COMO EST\u00c1GIO:<\/strong><br \/>\n\u2013 Requerimento de Equival\u00eancia de trabalho (conforme Delibera\u00e7\u00e3o CG n\u00ba 34\/2019);<br \/>\n\u2013 Relat\u00f3rio de Acompanhamento e Declara\u00e7\u00e3o de horas \u2013 est\u00e1gios n\u00e3o obrigat\u00f3rios;<br \/>\n\u2013 Relat\u00f3rio Final e declara\u00e7\u00e3o de horas \u2013 est\u00e1gios obrigat\u00f3rios;<\/div>\n<p>&nbsp;<\/p>\n<div style=\"text-align: justify;\"><strong>PARA REVALIDA\u00c7\u00c3O DE EST\u00c1GIOS ANTERIORES:<\/strong><br \/>\n\u2013 Requerimento de Convalida\u00e7\u00e3o de est\u00e1gios anteriores (conforme Delibera\u00e7\u00e3o CG n\u00ba 34\/2019);<br \/>\n\u2013 Relat\u00f3rio Final, Controle de Frequ\u00eancia e declara\u00e7\u00e3o de horas \u2013 est\u00e1gios obrigat\u00f3rios.Somente ser\u00e3o aceitas revalida\u00e7\u00f5es de est\u00e1gio n\u00e3o obrigat\u00f3rio realizados a partir do 5\u00ba per\u00edodo do curso e a entrega do relat\u00f3rio final e da declara\u00e7\u00e3o de horas, nos modelos de est\u00e1gio obrigat\u00f3rio, devidamente assinados, \u00e9 condi\u00e7\u00e3o necess\u00e1ria para a aprecia\u00e7\u00e3o do pedido.<\/div>\n<p>&nbsp;<\/p>\n<div style=\"text-align: justify;\"><strong><em>*<\/em><\/strong> \u2013 Para est\u00e1gios em Laborat\u00f3rio de Pesquisa realizados na FCFRP ou em outras Unidades da USP existem modelos exclusivos de TCE e Rescis\u00e3o, cujos nomes indicam essa diferen\u00e7a. Al\u00e9m disto, o modelo do relat\u00f3rio poder\u00e1 seguir as normas comuns de relat\u00f3rios de Inicia\u00e7\u00e3o Cient\u00edfica e nestes casos o aluno dever\u00e1 apresentar avalia\u00e7\u00e3o do supervisor podendo utilizar a avalia\u00e7\u00e3o contida no Modelo de Relat\u00f3rio Unificado.<\/div>\n<p>&nbsp;<\/p>\n<h4><strong>DIVULGA\u00c7\u00c3O DE VAGAS DE EST\u00c1GIO:<\/strong><\/h4>\n<div style=\"text-align: justify;\"><strong>Alunos FCFRP<\/strong> \u2013 a serem enviados pela empresa para os emails do Servi\u00e7o de Gradua\u00e7\u00e3o (sgrad@fcfrp.usp.br e estagios@fcfrp.usp.br) e estes divulgam diretamente no e-mail institucional dos alunos.<br \/>\n<strong>Alunos externos<\/strong> \u2013 o contato dever\u00e1 ser feito diretamente com o professor respons\u00e1vel do laborat\u00f3rio onde desejar estagiar. Aqui na FCFRP os docentes est\u00e3o divididos em 3 departamentos e no menu Institucional &gt;&gt; Departamentos encontrar\u00e3o os contatos dos professores.<\/div>\n<p>&nbsp;<\/p>\n<h4><strong>Documentos<\/strong><\/h4>\n<div style=\"text-align: justify;\">\n<p><strong>Estudantes FCFRP<\/strong><\/p>\n<p><a href=\"https:\/\/fcfrp.usp.br\/wp-content\/uploads\/sites\/528\/2021\/03\/Aditivo.doc\">&#8211; Aditivo<\/a><br \/>\n<a href=\"https:\/\/fcfrp.usp.br\/wp-content\/uploads\/sites\/528\/2021\/03\/Anexo-I-Plano-de-Est\u00e1gio-em-ingl\u00eas.doc\">&#8211; Anexo I &#8211; Plano de Est\u00e1gio &#8211; em ingl\u00eas<\/a><br \/>\n<a href=\"https:\/\/fcfrp.usp.br\/wp-content\/uploads\/sites\/528\/2021\/03\/Anexo-I-Plano-de-Est\u00e1gio.doc\">&#8211; Anexo I &#8211; Plano de Est\u00e1gio<\/a><br \/>\n<a href=\"https:\/\/fcfrp.usp.br\/wp-content\/uploads\/sites\/528\/2021\/03\/Anexo-II-Avalia\u00e7\u00e3o-do-Est\u00e1gio-em-Pesquisa.doc\">&#8211; Anexo II &#8211; Avalia\u00e7\u00e3o do Est\u00e1gio em Pesquisa<\/a><br \/>\n<a href=\"https:\/\/fcfrp.usp.br\/wp-content\/uploads\/sites\/528\/2021\/03\/Avalia\u00e7\u00e3o-do-estagi\u00e1rio-sobre-a-Concedente.doc\">&#8211; Avalia\u00e7\u00e3o do estagi\u00e1rio sobre a Concedente<\/a><br \/>\n<a href=\"https:\/\/fcfrp.usp.br\/wp-content\/uploads\/sites\/528\/2021\/03\/Declara\u00e7\u00e3o-de-horas-Equival\u00eancia-Trabalho.doc\">&#8211; Declara\u00e7\u00e3o de Horas &#8211; Equival\u00eancia Trabalho<\/a><br \/>\n<a href=\"https:\/\/fcfrp.usp.br\/wp-content\/uploads\/sites\/528\/2021\/03\/Declara\u00e7\u00e3o-de-horas-est\u00e1gio-em-Laboratorio-de-Pesquisa.doc\">&#8211; Declara\u00e7\u00e3o de Horas &#8211; est\u00e1gio em Laborat\u00f3rio de Pesquisa<\/a><br \/>\n<a href=\"https:\/\/fcfrp.usp.br\/wp-content\/uploads\/sites\/528\/2021\/03\/Declara\u00e7\u00e3o-de-horas.doc\">&#8211; Declara\u00e7\u00e3o de Horas<\/a><br \/>\n<a href=\"https:\/\/fcfrp.usp.br\/wp-content\/uploads\/sites\/528\/2021\/03\/Relat\u00f3rio-de-Acompanhamento.doc\">&#8211; Relat\u00f3rio de Acompanhamento<\/a><br \/>\n<a href=\"https:\/\/fcfrp.usp.br\/wp-content\/uploads\/sites\/528\/2021\/03\/Relat\u00f3rio-Final.doc\">&#8211; Relat\u00f3rio Final<\/a><br \/>\n<a href=\"https:\/\/fcfrp.usp.br\/wp-content\/uploads\/sites\/528\/2021\/03\/Requerimento-de-Convalida\u00e7\u00e3o-de-Est\u00e1gios-anteriores.doc\">&#8211; Requerimento de Convalida\u00e7\u00e3o de Est\u00e1gios anteriores<\/a><br \/>\n<a href=\"https:\/\/fcfrp.usp.br\/wp-content\/uploads\/sites\/528\/2021\/03\/Requerimento-de-Equivalencia-trabalho.doc\">&#8211; Requerimento de Equival\u00eancia trabalho<\/a><br \/>\n<a href=\"https:\/\/fcfrp.usp.br\/wp-content\/uploads\/sites\/528\/2021\/03\/Rescis\u00e3o-outros.doc\">&#8211; Rescis\u00e3o &#8211; outros<\/a><br \/>\n<a href=\"https:\/\/fcfrp.usp.br\/wp-content\/uploads\/sites\/528\/2021\/03\/Rescis\u00e3o-Laborat\u00f3rio-de-Pesquisa.doc\">&#8211; Rescis\u00e3o Laborat\u00f3rio de Pesquisa<\/a><br \/>\n<a href=\"https:\/\/fcfrp.usp.br\/wp-content\/uploads\/sites\/528\/2026\/04\/Term-of-Agreement-Sergio-de-Albuquerque.doc\">&#8211; Termo de Compromisso Padr\u00e3o &#8211; em ingl\u00eas<\/a><br \/>\n<a href=\"https:\/\/fcfrp.usp.br\/wp-content\/uploads\/sites\/528\/2026\/04\/Termo-de-Compromisso-Padrao.docx\">&#8211; Modelo de Termo de Compromisso Padr\u00e3o<\/a><br \/>\n<a href=\"https:\/\/fcfrp.usp.br\/wp-content\/uploads\/sites\/528\/2026\/04\/Termo-de-Compromisso-FCFRP.docx\">&#8211; Termo de Compromisso (Pesquisa FCFRP)<\/a><\/p>\n<p>&nbsp;<\/p>\n<p><strong>Estudantes de outras Institui\u00e7\u00f5es para est\u00e1gio na FCFRP<\/strong><br \/>\n<a href=\"https:\/\/fcfrp.usp.br\/wp-content\/uploads\/sites\/528\/2024\/12\/Anexo-I-Plano-de-Estagio-20241213.doc\">&#8211; Anexo I &#8211; Plano de Est\u00e1gio<\/a><br \/>\n<a href=\"https:\/\/fcfrp.usp.br\/wp-content\/uploads\/sites\/528\/2021\/03\/Anexo-II-Avalia\u00e7\u00e3o-do-Est\u00e1gio-estudantes-de-outras.doc\">&#8211; Anexo II &#8211; Avalia\u00e7\u00e3o do Est\u00e1gio<\/a><br \/>\n<a href=\"https:\/\/fcfrp.usp.br\/wp-content\/uploads\/sites\/528\/2021\/03\/Declara\u00e7\u00e3o-de-horas-estudantes-de-outras-institui\u00e7\u00f5es.doc\">&#8211; Declara\u00e7\u00e3o de horas<\/a><br \/>\n<a href=\"https:\/\/fcfrp.usp.br\/wp-content\/uploads\/sites\/528\/2026\/04\/Termo-de-Compromisso-Concedente.docx\">&#8211; TCE na FCFRP<\/a><\/p>\n<\/div>\n<\/div>\n\t\t<\/div><\/div><div id=\"pgc-4074-0-1\"  class=\"panel-grid-cell\" ><div id=\"panel-4074-0-1-0\" class=\"so-panel widget widget_nav_menu panel-first-child panel-last-child\" data-index=\"1\" ><div class=\"menu-menu-grad-container\"><ul id=\"menu-menu-grad\" class=\"menu\"><li id=\"menu-item-3941\" class=\"menu-item menu-item-type-post_type menu-item-object-page menu-item-has-children menu-item-3941\"><a href=\"https:\/\/fcfrp.usp.br\/en\/ensino\/\">Education<\/a>\n<ul class=\"sub-menu\">\n\t<li id=\"menu-item-3942\" class=\"menu-item menu-item-type-post_type menu-item-object-page menu-item-has-children menu-item-3942\"><a href=\"https:\/\/fcfrp.usp.br\/en\/ensino\/graduacao\/\">Undergraduate<\/a>\n\t<ul class=\"sub-menu\">\n\t\t<li id=\"menu-item-3938\" class=\"menu-item menu-item-type-post_type menu-item-object-page menu-item-has-children menu-item-3938\"><a href=\"https:\/\/fcfrp.usp.br\/en\/ensino\/graduacao\/comissao-graduacao\/\">Undergraduation Commission<\/a>\n\t\t<ul class=\"sub-menu\">\n\t\t\t<li id=\"menu-item-10994\" class=\"menu-item menu-item-type-post_type menu-item-object-page menu-item-10994\"><a href=\"https:\/\/fcfrp.usp.br\/en\/ensino\/graduacao\/deliberacoes\/\">Rules and Deliberations<\/a><\/li>\n\t\t\t<li id=\"menu-item-13034\" class=\"menu-item menu-item-type-post_type menu-item-object-page menu-item-13034\"><a href=\"https:\/\/fcfrp.usp.br\/en\/ensino\/graduacao\/eventos\/\">Events<\/a><\/li>\n\t\t<\/ul>\n<\/li>\n\t\t<li id=\"menu-item-3939\" class=\"menu-item menu-item-type-post_type menu-item-object-page menu-item-3939\"><a href=\"https:\/\/fcfrp.usp.br\/en\/institucional\/administracao\/atac\/secao-graduacao\/\">Undergraduate Service<\/a><\/li>\n\t\t<li id=\"menu-item-3940\" class=\"menu-item menu-item-type-post_type menu-item-object-page menu-item-3940\"><a href=\"https:\/\/fcfrp.usp.br\/en\/institucional\/administracao\/atac\/apoio-pedagogico\/\">Pedagogical Support<\/a><\/li>\n\t\t<li id=\"menu-item-4000\" class=\"menu-item menu-item-type-post_type menu-item-object-page menu-item-4000\"><a href=\"https:\/\/fcfrp.usp.br\/en\/ensino\/graduacao\/como-estudar\/\">How to Study at FCFRP\/USP<\/a><\/li>\n\t\t<li id=\"menu-item-4064\" class=\"menu-item menu-item-type-post_type menu-item-object-page menu-item-4064\"><a href=\"https:\/\/fcfrp.usp.br\/en\/ensino\/graduacao\/atestados\/\">Certificates and School History<\/a><\/li>\n\t\t<li id=\"menu-item-4047\" class=\"menu-item menu-item-type-post_type menu-item-object-page menu-item-4047\"><a href=\"https:\/\/fcfrp.usp.br\/en\/ensino\/graduacao\/aulas\/\">Classes and Calendars<\/a><\/li>\n\t\t<li id=\"menu-item-7698\" class=\"menu-item menu-item-type-post_type menu-item-object-page menu-item-7698\"><a href=\"https:\/\/fcfrp.usp.br\/en\/ensino\/graduacao\/onibus\/\">Bus Card<\/a><\/li>\n\t\t<li id=\"menu-item-4073\" class=\"menu-item menu-item-type-post_type menu-item-object-page menu-item-4073\"><a href=\"https:\/\/fcfrp.usp.br\/en\/ensino\/graduacao\/colacoes\/\">Grade Collations<\/a><\/li>\n\t\t<li id=\"menu-item-4097\" class=\"menu-item menu-item-type-post_type menu-item-object-page menu-item-4097\"><a href=\"https:\/\/fcfrp.usp.br\/en\/ensino\/graduacao\/estagios\/\">Stages<\/a><\/li>\n\t\t<li id=\"menu-item-4096\" class=\"menu-item menu-item-type-post_type menu-item-object-page menu-item-4096\"><a href=\"https:\/\/fcfrp.usp.br\/en\/ensino\/graduacao\/formularios-grad\/\">Forms<\/a><\/li>\n\t\t<li id=\"menu-item-4095\" class=\"menu-item menu-item-type-post_type menu-item-object-page menu-item-4095\"><a href=\"https:\/\/fcfrp.usp.br\/en\/ensino\/graduacao\/matriculas\/\">Matr\u00edculas 2025<\/a><\/li>\n\t\t<li id=\"menu-item-4094\" class=\"menu-item menu-item-type-post_type menu-item-object-page menu-item-4094\"><a href=\"https:\/\/fcfrp.usp.br\/en\/ensino\/graduacao\/monitoria\/\">Monitoring<\/a><\/li>\n\t\t<li id=\"menu-item-4092\" class=\"menu-item menu-item-type-post_type menu-item-object-page menu-item-4092\"><a href=\"https:\/\/fcfrp.usp.br\/en\/ensino\/graduacao\/tcc\/\">Undergraduate Thesis<\/a><\/li>\n\t\t<li id=\"menu-item-4093\" class=\"menu-item menu-item-type-post_type menu-item-object-page menu-item-4093\"><a href=\"https:\/\/fcfrp.usp.br\/en\/ensino\/graduacao\/trancamentos\/\">Leave of Absence<\/a><\/li>\n\t\t<li id=\"menu-item-4009\" class=\"menu-item menu-item-type-post_type menu-item-object-page menu-item-4009\"><a href=\"https:\/\/fcfrp.usp.br\/en\/ensino\/graduacao\/egressos\/\">Graduates (Former Students)<\/a><\/li>\n\t<\/ul>\n<\/li>\n\t<li id=\"menu-item-3943\" class=\"menu-item menu-item-type-post_type menu-item-object-page menu-item-3943\"><a href=\"https:\/\/fcfrp.usp.br\/en\/ensino\/pos-graduacao\/\">Graduate<\/a><\/li>\n<\/ul>\n<\/li>\n<\/ul><\/div><\/div><\/div><\/div><\/div>","protected":false},"excerpt":{"rendered":"<p>\u00c9 regido pela Lei Federal 11.788\/08 e Resolu\u00e7\u00e3o USP 5528\/09. \u00c9 o ato educativo escolar supervisionado, desenvolvido no ambiente de trabalho, que visa \u00e0 prepara\u00e7\u00e3o para o trabalho produtivo dos educandos estabelecendo uma rela\u00e7\u00e3o ensino-aprendizagem. A Resolu\u00e7\u00e3o n\u00ba 5528 de 18\/03\/2009 foi promulgada para disciplinar a concess\u00e3o de est\u00e1gios na USP (obrigat\u00f3rio ou n\u00e3o obrigat\u00f3rio)<a href=\"https:\/\/fcfrp.usp.br\/en\/ensino\/graduacao\/estagios\/\">[&#8230;]<\/a><\/p>\n","protected":false},"author":978,"featured_media":0,"parent":452,"menu_order":3,"comment_status":"closed","ping_status":"closed","template":"template-fullwidth.php","meta":{"footnotes":"","_links_to":"","_links_to_target":""},"class_list":["post-4074","page","type-page","status-publish","hentry"],"_links":{"self":[{"href":"https:\/\/fcfrp.usp.br\/en\/wp-json\/wp\/v2\/pages\/4074","targetHints":{"allow":["GET"]}}],"collection":[{"href":"https:\/\/fcfrp.usp.br\/en\/wp-json\/wp\/v2\/pages"}],"about":[{"href":"https:\/\/fcfrp.usp.br\/en\/wp-json\/wp\/v2\/types\/page"}],"author":[{"embeddable":true,"href":"https:\/\/fcfrp.usp.br\/en\/wp-json\/wp\/v2\/users\/978"}],"replies":[{"embeddable":true,"href":"https:\/\/fcfrp.usp.br\/en\/wp-json\/wp\/v2\/comments?post=4074"}],"version-history":[{"count":4,"href":"https:\/\/fcfrp.usp.br\/en\/wp-json\/wp\/v2\/pages\/4074\/revisions"}],"predecessor-version":[{"id":16572,"href":"https:\/\/fcfrp.usp.br\/en\/wp-json\/wp\/v2\/pages\/4074\/revisions\/16572"}],"up":[{"embeddable":true,"href":"https:\/\/fcfrp.usp.br\/en\/wp-json\/wp\/v2\/pages\/452"}],"wp:attachment":[{"href":"https:\/\/fcfrp.usp.br\/en\/wp-json\/wp\/v2\/media?parent=4074"}],"curies":[{"name":"wp","href":"https:\/\/api.w.org\/{rel}","templated":true}]}}