{"id":4077,"date":"2020-05-06T11:09:09","date_gmt":"2020-05-06T13:09:09","guid":{"rendered":"https:\/\/sites.usp.br\/fcfrp\/?page_id=4077"},"modified":"2025-05-07T11:04:16","modified_gmt":"2025-05-07T13:04:16","slug":"formularios-grad","status":"publish","type":"page","link":"https:\/\/fcfrp.usp.br\/en\/ensino\/graduacao\/formularios-grad\/","title":{"rendered":"Forms"},"content":{"rendered":"<div id=\"pl-4077\"  class=\"panel-layout\" ><div id=\"pg-4077-0\"  class=\"panel-grid panel-no-style\" ><div id=\"pgc-4077-0-0\"  class=\"panel-grid-cell\" ><div id=\"panel-4077-0-0-0\" class=\"so-panel widget widget_text panel-first-child panel-last-child\" data-index=\"0\" >\t\t\t<div class=\"textwidget\"><p>&nbsp;<\/p>\n<div style=\"text-align: justify;\"><a href=\"https:\/\/fcfrp.usp.br\/wp-content\/uploads\/sites\/528\/2025\/04\/Alteracoes-Curriculares.doc\" target=\"_blank\" rel=\"noopener\">&#8211; Altera\u00e7\u00f5es Curriculares<\/a><br \/>\n<a href=\"https:\/\/fcfrp.usp.br\/wp-content\/uploads\/sites\/528\/2022\/09\/Criacao-e-Extincao-de-Modulos.doc\" target=\"_blank\" rel=\"noopener\">&#8211; Cria\u00e7\u00e3o e Extin\u00e7\u00e3o de M\u00f3dulos<\/a><br \/>\n<a href=\"https:\/\/fcfrp.usp.br\/wp-content\/uploads\/sites\/528\/2025\/05\/Cronograma-das-aulas.doc\">&#8211; Cronograma de aulas<\/a><br \/>\n<a href=\"https:\/\/fcfrp.usp.br\/wp-content\/uploads\/sites\/528\/2021\/08\/Inscricao-do-Projeto-Coordenador-Monitoria.doc\" target=\"_blank\" rel=\"noopener\">&#8211; Inscri\u00e7\u00e3o do Projeto &#8211; Coordenador &#8211; Monitoria<\/a><br \/>\n<a href=\"https:\/\/fcfrp.usp.br\/wp-content\/uploads\/sites\/528\/2025\/04\/Programa-de-Modulo-Nova-versao.doc\">&#8211; Programa de M\u00f3dulo &#8211; Modelo<\/a><br \/>\n<a href=\"https:\/\/fcfrp.usp.br\/wp-content\/uploads\/sites\/528\/2022\/09\/Programa-para-modulos-interunidades-modelo.doc\" target=\"_blank\" rel=\"noopener\">&#8211; Programa de M\u00f3dulo &#8211; Interunidades &#8211; modelo<\/a><br \/>\n<a href=\"https:\/\/fcfrp.usp.br\/wp-content\/uploads\/sites\/528\/2024\/05\/Roteiro-de-autoavaliacao-modulos.pdf\" target=\"_blank\" rel=\"noopener\">&#8211; Roteiro de Autoavalia\u00e7\u00e3o &#8211; M\u00f3dulos<\/a><\/div>\n<\/div>\n\t\t<\/div><\/div><div id=\"pgc-4077-0-1\"  class=\"panel-grid-cell\" ><div id=\"panel-4077-0-1-0\" class=\"so-panel widget widget_nav_menu panel-first-child panel-last-child\" data-index=\"1\" ><div class=\"menu-menu-grad-container\"><ul id=\"menu-menu-grad\" class=\"menu\"><li id=\"menu-item-3941\" class=\"menu-item menu-item-type-post_type menu-item-object-page menu-item-has-children menu-item-3941\"><a href=\"https:\/\/fcfrp.usp.br\/en\/ensino\/\">Education<\/a>\n<ul class=\"sub-menu\">\n\t<li id=\"menu-item-3942\" class=\"menu-item menu-item-type-post_type menu-item-object-page menu-item-has-children menu-item-3942\"><a href=\"https:\/\/fcfrp.usp.br\/en\/ensino\/graduacao\/\">Undergraduate<\/a>\n\t<ul class=\"sub-menu\">\n\t\t<li id=\"menu-item-3938\" class=\"menu-item menu-item-type-post_type menu-item-object-page menu-item-has-children menu-item-3938\"><a href=\"https:\/\/fcfrp.usp.br\/en\/ensino\/graduacao\/comissao-graduacao\/\">Undergraduation Commission<\/a>\n\t\t<ul class=\"sub-menu\">\n\t\t\t<li id=\"menu-item-10994\" class=\"menu-item menu-item-type-post_type menu-item-object-page menu-item-10994\"><a href=\"https:\/\/fcfrp.usp.br\/en\/ensino\/graduacao\/deliberacoes\/\">Rules and Deliberations<\/a><\/li>\n\t\t\t<li id=\"menu-item-13034\" class=\"menu-item menu-item-type-post_type menu-item-object-page menu-item-13034\"><a href=\"https:\/\/fcfrp.usp.br\/en\/ensino\/graduacao\/eventos\/\">Events<\/a><\/li>\n\t\t<\/ul>\n<\/li>\n\t\t<li id=\"menu-item-3939\" class=\"menu-item menu-item-type-post_type menu-item-object-page menu-item-3939\"><a href=\"https:\/\/fcfrp.usp.br\/en\/institucional\/administracao\/atac\/secao-graduacao\/\">Undergraduate Service<\/a><\/li>\n\t\t<li id=\"menu-item-3940\" class=\"menu-item menu-item-type-post_type menu-item-object-page menu-item-3940\"><a href=\"https:\/\/fcfrp.usp.br\/en\/institucional\/administracao\/atac\/apoio-pedagogico\/\">Pedagogical Support<\/a><\/li>\n\t\t<li id=\"menu-item-4000\" class=\"menu-item menu-item-type-post_type menu-item-object-page menu-item-4000\"><a href=\"https:\/\/fcfrp.usp.br\/en\/ensino\/graduacao\/como-estudar\/\">How to Study at FCFRP\/USP<\/a><\/li>\n\t\t<li id=\"menu-item-4064\" class=\"menu-item menu-item-type-post_type menu-item-object-page menu-item-4064\"><a href=\"https:\/\/fcfrp.usp.br\/en\/ensino\/graduacao\/atestados\/\">Certificates and School History<\/a><\/li>\n\t\t<li id=\"menu-item-4047\" class=\"menu-item menu-item-type-post_type menu-item-object-page menu-item-4047\"><a href=\"https:\/\/fcfrp.usp.br\/en\/ensino\/graduacao\/aulas\/\">Classes and Calendars<\/a><\/li>\n\t\t<li id=\"menu-item-7698\" class=\"menu-item menu-item-type-post_type menu-item-object-page menu-item-7698\"><a href=\"https:\/\/fcfrp.usp.br\/en\/ensino\/graduacao\/onibus\/\">Bus Card<\/a><\/li>\n\t\t<li id=\"menu-item-4073\" class=\"menu-item menu-item-type-post_type menu-item-object-page menu-item-4073\"><a href=\"https:\/\/fcfrp.usp.br\/en\/ensino\/graduacao\/colacoes\/\">Grade Collations<\/a><\/li>\n\t\t<li id=\"menu-item-4097\" class=\"menu-item menu-item-type-post_type menu-item-object-page menu-item-4097\"><a href=\"https:\/\/fcfrp.usp.br\/en\/ensino\/graduacao\/estagios\/\">Stages<\/a><\/li>\n\t\t<li id=\"menu-item-4096\" class=\"menu-item menu-item-type-post_type menu-item-object-page menu-item-4096\"><a href=\"https:\/\/fcfrp.usp.br\/en\/ensino\/graduacao\/formularios-grad\/\">Forms<\/a><\/li>\n\t\t<li id=\"menu-item-4095\" class=\"menu-item menu-item-type-post_type menu-item-object-page menu-item-4095\"><a href=\"https:\/\/fcfrp.usp.br\/en\/ensino\/graduacao\/matriculas\/\">Matr\u00edculas 2025<\/a><\/li>\n\t\t<li id=\"menu-item-4094\" class=\"menu-item menu-item-type-post_type menu-item-object-page menu-item-4094\"><a href=\"https:\/\/fcfrp.usp.br\/en\/ensino\/graduacao\/monitoria\/\">Monitoring<\/a><\/li>\n\t\t<li id=\"menu-item-4092\" class=\"menu-item menu-item-type-post_type menu-item-object-page menu-item-4092\"><a href=\"https:\/\/fcfrp.usp.br\/en\/ensino\/graduacao\/tcc\/\">Undergraduate Thesis<\/a><\/li>\n\t\t<li id=\"menu-item-4093\" class=\"menu-item menu-item-type-post_type menu-item-object-page menu-item-4093\"><a href=\"https:\/\/fcfrp.usp.br\/en\/ensino\/graduacao\/trancamentos\/\">Leave of Absence<\/a><\/li>\n\t\t<li id=\"menu-item-4009\" class=\"menu-item menu-item-type-post_type menu-item-object-page menu-item-4009\"><a href=\"https:\/\/fcfrp.usp.br\/en\/ensino\/graduacao\/egressos\/\">Graduates (Former Students)<\/a><\/li>\n\t<\/ul>\n<\/li>\n\t<li id=\"menu-item-3943\" class=\"menu-item menu-item-type-post_type menu-item-object-page menu-item-3943\"><a href=\"https:\/\/fcfrp.usp.br\/en\/ensino\/pos-graduacao\/\">Graduate<\/a><\/li>\n<\/ul>\n<\/li>\n<\/ul><\/div><\/div><\/div><\/div><\/div>","protected":false},"excerpt":{"rendered":"<p>&nbsp; &#8211; Altera\u00e7\u00f5es Curriculares &#8211; Cria\u00e7\u00e3o e Extin\u00e7\u00e3o de M\u00f3dulos &#8211; Cronograma de aulas &#8211; Inscri\u00e7\u00e3o do Projeto &#8211; Coordenador &#8211; Monitoria &#8211; Programa de M\u00f3dulo &#8211; Modelo &#8211; Programa de M\u00f3dulo &#8211; Interunidades &#8211; modelo &#8211; Roteiro de Autoavalia\u00e7\u00e3o &#8211; M\u00f3dulos<\/p>\n","protected":false},"author":978,"featured_media":0,"parent":452,"menu_order":4,"comment_status":"closed","ping_status":"closed","template":"template-fullwidth.php","meta":{"footnotes":"","_links_to":"","_links_to_target":""},"class_list":["post-4077","page","type-page","status-publish","hentry"],"_links":{"self":[{"href":"https:\/\/fcfrp.usp.br\/en\/wp-json\/wp\/v2\/pages\/4077","targetHints":{"allow":["GET"]}}],"collection":[{"href":"https:\/\/fcfrp.usp.br\/en\/wp-json\/wp\/v2\/pages"}],"about":[{"href":"https:\/\/fcfrp.usp.br\/en\/wp-json\/wp\/v2\/types\/page"}],"author":[{"embeddable":true,"href":"https:\/\/fcfrp.usp.br\/en\/wp-json\/wp\/v2\/users\/978"}],"replies":[{"embeddable":true,"href":"https:\/\/fcfrp.usp.br\/en\/wp-json\/wp\/v2\/comments?post=4077"}],"version-history":[{"count":4,"href":"https:\/\/fcfrp.usp.br\/en\/wp-json\/wp\/v2\/pages\/4077\/revisions"}],"predecessor-version":[{"id":15132,"href":"https:\/\/fcfrp.usp.br\/en\/wp-json\/wp\/v2\/pages\/4077\/revisions\/15132"}],"up":[{"embeddable":true,"href":"https:\/\/fcfrp.usp.br\/en\/wp-json\/wp\/v2\/pages\/452"}],"wp:attachment":[{"href":"https:\/\/fcfrp.usp.br\/en\/wp-json\/wp\/v2\/media?parent=4077"}],"curies":[{"name":"wp","href":"https:\/\/api.w.org\/{rel}","templated":true}]}}