{"id":4080,"date":"2020-05-06T11:10:52","date_gmt":"2020-05-06T13:10:52","guid":{"rendered":"https:\/\/sites.usp.br\/fcfrp\/?page_id=4080"},"modified":"2026-02-10T18:02:31","modified_gmt":"2026-02-10T20:02:31","slug":"matriculas","status":"publish","type":"page","link":"https:\/\/fcfrp.usp.br\/en\/ensino\/graduacao\/matriculas\/","title":{"rendered":"Matr\u00edculas 2025"},"content":{"rendered":"<div id=\"pl-4080\"  class=\"panel-layout\" ><div id=\"pg-4080-0\"  class=\"panel-grid panel-no-style\" ><div id=\"pgc-4080-0-0\"  class=\"panel-grid-cell\" ><div id=\"panel-4080-0-0-0\" class=\"so-panel widget widget_text panel-first-child panel-last-child\" data-index=\"0\" >\t\t\t<div class=\"textwidget\"><div style=\"text-align: justify; color: red;\">ATEN\u00c7\u00c3O!<br \/>\nAs matr\u00edculas com troca de turma (somente por e-mail jr8@fcfrp.usp.br) e de outras unidades (somente pelo requerimento on-line do j\u00fapiterWeb) devem ser solicitadas somente na 4\u00aa etapa do calend\u00e1rio abaixo;<br \/>\nVerifique <a href=\"https:\/\/fcfrp.usp.br\/wp-content\/uploads\/sites\/528\/2024\/12\/Regras-troca.jpg\" target=\"_blank\" rel=\"noopener\"><strong>AQUI<\/strong><\/a> as regras para a matr\u00edcula nas turmas pr\u00e1ticas com divis\u00e3o de turmas (ordem alfab\u00e9tica) e <a href=\"https:\/\/fcfrp.usp.br\/wp-content\/uploads\/sites\/528\/2024\/12\/Procedimentos-troca.jpg\" target=\"_blank\" rel=\"noopener\"><strong>AQUI<\/strong><\/a> os procedimentos para solicit\u00e1-las.<\/div>\n<p>&nbsp;<\/p>\n<h4><strong>Matr\u00edculas para o 1\u00ba Semestre 2026<\/strong><\/h4>\n<div style=\"text-align: justify;\">\n<table style=\"font-weight: 400;\">\n<tbody>\n<tr>\n<td colspan=\"2\" width=\"576\"><strong>1\u00aa etapa<\/strong><\/td>\n<\/tr>\n<tr>\n<td width=\"288\">1\u00aa intera\u00e7\u00e3o<\/td>\n<td width=\"288\">01 a 08\/12\/2025<\/td>\n<\/tr>\n<tr>\n<td width=\"288\">\u00daltimo dia para alterar o per\u00edodo ideal<\/td>\n<td width=\"288\">08\/12\/2025<\/td>\n<\/tr>\n<tr>\n<td width=\"288\">1\u00aa consulta \u00e0 matr\u00edcula \u2013 (tela: resultado das consolida\u00e7\u00f5es)<\/td>\n<td width=\"288\">11 e 12\/12\/2025<\/td>\n<\/tr>\n<\/tbody>\n<\/table>\n<table style=\"font-weight: 400;\">\n<tbody>\n<tr>\n<td colspan=\"2\" width=\"576\"><strong>2\u00aa etapa<\/strong><\/td>\n<\/tr>\n<tr>\n<td width=\"288\">2\u00aa intera\u00e7\u00e3o<\/td>\n<td width=\"288\">12 a 19\/01\/2026<\/td>\n<td width=\"288\"><\/td>\n<\/tr>\n<tr>\n<td width=\"288\">2\u00aa consulta \u00e0 matr\u00edcula \u2013 (tela: Grade-Hor\u00e1ria a confirmar ou Hist\u00f3rico escolar)<\/td>\n<td width=\"288\">24\/01\/2026<\/td>\n<\/tr>\n<\/tbody>\n<\/table>\n<table style=\"font-weight: 400;\">\n<tbody>\n<tr>\n<td colspan=\"2\" width=\"576\"><strong>3\u00aa etapa<\/strong><\/td>\n<\/tr>\n<tr>\n<td width=\"288\">Per\u00edodo de EXCLUS\u00c3O de disciplinas pelo J\u00fapiter<\/td>\n<td width=\"288\">02 e 03\/02\/26<\/td>\n<\/tr>\n<\/tbody>\n<\/table>\n<table style=\"font-weight: 400;\">\n<tbody>\n<tr>\n<td colspan=\"2\" width=\"576\"><strong>4\u00aa etapa<\/strong><\/td>\n<\/tr>\n<tr>\n<td width=\"288\">Per\u00edodo de REQUERIMENTO ON-LINE e troca de turma por e-mail (\u00faltimo momento para incluir ou excluir disciplinas)<\/td>\n<td width=\"288\">05 a 12\/02\/26<\/td>\n<\/tr>\n<\/tbody>\n<\/table>\n<\/div>\n<p>&nbsp;<\/p>\n<p><strong>Per\u00edodo para desist\u00eancia de cursar disciplinas (trancamento): 16\/03 a 06\/04\/2026.<\/strong>\u00a0Acesse\u00a0<a href=\"https:\/\/fcfrp.usp.br\/pt\/ensino\/graduacao\/trancamentos\/\" target=\"_blank\" rel=\"noopener\" data-saferedirecturl=\"https:\/\/www.google.com\/url?q=https:\/\/fcfrp.usp.br\/pt\/ensino\/graduacao\/trancamentos\/&amp;source=gmail&amp;ust=1765032031088000&amp;usg=AOvVaw12--ircImHe7zh4rWO-adB\"><strong>AQUI<\/strong><\/a>\u00a0como fazer o trancamento.<\/p>\n<p>&nbsp;<\/p>\n<h4><strong>Matr\u00edculas para o 2\u00ba Semestre 2026<\/strong><\/h4>\n<table style=\"font-weight: 400;\">\n<tbody>\n<tr>\n<td colspan=\"2\" width=\"576\"><strong>1\u00aa etapa<\/strong><\/td>\n<\/tr>\n<tr>\n<td width=\"288\">1\u00aa intera\u00e7\u00e3o<\/td>\n<td width=\"288\">22 a 29\/06\/2026<\/td>\n<\/tr>\n<tr>\n<td width=\"288\">\u00daltimo dia para alterar o per\u00edodo ideal<\/td>\n<td width=\"288\">29\/06\/2026<\/td>\n<\/tr>\n<tr>\n<td width=\"288\">1\u00aa consulta \u00e0 matr\u00edcula \u2013 (tela: resultado das consolida\u00e7\u00f5es)<\/td>\n<td width=\"288\">04\/07\/2026<\/td>\n<\/tr>\n<\/tbody>\n<\/table>\n<table style=\"font-weight: 400;\">\n<tbody>\n<tr>\n<td colspan=\"2\" width=\"576\"><strong>2\u00aa etapa<\/strong><\/td>\n<\/tr>\n<tr>\n<td width=\"288\">2\u00aa intera\u00e7\u00e3o<\/td>\n<td width=\"288\">06 a 13\/07\/2026<\/td>\n<td width=\"288\"><\/td>\n<\/tr>\n<tr>\n<td width=\"288\">2\u00aa consulta \u00e0 matr\u00edcula \u2013 (tela: Grade-Hor\u00e1ria ou Hist\u00f3rico escolar)<\/td>\n<td width=\"288\">18\/07\/2026<\/td>\n<\/tr>\n<\/tbody>\n<\/table>\n<table style=\"font-weight: 400;\">\n<tbody>\n<tr>\n<td colspan=\"2\" width=\"576\"><strong>3\u00aa etapa<\/strong><\/td>\n<\/tr>\n<tr>\n<td width=\"288\">Per\u00edodo de EXCLUS\u00c3O de disciplinas pelo J\u00fapiter<\/td>\n<td width=\"288\">20 e 21\/07\/2026<\/td>\n<\/tr>\n<\/tbody>\n<\/table>\n<table style=\"font-weight: 400;\">\n<tbody>\n<tr>\n<td colspan=\"2\" width=\"576\"><strong>4\u00aa etapa<\/strong><\/td>\n<\/tr>\n<tr>\n<td width=\"288\">Per\u00edodo de REQUERIMENTO ON-LINE e troca de turma por e-mail (\u00faltimo momento para incluir ou excluir disciplinas)<\/td>\n<td width=\"288\">23 a 29\/07\/2026<\/td>\n<\/tr>\n<\/tbody>\n<\/table>\n<div><\/div>\n<div style=\"text-align: justify;\"><strong>Per\u00edodo para desist\u00eancia de cursar disciplinas (trancamento): 24\/08 a 14\/09\/2026.<\/strong> Acesse <a href=\"https:\/\/fcfrp.usp.br\/pt\/ensino\/graduacao\/trancamentos\/\" target=\"_blank\" rel=\"noopener\"><strong>AQUI<\/strong><\/a> como fazer o trancamento.<\/div>\n<\/div>\n\t\t<\/div><\/div><div id=\"pgc-4080-0-1\"  class=\"panel-grid-cell\" ><div id=\"panel-4080-0-1-0\" class=\"so-panel widget widget_nav_menu panel-first-child panel-last-child\" data-index=\"1\" ><div class=\"menu-menu-grad-container\"><ul id=\"menu-menu-grad\" class=\"menu\"><li id=\"menu-item-3941\" class=\"menu-item menu-item-type-post_type menu-item-object-page menu-item-has-children menu-item-3941\"><a href=\"https:\/\/fcfrp.usp.br\/en\/ensino\/\">Education<\/a>\n<ul class=\"sub-menu\">\n\t<li id=\"menu-item-3942\" class=\"menu-item menu-item-type-post_type menu-item-object-page menu-item-has-children menu-item-3942\"><a href=\"https:\/\/fcfrp.usp.br\/en\/ensino\/graduacao\/\">Undergraduate<\/a>\n\t<ul class=\"sub-menu\">\n\t\t<li id=\"menu-item-3938\" class=\"menu-item menu-item-type-post_type menu-item-object-page menu-item-has-children menu-item-3938\"><a href=\"https:\/\/fcfrp.usp.br\/en\/ensino\/graduacao\/comissao-graduacao\/\">Undergraduation Commission<\/a>\n\t\t<ul class=\"sub-menu\">\n\t\t\t<li id=\"menu-item-10994\" class=\"menu-item menu-item-type-post_type menu-item-object-page menu-item-10994\"><a href=\"https:\/\/fcfrp.usp.br\/en\/ensino\/graduacao\/deliberacoes\/\">Rules and Deliberations<\/a><\/li>\n\t\t\t<li id=\"menu-item-13034\" class=\"menu-item menu-item-type-post_type menu-item-object-page menu-item-13034\"><a href=\"https:\/\/fcfrp.usp.br\/en\/ensino\/graduacao\/eventos\/\">Events<\/a><\/li>\n\t\t<\/ul>\n<\/li>\n\t\t<li id=\"menu-item-3939\" class=\"menu-item menu-item-type-post_type menu-item-object-page menu-item-3939\"><a href=\"https:\/\/fcfrp.usp.br\/en\/institucional\/administracao\/atac\/secao-graduacao\/\">Undergraduate Service<\/a><\/li>\n\t\t<li id=\"menu-item-3940\" class=\"menu-item menu-item-type-post_type menu-item-object-page menu-item-3940\"><a href=\"https:\/\/fcfrp.usp.br\/en\/institucional\/administracao\/atac\/apoio-pedagogico\/\">Pedagogical Support<\/a><\/li>\n\t\t<li id=\"menu-item-4000\" class=\"menu-item menu-item-type-post_type menu-item-object-page menu-item-4000\"><a href=\"https:\/\/fcfrp.usp.br\/en\/ensino\/graduacao\/como-estudar\/\">How to Study at FCFRP\/USP<\/a><\/li>\n\t\t<li id=\"menu-item-4064\" class=\"menu-item menu-item-type-post_type menu-item-object-page menu-item-4064\"><a href=\"https:\/\/fcfrp.usp.br\/en\/ensino\/graduacao\/atestados\/\">Certificates and School History<\/a><\/li>\n\t\t<li id=\"menu-item-4047\" class=\"menu-item menu-item-type-post_type menu-item-object-page menu-item-4047\"><a href=\"https:\/\/fcfrp.usp.br\/en\/ensino\/graduacao\/aulas\/\">Classes and Calendars<\/a><\/li>\n\t\t<li id=\"menu-item-7698\" class=\"menu-item menu-item-type-post_type menu-item-object-page menu-item-7698\"><a href=\"https:\/\/fcfrp.usp.br\/en\/ensino\/graduacao\/onibus\/\">Bus Card<\/a><\/li>\n\t\t<li id=\"menu-item-4073\" class=\"menu-item menu-item-type-post_type menu-item-object-page menu-item-4073\"><a href=\"https:\/\/fcfrp.usp.br\/en\/ensino\/graduacao\/colacoes\/\">Grade Collations<\/a><\/li>\n\t\t<li id=\"menu-item-4097\" class=\"menu-item menu-item-type-post_type menu-item-object-page menu-item-4097\"><a href=\"https:\/\/fcfrp.usp.br\/en\/ensino\/graduacao\/estagios\/\">Stages<\/a><\/li>\n\t\t<li id=\"menu-item-4096\" class=\"menu-item menu-item-type-post_type menu-item-object-page menu-item-4096\"><a href=\"https:\/\/fcfrp.usp.br\/en\/ensino\/graduacao\/formularios-grad\/\">Forms<\/a><\/li>\n\t\t<li id=\"menu-item-4095\" class=\"menu-item menu-item-type-post_type menu-item-object-page menu-item-4095\"><a href=\"https:\/\/fcfrp.usp.br\/en\/ensino\/graduacao\/matriculas\/\">Matr\u00edculas 2025<\/a><\/li>\n\t\t<li id=\"menu-item-4094\" class=\"menu-item menu-item-type-post_type menu-item-object-page menu-item-4094\"><a href=\"https:\/\/fcfrp.usp.br\/en\/ensino\/graduacao\/monitoria\/\">Monitoring<\/a><\/li>\n\t\t<li id=\"menu-item-4092\" class=\"menu-item menu-item-type-post_type menu-item-object-page menu-item-4092\"><a href=\"https:\/\/fcfrp.usp.br\/en\/ensino\/graduacao\/tcc\/\">Undergraduate Thesis<\/a><\/li>\n\t\t<li id=\"menu-item-4093\" class=\"menu-item menu-item-type-post_type menu-item-object-page menu-item-4093\"><a href=\"https:\/\/fcfrp.usp.br\/en\/ensino\/graduacao\/trancamentos\/\">Leave of Absence<\/a><\/li>\n\t\t<li id=\"menu-item-4009\" class=\"menu-item menu-item-type-post_type menu-item-object-page menu-item-4009\"><a href=\"https:\/\/fcfrp.usp.br\/en\/ensino\/graduacao\/egressos\/\">Graduates (Former Students)<\/a><\/li>\n\t<\/ul>\n<\/li>\n\t<li id=\"menu-item-3943\" class=\"menu-item menu-item-type-post_type menu-item-object-page menu-item-3943\"><a href=\"https:\/\/fcfrp.usp.br\/en\/ensino\/pos-graduacao\/\">Graduate<\/a><\/li>\n<\/ul>\n<\/li>\n<\/ul><\/div><\/div><\/div><\/div><div id=\"pg-4080-1\"  class=\"panel-grid panel-no-style\" ><div id=\"pgc-4080-1-0\"  class=\"panel-grid-cell panel-grid-cell-mobile-last\" ><div id=\"panel-4080-1-0-0\" class=\"so-panel widget widget_text panel-first-child panel-last-child\" data-index=\"2\" >\t\t\t<div class=\"textwidget\"><h4><strong>Documentos<\/strong><\/h4>\n<div style=\"text-align: justify;\"><a href=\"https:\/\/sites.usp.br\/fcfrp\/wp-content\/uploads\/sites\/528\/2020\/06\/FAQ-Matr\u00edcula.pdf\" target=\"_blank\" rel=\"noopener\">&#8211; FAQ Matr\u00edcula<\/a><br \/>\n<a href=\"https:\/\/fcfrp.usp.br\/wp-content\/uploads\/sites\/528\/2024\/05\/Divisao-da-turma-94-ingresso-2020.pdf\" target=\"_blank\" rel=\"noopener\">&#8211; Divis\u00e3o da turma 94 &#8211; 2020<\/a><br \/>\n<a href=\"https:\/\/fcfrp.usp.br\/wp-content\/uploads\/sites\/528\/2024\/05\/Divisao-da-turma-95-ingresso-2021.pdf\" target=\"_blank\" rel=\"noopener\">&#8211; Divis\u00e3o da turma 95 &#8211; 2021<\/a><br \/>\n<a href=\"https:\/\/fcfrp.usp.br\/wp-content\/uploads\/sites\/528\/2024\/05\/Divisao-da-turma-96-ingresso-2022.pdf\" target=\"_blank\" rel=\"noopener\">&#8211; Divis\u00e3o da turma 96 &#8211; 2022<\/a><br \/>\n<a href=\"https:\/\/fcfrp.usp.br\/wp-content\/uploads\/sites\/528\/2024\/05\/Divisao-da-turma-97-ingresso-2023.pdf\" target=\"_blank\" rel=\"noopener\">&#8211; Divis\u00e3o da turma 97 &#8211; 2023<\/a><br \/>\n<a href=\"https:\/\/fcfrp.usp.br\/wp-content\/uploads\/sites\/528\/2026\/02\/Divisao-da-turma-98-ingresso-2024-1.pdf\" target=\"_blank\" rel=\"noopener\">&#8211; Divis\u00e3o da turma 98 &#8211; 2024<\/a><br \/>\n<a href=\"https:\/\/fcfrp.usp.br\/wp-content\/uploads\/sites\/528\/2026\/02\/Divisao-da-turma-99-ingresso-2025.pdf\" target=\"_blank\" rel=\"noopener\">&#8211; Divis\u00e3o da turma 99 &#8211; 2025<\/a><\/div>\n<\/div>\n\t\t<\/div><\/div><div id=\"pgc-4080-1-1\"  class=\"panel-grid-cell panel-grid-cell-empty\" ><\/div><\/div><\/div>","protected":false},"excerpt":{"rendered":"<p>ATEN\u00c7\u00c3O! As matr\u00edculas com troca de turma (somente por e-mail jr8@fcfrp.usp.br) e de outras unidades (somente pelo requerimento on-line do j\u00fapiterWeb) devem ser solicitadas somente na 4\u00aa etapa do calend\u00e1rio abaixo; Verifique AQUI as regras para a matr\u00edcula nas turmas pr\u00e1ticas com divis\u00e3o de turmas (ordem alfab\u00e9tica) e AQUI os procedimentos para solicit\u00e1-las. &nbsp; Matr\u00edculas<a href=\"https:\/\/fcfrp.usp.br\/en\/ensino\/graduacao\/matriculas\/\">[&#8230;]<\/a><\/p>\n","protected":false},"author":978,"featured_media":0,"parent":452,"menu_order":5,"comment_status":"closed","ping_status":"closed","template":"template-fullwidth.php","meta":{"footnotes":"","_links_to":"","_links_to_target":""},"class_list":["post-4080","page","type-page","status-publish","hentry"],"_links":{"self":[{"href":"https:\/\/fcfrp.usp.br\/en\/wp-json\/wp\/v2\/pages\/4080","targetHints":{"allow":["GET"]}}],"collection":[{"href":"https:\/\/fcfrp.usp.br\/en\/wp-json\/wp\/v2\/pages"}],"about":[{"href":"https:\/\/fcfrp.usp.br\/en\/wp-json\/wp\/v2\/types\/page"}],"author":[{"embeddable":true,"href":"https:\/\/fcfrp.usp.br\/en\/wp-json\/wp\/v2\/users\/978"}],"replies":[{"embeddable":true,"href":"https:\/\/fcfrp.usp.br\/en\/wp-json\/wp\/v2\/comments?post=4080"}],"version-history":[{"count":4,"href":"https:\/\/fcfrp.usp.br\/en\/wp-json\/wp\/v2\/pages\/4080\/revisions"}],"predecessor-version":[{"id":16156,"href":"https:\/\/fcfrp.usp.br\/en\/wp-json\/wp\/v2\/pages\/4080\/revisions\/16156"}],"up":[{"embeddable":true,"href":"https:\/\/fcfrp.usp.br\/en\/wp-json\/wp\/v2\/pages\/452"}],"wp:attachment":[{"href":"https:\/\/fcfrp.usp.br\/en\/wp-json\/wp\/v2\/media?parent=4080"}],"curies":[{"name":"wp","href":"https:\/\/api.w.org\/{rel}","templated":true}]}}