{"id":4348,"date":"2020-05-09T16:53:53","date_gmt":"2020-05-09T18:53:53","guid":{"rendered":"https:\/\/sites.usp.br\/fcfrp\/?page_id=4348"},"modified":"2026-01-13T11:01:37","modified_gmt":"2026-01-13T13:01:37","slug":"pcf-editais-print","status":"publish","type":"page","link":"https:\/\/fcfrp.usp.br\/en\/ensino\/pos-graduacao\/ciencias-farmaceuticas\/pcf-editais-print\/","title":{"rendered":"Publications USP CAPES &#8211; PDSE"},"content":{"rendered":"<div id=\"pl-4348\"  class=\"panel-layout\" ><div id=\"pg-4348-0\"  class=\"panel-grid panel-no-style\" ><div id=\"pgc-4348-0-0\"  class=\"panel-grid-cell\" ><div id=\"panel-4348-0-0-0\" class=\"so-panel widget widget_text panel-first-child panel-last-child\" data-index=\"0\" >\t\t\t<div class=\"textwidget\"><div style=\"text-align: justify\">\n<h4><strong>PDSE \u2013 PROGRAMA DE DOUTORADO SANDU\u00cdCHE NO EXTERIOR<\/strong><\/h4>\n<\/div>\n<p>&nbsp;<\/p>\n<p><a href=\"https:\/\/fcfrp.usp.br\/wp-content\/uploads\/sites\/528\/2025\/09\/21082025_Edital_2662823_SEI_2661209_Edital_n__17_2025.pdf\">&#8211; Edital n\u00ba 17\/2025 \u2013 CAPES \u2013 Programa Institucional de doutorado sandu\u00edche no exterior \u2013 PDSE<\/a><br \/>\n<a href=\"https:\/\/fcfrp.usp.br\/wp-content\/uploads\/sites\/528\/2025\/09\/Edital-PRPG-No-13-1.pdf\">&#8211; Edital PRPG n\u00ba 13\/2025 \u2013 Programa de Doutorado Sanduiche no Exterior (PDSE) CAPES 2025<\/a><\/p>\n<p>Classifica\u00e7\u00e3o e indica\u00e7\u00e3o do candidato:<\/p>\n<p><strong>1\u00ba &#8211; Lincoln Marques Cavalcante Santos &#8211; indicado<\/strong><br \/>\nSer\u00e1 indicado por formul\u00e1rio e enviado a PRPG que iniciar\u00e1 o processo de confer\u00eancia dos documentos solicitados e homologa\u00e7\u00e3o do candidato que ser\u00e1 indicado para a CAPES.<\/p>\n<p>Informamos que as inscri\u00e7\u00f5es dos candidatos Jo\u00e3o Paulo Alves Cunha e Jos\u00e9 Virgulino de Oliveira Lima, foram indeferidas, de acordo com o <strong>Edital PRPG <\/strong><strong>13\/2025, item 2. <\/strong><\/p>\n<p><strong>Requisitos para inscri\u00e7\u00e3o:\u00a0<\/strong><\/p>\n<p>&#8220;Podem participar os(as) alunos(as) de doutorado com matr\u00edcula de ingresso no <strong>doutorado<\/strong> entre <strong>01 de janeiro de 2023 e 31 de dezembro de 2024<\/strong> e os(as) alunos(as) de <strong>doutorado direto<\/strong> com matr\u00edcula de ingresso entre <strong>01 de janeiro de 2022 e 31 de dezembro de 2024<\/strong>&#8220;.<\/p>\n<p>&nbsp;<\/p>\n<p><strong>2\u00aa Chamada<\/strong><\/p>\n<p><a href=\"https:\/\/fcfrp.usp.br\/wp-content\/uploads\/sites\/528\/2026\/01\/Edital-PRPG-no-16.pdf\">&#8211; Edital PRPG n\u00ba 16\/2025 \u2013 Programa de Doutorado Sanduiche no Exterior (PDSE) CAPES 2025<\/a><\/p>\n<p><a href=\"https:\/\/fcfrp.usp.br\/wp-content\/uploads\/sites\/528\/2026\/01\/Retificacao-Edital-PRPG-no-16-07_11_2025.pdf\">&#8211; RETIFICA\u00c7\u00c3O Edital PRPG n\u00ba 16\/2025, 07\/11\/2025 \u2013 Programa de Doutorado Sanduiche no Exterior (PDSE) CAPES 2025<\/a><\/p>\n<p><a href=\"https:\/\/fcfrp.usp.br\/wp-content\/uploads\/sites\/528\/2026\/01\/Retificacao-Edital-PRPG-no-16-19_11_2025.pdf\">&#8211; RETIFICA\u00c7\u00c3O Edital PRPG n\u00ba 16\/2025, 19\/11\/2025 \u2013 Programa de Doutorado Sanduiche no Exterior (PDSE) CAPES 2025<\/a><\/p>\n<p><strong>Classifica\u00e7\u00e3o e indica\u00e7\u00e3o do candidato:<\/strong><\/p>\n<p><strong>1\u00ba &#8211; Rafael Gon\u00e7alves Padilha \u2013 indicado<\/strong><\/p>\n<p><strong>1\u00ba &#8211; Oluwapelumi Oloyede Oyeniyi \u2013 vaga remanescente<\/strong><\/p>\n<p>Ser\u00e1 indicado por formul\u00e1rio e enviado a PRPG que iniciar\u00e1 o processo de confer\u00eancia dos documentos solicitados e homologa\u00e7\u00e3o do candidato que ser\u00e1 indicado para a CAPES.<\/p>\n<p>Os crit\u00e9rios utilizados pela comiss\u00e3o foram:\u00a0a proposta de pesquisa, o alinhamento com o atual projeto em desenvolvimento no Brasil, a institui\u00e7\u00e3o internacional utilizando o ranking Nature index, o curr\u00edculo do orientador no exterior, o curr\u00edculo e o hist\u00f3rico acad\u00eamico do candidato.<\/p>\n<p>Al\u00e9m do especificado no Edital CAPES n\u00ba 17\/2025, item 9.2.5: &#8220;Durante o processo de sele\u00e7\u00e3o, a Institui\u00e7\u00e3o de Ensino Superior do candidato dever\u00e1 levar em considera\u00e7\u00e3o os seguintes aspectos:<\/p>\n<p>I &#8211; adequa\u00e7\u00e3o da documenta\u00e7\u00e3o apresentada pelo candidato \u00e0s exig\u00eancias deste Edital;<\/p>\n<p>II &#8211; a plena qualifica\u00e7\u00e3o do candidato com comprova\u00e7\u00e3o do desempenho acad\u00eamico e potencial cient\u00edfico para o desenvolvimento dos estudos propostos no exterior;<\/p>\n<p>III &#8211; pertin\u00eancia do plano de pesquisa no exterior com o projeto de tese e sua exequibilidade dentro do cronograma previsto; e<\/p>\n<p>IV &#8211; adequa\u00e7\u00e3o da institui\u00e7\u00e3o de destino e a pertin\u00eancia t\u00e9cnico-cient\u00edfica do coorientador no exterior \u00e0s atividades que ser\u00e3o desenvolvidas.<\/p>\n<p>&nbsp;<\/p>\n<\/div>\n\t\t<\/div><\/div><div id=\"pgc-4348-0-1\"  class=\"panel-grid-cell\" ><div id=\"panel-4348-0-1-0\" class=\"so-panel widget widget_nav_menu panel-first-child panel-last-child\" data-index=\"1\" ><div class=\"menu-menu-pos-pcf-container\"><ul id=\"menu-menu-pos-pcf\" class=\"menu\"><li id=\"menu-item-4306\" class=\"menu-item menu-item-type-post_type menu-item-object-page menu-item-has-children menu-item-4306\"><a href=\"https:\/\/fcfrp.usp.br\/en\/ensino\/\">Education<\/a>\n<ul class=\"sub-menu\">\n\t<li id=\"menu-item-4307\" class=\"menu-item menu-item-type-post_type menu-item-object-page menu-item-4307\"><a href=\"https:\/\/fcfrp.usp.br\/en\/ensino\/graduacao\/\">Undergraduate<\/a><\/li>\n\t<li id=\"menu-item-4308\" class=\"menu-item menu-item-type-post_type menu-item-object-page menu-item-has-children menu-item-4308\"><a href=\"https:\/\/fcfrp.usp.br\/en\/ensino\/pos-graduacao\/\">Graduate<\/a>\n\t<ul class=\"sub-menu\">\n\t\t<li id=\"menu-item-4309\" class=\"menu-item menu-item-type-post_type menu-item-object-page menu-item-4309\"><a href=\"https:\/\/fcfrp.usp.br\/en\/ensino\/pos-graduacao\/comissao-pos-graduacao\/\">Graduate Commission<\/a><\/li>\n\t\t<li id=\"menu-item-4310\" class=\"menu-item menu-item-type-post_type menu-item-object-page menu-item-4310\"><a href=\"https:\/\/fcfrp.usp.br\/en\/institucional\/administracao\/atac\/secao-posgraduacao\/\">Graduate Service<\/a><\/li>\n\t\t<li id=\"menu-item-4312\" class=\"menu-item menu-item-type-post_type menu-item-object-page menu-item-4312\"><a href=\"https:\/\/fcfrp.usp.br\/en\/ensino\/pos-graduacao\/biociencias-biotecnologia\/\">Biosciences and Biotechnology Program<\/a><\/li>\n\t\t<li id=\"menu-item-4305\" class=\"menu-item menu-item-type-post_type menu-item-object-page menu-item-has-children menu-item-4305\"><a href=\"https:\/\/fcfrp.usp.br\/en\/ensino\/pos-graduacao\/ciencias-farmaceuticas\/\">Pharmaceutical Sciences Program<\/a>\n\t\t<ul class=\"sub-menu\">\n\t\t\t<li id=\"menu-item-4304\" class=\"menu-item menu-item-type-post_type menu-item-object-page menu-item-4304\"><a href=\"https:\/\/fcfrp.usp.br\/en\/ensino\/pos-graduacao\/ciencias-farmaceuticas\/pcf-historico\/\">Background and Objectives<\/a><\/li>\n\t\t\t<li id=\"menu-item-16550\" class=\"menu-item menu-item-type-post_type menu-item-object-page menu-item-16550\"><a href=\"https:\/\/fcfrp.usp.br\/en\/ensino\/pos-graduacao\/ciencias-farmaceuticas\/comissao\/\">Program Committee<\/a><\/li>\n\t\t\t<li id=\"menu-item-16554\" class=\"menu-item menu-item-type-post_type menu-item-object-page menu-item-16554\"><a href=\"https:\/\/fcfrp.usp.br\/en\/ensino\/pos-graduacao\/ciencias-farmaceuticas\/reunioes\/\">Meeting Calendar<\/a><\/li>\n\t\t\t<li id=\"menu-item-4324\" class=\"menu-item menu-item-type-post_type menu-item-object-page menu-item-4324\"><a href=\"https:\/\/fcfrp.usp.br\/en\/ensino\/pos-graduacao\/ciencias-farmaceuticas\/pcf-areas\/\">Faculty and Concentration Areas<\/a><\/li>\n\t\t\t<li id=\"menu-item-16562\" class=\"menu-item menu-item-type-post_type menu-item-object-page menu-item-16562\"><a href=\"https:\/\/fcfrp.usp.br\/en\/ensino\/pos-graduacao\/ciencias-farmaceuticas\/difusao\/\">Scientific Communication and Dissemination Network of the PPGCF-FCFRP<\/a><\/li>\n\t\t\t<li id=\"menu-item-4336\" class=\"menu-item menu-item-type-post_type menu-item-object-page menu-item-4336\"><a href=\"https:\/\/fcfrp.usp.br\/en\/ensino\/pos-graduacao\/ciencias-farmaceuticas\/pcf-processo-seletivo\/\">Selection Process and Enrollment<\/a><\/li>\n\t\t\t<li id=\"menu-item-5124\" class=\"menu-item menu-item-type-post_type menu-item-object-page menu-item-5124\"><a href=\"https:\/\/fcfrp.usp.br\/en\/ensino\/pos-graduacao\/ciencias-farmaceuticas\/pcf-teses\/\">Theses and Dissertations<\/a><\/li>\n\t\t\t<li id=\"menu-item-16558\" class=\"menu-item menu-item-type-post_type menu-item-object-page menu-item-16558\"><a href=\"https:\/\/fcfrp.usp.br\/en\/ensino\/pos-graduacao\/ciencias-farmaceuticas\/boas-praticas\/\">Good Scientific Practices and the Use of AI in Research and Education<\/a><\/li>\n\t\t\t<li id=\"menu-item-16566\" class=\"menu-item menu-item-type-post_type menu-item-object-page menu-item-16566\"><a href=\"https:\/\/fcfrp.usp.br\/en\/ensino\/pos-graduacao\/ciencias-farmaceuticas\/publicacao\/\">Open Access Publication \u2013 CAPES Agreements<\/a><\/li>\n\t\t\t<li id=\"menu-item-4347\" class=\"menu-item menu-item-type-post_type menu-item-object-page menu-item-4347\"><a href=\"https:\/\/fcfrp.usp.br\/en\/ensino\/pos-graduacao\/ciencias-farmaceuticas\/pcf-pos-doc\/\">Post-Doc (PNPD)<\/a><\/li>\n\t\t\t<li id=\"menu-item-4354\" class=\"menu-item menu-item-type-post_type menu-item-object-page menu-item-4354\"><a href=\"https:\/\/fcfrp.usp.br\/en\/ensino\/pos-graduacao\/ciencias-farmaceuticas\/pcf-editais-print\/\">Publications USP CAPES \u2013 PDSE<\/a><\/li>\n\t\t\t<li id=\"menu-item-4380\" class=\"menu-item menu-item-type-post_type menu-item-object-page menu-item-4380\"><a href=\"https:\/\/fcfrp.usp.br\/en\/ensino\/pos-graduacao\/ciencias-farmaceuticas\/pcf-disciplinas\/\">Subjects<\/a><\/li>\n\t\t\t<li id=\"menu-item-4485\" class=\"menu-item menu-item-type-post_type menu-item-object-page menu-item-has-children menu-item-4485\"><a href=\"https:\/\/fcfrp.usp.br\/en\/ensino\/pos-graduacao\/ciencias-farmaceuticas\/pcf-regulamento\/\">Program Regulations<\/a>\n\t\t\t<ul class=\"sub-menu\">\n\t\t\t\t<li id=\"menu-item-16504\" class=\"menu-item menu-item-type-post_type menu-item-object-page menu-item-16504\"><a href=\"https:\/\/fcfrp.usp.br\/en\/ensino\/pos-graduacao\/biociencias-biotecnologia\/pbbio-regulamento\/pcf-faq\/\">FAQ \u2013 Program Regulations<\/a><\/li>\n\t\t\t<\/ul>\n<\/li>\n\t\t\t<li id=\"menu-item-4410\" class=\"menu-item menu-item-type-post_type menu-item-object-page menu-item-4410\"><a href=\"https:\/\/fcfrp.usp.br\/en\/ensino\/pos-graduacao\/ciencias-farmaceuticas\/pcf-formularios\/\">Forms<\/a><\/li>\n\t\t\t<li id=\"menu-item-4484\" class=\"menu-item menu-item-type-post_type menu-item-object-page menu-item-4484\"><a href=\"https:\/\/fcfrp.usp.br\/en\/ensino\/pos-graduacao\/ciencias-farmaceuticas\/pcf-bolsas\/\">Grant of Scholarships<\/a><\/li>\n\t\t\t<li id=\"menu-item-4483\" class=\"menu-item menu-item-type-post_type menu-item-object-page menu-item-4483\"><a href=\"https:\/\/fcfrp.usp.br\/en\/ensino\/pos-graduacao\/ciencias-farmaceuticas\/pcf-auxilios\/\">Aid for Scientific Events<\/a><\/li>\n\t\t\t<li id=\"menu-item-4379\" class=\"menu-item menu-item-type-post_type menu-item-object-page menu-item-4379\"><a href=\"https:\/\/fcfrp.usp.br\/en\/ensino\/pos-graduacao\/ciencias-farmaceuticas\/pcf-workshops\/\">Workshops<\/a><\/li>\n\t\t<\/ul>\n<\/li>\n\t\t<li id=\"menu-item-4311\" class=\"menu-item menu-item-type-post_type menu-item-object-page menu-item-4311\"><a href=\"https:\/\/fcfrp.usp.br\/en\/ensino\/pos-graduacao\/toxicologia\/\">Toxicology Program<\/a><\/li>\n\t\t<li id=\"menu-item-5003\" class=\"menu-item menu-item-type-post_type menu-item-object-page menu-item-5003\"><a href=\"https:\/\/fcfrp.usp.br\/en\/ensino\/pos-graduacao\/defesas\/\">Defenses<\/a><\/li>\n\t\t<li id=\"menu-item-5004\" class=\"menu-item menu-item-type-post_type menu-item-object-page menu-item-5004\"><a href=\"https:\/\/fcfrp.usp.br\/en\/ensino\/pos-graduacao\/diplomas\/\">Diplomas<\/a><\/li>\n\t\t<li id=\"menu-item-5005\" class=\"menu-item menu-item-type-post_type menu-item-object-page menu-item-5005\"><a href=\"https:\/\/fcfrp.usp.br\/en\/ensino\/pos-graduacao\/pae\/\">Teaching Improvement Program (PAE)<\/a><\/li>\n\t\t<li id=\"menu-item-5006\" class=\"menu-item menu-item-type-post_type menu-item-object-page menu-item-5006\"><a href=\"https:\/\/fcfrp.usp.br\/en\/ensino\/pos-graduacao\/historia\/\">History of Graduate Studies<\/a><\/li>\n\t\t<li id=\"menu-item-5001\" class=\"menu-item menu-item-type-post_type menu-item-object-page menu-item-5001\"><a href=\"https:\/\/fcfrp.usp.br\/en\/ensino\/pos-graduacao\/pg-regimento\/\">Regulations and Rules<\/a><\/li>\n\t\t<li id=\"menu-item-5084\" class=\"menu-item menu-item-type-post_type menu-item-object-page menu-item-5084\"><a href=\"https:\/\/fcfrp.usp.br\/en\/ensino\/pos-graduacao\/colaboradores\/\">International Collaborators<\/a><\/li>\n\t<\/ul>\n<\/li>\n<\/ul>\n<\/li>\n<\/ul><\/div><\/div><\/div><\/div><\/div>","protected":false},"excerpt":{"rendered":"<p>PDSE \u2013 PROGRAMA DE DOUTORADO SANDU\u00cdCHE NO EXTERIOR &nbsp; &#8211; Edital n\u00ba 17\/2025 \u2013 CAPES \u2013 Programa Institucional de doutorado sandu\u00edche no exterior \u2013 PDSE &#8211; Edital PRPG n\u00ba 13\/2025 \u2013 Programa de Doutorado Sanduiche no Exterior (PDSE) CAPES 2025 Classifica\u00e7\u00e3o e indica\u00e7\u00e3o do candidato: 1\u00ba &#8211; Lincoln Marques Cavalcante Santos &#8211; indicado Ser\u00e1 indicado<a href=\"https:\/\/fcfrp.usp.br\/en\/ensino\/pos-graduacao\/ciencias-farmaceuticas\/pcf-editais-print\/\">[&#8230;]<\/a><\/p>\n","protected":false},"author":978,"featured_media":0,"parent":4256,"menu_order":5,"comment_status":"closed","ping_status":"closed","template":"template-fullwidth.php","meta":{"footnotes":"","_links_to":"","_links_to_target":""},"class_list":["post-4348","page","type-page","status-publish","hentry"],"_links":{"self":[{"href":"https:\/\/fcfrp.usp.br\/en\/wp-json\/wp\/v2\/pages\/4348","targetHints":{"allow":["GET"]}}],"collection":[{"href":"https:\/\/fcfrp.usp.br\/en\/wp-json\/wp\/v2\/pages"}],"about":[{"href":"https:\/\/fcfrp.usp.br\/en\/wp-json\/wp\/v2\/types\/page"}],"author":[{"embeddable":true,"href":"https:\/\/fcfrp.usp.br\/en\/wp-json\/wp\/v2\/users\/978"}],"replies":[{"embeddable":true,"href":"https:\/\/fcfrp.usp.br\/en\/wp-json\/wp\/v2\/comments?post=4348"}],"version-history":[{"count":4,"href":"https:\/\/fcfrp.usp.br\/en\/wp-json\/wp\/v2\/pages\/4348\/revisions"}],"predecessor-version":[{"id":16002,"href":"https:\/\/fcfrp.usp.br\/en\/wp-json\/wp\/v2\/pages\/4348\/revisions\/16002"}],"up":[{"embeddable":true,"href":"https:\/\/fcfrp.usp.br\/en\/wp-json\/wp\/v2\/pages\/4256"}],"wp:attachment":[{"href":"https:\/\/fcfrp.usp.br\/en\/wp-json\/wp\/v2\/media?parent=4348"}],"curies":[{"name":"wp","href":"https:\/\/api.w.org\/{rel}","templated":true}]}}