{"id":4367,"date":"2020-05-09T17:24:25","date_gmt":"2020-05-09T19:24:25","guid":{"rendered":"https:\/\/sites.usp.br\/fcfrp\/?page_id=4367"},"modified":"2025-07-31T14:43:57","modified_gmt":"2025-07-31T16:43:57","slug":"pcf-workshops","status":"publish","type":"page","link":"https:\/\/fcfrp.usp.br\/en\/ensino\/pos-graduacao\/ciencias-farmaceuticas\/pcf-workshops\/","title":{"rendered":"Workshops"},"content":{"rendered":"<div id=\"pl-4367\"  class=\"panel-layout\" ><div id=\"pg-4367-0\"  class=\"panel-grid panel-no-style\" ><div id=\"pgc-4367-0-0\"  class=\"panel-grid-cell\" ><div id=\"panel-4367-0-0-0\" class=\"so-panel widget widget_text panel-first-child panel-last-child\" data-index=\"0\" >\t\t\t<div class=\"textwidget\"><div style=\"text-align: justify;\">\n<p><strong>WORKSHOP do Programa de P\u00f3s-gradua\u00e7\u00e3o em Ci\u00eancias Farmac\u00eauticas da FCFRP\/USP<\/strong><em><br \/>\n<\/em>Trata-se de uma atividade obrigat\u00f3ria para todos os alunos matriculados no Programa, bolsistas e n\u00e3o bolsistas, conforme consta no Regulamento do Programa:<\/p>\n<p><strong>\u201cIX &#8211; AVALIA\u00c7\u00c3O DO DESEMPENHO ACAD\u00caMICO E CIENT\u00cdFICO DO ALUNO<\/strong><\/p>\n<p><strong>IX.1 <\/strong>Os estudantes ser\u00e3o avaliados anualmente atrav\u00e9s de seus relat\u00f3rios acad\u00eamicos e cient\u00edficos e participa\u00e7\u00e3o no Workshop em Ci\u00eancias Farmac\u00eauticas do Programa. Os relat\u00f3rios dever\u00e3o ser encaminhados pelo estudante, de acordo com o cronograma estabelecido pela CCP, divulgado pela secretaria e publicado na p\u00e1gina eletr\u00f4nica do Programa.<\/p>\n<p><strong>IX.2 <\/strong>O relat\u00f3rio dever\u00e1 conter um resumo do projeto de pesquisa do estudante, descri\u00e7\u00e3o das atividades realizadas e do cumprimento das metas planejadas, planejamento ou replanejamento das atividades futuras, conforme modelo dispon\u00edvel na p\u00e1gina do Programa na internet. Dever\u00e1 tamb\u00e9m ser acompanhado da avalia\u00e7\u00e3o, pelo orientador, do desempenho acad\u00eamico e cient\u00edfico do aluno.<\/p>\n<p><strong>IX.3 <\/strong>O estudante que tiver seu relat\u00f3rio reprovado dever\u00e1 providenciar a entrega de novo relat\u00f3rio no prazo m\u00e1ximo de trinta (30) dias, contados a partir da data de divulga\u00e7\u00e3o do resultado da avalia\u00e7\u00e3o pela secretaria do Programa.<\/p>\n<p><strong>IX.4 <\/strong>\u00c9 <strong>obrigat\u00f3ria a participa\u00e7\u00e3o de todos os alunos no Workshop em Ci\u00eancias Farmac\u00eauticas<\/strong> organizado anualmente pela CCP. Durante o workshop cada aluno versar\u00e1 sobre o andamento de seu projeto de pesquisa, na forma de p\u00f4ster ou apresenta\u00e7\u00e3o oral, conforme determinado previamente pela CPP.\u201d<\/p>\n<p><strong>Todos os alunos dever\u00e3o entregar o relat\u00f3rio cient\u00edfico<\/strong>, por\u00e9m os alunos bolsistas da FAPESP, devem submeter o relat\u00f3rio cient\u00edfico apenas com o Resumo (Portugu\u00eas e Ingl\u00eas).<\/p>\n<p><strong>Casos excepcionais<\/strong>, ser\u00e3o julgados pela Comiss\u00e3o Coordenadora do Programa, mediante solicita\u00e7\u00e3o pr\u00e9via de justificativa documentalmente comprovada e com a anu\u00eancia do orientador.<\/p>\n<p>Aluno que possui <strong>v\u00ednculo empregat\u00edcio<\/strong>, mediante solicita\u00e7\u00e3o de dispensa por parte a empresa na qual possui v\u00ednculo, devidamente assinado por todos os envolvidos inclusive o orientador, e aprovada pela CCP, poder\u00e1 ser dispensado parcialmente, isto \u00e9, participar somente no hor\u00e1rio da apresenta\u00e7\u00e3o do seu p\u00f4ster, ou integralmente do evento.<\/p>\n<p><strong>Ressalta-se que a dispensa da participa\u00e7\u00e3o presencial no workshop n\u00e3o exime o aluno da responsabilidade pelo envio do relat\u00f3rio e pela apresenta\u00e7\u00e3o do andamento do projeto, conforme as normas que ser\u00e3o disponibilizadas pela comiss\u00e3o organizadora.<\/strong><\/p>\n<p><strong>Por e-mail e atrav\u00e9s da Instagram do programa (@ppgcfrp)<\/strong>, em momento oportuno, ser\u00e3o divulgadas outras orienta\u00e7\u00f5es, a programa\u00e7\u00e3o detalhada do evento, o link para o formul\u00e1rio de inscri\u00e7\u00e3o e o prazo m\u00e1ximo para inscri\u00e7\u00e3o e entrega do relat\u00f3rio cient\u00edfico.<\/p>\n<p><a href=\"https:\/\/fcfrp.usp.br\/wp-content\/uploads\/sites\/528\/2025\/07\/Modelo-Relatorio-Cientifico-2025.docx\"><strong>\u2013 Modelo Relat\u00f3rio Cient\u00edfico<\/strong><\/a><\/p>\n<p><a href=\"https:\/\/sites.usp.br\/fcfrp\/wp-content\/uploads\/sites\/528\/2020\/05\/Instrucao-para-classificacao-do-estagio-de-pesquisa.doc\"><strong>\u2013 Instru\u00e7\u00e3o para classifica\u00e7\u00e3o de est\u00e1gio no Relat\u00f3rio de Pesquisa<\/strong><\/a><\/p>\n<p>O <strong>relat\u00f3rio acad\u00eamico tamb\u00e9m obrigat\u00f3rio <\/strong>para todos os alunos matriculados no programa, dever\u00e1 ser enviado para o e-mail do programa (<a href=\"mailto:pp.cfrp@usp.br\">pp.cfrp@usp.br<\/a>) <strong>at\u00e9 o dia 05\/12\/2025<\/strong>.<\/p>\n<p><a href=\"https:\/\/fcfrp.usp.br\/wp-content\/uploads\/sites\/528\/2025\/07\/Novo-Modelo-Relatorio-Academico.docx\"><strong>\u2013 Modelo Relat\u00f3rio Acad\u00eamico<\/strong><\/a><\/p>\n<\/div>\n<div><\/div>\n<\/div>\n\t\t<\/div><\/div><div id=\"pgc-4367-0-1\"  class=\"panel-grid-cell\" ><div id=\"panel-4367-0-1-0\" class=\"so-panel widget widget_nav_menu panel-first-child panel-last-child\" data-index=\"1\" ><div class=\"menu-menu-pos-pcf-container\"><ul id=\"menu-menu-pos-pcf\" class=\"menu\"><li id=\"menu-item-4306\" class=\"menu-item menu-item-type-post_type menu-item-object-page menu-item-has-children menu-item-4306\"><a href=\"https:\/\/fcfrp.usp.br\/en\/ensino\/\">Education<\/a>\n<ul class=\"sub-menu\">\n\t<li id=\"menu-item-4307\" class=\"menu-item menu-item-type-post_type menu-item-object-page menu-item-4307\"><a href=\"https:\/\/fcfrp.usp.br\/en\/ensino\/graduacao\/\">Undergraduate<\/a><\/li>\n\t<li id=\"menu-item-4308\" class=\"menu-item menu-item-type-post_type menu-item-object-page menu-item-has-children menu-item-4308\"><a href=\"https:\/\/fcfrp.usp.br\/en\/ensino\/pos-graduacao\/\">Graduate<\/a>\n\t<ul class=\"sub-menu\">\n\t\t<li id=\"menu-item-4309\" class=\"menu-item menu-item-type-post_type menu-item-object-page menu-item-4309\"><a href=\"https:\/\/fcfrp.usp.br\/en\/ensino\/pos-graduacao\/comissao-pos-graduacao\/\">Graduate Commission<\/a><\/li>\n\t\t<li id=\"menu-item-4310\" class=\"menu-item menu-item-type-post_type menu-item-object-page menu-item-4310\"><a href=\"https:\/\/fcfrp.usp.br\/en\/institucional\/administracao\/atac\/secao-posgraduacao\/\">Graduate Service<\/a><\/li>\n\t\t<li id=\"menu-item-4312\" class=\"menu-item menu-item-type-post_type menu-item-object-page menu-item-4312\"><a href=\"https:\/\/fcfrp.usp.br\/en\/ensino\/pos-graduacao\/biociencias-biotecnologia\/\">Biosciences and Biotechnology Program<\/a><\/li>\n\t\t<li id=\"menu-item-4305\" class=\"menu-item menu-item-type-post_type menu-item-object-page menu-item-has-children menu-item-4305\"><a href=\"https:\/\/fcfrp.usp.br\/en\/ensino\/pos-graduacao\/ciencias-farmaceuticas\/\">Pharmaceutical Sciences Program<\/a>\n\t\t<ul class=\"sub-menu\">\n\t\t\t<li id=\"menu-item-4304\" class=\"menu-item menu-item-type-post_type menu-item-object-page menu-item-4304\"><a href=\"https:\/\/fcfrp.usp.br\/en\/ensino\/pos-graduacao\/ciencias-farmaceuticas\/pcf-historico\/\">Background and Objectives<\/a><\/li>\n\t\t\t<li id=\"menu-item-16550\" class=\"menu-item menu-item-type-post_type menu-item-object-page menu-item-16550\"><a href=\"https:\/\/fcfrp.usp.br\/en\/ensino\/pos-graduacao\/ciencias-farmaceuticas\/comissao\/\">Program Committee<\/a><\/li>\n\t\t\t<li id=\"menu-item-16554\" class=\"menu-item menu-item-type-post_type menu-item-object-page menu-item-16554\"><a href=\"https:\/\/fcfrp.usp.br\/en\/ensino\/pos-graduacao\/ciencias-farmaceuticas\/reunioes\/\">Meeting Calendar<\/a><\/li>\n\t\t\t<li id=\"menu-item-4324\" class=\"menu-item menu-item-type-post_type menu-item-object-page menu-item-4324\"><a href=\"https:\/\/fcfrp.usp.br\/en\/ensino\/pos-graduacao\/ciencias-farmaceuticas\/pcf-areas\/\">Faculty and Concentration Areas<\/a><\/li>\n\t\t\t<li id=\"menu-item-16562\" class=\"menu-item menu-item-type-post_type menu-item-object-page menu-item-16562\"><a href=\"https:\/\/fcfrp.usp.br\/en\/ensino\/pos-graduacao\/ciencias-farmaceuticas\/difusao\/\">Scientific Communication and Dissemination Network of the PPGCF-FCFRP<\/a><\/li>\n\t\t\t<li id=\"menu-item-4336\" class=\"menu-item menu-item-type-post_type menu-item-object-page menu-item-4336\"><a href=\"https:\/\/fcfrp.usp.br\/en\/ensino\/pos-graduacao\/ciencias-farmaceuticas\/pcf-processo-seletivo\/\">Selection Process and Enrollment<\/a><\/li>\n\t\t\t<li id=\"menu-item-5124\" class=\"menu-item menu-item-type-post_type menu-item-object-page menu-item-5124\"><a href=\"https:\/\/fcfrp.usp.br\/en\/ensino\/pos-graduacao\/ciencias-farmaceuticas\/pcf-teses\/\">Theses and Dissertations<\/a><\/li>\n\t\t\t<li id=\"menu-item-16558\" class=\"menu-item menu-item-type-post_type menu-item-object-page menu-item-16558\"><a href=\"https:\/\/fcfrp.usp.br\/en\/ensino\/pos-graduacao\/ciencias-farmaceuticas\/boas-praticas\/\">Good Scientific Practices and the Use of AI in Research and Education<\/a><\/li>\n\t\t\t<li id=\"menu-item-16566\" class=\"menu-item menu-item-type-post_type menu-item-object-page menu-item-16566\"><a href=\"https:\/\/fcfrp.usp.br\/en\/ensino\/pos-graduacao\/ciencias-farmaceuticas\/publicacao\/\">Open Access Publication \u2013 CAPES Agreements<\/a><\/li>\n\t\t\t<li id=\"menu-item-4347\" class=\"menu-item menu-item-type-post_type menu-item-object-page menu-item-4347\"><a href=\"https:\/\/fcfrp.usp.br\/en\/ensino\/pos-graduacao\/ciencias-farmaceuticas\/pcf-pos-doc\/\">Post-Doc (PNPD)<\/a><\/li>\n\t\t\t<li id=\"menu-item-4354\" class=\"menu-item menu-item-type-post_type menu-item-object-page menu-item-4354\"><a href=\"https:\/\/fcfrp.usp.br\/en\/ensino\/pos-graduacao\/ciencias-farmaceuticas\/pcf-editais-print\/\">Publications USP CAPES \u2013 PDSE<\/a><\/li>\n\t\t\t<li id=\"menu-item-4380\" class=\"menu-item menu-item-type-post_type menu-item-object-page menu-item-4380\"><a href=\"https:\/\/fcfrp.usp.br\/en\/ensino\/pos-graduacao\/ciencias-farmaceuticas\/pcf-disciplinas\/\">Subjects<\/a><\/li>\n\t\t\t<li id=\"menu-item-4485\" class=\"menu-item menu-item-type-post_type menu-item-object-page menu-item-has-children menu-item-4485\"><a href=\"https:\/\/fcfrp.usp.br\/en\/ensino\/pos-graduacao\/ciencias-farmaceuticas\/pcf-regulamento\/\">Program Regulations<\/a>\n\t\t\t<ul class=\"sub-menu\">\n\t\t\t\t<li id=\"menu-item-16504\" class=\"menu-item menu-item-type-post_type menu-item-object-page menu-item-16504\"><a href=\"https:\/\/fcfrp.usp.br\/en\/ensino\/pos-graduacao\/biociencias-biotecnologia\/pbbio-regulamento\/pcf-faq\/\">FAQ \u2013 Program Regulations<\/a><\/li>\n\t\t\t<\/ul>\n<\/li>\n\t\t\t<li id=\"menu-item-4410\" class=\"menu-item menu-item-type-post_type menu-item-object-page menu-item-4410\"><a href=\"https:\/\/fcfrp.usp.br\/en\/ensino\/pos-graduacao\/ciencias-farmaceuticas\/pcf-formularios\/\">Forms<\/a><\/li>\n\t\t\t<li id=\"menu-item-4484\" class=\"menu-item menu-item-type-post_type menu-item-object-page menu-item-4484\"><a href=\"https:\/\/fcfrp.usp.br\/en\/ensino\/pos-graduacao\/ciencias-farmaceuticas\/pcf-bolsas\/\">Grant of Scholarships<\/a><\/li>\n\t\t\t<li id=\"menu-item-4483\" class=\"menu-item menu-item-type-post_type menu-item-object-page menu-item-4483\"><a href=\"https:\/\/fcfrp.usp.br\/en\/ensino\/pos-graduacao\/ciencias-farmaceuticas\/pcf-auxilios\/\">Aid for Scientific Events<\/a><\/li>\n\t\t\t<li id=\"menu-item-4379\" class=\"menu-item menu-item-type-post_type menu-item-object-page menu-item-4379\"><a href=\"https:\/\/fcfrp.usp.br\/en\/ensino\/pos-graduacao\/ciencias-farmaceuticas\/pcf-workshops\/\">Workshops<\/a><\/li>\n\t\t<\/ul>\n<\/li>\n\t\t<li id=\"menu-item-4311\" class=\"menu-item menu-item-type-post_type menu-item-object-page menu-item-4311\"><a href=\"https:\/\/fcfrp.usp.br\/en\/ensino\/pos-graduacao\/toxicologia\/\">Toxicology Program<\/a><\/li>\n\t\t<li id=\"menu-item-5003\" class=\"menu-item menu-item-type-post_type menu-item-object-page menu-item-5003\"><a href=\"https:\/\/fcfrp.usp.br\/en\/ensino\/pos-graduacao\/defesas\/\">Defenses<\/a><\/li>\n\t\t<li id=\"menu-item-5004\" class=\"menu-item menu-item-type-post_type menu-item-object-page menu-item-5004\"><a href=\"https:\/\/fcfrp.usp.br\/en\/ensino\/pos-graduacao\/diplomas\/\">Diplomas<\/a><\/li>\n\t\t<li id=\"menu-item-5005\" class=\"menu-item menu-item-type-post_type menu-item-object-page menu-item-5005\"><a href=\"https:\/\/fcfrp.usp.br\/en\/ensino\/pos-graduacao\/pae\/\">Teaching Improvement Program (PAE)<\/a><\/li>\n\t\t<li id=\"menu-item-5006\" class=\"menu-item menu-item-type-post_type menu-item-object-page menu-item-5006\"><a href=\"https:\/\/fcfrp.usp.br\/en\/ensino\/pos-graduacao\/historia\/\">History of Graduate Studies<\/a><\/li>\n\t\t<li id=\"menu-item-5001\" class=\"menu-item menu-item-type-post_type menu-item-object-page menu-item-5001\"><a href=\"https:\/\/fcfrp.usp.br\/en\/ensino\/pos-graduacao\/pg-regimento\/\">Regulations and Rules<\/a><\/li>\n\t\t<li id=\"menu-item-5084\" class=\"menu-item menu-item-type-post_type menu-item-object-page menu-item-5084\"><a href=\"https:\/\/fcfrp.usp.br\/en\/ensino\/pos-graduacao\/colaboradores\/\">International Collaborators<\/a><\/li>\n\t<\/ul>\n<\/li>\n<\/ul>\n<\/li>\n<\/ul><\/div><\/div><\/div><\/div><\/div>","protected":false},"excerpt":{"rendered":"<p>WORKSHOP do Programa de P\u00f3s-gradua\u00e7\u00e3o em Ci\u00eancias Farmac\u00eauticas da FCFRP\/USP Trata-se de uma atividade obrigat\u00f3ria para todos os alunos matriculados no Programa, bolsistas e n\u00e3o bolsistas, conforme consta no Regulamento do Programa: \u201cIX &#8211; AVALIA\u00c7\u00c3O DO DESEMPENHO ACAD\u00caMICO E CIENT\u00cdFICO DO ALUNO IX.1 Os estudantes ser\u00e3o avaliados anualmente atrav\u00e9s de seus relat\u00f3rios acad\u00eamicos e cient\u00edficos<a href=\"https:\/\/fcfrp.usp.br\/en\/ensino\/pos-graduacao\/ciencias-farmaceuticas\/pcf-workshops\/\">[&#8230;]<\/a><\/p>\n","protected":false},"author":978,"featured_media":0,"parent":4256,"menu_order":11,"comment_status":"closed","ping_status":"closed","template":"template-fullwidth.php","meta":{"footnotes":"","_links_to":"","_links_to_target":""},"class_list":["post-4367","page","type-page","status-publish","hentry"],"_links":{"self":[{"href":"https:\/\/fcfrp.usp.br\/en\/wp-json\/wp\/v2\/pages\/4367","targetHints":{"allow":["GET"]}}],"collection":[{"href":"https:\/\/fcfrp.usp.br\/en\/wp-json\/wp\/v2\/pages"}],"about":[{"href":"https:\/\/fcfrp.usp.br\/en\/wp-json\/wp\/v2\/types\/page"}],"author":[{"embeddable":true,"href":"https:\/\/fcfrp.usp.br\/en\/wp-json\/wp\/v2\/users\/978"}],"replies":[{"embeddable":true,"href":"https:\/\/fcfrp.usp.br\/en\/wp-json\/wp\/v2\/comments?post=4367"}],"version-history":[{"count":4,"href":"https:\/\/fcfrp.usp.br\/en\/wp-json\/wp\/v2\/pages\/4367\/revisions"}],"predecessor-version":[{"id":15412,"href":"https:\/\/fcfrp.usp.br\/en\/wp-json\/wp\/v2\/pages\/4367\/revisions\/15412"}],"up":[{"embeddable":true,"href":"https:\/\/fcfrp.usp.br\/en\/wp-json\/wp\/v2\/pages\/4256"}],"wp:attachment":[{"href":"https:\/\/fcfrp.usp.br\/en\/wp-json\/wp\/v2\/media?parent=4367"}],"curies":[{"name":"wp","href":"https:\/\/api.w.org\/{rel}","templated":true}]}}