{"id":4784,"date":"2020-05-13T09:07:34","date_gmt":"2020-05-13T11:07:34","guid":{"rendered":"https:\/\/sites.usp.br\/fcfrp\/?page_id=4784"},"modified":"2024-03-14T12:08:41","modified_gmt":"2024-03-14T14:08:41","slug":"ptox-historico","status":"publish","type":"page","link":"https:\/\/fcfrp.usp.br\/en\/ensino\/pos-graduacao\/toxicologia\/ptox-historico\/","title":{"rendered":"History and Objectives"},"content":{"rendered":"<div id=\"pl-4784\"  class=\"panel-layout\" ><div id=\"pg-4784-0\"  class=\"panel-grid panel-no-style\" ><div id=\"pgc-4784-0-0\"  class=\"panel-grid-cell\" ><div id=\"panel-4784-0-0-0\" class=\"so-panel widget widget_text panel-first-child panel-last-child\" data-index=\"0\" >\t\t\t<div class=\"textwidget\"><h4><strong>HISTORY<\/strong><\/h4>\n<div style=\"text-align: justify;\">On June 01st, 1924, a time when coffee production in the region of Ribeir\u00e3o Preto was flourishing, the School of Dentistry and Pharmacy of Ribeir\u00e3o Preto (Faculdade de Odontologia e Farm\u00e1cia de Ribeir\u00e3o Preto, known as FOF) was formally founded during a grand opening ceremony at \u201cGymn\u00e1sio do Estado\u201d, attended by professors and personalities. On March 05th, 1928, by act of the Minister of Justice Viana de Castello, the courses offered at FOF were legally recognized, and the first classes of Pharmacists and Dentists received their Undergraduate Degree.<br \/>\nFOF became a Faculty of the University of S\u00e3o Paulo (USP) on January 01st, 1975, when the School of Pharmacy and Dentistry, which then comprised two isolated Institutes, was already located on the USP Campus in the city of Ribeir\u00e3o Preto. In the following decade; more specifically in 1983, FOF officially became two distinct Faculties: the School of Pharmaceutical Sciences of Ribeir\u00e3o Preto (Faculdade de Ci\u00eancias Farmac\u00eauticas de Ribeir\u00e3o Preto \u2013 FCFRP) and the School of Dentistry of Ribeir\u00e3o Preto (Faculdade de Odontologia de Ribeir\u00e3o Preto \u2013 FORP).<br \/>\nThe FCFRP faculty members include 103 professors, most of whom are Full-time Faculty Members with PhDs or other highest level terminal degrees that engage in both undergraduate and graduate teaching, mentoring, research, and service (Regime de Dedica\u00e7\u00e3o Integral \u00e0 Doc\u00eancia e \u00e0 Pesquisa \u2013 RDIDP). The fact that most FCFRP faculty members work full-time reflects on the quality of the courses offered at the School and demonstrates that FCFRP is concerned about the full engagement of its members in academic and scientific activities. The Faculty members are distributed among three Departments: Clinical, Toxicological, and Bromatological Analyses; Pharmaceutical Sciences; and Physics and Chemistry. The Departments are integrated from both the educational and scientific standpoints. The Department also relies on 220 additional staff members that directly or indirectly participate in academic activities.<br \/>\nFCFRP-USP has wide experience in postgraduate education. Activities started in 1988, when the Postgraduate Program in Drugs and Pharmaceuticals (concentration areas: Chemistry and Biology), at the M.Sc. level, was created. The Ph.D. level was introduced in 1998. This comprehensive program involved all the Faculty members with a PhD degree. Given the particularities of each area, the increase in the number of research lines pursued by the FCFRP-USP mentors, and the scientific development of FCFRP-USP itself, it was necessary to restructure the Program. The first major change in the Program occurred in 1999, when it was renamed Postgraduate Program in Pharmaceutical Sciences (concentration area: Drugs and Pharmaceuticals), which enabled the creation of two new areas back in 2001: Clinical Analyses and Toxicology.<br \/>\nIn the middle of 2004, the FCFRP-USP Postgraduate Program was restructured a second time, which gave rise to the current organization. The areas of Clinical Analyses and Toxicology became the Postgraduate Program in Biosciences Applied to Pharmacy (concentration area: Biosciences Applied to Pharmacy) and the Postgraduate Program in Toxicology (concentration area: Toxicology), respectively.<br \/>\nAlthough Toxicology has an ancient history and its importance is recognized worldwide, it is an incipient area in Brazil. This country lacks expert professionals in Toxicology, and demand for such professionals is on the rise. Before the FCFRP-USP Postgraduate Program in Toxicology was created, only FCF-USP (Faculdade de Ci\u00eancias Farmac\u00eauticas, School of Pharmaceutical Sciences) in S\u00e3o Paulo offered this type of program at the M.Sc. and Ph.D. levels in Brazil. In this context, the Postgraduate Program in Toxicology started with the responsibility of training professionals to meet the national demand for high-level human resources in this area. If we remember that presently there are only two Postgraduate Programs in Toxicology in Brazil, after approximately one decade, the FCFRP-USP Postgraduate Program in Toxicology has been consolidated and has awarded the Ph.D. level to most toxicologists in this country. Therefore, the FCFRP-USP Postgraduate Program in Toxicology plays a fundamental role in training higher education professors and\/or researchers in the area of Toxicology, to meet the demand of over 400 undergraduate programs in Pharmacy that have the discipline Toxicology in their syllabus.<\/div>\n<p>&nbsp;<\/p>\n<h4><strong>Objectives<\/strong><\/h4>\n<div style=\"text-align: justify;\">The Postgraduate Program in Toxicology, concentration area: Toxicology, started in July 2004 with the goal of training specialized human resources to study the adverse effects of chemical substances on living organisms.<br \/>\nWithin this context, the Postgraduate Program in Toxicology has two main goals:<br \/>\n1) To train human resources to work with education and research in the various fields of Toxicology and who will be able to work in public and private education institutions;<br \/>\n2) To train or to develop human resources that can act in problem-solving and decision-making for the safe use of chemical substances and who can assume the leadership in regulatory organizations and agencies as well as in various industrial segments.<br \/>\nThe combination of these two goals culminates in the greatest target of the Program, which is to strengthen Toxicology in Brazil, providing the country with leaders that can disseminate knowledge in the national territory and abroad.<br \/>\nTo reach this aim, the student graduating from this Program will be able to evaluate the many aspects related to the adverse effect of chemical substances. These aspects span from the nature (mechanism of molecular, biochemical, and cellular action) to the probable occurrence of a substance. The variety of adverse effects and the diversity of chemical substances in the environment make Toxicology a comprehensive science, a fact that frequently induces the Toxicologist to specialize in three main areas, Experimental, Clinical, or Toxicological Analysis, which meet the essential purposes of Toxicology: prevention, diagnosis, and treatment after intoxication.<\/div>\n<p>&nbsp;<\/p>\n<h4><strong>Facilities<\/strong><\/h4>\n<div style=\"text-align: justify;\">\nTo contribute to the analytical capacity of its professors, FCFRP-USP has five Facilities that grant the researchers of the Postgraduate Program in Toxicology access to Multiuser (shared) equipment. Additionally, highly complex high-cost equipment and advanced methods of investigation are available to our professors and postgraduate students. Multiuser facilities promote greater interaction among researchers and increase productivity.<br \/>\nOur Multiuser facilities include:<br \/>\n1) Organic Micromolecule Mass Spectrometry Central Facility (Central de Espectrometria de Massas de Micromol\u00e9culas Org\u00e2nicas \u2013 CEMMO);<br \/>\n2) Center of Excellence for Lipid Quantification and Identification (Centro de Excel\u00eancia de Quantifica\u00e7\u00e3o e Identifica\u00e7\u00e3o de Lip\u00eddeos \u2013 CEQIL);<br \/>\n3) High-Resolution Imaging and Cell Studies Central Facility (Central de Imagens de Alta Resolu\u00e7\u00e3o e Estudos Celulares \u2013 LIAREC);<br \/>\n4) Nucleic Acid Sequencing Laboratory;<br \/>\n5) Industrial Pharmacotechnique Laboratory (Laborat\u00f3rio de Farmacot\u00e9cnica Industrial \u2013 LAFAI).<\/div>\n<\/div>\n\t\t<\/div><\/div><div id=\"pgc-4784-0-1\"  class=\"panel-grid-cell\" ><div id=\"panel-4784-0-1-0\" class=\"so-panel widget widget_nav_menu panel-first-child panel-last-child\" data-index=\"1\" ><div class=\"menu-menu-pos-tox-container\"><ul id=\"menu-menu-pos-tox\" class=\"menu\"><li id=\"menu-item-4581\" class=\"menu-item menu-item-type-post_type menu-item-object-page menu-item-has-children menu-item-4581\"><a href=\"https:\/\/fcfrp.usp.br\/en\/ensino\/\">Education<\/a>\n<ul class=\"sub-menu\">\n\t<li id=\"menu-item-4582\" class=\"menu-item menu-item-type-post_type menu-item-object-page menu-item-4582\"><a href=\"https:\/\/fcfrp.usp.br\/en\/ensino\/graduacao\/\">Undergraduate<\/a><\/li>\n\t<li id=\"menu-item-4583\" class=\"menu-item menu-item-type-post_type menu-item-object-page menu-item-has-children menu-item-4583\"><a href=\"https:\/\/fcfrp.usp.br\/en\/ensino\/pos-graduacao\/\">Graduate<\/a>\n\t<ul class=\"sub-menu\">\n\t\t<li id=\"menu-item-4584\" class=\"menu-item menu-item-type-post_type menu-item-object-page menu-item-4584\"><a href=\"https:\/\/fcfrp.usp.br\/en\/ensino\/pos-graduacao\/comissao-pos-graduacao\/\">Graduate Commission<\/a><\/li>\n\t\t<li id=\"menu-item-4580\" class=\"menu-item menu-item-type-post_type menu-item-object-page menu-item-4580\"><a href=\"https:\/\/fcfrp.usp.br\/en\/institucional\/administracao\/atac\/secao-posgraduacao\/\">Graduate Service<\/a><\/li>\n\t\t<li id=\"menu-item-4585\" class=\"menu-item menu-item-type-post_type menu-item-object-page menu-item-4585\"><a href=\"https:\/\/fcfrp.usp.br\/en\/ensino\/pos-graduacao\/biociencias-biotecnologia\/\">Biosciences and Biotechnology Program<\/a><\/li>\n\t\t<li id=\"menu-item-4586\" class=\"menu-item menu-item-type-post_type menu-item-object-page menu-item-4586\"><a href=\"https:\/\/fcfrp.usp.br\/en\/ensino\/pos-graduacao\/ciencias-farmaceuticas\/\">Pharmaceutical Sciences Program<\/a><\/li>\n\t\t<li id=\"menu-item-4587\" class=\"menu-item menu-item-type-post_type menu-item-object-page menu-item-has-children menu-item-4587\"><a href=\"https:\/\/fcfrp.usp.br\/en\/ensino\/pos-graduacao\/toxicologia\/\">Toxicology Program<\/a>\n\t\t<ul class=\"sub-menu\">\n\t\t\t<li id=\"menu-item-4787\" class=\"menu-item menu-item-type-post_type menu-item-object-page menu-item-4787\"><a href=\"https:\/\/fcfrp.usp.br\/en\/ensino\/pos-graduacao\/toxicologia\/ptox-historico\/\">History and Objectives<\/a><\/li>\n\t\t\t<li id=\"menu-item-4801\" class=\"menu-item menu-item-type-post_type menu-item-object-page menu-item-4801\"><a href=\"https:\/\/fcfrp.usp.br\/en\/ensino\/pos-graduacao\/toxicologia\/ptox-docentes\/\">Faculty and Research Lines<\/a><\/li>\n\t\t\t<li id=\"menu-item-5060\" class=\"menu-item menu-item-type-post_type menu-item-object-page menu-item-5060\"><a href=\"https:\/\/fcfrp.usp.br\/en\/ensino\/pos-graduacao\/toxicologia\/ptox-projetos\/\">Student Body and Research Projects<\/a><\/li>\n\t\t\t<li id=\"menu-item-4828\" class=\"menu-item menu-item-type-post_type menu-item-object-page menu-item-4828\"><a href=\"https:\/\/fcfrp.usp.br\/en\/ensino\/pos-graduacao\/toxicologia\/ptox-processo-seletivo\/\">Selection Process and Enrollment<\/a><\/li>\n\t\t\t<li id=\"menu-item-5130\" class=\"menu-item menu-item-type-post_type menu-item-object-page menu-item-5130\"><a href=\"https:\/\/fcfrp.usp.br\/en\/ensino\/pos-graduacao\/toxicologia\/ptox-teses\/\">Theses and Dissertations<\/a><\/li>\n\t\t\t<li id=\"menu-item-4841\" class=\"menu-item menu-item-type-post_type menu-item-object-page menu-item-4841\"><a href=\"https:\/\/fcfrp.usp.br\/en\/ensino\/pos-graduacao\/toxicologia\/ptox-pos-doc\/\">Post-Doc (PNPD)<\/a><\/li>\n\t\t\t<li id=\"menu-item-4865\" class=\"menu-item menu-item-type-post_type menu-item-object-page menu-item-4865\"><a href=\"https:\/\/fcfrp.usp.br\/en\/ensino\/pos-graduacao\/toxicologia\/ptox-editais-print\/\">Publications Print USP\/CAPES<\/a><\/li>\n\t\t\t<li id=\"menu-item-14052\" class=\"menu-item menu-item-type-post_type menu-item-object-page menu-item-14052\"><a href=\"https:\/\/fcfrp.usp.br\/en\/ensino\/pos-graduacao\/toxicologia\/editais-especiais\/\">Special Notice: Mozambique Agreement<\/a><\/li>\n\t\t\t<li id=\"menu-item-4909\" class=\"menu-item menu-item-type-post_type menu-item-object-page menu-item-4909\"><a href=\"https:\/\/fcfrp.usp.br\/en\/ensino\/pos-graduacao\/toxicologia\/ptox-disciplinas\/\">Subjects<\/a><\/li>\n\t\t\t<li id=\"menu-item-4921\" class=\"menu-item menu-item-type-post_type menu-item-object-page menu-item-4921\"><a href=\"https:\/\/fcfrp.usp.br\/en\/ensino\/pos-graduacao\/toxicologia\/ptox-regulamento\/\">Program Regulations<\/a><\/li>\n\t\t\t<li id=\"menu-item-4974\" class=\"menu-item menu-item-type-post_type menu-item-object-page menu-item-4974\"><a href=\"https:\/\/fcfrp.usp.br\/en\/ensino\/pos-graduacao\/toxicologia\/ptox-formularios\/\">Forms<\/a><\/li>\n\t\t\t<li id=\"menu-item-5022\" class=\"menu-item menu-item-type-post_type menu-item-object-page menu-item-5022\"><a href=\"https:\/\/fcfrp.usp.br\/en\/ensino\/pos-graduacao\/toxicologia\/ptox-bolsas\/\">Grant of Scholarships<\/a><\/li>\n\t\t\t<li id=\"menu-item-5031\" class=\"menu-item menu-item-type-post_type menu-item-object-page menu-item-5031\"><a href=\"https:\/\/fcfrp.usp.br\/en\/ensino\/pos-graduacao\/toxicologia\/ptox-premios\/\">Awards<\/a><\/li>\n\t\t\t<li id=\"menu-item-5092\" class=\"menu-item menu-item-type-post_type menu-item-object-page menu-item-5092\"><a href=\"https:\/\/fcfrp.usp.br\/en\/ensino\/pos-graduacao\/toxicologia\/ptox-infra\/\">Infrastructure<\/a><\/li>\n\t\t<\/ul>\n<\/li>\n\t\t<li id=\"menu-item-5009\" class=\"menu-item menu-item-type-post_type menu-item-object-page menu-item-5009\"><a href=\"https:\/\/fcfrp.usp.br\/en\/ensino\/pos-graduacao\/defesas\/\">Defenses<\/a><\/li>\n\t\t<li id=\"menu-item-5010\" class=\"menu-item menu-item-type-post_type menu-item-object-page menu-item-5010\"><a href=\"https:\/\/fcfrp.usp.br\/en\/ensino\/pos-graduacao\/diplomas\/\">Diplomas<\/a><\/li>\n\t\t<li id=\"menu-item-5011\" class=\"menu-item menu-item-type-post_type menu-item-object-page menu-item-5011\"><a href=\"https:\/\/fcfrp.usp.br\/en\/ensino\/pos-graduacao\/pae\/\">Teaching Improvement Program (PAE)<\/a><\/li>\n\t\t<li id=\"menu-item-5012\" class=\"menu-item menu-item-type-post_type menu-item-object-page menu-item-5012\"><a href=\"https:\/\/fcfrp.usp.br\/en\/ensino\/pos-graduacao\/historia\/\">History of Graduate Studies<\/a><\/li>\n\t\t<li id=\"menu-item-5007\" class=\"menu-item menu-item-type-post_type menu-item-object-page menu-item-5007\"><a href=\"https:\/\/fcfrp.usp.br\/en\/ensino\/pos-graduacao\/pg-regimento\/\">Regulations and Rules<\/a><\/li>\n\t\t<li id=\"menu-item-5083\" class=\"menu-item menu-item-type-post_type menu-item-object-page menu-item-5083\"><a href=\"https:\/\/fcfrp.usp.br\/en\/ensino\/pos-graduacao\/colaboradores\/\">International Collaborators<\/a><\/li>\n\t<\/ul>\n<\/li>\n<\/ul>\n<\/li>\n<\/ul><\/div><\/div><\/div><\/div><\/div>","protected":false},"excerpt":{"rendered":"<p>HISTORY On June 01st, 1924, a time when coffee production in the region of Ribeir\u00e3o Preto was flourishing, the School of Dentistry and Pharmacy of Ribeir\u00e3o Preto (Faculdade de Odontologia e Farm\u00e1cia de Ribeir\u00e3o Preto, known as FOF) was formally founded during a grand opening ceremony at \u201cGymn\u00e1sio do Estado\u201d, attended by professors and personalities.<a href=\"https:\/\/fcfrp.usp.br\/en\/ensino\/pos-graduacao\/toxicologia\/ptox-historico\/\">[&#8230;]<\/a><\/p>\n","protected":false},"author":978,"featured_media":0,"parent":4262,"menu_order":0,"comment_status":"closed","ping_status":"closed","template":"template-fullwidth.php","meta":{"footnotes":"","_links_to":"","_links_to_target":""},"class_list":["post-4784","page","type-page","status-publish","hentry"],"_links":{"self":[{"href":"https:\/\/fcfrp.usp.br\/en\/wp-json\/wp\/v2\/pages\/4784","targetHints":{"allow":["GET"]}}],"collection":[{"href":"https:\/\/fcfrp.usp.br\/en\/wp-json\/wp\/v2\/pages"}],"about":[{"href":"https:\/\/fcfrp.usp.br\/en\/wp-json\/wp\/v2\/types\/page"}],"author":[{"embeddable":true,"href":"https:\/\/fcfrp.usp.br\/en\/wp-json\/wp\/v2\/users\/978"}],"replies":[{"embeddable":true,"href":"https:\/\/fcfrp.usp.br\/en\/wp-json\/wp\/v2\/comments?post=4784"}],"version-history":[{"count":4,"href":"https:\/\/fcfrp.usp.br\/en\/wp-json\/wp\/v2\/pages\/4784\/revisions"}],"predecessor-version":[{"id":13284,"href":"https:\/\/fcfrp.usp.br\/en\/wp-json\/wp\/v2\/pages\/4784\/revisions\/13284"}],"up":[{"embeddable":true,"href":"https:\/\/fcfrp.usp.br\/en\/wp-json\/wp\/v2\/pages\/4262"}],"wp:attachment":[{"href":"https:\/\/fcfrp.usp.br\/en\/wp-json\/wp\/v2\/media?parent=4784"}],"curies":[{"name":"wp","href":"https:\/\/api.w.org\/{rel}","templated":true}]}}