{"id":4829,"date":"2020-05-13T11:57:00","date_gmt":"2020-05-13T13:57:00","guid":{"rendered":"https:\/\/sites.usp.br\/fcfrp\/?page_id=4829"},"modified":"2020-06-02T08:21:51","modified_gmt":"2020-06-02T10:21:51","slug":"ptox-pos-doc","status":"publish","type":"page","link":"https:\/\/fcfrp.usp.br\/en\/ensino\/pos-graduacao\/toxicologia\/ptox-pos-doc\/","title":{"rendered":"Post-Doc (PNPD)"},"content":{"rendered":"<div id=\"pl-4829\"  class=\"panel-layout\" ><div id=\"pg-4829-0\"  class=\"panel-grid panel-no-style\" ><div id=\"pgc-4829-0-0\"  class=\"panel-grid-cell\" ><div id=\"panel-4829-0-0-0\" class=\"so-panel widget widget_text panel-first-child panel-last-child\" data-index=\"0\" >\t\t\t<div class=\"textwidget\"><div style=\"text-align: justify;\">A Coordena\u00e7\u00e3o do Programa de P\u00f3s-Gradua\u00e7\u00e3o em Toxicologia, informa a abertura de processo seletivo para uma vaga de uma bolsa de est\u00e1gio P\u00f3s-Doutoral &#8211; PNPD-CAPES conforme <a href=\"https:\/\/sites.usp.br\/fcfrp\/wp-content\/uploads\/sites\/528\/2020\/05\/edital_pnpdcapes.pdf\" target=\"_blank\" rel=\"noopener\">EDITAL<\/a>.<\/div>\n<p>&nbsp;<\/p>\n<div style=\"text-align: justify;\">Per\u00edodo de Inscri\u00e7\u00e3o: <strong>15 de fevereiro a 15 de mar\u00e7o de 2019<\/strong>, exceto s\u00e1bados, domingos, feriados e pontos facultativos.<br \/>\nLocal e hor\u00e1rio das Inscri\u00e7\u00f5es: <strong>Servi\u00e7o de P\u00f3s-Gradua\u00e7\u00e3o<\/strong>, das <strong>11:00 \u00e0s 13:00<\/strong> e das <strong>14:00 \u00e0s 16:30 horas<\/strong>, na Av. do Caf\u00e9, s\/n, Faculdade de Ci\u00eancias Farmac\u00eauticas de Ribeir\u00e3o Preto, Campus da USP de Ribeir\u00e3o Preto.<br \/>\nProcesso Seletivo: <strong>18 a 22 de mar\u00e7o<\/strong> de 2019.<br \/>\nResultado da Sele\u00e7\u00e3o: at\u00e9 o dia <strong>27 de mar\u00e7o<\/strong> de 2019 na p\u00e1gina da internet do PPG-Tox.<br \/>\nPer\u00edodo de Recurso: at\u00e9 o <strong>dia 29 de mar\u00e7o de 2019 \u00e0s 11:00 horas<\/strong>.<br \/>\nResultado Final: at\u00e9 dia 03\/04\/2019 na p\u00e1gina da internet do PPG-Tox.<\/div>\n<p>&nbsp;<\/p>\n<div style=\"text-align: justify;\"><a href=\"https:\/\/sites.usp.br\/fcfrp\/wp-content\/uploads\/sites\/528\/2020\/05\/resultado_processo_seletivo_pnpd_2019.pdf\" target=\"_blank\" rel=\"noopener\">&#8211; RESULTADO PROCESSO SELETIVO PARA CANDIDATOS A BOLSA DO PROGRAMA NACIONAL DE P\u00d3S-DOUTORADO \u2013 PNPD\/CAPES 2019<\/a><\/div>\n<p>&nbsp;<\/p>\n<h4><strong>Arquivos<\/strong><\/h4>\n<p><a href=\"https:\/\/sites.usp.br\/fcfrp\/wp-content\/uploads\/sites\/528\/2020\/05\/portaria_86_de_03_de_julho_de_2013.pdf\" target=\"_blank\" rel=\"noopener\">&#8211; Portaria 86 de 03 de julho de 2013<\/a><br \/>\n<a href=\"https:\/\/sites.usp.br\/fcfrp\/wp-content\/uploads\/sites\/528\/2020\/05\/criterios_de_pontuacao.pdf\" target=\"_blank\" rel=\"noopener\">&#8211; Crit\u00e9rios de Pontua\u00e7\u00e3o<\/a><br \/>\n<a href=\"https:\/\/sites.usp.br\/fcfrp\/wp-content\/uploads\/sites\/528\/2020\/05\/termo_de_compromisso.pdf\" target=\"_blank\" rel=\"noopener\">&#8211; Termo de Compromisso<\/a><\/p>\n<\/div>\n\t\t<\/div><\/div><div id=\"pgc-4829-0-1\"  class=\"panel-grid-cell\" ><div id=\"panel-4829-0-1-0\" class=\"so-panel widget widget_nav_menu panel-first-child panel-last-child\" data-index=\"1\" ><div class=\"menu-menu-pos-tox-container\"><ul id=\"menu-menu-pos-tox\" class=\"menu\"><li id=\"menu-item-4581\" class=\"menu-item menu-item-type-post_type menu-item-object-page menu-item-has-children menu-item-4581\"><a href=\"https:\/\/fcfrp.usp.br\/en\/ensino\/\">Education<\/a>\n<ul class=\"sub-menu\">\n\t<li id=\"menu-item-4582\" class=\"menu-item menu-item-type-post_type menu-item-object-page menu-item-4582\"><a href=\"https:\/\/fcfrp.usp.br\/en\/ensino\/graduacao\/\">Undergraduate<\/a><\/li>\n\t<li id=\"menu-item-4583\" class=\"menu-item menu-item-type-post_type menu-item-object-page menu-item-has-children menu-item-4583\"><a href=\"https:\/\/fcfrp.usp.br\/en\/ensino\/pos-graduacao\/\">Graduate<\/a>\n\t<ul class=\"sub-menu\">\n\t\t<li id=\"menu-item-4584\" class=\"menu-item menu-item-type-post_type menu-item-object-page menu-item-4584\"><a href=\"https:\/\/fcfrp.usp.br\/en\/ensino\/pos-graduacao\/comissao-pos-graduacao\/\">Graduate Commission<\/a><\/li>\n\t\t<li id=\"menu-item-4580\" class=\"menu-item menu-item-type-post_type menu-item-object-page menu-item-4580\"><a href=\"https:\/\/fcfrp.usp.br\/en\/institucional\/administracao\/atac\/secao-posgraduacao\/\">Graduate Service<\/a><\/li>\n\t\t<li id=\"menu-item-4585\" class=\"menu-item menu-item-type-post_type menu-item-object-page menu-item-4585\"><a href=\"https:\/\/fcfrp.usp.br\/en\/ensino\/pos-graduacao\/biociencias-biotecnologia\/\">Biosciences and Biotechnology Program<\/a><\/li>\n\t\t<li id=\"menu-item-4586\" class=\"menu-item menu-item-type-post_type menu-item-object-page menu-item-4586\"><a href=\"https:\/\/fcfrp.usp.br\/en\/ensino\/pos-graduacao\/ciencias-farmaceuticas\/\">Pharmaceutical Sciences Program<\/a><\/li>\n\t\t<li id=\"menu-item-4587\" class=\"menu-item menu-item-type-post_type menu-item-object-page menu-item-has-children menu-item-4587\"><a href=\"https:\/\/fcfrp.usp.br\/en\/ensino\/pos-graduacao\/toxicologia\/\">Toxicology Program<\/a>\n\t\t<ul class=\"sub-menu\">\n\t\t\t<li id=\"menu-item-4787\" class=\"menu-item menu-item-type-post_type menu-item-object-page menu-item-4787\"><a href=\"https:\/\/fcfrp.usp.br\/en\/ensino\/pos-graduacao\/toxicologia\/ptox-historico\/\">History and Objectives<\/a><\/li>\n\t\t\t<li id=\"menu-item-4801\" class=\"menu-item menu-item-type-post_type menu-item-object-page menu-item-4801\"><a href=\"https:\/\/fcfrp.usp.br\/en\/ensino\/pos-graduacao\/toxicologia\/ptox-docentes\/\">Faculty and Research Lines<\/a><\/li>\n\t\t\t<li id=\"menu-item-5060\" class=\"menu-item menu-item-type-post_type menu-item-object-page menu-item-5060\"><a href=\"https:\/\/fcfrp.usp.br\/en\/ensino\/pos-graduacao\/toxicologia\/ptox-projetos\/\">Student Body and Research Projects<\/a><\/li>\n\t\t\t<li id=\"menu-item-4828\" class=\"menu-item menu-item-type-post_type menu-item-object-page menu-item-4828\"><a href=\"https:\/\/fcfrp.usp.br\/en\/ensino\/pos-graduacao\/toxicologia\/ptox-processo-seletivo\/\">Selection Process and Enrollment<\/a><\/li>\n\t\t\t<li id=\"menu-item-5130\" class=\"menu-item menu-item-type-post_type menu-item-object-page menu-item-5130\"><a href=\"https:\/\/fcfrp.usp.br\/en\/ensino\/pos-graduacao\/toxicologia\/ptox-teses\/\">Theses and Dissertations<\/a><\/li>\n\t\t\t<li id=\"menu-item-4841\" class=\"menu-item menu-item-type-post_type menu-item-object-page menu-item-4841\"><a href=\"https:\/\/fcfrp.usp.br\/en\/ensino\/pos-graduacao\/toxicologia\/ptox-pos-doc\/\">Post-Doc (PNPD)<\/a><\/li>\n\t\t\t<li id=\"menu-item-4865\" class=\"menu-item menu-item-type-post_type menu-item-object-page menu-item-4865\"><a href=\"https:\/\/fcfrp.usp.br\/en\/ensino\/pos-graduacao\/toxicologia\/ptox-editais-print\/\">Publications Print USP\/CAPES<\/a><\/li>\n\t\t\t<li id=\"menu-item-14052\" class=\"menu-item menu-item-type-post_type menu-item-object-page menu-item-14052\"><a href=\"https:\/\/fcfrp.usp.br\/en\/ensino\/pos-graduacao\/toxicologia\/editais-especiais\/\">Special Notice: Mozambique Agreement<\/a><\/li>\n\t\t\t<li id=\"menu-item-4909\" class=\"menu-item menu-item-type-post_type menu-item-object-page menu-item-4909\"><a href=\"https:\/\/fcfrp.usp.br\/en\/ensino\/pos-graduacao\/toxicologia\/ptox-disciplinas\/\">Subjects<\/a><\/li>\n\t\t\t<li id=\"menu-item-4921\" class=\"menu-item menu-item-type-post_type menu-item-object-page menu-item-4921\"><a href=\"https:\/\/fcfrp.usp.br\/en\/ensino\/pos-graduacao\/toxicologia\/ptox-regulamento\/\">Program Regulations<\/a><\/li>\n\t\t\t<li id=\"menu-item-4974\" class=\"menu-item menu-item-type-post_type menu-item-object-page menu-item-4974\"><a href=\"https:\/\/fcfrp.usp.br\/en\/ensino\/pos-graduacao\/toxicologia\/ptox-formularios\/\">Forms<\/a><\/li>\n\t\t\t<li id=\"menu-item-5022\" class=\"menu-item menu-item-type-post_type menu-item-object-page menu-item-5022\"><a href=\"https:\/\/fcfrp.usp.br\/en\/ensino\/pos-graduacao\/toxicologia\/ptox-bolsas\/\">Grant of Scholarships<\/a><\/li>\n\t\t\t<li id=\"menu-item-5031\" class=\"menu-item menu-item-type-post_type menu-item-object-page menu-item-5031\"><a href=\"https:\/\/fcfrp.usp.br\/en\/ensino\/pos-graduacao\/toxicologia\/ptox-premios\/\">Awards<\/a><\/li>\n\t\t\t<li id=\"menu-item-5092\" class=\"menu-item menu-item-type-post_type menu-item-object-page menu-item-5092\"><a href=\"https:\/\/fcfrp.usp.br\/en\/ensino\/pos-graduacao\/toxicologia\/ptox-infra\/\">Infrastructure<\/a><\/li>\n\t\t<\/ul>\n<\/li>\n\t\t<li id=\"menu-item-5009\" class=\"menu-item menu-item-type-post_type menu-item-object-page menu-item-5009\"><a href=\"https:\/\/fcfrp.usp.br\/en\/ensino\/pos-graduacao\/defesas\/\">Defenses<\/a><\/li>\n\t\t<li id=\"menu-item-5010\" class=\"menu-item menu-item-type-post_type menu-item-object-page menu-item-5010\"><a href=\"https:\/\/fcfrp.usp.br\/en\/ensino\/pos-graduacao\/diplomas\/\">Diplomas<\/a><\/li>\n\t\t<li id=\"menu-item-5011\" class=\"menu-item menu-item-type-post_type menu-item-object-page menu-item-5011\"><a href=\"https:\/\/fcfrp.usp.br\/en\/ensino\/pos-graduacao\/pae\/\">Teaching Improvement Program (PAE)<\/a><\/li>\n\t\t<li id=\"menu-item-5012\" class=\"menu-item menu-item-type-post_type menu-item-object-page menu-item-5012\"><a href=\"https:\/\/fcfrp.usp.br\/en\/ensino\/pos-graduacao\/historia\/\">History of Graduate Studies<\/a><\/li>\n\t\t<li id=\"menu-item-5007\" class=\"menu-item menu-item-type-post_type menu-item-object-page menu-item-5007\"><a href=\"https:\/\/fcfrp.usp.br\/en\/ensino\/pos-graduacao\/pg-regimento\/\">Regulations and Rules<\/a><\/li>\n\t\t<li id=\"menu-item-5083\" class=\"menu-item menu-item-type-post_type menu-item-object-page menu-item-5083\"><a href=\"https:\/\/fcfrp.usp.br\/en\/ensino\/pos-graduacao\/colaboradores\/\">International Collaborators<\/a><\/li>\n\t<\/ul>\n<\/li>\n<\/ul>\n<\/li>\n<\/ul><\/div><\/div><\/div><\/div><\/div>","protected":false},"excerpt":{"rendered":"<p>A Coordena\u00e7\u00e3o do Programa de P\u00f3s-Gradua\u00e7\u00e3o em Toxicologia, informa a abertura de processo seletivo para uma vaga de uma bolsa de est\u00e1gio P\u00f3s-Doutoral &#8211; PNPD-CAPES conforme EDITAL. &nbsp; Per\u00edodo de Inscri\u00e7\u00e3o: 15 de fevereiro a 15 de mar\u00e7o de 2019, exceto s\u00e1bados, domingos, feriados e pontos facultativos. Local e hor\u00e1rio das Inscri\u00e7\u00f5es: Servi\u00e7o de P\u00f3s-Gradua\u00e7\u00e3o,<a href=\"https:\/\/fcfrp.usp.br\/en\/ensino\/pos-graduacao\/toxicologia\/ptox-pos-doc\/\">[&#8230;]<\/a><\/p>\n","protected":false},"author":978,"featured_media":0,"parent":4262,"menu_order":5,"comment_status":"closed","ping_status":"closed","template":"template-fullwidth.php","meta":{"footnotes":"","_links_to":"","_links_to_target":""},"class_list":["post-4829","page","type-page","status-publish","hentry"],"_links":{"self":[{"href":"https:\/\/fcfrp.usp.br\/en\/wp-json\/wp\/v2\/pages\/4829","targetHints":{"allow":["GET"]}}],"collection":[{"href":"https:\/\/fcfrp.usp.br\/en\/wp-json\/wp\/v2\/pages"}],"about":[{"href":"https:\/\/fcfrp.usp.br\/en\/wp-json\/wp\/v2\/types\/page"}],"author":[{"embeddable":true,"href":"https:\/\/fcfrp.usp.br\/en\/wp-json\/wp\/v2\/users\/978"}],"replies":[{"embeddable":true,"href":"https:\/\/fcfrp.usp.br\/en\/wp-json\/wp\/v2\/comments?post=4829"}],"version-history":[{"count":4,"href":"https:\/\/fcfrp.usp.br\/en\/wp-json\/wp\/v2\/pages\/4829\/revisions"}],"predecessor-version":[{"id":4840,"href":"https:\/\/fcfrp.usp.br\/en\/wp-json\/wp\/v2\/pages\/4829\/revisions\/4840"}],"up":[{"embeddable":true,"href":"https:\/\/fcfrp.usp.br\/en\/wp-json\/wp\/v2\/pages\/4262"}],"wp:attachment":[{"href":"https:\/\/fcfrp.usp.br\/en\/wp-json\/wp\/v2\/media?parent=4829"}],"curies":[{"name":"wp","href":"https:\/\/api.w.org\/{rel}","templated":true}]}}