{"id":4885,"date":"2020-05-14T09:10:09","date_gmt":"2020-05-14T11:10:09","guid":{"rendered":"https:\/\/sites.usp.br\/fcfrp\/?page_id=4885"},"modified":"2026-01-22T10:37:49","modified_gmt":"2026-01-22T12:37:49","slug":"ptox-disciplinas","status":"publish","type":"page","link":"https:\/\/fcfrp.usp.br\/en\/ensino\/pos-graduacao\/toxicologia\/ptox-disciplinas\/","title":{"rendered":"Subjects"},"content":{"rendered":"<div id=\"pl-4885\"  class=\"panel-layout\" ><div id=\"pg-4885-0\"  class=\"panel-grid panel-no-style\" ><div id=\"pgc-4885-0-0\"  class=\"panel-grid-cell\" ><div id=\"panel-4885-0-0-0\" class=\"so-panel widget widget_text panel-first-child panel-last-child\" data-index=\"0\" >\t\t\t<div class=\"textwidget\"><div style=\"text-align: justify; text-indent: 30pt;\">O PPG em Toxicologia possui 26 disciplinas credenciadas, perfazendo um total de 95 cr\u00e9ditos, oferecidos em disciplinas diversificadas que atendem a todas as \u00e1reas da Toxicologia. Com esta estrutura curricular, o Programa de P\u00f3s-Gradua\u00e7\u00e3o em Toxicologia assegura a forma\u00e7\u00e3o s\u00f3lida e abrangente dos p\u00f3s-graduandos que perpassa a \u00e1rea de concentra\u00e7\u00e3o, permitindo que o egresso atue n\u00e3o s\u00f3 na condu\u00e7\u00e3o de atividades de pesquisa, mas tamb\u00e9m de ensino de Toxicologia e \u00e1reas afins.<\/div>\n<div style=\"text-align: justify;\">Disciplinas credenciadas no Programa:<\/div>\n<p><a href=\"https:\/\/sites.usp.br\/fcfrp\/wp-content\/uploads\/sites\/528\/2020\/05\/ptox-disciplinas.jpg\"><img loading=\"lazy\" decoding=\"async\" class=\"aligncenter wp-image-5240 size-full\" src=\"https:\/\/sites.usp.br\/fcfrp\/wp-content\/uploads\/sites\/528\/2020\/05\/ptox-disciplinas.jpg\" alt=\"\" width=\"726\" height=\"1401\" srcset=\"https:\/\/fcfrp.usp.br\/wp-content\/uploads\/sites\/528\/2020\/05\/ptox-disciplinas.jpg 726w, https:\/\/fcfrp.usp.br\/wp-content\/uploads\/sites\/528\/2020\/05\/ptox-disciplinas-155x300.jpg 155w, https:\/\/fcfrp.usp.br\/wp-content\/uploads\/sites\/528\/2020\/05\/ptox-disciplinas-531x1024.jpg 531w, https:\/\/fcfrp.usp.br\/wp-content\/uploads\/sites\/528\/2020\/05\/ptox-disciplinas-311x600.jpg 311w\" sizes=\"auto, (max-width: 726px) 100vw, 726px\" \/><\/a><\/p>\n<div><\/div>\n<p>&nbsp;<\/p>\n<h4><strong>CALEND\u00c1RIO DE DISCIPLINAS 2026<\/strong><\/h4>\n<div style=\"text-align: justify;\">\n<p><a href=\"https:\/\/fcfrp.usp.br\/wp-content\/uploads\/sites\/528\/2026\/01\/Calendario-Disciplinas-1o-Semestre-2026.pdf\">&#8211; Calend\u00e1rio de Disciplinas &#8211; 1\u00ba Semestre 2026<\/a><\/p>\n<\/div>\n<p>&nbsp;<\/p>\n<h4><strong>CALEND\u00c1RIO DE DISCIPLINAS<\/strong><\/h4>\n<div style=\"text-align: justify;\">Para acessar o calend\u00e1rio de Disciplinas acesse o <a href=\"https:\/\/sistemas.usp.br\/janus\" target=\"_blank\" rel=\"noopener\">SITE<\/a>.<\/div>\n<p>&nbsp;<\/p>\n<\/div>\n\t\t<\/div><\/div><div id=\"pgc-4885-0-1\"  class=\"panel-grid-cell\" ><div id=\"panel-4885-0-1-0\" class=\"so-panel widget widget_nav_menu panel-first-child panel-last-child\" data-index=\"1\" ><div class=\"menu-menu-pos-tox-container\"><ul id=\"menu-menu-pos-tox\" class=\"menu\"><li id=\"menu-item-4581\" class=\"menu-item menu-item-type-post_type menu-item-object-page menu-item-has-children menu-item-4581\"><a href=\"https:\/\/fcfrp.usp.br\/en\/ensino\/\">Education<\/a>\n<ul class=\"sub-menu\">\n\t<li id=\"menu-item-4582\" class=\"menu-item menu-item-type-post_type menu-item-object-page menu-item-4582\"><a href=\"https:\/\/fcfrp.usp.br\/en\/ensino\/graduacao\/\">Undergraduate<\/a><\/li>\n\t<li id=\"menu-item-4583\" class=\"menu-item menu-item-type-post_type menu-item-object-page menu-item-has-children menu-item-4583\"><a href=\"https:\/\/fcfrp.usp.br\/en\/ensino\/pos-graduacao\/\">Graduate<\/a>\n\t<ul class=\"sub-menu\">\n\t\t<li id=\"menu-item-4584\" class=\"menu-item menu-item-type-post_type menu-item-object-page menu-item-4584\"><a href=\"https:\/\/fcfrp.usp.br\/en\/ensino\/pos-graduacao\/comissao-pos-graduacao\/\">Graduate Commission<\/a><\/li>\n\t\t<li id=\"menu-item-4580\" class=\"menu-item menu-item-type-post_type menu-item-object-page menu-item-4580\"><a href=\"https:\/\/fcfrp.usp.br\/en\/institucional\/administracao\/atac\/secao-posgraduacao\/\">Graduate Service<\/a><\/li>\n\t\t<li id=\"menu-item-4585\" class=\"menu-item menu-item-type-post_type menu-item-object-page menu-item-4585\"><a href=\"https:\/\/fcfrp.usp.br\/en\/ensino\/pos-graduacao\/biociencias-biotecnologia\/\">Biosciences and Biotechnology Program<\/a><\/li>\n\t\t<li id=\"menu-item-4586\" class=\"menu-item menu-item-type-post_type menu-item-object-page menu-item-4586\"><a href=\"https:\/\/fcfrp.usp.br\/en\/ensino\/pos-graduacao\/ciencias-farmaceuticas\/\">Pharmaceutical Sciences Program<\/a><\/li>\n\t\t<li id=\"menu-item-4587\" class=\"menu-item menu-item-type-post_type menu-item-object-page menu-item-has-children menu-item-4587\"><a href=\"https:\/\/fcfrp.usp.br\/en\/ensino\/pos-graduacao\/toxicologia\/\">Toxicology Program<\/a>\n\t\t<ul class=\"sub-menu\">\n\t\t\t<li id=\"menu-item-4787\" class=\"menu-item menu-item-type-post_type menu-item-object-page menu-item-4787\"><a href=\"https:\/\/fcfrp.usp.br\/en\/ensino\/pos-graduacao\/toxicologia\/ptox-historico\/\">History and Objectives<\/a><\/li>\n\t\t\t<li id=\"menu-item-4801\" class=\"menu-item menu-item-type-post_type menu-item-object-page menu-item-4801\"><a href=\"https:\/\/fcfrp.usp.br\/en\/ensino\/pos-graduacao\/toxicologia\/ptox-docentes\/\">Faculty and Research Lines<\/a><\/li>\n\t\t\t<li id=\"menu-item-5060\" class=\"menu-item menu-item-type-post_type menu-item-object-page menu-item-5060\"><a href=\"https:\/\/fcfrp.usp.br\/en\/ensino\/pos-graduacao\/toxicologia\/ptox-projetos\/\">Student Body and Research Projects<\/a><\/li>\n\t\t\t<li id=\"menu-item-4828\" class=\"menu-item menu-item-type-post_type menu-item-object-page menu-item-4828\"><a href=\"https:\/\/fcfrp.usp.br\/en\/ensino\/pos-graduacao\/toxicologia\/ptox-processo-seletivo\/\">Selection Process and Enrollment<\/a><\/li>\n\t\t\t<li id=\"menu-item-5130\" class=\"menu-item menu-item-type-post_type menu-item-object-page menu-item-5130\"><a href=\"https:\/\/fcfrp.usp.br\/en\/ensino\/pos-graduacao\/toxicologia\/ptox-teses\/\">Theses and Dissertations<\/a><\/li>\n\t\t\t<li id=\"menu-item-4841\" class=\"menu-item menu-item-type-post_type menu-item-object-page menu-item-4841\"><a href=\"https:\/\/fcfrp.usp.br\/en\/ensino\/pos-graduacao\/toxicologia\/ptox-pos-doc\/\">Post-Doc (PNPD)<\/a><\/li>\n\t\t\t<li id=\"menu-item-4865\" class=\"menu-item menu-item-type-post_type menu-item-object-page menu-item-4865\"><a href=\"https:\/\/fcfrp.usp.br\/en\/ensino\/pos-graduacao\/toxicologia\/ptox-editais-print\/\">Publications Print USP\/CAPES<\/a><\/li>\n\t\t\t<li id=\"menu-item-14052\" class=\"menu-item menu-item-type-post_type menu-item-object-page menu-item-14052\"><a href=\"https:\/\/fcfrp.usp.br\/en\/ensino\/pos-graduacao\/toxicologia\/editais-especiais\/\">Special Notice: Mozambique Agreement<\/a><\/li>\n\t\t\t<li id=\"menu-item-4909\" class=\"menu-item menu-item-type-post_type menu-item-object-page menu-item-4909\"><a href=\"https:\/\/fcfrp.usp.br\/en\/ensino\/pos-graduacao\/toxicologia\/ptox-disciplinas\/\">Subjects<\/a><\/li>\n\t\t\t<li id=\"menu-item-4921\" class=\"menu-item menu-item-type-post_type menu-item-object-page menu-item-4921\"><a href=\"https:\/\/fcfrp.usp.br\/en\/ensino\/pos-graduacao\/toxicologia\/ptox-regulamento\/\">Program Regulations<\/a><\/li>\n\t\t\t<li id=\"menu-item-4974\" class=\"menu-item menu-item-type-post_type menu-item-object-page menu-item-4974\"><a href=\"https:\/\/fcfrp.usp.br\/en\/ensino\/pos-graduacao\/toxicologia\/ptox-formularios\/\">Forms<\/a><\/li>\n\t\t\t<li id=\"menu-item-5022\" class=\"menu-item menu-item-type-post_type menu-item-object-page menu-item-5022\"><a href=\"https:\/\/fcfrp.usp.br\/en\/ensino\/pos-graduacao\/toxicologia\/ptox-bolsas\/\">Grant of Scholarships<\/a><\/li>\n\t\t\t<li id=\"menu-item-5031\" class=\"menu-item menu-item-type-post_type menu-item-object-page menu-item-5031\"><a href=\"https:\/\/fcfrp.usp.br\/en\/ensino\/pos-graduacao\/toxicologia\/ptox-premios\/\">Awards<\/a><\/li>\n\t\t\t<li id=\"menu-item-5092\" class=\"menu-item menu-item-type-post_type menu-item-object-page menu-item-5092\"><a href=\"https:\/\/fcfrp.usp.br\/en\/ensino\/pos-graduacao\/toxicologia\/ptox-infra\/\">Infrastructure<\/a><\/li>\n\t\t<\/ul>\n<\/li>\n\t\t<li id=\"menu-item-5009\" class=\"menu-item menu-item-type-post_type menu-item-object-page menu-item-5009\"><a href=\"https:\/\/fcfrp.usp.br\/en\/ensino\/pos-graduacao\/defesas\/\">Defenses<\/a><\/li>\n\t\t<li id=\"menu-item-5010\" class=\"menu-item menu-item-type-post_type menu-item-object-page menu-item-5010\"><a href=\"https:\/\/fcfrp.usp.br\/en\/ensino\/pos-graduacao\/diplomas\/\">Diplomas<\/a><\/li>\n\t\t<li id=\"menu-item-5011\" class=\"menu-item menu-item-type-post_type menu-item-object-page menu-item-5011\"><a href=\"https:\/\/fcfrp.usp.br\/en\/ensino\/pos-graduacao\/pae\/\">Teaching Improvement Program (PAE)<\/a><\/li>\n\t\t<li id=\"menu-item-5012\" class=\"menu-item menu-item-type-post_type menu-item-object-page menu-item-5012\"><a href=\"https:\/\/fcfrp.usp.br\/en\/ensino\/pos-graduacao\/historia\/\">History of Graduate Studies<\/a><\/li>\n\t\t<li id=\"menu-item-5007\" class=\"menu-item menu-item-type-post_type menu-item-object-page menu-item-5007\"><a href=\"https:\/\/fcfrp.usp.br\/en\/ensino\/pos-graduacao\/pg-regimento\/\">Regulations and Rules<\/a><\/li>\n\t\t<li id=\"menu-item-5083\" class=\"menu-item menu-item-type-post_type menu-item-object-page menu-item-5083\"><a href=\"https:\/\/fcfrp.usp.br\/en\/ensino\/pos-graduacao\/colaboradores\/\">International Collaborators<\/a><\/li>\n\t<\/ul>\n<\/li>\n<\/ul>\n<\/li>\n<\/ul><\/div><\/div><\/div><\/div><\/div>","protected":false},"excerpt":{"rendered":"<p>O PPG em Toxicologia possui 26 disciplinas credenciadas, perfazendo um total de 95 cr\u00e9ditos, oferecidos em disciplinas diversificadas que atendem a todas as \u00e1reas da Toxicologia. Com esta estrutura curricular, o Programa de P\u00f3s-Gradua\u00e7\u00e3o em Toxicologia assegura a forma\u00e7\u00e3o s\u00f3lida e abrangente dos p\u00f3s-graduandos que perpassa a \u00e1rea de concentra\u00e7\u00e3o, permitindo que o egresso atue<a href=\"https:\/\/fcfrp.usp.br\/en\/ensino\/pos-graduacao\/toxicologia\/ptox-disciplinas\/\">[&#8230;]<\/a><\/p>\n","protected":false},"author":978,"featured_media":0,"parent":4262,"menu_order":7,"comment_status":"closed","ping_status":"closed","template":"template-fullwidth.php","meta":{"footnotes":"","_links_to":"","_links_to_target":""},"class_list":["post-4885","page","type-page","status-publish","hentry"],"_links":{"self":[{"href":"https:\/\/fcfrp.usp.br\/en\/wp-json\/wp\/v2\/pages\/4885","targetHints":{"allow":["GET"]}}],"collection":[{"href":"https:\/\/fcfrp.usp.br\/en\/wp-json\/wp\/v2\/pages"}],"about":[{"href":"https:\/\/fcfrp.usp.br\/en\/wp-json\/wp\/v2\/types\/page"}],"author":[{"embeddable":true,"href":"https:\/\/fcfrp.usp.br\/en\/wp-json\/wp\/v2\/users\/978"}],"replies":[{"embeddable":true,"href":"https:\/\/fcfrp.usp.br\/en\/wp-json\/wp\/v2\/comments?post=4885"}],"version-history":[{"count":4,"href":"https:\/\/fcfrp.usp.br\/en\/wp-json\/wp\/v2\/pages\/4885\/revisions"}],"predecessor-version":[{"id":16023,"href":"https:\/\/fcfrp.usp.br\/en\/wp-json\/wp\/v2\/pages\/4885\/revisions\/16023"}],"up":[{"embeddable":true,"href":"https:\/\/fcfrp.usp.br\/en\/wp-json\/wp\/v2\/pages\/4262"}],"wp:attachment":[{"href":"https:\/\/fcfrp.usp.br\/en\/wp-json\/wp\/v2\/media?parent=4885"}],"curies":[{"name":"wp","href":"https:\/\/api.w.org\/{rel}","templated":true}]}}