{"id":4910,"date":"2020-05-14T09:35:44","date_gmt":"2020-05-14T11:35:44","guid":{"rendered":"https:\/\/sites.usp.br\/fcfrp\/?page_id=4910"},"modified":"2026-03-18T12:23:09","modified_gmt":"2026-03-18T14:23:09","slug":"ptox-regulamento","status":"publish","type":"page","link":"https:\/\/fcfrp.usp.br\/en\/ensino\/pos-graduacao\/toxicologia\/ptox-regulamento\/","title":{"rendered":"Program Regulations"},"content":{"rendered":"<div id=\"pl-4910\"  class=\"panel-layout\" ><div id=\"pg-4910-0\"  class=\"panel-grid panel-no-style\" ><div id=\"pgc-4910-0-0\"  class=\"panel-grid-cell\" ><div id=\"panel-4910-0-0-0\" class=\"so-panel widget widget_text panel-first-child panel-last-child\" data-index=\"0\" >\t\t\t<div class=\"textwidget\"><div style=\"text-align: justify;\"><a href=\"https:\/\/sites.usp.br\/fcfrp\/wp-content\/uploads\/sites\/528\/2020\/05\/regulamento_ppg_toxicologia_2019.pdf\" target=\"_blank\" rel=\"noopener\">&#8211; REGULAMENTO DO PROGRAMA DE P\u00d3S-GRADUA\u00c7\u00c3O EM TOXICOLOGIA a partir 28\/05\/2019<\/a><br \/>\n<a href=\"https:\/\/fcfrp.usp.br\/wp-content\/uploads\/sites\/528\/2025\/08\/Ciencia-do-Regulamento.docx\" target=\"_blank\" rel=\"noopener\">&#8211; Ci\u00eancia do Regulamento do Programa<\/a> &#8211; ler e entregar assinado no ato da matr\u00edcula.<\/p>\n<div><a href=\"https:\/\/fcfrp.usp.br\/wp-content\/uploads\/sites\/528\/2026\/03\/Regulamento_Aprovado_CaN_07Jan2026.pdf\">&#8211; Novo Regulamento do Programa de P\u00f3s-gradua\u00e7\u00e3o em Toxicologia a partir de 09\/01\/2026<\/a><br \/>\n<a href=\"https:\/\/fcfrp.usp.br\/wp-content\/uploads\/sites\/528\/2026\/03\/Formulario-de-Opcao-de-Mudanca-para-o-Novo-Regulamento-Toxicologia.doc\">&#8211; Formul\u00e1rio de Op\u00e7\u00e3o de Mudan\u00e7a para o Novo Regulamento Toxicologia<\/a><\/div>\n<\/div>\n<p>&nbsp;<\/p>\n<div style=\"text-align: justify;\"><strong>Aten\u00e7\u00e3o &#8211; <\/strong><a href=\"https:\/\/leginf.usp.br\/?resolucao=resolucao-copgr-no-8655-de-27-de-junho-de-2024\" target=\"_blank\" rel=\"noopener\">RESOLU\u00c7\u00c3O CoPGr N\u00ba 8655, DE 27 DE JUNHO DE 2024<\/a><br \/>\nPrev\u00ea a revoga\u00e7\u00e3o, observado o prazo que especifica, da autoriza\u00e7\u00e3o excepcional e tempor\u00e1ria para prorroga\u00e7\u00f5es de prazo na P\u00f3s-Gradua\u00e7\u00e3o em raz\u00e3o da Pandemia da COVID-19.<\/div>\n<\/div>\n\t\t<\/div><\/div><div id=\"pgc-4910-0-1\"  class=\"panel-grid-cell\" ><div id=\"panel-4910-0-1-0\" class=\"so-panel widget widget_nav_menu panel-first-child panel-last-child\" data-index=\"1\" ><div class=\"menu-menu-pos-tox-container\"><ul id=\"menu-menu-pos-tox\" class=\"menu\"><li id=\"menu-item-4581\" class=\"menu-item menu-item-type-post_type menu-item-object-page menu-item-has-children menu-item-4581\"><a href=\"https:\/\/fcfrp.usp.br\/en\/ensino\/\">Education<\/a>\n<ul class=\"sub-menu\">\n\t<li id=\"menu-item-4582\" class=\"menu-item menu-item-type-post_type menu-item-object-page menu-item-4582\"><a href=\"https:\/\/fcfrp.usp.br\/en\/ensino\/graduacao\/\">Undergraduate<\/a><\/li>\n\t<li id=\"menu-item-4583\" class=\"menu-item menu-item-type-post_type menu-item-object-page menu-item-has-children menu-item-4583\"><a href=\"https:\/\/fcfrp.usp.br\/en\/ensino\/pos-graduacao\/\">Graduate<\/a>\n\t<ul class=\"sub-menu\">\n\t\t<li id=\"menu-item-4584\" class=\"menu-item menu-item-type-post_type menu-item-object-page menu-item-4584\"><a href=\"https:\/\/fcfrp.usp.br\/en\/ensino\/pos-graduacao\/comissao-pos-graduacao\/\">Graduate Commission<\/a><\/li>\n\t\t<li id=\"menu-item-4580\" class=\"menu-item menu-item-type-post_type menu-item-object-page menu-item-4580\"><a href=\"https:\/\/fcfrp.usp.br\/en\/institucional\/administracao\/atac\/secao-posgraduacao\/\">Graduate Service<\/a><\/li>\n\t\t<li id=\"menu-item-4585\" class=\"menu-item menu-item-type-post_type menu-item-object-page menu-item-4585\"><a href=\"https:\/\/fcfrp.usp.br\/en\/ensino\/pos-graduacao\/biociencias-biotecnologia\/\">Biosciences and Biotechnology Program<\/a><\/li>\n\t\t<li id=\"menu-item-4586\" class=\"menu-item menu-item-type-post_type menu-item-object-page menu-item-4586\"><a href=\"https:\/\/fcfrp.usp.br\/en\/ensino\/pos-graduacao\/ciencias-farmaceuticas\/\">Pharmaceutical Sciences Program<\/a><\/li>\n\t\t<li id=\"menu-item-4587\" class=\"menu-item menu-item-type-post_type menu-item-object-page menu-item-has-children menu-item-4587\"><a href=\"https:\/\/fcfrp.usp.br\/en\/ensino\/pos-graduacao\/toxicologia\/\">Toxicology Program<\/a>\n\t\t<ul class=\"sub-menu\">\n\t\t\t<li id=\"menu-item-4787\" class=\"menu-item menu-item-type-post_type menu-item-object-page menu-item-4787\"><a href=\"https:\/\/fcfrp.usp.br\/en\/ensino\/pos-graduacao\/toxicologia\/ptox-historico\/\">History and Objectives<\/a><\/li>\n\t\t\t<li id=\"menu-item-4801\" class=\"menu-item menu-item-type-post_type menu-item-object-page menu-item-4801\"><a href=\"https:\/\/fcfrp.usp.br\/en\/ensino\/pos-graduacao\/toxicologia\/ptox-docentes\/\">Faculty and Research Lines<\/a><\/li>\n\t\t\t<li id=\"menu-item-5060\" class=\"menu-item menu-item-type-post_type menu-item-object-page menu-item-5060\"><a href=\"https:\/\/fcfrp.usp.br\/en\/ensino\/pos-graduacao\/toxicologia\/ptox-projetos\/\">Student Body and Research Projects<\/a><\/li>\n\t\t\t<li id=\"menu-item-4828\" class=\"menu-item menu-item-type-post_type menu-item-object-page menu-item-4828\"><a href=\"https:\/\/fcfrp.usp.br\/en\/ensino\/pos-graduacao\/toxicologia\/ptox-processo-seletivo\/\">Selection Process and Enrollment<\/a><\/li>\n\t\t\t<li id=\"menu-item-5130\" class=\"menu-item menu-item-type-post_type menu-item-object-page menu-item-5130\"><a href=\"https:\/\/fcfrp.usp.br\/en\/ensino\/pos-graduacao\/toxicologia\/ptox-teses\/\">Theses and Dissertations<\/a><\/li>\n\t\t\t<li id=\"menu-item-4841\" class=\"menu-item menu-item-type-post_type menu-item-object-page menu-item-4841\"><a href=\"https:\/\/fcfrp.usp.br\/en\/ensino\/pos-graduacao\/toxicologia\/ptox-pos-doc\/\">Post-Doc (PNPD)<\/a><\/li>\n\t\t\t<li id=\"menu-item-4865\" class=\"menu-item menu-item-type-post_type menu-item-object-page menu-item-4865\"><a href=\"https:\/\/fcfrp.usp.br\/en\/ensino\/pos-graduacao\/toxicologia\/ptox-editais-print\/\">Publications Print USP\/CAPES<\/a><\/li>\n\t\t\t<li id=\"menu-item-14052\" class=\"menu-item menu-item-type-post_type menu-item-object-page menu-item-14052\"><a href=\"https:\/\/fcfrp.usp.br\/en\/ensino\/pos-graduacao\/toxicologia\/editais-especiais\/\">Special Notice: Mozambique Agreement<\/a><\/li>\n\t\t\t<li id=\"menu-item-4909\" class=\"menu-item menu-item-type-post_type menu-item-object-page menu-item-4909\"><a href=\"https:\/\/fcfrp.usp.br\/en\/ensino\/pos-graduacao\/toxicologia\/ptox-disciplinas\/\">Subjects<\/a><\/li>\n\t\t\t<li id=\"menu-item-4921\" class=\"menu-item menu-item-type-post_type menu-item-object-page menu-item-4921\"><a href=\"https:\/\/fcfrp.usp.br\/en\/ensino\/pos-graduacao\/toxicologia\/ptox-regulamento\/\">Program Regulations<\/a><\/li>\n\t\t\t<li id=\"menu-item-4974\" class=\"menu-item menu-item-type-post_type menu-item-object-page menu-item-4974\"><a href=\"https:\/\/fcfrp.usp.br\/en\/ensino\/pos-graduacao\/toxicologia\/ptox-formularios\/\">Forms<\/a><\/li>\n\t\t\t<li id=\"menu-item-5022\" class=\"menu-item menu-item-type-post_type menu-item-object-page menu-item-5022\"><a href=\"https:\/\/fcfrp.usp.br\/en\/ensino\/pos-graduacao\/toxicologia\/ptox-bolsas\/\">Grant of Scholarships<\/a><\/li>\n\t\t\t<li id=\"menu-item-5031\" class=\"menu-item menu-item-type-post_type menu-item-object-page menu-item-5031\"><a href=\"https:\/\/fcfrp.usp.br\/en\/ensino\/pos-graduacao\/toxicologia\/ptox-premios\/\">Awards<\/a><\/li>\n\t\t\t<li id=\"menu-item-5092\" class=\"menu-item menu-item-type-post_type menu-item-object-page menu-item-5092\"><a href=\"https:\/\/fcfrp.usp.br\/en\/ensino\/pos-graduacao\/toxicologia\/ptox-infra\/\">Infrastructure<\/a><\/li>\n\t\t<\/ul>\n<\/li>\n\t\t<li id=\"menu-item-5009\" class=\"menu-item menu-item-type-post_type menu-item-object-page menu-item-5009\"><a href=\"https:\/\/fcfrp.usp.br\/en\/ensino\/pos-graduacao\/defesas\/\">Defenses<\/a><\/li>\n\t\t<li id=\"menu-item-5010\" class=\"menu-item menu-item-type-post_type menu-item-object-page menu-item-5010\"><a href=\"https:\/\/fcfrp.usp.br\/en\/ensino\/pos-graduacao\/diplomas\/\">Diplomas<\/a><\/li>\n\t\t<li id=\"menu-item-5011\" class=\"menu-item menu-item-type-post_type menu-item-object-page menu-item-5011\"><a href=\"https:\/\/fcfrp.usp.br\/en\/ensino\/pos-graduacao\/pae\/\">Teaching Improvement Program (PAE)<\/a><\/li>\n\t\t<li id=\"menu-item-5012\" class=\"menu-item menu-item-type-post_type menu-item-object-page menu-item-5012\"><a href=\"https:\/\/fcfrp.usp.br\/en\/ensino\/pos-graduacao\/historia\/\">History of Graduate Studies<\/a><\/li>\n\t\t<li id=\"menu-item-5007\" class=\"menu-item menu-item-type-post_type menu-item-object-page menu-item-5007\"><a href=\"https:\/\/fcfrp.usp.br\/en\/ensino\/pos-graduacao\/pg-regimento\/\">Regulations and Rules<\/a><\/li>\n\t\t<li id=\"menu-item-5083\" class=\"menu-item menu-item-type-post_type menu-item-object-page menu-item-5083\"><a href=\"https:\/\/fcfrp.usp.br\/en\/ensino\/pos-graduacao\/colaboradores\/\">International Collaborators<\/a><\/li>\n\t<\/ul>\n<\/li>\n<\/ul>\n<\/li>\n<\/ul><\/div><\/div><\/div><\/div><\/div>","protected":false},"excerpt":{"rendered":"<p>&#8211; REGULAMENTO DO PROGRAMA DE P\u00d3S-GRADUA\u00c7\u00c3O EM TOXICOLOGIA a partir 28\/05\/2019 &#8211; Ci\u00eancia do Regulamento do Programa &#8211; ler e entregar assinado no ato da matr\u00edcula. &#8211; Novo Regulamento do Programa de P\u00f3s-gradua\u00e7\u00e3o em Toxicologia a partir de 09\/01\/2026 &#8211; Formul\u00e1rio de Op\u00e7\u00e3o de Mudan\u00e7a para o Novo Regulamento Toxicologia &nbsp; Aten\u00e7\u00e3o &#8211; RESOLU\u00c7\u00c3O CoPGr<a href=\"https:\/\/fcfrp.usp.br\/en\/ensino\/pos-graduacao\/toxicologia\/ptox-regulamento\/\">[&#8230;]<\/a><\/p>\n","protected":false},"author":978,"featured_media":0,"parent":4262,"menu_order":8,"comment_status":"closed","ping_status":"closed","template":"template-fullwidth.php","meta":{"footnotes":"","_links_to":"","_links_to_target":""},"class_list":["post-4910","page","type-page","status-publish","hentry"],"_links":{"self":[{"href":"https:\/\/fcfrp.usp.br\/en\/wp-json\/wp\/v2\/pages\/4910","targetHints":{"allow":["GET"]}}],"collection":[{"href":"https:\/\/fcfrp.usp.br\/en\/wp-json\/wp\/v2\/pages"}],"about":[{"href":"https:\/\/fcfrp.usp.br\/en\/wp-json\/wp\/v2\/types\/page"}],"author":[{"embeddable":true,"href":"https:\/\/fcfrp.usp.br\/en\/wp-json\/wp\/v2\/users\/978"}],"replies":[{"embeddable":true,"href":"https:\/\/fcfrp.usp.br\/en\/wp-json\/wp\/v2\/comments?post=4910"}],"version-history":[{"count":4,"href":"https:\/\/fcfrp.usp.br\/en\/wp-json\/wp\/v2\/pages\/4910\/revisions"}],"predecessor-version":[{"id":16456,"href":"https:\/\/fcfrp.usp.br\/en\/wp-json\/wp\/v2\/pages\/4910\/revisions\/16456"}],"up":[{"embeddable":true,"href":"https:\/\/fcfrp.usp.br\/en\/wp-json\/wp\/v2\/pages\/4262"}],"wp:attachment":[{"href":"https:\/\/fcfrp.usp.br\/en\/wp-json\/wp\/v2\/media?parent=4910"}],"curies":[{"name":"wp","href":"https:\/\/api.w.org\/{rel}","templated":true}]}}