{"id":5131,"date":"2020-05-21T12:07:02","date_gmt":"2020-05-21T14:07:02","guid":{"rendered":"https:\/\/sites.usp.br\/fcfrp\/?page_id=5131"},"modified":"2026-03-19T17:09:37","modified_gmt":"2026-03-19T19:09:37","slug":"comissao-difusao","status":"publish","type":"page","link":"https:\/\/fcfrp.usp.br\/en\/institucional\/comissoes\/comissao-difusao\/","title":{"rendered":"Disclosure Committee"},"content":{"rendered":"<div id=\"pl-5131\"  class=\"panel-layout\" ><div id=\"pg-5131-0\"  class=\"panel-grid panel-no-style\" ><div id=\"pgc-5131-0-0\"  class=\"panel-grid-cell\" ><div id=\"panel-5131-0-0-0\" class=\"so-panel widget widget_text panel-first-child panel-last-child\" data-index=\"0\" >\t\t\t<div class=\"textwidget\"><h4><strong>Presidente<\/strong><\/h4>\n<h3>Profa. Dra. Sandra Regina Costa Maruyama<a href=\"https:\/\/fcfrp.usp.br\/wp-content\/uploads\/sites\/528\/2026\/02\/sandrarm-1.jpg\"><img loading=\"lazy\" decoding=\"async\" class=\"wp-image-16170 size-full alignright\" src=\"https:\/\/fcfrp.usp.br\/wp-content\/uploads\/sites\/528\/2026\/02\/sandrarm-1.jpg\" alt=\"\" width=\"100\" height=\"128\" \/><\/a><\/h3>\n<p>Email: sandrarcm@usp.br<br \/>\nTel: (16) 3315-0260<\/p>\n<p>&nbsp;<\/p>\n<div style=\"text-align: justify; text-indent: 30pt;\">A Comiss\u00e3o de Difus\u00e3o Cient\u00edfica e Acad\u00eamica (CDCA) \u00e9 uma comiss\u00e3o aut\u00f4noma da FCFRP-USP, dedicada a promover a circula\u00e7\u00e3o e o acesso ao conhecimento cient\u00edfico e acad\u00eamico produzido na institui\u00e7\u00e3o. Nosso objetivo \u00e9 fortalecer o di\u00e1logo entre a universidade e a sociedade, valorizando o ensino, a pesquisa e a extens\u00e3o por meio de uma linguagem acess\u00edvel e baseada em evid\u00eancias.<\/div>\n<p>&nbsp;<\/p>\n<h4><strong>Miss\u00e3o<\/strong><\/h4>\n<div style=\"text-align: justify;\">\n<strong>&#8211; Popularizar a Ci\u00eancia:<\/strong> Tornar o conhecimento acad\u00eamico compreens\u00edvel ao p\u00fablico geral.<br \/>\n<strong>&#8211; Combater a desinforma\u00e7\u00e3o:<\/strong> Atuar ativamente contra\u00a0<i>fake news<\/i>\u00a0nas \u00e1reas de sa\u00fade, educa\u00e7\u00e3o e ci\u00eancia.<br \/>\n<strong>&#8211; Valorizar a Universidade P\u00fablica:<\/strong> Destacar o impacto social das pesquisas e a\u00e7\u00f5es desenvolvidas na FCFRP-USP.<br \/>\n<strong>&#8211; Engajamento:<\/strong> Estimular o interesse cient\u00edfico em ambientes digitais e presenciais.\n<\/div>\n<p>&nbsp;<\/p>\n<h4><strong>Nossos Valores<\/strong><\/h4>\n<div style=\"text-align: justify;\">\n<strong>&#8211; Acessibilidade e Inclus\u00e3o:<\/strong> Comunica\u00e7\u00e3o clara, independente do contexto socioecon\u00f4mico.<br \/>\n<strong>&#8211; Transpar\u00eancia e \u00c9tica:<\/strong> Rigor na verifica\u00e7\u00e3o de fontes, integridade e isen\u00e7\u00e3o de vieses.<br \/>\n<strong>&#8211; Inova\u00e7\u00e3o:<\/strong> Uso de estrat\u00e9gias criativas e m\u00eddias digitais para ampliar o alcance da ci\u00eancia.<br \/>\n<strong>&#8211; Compromisso P\u00fablico:<\/strong> Fomento \u00e0 cultura de informa\u00e7\u00e3o respons\u00e1vel e transforma\u00e7\u00e3o social.\n<\/div>\n<p>&nbsp;<\/p>\n<h4><strong>Objetivos Estrat\u00e9gicos<\/strong><\/h4>\n<div style=\"text-align: justify;\">\n1. Ampliar a visibilidade das atividades de ensino, pesquisa e extens\u00e3o da FCFRP-USP.<br \/>\n2. Criar conte\u00fados acess\u00edveis e inclusivos para diversos p\u00fablicos.<br \/>\n3. Apoiar eventos, oficinas e atividades &#8220;extra-muros&#8221; de populariza\u00e7\u00e3o da ci\u00eancia.<br \/>\n4. Estabelecer parcerias com ve\u00edculos de m\u00eddia, escolas, espa\u00e7os n\u00e3o formais de ensino e coletivos de divulga\u00e7\u00e3o.<br \/>\n5. Capacitar a comunidade universit\u00e1ria (docentes, discentes e servidores) para a comunica\u00e7\u00e3o p\u00fablica da Ci\u00eancia.\n<\/div>\n<p>&nbsp;<\/p>\n<div style=\"text-align: justify;\"><b>Informa\u00e7\u00e3o Importante sobre Comunica\u00e7\u00e3o Interna<\/b><br \/>\nA CDCA foca em\u00a0<b>Difus\u00e3o Cient\u00edfica<\/b>\u00a0(comunica\u00e7\u00e3o da ci\u00eancia para a sociedade). Solicita\u00e7\u00f5es de\u00a0<b>divulga\u00e7\u00e3o interna<\/b>\u00a0(avisos, comunicados administrativos e procedimentos exclusivos da Unidade) devem ser encaminhadas diretamente para o e-mail:\u00a0<b><a href=\"mailto:comunica@fcfrp.usp.br\" target=\"_blank\" rel=\"noopener\">comunica@fcfrp.usp.br<\/a><\/b>.<\/div>\n<p>&nbsp;<\/p>\n<h4><strong>Membros<\/strong><\/h4>\n<p>Profa. Dra. Carolina Patr\u00edcia Aires Garbellini<br \/>\nProfa. Dra. Fabiani Gai Frantz<br \/>\nProfa. Dra. Kelen Cristina Ribeiro Malmegrim de Farias<br \/>\nProfa. Dra. Sandra Regina Costa Maruyama<br \/>\nProf. Dr. Italo Augusto Cavini<br \/>\nProf. Dr. Leonardo Neves de Andrade<br \/>\nProfa. Dra. Nathalia Vieira Porphirio Ver\u00edssimo<br \/>\nProf. Dr. Ronaldo Bragan\u00e7a Martins J\u00fanior<br \/>\nProfa. Dra. Alessandra Vincenzi Jager<br \/>\nProf. Dr. Jonas Augusto Rizzato Paschoal<br \/>\nFuncion\u00e1ria Karina Marchetti Stefani<br \/>\nFuncion\u00e1rio David Fernando de Almeida Vieira<br \/>\nFuncion\u00e1ria Fernanda Del Campos de Matos<\/p>\n<\/div>\n\t\t<\/div><\/div><div id=\"pgc-5131-0-1\"  class=\"panel-grid-cell\" ><div id=\"panel-5131-0-1-0\" class=\"so-panel widget widget_nav_menu panel-first-child panel-last-child\" data-index=\"1\" ><div class=\"menu-menu-instcomissoes-container\"><ul id=\"menu-menu-instcomissoes\" class=\"menu\"><li id=\"menu-item-2692\" class=\"menu-item menu-item-type-post_type menu-item-object-page menu-item-has-children menu-item-2692\"><a href=\"https:\/\/fcfrp.usp.br\/en\/institucional\/\">Institutional<\/a>\n<ul class=\"sub-menu\">\n\t<li id=\"menu-item-2694\" class=\"menu-item menu-item-type-post_type menu-item-object-page menu-item-2694\"><a href=\"https:\/\/fcfrp.usp.br\/en\/institucional\/diretoria\/\">Direction<\/a><\/li>\n\t<li id=\"menu-item-2695\" class=\"menu-item menu-item-type-post_type menu-item-object-page menu-item-2695\"><a href=\"https:\/\/fcfrp.usp.br\/en\/institucional\/departamentos\/\">Departments<\/a><\/li>\n\t<li id=\"menu-item-2696\" class=\"menu-item menu-item-type-post_type menu-item-object-page menu-item-2696\"><a href=\"https:\/\/fcfrp.usp.br\/en\/institucional\/administracao\/\">Administrative Sections<\/a><\/li>\n\t<li id=\"menu-item-10509\" class=\"menu-item menu-item-type-post_type menu-item-object-page menu-item-10509\"><a href=\"https:\/\/fcfrp.usp.br\/en\/institucional\/cap\/\">Project Support Center<\/a><\/li>\n\t<li id=\"menu-item-2689\" class=\"menu-item menu-item-type-post_type menu-item-object-page menu-item-2689\"><a href=\"https:\/\/fcfrp.usp.br\/en\/institucional\/servicos\/\">Services<\/a><\/li>\n\t<li id=\"menu-item-2718\" class=\"menu-item menu-item-type-post_type menu-item-object-page menu-item-has-children menu-item-2718\"><a href=\"https:\/\/fcfrp.usp.br\/en\/institucional\/comissoes\/\">Commissions<\/a>\n\t<ul class=\"sub-menu\">\n\t\t<li id=\"menu-item-10441\" class=\"menu-item menu-item-type-post_type menu-item-object-page menu-item-10441\"><a href=\"https:\/\/fcfrp.usp.br\/en\/institucional\/comissoes\/comissao-covid\/\">Covid-19 Monitoring Advisory Committee<\/a><\/li>\n\t\t<li id=\"menu-item-10381\" class=\"menu-item menu-item-type-post_type menu-item-object-page menu-item-10381\"><a href=\"https:\/\/fcfrp.usp.br\/en\/institucional\/comissoes\/comissao-infra-pesquisa\/\">Research Infrastructure Advisory Committee<\/a><\/li>\n\t\t<li id=\"menu-item-2895\" class=\"menu-item menu-item-type-post_type menu-item-object-page menu-item-2895\"><a href=\"https:\/\/fcfrp.usp.br\/en\/institucional\/comissoes\/comissao-bioterio\/\">Vivarium<\/a><\/li>\n\t\t<li id=\"menu-item-3078\" class=\"menu-item menu-item-type-post_type menu-item-object-page menu-item-3078\"><a href=\"https:\/\/fcfrp.usp.br\/en\/institucional\/comissoes\/comissao-boas-praticas\/\">Good Scientific Practice<\/a><\/li>\n\t\t<li id=\"menu-item-3008\" class=\"menu-item menu-item-type-post_type menu-item-object-page menu-item-3008\"><a href=\"https:\/\/fcfrp.usp.br\/en\/institucional\/comissoes\/brigada\/\">Fire Brigade<\/a><\/li>\n\t\t<li id=\"menu-item-2872\" class=\"menu-item menu-item-type-post_type menu-item-object-page menu-item-2872\"><a href=\"https:\/\/fcfrp.usp.br\/en\/institucional\/comissoes\/comissao-biosseguranca\/\">Biosafety &#8211; IBioC<\/a><\/li>\n\t\t<li id=\"menu-item-13238\" class=\"menu-item menu-item-type-post_type menu-item-object-page menu-item-13238\"><a href=\"https:\/\/fcfrp.usp.br\/en\/institucional\/comissoes\/cip\/\">Inclusion and Belonging Committee<\/a><\/li>\n\t\t<li id=\"menu-item-2846\" class=\"menu-item menu-item-type-post_type menu-item-object-page menu-item-2846\"><a href=\"https:\/\/fcfrp.usp.br\/en\/institucional\/comissoes\/cipa\/\">ICAP<\/a><\/li>\n\t\t<li id=\"menu-item-3071\" class=\"menu-item menu-item-type-post_type menu-item-object-page menu-item-3071\"><a href=\"https:\/\/fcfrp.usp.br\/en\/institucional\/comissoes\/comite-gestor-liarec\/\">Senior Management Committee of the Liarec<\/a><\/li>\n\t\t<li id=\"menu-item-10440\" class=\"menu-item menu-item-type-post_type menu-item-object-page menu-item-10440\"><a href=\"https:\/\/fcfrp.usp.br\/en\/institucional\/comissoes\/comissao-projeto-academico\/\">Academic Project Coordinating Committee<\/a><\/li>\n\t\t<li id=\"menu-item-2780\" class=\"menu-item menu-item-type-post_type menu-item-object-page menu-item-2780\"><a href=\"https:\/\/fcfrp.usp.br\/en\/pesquisa-extensao\/extensao\/\">Culture and Extension<\/a><\/li>\n\t\t<li id=\"menu-item-5136\" class=\"menu-item menu-item-type-post_type menu-item-object-page menu-item-5136\"><a href=\"https:\/\/fcfrp.usp.br\/en\/institucional\/comissoes\/comissao-difusao\/\">Disclosure<\/a><\/li>\n\t\t<li id=\"menu-item-2943\" class=\"menu-item menu-item-type-post_type menu-item-object-page menu-item-2943\"><a href=\"https:\/\/fcfrp.usp.br\/en\/institucional\/comissoes\/comite-etica-pesquisa\/\">Research Ethics<\/a><\/li>\n\t\t<li id=\"menu-item-2799\" class=\"menu-item menu-item-type-post_type menu-item-object-page menu-item-2799\"><a href=\"https:\/\/fcfrp.usp.br\/en\/institucional\/comissoes\/comissao-ceua\/\">Animal Use Ethics<\/a><\/li>\n\t\t<li id=\"menu-item-2919\" class=\"menu-item menu-item-type-post_type menu-item-object-page menu-item-2919\"><a href=\"https:\/\/fcfrp.usp.br\/en\/institucional\/comissoes\/comissao-residuos-quimicos\/\">Chemical Waste Management<\/a><\/li>\n\t\t<li id=\"menu-item-2728\" class=\"menu-item menu-item-type-post_type menu-item-object-page menu-item-2728\"><a href=\"https:\/\/fcfrp.usp.br\/en\/institucional\/comissoes\/comissao-residuos-saude\/\">Health Services Waste Management<\/a><\/li>\n\t\t<li id=\"menu-item-2785\" class=\"menu-item menu-item-type-post_type menu-item-object-page menu-item-2785\"><a href=\"https:\/\/fcfrp.usp.br\/en\/ensino\/graduacao\/comissao-graduacao\/\">Undergraduate<\/a><\/li>\n\t\t<li id=\"menu-item-2779\" class=\"menu-item menu-item-type-post_type menu-item-object-page menu-item-2779\"><a href=\"https:\/\/fcfrp.usp.br\/en\/pesquisa-extensao\/pesquisa\/\">Research<\/a><\/li>\n\t\t<li id=\"menu-item-2906\" class=\"menu-item menu-item-type-post_type menu-item-object-page menu-item-2906\"><a href=\"https:\/\/fcfrp.usp.br\/en\/ensino\/pos-graduacao\/comissao-pos-graduacao\/\">Graduate<\/a><\/li>\n\t\t<li id=\"menu-item-6132\" class=\"menu-item menu-item-type-post_type menu-item-object-page menu-item-6132\"><a href=\"https:\/\/fcfrp.usp.br\/en\/institucional\/comissoes\/comissoes-pae\/\">Teaching Improvement Program<\/a><\/li>\n\t\t<li id=\"menu-item-2781\" class=\"menu-item menu-item-type-post_type menu-item-object-page menu-item-has-children menu-item-2781\"><a href=\"https:\/\/fcfrp.usp.br\/en\/institucional\/comissoes\/relacoes-internacionais\/\">International Relations<\/a>\n\t\t<ul class=\"sub-menu\">\n\t\t\t<li id=\"menu-item-5938\" class=\"menu-item menu-item-type-post_type menu-item-object-page menu-item-5938\"><a href=\"https:\/\/fcfrp.usp.br\/en\/institucional\/comissoes\/relacoes-internacionais\/convenios-relacoes-internacionais\/\">Covenants and Information<\/a><\/li>\n\t\t<\/ul>\n<\/li>\n\t\t<li id=\"menu-item-3084\" class=\"menu-item menu-item-type-post_type menu-item-object-page menu-item-3084\"><a href=\"https:\/\/fcfrp.usp.br\/en\/institucional\/comissoes\/comissao-seguranca-laboratorios\/\">Laboratory Safety<\/a><\/li>\n\t\t<li id=\"menu-item-2795\" class=\"menu-item menu-item-type-post_type menu-item-object-page menu-item-2795\"><a href=\"https:\/\/fcfrp.usp.br\/en\/institucional\/comissoes\/comissao-sausp\/\">SAUSP Setorial<\/a><\/li>\n\t\t<li id=\"menu-item-2717\" class=\"menu-item menu-item-type-post_type menu-item-object-page menu-item-2717\"><a href=\"https:\/\/fcfrp.usp.br\/en\/institucional\/comissoes\/comissao-treinamento\/\">Training and Development of Non-Teaching Servers<\/a><\/li>\n\t\t<li id=\"menu-item-2852\" class=\"menu-item menu-item-type-post_type menu-item-object-page menu-item-2852\"><a href=\"https:\/\/fcfrp.usp.br\/en\/institucional\/comissoes\/comissao-usp-recicla\/\">USP Recicla<\/a><\/li>\n\t\t<li id=\"menu-item-3060\" class=\"menu-item menu-item-type-post_type menu-item-object-page menu-item-3060\"><a href=\"https:\/\/fcfrp.usp.br\/en\/institucional\/comissoes\/comissao-usuarios-liarec\/\">Users of the Liarec<\/a><\/li>\n\t<\/ul>\n<\/li>\n\t<li id=\"menu-item-2690\" class=\"menu-item menu-item-type-post_type menu-item-object-page menu-item-2690\"><a href=\"https:\/\/fcfrp.usp.br\/en\/institucional\/concursos\/\">Public Tenders<\/a><\/li>\n\t<li id=\"menu-item-6217\" class=\"menu-item menu-item-type-custom menu-item-object-custom menu-item-6217\"><a href=\"https:\/\/fcfrp.usp.br\/en\/institucional\/administracao\/assistencia-tecnica-financeira\/prov-materiais\/\">Bidding<\/a><\/li>\n\t<li id=\"menu-item-2693\" class=\"menu-item menu-item-type-post_type menu-item-object-page current_page_parent menu-item-2693\"><a href=\"https:\/\/fcfrp.usp.br\/en\/institucional\/eventos-noticias\/\">Events \/ News<\/a><\/li>\n\t<li id=\"menu-item-2691\" class=\"menu-item menu-item-type-post_type menu-item-object-page menu-item-2691\"><a target=\"_blank\" href=\"https:\/\/fcfrp.usp.br\/wp-content\/uploads\/sites\/528\/2025\/03\/Lista-de-ramais-marco-2025.pdf\">Public Servants<\/a><\/li>\n\t<li id=\"menu-item-7209\" class=\"menu-item menu-item-type-post_type menu-item-object-page menu-item-7209\"><a href=\"https:\/\/fcfrp.usp.br\/en\/institucional\/identidade-visual\/\">Visual Identity<\/a><\/li>\n<\/ul>\n<\/li>\n<\/ul><\/div><\/div><\/div><\/div><\/div>","protected":false},"excerpt":{"rendered":"<p>Presidente Profa. Dra. Sandra Regina Costa Maruyama Email: sandrarcm@usp.br Tel: (16) 3315-0260 &nbsp; A Comiss\u00e3o de Difus\u00e3o Cient\u00edfica e Acad\u00eamica (CDCA) \u00e9 uma comiss\u00e3o aut\u00f4noma da FCFRP-USP, dedicada a promover a circula\u00e7\u00e3o e o acesso ao conhecimento cient\u00edfico e acad\u00eamico produzido na institui\u00e7\u00e3o. Nosso objetivo \u00e9 fortalecer o di\u00e1logo entre a universidade e a sociedade,<a href=\"https:\/\/fcfrp.usp.br\/en\/institucional\/comissoes\/comissao-difusao\/\">[&#8230;]<\/a><\/p>\n","protected":false},"author":978,"featured_media":0,"parent":2697,"menu_order":6,"comment_status":"closed","ping_status":"closed","template":"template-fullwidth.php","meta":{"footnotes":"","_links_to":"","_links_to_target":""},"class_list":["post-5131","page","type-page","status-publish","hentry"],"_links":{"self":[{"href":"https:\/\/fcfrp.usp.br\/en\/wp-json\/wp\/v2\/pages\/5131","targetHints":{"allow":["GET"]}}],"collection":[{"href":"https:\/\/fcfrp.usp.br\/en\/wp-json\/wp\/v2\/pages"}],"about":[{"href":"https:\/\/fcfrp.usp.br\/en\/wp-json\/wp\/v2\/types\/page"}],"author":[{"embeddable":true,"href":"https:\/\/fcfrp.usp.br\/en\/wp-json\/wp\/v2\/users\/978"}],"replies":[{"embeddable":true,"href":"https:\/\/fcfrp.usp.br\/en\/wp-json\/wp\/v2\/comments?post=5131"}],"version-history":[{"count":4,"href":"https:\/\/fcfrp.usp.br\/en\/wp-json\/wp\/v2\/pages\/5131\/revisions"}],"predecessor-version":[{"id":16467,"href":"https:\/\/fcfrp.usp.br\/en\/wp-json\/wp\/v2\/pages\/5131\/revisions\/16467"}],"up":[{"embeddable":true,"href":"https:\/\/fcfrp.usp.br\/en\/wp-json\/wp\/v2\/pages\/2697"}],"wp:attachment":[{"href":"https:\/\/fcfrp.usp.br\/en\/wp-json\/wp\/v2\/media?parent=5131"}],"curies":[{"name":"wp","href":"https:\/\/api.w.org\/{rel}","templated":true}]}}