{"id":5571,"date":"2020-06-16T10:19:13","date_gmt":"2020-06-16T12:19:13","guid":{"rendered":"https:\/\/sites.usp.br\/fcfrp\/?page_id=5571"},"modified":"2020-07-17T12:11:27","modified_gmt":"2020-07-17T14:11:27","slug":"programas","status":"publish","type":"page","link":"https:\/\/fcfrp.usp.br\/en\/pesquisa-extensao\/pesquisa\/programas\/","title":{"rendered":"Programs"},"content":{"rendered":"<div id=\"pl-5571\"  class=\"panel-layout\" ><div id=\"pg-5571-0\"  class=\"panel-grid panel-no-style\" ><div id=\"pgc-5571-0-0\"  class=\"panel-grid-cell\" ><div id=\"panel-5571-0-0-0\" class=\"so-panel widget widget_text panel-first-child panel-last-child\" data-index=\"0\" >\t\t\t<div class=\"textwidget\"><p><a href=\"https:\/\/fcfrp.usp.br\/pesquisa-extensao\/pesquisa\/programas\/preiniciacao\/\">&#8211; Pr\u00e9-Inicia\u00e7\u00e3o Cient\u00edfica<\/a><br \/>\n<a href=\"https:\/\/fcfrp.usp.br\/pesquisa-extensao\/pesquisa\/programas\/iniciacao\/\">&#8211; Inicia\u00e7\u00e3o Cient\u00edfica<\/a><br \/>\n<a href=\"https:\/\/fcfrp.usp.br\/pesquisa-extensao\/pesquisa\/programas\/posdoutorado\/\">&#8211; P\u00f3s-Doutorado<\/a><br \/>\n<a href=\"https:\/\/fcfrp.usp.br\/pesquisa-extensao\/pesquisa\/programas\/pesquisador\/\">&#8211; Pesquisador Colaborador<\/a><\/p>\n<\/div>\n\t\t<\/div><\/div><div id=\"pgc-5571-0-1\"  class=\"panel-grid-cell\" ><div id=\"panel-5571-0-1-0\" class=\"so-panel widget widget_nav_menu panel-first-child panel-last-child\" data-index=\"1\" ><div class=\"menu-menu-pesquisa-container\"><ul id=\"menu-menu-pesquisa\" class=\"menu\"><li id=\"menu-item-791\" class=\"menu-item menu-item-type-post_type menu-item-object-page menu-item-has-children menu-item-791\"><a href=\"https:\/\/fcfrp.usp.br\/en\/pesquisa-extensao\/\">Research \/ Extension<\/a>\n<ul class=\"sub-menu\">\n\t<li id=\"menu-item-792\" class=\"menu-item menu-item-type-post_type menu-item-object-page menu-item-has-children menu-item-792\"><a href=\"https:\/\/fcfrp.usp.br\/en\/pesquisa-extensao\/pesquisa\/\">Research<\/a>\n\t<ul class=\"sub-menu\">\n\t\t<li id=\"menu-item-5831\" class=\"menu-item menu-item-type-post_type menu-item-object-page menu-item-5831\"><a href=\"https:\/\/fcfrp.usp.br\/en\/pesquisa-extensao\/pesquisa\/normas\/\">Standards<\/a><\/li>\n\t\t<li id=\"menu-item-5562\" class=\"menu-item menu-item-type-post_type menu-item-object-page menu-item-has-children menu-item-5562\"><a href=\"https:\/\/fcfrp.usp.br\/en\/pesquisa-extensao\/pesquisa\/infraestrutura\/\">Infrastructure<\/a>\n\t\t<ul class=\"sub-menu\">\n\t\t\t<li id=\"menu-item-15552\" class=\"menu-item menu-item-type-post_type menu-item-object-page menu-item-15552\"><a href=\"https:\/\/fcfrp.usp.br\/en\/pesquisa-extensao\/pesquisa\/infraestrutura\/biocel\/\">BioCel FCFRP-USP<\/a><\/li>\n\t\t<\/ul>\n<\/li>\n\t\t<li id=\"menu-item-910\" class=\"menu-item menu-item-type-post_type menu-item-object-page menu-item-910\"><a href=\"https:\/\/fcfrp.usp.br\/en\/pesquisa-extensao\/pesquisa\/centrais-multiusuarios\/\">Research Facilities<\/a><\/li>\n\t\t<li id=\"menu-item-6067\" class=\"menu-item menu-item-type-post_type menu-item-object-page menu-item-6067\"><a href=\"https:\/\/fcfrp.usp.br\/en\/pesquisa-extensao\/pesquisa\/linhas-de-pesquisa\/\">Research Lines<\/a><\/li>\n\t\t<li id=\"menu-item-5570\" class=\"menu-item menu-item-type-post_type menu-item-object-page menu-item-5570\"><a href=\"https:\/\/fcfrp.usp.br\/en\/pesquisa-extensao\/pesquisa\/grupos-pesquisa\/\">Research Groups<\/a><\/li>\n\t\t<li id=\"menu-item-5574\" class=\"menu-item menu-item-type-post_type menu-item-object-page menu-item-has-children menu-item-5574\"><a href=\"https:\/\/fcfrp.usp.br\/en\/pesquisa-extensao\/pesquisa\/programas\/\">Programs<\/a>\n\t\t<ul class=\"sub-menu\">\n\t\t\t<li id=\"menu-item-5863\" class=\"menu-item menu-item-type-post_type menu-item-object-page menu-item-5863\"><a href=\"https:\/\/fcfrp.usp.br\/en\/pesquisa-extensao\/pesquisa\/programas\/preiniciacao\/\">Scientific Pre-Initiation<\/a><\/li>\n\t\t\t<li id=\"menu-item-5853\" class=\"menu-item menu-item-type-post_type menu-item-object-page menu-item-5853\"><a href=\"https:\/\/fcfrp.usp.br\/en\/pesquisa-extensao\/pesquisa\/programas\/iniciacao\/\">Scientific Research<\/a><\/li>\n\t\t\t<li id=\"menu-item-5862\" class=\"menu-item menu-item-type-post_type menu-item-object-page menu-item-5862\"><a href=\"https:\/\/fcfrp.usp.br\/en\/pesquisa-extensao\/pesquisa\/programas\/posdoutorado\/\">Post Doctoral<\/a><\/li>\n\t\t\t<li id=\"menu-item-5889\" class=\"menu-item menu-item-type-post_type menu-item-object-page menu-item-5889\"><a href=\"https:\/\/fcfrp.usp.br\/en\/pesquisa-extensao\/pesquisa\/programas\/pesquisador\/\">Collaborating Researcher<\/a><\/li>\n\t\t<\/ul>\n<\/li>\n\t\t<li id=\"menu-item-5580\" class=\"menu-item menu-item-type-post_type menu-item-object-page menu-item-5580\"><a href=\"https:\/\/fcfrp.usp.br\/en\/pesquisa-extensao\/pesquisa\/oportunidades\/\">Opportunities<\/a><\/li>\n\t\t<li id=\"menu-item-7063\" class=\"menu-item menu-item-type-post_type menu-item-object-page menu-item-7063\"><a href=\"https:\/\/fcfrp.usp.br\/en\/pesquisa-extensao\/pesquisa\/siicusp\/\">SIICUSP<\/a><\/li>\n\t\t<li id=\"menu-item-12022\" class=\"menu-item menu-item-type-post_type menu-item-object-page menu-item-12022\"><a href=\"https:\/\/fcfrp.usp.br\/en\/pesquisa-extensao\/patrimonio-genetico\/\">Patrim\u00f4nio Gen\u00e9tico \u2013 CTA<\/a><\/li>\n\t<\/ul>\n<\/li>\n\t<li id=\"menu-item-790\" class=\"menu-item menu-item-type-post_type menu-item-object-page menu-item-790\"><a href=\"https:\/\/fcfrp.usp.br\/en\/pesquisa-extensao\/extensao\/\">Culture and Extension<\/a><\/li>\n<\/ul>\n<\/li>\n<\/ul><\/div><\/div><\/div><\/div><\/div>","protected":false},"excerpt":{"rendered":"<p>&#8211; Pr\u00e9-Inicia\u00e7\u00e3o Cient\u00edfica &#8211; Inicia\u00e7\u00e3o Cient\u00edfica &#8211; P\u00f3s-Doutorado &#8211; Pesquisador Colaborador<\/p>\n","protected":false},"author":978,"featured_media":0,"parent":456,"menu_order":3,"comment_status":"closed","ping_status":"closed","template":"template-fullwidth.php","meta":{"footnotes":"","_links_to":"","_links_to_target":""},"class_list":["post-5571","page","type-page","status-publish","hentry"],"_links":{"self":[{"href":"https:\/\/fcfrp.usp.br\/en\/wp-json\/wp\/v2\/pages\/5571","targetHints":{"allow":["GET"]}}],"collection":[{"href":"https:\/\/fcfrp.usp.br\/en\/wp-json\/wp\/v2\/pages"}],"about":[{"href":"https:\/\/fcfrp.usp.br\/en\/wp-json\/wp\/v2\/types\/page"}],"author":[{"embeddable":true,"href":"https:\/\/fcfrp.usp.br\/en\/wp-json\/wp\/v2\/users\/978"}],"replies":[{"embeddable":true,"href":"https:\/\/fcfrp.usp.br\/en\/wp-json\/wp\/v2\/comments?post=5571"}],"version-history":[{"count":4,"href":"https:\/\/fcfrp.usp.br\/en\/wp-json\/wp\/v2\/pages\/5571\/revisions"}],"predecessor-version":[{"id":6204,"href":"https:\/\/fcfrp.usp.br\/en\/wp-json\/wp\/v2\/pages\/5571\/revisions\/6204"}],"up":[{"embeddable":true,"href":"https:\/\/fcfrp.usp.br\/en\/wp-json\/wp\/v2\/pages\/456"}],"wp:attachment":[{"href":"https:\/\/fcfrp.usp.br\/en\/wp-json\/wp\/v2\/media?parent=5571"}],"curies":[{"name":"wp","href":"https:\/\/api.w.org\/{rel}","templated":true}]}}