{"id":558,"date":"2020-04-11T15:28:12","date_gmt":"2020-04-11T17:28:12","guid":{"rendered":"https:\/\/sites.usp.br\/fcfrp\/?page_id=558"},"modified":"2026-02-19T15:16:47","modified_gmt":"2026-02-19T17:16:47","slug":"departamentos","status":"publish","type":"page","link":"https:\/\/fcfrp.usp.br\/en\/institucional\/departamentos\/","title":{"rendered":"Departments"},"content":{"rendered":"<div id=\"pl-558\"  class=\"panel-layout\" ><div id=\"pg-558-0\"  class=\"panel-grid panel-no-style\" ><div id=\"pgc-558-0-0\"  class=\"panel-grid-cell\" ><div id=\"panel-558-0-0-0\" class=\"so-panel widget widget_text panel-first-child panel-last-child\" data-index=\"0\" >\t\t\t<div class=\"textwidget\"><div style=\"text-align: justify;\">A Faculdade de Ci\u00eancias Farmac\u00eauticas de Ribeir\u00e3o Preto \u00e9 composta por tr\u00eas Departamentos:<\/div>\n<p>&nbsp;<\/p>\n<div style=\"text-align: justify; margin-bottom: 15px;\"><a href=\"https:\/\/fcfrp.usp.br\/institucional\/departamentos\/dactb\/\">&#8211; Departamento de An\u00e1lises Cl\u00ednicas, Toxicol\u00f3gicas e Bromatol\u00f3gicas (DACTB)<\/a><\/div>\n<div style=\"text-align: justify; margin-bottom: 15px;\"><a href=\"https:\/\/sites.usp.br\/dcbm\/\">&#8211; Departamento de Ci\u00eancias BioMoleculares (DCBm)<\/a><\/div>\n<div style=\"text-align: justify; margin-bottom: 15px;\"><a href=\"https:\/\/fcfrp.usp.br\/institucional\/departamentos\/dcf\/\">&#8211; Departamento de Ci\u00eancias Farmac\u00eauticas (DCF)<\/a><\/div>\n<\/div>\n\t\t<\/div><\/div><div id=\"pgc-558-0-1\"  class=\"panel-grid-cell\" ><div id=\"panel-558-0-1-0\" class=\"so-panel widget widget_nav_menu panel-first-child panel-last-child\" data-index=\"1\" ><div class=\"menu-menu-instidepart-container\"><ul id=\"menu-menu-instidepart\" class=\"menu\"><li id=\"menu-item-1181\" class=\"menu-item menu-item-type-post_type menu-item-object-page menu-item-has-children menu-item-1181\"><a href=\"https:\/\/fcfrp.usp.br\/en\/institucional\/\">Institutional<\/a>\n<ul class=\"sub-menu\">\n\t<li id=\"menu-item-1183\" class=\"menu-item menu-item-type-post_type menu-item-object-page menu-item-1183\"><a href=\"https:\/\/fcfrp.usp.br\/en\/institucional\/diretoria\/\">Direction<\/a><\/li>\n\t<li id=\"menu-item-1184\" class=\"menu-item menu-item-type-post_type menu-item-object-page menu-item-has-children menu-item-1184\"><a href=\"https:\/\/fcfrp.usp.br\/en\/institucional\/departamentos\/\">Departments<\/a>\n\t<ul class=\"sub-menu\">\n\t\t<li id=\"menu-item-1185\" class=\"menu-item menu-item-type-post_type menu-item-object-page menu-item-1185\"><a href=\"https:\/\/fcfrp.usp.br\/en\/institucional\/departamentos\/dactb\/\">DACTB<\/a><\/li>\n\t\t<li id=\"menu-item-15202\" class=\"menu-item menu-item-type-custom menu-item-object-custom menu-item-15202\"><a href=\"https:\/\/sites.usp.br\/dcbm\/\">DCBm<\/a><\/li>\n\t\t<li id=\"menu-item-1193\" class=\"menu-item menu-item-type-post_type menu-item-object-page menu-item-1193\"><a href=\"https:\/\/fcfrp.usp.br\/en\/institucional\/departamentos\/dcf\/\">DCF<\/a><\/li>\n\t<\/ul>\n<\/li>\n\t<li id=\"menu-item-1197\" class=\"menu-item menu-item-type-post_type menu-item-object-page menu-item-1197\"><a href=\"https:\/\/fcfrp.usp.br\/en\/institucional\/administracao\/\">Administrative Sections<\/a><\/li>\n\t<li id=\"menu-item-10508\" class=\"menu-item menu-item-type-post_type menu-item-object-page menu-item-10508\"><a href=\"https:\/\/fcfrp.usp.br\/en\/institucional\/cap\/\">Project Support Center<\/a><\/li>\n\t<li id=\"menu-item-1198\" class=\"menu-item menu-item-type-post_type menu-item-object-page menu-item-1198\"><a href=\"https:\/\/fcfrp.usp.br\/en\/institucional\/servicos\/\">Services<\/a><\/li>\n\t<li id=\"menu-item-2704\" class=\"menu-item menu-item-type-post_type menu-item-object-page menu-item-2704\"><a href=\"https:\/\/fcfrp.usp.br\/en\/institucional\/comissoes\/\">Commissions<\/a><\/li>\n\t<li id=\"menu-item-1199\" class=\"menu-item menu-item-type-post_type menu-item-object-page menu-item-1199\"><a href=\"https:\/\/fcfrp.usp.br\/en\/institucional\/concursos\/\">Public Tenders<\/a><\/li>\n\t<li id=\"menu-item-6211\" class=\"menu-item menu-item-type-custom menu-item-object-custom menu-item-6211\"><a href=\"https:\/\/fcfrp.usp.br\/en\/institucional\/administracao\/assistencia-tecnica-financeira\/prov-materiais\/\">Bidding<\/a><\/li>\n\t<li id=\"menu-item-1182\" class=\"menu-item menu-item-type-post_type menu-item-object-page current_page_parent menu-item-1182\"><a href=\"https:\/\/fcfrp.usp.br\/en\/institucional\/eventos-noticias\/\">Events \/ News<\/a><\/li>\n\t<li id=\"menu-item-1200\" class=\"menu-item menu-item-type-post_type menu-item-object-page menu-item-1200\"><a target=\"_blank\" href=\"https:\/\/fcfrp.usp.br\/wp-content\/uploads\/sites\/528\/2025\/03\/Lista-de-ramais-marco-2025.pdf\">Public Servants<\/a><\/li>\n\t<li id=\"menu-item-7211\" class=\"menu-item menu-item-type-post_type menu-item-object-page menu-item-7211\"><a href=\"https:\/\/fcfrp.usp.br\/en\/institucional\/identidade-visual\/\">Visual Identity<\/a><\/li>\n<\/ul>\n<\/li>\n<\/ul><\/div><\/div><\/div><\/div><\/div>","protected":false},"excerpt":{"rendered":"<p>A Faculdade de Ci\u00eancias Farmac\u00eauticas de Ribeir\u00e3o Preto \u00e9 composta por tr\u00eas Departamentos: &nbsp; &#8211; Departamento de An\u00e1lises Cl\u00ednicas, Toxicol\u00f3gicas e Bromatol\u00f3gicas (DACTB) &#8211; Departamento de Ci\u00eancias BioMoleculares (DCBm) &#8211; Departamento de Ci\u00eancias Farmac\u00eauticas (DCF)<\/p>\n","protected":false},"author":978,"featured_media":0,"parent":312,"menu_order":1,"comment_status":"closed","ping_status":"closed","template":"template-fullwidth.php","meta":{"footnotes":"","_links_to":"","_links_to_target":""},"class_list":["post-558","page","type-page","status-publish","hentry"],"_links":{"self":[{"href":"https:\/\/fcfrp.usp.br\/en\/wp-json\/wp\/v2\/pages\/558","targetHints":{"allow":["GET"]}}],"collection":[{"href":"https:\/\/fcfrp.usp.br\/en\/wp-json\/wp\/v2\/pages"}],"about":[{"href":"https:\/\/fcfrp.usp.br\/en\/wp-json\/wp\/v2\/types\/page"}],"author":[{"embeddable":true,"href":"https:\/\/fcfrp.usp.br\/en\/wp-json\/wp\/v2\/users\/978"}],"replies":[{"embeddable":true,"href":"https:\/\/fcfrp.usp.br\/en\/wp-json\/wp\/v2\/comments?post=558"}],"version-history":[{"count":4,"href":"https:\/\/fcfrp.usp.br\/en\/wp-json\/wp\/v2\/pages\/558\/revisions"}],"predecessor-version":[{"id":16190,"href":"https:\/\/fcfrp.usp.br\/en\/wp-json\/wp\/v2\/pages\/558\/revisions\/16190"}],"up":[{"embeddable":true,"href":"https:\/\/fcfrp.usp.br\/en\/wp-json\/wp\/v2\/pages\/312"}],"wp:attachment":[{"href":"https:\/\/fcfrp.usp.br\/en\/wp-json\/wp\/v2\/media?parent=558"}],"curies":[{"name":"wp","href":"https:\/\/api.w.org\/{rel}","templated":true}]}}