{"id":5701,"date":"2020-06-23T20:04:23","date_gmt":"2020-06-23T22:04:23","guid":{"rendered":"https:\/\/sites.usp.br\/fcfrp\/?page_id=5701"},"modified":"2020-06-29T11:10:18","modified_gmt":"2020-06-29T13:10:18","slug":"equipe-servico-farmaceutico","status":"publish","type":"page","link":"https:\/\/fcfrp.usp.br\/en\/institucional\/servicos\/servico-farmaceutico\/equipe-servico-farmaceutico\/","title":{"rendered":"Pharmaceutical Service Team"},"content":{"rendered":"<div id=\"pl-5701\"  class=\"panel-layout\" ><div id=\"pg-5701-0\"  class=\"panel-grid panel-no-style\" ><div id=\"pgc-5701-0-0\"  class=\"panel-grid-cell\" ><div id=\"panel-5701-0-0-0\" class=\"so-panel widget widget_text panel-first-child panel-last-child\" data-index=\"0\" >\t\t\t<div class=\"textwidget\"><h4><strong>Farmac\u00eautica<\/strong><\/h4>\n<h3>Eliana Redigolo<a href=\"https:\/\/sites.usp.br\/fcfrp\/wp-content\/uploads\/sites\/528\/2020\/06\/eliana.jpg\"><img loading=\"lazy\" decoding=\"async\" class=\"wp-image-5719 size-full alignright\" src=\"https:\/\/sites.usp.br\/fcfrp\/wp-content\/uploads\/sites\/528\/2020\/06\/eliana.jpg\" alt=\"\" width=\"100\" height=\"128\" \/><\/a><\/h3>\n<p>Email: redigolo@fcfrp.usp.br<br \/>\nTel: (16) 3919-1919<\/p>\n<p>&nbsp;<\/p>\n<h4><strong>Farmac\u00eautico<\/strong><\/h4>\n<h3>Fernando Santa Cec\u00edlia Artuzo<a href=\"https:\/\/sites.usp.br\/fcfrp\/wp-content\/uploads\/sites\/528\/2020\/04\/anonimo.jpg\"><img loading=\"lazy\" decoding=\"async\" class=\"wp-image-1898 size-full alignright\" src=\"https:\/\/sites.usp.br\/fcfrp\/wp-content\/uploads\/sites\/528\/2020\/04\/anonimo.jpg\" alt=\"\" width=\"100\" height=\"128\" \/><\/a><\/h3>\n<p>Email: fartuzo@fcfrp.usp.br<br \/>\nTel: (16) 3315-0480<\/p>\n<p>&nbsp;<\/p>\n<h4><strong>Farmac\u00eautico<\/strong><\/h4>\n<h3>Jo\u00e3o Paulo Vilela Rodrigues<a href=\"https:\/\/sites.usp.br\/fcfrp\/wp-content\/uploads\/sites\/528\/2020\/04\/anonimo.jpg\"><img loading=\"lazy\" decoding=\"async\" class=\"wp-image-1898 size-full alignright\" src=\"https:\/\/sites.usp.br\/fcfrp\/wp-content\/uploads\/sites\/528\/2020\/04\/anonimo.jpg\" alt=\"\" width=\"100\" height=\"128\" \/><\/a><\/h3>\n<p>Email: jpvilela@fcfrp.usp.br<br \/>\nTel: (16) 3315-0254<\/p>\n<\/div>\n\t\t<\/div><\/div><div id=\"pgc-5701-0-1\"  class=\"panel-grid-cell\" ><div id=\"panel-5701-0-1-0\" class=\"so-panel widget widget_nav_menu panel-first-child panel-last-child\" data-index=\"1\" ><div class=\"menu-menu-instservi-container\"><ul id=\"menu-menu-instservi\" class=\"menu\"><li id=\"menu-item-1303\" class=\"menu-item menu-item-type-post_type menu-item-object-page menu-item-has-children menu-item-1303\"><a href=\"https:\/\/fcfrp.usp.br\/en\/institucional\/\">Institutional<\/a>\n<ul class=\"sub-menu\">\n\t<li id=\"menu-item-1305\" class=\"menu-item menu-item-type-post_type menu-item-object-page menu-item-1305\"><a href=\"https:\/\/fcfrp.usp.br\/en\/institucional\/diretoria\/\">Direction<\/a><\/li>\n\t<li id=\"menu-item-1306\" class=\"menu-item menu-item-type-post_type menu-item-object-page menu-item-1306\"><a href=\"https:\/\/fcfrp.usp.br\/en\/institucional\/departamentos\/\">Departments<\/a><\/li>\n\t<li id=\"menu-item-1307\" class=\"menu-item menu-item-type-post_type menu-item-object-page menu-item-1307\"><a href=\"https:\/\/fcfrp.usp.br\/en\/institucional\/administracao\/\">Administrative Sections<\/a><\/li>\n\t<li id=\"menu-item-10520\" class=\"menu-item menu-item-type-post_type menu-item-object-page menu-item-10520\"><a href=\"https:\/\/fcfrp.usp.br\/en\/institucional\/cap\/\">Project Support Center<\/a><\/li>\n\t<li id=\"menu-item-1311\" class=\"menu-item menu-item-type-post_type menu-item-object-page menu-item-has-children menu-item-1311\"><a href=\"https:\/\/fcfrp.usp.br\/en\/institucional\/servicos\/\">Services<\/a>\n\t<ul class=\"sub-menu\">\n\t\t<li id=\"menu-item-1353\" class=\"menu-item menu-item-type-post_type menu-item-object-page menu-item-has-children menu-item-1353\"><a href=\"https:\/\/fcfrp.usp.br\/en\/institucional\/servicos\/analises-clinicas\/\">Clinical Analysis Service<\/a>\n\t\t<ul class=\"sub-menu\">\n\t\t\t<li id=\"menu-item-2264\" class=\"menu-item menu-item-type-post_type menu-item-object-page menu-item-2264\"><a target=\"_blank\" href=\"https:\/\/fcfrp-usp.laborlis.net\/\">Exam Results<\/a><\/li>\n\t\t\t<li id=\"menu-item-2215\" class=\"menu-item menu-item-type-post_type menu-item-object-page menu-item-2215\"><a href=\"https:\/\/fcfrp.usp.br\/en\/institucional\/servicos\/analises-clinicas\/equipe-sac\/\">SAC Team<\/a><\/li>\n\t\t\t<li id=\"menu-item-2214\" class=\"menu-item menu-item-type-post_type menu-item-object-page menu-item-2214\"><a href=\"https:\/\/fcfrp.usp.br\/en\/institucional\/servicos\/analises-clinicas\/exames-sac\/\">Exams and Preparation<\/a><\/li>\n\t\t<\/ul>\n<\/li>\n\t\t<li id=\"menu-item-1352\" class=\"menu-item menu-item-type-post_type menu-item-object-page menu-item-1352\"><a href=\"https:\/\/fcfrp.usp.br\/en\/institucional\/servicos\/analises-toxicologicas\/\">Toxicological Analysis Service<\/a><\/li>\n\t\t<li id=\"menu-item-1351\" class=\"menu-item menu-item-type-post_type menu-item-object-page menu-item-has-children menu-item-1351\"><a href=\"https:\/\/fcfrp.usp.br\/en\/institucional\/servicos\/servico-farmaceutico\/\">Pharmaceutical Service<\/a>\n\t\t<ul class=\"sub-menu\">\n\t\t\t<li id=\"menu-item-2405\" class=\"menu-item menu-item-type-post_type menu-item-object-page menu-item-2405\"><a href=\"https:\/\/fcfrp.usp.br\/en\/institucional\/servicos\/servico-farmaceutico\/equipe-farmacia\/\">Pharmacy Team<\/a><\/li>\n\t\t\t<li id=\"menu-item-5706\" class=\"menu-item menu-item-type-post_type menu-item-object-page menu-item-5706\"><a href=\"https:\/\/fcfrp.usp.br\/en\/institucional\/servicos\/servico-farmaceutico\/equipe-servico-farmaceutico\/\">Pharmaceutical Service Team<\/a><\/li>\n\t\t\t<li id=\"menu-item-2404\" class=\"menu-item menu-item-type-post_type menu-item-object-page menu-item-2404\"><a href=\"https:\/\/fcfrp.usp.br\/en\/institucional\/servicos\/servico-farmaceutico\/servicos-farmacia\/\">Services<\/a><\/li>\n\t\t<\/ul>\n<\/li>\n\t<\/ul>\n<\/li>\n\t<li id=\"menu-item-2702\" class=\"menu-item menu-item-type-post_type menu-item-object-page menu-item-2702\"><a href=\"https:\/\/fcfrp.usp.br\/en\/institucional\/comissoes\/\">Commissions<\/a><\/li>\n\t<li id=\"menu-item-1312\" class=\"menu-item menu-item-type-post_type menu-item-object-page menu-item-1312\"><a href=\"https:\/\/fcfrp.usp.br\/en\/institucional\/concursos\/\">Public Tenders<\/a><\/li>\n\t<li id=\"menu-item-6216\" class=\"menu-item menu-item-type-custom menu-item-object-custom menu-item-6216\"><a href=\"https:\/\/fcfrp.usp.br\/en\/institucional\/administracao\/assistencia-tecnica-financeira\/prov-materiais\/\">Bidding<\/a><\/li>\n\t<li id=\"menu-item-1304\" class=\"menu-item menu-item-type-post_type menu-item-object-page current_page_parent menu-item-1304\"><a href=\"https:\/\/fcfrp.usp.br\/en\/institucional\/eventos-noticias\/\">Events \/ News<\/a><\/li>\n\t<li id=\"menu-item-1313\" class=\"menu-item menu-item-type-post_type menu-item-object-page menu-item-1313\"><a target=\"_blank\" href=\"https:\/\/fcfrp.usp.br\/wp-content\/uploads\/sites\/528\/2025\/03\/Lista-de-ramais-marco-2025.pdf\">Public Servants<\/a><\/li>\n\t<li id=\"menu-item-7212\" class=\"menu-item menu-item-type-post_type menu-item-object-page menu-item-7212\"><a href=\"https:\/\/fcfrp.usp.br\/en\/institucional\/identidade-visual\/\">Visual Identity<\/a><\/li>\n<\/ul>\n<\/li>\n<\/ul><\/div><\/div><\/div><\/div><\/div>","protected":false},"excerpt":{"rendered":"<p>Farmac\u00eautica Eliana Redigolo Email: redigolo@fcfrp.usp.br Tel: (16) 3919-1919 &nbsp; Farmac\u00eautico Fernando Santa Cec\u00edlia Artuzo Email: fartuzo@fcfrp.usp.br Tel: (16) 3315-0480 &nbsp; Farmac\u00eautico Jo\u00e3o Paulo Vilela Rodrigues Email: jpvilela@fcfrp.usp.br Tel: (16) 3315-0254<\/p>\n","protected":false},"author":978,"featured_media":0,"parent":1348,"menu_order":1,"comment_status":"closed","ping_status":"closed","template":"template-fullwidth.php","meta":{"footnotes":"","_links_to":"","_links_to_target":""},"class_list":["post-5701","page","type-page","status-publish","hentry"],"_links":{"self":[{"href":"https:\/\/fcfrp.usp.br\/en\/wp-json\/wp\/v2\/pages\/5701","targetHints":{"allow":["GET"]}}],"collection":[{"href":"https:\/\/fcfrp.usp.br\/en\/wp-json\/wp\/v2\/pages"}],"about":[{"href":"https:\/\/fcfrp.usp.br\/en\/wp-json\/wp\/v2\/types\/page"}],"author":[{"embeddable":true,"href":"https:\/\/fcfrp.usp.br\/en\/wp-json\/wp\/v2\/users\/978"}],"replies":[{"embeddable":true,"href":"https:\/\/fcfrp.usp.br\/en\/wp-json\/wp\/v2\/comments?post=5701"}],"version-history":[{"count":4,"href":"https:\/\/fcfrp.usp.br\/en\/wp-json\/wp\/v2\/pages\/5701\/revisions"}],"predecessor-version":[{"id":5721,"href":"https:\/\/fcfrp.usp.br\/en\/wp-json\/wp\/v2\/pages\/5701\/revisions\/5721"}],"up":[{"embeddable":true,"href":"https:\/\/fcfrp.usp.br\/en\/wp-json\/wp\/v2\/pages\/1348"}],"wp:attachment":[{"href":"https:\/\/fcfrp.usp.br\/en\/wp-json\/wp\/v2\/media?parent=5701"}],"curies":[{"name":"wp","href":"https:\/\/api.w.org\/{rel}","templated":true}]}}