{"id":629,"date":"2020-04-11T16:33:29","date_gmt":"2020-04-11T18:33:29","guid":{"rendered":"https:\/\/sites.usp.br\/fcfrp\/?page_id=629"},"modified":"2023-02-01T10:36:56","modified_gmt":"2023-02-01T12:36:56","slug":"midias-sociais","status":"publish","type":"page","link":"https:\/\/fcfrp.usp.br\/en\/fale-conosco\/midias-sociais\/","title":{"rendered":"Social Midias"},"content":{"rendered":"<div id=\"pl-629\"  class=\"panel-layout\" ><div id=\"pg-629-0\"  class=\"panel-grid panel-no-style\" ><div id=\"pgc-629-0-0\"  class=\"panel-grid-cell\" ><div id=\"panel-629-0-0-0\" class=\"so-panel widget widget_sow-social-media-buttons panel-first-child\" data-index=\"0\" ><div\n\t\t\t\n\t\t\tclass=\"so-widget-sow-social-media-buttons so-widget-sow-social-media-buttons-atom-a7d434836ec9-629\"\n\t\t\t\n\t\t>\n\n<div class=\"social-media-button-container\">\n\t\n\t\t<a \n\t\tclass=\"ow-button-hover sow-social-media-button-facebook-0 sow-social-media-button\" title=\"Facebook\" aria-label=\"Facebook\" target=\"_blank\" rel=\"noopener noreferrer\" href=\"https:\/\/www.facebook.com\/fcfrp.usp\/\" \t\t>\n\t\t\t<span>\n\t\t\t\t\t\t\t\t<span class=\"sow-icon-fontawesome sow-fab\" data-sow-icon=\"&#xf39e;\"\n\t\t \n\t\taria-hidden=\"true\"><\/span>\t\t\t\t\t\t\t<\/span>\n\t\t<\/a>\n\t\n\t\t<a \n\t\tclass=\"ow-button-hover sow-social-media-button-instagram-0 sow-social-media-button\" title=\"Instagram\" aria-label=\"Instagram\" target=\"_blank\" rel=\"noopener noreferrer\" href=\"https:\/\/www.instagram.com\/fcfrp.usp\/\" \t\t>\n\t\t\t<span>\n\t\t\t\t\t\t\t\t<span class=\"sow-icon-fontawesome sow-fab\" data-sow-icon=\"&#xf16d;\"\n\t\t \n\t\taria-hidden=\"true\"><\/span>\t\t\t\t\t\t\t<\/span>\n\t\t<\/a>\n\t\n\t\t<a \n\t\tclass=\"ow-button-hover sow-social-media-button-x-twitter-0 sow-social-media-button\" title=\"FCFRP on X Twitter\" aria-label=\"FCFRP on X Twitter\" target=\"_blank\" rel=\"noopener noreferrer\" href=\"https:\/\/twitter.com\/fcfrp_usp\" \t\t>\n\t\t\t<span>\n\t\t\t\t\t\t\t\t<span class=\"sow-icon-fontawesome sow-fab\" data-sow-icon=\"&#xe61b;\"\n\t\t \n\t\taria-hidden=\"true\"><\/span>\t\t\t\t\t\t\t<\/span>\n\t\t<\/a>\n\t\n\t\t<a \n\t\tclass=\"ow-button-hover sow-social-media-button-youtube-0 sow-social-media-button\" title=\"FCFRP on Youtube\" aria-label=\"FCFRP on Youtube\" target=\"_blank\" rel=\"noopener noreferrer\" href=\"https:\/\/www.youtube.com\/channel\/UCjGXfyto1UFS1htTS9f99Vw\/\" \t\t>\n\t\t\t<span>\n\t\t\t\t\t\t\t\t<span class=\"sow-icon-fontawesome sow-fab\" data-sow-icon=\"&#xf167;\"\n\t\t \n\t\taria-hidden=\"true\"><\/span>\t\t\t\t\t\t\t<\/span>\n\t\t<\/a>\n\t\n\t\t<a \n\t\tclass=\"ow-button-hover sow-social-media-button-linkedin-0 sow-social-media-button\" title=\"FCFRP on Linkedin\" aria-label=\"FCFRP on Linkedin\" target=\"_blank\" rel=\"noopener noreferrer\" href=\"https:\/\/www.linkedin.com\/company\/faculdade-de-ci-ncias-farmac-uticas-de-ribeir-o-preto---usp\" \t\t>\n\t\t\t<span>\n\t\t\t\t\t\t\t\t<span class=\"sow-icon-fontawesome sow-fab\" data-sow-icon=\"&#xf0e1;\"\n\t\t \n\t\taria-hidden=\"true\"><\/span>\t\t\t\t\t\t\t<\/span>\n\t\t<\/a>\n\t<\/div>\n<\/div><\/div><div id=\"panel-629-0-0-1\" class=\"so-panel widget widget_text panel-last-child\" data-index=\"1\" >\t\t\t<div class=\"textwidget\"><h4><strong>Presidente<\/strong><\/h4>\n<p><strong>Profa. Dra. Carolina Patr\u00edcia Aires Garbellini<\/strong><br \/>\nEmail: airescp@fcfrp.usp.br<\/p>\n<h4><strong>Membros<\/strong><\/h4>\n<p>Prof. Dr. Fl\u00e1vio da Silva Emery<br \/>\nProfa. Dra. Kelen Cristina Ribeiro Malmegrim de Farias<br \/>\nProfa. Dra. Fabiani Gai Frantz<br \/>\nProfa. Dra. Sandra Yasuyo Fukada Alves<br \/>\nProfa. Dra. Rose Mary Zumstein Georgetto Naal<br \/>\nFuncion\u00e1ria Karina Marchetti Stefani<br \/>\nFuncion\u00e1rio David Fernando de Almeida Vieira<br \/>\nFuncion\u00e1ria Fernanda Del Campos de Matos<br \/>\nGraduanda Laura Qualhareli Silva<br \/>\nGraduando Jo\u00e3o Victor Alberghini dos Santos<br \/>\nGraduanda La\u00eds Helena Correia de Oliveira<br \/>\nGraduanda Isabela Pimenta Domingos<br \/>\nGraduanda Aline Mauch dos Santos<br \/>\nGraduanda Mariana Bernardelli<br \/>\nGraduanda Nat\u00e1lia Brancaleoni Roxo<br \/>\nGraduanda Bianca Tonsic Carmona<br \/>\nGraduanda Amanda Prata<br \/>\nGraduanda Karine Arag\u00e3o<br \/>\nGraduanda Josilene Alves<br \/>\nP\u00f3s-Graduanda J\u00e9ssica Bem<br \/>\nP\u00f3s-Graduanda Let\u00edcia Borges<br \/>\nP\u00f3s-Graduando Vinicius Detoni Lopes<br \/>\nEgresso Wasim Syed<\/p>\n<\/div>\n\t\t<\/div><\/div><div id=\"pgc-629-0-1\"  class=\"panel-grid-cell\" ><div id=\"panel-629-0-1-0\" class=\"so-panel widget widget_nav_menu panel-first-child panel-last-child\" data-index=\"2\" ><div class=\"menu-menu-fale-conosco-container\"><ul id=\"menu-menu-fale-conosco\" class=\"menu\"><li id=\"menu-item-625\" class=\"menu-item menu-item-type-post_type menu-item-object-page menu-item-has-children menu-item-625\"><a href=\"https:\/\/fcfrp.usp.br\/en\/fale-conosco\/\">Talk with us<\/a>\n<ul class=\"sub-menu\">\n\t<li id=\"menu-item-626\" class=\"menu-item menu-item-type-post_type menu-item-object-page menu-item-626\"><a href=\"https:\/\/fcfrp.usp.br\/en\/fale-conosco\/contato\/\">Contact<\/a><\/li>\n\t<li id=\"menu-item-638\" class=\"menu-item menu-item-type-post_type menu-item-object-page menu-item-638\"><a href=\"https:\/\/fcfrp.usp.br\/en\/fale-conosco\/ouvidoria\/\">Social Midias<\/a><\/li>\n\t<li id=\"menu-item-639\" class=\"menu-item menu-item-type-post_type menu-item-object-page menu-item-639\"><a href=\"https:\/\/fcfrp.usp.br\/en\/fale-conosco\/midias-sociais\/\">Ombudsman<\/a><\/li>\n\t<li id=\"menu-item-14719\" class=\"menu-item menu-item-type-custom menu-item-object-custom menu-item-14719\"><a href=\"https:\/\/fcfrp.usp.br\/en\/institucional\/servidores\/\">Servers<\/a><\/li>\n<\/ul>\n<\/li>\n<\/ul><\/div><\/div><\/div><\/div><\/div>","protected":false},"excerpt":{"rendered":"<p>Presidente Profa. Dra. Carolina Patr\u00edcia Aires Garbellini Email: airescp@fcfrp.usp.br Membros Prof. Dr. Fl\u00e1vio da Silva Emery Profa. Dra. Kelen Cristina Ribeiro Malmegrim de Farias Profa. Dra. Fabiani Gai Frantz Profa. Dra. Sandra Yasuyo Fukada Alves Profa. Dra. Rose Mary Zumstein Georgetto Naal Funcion\u00e1ria Karina Marchetti Stefani Funcion\u00e1rio David Fernando de Almeida Vieira Funcion\u00e1ria Fernanda Del<a href=\"https:\/\/fcfrp.usp.br\/en\/fale-conosco\/midias-sociais\/\">[&#8230;]<\/a><\/p>\n","protected":false},"author":978,"featured_media":0,"parent":327,"menu_order":1,"comment_status":"closed","ping_status":"closed","template":"template-fullwidth.php","meta":{"footnotes":"","_links_to":"","_links_to_target":""},"class_list":["post-629","page","type-page","status-publish","hentry"],"_links":{"self":[{"href":"https:\/\/fcfrp.usp.br\/en\/wp-json\/wp\/v2\/pages\/629","targetHints":{"allow":["GET"]}}],"collection":[{"href":"https:\/\/fcfrp.usp.br\/en\/wp-json\/wp\/v2\/pages"}],"about":[{"href":"https:\/\/fcfrp.usp.br\/en\/wp-json\/wp\/v2\/types\/page"}],"author":[{"embeddable":true,"href":"https:\/\/fcfrp.usp.br\/en\/wp-json\/wp\/v2\/users\/978"}],"replies":[{"embeddable":true,"href":"https:\/\/fcfrp.usp.br\/en\/wp-json\/wp\/v2\/comments?post=629"}],"version-history":[{"count":4,"href":"https:\/\/fcfrp.usp.br\/en\/wp-json\/wp\/v2\/pages\/629\/revisions"}],"predecessor-version":[{"id":11791,"href":"https:\/\/fcfrp.usp.br\/en\/wp-json\/wp\/v2\/pages\/629\/revisions\/11791"}],"up":[{"embeddable":true,"href":"https:\/\/fcfrp.usp.br\/en\/wp-json\/wp\/v2\/pages\/327"}],"wp:attachment":[{"href":"https:\/\/fcfrp.usp.br\/en\/wp-json\/wp\/v2\/media?parent=629"}],"curies":[{"name":"wp","href":"https:\/\/api.w.org\/{rel}","templated":true}]}}