{"id":635,"date":"2020-04-11T16:35:24","date_gmt":"2020-04-11T18:35:24","guid":{"rendered":"https:\/\/sites.usp.br\/fcfrp\/?page_id=635"},"modified":"2026-03-27T18:36:41","modified_gmt":"2026-03-27T20:36:41","slug":"ouvidoria","status":"publish","type":"page","link":"https:\/\/fcfrp.usp.br\/en\/fale-conosco\/ouvidoria\/","title":{"rendered":"Ombudsman"},"content":{"rendered":"<div id=\"pl-635\"  class=\"panel-layout\" ><div id=\"pg-635-0\"  class=\"panel-grid panel-no-style\" ><div id=\"pgc-635-0-0\"  class=\"panel-grid-cell\" ><div id=\"panel-635-0-0-0\" class=\"so-panel widget widget_text panel-first-child panel-last-child\" data-index=\"0\" >\t\t\t<div class=\"textwidget\"><div style=\"text-align: justify; text-indent: 30pt;\">A Ouvidoria da Faculdade de Ci\u00eancias Farmac\u00eauticas de Ribeir\u00e3o Preto \u00e9 um servi\u00e7o de atendimento \u00e0 comunidade interna e externa com atribui\u00e7\u00f5es de ouvir, encaminhar e acompanhar d\u00favidas, cr\u00edticas e sugest\u00f5es. \u00c9 um servi\u00e7o de natureza mediadora, sem car\u00e1ter administrativo deliberativo ou executivo.<\/div>\n<p><strong>Ouvidoria\u00a0da Faculdade de Ci\u00eancias Farmac\u00eauticas de Ribeir\u00e3o Preto da USP<\/strong><\/p>\n<div style=\"text-align: justify;\">Ouvidor:\u00a0<b>Prof. Dr. Zeki Naal<\/b>\u00a0&#8211; (<a href=\"mailto:zekinaal@usp.br\" target=\"_blank\" rel=\"noopener\">zekinaal@usp.br<\/a>)<br \/>\nE-mail:\u00a0<a href=\"mailto:ouvidoria@fcfrp.usp.br\" target=\"_blank\" rel=\"noopener\">ouvidoria@fcfrp.usp.br<\/a><br \/>\nFone: (16) 3315-4245<\/div>\n<p>&nbsp;<\/p>\n<div style=\"text-align: justify;\">Ouvidora Adjunta:\u00a0<b>Profa. Dra. N\u00e1dia Monesi<\/b>\u00a0&#8211; (<a href=\"mailto:namonesi@fcfrp.usp.br\" target=\"_blank\" rel=\"noopener\">namonesi@fcfrp.usp.br<\/a>)<br \/>\nE-mail:\u00a0<a href=\"mailto:ouvidoria@fcfrp.usp.br\" target=\"_blank\" rel=\"noopener\">ouvidoria@fcfrp.usp.br<\/a><br \/>\nFone: (16) 3315-4211<\/div>\n<p><a href=\"https:\/\/docs.google.com\/forms\/d\/e\/1FAIpQLSdh_Xz6vwQuRmNnWSFOORhArvDkp00_XjBT2oarS13nlcZ87Q\/viewform\">Link<\/a> para manifesta\u00e7\u00f5es (sugest\u00f5es, cr\u00edticas, reclama\u00e7\u00f5es, den\u00fancias, etc)<\/p>\n<p>&nbsp;<\/p>\n<p><strong>Ouvidoria Geral da USP<\/strong><br \/>\nSite: <a href=\"https:\/\/www5.usp.br\/ouvidoria\/\" target=\"_blank\" rel=\"noopener\">https:\/\/www5.usp.br\/ouvidoria\/<\/a><\/p>\n<\/div>\n\t\t<\/div><\/div><div id=\"pgc-635-0-1\"  class=\"panel-grid-cell\" ><div id=\"panel-635-0-1-0\" class=\"so-panel widget widget_nav_menu panel-first-child panel-last-child\" data-index=\"1\" ><div class=\"menu-menu-fale-conosco-container\"><ul id=\"menu-menu-fale-conosco\" class=\"menu\"><li id=\"menu-item-625\" class=\"menu-item menu-item-type-post_type menu-item-object-page menu-item-has-children menu-item-625\"><a href=\"https:\/\/fcfrp.usp.br\/en\/fale-conosco\/\">Talk with us<\/a>\n<ul class=\"sub-menu\">\n\t<li id=\"menu-item-626\" class=\"menu-item menu-item-type-post_type menu-item-object-page menu-item-626\"><a href=\"https:\/\/fcfrp.usp.br\/en\/fale-conosco\/contato\/\">Contact<\/a><\/li>\n\t<li id=\"menu-item-638\" class=\"menu-item menu-item-type-post_type menu-item-object-page menu-item-638\"><a href=\"https:\/\/fcfrp.usp.br\/en\/fale-conosco\/ouvidoria\/\">Social Midias<\/a><\/li>\n\t<li id=\"menu-item-639\" class=\"menu-item menu-item-type-post_type menu-item-object-page menu-item-639\"><a href=\"https:\/\/fcfrp.usp.br\/en\/fale-conosco\/midias-sociais\/\">Ombudsman<\/a><\/li>\n\t<li id=\"menu-item-14719\" class=\"menu-item menu-item-type-custom menu-item-object-custom menu-item-14719\"><a href=\"https:\/\/fcfrp.usp.br\/en\/institucional\/servidores\/\">Servers<\/a><\/li>\n<\/ul>\n<\/li>\n<\/ul><\/div><\/div><\/div><\/div><\/div>","protected":false},"excerpt":{"rendered":"<p>A Ouvidoria da Faculdade de Ci\u00eancias Farmac\u00eauticas de Ribeir\u00e3o Preto \u00e9 um servi\u00e7o de atendimento \u00e0 comunidade interna e externa com atribui\u00e7\u00f5es de ouvir, encaminhar e acompanhar d\u00favidas, cr\u00edticas e sugest\u00f5es. \u00c9 um servi\u00e7o de natureza mediadora, sem car\u00e1ter administrativo deliberativo ou executivo. Ouvidoria\u00a0da Faculdade de Ci\u00eancias Farmac\u00eauticas de Ribeir\u00e3o Preto da USP Ouvidor:\u00a0Prof. Dr.<a href=\"https:\/\/fcfrp.usp.br\/en\/fale-conosco\/ouvidoria\/\">[&#8230;]<\/a><\/p>\n","protected":false},"author":978,"featured_media":0,"parent":327,"menu_order":2,"comment_status":"closed","ping_status":"closed","template":"template-fullwidth.php","meta":{"footnotes":"","_links_to":"","_links_to_target":""},"class_list":["post-635","page","type-page","status-publish","hentry"],"_links":{"self":[{"href":"https:\/\/fcfrp.usp.br\/en\/wp-json\/wp\/v2\/pages\/635","targetHints":{"allow":["GET"]}}],"collection":[{"href":"https:\/\/fcfrp.usp.br\/en\/wp-json\/wp\/v2\/pages"}],"about":[{"href":"https:\/\/fcfrp.usp.br\/en\/wp-json\/wp\/v2\/types\/page"}],"author":[{"embeddable":true,"href":"https:\/\/fcfrp.usp.br\/en\/wp-json\/wp\/v2\/users\/978"}],"replies":[{"embeddable":true,"href":"https:\/\/fcfrp.usp.br\/en\/wp-json\/wp\/v2\/comments?post=635"}],"version-history":[{"count":4,"href":"https:\/\/fcfrp.usp.br\/en\/wp-json\/wp\/v2\/pages\/635\/revisions"}],"predecessor-version":[{"id":16507,"href":"https:\/\/fcfrp.usp.br\/en\/wp-json\/wp\/v2\/pages\/635\/revisions\/16507"}],"up":[{"embeddable":true,"href":"https:\/\/fcfrp.usp.br\/en\/wp-json\/wp\/v2\/pages\/327"}],"wp:attachment":[{"href":"https:\/\/fcfrp.usp.br\/en\/wp-json\/wp\/v2\/media?parent=635"}],"curies":[{"name":"wp","href":"https:\/\/api.w.org\/{rel}","templated":true}]}}