{"id":12316,"date":"2023-06-16T14:24:29","date_gmt":"2023-06-16T16:24:29","guid":{"rendered":"https:\/\/fcfrp.usp.br\/?page_id=12316"},"modified":"2023-06-16T14:46:29","modified_gmt":"2023-06-16T16:46:29","slug":"cromatografo-liquido-de-ultra-eficiencia-uplc","status":"publish","type":"page","link":"https:\/\/fcfrp.usp.br\/es\/pesquisa-extensao\/pesquisa\/centrais-multiusuarios\/cromatografo-liquido-de-ultra-eficiencia-uplc\/","title":{"rendered":"(Portugu\u00eas) Cromat\u00f3grafo l\u00edquido de ultra efici\u00eancia &#8211; UPLC"},"content":{"rendered":"<div id=\"pl-12316\"  class=\"panel-layout\" ><div id=\"pg-12316-0\"  class=\"panel-grid panel-no-style\" ><div id=\"pgc-12316-0-0\"  class=\"panel-grid-cell\" ><div id=\"panel-12316-0-0-0\" class=\"so-panel widget widget_sow-editor panel-first-child panel-last-child\" data-index=\"0\" ><div\n\t\t\t\n\t\t\tclass=\"so-widget-sow-editor so-widget-sow-editor-base\"\n\t\t\t\n\t\t>\n<div class=\"siteorigin-widget-tinymce textwidget\">\n\t<p>(Portugu\u00eas) <\/p>\n<p>A Faculdade de Ci\u00eancias Farmac\u00eauticas de Ribeir\u00e3o Preto \u2013 USP possui UPLC, cedido pela FAPESP atrav\u00e9s de Projeto Multiusu\u00e1rio (EMU) Proc. n. 2017\/17456-8, vinculado ao Projeto n. 2014\/50928-2 (Tem\u00e1tico), sob coordena\u00e7\u00e3o da Profa. Dra. Maria Vit\u00f3ria Lopes Badra Bentley. Este equipamento \u00e9 utilizado para an\u00e1lise por cromatografia ultra efici\u00eancia.<\/p>\n<p>O UPLC com detector de conjunto de fotodiodos (PDA) e massas (QDa) \u00e9 um equipamento fundamental para o desenvolvimento de formula\u00e7\u00f5es nanoestruturadas e estudos de nanotoxicologia, pois possibilita a quantifica\u00e7\u00e3o de diferentes f\u00e1rmacos e biof\u00e1rmacos com alta resolu\u00e7\u00e3o e alta detectabilidade.<\/p>\n<p>Devido a sua alta resolu\u00e7\u00e3o e sensibilidade, impurezas e concentra\u00e7\u00f5es muito baixas de analitos podem ser analisas com exatid\u00e3o e precis\u00e3o no UPLC-PDA-QDa inclusive quando em matrizes complexas como em produtos finais (ex, cremes) ou em fluidos biol\u00f3gicos possibilitando a amplia\u00e7\u00e3o dos estudos in vivo de efic\u00e1cia e farmacocin\u00e9ticas das formula\u00e7\u00f5es nanoestruturadas desenvolvidas, assim como de nanotoxicologia.<\/p>\n<p><strong><a href=\"https:\/\/fcfrp.usp.br\/wp-content\/uploads\/sites\/528\/2023\/06\/Cromatografo.jpg\"><img loading=\"lazy\" decoding=\"async\" class=\"alignnone size-medium wp-image-12314\" src=\"https:\/\/fcfrp.usp.br\/wp-content\/uploads\/sites\/528\/2023\/06\/Cromatografo-300x222.jpg\" alt=\"\" width=\"300\" height=\"222\" srcset=\"https:\/\/fcfrp.usp.br\/wp-content\/uploads\/sites\/528\/2023\/06\/Cromatografo-300x222.jpg 300w, https:\/\/fcfrp.usp.br\/wp-content\/uploads\/sites\/528\/2023\/06\/Cromatografo-80x60.jpg 80w, https:\/\/fcfrp.usp.br\/wp-content\/uploads\/sites\/528\/2023\/06\/Cromatografo.jpg 353w\" sizes=\"auto, (max-width: 300px) 100vw, 300px\" \/><\/a><\/strong><\/p>\n<p><strong>Usu\u00e1rios<\/strong><\/p>\n<p>Atende preferencialmente docentes e alunos de p\u00f3s-gradua\u00e7\u00e3o da FCFRP \u2013 USP e havendo disponibilidade nos hor\u00e1rios, tamb\u00e9m de outras faculdades, institutos de pesquisa e empresas\/ind\u00fastrias de Ribeir\u00e3o Preto e regi\u00e3o.<\/p>\n<p><strong>\u00a0<\/strong><strong>Pagamento<\/strong><br \/>\nOs usu\u00e1rios contribuem com o pagamento de uma taxa por an\u00e1lise realizada, recolhida na Tesouraria da FCFRP-USP junto ao centro de despesa LIAREC, para uso espec\u00edfico com a aquisi\u00e7\u00e3o de reagentes e manuten\u00e7\u00e3o do equipamento. Os valores das an\u00e1lises s\u00e3o determinados tendo como base as despesas com reagentes, manuten\u00e7\u00e3o do equipamento, tipo e n\u00famero de amostras\/usu\u00e1rio.<\/p>\n<p>Uma vez aprovado o valor e o tempo de entrega dos resultados, o usu\u00e1rio dever\u00e1 autorizar a an\u00e1lise.<\/p>\n<p><strong>Hor\u00e1rio de Atendimento<\/strong><\/p>\n<p>De segunda \u00e0 sexta-feira, das 8:00 \u00e0s 12:00h e das 13:00 \u00e0s 17:00h.<\/p>\n<p><strong>\u00a0<\/strong><strong>Agendamento<\/strong><\/p>\n<p>Para agendamento e solicita\u00e7\u00e3o de or\u00e7amento entrar em contato com a Sra. Ta\u00eds Nader Chrysostomo Massaro, e-mail <a href=\"mailto:eduardo@fcfrp.usp.br\">tais.chrysostomo@usp.br <\/a>, telefone +55 16 3315-4238.<br \/>\nA desist\u00eancia deve ser comunicada com 24h de anteced\u00eancia.<\/p>\n<p><strong>Localiza\u00e7\u00e3o<\/strong><\/p>\n<p>O UPLC est\u00e1 localizado na sala 92, Bloco S da FCFRP no Campus USP de Ribeir\u00e3o Preto.<\/p>\n<\/div>\n<\/div><\/div><\/div><div id=\"pgc-12316-0-1\"  class=\"panel-grid-cell\" ><div id=\"panel-12316-0-1-0\" class=\"so-panel widget widget_nav_menu panel-first-child panel-last-child\" data-index=\"1\" ><div class=\"menu-menu-multi-container\"><ul id=\"menu-menu-multi\" class=\"menu\"><li id=\"menu-item-5520\" class=\"menu-item menu-item-type-post_type menu-item-object-page menu-item-has-children menu-item-5520\"><a href=\"https:\/\/fcfrp.usp.br\/es\/pesquisa-extensao\/\">PESQUISA \/ EXTENS\u00c3O<\/a>\n<ul class=\"sub-menu\">\n\t<li id=\"menu-item-3343\" class=\"menu-item menu-item-type-post_type menu-item-object-page menu-item-has-children menu-item-3343\"><a href=\"https:\/\/fcfrp.usp.br\/es\/pesquisa-extensao\/pesquisa\/\">Pesquisa<\/a>\n\t<ul class=\"sub-menu\">\n\t\t<li id=\"menu-item-5919\" class=\"menu-item menu-item-type-post_type menu-item-object-page menu-item-5919\"><a href=\"https:\/\/fcfrp.usp.br\/es\/pesquisa-extensao\/pesquisa\/normas\/\">Normas<\/a><\/li>\n\t\t<li id=\"menu-item-5563\" class=\"menu-item menu-item-type-post_type menu-item-object-page menu-item-5563\"><a href=\"https:\/\/fcfrp.usp.br\/es\/pesquisa-extensao\/pesquisa\/infraestrutura\/\">Infraestrutura<\/a><\/li>\n\t\t<li id=\"menu-item-3346\" class=\"menu-item menu-item-type-post_type menu-item-object-page menu-item-has-children menu-item-3346\"><a href=\"https:\/\/fcfrp.usp.br\/es\/pesquisa-extensao\/pesquisa\/centrais-multiusuarios\/\">Centrais Multiusu\u00e1rios<\/a>\n\t\t<ul class=\"sub-menu\">\n\t\t\t<li id=\"menu-item-13614\" class=\"menu-item menu-item-type-post_type menu-item-object-page menu-item-13614\"><a href=\"https:\/\/fcfrp.usp.br\/es\/pesquisa-extensao\/pesquisa\/centrais-multiusuarios\/cenacroesp\/\">Centro de Cromatograf\u00eda y Espectrometr\u00eda (CENACROESP)<\/a><\/li>\n\t\t\t<li id=\"menu-item-3518\" class=\"menu-item menu-item-type-post_type menu-item-object-page menu-item-3518\"><a href=\"https:\/\/fcfrp.usp.br\/es\/pesquisa-extensao\/pesquisa\/centrais-multiusuarios\/pusesin\/\">Central Multiusu\u00e1rio de Purifica\u00e7\u00e3o e Sequenciamento de Prote\u00edna e S\u00edntese de Pept\u00eddeo (PuSeSin)<\/a><\/li>\n\t\t\t<li id=\"menu-item-14599\" class=\"menu-item menu-item-type-post_type menu-item-object-page menu-item-14599\"><a href=\"https:\/\/uspmulti.prp.usp.br\/public\/centrais\/262\">Central Multiusuario en Bioqu\u00edmica Estructural y Metabolismo \u2013 Central BQ<\/a><\/li>\n\t\t\t<li id=\"menu-item-13616\" class=\"menu-item menu-item-type-post_type menu-item-object-page menu-item-13616\"><a href=\"https:\/\/fcfrp.usp.br\/es\/pesquisa-extensao\/pesquisa\/centrais-multiusuarios\/cemaesp\/\">Centro de Excelencia en Metal\u00f3mica Aplicada a Estudios de Salud de la Poblaci\u00f3n (CEMAESP)<\/a><\/li>\n\t\t\t<li id=\"menu-item-12988\" class=\"menu-item menu-item-type-post_type menu-item-object-page menu-item-12988\"><a href=\"https:\/\/fcfrp.usp.br\/es\/pesquisa-extensao\/pesquisa\/centrais-multiusuarios\/oncomot\/\">Centro de Excelencia en Oncolog\u00eda Molecular y Traslacional (OncoMoT)<\/a><\/li>\n\t\t\t<li id=\"menu-item-3404\" class=\"menu-item menu-item-type-post_type menu-item-object-page menu-item-3404\"><a href=\"https:\/\/fcfrp.usp.br\/es\/pesquisa-extensao\/pesquisa\/centrais-multiusuarios\/ceqil\/\">Centro de Excel\u00eancia em Quantifica\u00e7\u00e3o e Identifica\u00e7\u00e3o de Lip\u00eddios (CEQIL)<\/a><\/li>\n\t\t\t<li id=\"menu-item-3520\" class=\"menu-item menu-item-type-post_type menu-item-object-page menu-item-3520\"><a href=\"https:\/\/fcfrp.usp.br\/es\/pesquisa-extensao\/pesquisa\/centrais-multiusuarios\/lafai\/\">Laborat\u00f3rio de Farmacot\u00e9cnica Instrumental (LAFAI)<\/a><\/li>\n\t\t\t<li id=\"menu-item-3519\" class=\"menu-item menu-item-type-post_type menu-item-object-page menu-item-3519\"><a href=\"https:\/\/fcfrp.usp.br\/es\/pesquisa-extensao\/pesquisa\/centrais-multiusuarios\/laprofar\/\">Laborat\u00f3rio de P&#038;D em Processos Farmac\u00eauticos (LAPROFAR)<\/a><\/li>\n\t\t\t<li id=\"menu-item-3492\" class=\"menu-item menu-item-type-post_type menu-item-object-page menu-item-3492\"><a href=\"https:\/\/fcfrp.usp.br\/es\/pesquisa-extensao\/pesquisa\/centrais-multiusuarios\/astox\/\">Laborat\u00f3rio de Toxicologia Anal\u00edtica e de Sistemas (ASTox)<\/a><\/li>\n\t\t\t<li id=\"menu-item-3517\" class=\"menu-item menu-item-type-post_type menu-item-object-page menu-item-3517\"><a href=\"https:\/\/fcfrp.usp.br\/es\/pesquisa-extensao\/pesquisa\/centrais-multiusuarios\/sequenciamento\/\">Laborat\u00f3rio Multiusu\u00e1rio de Sequenciamento de \u00c1cidos Nucleicos (LMSeq)<\/a><\/li>\n\t\t\t<li id=\"menu-item-12470\" class=\"menu-item menu-item-type-post_type menu-item-object-page menu-item-12470\"><a href=\"https:\/\/fcfrp.usp.br\/es\/pesquisa-extensao\/pesquisa\/centrais-multiusuarios\/crmn300\/\">Centro de Resonancia Magn\u00e9tica Nuclear de 300MHz<\/a><\/li>\n\t\t\t<li id=\"menu-item-3860\" class=\"menu-item menu-item-type-post_type menu-item-object-page menu-item-has-children menu-item-3860\"><a href=\"https:\/\/fcfrp.usp.br\/es\/pesquisa-extensao\/pesquisa\/centrais-multiusuarios\/\">LIAREC &#8211; Laborat\u00f3rio de Imagens de Alta Resolu\u00e7\u00e3o e Estudos Celulares<\/a>\n\t\t\t<ul class=\"sub-menu\">\n\t\t\t\t<li id=\"menu-item-3543\" class=\"menu-item menu-item-type-post_type menu-item-object-page menu-item-3543\"><a href=\"https:\/\/fcfrp.usp.br\/es\/pesquisa-extensao\/pesquisa\/centrais-multiusuarios\/nanoparticulados\/\">Caracteriza\u00e7\u00e3o de Sistemas de Libera\u00e7\u00e3o Micro e Nanodispersos<\/a><\/li>\n\t\t\t\t<li id=\"menu-item-3542\" class=\"menu-item menu-item-type-post_type menu-item-object-page menu-item-3542\"><a href=\"https:\/\/fcfrp.usp.br\/es\/pesquisa-extensao\/pesquisa\/centrais-multiusuarios\/citometria\/\">Citometria de Fluxo<\/a><\/li>\n\t\t\t\t<li id=\"menu-item-3541\" class=\"menu-item menu-item-type-post_type menu-item-object-page menu-item-3541\"><a href=\"https:\/\/fcfrp.usp.br\/es\/pesquisa-extensao\/pesquisa\/centrais-multiusuarios\/eletroforese\/\">Eletroforese Capilar<\/a><\/li>\n\t\t\t\t<li id=\"menu-item-3540\" class=\"menu-item menu-item-type-post_type menu-item-object-page menu-item-3540\"><a href=\"https:\/\/fcfrp.usp.br\/es\/pesquisa-extensao\/pesquisa\/centrais-multiusuarios\/microscopia\/\">Microscopia de Fluoresc\u00eancia Confocal<\/a><\/li>\n\t\t\t\t<li id=\"menu-item-3882\" class=\"menu-item menu-item-type-post_type menu-item-object-page menu-item-3882\"><a href=\"https:\/\/fcfrp.usp.br\/es\/pesquisa-extensao\/pesquisa\/centrais-multiusuarios\/microscopia-atomica\/\">Microsc\u00f3pio de For\u00e7a At\u00f4mica<\/a><\/li>\n\t\t\t<\/ul>\n<\/li>\n\t\t<\/ul>\n<\/li>\n\t\t<li id=\"menu-item-5569\" class=\"menu-item menu-item-type-post_type menu-item-object-page menu-item-5569\"><a href=\"https:\/\/fcfrp.usp.br\/es\/pesquisa-extensao\/pesquisa\/grupos-pesquisa\/\">Grupos de Pesquisa<\/a><\/li>\n\t\t<li id=\"menu-item-5575\" class=\"menu-item menu-item-type-post_type menu-item-object-page menu-item-5575\"><a href=\"https:\/\/fcfrp.usp.br\/es\/pesquisa-extensao\/pesquisa\/programas\/\">Programas<\/a><\/li>\n\t\t<li id=\"menu-item-5579\" class=\"menu-item menu-item-type-post_type menu-item-object-page menu-item-5579\"><a href=\"https:\/\/fcfrp.usp.br\/es\/pesquisa-extensao\/pesquisa\/oportunidades\/\">Oportunidades<\/a><\/li>\n\t<\/ul>\n<\/li>\n\t<li id=\"menu-item-3344\" class=\"menu-item menu-item-type-post_type menu-item-object-page menu-item-3344\"><a href=\"https:\/\/fcfrp.usp.br\/es\/pesquisa-extensao\/extensao\/\">Cultura e Extens\u00e3o<\/a><\/li>\n\t<li id=\"menu-item-3345\" class=\"menu-item menu-item-type-post_type menu-item-object-page menu-item-3345\"><a href=\"https:\/\/fcfrp.usp.br\/es\/institucional\/comissoes\/relacoes-internacionais\/\">Rela\u00e7\u00f5es Internacionais<\/a><\/li>\n<\/ul>\n<\/li>\n<\/ul><\/div><\/div><\/div><\/div><\/div>","protected":false},"excerpt":{"rendered":"<p>(Portugu\u00eas) A Faculdade de Ci\u00eancias Farmac\u00eauticas de Ribeir\u00e3o Preto \u2013 USP possui UPLC, cedido pela FAPESP atrav\u00e9s de Projeto Multiusu\u00e1rio (EMU) Proc. n. 2017\/17456-8, vinculado ao Projeto n. 2014\/50928-2 (Tem\u00e1tico), sob coordena\u00e7\u00e3o da Profa. Dra. Maria Vit\u00f3ria Lopes Badra Bentley. Este equipamento \u00e9 utilizado para an\u00e1lise por cromatografia ultra efici\u00eancia. O UPLC com detector de<a href=\"https:\/\/fcfrp.usp.br\/es\/pesquisa-extensao\/pesquisa\/centrais-multiusuarios\/cromatografo-liquido-de-ultra-eficiencia-uplc\/\">[&#8230;]<\/a><\/p>\n","protected":false},"author":23303,"featured_media":0,"parent":796,"menu_order":12,"comment_status":"closed","ping_status":"closed","template":"template-fullwidth.php","meta":{"footnotes":"","_links_to":"","_links_to_target":""},"class_list":["post-12316","page","type-page","status-publish","hentry"],"_links":{"self":[{"href":"https:\/\/fcfrp.usp.br\/es\/wp-json\/wp\/v2\/pages\/12316","targetHints":{"allow":["GET"]}}],"collection":[{"href":"https:\/\/fcfrp.usp.br\/es\/wp-json\/wp\/v2\/pages"}],"about":[{"href":"https:\/\/fcfrp.usp.br\/es\/wp-json\/wp\/v2\/types\/page"}],"author":[{"embeddable":true,"href":"https:\/\/fcfrp.usp.br\/es\/wp-json\/wp\/v2\/users\/23303"}],"replies":[{"embeddable":true,"href":"https:\/\/fcfrp.usp.br\/es\/wp-json\/wp\/v2\/comments?post=12316"}],"version-history":[{"count":4,"href":"https:\/\/fcfrp.usp.br\/es\/wp-json\/wp\/v2\/pages\/12316\/revisions"}],"predecessor-version":[{"id":12342,"href":"https:\/\/fcfrp.usp.br\/es\/wp-json\/wp\/v2\/pages\/12316\/revisions\/12342"}],"up":[{"embeddable":true,"href":"https:\/\/fcfrp.usp.br\/es\/wp-json\/wp\/v2\/pages\/796"}],"wp:attachment":[{"href":"https:\/\/fcfrp.usp.br\/es\/wp-json\/wp\/v2\/media?parent=12316"}],"curies":[{"name":"wp","href":"https:\/\/api.w.org\/{rel}","templated":true}]}}