{"id":13032,"date":"2023-12-20T17:00:18","date_gmt":"2023-12-20T19:00:18","guid":{"rendered":"https:\/\/fcfrp.usp.br\/?page_id=13032"},"modified":"2026-02-06T16:53:56","modified_gmt":"2026-02-06T18:53:56","slug":"eventos","status":"publish","type":"page","link":"https:\/\/fcfrp.usp.br\/es\/ensino\/graduacao\/eventos\/","title":{"rendered":"Eventos"},"content":{"rendered":"<div id=\"pl-13032\"  class=\"panel-layout\" ><div id=\"pg-13032-0\"  class=\"panel-grid panel-no-style\" ><div id=\"pgc-13032-0-0\"  class=\"panel-grid-cell\" ><div id=\"panel-13032-0-0-0\" class=\"so-panel widget widget_text panel-first-child panel-last-child\" data-index=\"0\" >\t\t\t<div class=\"textwidget\"><h3>XXVIII Semana de Recep\u00e7\u00e3o aos Calouros da Faculdade de Ci\u00eancias Farmac\u00eauticas de Ribeir\u00e3o Preto &#8211; USP &#8211; 2026<i><\/i><\/h3>\n<p>A FCFRP realiza no per\u00edodo de 23 a 27\/02\/2026 a semana que d\u00e1 as boas vindas aos ingressantes de 2026 no curso de Gradua\u00e7\u00e3o em Farm\u00e1cia. Veja <a href=\"https:\/\/fcfrp.usp.br\/wp-content\/uploads\/sites\/528\/2026\/02\/Programacao-com-folder.pdf\">AQUI a programa\u00e7\u00e3o completa<\/a>.<\/p>\n<p>&nbsp;<\/p>\n<h3>4\u00ba Workshop da Gradua\u00e7\u00e3o: \u00abRELA\u00c7\u00d5ES INTERPESSOAIS DENTRO E FORA DA SALA DE AULA: Desafios e possibilidades da conviv\u00eancia na universidade\u00bb<\/h3>\n<p><a href=\"https:\/\/fcfrp.usp.br\/wp-content\/uploads\/sites\/528\/2025\/04\/Post-4o.-workshop.pdf\" target=\"_blank\" rel=\"noopener\">&#8211; Programa\u00e7\u00e3o<\/a><br \/>\n<a href=\"https:\/\/docs.google.com\/forms\/d\/e\/1FAIpQLSfdaOi-zObs01libJYG4NvO40pawMwVefNjR4a6agVN62mYMA\/viewform?usp=sf_link\" target=\"_blank\" rel=\"noopener\">&#8211; Link Inscri\u00e7\u00e3o<\/a><\/p>\n<h3>XXVII Semana de Recep\u00e7\u00e3o aos Calouros da Faculdade de Ci\u00eancias Farmac\u00eauticas de Ribeir\u00e3o Preto<\/h3>\n<div style=\"text-align: justify; text-indent: 30pt;\">A FCFRP realiza no per\u00edodo de 24 a 28\/02\/2025 a semana que d\u00e1 as boas vindas aos ingressantes de 2025 no curso de Gradua\u00e7\u00e3o em Farm\u00e1cia. Veja <a href=\"https:\/\/fcfrp.usp.br\/wp-content\/uploads\/sites\/528\/2025\/02\/Programacao-2025.pdf\" target=\"_blank\" rel=\"noopener\">AQUI a programa\u00e7\u00e3o completa<\/a>.<\/div>\n<p>&nbsp;<\/p>\n<h3>3\u00ba Workshop da Gradua\u00e7\u00e3o: TRANSFORMAR O CURR\u00cdCULO \u00c9 TRANSFORMAR A SI MESMO: aspectos curriculares e inclus\u00e3o de g\u00eanero no ensino superior<\/h3>\n<div><a href=\"https:\/\/fcfrp.usp.br\/wp-content\/uploads\/sites\/528\/2024\/11\/3o-workshop-graduacao1.pdf\" target=\"_blank\" rel=\"noopener\">&#8211; Folder<\/a><br \/>\nFa\u00e7a sua inscri\u00e7\u00e3o nesse <a href=\"https:\/\/forms.gle\/wUaVnmjVuX9wmpCS9\" target=\"_blank\" rel=\"noopener\">LINK<\/a>.<br \/>\nO evento ser\u00e1 aberto ao p\u00fablico, portanto as vagas ser\u00e3o limitadas.<\/div>\n<p>&nbsp;<\/p>\n<h3>2\u00ba Workshop da Gradua\u00e7\u00e3o: Avalia\u00e7\u00e3o da Matriz Curricular &#8211; Construindo Coletivamente o curr\u00edculo do Curso de Farm\u00e1cia da FCFRP\/USP<\/h3>\n<div style=\"text-align: justify; text-indent: 30pt;\">Este evento tem o foco relacionar os conte\u00fados ministrados na FCFRP \u00e0s Compet\u00eancias do profissional farmac\u00eautico de acordo com as Diretrizes Nacionais Curriculares atual (Res. MEC N\u00ba 6, de 19\/10\/2017). Espera-se que o debate interno abra as portas para os pr\u00f3ximos passos da avalia\u00e7\u00e3o de nossa recente matriz implementada em 2017.<br \/>\nAcesse <a href=\"https:\/\/fcfrp.usp.br\/wp-content\/uploads\/sites\/528\/2024\/08\/Folder-Programacao-Workshop.pdf\" target=\"_blank\" rel=\"noopener\">AQUI<\/a> o folder do evento.<\/div>\n<p>&nbsp;<\/p>\n<h3>1\u00ba Workshop da Gradua\u00e7\u00e3o: Integra\u00e7\u00e3o Curricular<\/h3>\n<div style=\"text-align: justify; text-indent: 30pt;\">No dia 13 de dezembro de 2023 aconteceu na FCFRP\/USP o 1\u00ba Workshop da Gradua\u00e7\u00e3o com o tema Integra\u00e7\u00e3o Curricular. Esta tem\u00e1tica foi discutida neste momento porque a FCFRP est\u00e1 iniciando um processo bastante importante de reflex\u00e3o sobre a matriz curricular implantada em 2017. O evento contou com a participa\u00e7\u00e3o da Prof\u00aa Claudia Galian da FE\/USP. No per\u00edodo da manh\u00e3 a professora Claudia fez uma exposi\u00e7\u00e3o te\u00f3rica sobre curr\u00edculo, modelos de organiza\u00e7\u00e3o curricular (disciplinas ou integrado), organiza\u00e7\u00e3o integrada do curr\u00edculo, avalia\u00e7\u00e3o de curr\u00edculos. A manh\u00e3 foi extremamente produtiva, com uma discuss\u00e3o bastante profunda sobre o tema. No per\u00edodo da tarde foi realizada uma atividade pr\u00e1tica, onde os docentes se dividiram em grupos e fizeram uma reflex\u00e3o e discuss\u00e3o, com apoio da Prof\u00aa Cl\u00e1udia, sobre a integra\u00e7\u00e3o dos conte\u00fados de seus m\u00f3dulos, o que \u00e9 essencial e o que pode ser ministrado de forma complementar, etc. Al\u00e9m disso, os presentes tiveram um momento de confraterniza\u00e7\u00e3o com um delicioso caf\u00e9. Professora Dra. Cl\u00e1udia Valentina Galian, docente da Faculdade de Educa\u00e7\u00e3o\/USP.<br \/>\n<a href=\"https:\/\/fcfrp.usp.br\/wp-content\/uploads\/sites\/528\/2023\/12\/1workgrad.pdf\" target=\"_blank\" rel=\"noopener\">&#8211; 1\u00ba Workshop da Gradua\u00e7\u00e3o: Integra\u00e7\u00e3o Curricular<\/a><\/div>\n<\/div>\n\t\t<\/div><\/div><div id=\"pgc-13032-0-1\"  class=\"panel-grid-cell\" ><div id=\"panel-13032-0-1-0\" class=\"so-panel widget widget_nav_menu panel-first-child panel-last-child\" data-index=\"1\" ><div class=\"menu-menu-grad-container\"><ul id=\"menu-menu-grad\" class=\"menu\"><li id=\"menu-item-3941\" class=\"menu-item menu-item-type-post_type menu-item-object-page menu-item-has-children menu-item-3941\"><a href=\"https:\/\/fcfrp.usp.br\/es\/ensino\/\">Ense\u00f1anza<\/a>\n<ul class=\"sub-menu\">\n\t<li id=\"menu-item-3942\" class=\"menu-item menu-item-type-post_type menu-item-object-page menu-item-has-children menu-item-3942\"><a href=\"https:\/\/fcfrp.usp.br\/es\/ensino\/graduacao\/\">Graduaci\u00f3n<\/a>\n\t<ul class=\"sub-menu\">\n\t\t<li id=\"menu-item-3938\" class=\"menu-item menu-item-type-post_type menu-item-object-page menu-item-has-children menu-item-3938\"><a href=\"https:\/\/fcfrp.usp.br\/es\/ensino\/graduacao\/comissao-graduacao\/\">Comisi\u00f3n de Graduacion<\/a>\n\t\t<ul class=\"sub-menu\">\n\t\t\t<li id=\"menu-item-10994\" class=\"menu-item menu-item-type-post_type menu-item-object-page menu-item-10994\"><a href=\"https:\/\/fcfrp.usp.br\/es\/ensino\/graduacao\/deliberacoes\/\">Reglas y Deliberaciones<\/a><\/li>\n\t\t\t<li id=\"menu-item-13034\" class=\"menu-item menu-item-type-post_type menu-item-object-page menu-item-13034\"><a href=\"https:\/\/fcfrp.usp.br\/es\/ensino\/graduacao\/eventos\/\">Eventos<\/a><\/li>\n\t\t<\/ul>\n<\/li>\n\t\t<li id=\"menu-item-3939\" class=\"menu-item menu-item-type-post_type menu-item-object-page menu-item-3939\"><a href=\"https:\/\/fcfrp.usp.br\/es\/institucional\/administracao\/atac\/secao-graduacao\/\">Servicio de Graduaci\u00f3n<\/a><\/li>\n\t\t<li id=\"menu-item-3940\" class=\"menu-item menu-item-type-post_type menu-item-object-page menu-item-3940\"><a href=\"https:\/\/fcfrp.usp.br\/es\/institucional\/administracao\/atac\/apoio-pedagogico\/\">Soporte Pedag\u00f3gico<\/a><\/li>\n\t\t<li id=\"menu-item-4000\" class=\"menu-item menu-item-type-post_type menu-item-object-page menu-item-4000\"><a href=\"https:\/\/fcfrp.usp.br\/es\/ensino\/graduacao\/como-estudar\/\">C\u00f3mo Estudiar en FCFRP\/USP<\/a><\/li>\n\t\t<li id=\"menu-item-4064\" class=\"menu-item menu-item-type-post_type menu-item-object-page menu-item-4064\"><a href=\"https:\/\/fcfrp.usp.br\/es\/ensino\/graduacao\/atestados\/\">Certificados e Historia Escolar<\/a><\/li>\n\t\t<li id=\"menu-item-4047\" class=\"menu-item menu-item-type-post_type menu-item-object-page menu-item-4047\"><a href=\"https:\/\/fcfrp.usp.br\/es\/ensino\/graduacao\/aulas\/\">Clases y Calendarios<\/a><\/li>\n\t\t<li id=\"menu-item-7698\" class=\"menu-item menu-item-type-post_type menu-item-object-page menu-item-7698\"><a href=\"https:\/\/fcfrp.usp.br\/es\/ensino\/graduacao\/onibus\/\">Tarjeta de bus<\/a><\/li>\n\t\t<li id=\"menu-item-4073\" class=\"menu-item menu-item-type-post_type menu-item-object-page menu-item-4073\"><a href=\"https:\/\/fcfrp.usp.br\/es\/ensino\/graduacao\/colacoes\/\">Clasificaciones de Grado<\/a><\/li>\n\t\t<li id=\"menu-item-4097\" class=\"menu-item menu-item-type-post_type menu-item-object-page menu-item-4097\"><a href=\"https:\/\/fcfrp.usp.br\/es\/ensino\/graduacao\/estagios\/\">Pasant\u00edas<\/a><\/li>\n\t\t<li id=\"menu-item-4096\" class=\"menu-item menu-item-type-post_type menu-item-object-page menu-item-4096\"><a href=\"https:\/\/fcfrp.usp.br\/es\/ensino\/graduacao\/formularios-grad\/\">Formas<\/a><\/li>\n\t\t<li id=\"menu-item-4095\" class=\"menu-item menu-item-type-post_type menu-item-object-page menu-item-4095\"><a href=\"https:\/\/fcfrp.usp.br\/es\/ensino\/graduacao\/matriculas\/\">Matr\u00edculas 2025<\/a><\/li>\n\t\t<li id=\"menu-item-4094\" class=\"menu-item menu-item-type-post_type menu-item-object-page menu-item-4094\"><a href=\"https:\/\/fcfrp.usp.br\/es\/ensino\/graduacao\/monitoria\/\">Monitoreo<\/a><\/li>\n\t\t<li id=\"menu-item-4092\" class=\"menu-item menu-item-type-post_type menu-item-object-page menu-item-4092\"><a href=\"https:\/\/fcfrp.usp.br\/es\/ensino\/graduacao\/tcc\/\">TCC<\/a><\/li>\n\t\t<li id=\"menu-item-4093\" class=\"menu-item menu-item-type-post_type menu-item-object-page menu-item-4093\"><a href=\"https:\/\/fcfrp.usp.br\/es\/ensino\/graduacao\/trancamentos\/\">Bloqueo<\/a><\/li>\n\t\t<li id=\"menu-item-4009\" class=\"menu-item menu-item-type-post_type menu-item-object-page menu-item-4009\"><a href=\"https:\/\/fcfrp.usp.br\/es\/ensino\/graduacao\/egressos\/\">Graduados (Antiguos Alumnos)<\/a><\/li>\n\t<\/ul>\n<\/li>\n\t<li id=\"menu-item-3943\" class=\"menu-item menu-item-type-post_type menu-item-object-page menu-item-3943\"><a href=\"https:\/\/fcfrp.usp.br\/es\/ensino\/pos-graduacao\/\">Posgraduaci\u00f3n<\/a><\/li>\n<\/ul>\n<\/li>\n<\/ul><\/div><\/div><\/div><\/div><\/div>","protected":false},"excerpt":{"rendered":"<p>XXVIII Semana de Recep\u00e7\u00e3o aos Calouros da Faculdade de Ci\u00eancias Farmac\u00eauticas de Ribeir\u00e3o Preto &#8211; USP &#8211; 2026 A FCFRP realiza no per\u00edodo de 23 a 27\/02\/2026 a semana que d\u00e1 as boas vindas aos ingressantes de 2026 no curso de Gradua\u00e7\u00e3o em Farm\u00e1cia. Veja AQUI a programa\u00e7\u00e3o completa. &nbsp; 4\u00ba Workshop da Gradua\u00e7\u00e3o: \u00abRELA\u00c7\u00d5ES<a href=\"https:\/\/fcfrp.usp.br\/es\/ensino\/graduacao\/eventos\/\">[&#8230;]<\/a><\/p>\n","protected":false},"author":978,"featured_media":0,"parent":452,"menu_order":0,"comment_status":"closed","ping_status":"closed","template":"template-fullwidth.php","meta":{"footnotes":"","_links_to":"","_links_to_target":""},"class_list":["post-13032","page","type-page","status-publish","hentry"],"_links":{"self":[{"href":"https:\/\/fcfrp.usp.br\/es\/wp-json\/wp\/v2\/pages\/13032","targetHints":{"allow":["GET"]}}],"collection":[{"href":"https:\/\/fcfrp.usp.br\/es\/wp-json\/wp\/v2\/pages"}],"about":[{"href":"https:\/\/fcfrp.usp.br\/es\/wp-json\/wp\/v2\/types\/page"}],"author":[{"embeddable":true,"href":"https:\/\/fcfrp.usp.br\/es\/wp-json\/wp\/v2\/users\/978"}],"replies":[{"embeddable":true,"href":"https:\/\/fcfrp.usp.br\/es\/wp-json\/wp\/v2\/comments?post=13032"}],"version-history":[{"count":4,"href":"https:\/\/fcfrp.usp.br\/es\/wp-json\/wp\/v2\/pages\/13032\/revisions"}],"predecessor-version":[{"id":16142,"href":"https:\/\/fcfrp.usp.br\/es\/wp-json\/wp\/v2\/pages\/13032\/revisions\/16142"}],"up":[{"embeddable":true,"href":"https:\/\/fcfrp.usp.br\/es\/wp-json\/wp\/v2\/pages\/452"}],"wp:attachment":[{"href":"https:\/\/fcfrp.usp.br\/es\/wp-json\/wp\/v2\/media?parent=13032"}],"curies":[{"name":"wp","href":"https:\/\/api.w.org\/{rel}","templated":true}]}}