{"id":1331,"date":"2020-04-15T11:31:21","date_gmt":"2020-04-15T13:31:21","guid":{"rendered":"https:\/\/sites.usp.br\/fcfrp\/?page_id=1331"},"modified":"2022-04-28T15:50:42","modified_gmt":"2022-04-28T17:50:42","slug":"cap","status":"publish","type":"page","link":"https:\/\/fcfrp.usp.br\/es\/institucional\/cap\/","title":{"rendered":"Centro de Soporte de Proyectos"},"content":{"rendered":"<div id=\"pl-1331\"  class=\"panel-layout\" ><div id=\"pg-1331-0\"  class=\"panel-grid panel-no-style\" ><div id=\"pgc-1331-0-0\"  class=\"panel-grid-cell\" ><div id=\"panel-1331-0-0-0\" class=\"so-panel widget widget_text panel-first-child panel-last-child\" data-index=\"0\" >\t\t\t<div class=\"textwidget\"><h4><strong>Gestoras de Projeto<\/strong><\/h4>\n<h3>Elisabete Aparecida Turcato Milan<a href=\"https:\/\/sites.usp.br\/fcfrp\/wp-content\/uploads\/sites\/528\/2020\/04\/bete.jpg\"><img loading=\"lazy\" decoding=\"async\" class=\"wp-image-1951 size-full alignright\" src=\"https:\/\/sites.usp.br\/fcfrp\/wp-content\/uploads\/sites\/528\/2020\/04\/bete.jpg\" alt=\"\" width=\"100\" height=\"128\" \/><\/a><\/h3>\n<p>Email: elisabete@fcfrp.usp.br<br \/>\nTel: (16) 3315-4272<\/p>\n<p>&nbsp;<\/p>\n<h3>V\u00e2nia Rosa de Paula<a href=\"https:\/\/sites.usp.br\/fcfrp\/wp-content\/uploads\/sites\/528\/2020\/04\/vania.jpg\"><img loading=\"lazy\" decoding=\"async\" class=\"wp-image-1952 size-full alignright\" src=\"https:\/\/sites.usp.br\/fcfrp\/wp-content\/uploads\/sites\/528\/2020\/04\/vania.jpg\" alt=\"\" width=\"100\" height=\"128\" \/><\/a><\/h3>\n<p>Email: vrpaula@fcfrp.usp.br<br \/>\nTel: (16) 3315-0655<\/p>\n<p>&nbsp;<\/p>\n<h3>Ana Paula Zucolo de Azevedo<a href=\"http:\/\/fcfrp.usp.br\/wp-content\/uploads\/sites\/528\/2020\/07\/anapaulacap.jpg\"><img loading=\"lazy\" decoding=\"async\" class=\"wp-image-6537 size-full alignright\" src=\"http:\/\/fcfrp.usp.br\/wp-content\/uploads\/sites\/528\/2020\/07\/anapaulacap.jpg\" alt=\"\" width=\"100\" height=\"128\" \/><\/a><\/h3>\n<p>Email: cafima@usp.br<br \/>\nTel: (16) 3315-9145<\/p>\n<p>&nbsp;<\/p>\n<p>&nbsp;<\/p>\n<div style=\"text-align: justify; text-indent: 30pt;\">A Faculdade de Ci\u00eancias Farmac\u00eauticas de Ribeir\u00e3o Preto (FCFRP) da Universidade de S\u00e3o Paulo (USP) alinhada com a crescente necessidade de gest\u00e3o administrativa, integrada e otimizada, cria em maio de 2014 o Centro de Apoio a Projetos (CAP), vinculado \u00e0 Diretoria da Unidade.<\/div>\n<div style=\"text-align: justify; text-indent: 30pt;\">O principal objetivo do CAP \u00e9 dar suporte t\u00e9cnico e auxiliar os pesquisadores respons\u00e1veis por projetos de pesquisa financiados por Ag\u00eancias de Fomento nacional e futuramente internacional na gest\u00e3o financeira dos mesmos. Tamb\u00e9m como parte de sua atua\u00e7\u00e3o, o CAP auxiliar\u00e1 no esclarecimento de d\u00favidas na elabora\u00e7\u00e3o de proposta, al\u00e9m de atuar como facilitador durante os tr\u00e2mites burocr\u00e1ticos em todas as suas fases.<\/div>\n<div style=\"text-align: justify; text-indent: 30pt;\">Conta atualmente com a colabora\u00e7\u00e3o de 03 servidores t\u00e9cnicos e administrativos, os quais atrav\u00e9s de um plano de gest\u00e3o ir\u00e3o atender os pesquisadores na presta\u00e7\u00e3o de contas de seus projetos junto as Ag\u00eancias de Fomento. \u00c9 atribui\u00e7\u00e3o do CAP apoiar a execu\u00e7\u00e3o financeira dos projetos, tais como:<\/div>\n<div style=\"text-align: justify;\">\u2013 Efetuar lan\u00e7amentos referentes \u00e0s despesas financeiras do projeto;<br \/>\n\u2013 Controlar os saldos das al\u00edneas;<br \/>\n\u2013 Efetuar as reservas de verbas e solicitar libera\u00e7\u00f5es das mesmas junto \u00e0s ag\u00eancias de fomento;<br \/>\n\u2013 Acompanhar as aquisi\u00e7\u00f5es de bens ou contrata\u00e7\u00f5es de servi\u00e7os de acordo com as previs\u00f5es no termo de outorga e legisla\u00e7\u00e3o pertinente;<br \/>\n\u2013 Providenciar o pagamento de notas fiscais ou de outros documentos;<br \/>\n\u2013 Receber e conferir os documentos exigidos na presta\u00e7\u00e3o de contas;<br \/>\n\u2013 Auxiliar no acompanhamento e presta\u00e7\u00e3o de contas realizadas pelo CNPQ;<br \/>\n\u2013 Emitir relat\u00f3rios financeiros parciais e finais pelo sistema GIP;<br \/>\n\u2013 Elaborar a presta\u00e7\u00e3o de contas, inclusive nas plataformas das ag\u00eancias de fomento;<br \/>\n\u2013 Controlar os prazos contratuais para presta\u00e7\u00e3o de conta e demais solicita\u00e7\u00f5es junto \u00e0s Ag\u00eancias de Fomento;<br \/>\n\u2013 Interagir com a \u00e1rea financeira da unidade, com o intuito de agilizar procedimentos e informa\u00e7\u00f5es, com rela\u00e7\u00e3o ao cumprimento da legisla\u00e7\u00e3o.<br \/>\nAl\u00e9m destas atividades principais, o CAP se estruturar\u00e1 futuramente para:<br \/>\n\u2013 Acompanhar os editais publicados pelas ag\u00eancias de fomento e direcion\u00e1-los \u00e0 comunidade da FCFRP\u2013USP, como forma de incentivo a busca de recursos de grande montante;<br \/>\n\u2013 Auxiliar nas d\u00favidas para elabora\u00e7\u00e3o dos projetos de grande porte a serem submetidos \u00e0s ag\u00eancias de fomento;<br \/>\n\u2013 Tirar d\u00favidas dos docentes e funcion\u00e1rios com rela\u00e7\u00e3o \u00e0 presta\u00e7\u00e3o de contas.<br \/>\nO CAP realizar\u00e1, a priori, a gest\u00e3o Financeira dos Projetos:<br \/>\n\u2013 RTI \u2013 Reserva T\u00e9cnica Institucional da Fapesp;<br \/>\n\u2013 CEPID &#8211; Centros de Pesquisa, Inova\u00e7\u00e3o e Difus\u00e3o;<br \/>\n\u2013 INCT \u2013 Instituto Nacional de Ci\u00eancia e Tecnologia;<br \/>\n\u2013 Tem\u00e1ticos &#8211; FAPESP;<br \/>\n\u2013 Regulares \u2013 FAPESP;<br \/>\n\u2013 CNPq.<br \/>\nO CAP n\u00e3o auxiliar\u00e1:<br \/>\n\u2013 Na elabora\u00e7\u00e3o dos relat\u00f3rios cient\u00edficos;<br \/>\n\u2013 No cadastro\/atualiza\u00e7\u00e3o de s\u00famula curricular ou Curr\u00edculo Lattes;<br \/>\n\u2013 Na confec\u00e7\u00e3o de of\u00edcios e qualquer outro material n\u00e3o pertinentes \u00e0 gest\u00e3o financeira de projetos sob sua responsabilidade.<\/div>\n<p>&nbsp;<\/p>\n<h4><strong>Hor\u00e1rio de Atendimento<\/strong><\/h4>\n<div style=\"text-align: justify;\">Segunda a Sexta-feira: das 14:00 \u00e0s 16:30 h<\/div>\n<p>&nbsp;<\/p>\n<h4><strong>Localiza\u00e7\u00e3o<\/strong><\/h4>\n<div style=\"text-align: justify;\">Sala 11 no t\u00e9rreo do Bloco B da Faculdade de Ci\u00eancias Farmac\u00eauticas de Ribeir\u00e3o Preto &#8211; USP<\/div>\n<p>&nbsp;<\/p>\n<h4><strong><a href=\"https:\/\/uspdigital.usp.br\/gpusp\/\" target=\"_blank\" rel=\"noopener\">Sistema de Gest\u00e3o da Informa\u00e7\u00e3o de Projetos -GIP\/USP<\/a><\/strong><\/h4>\n<p>&nbsp;<\/p>\n<h4><strong><a href=\"https:\/\/prp.usp.br\/\" target=\"_blank\" rel=\"noopener\">Pr\u00f3-Reitoria de Pesquisa<\/a><\/strong><\/h4>\n<div style=\"text-align: justify;\">Na p\u00e1gina da <a href=\"https:\/\/prp.usp.br\/\" target=\"_blank\" rel=\"noopener\">Pr\u00f3-Reitoria de Pesquisa<\/a> poder\u00e3o ser encontradas informa\u00e7\u00f5es sobre treinamentos e tutoriais referentes aos cadastros e presta\u00e7\u00e3o de contas a serem efetuadas no Sistema GIP-USP, bem como os e-mails das Unidades para contato em caso de d\u00favidas.<\/div>\n<p>&nbsp;<\/p>\n<h4><strong>Documentos<\/strong><\/h4>\n<p><a href=\"https:\/\/fcfrp.usp.br\/wp-content\/uploads\/sites\/528\/2022\/04\/Questionario_para_recepcao_do_projeto.doc\" target=\"_blank\" rel=\"noopener\">&#8211; QUESTION\u00c1RIO PARA RECEP\u00c7\u00c3O DO PROJETO<\/a><br \/>\n<a href=\"https:\/\/fcfrp.usp.br\/wp-content\/uploads\/sites\/528\/2021\/01\/AnexoII_infraestrutura_institucional.pdf\" target=\"_blank\" rel=\"noopener\">&#8211; Anexo II &#8211; Termo de Outorga FAPESP<\/a><br \/>\n<a href=\"https:\/\/sites.usp.br\/fcfrp\/wp-content\/uploads\/sites\/528\/2020\/04\/termo_de_aceitacao_de_transferencia_e_dominio_de_materiais_p.doc\" target=\"_blank\" rel=\"noopener\">&#8211; Termo de Aceita\u00e7\u00e3o de Transfer\u00eancia e Dom\u00ednio de Materiais por Cess\u00e3o de Uso e\/ou doa\u00e7\u00e3o<\/a><br \/>\n<a href=\"https:\/\/fapesp.br\/importacao\/\" target=\"_blank\" rel=\"noopener\">&#8211; Formul\u00e1rio de Importa\u00e7\u00e3o FAPESP &#8211; Servi\u00e7os<\/a><br \/>\n<a href=\"https:\/\/sites.usp.br\/fcfrp\/wp-content\/uploads\/sites\/528\/2020\/04\/manual_cartao_cnpq.pdf\" target=\"_blank\" rel=\"noopener\">&#8211; MANUAL CART\u00c3O CNPq<\/a><br \/>\n<a href=\"https:\/\/sites.usp.br\/fcfrp\/wp-content\/uploads\/sites\/528\/2020\/04\/manual_prescontas_cnpq.pdf\" target=\"_blank\" rel=\"noopener\">&#8211; MANUAL Plataforma Carlos Chagas CNPq<\/a><br \/>\n<a href=\"https:\/\/fcfrp.usp.br\/wp-content\/uploads\/sites\/528\/2022\/04\/Manual_SAGe_-_Delegacao_para_Escritorios_v1.3.pdf\" target=\"_blank\" rel=\"noopener\">&#8211; Manual SAGe &#8211; Delega\u00e7\u00e3o para Escrit\u00f3rios<\/a><br \/>\n<a href=\"https:\/\/www.youtube.com\/watch?v=EVjyvEdQxSA&amp;t=764s\" target=\"_blank\" rel=\"noopener\">&#8211; Treinamento &#8211; Presta\u00e7\u00e3o de Contas<\/a><br \/>\n<a href=\"http:\/\/prp.usp.br\/wp-content\/uploads\/sites\/649\/2021\/07\/GIP-MANUAL-BOLSISTA-v-11jul21.pdf\" target=\"_blank\" rel=\"noopener\">&#8211; Tutorial GIP Bolsas<\/a><\/p>\n<\/div>\n\t\t<\/div><\/div><div id=\"pgc-1331-0-1\"  class=\"panel-grid-cell\" ><div id=\"panel-1331-0-1-0\" class=\"so-panel widget widget_nav_menu panel-first-child panel-last-child\" data-index=\"1\" ><div class=\"menu-menu-instiadmin-container\"><ul id=\"menu-menu-instiadmin\" class=\"menu\"><li id=\"menu-item-1265\" class=\"menu-item menu-item-type-post_type menu-item-object-page menu-item-has-children menu-item-1265\"><a href=\"https:\/\/fcfrp.usp.br\/es\/institucional\/\">INSTITUCIONAL<\/a>\n<ul class=\"sub-menu\">\n\t<li id=\"menu-item-1267\" class=\"menu-item menu-item-type-post_type menu-item-object-page menu-item-1267\"><a href=\"https:\/\/fcfrp.usp.br\/es\/institucional\/diretoria\/\">Diretoria<\/a><\/li>\n\t<li id=\"menu-item-1268\" class=\"menu-item menu-item-type-post_type menu-item-object-page menu-item-1268\"><a href=\"https:\/\/fcfrp.usp.br\/es\/institucional\/departamentos\/\">Departamentos<\/a><\/li>\n\t<li id=\"menu-item-1269\" class=\"menu-item menu-item-type-post_type menu-item-object-page menu-item-has-children menu-item-1269\"><a href=\"https:\/\/fcfrp.usp.br\/es\/institucional\/administracao\/\">Administra\u00e7\u00e3o<\/a>\n\t<ul class=\"sub-menu\">\n\t\t<li id=\"menu-item-1270\" class=\"menu-item menu-item-type-post_type menu-item-object-page menu-item-has-children menu-item-1270\"><a href=\"https:\/\/fcfrp.usp.br\/es\/institucional\/administracao\/atac\/\">Assist\u00eancia T\u00e9cnica Acad\u00eamica<\/a>\n\t\t<ul class=\"sub-menu\">\n\t\t\t<li id=\"menu-item-2179\" class=\"menu-item menu-item-type-post_type menu-item-object-page menu-item-2179\"><a href=\"https:\/\/fcfrp.usp.br\/es\/institucional\/administracao\/atac\/secao-graduacao\/\">Servi\u00e7o de Gradua\u00e7\u00e3o<\/a><\/li>\n\t\t\t<li id=\"menu-item-2178\" class=\"menu-item menu-item-type-post_type menu-item-object-page menu-item-2178\"><a href=\"https:\/\/fcfrp.usp.br\/es\/institucional\/administracao\/atac\/secao-posgraduacao\/\">Servi\u00e7o de P\u00f3s-Gradua\u00e7\u00e3o<\/a><\/li>\n\t\t\t<li id=\"menu-item-1300\" class=\"menu-item menu-item-type-post_type menu-item-object-page menu-item-1300\"><a href=\"https:\/\/fcfrp.usp.br\/es\/institucional\/administracao\/atac\/apoio-academico\/\">Se\u00e7\u00e3o de Apoio Acad\u00eamico<\/a><\/li>\n\t\t\t<li id=\"menu-item-1917\" class=\"menu-item menu-item-type-post_type menu-item-object-page menu-item-1917\"><a href=\"https:\/\/fcfrp.usp.br\/es\/institucional\/administracao\/atac\/apoio-pedagogico\/\">Apoio Pedag\u00f3gico<\/a><\/li>\n\t\t<\/ul>\n<\/li>\n\t\t<li id=\"menu-item-1271\" class=\"menu-item menu-item-type-post_type menu-item-object-page menu-item-has-children menu-item-1271\"><a href=\"https:\/\/fcfrp.usp.br\/es\/institucional\/administracao\/assistencia-tecnica-administrativa\/\">Assist\u00eancia T\u00e9cnica Administrativa<\/a>\n\t\t<ul class=\"sub-menu\">\n\t\t\t<li id=\"menu-item-1354\" class=\"menu-item menu-item-type-post_type menu-item-object-page menu-item-1354\"><a href=\"https:\/\/fcfrp.usp.br\/es\/institucional\/administracao\/assistencia-tecnica-administrativa\/secao-informatica\/\">Se\u00e7\u00e3o T\u00e9cnica de Inform\u00e1tica<\/a><\/li>\n\t\t\t<li id=\"menu-item-1355\" class=\"menu-item menu-item-type-post_type menu-item-object-page menu-item-1355\"><a href=\"https:\/\/fcfrp.usp.br\/es\/institucional\/administracao\/assistencia-tecnica-administrativa\/apoio-operacional\/\">Servi\u00e7o de Apoio Operacional<\/a><\/li>\n\t\t\t<li id=\"menu-item-1358\" class=\"menu-item menu-item-type-post_type menu-item-object-page menu-item-1358\"><a href=\"https:\/\/fcfrp.usp.br\/es\/institucional\/administracao\/assistencia-tecnica-administrativa\/apoio-adm\/\">Se\u00e7\u00e3o de Apoio Administrativo<\/a><\/li>\n\t\t<\/ul>\n<\/li>\n\t\t<li id=\"menu-item-1272\" class=\"menu-item menu-item-type-post_type menu-item-object-page menu-item-has-children menu-item-1272\"><a href=\"https:\/\/fcfrp.usp.br\/es\/institucional\/administracao\/assistencia-tecnica-financeira\/\">Assist\u00eancia T\u00e9cnica Financeira<\/a>\n\t\t<ul class=\"sub-menu\">\n\t\t\t<li id=\"menu-item-9878\" class=\"menu-item menu-item-type-post_type menu-item-object-page menu-item-9878\"><a href=\"https:\/\/fcfrp.usp.br\/es\/institucional\/administracao\/assistencia-tecnica-financeira\/contabilidade\/\">Secci\u00f3n T\u00e9cnica de Contabilidad, Patrimonio, Contratos y Convenios<\/a><\/li>\n\t\t\t<li id=\"menu-item-9882\" class=\"menu-item menu-item-type-post_type menu-item-object-page menu-item-9882\"><a href=\"https:\/\/fcfrp.usp.br\/es\/institucional\/administracao\/assistencia-tecnica-financeira\/materiais\/\">Servicio de Materiales y Tesorer\u00eda<\/a><\/li>\n\t\t<\/ul>\n<\/li>\n\t\t<li id=\"menu-item-1273\" class=\"menu-item menu-item-type-post_type menu-item-object-page menu-item-1273\"><a href=\"https:\/\/fcfrp.usp.br\/es\/institucional\/administracao\/secao-apoio-institucional\/\">Se\u00e7\u00e3o de Apoio Institucional<\/a><\/li>\n\t\t<li id=\"menu-item-1274\" class=\"menu-item menu-item-type-post_type menu-item-object-page menu-item-1274\"><a href=\"https:\/\/fcfrp.usp.br\/es\/institucional\/administracao\/secao-de-bioterio\/\">Se\u00e7\u00e3o de Biot\u00e9rio<\/a><\/li>\n\t<\/ul>\n<\/li>\n\t<li id=\"menu-item-1359\" class=\"menu-item menu-item-type-post_type menu-item-object-page menu-item-1359\"><a href=\"https:\/\/fcfrp.usp.br\/es\/institucional\/cap\/\">Centro de Apoio a Projetos<\/a><\/li>\n\t<li id=\"menu-item-1275\" class=\"menu-item menu-item-type-post_type menu-item-object-page menu-item-1275\"><a href=\"https:\/\/fcfrp.usp.br\/es\/institucional\/servicos\/\">Servi\u00e7os<\/a><\/li>\n\t<li id=\"menu-item-2705\" class=\"menu-item menu-item-type-post_type menu-item-object-page menu-item-2705\"><a href=\"https:\/\/fcfrp.usp.br\/es\/institucional\/comissoes\/\">Comiss\u00f5es<\/a><\/li>\n\t<li id=\"menu-item-1276\" class=\"menu-item menu-item-type-post_type menu-item-object-page menu-item-1276\"><a href=\"https:\/\/fcfrp.usp.br\/es\/institucional\/concursos\/\">Concursos<\/a><\/li>\n\t<li id=\"menu-item-6213\" class=\"menu-item menu-item-type-custom menu-item-object-custom menu-item-6213\"><a href=\"https:\/\/fcfrp.usp.br\/es\/institucional\/administracao\/assistencia-tecnica-financeira\/prov-materiais\/\">Licita\u00e7\u00f5es<\/a><\/li>\n\t<li id=\"menu-item-1266\" class=\"menu-item menu-item-type-post_type menu-item-object-page current_page_parent menu-item-1266\"><a href=\"https:\/\/fcfrp.usp.br\/es\/institucional\/eventos-noticias\/\">Eventos \/ Not\u00edcias<\/a><\/li>\n\t<li id=\"menu-item-1277\" class=\"menu-item menu-item-type-post_type menu-item-object-page menu-item-1277\"><a target=\"_blank\" href=\"https:\/\/fcfrp.usp.br\/wp-content\/uploads\/sites\/528\/2025\/03\/Lista-de-ramais-marco-2025.pdf\">Servidores<\/a><\/li>\n\t<li id=\"menu-item-7210\" class=\"menu-item menu-item-type-post_type menu-item-object-page menu-item-7210\"><a href=\"https:\/\/fcfrp.usp.br\/es\/institucional\/identidade-visual\/\">Identidade Visual<\/a><\/li>\n<\/ul>\n<\/li>\n<\/ul><\/div><\/div><\/div><\/div><\/div>","protected":false},"excerpt":{"rendered":"<p>Gestoras de Projeto Elisabete Aparecida Turcato Milan Email: elisabete@fcfrp.usp.br Tel: (16) 3315-4272 &nbsp; V\u00e2nia Rosa de Paula Email: vrpaula@fcfrp.usp.br Tel: (16) 3315-0655 &nbsp; Ana Paula Zucolo de Azevedo Email: cafima@usp.br Tel: (16) 3315-9145 &nbsp; &nbsp; A Faculdade de Ci\u00eancias Farmac\u00eauticas de Ribeir\u00e3o Preto (FCFRP) da Universidade de S\u00e3o Paulo (USP) alinhada com a crescente necessidade<a href=\"https:\/\/fcfrp.usp.br\/es\/institucional\/cap\/\">[&#8230;]<\/a><\/p>\n","protected":false},"author":978,"featured_media":0,"parent":312,"menu_order":3,"comment_status":"closed","ping_status":"closed","template":"template-fullwidth.php","meta":{"footnotes":"","_links_to":"","_links_to_target":""},"class_list":["post-1331","page","type-page","status-publish","hentry"],"_links":{"self":[{"href":"https:\/\/fcfrp.usp.br\/es\/wp-json\/wp\/v2\/pages\/1331","targetHints":{"allow":["GET"]}}],"collection":[{"href":"https:\/\/fcfrp.usp.br\/es\/wp-json\/wp\/v2\/pages"}],"about":[{"href":"https:\/\/fcfrp.usp.br\/es\/wp-json\/wp\/v2\/types\/page"}],"author":[{"embeddable":true,"href":"https:\/\/fcfrp.usp.br\/es\/wp-json\/wp\/v2\/users\/978"}],"replies":[{"embeddable":true,"href":"https:\/\/fcfrp.usp.br\/es\/wp-json\/wp\/v2\/comments?post=1331"}],"version-history":[{"count":4,"href":"https:\/\/fcfrp.usp.br\/es\/wp-json\/wp\/v2\/pages\/1331\/revisions"}],"predecessor-version":[{"id":10617,"href":"https:\/\/fcfrp.usp.br\/es\/wp-json\/wp\/v2\/pages\/1331\/revisions\/10617"}],"up":[{"embeddable":true,"href":"https:\/\/fcfrp.usp.br\/es\/wp-json\/wp\/v2\/pages\/312"}],"wp:attachment":[{"href":"https:\/\/fcfrp.usp.br\/es\/wp-json\/wp\/v2\/media?parent=1331"}],"curies":[{"name":"wp","href":"https:\/\/api.w.org\/{rel}","templated":true}]}}