{"id":1348,"date":"2020-04-15T11:44:12","date_gmt":"2020-04-15T13:44:12","guid":{"rendered":"https:\/\/sites.usp.br\/fcfrp\/?page_id=1348"},"modified":"2020-07-08T13:06:22","modified_gmt":"2020-07-08T15:06:22","slug":"servico-farmaceutico","status":"publish","type":"page","link":"https:\/\/fcfrp.usp.br\/es\/institucional\/servicos\/servico-farmaceutico\/","title":{"rendered":"Servicio Farmaceutico"},"content":{"rendered":"<div id=\"pl-1348\"  class=\"panel-layout\" ><div id=\"pg-1348-0\"  class=\"panel-grid panel-no-style\" ><div id=\"pgc-1348-0-0\"  class=\"panel-grid-cell\" ><div id=\"panel-1348-0-0-0\" class=\"so-panel widget widget_text panel-first-child panel-last-child\" data-index=\"0\" >\t\t\t<div class=\"textwidget\"><h4><strong>Supervisor T\u00e9cnico<\/strong><\/h4>\n<h3>Profa. Dra. Marilisa Guimar\u00e3es Lara<a href=\"https:\/\/sites.usp.br\/fcfrp\/wp-content\/uploads\/sites\/528\/2020\/06\/marilisa.jpg\"><img loading=\"lazy\" decoding=\"async\" class=\"wp-image-5546 size-full alignright\" src=\"https:\/\/sites.usp.br\/fcfrp\/wp-content\/uploads\/sites\/528\/2020\/06\/marilisa.jpg\" alt=\"\" width=\"100\" height=\"128\" \/><\/a><\/h3>\n<p>Email: mlara@fcfrp.usp.br<br \/>\nTel: (16) 3315-0489<\/p>\n<p>&nbsp;<\/p>\n<p>&nbsp;<\/p>\n<div style=\"text-align: justify; text-indent: 30pt;\">O Servi\u00e7o Farmac\u00eautico da Faculdade de Ci\u00eancias Farmac\u00eauticas de Ribeir\u00e3o Preto da Universidade de S\u00e3o Paulo (FCFRP-USP) tem como objetivo atender \u00e0 comunidade oferecendo servi\u00e7os de sa\u00fade e contribuir para a forma\u00e7\u00e3o dos estudantes do Curso de Farm\u00e1cia. Seguindo as atuais estrat\u00e9gias de ensino farmac\u00eautico, oferece um ambiente adequado para a forma\u00e7\u00e3o do profissional farmac\u00eautico constituindo-se em cen\u00e1rio de pr\u00e1tica de ensino-aprendizagem, al\u00e9m de apoiar atividades de pesquisa e extens\u00e3o. Assim, desenvolve servi\u00e7os farmac\u00eauticos contribuindo para a promo\u00e7\u00e3o, prote\u00e7\u00e3o, preven\u00e7\u00e3o e recupera\u00e7\u00e3o da sa\u00fade e para o uso racional de medicamentos, al\u00e9m de contribuir com a forma\u00e7\u00e3o dos estudantes do Curso de Farm\u00e1cia proporcionando integra\u00e7\u00e3o de teoria e pr\u00e1tica e apoiando atividades de ensino, pesquisa e extens\u00e3o em um ambiente adequado \u00e0 pr\u00e1tica farmac\u00eautica visando uma forma\u00e7\u00e3o cl\u00ednica, human\u00edstica e voltada ao paciente.<\/div>\n<div style=\"text-align: justify; text-indent: 30pt;\">Atualmente o Servi\u00e7o Farmac\u00eautico da FCFRP-USP \u00e9 constitu\u00eddo pela Farm\u00e1cia Ensino e por Servi\u00e7os de Cuidado Farmac\u00eautico implementados em conjunto com unidades b\u00e1sicas de sa\u00fade da Secretaria Municipal de Sa\u00fade de Ribeir\u00e3o Preto (SMS-PMRP) e Hospital das Cl\u00ednicas da Faculdade de Medicina de Ribeir\u00e3o Preto \u2013USP (HCFMRP-USP). Sua estrutura e profissionais farmac\u00eauticos oferecem suporte \u00e0s disciplinas de gradua\u00e7\u00e3o, est\u00e1gios curriculares e projetos de extens\u00e3o, contribuindo para a forma\u00e7\u00e3o acad\u00eamica.<\/div>\n<p>&nbsp;<\/p>\n<h4><strong>Farm\u00e1cia Ensino<\/strong><\/h4>\n<div style=\"text-align: justify; text-indent: 30pt;\">A FCFRP-USP criou em 1979 a Farm\u00e1cia Ensino com o objetivo de disponibilizar servi\u00e7os de manipula\u00e7\u00e3o e dispensa\u00e7\u00e3o de medicamentos com pre\u00e7os acess\u00edveis a popula\u00e7\u00e3o, al\u00e9m de oferecer e apoiar atividades relacionadas ao ensino, pesquisa e extens\u00e3o. A Farm\u00e1cia Ensino atua na manipula\u00e7\u00e3o e dispensa\u00e7\u00e3o de medicamentos com acolhimento humanizado e tamb\u00e9m disponibiliza o servi\u00e7o de Cuidado Farmac\u00eautico com atendimento privativo e personalizado. Atualmente oferece o servi\u00e7o de Descarte de Medicamentos contribuindo para o uso seguro e racional dos mesmos.<\/div>\n<div style=\"text-align: justify; text-indent: 30pt;\">Na Farm\u00e1cia Ensino, os alunos da gradua\u00e7\u00e3o, com a supervis\u00e3o dos farmac\u00eauticos e seguindo as legisla\u00e7\u00f5es vigentes, tem oportunidade de acompanhar atividades de gest\u00e3o, realizar a manipula\u00e7\u00e3o de formas farmac\u00eauticas, atender pacientes no balc\u00e3o e telefone, dispensar medicamentos manipulados e industrializados com orienta\u00e7\u00e3o sobre o uso correto dos mesmos, acompanhar as atividades de Cuidado Farmac\u00eautico participando de consultas, elabora\u00e7\u00e3o de planos de interven\u00e7\u00e3o e acompanhamento farmacoterap\u00eautico e orientar a popula\u00e7\u00e3o sobre o descarte de medicamentos vencidos.<\/div>\n<p>&nbsp;<\/p>\n<h4><strong>Hor\u00e1rio de Atendimento da Farm\u00e1cia Ensino<\/strong><\/h4>\n<div style=\"text-align: justify;\">Segunda a Sexta-feira: das 8:00 \u00e0s 17:00 h<\/div>\n<p>&nbsp;<\/p>\n<h4><strong>Telefone da Farm\u00e1cia Ensino<\/strong><\/h4>\n<div style=\"text-align: justify;\"><strong>(16) 3315-4263<\/strong><\/div>\n<p>&nbsp;<\/p>\n<h4><strong>Localiza\u00e7\u00e3o da Farm\u00e1cia Ensino<\/strong><\/h4>\n<div style=\"text-align: justify;\">Sala 24 do Bloco D da Faculdade de Ci\u00eancias Farmac\u00eauticas de Ribeir\u00e3o Preto &#8211; USP (Ao lado da portaria principal)<\/div>\n<p><a href=\"https:\/\/sites.usp.br\/fcfrp\/wp-content\/uploads\/sites\/528\/2020\/05\/farmaciafachada-scaled.jpg\"><img loading=\"lazy\" decoding=\"async\" class=\"alignleft wp-image-3898 size-large\" src=\"https:\/\/sites.usp.br\/fcfrp\/wp-content\/uploads\/sites\/528\/2020\/05\/farmaciafachada-1024x477.jpg\" alt=\"\" width=\"640\" height=\"298\" srcset=\"https:\/\/fcfrp.usp.br\/wp-content\/uploads\/sites\/528\/2020\/05\/farmaciafachada-1024x477.jpg 1024w, https:\/\/fcfrp.usp.br\/wp-content\/uploads\/sites\/528\/2020\/05\/farmaciafachada-300x140.jpg 300w, https:\/\/fcfrp.usp.br\/wp-content\/uploads\/sites\/528\/2020\/05\/farmaciafachada-768x358.jpg 768w, https:\/\/fcfrp.usp.br\/wp-content\/uploads\/sites\/528\/2020\/05\/farmaciafachada-1536x715.jpg 1536w, https:\/\/fcfrp.usp.br\/wp-content\/uploads\/sites\/528\/2020\/05\/farmaciafachada-2048x954.jpg 2048w, https:\/\/fcfrp.usp.br\/wp-content\/uploads\/sites\/528\/2020\/05\/farmaciafachada-400x186.jpg 400w\" sizes=\"auto, (max-width: 640px) 100vw, 640px\" \/><\/a><\/p>\n<h4><\/h4>\n<p>&nbsp;<\/p>\n<p>&nbsp;<\/p>\n<h4><strong>Servi\u00e7o Farmac\u00eautico em Aten\u00e7\u00e3o B\u00e1sica \u00e0 Sa\u00fade<\/strong><\/h4>\n<div style=\"text-align: justify; text-indent: 30pt;\">Este servi\u00e7o \u00e9 desenvolvido na <em>USF \u00abC\u00e9sar Augusto Arita\u00bb \/ Paulo Gomes Romeo<\/em>, situada no Distrito Oeste de Sa\u00fade, com a presen\u00e7a de uma farmac\u00eautica, vinculada ao Servi\u00e7o Farmac\u00eautico da Faculdade, sob supervis\u00e3o docente. O servi\u00e7o desenvolve as seguintes atividades:<\/div>\n<div style=\"text-align: justify;\"><strong>Gest\u00e3o e dispensa\u00e7\u00e3o de medicamentos:<\/strong> A farmac\u00eautica acompanha e executa com a equipe de Farm\u00e1cia da USF, as atividades de Gest\u00e3o e Dispensa\u00e7\u00e3o compreendendo: organiza\u00e7\u00e3o do estoque, necessidade de pedidos, avalia\u00e7\u00e3o da Rela\u00e7\u00e3o Municipal de Medicamentos, atendimento aos usu\u00e1rios, com a entrega do medicamento e o processo de orienta\u00e7\u00e3o sobre a sua conserva\u00e7\u00e3o e uso, informa\u00e7\u00f5es sobre o uso do servi\u00e7o de sa\u00fade, tanto da unidade como do munic\u00edpio, entre outras.<br \/>\n<strong>Acompanhamento Farmacoterap\u00eautico:<\/strong> Realizado, atendendo a necessidade de um acompanhamento mais pr\u00f3ximo no uso dos medicamentos de alguns dos usu\u00e1rios. \u00c9 efetuado atendendo a situa\u00e7\u00f5es de uso irracional do medicamento observadas no atendimento da farm\u00e1cia ou a pedido dos profissionais da Unidade. \u00c9 executado por meio de agendamento e envolve o seguimento mensal deste usu\u00e1rio, por um per\u00edodo que \u00e9 vari\u00e1vel, conforme as necessidades apresentadas.<br \/>\n<strong>Participa\u00e7\u00e3o de Reuni\u00f5es:<\/strong> A farmac\u00eautica participa semanalmente de 04 reuni\u00f5es de equipe com profissionais de sa\u00fade e agentes comunit\u00e1rios, aonde s\u00e3o apresentadas e discutidas as mais diversas situa\u00e7\u00f5es envolvendo a popula\u00e7\u00e3o do territ\u00f3rio e n\u00e3o somente os referentes a problemas com medicamentos. Quando solicitada acompanha visitas domiciliares.<\/div>\n<p>&nbsp;<\/p>\n<p>&nbsp;<\/p>\n<h4><strong>Cuidado Farmac\u00eautico a Pacientes Ambulatoriais da Aten\u00e7\u00e3o Secund\u00e1ria \u00e0 Sa\u00fade<\/strong><\/h4>\n<div style=\"text-align: justify; text-indent: 30pt;\">O Servi\u00e7o de Acompanhamento Farmac\u00eautico \u2013 SEAFAR \u2013 foi implantado pela FCFRP-USP nas depend\u00eancias do Centro de Sa\u00fade Escola (CSE) Prof. Dr. Joel Domingos Machado, sob gest\u00e3o da Faculdade de Medicina de Ribeir\u00e3o Preto da Universidade de S\u00e3o Paulo (FMRP-USP) que atua como Unidade B\u00e1sica Distrital de Sa\u00fade (UBDS Sumarezinho), localizada no Distrito Oeste de Sa\u00fade, conforme organograma da Secretaria Municipal de Sa\u00fade da Prefeitura Municipal de Ribeir\u00e3o Preto (SMS-PMRP).<\/div>\n<div style=\"text-align: justify; text-indent: 30pt;\">O SEAFAR desenvolve atividades de Cuidado Farmac\u00eautico focado nas necessidades dos usu\u00e1rios do CSE voltado \u00e0 resolu\u00e7\u00e3o e \u00e0 preven\u00e7\u00e3o de problemas da farmacoterapia, baseado na revis\u00e3o dos medicamentos e no seguimento farmacoterap\u00eautico, fundamentado na redu\u00e7\u00e3o da morbimortalidade relacionada aos medicamentos.<\/div>\n<div style=\"text-align: justify; text-indent: 30pt;\">Em linhas gerais, as atividades desenvolvidas pelo SEAFAR compreendem \u00e0s atribui\u00e7\u00f5es cl\u00ednicas do farmac\u00eautico, com intuito de obter resultados cl\u00ednicos positivos relacionados ao uso seguro e correto de medicamentos. O atendimento farmac\u00eautico \u00e9 baseado no m\u00e9todo clinico compreendendo as etapas: E1-Coleta de dados, E2-Identifica\u00e7\u00e3o de Problemas Relacionados ao Medicamentos, E3-Elabora\u00e7\u00e3o de Plano de Cuidado e E4-Seguimento Farmacoterap\u00eautico. Cabe ressaltar a integra\u00e7\u00e3o deste servi\u00e7o aos demais atendimentos ofertados pelas diversas especialidades m\u00e9dicas do CSE, bem como, com a equipe de enfermagem, com a ocorr\u00eancia frequente baseado na demanda de discuss\u00f5es e decis\u00f5es conjunta sobre os encaminhamentos dos usu\u00e1rios ao SEAFAR, bem como a devolutiva sobre o atendimento \u00e0 equipe envolvida no cuidado ao paciente.<\/div>\n<p>&nbsp;<\/p>\n<p>&nbsp;<\/p>\n<h4><strong>Cuidado Farmac\u00eautico em Pacientes Ambulatoriais e Hospitalizados (Aten\u00e7\u00e3o Secund\u00e1ria e Terci\u00e1ria \u00e0 Sa\u00fade)<\/strong><\/h4>\n<div style=\"text-align: justify; text-indent: 30pt;\">Esse servi\u00e7o tem sido desenvolvido pela FCFRP-USP nas depend\u00eancias do Hospital das Cl\u00ednicas da Faculdade de Medicina de Ribeir\u00e3o Preto (HCFMRP-USP), bem como da Unidade de Emerg\u00eancia do HCFMRP-USP.<\/div>\n<div style=\"text-align: justify; text-indent: 30pt;\">Destaca-se que as atividades realizadas pelo farmac\u00eautico, durante a execu\u00e7\u00e3o do Cuidado Farmac\u00eautico, se iniciam na admiss\u00e3o hospitalar, quando s\u00e3o levantadas informa\u00e7\u00f5es sobre medicamentos previamente utilizados (reconcilia\u00e7\u00e3o medicamentosa) e sobre a hist\u00f3ria cl\u00ednica pregressa do paciente. A partir de ent\u00e3o, diariamente, o farmac\u00eautico analisa as prescri\u00e7\u00f5es m\u00e9dicas, realizando uma revis\u00e3o da farmacoterapia em busca de problemas relacionados \u00e0 farmacoterapia, reais ou potenciais, que podem estar relacionados \u00e0 dose prescrita, rea\u00e7\u00f5es adversas, intera\u00e7\u00f5es medicamentosas, intera\u00e7\u00f5es dos medicamentos com alimento e intera\u00e7\u00f5es dos medicamentos com sonda nasog\u00e1strica, entre outros.<\/div>\n<div style=\"text-align: justify; text-indent: 30pt;\">Conv\u00e9m mencionar que o Cuidado Farmac\u00eautico pode ser subdividido em duas dimens\u00f5es, a primeira t\u00e9cnico-pedag\u00f3gica e a segunda cl\u00ednico-assistencial, mostrando a import\u00e2ncia da integra\u00e7\u00e3o do farmac\u00eautico com a equipe de sa\u00fade e com os pacientes para a execu\u00e7\u00e3o de todas as atividades previstas nessas duas dimens\u00f5es, abordando desde as orienta\u00e7\u00f5es \u00e0 equipe e aos pacientes\/cuidadores at\u00e9 a discuss\u00e3o de planos de cuidado com a finalidade de reduzir os riscos e aumentar os benef\u00edcios do tratamento farmacol\u00f3gico.<\/div>\n<p>&nbsp;<\/p>\n<p>&nbsp;<\/p>\n<h4><strong>Est\u00e1gios<\/strong><\/h4>\n<div style=\"text-align: justify; text-indent: 30pt;\">S\u00e3o oferecidos est\u00e1gios atrav\u00e9s de projetos da Pr\u00f3-Reitoria de Cultura e Extens\u00e3o Universit\u00e1ria, Bolsas Trabalho disponibilizadas pela Unidade e um per\u00edodo do est\u00e1gio curricular \/ extracurricular de Farm\u00e1cia Cl\u00ednica e Terap\u00eautica.<\/div>\n<div style=\"text-align: justify;\">Para maiores informa\u00e7\u00f5es sobre as disciplinas, acessar <a href=\"https:\/\/uspdigital.usp.br\/jupiterweb\/\" target=\"_blank\" rel=\"noopener\">aqui<\/a>.<\/div>\n<\/div>\n\t\t<\/div><\/div><div id=\"pgc-1348-0-1\"  class=\"panel-grid-cell\" ><div id=\"panel-1348-0-1-0\" class=\"so-panel widget widget_nav_menu panel-first-child panel-last-child\" data-index=\"1\" ><div class=\"menu-menu-instservi-container\"><ul id=\"menu-menu-instservi\" class=\"menu\"><li id=\"menu-item-1303\" class=\"menu-item menu-item-type-post_type menu-item-object-page menu-item-has-children menu-item-1303\"><a href=\"https:\/\/fcfrp.usp.br\/es\/institucional\/\">Institucional<\/a>\n<ul class=\"sub-menu\">\n\t<li id=\"menu-item-1305\" class=\"menu-item menu-item-type-post_type menu-item-object-page menu-item-1305\"><a href=\"https:\/\/fcfrp.usp.br\/es\/institucional\/diretoria\/\">Junta<\/a><\/li>\n\t<li id=\"menu-item-1306\" class=\"menu-item menu-item-type-post_type menu-item-object-page menu-item-1306\"><a href=\"https:\/\/fcfrp.usp.br\/es\/institucional\/departamentos\/\">Departamentos<\/a><\/li>\n\t<li id=\"menu-item-1307\" class=\"menu-item menu-item-type-post_type menu-item-object-page menu-item-1307\"><a href=\"https:\/\/fcfrp.usp.br\/es\/institucional\/administracao\/\">Administracion<\/a><\/li>\n\t<li id=\"menu-item-10520\" class=\"menu-item menu-item-type-post_type menu-item-object-page menu-item-10520\"><a href=\"https:\/\/fcfrp.usp.br\/es\/institucional\/cap\/\">Centro de Soporte de Proyectos<\/a><\/li>\n\t<li id=\"menu-item-1311\" class=\"menu-item menu-item-type-post_type menu-item-object-page menu-item-has-children menu-item-1311\"><a href=\"https:\/\/fcfrp.usp.br\/es\/institucional\/servicos\/\">Nuestros Servivios<\/a>\n\t<ul class=\"sub-menu\">\n\t\t<li id=\"menu-item-1353\" class=\"menu-item menu-item-type-post_type menu-item-object-page menu-item-has-children menu-item-1353\"><a href=\"https:\/\/fcfrp.usp.br\/es\/institucional\/servicos\/analises-clinicas\/\">Servicio de An\u00e1lisis Cl\u00ednico<\/a>\n\t\t<ul class=\"sub-menu\">\n\t\t\t<li id=\"menu-item-2264\" class=\"menu-item menu-item-type-post_type menu-item-object-page menu-item-2264\"><a target=\"_blank\" href=\"https:\/\/fcfrp-usp.laborlis.net\/\">Resultados del Examen<\/a><\/li>\n\t\t\t<li id=\"menu-item-2215\" class=\"menu-item menu-item-type-post_type menu-item-object-page menu-item-2215\"><a href=\"https:\/\/fcfrp.usp.br\/es\/institucional\/servicos\/analises-clinicas\/equipe-sac\/\">Equipo SAC<\/a><\/li>\n\t\t\t<li id=\"menu-item-2214\" class=\"menu-item menu-item-type-post_type menu-item-object-page menu-item-2214\"><a href=\"https:\/\/fcfrp.usp.br\/es\/institucional\/servicos\/analises-clinicas\/exames-sac\/\">Ex\u00e1menes y Preparaci\u00f3n<\/a><\/li>\n\t\t<\/ul>\n<\/li>\n\t\t<li id=\"menu-item-1352\" class=\"menu-item menu-item-type-post_type menu-item-object-page menu-item-1352\"><a href=\"https:\/\/fcfrp.usp.br\/es\/institucional\/servicos\/analises-toxicologicas\/\">Servicio de An\u00e1lisis Toxicol\u00f3gico<\/a><\/li>\n\t\t<li id=\"menu-item-1351\" class=\"menu-item menu-item-type-post_type menu-item-object-page menu-item-has-children menu-item-1351\"><a href=\"https:\/\/fcfrp.usp.br\/es\/institucional\/servicos\/servico-farmaceutico\/\">Servicio Farmaceutico<\/a>\n\t\t<ul class=\"sub-menu\">\n\t\t\t<li id=\"menu-item-2405\" class=\"menu-item menu-item-type-post_type menu-item-object-page menu-item-2405\"><a href=\"https:\/\/fcfrp.usp.br\/es\/institucional\/servicos\/servico-farmaceutico\/equipe-farmacia\/\">Equipo de Farmacia<\/a><\/li>\n\t\t\t<li id=\"menu-item-5706\" class=\"menu-item menu-item-type-post_type menu-item-object-page menu-item-5706\"><a href=\"https:\/\/fcfrp.usp.br\/es\/institucional\/servicos\/servico-farmaceutico\/equipe-servico-farmaceutico\/\">Equipo de Servicio Farmac\u00e9utico<\/a><\/li>\n\t\t\t<li id=\"menu-item-2404\" class=\"menu-item menu-item-type-post_type menu-item-object-page menu-item-2404\"><a href=\"https:\/\/fcfrp.usp.br\/es\/institucional\/servicos\/servico-farmaceutico\/servicos-farmacia\/\">Servicios<\/a><\/li>\n\t\t<\/ul>\n<\/li>\n\t<\/ul>\n<\/li>\n\t<li id=\"menu-item-2702\" class=\"menu-item menu-item-type-post_type menu-item-object-page menu-item-2702\"><a href=\"https:\/\/fcfrp.usp.br\/es\/institucional\/comissoes\/\">Comisiones<\/a><\/li>\n\t<li id=\"menu-item-1312\" class=\"menu-item menu-item-type-post_type menu-item-object-page menu-item-1312\"><a href=\"https:\/\/fcfrp.usp.br\/es\/institucional\/concursos\/\">Concursos Publicos<\/a><\/li>\n\t<li id=\"menu-item-6216\" class=\"menu-item menu-item-type-custom menu-item-object-custom menu-item-6216\"><a href=\"https:\/\/fcfrp.usp.br\/es\/institucional\/administracao\/assistencia-tecnica-financeira\/prov-materiais\/\">Ofertas<\/a><\/li>\n\t<li id=\"menu-item-1304\" class=\"menu-item menu-item-type-post_type menu-item-object-page current_page_parent menu-item-1304\"><a href=\"https:\/\/fcfrp.usp.br\/es\/institucional\/eventos-noticias\/\">Eventos \/ Noticias<\/a><\/li>\n\t<li id=\"menu-item-1313\" class=\"menu-item menu-item-type-post_type menu-item-object-page menu-item-1313\"><a target=\"_blank\" href=\"https:\/\/fcfrp.usp.br\/wp-content\/uploads\/sites\/528\/2025\/03\/Lista-de-ramais-marco-2025.pdf\">Servidores<\/a><\/li>\n\t<li id=\"menu-item-7212\" class=\"menu-item menu-item-type-post_type menu-item-object-page menu-item-7212\"><a href=\"https:\/\/fcfrp.usp.br\/es\/institucional\/identidade-visual\/\">Identidad Visual<\/a><\/li>\n<\/ul>\n<\/li>\n<\/ul><\/div><\/div><\/div><\/div><\/div>","protected":false},"excerpt":{"rendered":"<p>Supervisor T\u00e9cnico Profa. Dra. Marilisa Guimar\u00e3es Lara Email: mlara@fcfrp.usp.br Tel: (16) 3315-0489 &nbsp; &nbsp; O Servi\u00e7o Farmac\u00eautico da Faculdade de Ci\u00eancias Farmac\u00eauticas de Ribeir\u00e3o Preto da Universidade de S\u00e3o Paulo (FCFRP-USP) tem como objetivo atender \u00e0 comunidade oferecendo servi\u00e7os de sa\u00fade e contribuir para a forma\u00e7\u00e3o dos estudantes do Curso de Farm\u00e1cia. Seguindo as atuais<a href=\"https:\/\/fcfrp.usp.br\/es\/institucional\/servicos\/servico-farmaceutico\/\">[&#8230;]<\/a><\/p>\n","protected":false},"author":978,"featured_media":0,"parent":564,"menu_order":2,"comment_status":"closed","ping_status":"closed","template":"template-fullwidth.php","meta":{"footnotes":"","_links_to":"","_links_to_target":""},"class_list":["post-1348","page","type-page","status-publish","hentry"],"_links":{"self":[{"href":"https:\/\/fcfrp.usp.br\/es\/wp-json\/wp\/v2\/pages\/1348","targetHints":{"allow":["GET"]}}],"collection":[{"href":"https:\/\/fcfrp.usp.br\/es\/wp-json\/wp\/v2\/pages"}],"about":[{"href":"https:\/\/fcfrp.usp.br\/es\/wp-json\/wp\/v2\/types\/page"}],"author":[{"embeddable":true,"href":"https:\/\/fcfrp.usp.br\/es\/wp-json\/wp\/v2\/users\/978"}],"replies":[{"embeddable":true,"href":"https:\/\/fcfrp.usp.br\/es\/wp-json\/wp\/v2\/comments?post=1348"}],"version-history":[{"count":4,"href":"https:\/\/fcfrp.usp.br\/es\/wp-json\/wp\/v2\/pages\/1348\/revisions"}],"predecessor-version":[{"id":5933,"href":"https:\/\/fcfrp.usp.br\/es\/wp-json\/wp\/v2\/pages\/1348\/revisions\/5933"}],"up":[{"embeddable":true,"href":"https:\/\/fcfrp.usp.br\/es\/wp-json\/wp\/v2\/pages\/564"}],"wp:attachment":[{"href":"https:\/\/fcfrp.usp.br\/es\/wp-json\/wp\/v2\/media?parent=1348"}],"curies":[{"name":"wp","href":"https:\/\/api.w.org\/{rel}","templated":true}]}}