{"id":2165,"date":"2020-04-19T09:35:15","date_gmt":"2020-04-19T11:35:15","guid":{"rendered":"https:\/\/sites.usp.br\/fcfrp\/?page_id=2165"},"modified":"2026-02-24T11:32:36","modified_gmt":"2026-02-24T13:32:36","slug":"secao-posgraduacao","status":"publish","type":"page","link":"https:\/\/fcfrp.usp.br\/es\/institucional\/administracao\/atac\/secao-posgraduacao\/","title":{"rendered":"Servicio de Posgraduaci\u00f3n"},"content":{"rendered":"<div id=\"pl-2165\"  class=\"panel-layout\" ><div id=\"pg-2165-0\"  class=\"panel-grid panel-no-style\" ><div id=\"pgc-2165-0-0\"  class=\"panel-grid-cell\" ><div id=\"panel-2165-0-0-0\" class=\"so-panel widget widget_text panel-first-child panel-last-child\" data-index=\"0\" >\t\t\t<div class=\"textwidget\"><h4><strong>Respons\u00e1vel pelo Servi\u00e7o de P\u00f3s-Gradua\u00e7\u00e3o<\/strong><\/h4>\n<h3>Henrique Theodoro<a href=\"https:\/\/fcfrp.usp.br\/wp-content\/uploads\/sites\/528\/2021\/09\/anonimo.jpg\"><img loading=\"lazy\" decoding=\"async\" class=\"wp-image-9066 size-full alignright\" src=\"https:\/\/fcfrp.usp.br\/wp-content\/uploads\/sites\/528\/2026\/02\/henrique.jpg\" alt=\"\" width=\"100\" height=\"128\" \/><\/a><\/h3>\n<p>Email: spg@fcfrp.usp.br<br \/>\n<i>Telefone e\u00a0<a href=\"https:\/\/wa.me\/551633154154\" target=\"_blank\" rel=\"noopener\" data-saferedirecturl=\"https:\/\/www.google.com\/url?q=https:\/\/wa.me\/551633154154&amp;source=gmail&amp;ust=1772019855501000&amp;usg=AOvVaw1ZL9URSGxDB1LCZQxcseja\">WhatsApp<\/a>: +55 (16) 3315-4154<br \/>\nAtendimento das 11h \u00e0s\u00a017h\u00a0\u00a0<\/i><\/p>\n<p>&nbsp;<\/p>\n<p>&nbsp;<\/p>\n<p>&nbsp;<\/p>\n<h4><strong>Hor\u00e1rio de Funcionamento<\/strong><\/h4>\n<div style=\"text-align: justify;\">Segunda a Sexta-feira: das 8:00 \u00e0s 17:00 h<\/div>\n<p>&nbsp;<\/p>\n<h4><strong>Hor\u00e1rio de Atendimento ao P\u00fablico<\/strong><\/h4>\n<div style=\"text-align: justify;\">Segunda a Sexta-feira: das 11:00 \u00e0s 17:00 h<\/div>\n<p>&nbsp;<\/p>\n<p>&nbsp;<\/p>\n<h4><strong>Localiza\u00e7\u00e3o<\/strong><\/h4>\n<div style=\"text-align: justify;\">Sala 121-C do do Bloco H da Faculdade de Ci\u00eancias Farmac\u00eauticas de Ribeir\u00e3o Preto &#8211; USP<\/div>\n<\/div>\n\t\t<\/div><\/div><div id=\"pgc-2165-0-1\"  class=\"panel-grid-cell\" ><div id=\"panel-2165-0-1-0\" class=\"so-panel widget widget_nav_menu panel-first-child panel-last-child\" data-index=\"1\" ><div class=\"menu-menu-pos-container\"><ul id=\"menu-menu-pos\" class=\"menu\"><li id=\"menu-item-4250\" class=\"menu-item menu-item-type-post_type menu-item-object-page menu-item-has-children menu-item-4250\"><a href=\"https:\/\/fcfrp.usp.br\/es\/ensino\/\">Ense\u00f1anza<\/a>\n<ul class=\"sub-menu\">\n\t<li id=\"menu-item-4251\" class=\"menu-item menu-item-type-post_type menu-item-object-page menu-item-4251\"><a href=\"https:\/\/fcfrp.usp.br\/es\/ensino\/graduacao\/\">Graduaci\u00f3n<\/a><\/li>\n\t<li id=\"menu-item-4252\" class=\"menu-item menu-item-type-post_type menu-item-object-page menu-item-has-children menu-item-4252\"><a href=\"https:\/\/fcfrp.usp.br\/es\/ensino\/pos-graduacao\/\">Posgraduaci\u00f3n<\/a>\n\t<ul class=\"sub-menu\">\n\t\t<li id=\"menu-item-4253\" class=\"menu-item menu-item-type-post_type menu-item-object-page menu-item-4253\"><a href=\"https:\/\/fcfrp.usp.br\/es\/ensino\/pos-graduacao\/comissao-pos-graduacao\/\">Comisi\u00f3n de Posgraduaci\u00f3n<\/a><\/li>\n\t\t<li id=\"menu-item-4249\" class=\"menu-item menu-item-type-post_type menu-item-object-page menu-item-4249\"><a href=\"https:\/\/fcfrp.usp.br\/es\/institucional\/administracao\/atac\/secao-posgraduacao\/\">Servicio de Posgraduaci\u00f3n<\/a><\/li>\n\t\t<li id=\"menu-item-4266\" class=\"menu-item menu-item-type-post_type menu-item-object-page menu-item-4266\"><a href=\"https:\/\/fcfrp.usp.br\/es\/ensino\/pos-graduacao\/biociencias-biotecnologia\/\">Programa de Biociencias y Biotecnolog\u00eda<\/a><\/li>\n\t\t<li id=\"menu-item-4267\" class=\"menu-item menu-item-type-post_type menu-item-object-page menu-item-4267\"><a href=\"https:\/\/fcfrp.usp.br\/es\/ensino\/pos-graduacao\/ciencias-farmaceuticas\/\">Programa de Ciencias Farmac\u00e9uticas<\/a><\/li>\n\t\t<li id=\"menu-item-4265\" class=\"menu-item menu-item-type-post_type menu-item-object-page menu-item-4265\"><a href=\"https:\/\/fcfrp.usp.br\/es\/ensino\/pos-graduacao\/toxicologia\/\">Programa de Toxicolog\u00eda<\/a><\/li>\n\t\t<li id=\"menu-item-4508\" class=\"menu-item menu-item-type-post_type menu-item-object-page menu-item-4508\"><a href=\"https:\/\/fcfrp.usp.br\/es\/ensino\/pos-graduacao\/defesas\/\">Defensas<\/a><\/li>\n\t\t<li id=\"menu-item-4529\" class=\"menu-item menu-item-type-post_type menu-item-object-page menu-item-4529\"><a href=\"https:\/\/fcfrp.usp.br\/es\/ensino\/pos-graduacao\/diplomas\/\">Diplomas<\/a><\/li>\n\t\t<li id=\"menu-item-4550\" class=\"menu-item menu-item-type-post_type menu-item-object-page menu-item-4550\"><a href=\"https:\/\/fcfrp.usp.br\/es\/ensino\/pos-graduacao\/pae\/\">Programa de Mejora Docente (PAE)<\/a><\/li>\n\t\t<li id=\"menu-item-4563\" class=\"menu-item menu-item-type-post_type menu-item-object-page menu-item-4563\"><a href=\"https:\/\/fcfrp.usp.br\/es\/ensino\/pos-graduacao\/historia\/\">Historia de los Estudios de Posgrado<\/a><\/li>\n\t\t<li id=\"menu-item-4504\" class=\"menu-item menu-item-type-post_type menu-item-object-page menu-item-4504\"><a href=\"https:\/\/fcfrp.usp.br\/es\/ensino\/pos-graduacao\/pg-regimento\/\">Regulaciones y Reglas<\/a><\/li>\n\t\t<li id=\"menu-item-5086\" class=\"menu-item menu-item-type-post_type menu-item-object-page menu-item-5086\"><a href=\"https:\/\/fcfrp.usp.br\/es\/ensino\/pos-graduacao\/colaboradores\/\">Colaboradores Internacionales<\/a><\/li>\n\t<\/ul>\n<\/li>\n<\/ul>\n<\/li>\n<\/ul><\/div><\/div><\/div><\/div><\/div>","protected":false},"excerpt":{"rendered":"<p>Respons\u00e1vel pelo Servi\u00e7o de P\u00f3s-Gradua\u00e7\u00e3o Henrique Theodoro Email: spg@fcfrp.usp.br Telefone e\u00a0WhatsApp: +55 (16) 3315-4154 Atendimento das 11h \u00e0s\u00a017h\u00a0\u00a0 &nbsp; &nbsp; &nbsp; Hor\u00e1rio de Funcionamento Segunda a Sexta-feira: das 8:00 \u00e0s 17:00 h &nbsp; Hor\u00e1rio de Atendimento ao P\u00fablico Segunda a Sexta-feira: das 11:00 \u00e0s 17:00 h &nbsp; &nbsp; Localiza\u00e7\u00e3o Sala 121-C do do Bloco H<a href=\"https:\/\/fcfrp.usp.br\/es\/institucional\/administracao\/atac\/secao-posgraduacao\/\">[&#8230;]<\/a><\/p>\n","protected":false},"author":978,"featured_media":0,"parent":1008,"menu_order":1,"comment_status":"closed","ping_status":"closed","template":"template-fullwidth.php","meta":{"footnotes":"","_links_to":"","_links_to_target":""},"class_list":["post-2165","page","type-page","status-publish","hentry"],"_links":{"self":[{"href":"https:\/\/fcfrp.usp.br\/es\/wp-json\/wp\/v2\/pages\/2165","targetHints":{"allow":["GET"]}}],"collection":[{"href":"https:\/\/fcfrp.usp.br\/es\/wp-json\/wp\/v2\/pages"}],"about":[{"href":"https:\/\/fcfrp.usp.br\/es\/wp-json\/wp\/v2\/types\/page"}],"author":[{"embeddable":true,"href":"https:\/\/fcfrp.usp.br\/es\/wp-json\/wp\/v2\/users\/978"}],"replies":[{"embeddable":true,"href":"https:\/\/fcfrp.usp.br\/es\/wp-json\/wp\/v2\/comments?post=2165"}],"version-history":[{"count":4,"href":"https:\/\/fcfrp.usp.br\/es\/wp-json\/wp\/v2\/pages\/2165\/revisions"}],"predecessor-version":[{"id":16249,"href":"https:\/\/fcfrp.usp.br\/es\/wp-json\/wp\/v2\/pages\/2165\/revisions\/16249"}],"up":[{"embeddable":true,"href":"https:\/\/fcfrp.usp.br\/es\/wp-json\/wp\/v2\/pages\/1008"}],"wp:attachment":[{"href":"https:\/\/fcfrp.usp.br\/es\/wp-json\/wp\/v2\/media?parent=2165"}],"curies":[{"name":"wp","href":"https:\/\/api.w.org\/{rel}","templated":true}]}}