{"id":2463,"date":"2020-04-21T22:50:10","date_gmt":"2020-04-22T00:50:10","guid":{"rendered":"https:\/\/sites.usp.br\/fcfrp\/?page_id=2463"},"modified":"2022-02-25T11:30:25","modified_gmt":"2022-02-25T13:30:25","slug":"programas-extensao","status":"publish","type":"page","link":"https:\/\/fcfrp.usp.br\/es\/pesquisa-extensao\/extensao\/programas-extensao\/","title":{"rendered":"Programas y Proyectos"},"content":{"rendered":"<div id=\"pl-2463\"  class=\"panel-layout\" ><div id=\"pg-2463-0\"  class=\"panel-grid panel-no-style\" ><div id=\"pgc-2463-0-0\"  class=\"panel-grid-cell\" ><div id=\"panel-2463-0-0-0\" class=\"so-panel widget widget_text panel-first-child panel-last-child\" data-index=\"0\" >\t\t\t<div class=\"textwidget\"><div style=\"text-align: justify; text-indent: 30pt;\">Visando ampliar sua inser\u00e7\u00e3o nos grandes temas regionais e nacionais, promovendo e desenvolvendo projetos sociais, a FCFRP participa de diversos programas, projetos e campanhas.<\/div>\n<p>&nbsp;<\/p>\n<h4><strong>Programas USP-Comunidade da pr\u00f3-Reitoria de Cultura e Extens\u00e3o Universit\u00e1ria da USP<\/strong><\/h4>\n<h4><a href=\"https:\/\/prceu.usp.br\/programa\/usp-e-as-profissoes\/\" target=\"_blank\" rel=\"noopener\">USP e as Profiss\u00f5es &#8211; Visita Monitorada<\/a><\/h4>\n<div style=\"text-align: justify;\">A FCFRP promove visita monitorada para alunos do ensino m\u00e9dio e de cursinhos pr\u00e9-vestibulares com o objetivo de apresentar o curso de Farm\u00e1cia-Bioqu\u00edmica e a atua\u00e7\u00e3o do profissional farmac\u00eautico. Nesse evento, os alunos visitam a Farm\u00e1cia-Ensino e v\u00e1rios dos laborat\u00f3rios.<br \/>\nDesde 2020, devido \u00e0 epidemia do COVID-19, as visitas est\u00e3o suspensas por ordem da Pr\u00f3-Reitoria de Cultura e Extens\u00e3o Universit\u00e1ria. Quando houver um calend\u00e1rio de visitas informaremos aqui.<\/div>\n<p>&nbsp;<\/p>\n<h4><a href=\"https:\/\/prceu.usp.br\/programa\/publicacoes-do-programa-universidade-aberta-a-terceira-idade\/\" target=\"_blank\" rel=\"noopener\">USP +60<\/a><\/h4>\n<div style=\"text-align: justify;\">Trata-se de um programa da PRCEU que visa possibilitar ao idoso aprofundar conhecimentos em alguma \u00e1rea de seu interesse.<br \/>\nPara o 1\u00ba semestre de 2022 a FCFRP oferece a atividade \u201cAssist\u00eancia ao Hipertenso: Preven\u00e7\u00e3o da Morbimortalidade Cardiovascular\u201d:<br \/>\n25\/01 a 26\/07, \u00faltima ter\u00e7a de cada m\u00eas<br \/>\n9:00-11:00<br \/>\nECEU \u2013 Av. Nove de Julho, 980<br \/>\nN\u00e3o \u00e9 necess\u00e1rio fazer inscri\u00e7\u00e3o e n\u00e3o \u00e9 necess\u00e1rio ter participado dos encontros anteriores.<br \/>\nMais informa\u00e7\u00f5es:<br \/>\nSite: <a href=\"http:\/\/arepah.blogspot.com\" target=\"_blank\" rel=\"noopener\">http:\/\/arepah.blogspot.com<\/a><br \/>\nFacebook: <a href=\"https:\/\/www.facebook.com\/arepah10rp\/\" target=\"_blank\" rel=\"noopener\">https:\/\/www.facebook.com\/arepah10rp\/<\/a><br \/>\nInstagram: <a href=\"https:\/\/www.instagram.com\/arepah_rp\/\" target=\"_blank\" rel=\"noopener\">https:\/\/www.instagram.com\/arepah_rp\/<\/a><\/div>\n<p>&nbsp;<\/p>\n<h4><strong>Projetos da FCFRP<\/strong><\/h4>\n<h4>Campanha Nacional pelo Uso Correto de Medicamentos (5 de Maio)<\/h4>\n<div style=\"text-align: justify;\">Estudantes de Farm\u00e1cia de todo o Brasil trabalham pela sa\u00fade ao participarem da \u201cCampanha Nacional pelo Uso Correto de Medicamentos\u201d que acontece no dia 5 de maio. Nessa campanha os estudantes v\u00e3o \u00e0s ruas, hospitais, farm\u00e1cias e postos de sa\u00fade, conversam com a popula\u00e7\u00e3o e entregam panfletos com o intuito de alertar sobre os riscos do uso irracional de medicamentos. O Centro Acad\u00eamico Louren\u00e7o Roselino, da Faculdade de Ci\u00eancias Farmac\u00eautica de Ribeir\u00e3o Preto\/USP (FCFRP\/USP) realiza a Campanha sempre na Pra\u00e7a XV de novembro, sob a supervis\u00e3o de docentes da Faculdade e apoio da Comiss\u00e3o de Cultura e Extens\u00e3o Universit\u00e1ria e da Pr\u00f3-Reitoria de Cultura e Extens\u00e3o Universit\u00e1ria, que custeia as despesas com a divulga\u00e7\u00e3o, prepara\u00e7\u00e3o e realiza\u00e7\u00e3o de atividades que incrementam a proposta do evento nacional. H\u00e1 orienta\u00e7\u00e3o sobre doen\u00e7as cr\u00f4nicas, aferi\u00e7\u00e3o de press\u00e3o arterial, informa\u00e7\u00f5es sobre medicamentos gen\u00e9ricos, homeop\u00e1ticos, fitoter\u00e1picos e demais medicamentos. A campanha conta ainda com participa\u00e7\u00e3o de outro programa desenvolvido na Faculdade, o Programa Assistencialista Sociocultural dos Estudantes de Farm\u00e1cia (PASCEF), que desenvolve atividades educativas para as crian\u00e7as como pintura, jogos, teatro que abordam temas de sa\u00fade p\u00fablica (ex. dengue), doen\u00e7as, h\u00e1bitos de vida e higiene, entre outros.<\/div>\n<p>&nbsp;<\/p>\n<h4><strong>Projeto do Minist\u00e9rio da Defesa<\/strong><\/h4>\n<h4>Projeto Rondon<\/h4>\n<div style=\"text-align: justify;\">A FCFRP participa desse projeto de integra\u00e7\u00e3o social que envolve a participa\u00e7\u00e3o volunt\u00e1ria de estudantes universit\u00e1rios na busca de solu\u00e7\u00f5es que contribuam para o desenvolvimento sustent\u00e1vel de comunidades carentes e ampliem o bem-estar da popula\u00e7\u00e3o. O <a href=\"http:\/\/projetorondon.pagina-oficial.com\/portal\/\" target=\"_blank\" rel=\"noopener\">Projeto Rondon<\/a> \u00e9 coordenado pelo Minist\u00e9rio da Defesa do Brasil.<\/div>\n<\/div>\n\t\t<\/div><\/div><div id=\"pgc-2463-0-1\"  class=\"panel-grid-cell\" ><div id=\"panel-2463-0-1-0\" class=\"so-panel widget widget_nav_menu panel-first-child panel-last-child\" data-index=\"1\" ><div class=\"menu-menu-extensao-container\"><ul id=\"menu-menu-extensao\" class=\"menu\"><li id=\"menu-item-5943\" class=\"menu-item menu-item-type-post_type menu-item-object-page menu-item-has-children menu-item-5943\"><a href=\"https:\/\/fcfrp.usp.br\/es\/pesquisa-extensao\/\">Investigaci\u00f3n \/ Extensi\u00f3n<\/a>\n<ul class=\"sub-menu\">\n\t<li id=\"menu-item-5944\" class=\"menu-item menu-item-type-post_type menu-item-object-page menu-item-5944\"><a href=\"https:\/\/fcfrp.usp.br\/es\/pesquisa-extensao\/pesquisa\/\">Investigaci\u00f3n<\/a><\/li>\n\t<li id=\"menu-item-5945\" class=\"menu-item menu-item-type-post_type menu-item-object-page menu-item-has-children menu-item-5945\"><a href=\"https:\/\/fcfrp.usp.br\/es\/pesquisa-extensao\/extensao\/\">Cultura y Extensi\u00f3n<\/a>\n\t<ul class=\"sub-menu\">\n\t\t<li id=\"menu-item-5946\" class=\"menu-item menu-item-type-post_type menu-item-object-page menu-item-5946\"><a href=\"https:\/\/fcfrp.usp.br\/es\/pesquisa-extensao\/extensao\/cursos-extensao\/\">Cursos y Actividades<\/a><\/li>\n\t\t<li id=\"menu-item-6781\" class=\"menu-item menu-item-type-post_type menu-item-object-page menu-item-6781\"><a href=\"https:\/\/fcfrp.usp.br\/es\/pesquisa-extensao\/extensao\/fepusp\/\">Feria de Profesiones<\/a><\/li>\n\t\t<li id=\"menu-item-11497\" class=\"menu-item menu-item-type-post_type menu-item-object-page menu-item-11497\"><a href=\"https:\/\/fcfrp.usp.br\/es\/pesquisa-extensao\/extensao\/material-divulgacao\/\">Material Promocional<\/a><\/li>\n\t\t<li id=\"menu-item-5947\" class=\"menu-item menu-item-type-post_type menu-item-object-page menu-item-5947\"><a href=\"https:\/\/fcfrp.usp.br\/es\/pesquisa-extensao\/extensao\/programas-extensao\/\">Programas y Proyectos<\/a><\/li>\n\t<\/ul>\n<\/li>\n<\/ul>\n<\/li>\n<\/ul><\/div><\/div><\/div><\/div><\/div>","protected":false},"excerpt":{"rendered":"<p>Visando ampliar sua inser\u00e7\u00e3o nos grandes temas regionais e nacionais, promovendo e desenvolvendo projetos sociais, a FCFRP participa de diversos programas, projetos e campanhas. &nbsp; Programas USP-Comunidade da pr\u00f3-Reitoria de Cultura e Extens\u00e3o Universit\u00e1ria da USP USP e as Profiss\u00f5es &#8211; Visita Monitorada A FCFRP promove visita monitorada para alunos do ensino m\u00e9dio e de<a href=\"https:\/\/fcfrp.usp.br\/es\/pesquisa-extensao\/extensao\/programas-extensao\/\">[&#8230;]<\/a><\/p>\n","protected":false},"author":978,"featured_media":0,"parent":458,"menu_order":1,"comment_status":"closed","ping_status":"closed","template":"template-fullwidth.php","meta":{"footnotes":"","_links_to":"","_links_to_target":""},"class_list":["post-2463","page","type-page","status-publish","hentry"],"_links":{"self":[{"href":"https:\/\/fcfrp.usp.br\/es\/wp-json\/wp\/v2\/pages\/2463","targetHints":{"allow":["GET"]}}],"collection":[{"href":"https:\/\/fcfrp.usp.br\/es\/wp-json\/wp\/v2\/pages"}],"about":[{"href":"https:\/\/fcfrp.usp.br\/es\/wp-json\/wp\/v2\/types\/page"}],"author":[{"embeddable":true,"href":"https:\/\/fcfrp.usp.br\/es\/wp-json\/wp\/v2\/users\/978"}],"replies":[{"embeddable":true,"href":"https:\/\/fcfrp.usp.br\/es\/wp-json\/wp\/v2\/comments?post=2463"}],"version-history":[{"count":4,"href":"https:\/\/fcfrp.usp.br\/es\/wp-json\/wp\/v2\/pages\/2463\/revisions"}],"predecessor-version":[{"id":10121,"href":"https:\/\/fcfrp.usp.br\/es\/wp-json\/wp\/v2\/pages\/2463\/revisions\/10121"}],"up":[{"embeddable":true,"href":"https:\/\/fcfrp.usp.br\/es\/wp-json\/wp\/v2\/pages\/458"}],"wp:attachment":[{"href":"https:\/\/fcfrp.usp.br\/es\/wp-json\/wp\/v2\/media?parent=2463"}],"curies":[{"name":"wp","href":"https:\/\/api.w.org\/{rel}","templated":true}]}}