{"id":2710,"date":"2020-04-25T09:07:35","date_gmt":"2020-04-25T11:07:35","guid":{"rendered":"https:\/\/sites.usp.br\/fcfrp\/?page_id=2710"},"modified":"2025-10-17T14:08:55","modified_gmt":"2025-10-17T16:08:55","slug":"comissao-treinamento","status":"publish","type":"page","link":"https:\/\/fcfrp.usp.br\/es\/institucional\/comissoes\/comissao-treinamento\/","title":{"rendered":"Comisi\u00f3n de Capacitaci\u00f3n y Desarrollo de Servidores T\u00e9cnicos y Administrativos"},"content":{"rendered":"<div id=\"pl-2710\"  class=\"panel-layout\" ><div id=\"pg-2710-0\"  class=\"panel-grid panel-no-style\" ><div id=\"pgc-2710-0-0\"  class=\"panel-grid-cell\" ><div id=\"panel-2710-0-0-0\" class=\"so-panel widget widget_text panel-first-child panel-last-child\" data-index=\"0\" >\t\t\t<div class=\"textwidget\"><h4><strong>Atribui\u00e7\u00f5es da Comiss\u00e3o de Treinamento<\/strong><\/h4>\n<div style=\"text-align: justify;\">&#8211; Responsabilizar-se pela interface da sua Unidade\/\u00d3rg\u00e3o com o Departamento de Recursos Humanos da Reitoria;<br \/>\n&#8211; Coordenar as a\u00e7\u00f5es de Treinamento em sua Unidade;<br \/>\n&#8211; Divulgar normas, procedimentos e a\u00e7\u00f5es de treinamento estabelecidos pelo DRH;<br \/>\n&#8211; Divulgar e orientar as chefias de sua Unidade quanto \u00e0s justificativas, objetivos e conte\u00fados dos programas de treinamento;<br \/>\n&#8211; Manter-se atualizado no que se refere \u00e0 participa\u00e7\u00e3o e ao aproveitamento dos treinados em sua Unidade;<br \/>\n&#8211; Manter-se atualizado quanto \u00e0s a\u00e7\u00f5es de treinamento promovidas por sua Unidade, n\u00famero de participantes, cursos, datas, etc, para alimentar os registros do DRH;<br \/>\n&#8211; Incentivar a participa\u00e7\u00e3o dos funcion\u00e1rios nos programas de treinamento;<br \/>\n&#8211; Estar apto a fornecer informa\u00e7\u00f5es sobre verba de treinamento, procedimentos e vias de acesso para a realiza\u00e7\u00e3o das a\u00e7\u00f5es de treinamento.<\/div>\n<p>&nbsp;<\/p>\n<p>&nbsp;<\/p>\n<h4><strong>Membros<\/strong><\/h4>\n<div style=\"text-align: justify;\">Cl\u00e9ber Jos\u00e9 Lupachini<br \/>\nMarcelo da Costa Gon\u00e7alves<br \/>\nMaria Sebastiana Yanota<br \/>\nV\u00e2nia Rosa de Paula<br \/>\nJoseane Cristina Ferreira<br \/>\nNilva Aparecida Afonso Ruggiero<br \/>\nLaila Aparecida Deliberto<\/div>\n<p>&nbsp;<\/p>\n<h4><strong>Contato<\/strong><\/h4>\n<div style=\"text-align: justify;\">Email: treinamento@fcfrp.usp.br<\/div>\n<p>&nbsp;<\/p>\n<h4><strong>Crit\u00e9rios para an\u00e1lise das solicita\u00e7\u00f5es de cursos e outros<\/strong><\/h4>\n<div style=\"text-align: justify;\">Ser\u00e3o atendidas as solicita\u00e7\u00f5es devidamente justificadas e fundamentadas, nas atividades do servidor, ressaltando a relev\u00e2ncia do evento e observando os seguintes crit\u00e9rios:<br \/>\n&#8211; Saldo dispon\u00edvel no momento da solicita\u00e7\u00e3o;<br \/>\n&#8211; Cursos obrigat\u00f3rios amparados por lei;<br \/>\n&#8211; Cursos que possam ser disseminados posteriormente aos demais servidores;<br \/>\n&#8211; Congressos \u2013 participa\u00e7\u00e3o com apresenta\u00e7\u00e3o de trabalho ter\u00e1 prioridade sobre a participa\u00e7\u00e3o somente como ouvinte;<br \/>\n&#8211; O valor destinado para eventos internacionais (incluindo di\u00e1rias, transporte, inscri\u00e7\u00e3o, outros&#8230;) poder\u00e1 ser de at\u00e9 R$ 3.600,00 e ser\u00e1 revisado anualmente;<br \/>\n&#8211; O valor destinado para eventos Nacionais (incluindo di\u00e1rias, transporte, inscri\u00e7\u00e3o, outros&#8230;) poder\u00e1 ser de at\u00e9 R$ 1.800,00 e ser\u00e1 revisado anualmente;<br \/>\n&#8211; A solicita\u00e7\u00e3o dever\u00e1 ser entregue \u00e0 Comiss\u00e3o de Treinamento em tempo h\u00e1bil de ser analisado pela Comiss\u00e3o, bem como para o interessado finalizar sua inscri\u00e7\u00e3o dentro do prazo de desconto do evento.<\/div>\n<p>&nbsp;<\/p>\n<h4><strong>Documentos Necess\u00e1rios para a Solicita\u00e7\u00e3o:<\/strong><\/h4>\n<div style=\"text-align: justify;\"><a href=\"https:\/\/sites.usp.br\/fcfrp\/wp-content\/uploads\/sites\/528\/2020\/04\/Formulario_de_Solicitacao_de_Treinamento.doc\" target=\"_blank\" rel=\"noopener\">&#8211; Formul\u00e1rio de Solicita\u00e7\u00e3o de Treinamento<\/a>, devidamente preenchido, justificado e assinado pelo servidor e chefia;<br \/>\n<a href=\"https:\/\/sites.usp.br\/fcfrp\/wp-content\/uploads\/sites\/528\/2020\/04\/Termo_de_Compromisso.doc\" target=\"_blank\" rel=\"noopener\">&#8211; Termo de Compromisso<\/a>, preenchido e assinado;<br \/>\n&#8211; Folder do evento &#8211; destacando a data e local de realiza\u00e7\u00e3o e o valor de inscri\u00e7\u00e3o;<br \/>\n&#8211; Quando for solicitado di\u00e1ria, apresentar a solicita\u00e7\u00e3o (em elabora\u00e7\u00e3o) feita no Sistema Merc\u00fario Web constando o valor total que foi calculado pelo Sistema;<br \/>\n&#8211; A documenta\u00e7\u00e3o referente \u00e0s solicita\u00e7\u00f5es de treinamento dever\u00e3o ser entregues aos representantes dos respectivos Departamentos ou Se\u00e7\u00f5es, membros da comiss\u00e3o.<\/div>\n<p>&nbsp;<\/p>\n<h4><strong>Calend\u00e1rio de Reuni\u00f5es<\/strong><\/h4>\n<div style=\"text-align: justify;\">\n<table width=\"225\">\n<tbody>\n<tr>\n<td width=\"100\"><\/td>\n<td width=\"80\"><\/td>\n<\/tr>\n<tr>\n<td><\/td>\n<td><\/td>\n<\/tr>\n<tr>\n<td><\/td>\n<td><\/td>\n<\/tr>\n<tr>\n<td><\/td>\n<td><\/td>\n<\/tr>\n<\/tbody>\n<\/table>\n<\/div>\n<p>&nbsp;<\/p>\n<h4><strong>Informa\u00e7\u00f5es Adicionais<\/strong><\/h4>\n<div style=\"text-align: justify;\">O valor mensal destinado \u00e0 treinamentos dos servidores t\u00e9cnicos e administrativos da FCFRP \u00e9 de R$ 2160,92.<\/div>\n<\/div>\n\t\t<\/div><\/div><div id=\"pgc-2710-0-1\"  class=\"panel-grid-cell\" ><div id=\"panel-2710-0-1-0\" class=\"so-panel widget widget_nav_menu panel-first-child panel-last-child\" data-index=\"1\" ><div class=\"menu-menu-instcomissoes-container\"><ul id=\"menu-menu-instcomissoes\" class=\"menu\"><li id=\"menu-item-2692\" class=\"menu-item menu-item-type-post_type menu-item-object-page menu-item-has-children menu-item-2692\"><a href=\"https:\/\/fcfrp.usp.br\/es\/institucional\/\">Institucional<\/a>\n<ul class=\"sub-menu\">\n\t<li id=\"menu-item-2694\" class=\"menu-item menu-item-type-post_type menu-item-object-page menu-item-2694\"><a href=\"https:\/\/fcfrp.usp.br\/es\/institucional\/diretoria\/\">Junta<\/a><\/li>\n\t<li id=\"menu-item-2695\" class=\"menu-item menu-item-type-post_type menu-item-object-page menu-item-2695\"><a href=\"https:\/\/fcfrp.usp.br\/es\/institucional\/departamentos\/\">Departamentos<\/a><\/li>\n\t<li id=\"menu-item-2696\" class=\"menu-item menu-item-type-post_type menu-item-object-page menu-item-2696\"><a href=\"https:\/\/fcfrp.usp.br\/es\/institucional\/administracao\/\">Administracion<\/a><\/li>\n\t<li id=\"menu-item-10509\" class=\"menu-item menu-item-type-post_type menu-item-object-page menu-item-10509\"><a href=\"https:\/\/fcfrp.usp.br\/es\/institucional\/cap\/\">Centro de Soporte de Proyectos<\/a><\/li>\n\t<li id=\"menu-item-2689\" class=\"menu-item menu-item-type-post_type menu-item-object-page menu-item-2689\"><a href=\"https:\/\/fcfrp.usp.br\/es\/institucional\/servicos\/\">Nuestros Servivios<\/a><\/li>\n\t<li id=\"menu-item-2718\" class=\"menu-item menu-item-type-post_type menu-item-object-page menu-item-has-children menu-item-2718\"><a href=\"https:\/\/fcfrp.usp.br\/es\/institucional\/comissoes\/\">Comisiones<\/a>\n\t<ul class=\"sub-menu\">\n\t\t<li id=\"menu-item-10441\" class=\"menu-item menu-item-type-post_type menu-item-object-page menu-item-10441\"><a href=\"https:\/\/fcfrp.usp.br\/es\/institucional\/comissoes\/comissao-covid\/\">Comit\u00e9 Asesor de Monitoreo de Covid-19<\/a><\/li>\n\t\t<li id=\"menu-item-10381\" class=\"menu-item menu-item-type-post_type menu-item-object-page menu-item-10381\"><a href=\"https:\/\/fcfrp.usp.br\/es\/institucional\/comissoes\/comissao-infra-pesquisa\/\">Comit\u00e9 Asesor de Infraestructura de Investigaci\u00f3n<\/a><\/li>\n\t\t<li id=\"menu-item-2895\" class=\"menu-item menu-item-type-post_type menu-item-object-page menu-item-2895\"><a href=\"https:\/\/fcfrp.usp.br\/es\/institucional\/comissoes\/comissao-bioterio\/\">Vivarium<\/a><\/li>\n\t\t<li id=\"menu-item-3078\" class=\"menu-item menu-item-type-post_type menu-item-object-page menu-item-3078\"><a href=\"https:\/\/fcfrp.usp.br\/es\/institucional\/comissoes\/comissao-boas-praticas\/\">Buenas Pr\u00e1cticas Cient\u00edficas<\/a><\/li>\n\t\t<li id=\"menu-item-3008\" class=\"menu-item menu-item-type-post_type menu-item-object-page menu-item-3008\"><a href=\"https:\/\/fcfrp.usp.br\/es\/institucional\/comissoes\/brigada\/\">Cuerpo de Bomberos<\/a><\/li>\n\t\t<li id=\"menu-item-2872\" class=\"menu-item menu-item-type-post_type menu-item-object-page menu-item-2872\"><a href=\"https:\/\/fcfrp.usp.br\/es\/institucional\/comissoes\/comissao-biosseguranca\/\">Bioseguridad &#8211; CiBio<\/a><\/li>\n\t\t<li id=\"menu-item-13238\" class=\"menu-item menu-item-type-post_type menu-item-object-page menu-item-13238\"><a href=\"https:\/\/fcfrp.usp.br\/es\/institucional\/comissoes\/cip\/\">Comit\u00e9 de Inclusi\u00f3n y Pertenencia<\/a><\/li>\n\t\t<li id=\"menu-item-2846\" class=\"menu-item menu-item-type-post_type menu-item-object-page menu-item-2846\"><a href=\"https:\/\/fcfrp.usp.br\/es\/institucional\/comissoes\/cipa\/\">CPAI<\/a><\/li>\n\t\t<li id=\"menu-item-3071\" class=\"menu-item menu-item-type-post_type menu-item-object-page menu-item-3071\"><a href=\"https:\/\/fcfrp.usp.br\/es\/institucional\/comissoes\/comite-gestor-liarec\/\">Comit\u00e9 de Alta Direcci\u00f3n del Liarec<\/a><\/li>\n\t\t<li id=\"menu-item-10440\" class=\"menu-item menu-item-type-post_type menu-item-object-page menu-item-10440\"><a href=\"https:\/\/fcfrp.usp.br\/es\/institucional\/comissoes\/comissao-projeto-academico\/\">Comit\u00e9 Coordinador de Proyectos Acad\u00e9micos<\/a><\/li>\n\t\t<li id=\"menu-item-2780\" class=\"menu-item menu-item-type-post_type menu-item-object-page menu-item-2780\"><a href=\"https:\/\/fcfrp.usp.br\/es\/pesquisa-extensao\/extensao\/\">Cultura y Extensi\u00f3n<\/a><\/li>\n\t\t<li id=\"menu-item-5136\" class=\"menu-item menu-item-type-post_type menu-item-object-page menu-item-5136\"><a href=\"https:\/\/fcfrp.usp.br\/es\/institucional\/comissoes\/comissao-difusao\/\">Divulgaci\u00f3n<\/a><\/li>\n\t\t<li id=\"menu-item-2943\" class=\"menu-item menu-item-type-post_type menu-item-object-page menu-item-2943\"><a href=\"https:\/\/fcfrp.usp.br\/es\/institucional\/comissoes\/comite-etica-pesquisa\/\">\u00c9tica de Investigaci\u00f3n<\/a><\/li>\n\t\t<li id=\"menu-item-2799\" class=\"menu-item menu-item-type-post_type menu-item-object-page menu-item-2799\"><a href=\"https:\/\/fcfrp.usp.br\/es\/institucional\/comissoes\/comissao-ceua\/\">\u00c9tica de uso Animal<\/a><\/li>\n\t\t<li id=\"menu-item-2919\" class=\"menu-item menu-item-type-post_type menu-item-object-page menu-item-2919\"><a href=\"https:\/\/fcfrp.usp.br\/es\/institucional\/comissoes\/comissao-residuos-quimicos\/\">Gesti\u00f3n de Residuos Qu\u00edmicos<\/a><\/li>\n\t\t<li id=\"menu-item-2728\" class=\"menu-item menu-item-type-post_type menu-item-object-page menu-item-2728\"><a href=\"https:\/\/fcfrp.usp.br\/es\/institucional\/comissoes\/comissao-residuos-saude\/\">Gesti\u00f3n de Residuos de Servicios de Salud<\/a><\/li>\n\t\t<li id=\"menu-item-2785\" class=\"menu-item menu-item-type-post_type menu-item-object-page menu-item-2785\"><a href=\"https:\/\/fcfrp.usp.br\/es\/ensino\/graduacao\/comissao-graduacao\/\">Graduaci\u00f3n<\/a><\/li>\n\t\t<li id=\"menu-item-2779\" class=\"menu-item menu-item-type-post_type menu-item-object-page menu-item-2779\"><a href=\"https:\/\/fcfrp.usp.br\/es\/pesquisa-extensao\/pesquisa\/\">Investigaci\u00f3n<\/a><\/li>\n\t\t<li id=\"menu-item-2906\" class=\"menu-item menu-item-type-post_type menu-item-object-page menu-item-2906\"><a href=\"https:\/\/fcfrp.usp.br\/es\/ensino\/pos-graduacao\/comissao-pos-graduacao\/\">Posgraduaci\u00f3n<\/a><\/li>\n\t\t<li id=\"menu-item-6132\" class=\"menu-item menu-item-type-post_type menu-item-object-page menu-item-6132\"><a href=\"https:\/\/fcfrp.usp.br\/es\/institucional\/comissoes\/comissoes-pae\/\">Programa de Mejora Docente<\/a><\/li>\n\t\t<li id=\"menu-item-2781\" class=\"menu-item menu-item-type-post_type menu-item-object-page menu-item-has-children menu-item-2781\"><a href=\"https:\/\/fcfrp.usp.br\/es\/institucional\/comissoes\/relacoes-internacionais\/\">Relaciones Internacionales<\/a>\n\t\t<ul class=\"sub-menu\">\n\t\t\t<li id=\"menu-item-5938\" class=\"menu-item menu-item-type-post_type menu-item-object-page menu-item-5938\"><a href=\"https:\/\/fcfrp.usp.br\/es\/institucional\/comissoes\/relacoes-internacionais\/convenios-relacoes-internacionais\/\">Convenios e Informaci\u00f3n<\/a><\/li>\n\t\t<\/ul>\n<\/li>\n\t\t<li id=\"menu-item-3084\" class=\"menu-item menu-item-type-post_type menu-item-object-page menu-item-3084\"><a href=\"https:\/\/fcfrp.usp.br\/es\/institucional\/comissoes\/comissao-seguranca-laboratorios\/\">Seguridad de Laboratorio<\/a><\/li>\n\t\t<li id=\"menu-item-2795\" class=\"menu-item menu-item-type-post_type menu-item-object-page menu-item-2795\"><a href=\"https:\/\/fcfrp.usp.br\/es\/institucional\/comissoes\/comissao-sausp\/\">Sectorial de SAUSP<\/a><\/li>\n\t\t<li id=\"menu-item-2717\" class=\"menu-item menu-item-type-post_type menu-item-object-page menu-item-2717\"><a href=\"https:\/\/fcfrp.usp.br\/es\/institucional\/comissoes\/comissao-treinamento\/\">Formaci\u00f3n y Desarrollo de Servidores No Docentes<\/a><\/li>\n\t\t<li id=\"menu-item-2852\" class=\"menu-item menu-item-type-post_type menu-item-object-page menu-item-2852\"><a href=\"https:\/\/fcfrp.usp.br\/es\/institucional\/comissoes\/comissao-usp-recicla\/\">Recicla USP<\/a><\/li>\n\t\t<li id=\"menu-item-3060\" class=\"menu-item menu-item-type-post_type menu-item-object-page menu-item-3060\"><a href=\"https:\/\/fcfrp.usp.br\/es\/institucional\/comissoes\/comissao-usuarios-liarec\/\">Usuarios del Liarec<\/a><\/li>\n\t<\/ul>\n<\/li>\n\t<li id=\"menu-item-2690\" class=\"menu-item menu-item-type-post_type menu-item-object-page menu-item-2690\"><a href=\"https:\/\/fcfrp.usp.br\/es\/institucional\/concursos\/\">Concursos Publicos<\/a><\/li>\n\t<li id=\"menu-item-6217\" class=\"menu-item menu-item-type-custom menu-item-object-custom menu-item-6217\"><a href=\"https:\/\/fcfrp.usp.br\/es\/institucional\/administracao\/assistencia-tecnica-financeira\/prov-materiais\/\">Ofertas<\/a><\/li>\n\t<li id=\"menu-item-2693\" class=\"menu-item menu-item-type-post_type menu-item-object-page current_page_parent menu-item-2693\"><a href=\"https:\/\/fcfrp.usp.br\/es\/institucional\/eventos-noticias\/\">Eventos \/ Noticias<\/a><\/li>\n\t<li id=\"menu-item-2691\" class=\"menu-item menu-item-type-post_type menu-item-object-page menu-item-2691\"><a target=\"_blank\" href=\"https:\/\/fcfrp.usp.br\/wp-content\/uploads\/sites\/528\/2025\/03\/Lista-de-ramais-marco-2025.pdf\">Servidores<\/a><\/li>\n\t<li id=\"menu-item-7209\" class=\"menu-item menu-item-type-post_type menu-item-object-page menu-item-7209\"><a href=\"https:\/\/fcfrp.usp.br\/es\/institucional\/identidade-visual\/\">Identidad Visual<\/a><\/li>\n<\/ul>\n<\/li>\n<\/ul><\/div><\/div><\/div><\/div><\/div>","protected":false},"excerpt":{"rendered":"<p>Atribui\u00e7\u00f5es da Comiss\u00e3o de Treinamento &#8211; Responsabilizar-se pela interface da sua Unidade\/\u00d3rg\u00e3o com o Departamento de Recursos Humanos da Reitoria; &#8211; Coordenar as a\u00e7\u00f5es de Treinamento em sua Unidade; &#8211; Divulgar normas, procedimentos e a\u00e7\u00f5es de treinamento estabelecidos pelo DRH; &#8211; Divulgar e orientar as chefias de sua Unidade quanto \u00e0s justificativas, objetivos e conte\u00fados<a href=\"https:\/\/fcfrp.usp.br\/es\/institucional\/comissoes\/comissao-treinamento\/\">[&#8230;]<\/a><\/p>\n","protected":false},"author":978,"featured_media":0,"parent":2697,"menu_order":14,"comment_status":"closed","ping_status":"closed","template":"template-fullwidth.php","meta":{"footnotes":"","_links_to":"","_links_to_target":""},"class_list":["post-2710","page","type-page","status-publish","hentry"],"_links":{"self":[{"href":"https:\/\/fcfrp.usp.br\/es\/wp-json\/wp\/v2\/pages\/2710","targetHints":{"allow":["GET"]}}],"collection":[{"href":"https:\/\/fcfrp.usp.br\/es\/wp-json\/wp\/v2\/pages"}],"about":[{"href":"https:\/\/fcfrp.usp.br\/es\/wp-json\/wp\/v2\/types\/page"}],"author":[{"embeddable":true,"href":"https:\/\/fcfrp.usp.br\/es\/wp-json\/wp\/v2\/users\/978"}],"replies":[{"embeddable":true,"href":"https:\/\/fcfrp.usp.br\/es\/wp-json\/wp\/v2\/comments?post=2710"}],"version-history":[{"count":4,"href":"https:\/\/fcfrp.usp.br\/es\/wp-json\/wp\/v2\/pages\/2710\/revisions"}],"predecessor-version":[{"id":15696,"href":"https:\/\/fcfrp.usp.br\/es\/wp-json\/wp\/v2\/pages\/2710\/revisions\/15696"}],"up":[{"embeddable":true,"href":"https:\/\/fcfrp.usp.br\/es\/wp-json\/wp\/v2\/pages\/2697"}],"wp:attachment":[{"href":"https:\/\/fcfrp.usp.br\/es\/wp-json\/wp\/v2\/media?parent=2710"}],"curies":[{"name":"wp","href":"https:\/\/api.w.org\/{rel}","templated":true}]}}