{"id":2725,"date":"2020-04-25T09:19:43","date_gmt":"2020-04-25T11:19:43","guid":{"rendered":"https:\/\/sites.usp.br\/fcfrp\/?page_id=2725"},"modified":"2020-05-22T10:29:22","modified_gmt":"2020-05-22T12:29:22","slug":"comissao-residuos-saude","status":"publish","type":"page","link":"https:\/\/fcfrp.usp.br\/es\/institucional\/comissoes\/comissao-residuos-saude\/","title":{"rendered":"Comisi\u00f3n de Gesti\u00f3n de Residuos de Servicios de Salud"},"content":{"rendered":"<div id=\"pl-2725\"  class=\"panel-layout\" ><div id=\"pg-2725-0\"  class=\"panel-grid panel-no-style\" ><div id=\"pgc-2725-0-0\"  class=\"panel-grid-cell\" ><div id=\"panel-2725-0-0-0\" class=\"so-panel widget widget_text panel-first-child panel-last-child\" data-index=\"0\" >\t\t\t<div class=\"textwidget\"><h4><strong>Presidente<\/strong><\/h4>\n<h3>Maria Em\u00edlia Nadaletto Bonif\u00e1cio da Silva<a href=\"https:\/\/sites.usp.br\/fcfrp\/wp-content\/uploads\/sites\/528\/2020\/04\/mariaemilia.jpg\"><img loading=\"lazy\" decoding=\"async\" class=\"wp-image-2227 size-full alignright\" src=\"https:\/\/sites.usp.br\/fcfrp\/wp-content\/uploads\/sites\/528\/2020\/04\/mariaemilia.jpg\" alt=\"\" width=\"100\" height=\"128\" \/><\/a><\/h3>\n<p>Email: nadaleto@usp.br<br \/>\nTel: (16) 3315-4157<\/p>\n<p>&nbsp;<\/p>\n<h4><strong>Secret\u00e1ria<\/strong><\/h4>\n<h3>Raquel B\u00e1rbara Vieira Barata<a href=\"https:\/\/sites.usp.br\/fcfrp\/wp-content\/uploads\/sites\/528\/2020\/04\/raquel.jpg\"><img loading=\"lazy\" decoding=\"async\" class=\"wp-image-2733 size-full alignright\" src=\"https:\/\/sites.usp.br\/fcfrp\/wp-content\/uploads\/sites\/528\/2020\/04\/raquel.jpg\" alt=\"\" width=\"100\" height=\"128\" \/><\/a><\/h3>\n<p>Email: rbarata@fcfrp.usp.br<br \/>\nTel: (16) 3315-4156<\/p>\n<p>&nbsp;<\/p>\n<p>&nbsp;<\/p>\n<h4><strong>Membros<\/strong><\/h4>\n<div style=\"text-align: justify;\">Profa. Dra. N\u00e1dia Monesi<br \/>\nSolange de Santis<br \/>\nAlessandro Cantolini<br \/>\nCl\u00e1udio Aparecido Ferreira<br \/>\nEdna Aparecida Barizon<br \/>\nJo\u00e3o Jos\u00e9 Franco<\/div>\n<p>&nbsp;<\/p>\n<h4><strong>Contato<\/strong><\/h4>\n<div style=\"text-align: justify;\">Email: nadaleto@usp.br<\/div>\n<p>&nbsp;<\/p>\n<h4><strong>Documentos<\/strong><\/h4>\n<p><a href=\"https:\/\/sites.usp.br\/fcfrp\/wp-content\/uploads\/sites\/528\/2020\/04\/comissao_do_plano_de_gerenciamento_de_residuos_solidos_de_sa.pdf\" target=\"_blank\" rel=\"noopener\">&#8211; Comiss\u00e3o do Plano de Gerenciamento de Res\u00edduos S\u00f3lidos de Sa\u00fade<\/a><br \/>\n<a href=\"https:\/\/sites.usp.br\/fcfrp\/wp-content\/uploads\/sites\/528\/2020\/04\/manual_de_boas_praticas_de_laboratorio_5.pdf\" target=\"_blank\" rel=\"noopener\">&#8211; Manual de Boas Pr\u00e1ticas de Laborat\u00f3rio<\/a><br \/>\n<a href=\"https:\/\/sites.usp.br\/fcfrp\/wp-content\/uploads\/sites\/528\/2020\/04\/manual_do_plano_de_gerenciamento_de_residuos_de_servicos_de_1.pdf\" target=\"_blank\" rel=\"noopener\">&#8211; Manual do Plano de Gerenciamento de Res\u00edduos de Servi\u00e7os de Sa\u00fade<\/a><\/p>\n<\/div>\n\t\t<\/div><\/div><div id=\"pgc-2725-0-1\"  class=\"panel-grid-cell\" ><div id=\"panel-2725-0-1-0\" class=\"so-panel widget widget_nav_menu panel-first-child panel-last-child\" data-index=\"1\" ><div class=\"menu-menu-instcomissoes-container\"><ul id=\"menu-menu-instcomissoes\" class=\"menu\"><li id=\"menu-item-2692\" class=\"menu-item menu-item-type-post_type menu-item-object-page menu-item-has-children menu-item-2692\"><a href=\"https:\/\/fcfrp.usp.br\/es\/institucional\/\">Institucional<\/a>\n<ul class=\"sub-menu\">\n\t<li id=\"menu-item-2694\" class=\"menu-item menu-item-type-post_type menu-item-object-page menu-item-2694\"><a href=\"https:\/\/fcfrp.usp.br\/es\/institucional\/diretoria\/\">Junta<\/a><\/li>\n\t<li id=\"menu-item-2695\" class=\"menu-item menu-item-type-post_type menu-item-object-page menu-item-2695\"><a href=\"https:\/\/fcfrp.usp.br\/es\/institucional\/departamentos\/\">Departamentos<\/a><\/li>\n\t<li id=\"menu-item-2696\" class=\"menu-item menu-item-type-post_type menu-item-object-page menu-item-2696\"><a href=\"https:\/\/fcfrp.usp.br\/es\/institucional\/administracao\/\">Administracion<\/a><\/li>\n\t<li id=\"menu-item-10509\" class=\"menu-item menu-item-type-post_type menu-item-object-page menu-item-10509\"><a href=\"https:\/\/fcfrp.usp.br\/es\/institucional\/cap\/\">Centro de Soporte de Proyectos<\/a><\/li>\n\t<li id=\"menu-item-2689\" class=\"menu-item menu-item-type-post_type menu-item-object-page menu-item-2689\"><a href=\"https:\/\/fcfrp.usp.br\/es\/institucional\/servicos\/\">Nuestros Servivios<\/a><\/li>\n\t<li id=\"menu-item-2718\" class=\"menu-item menu-item-type-post_type menu-item-object-page menu-item-has-children menu-item-2718\"><a href=\"https:\/\/fcfrp.usp.br\/es\/institucional\/comissoes\/\">Comisiones<\/a>\n\t<ul class=\"sub-menu\">\n\t\t<li id=\"menu-item-10441\" class=\"menu-item menu-item-type-post_type menu-item-object-page menu-item-10441\"><a href=\"https:\/\/fcfrp.usp.br\/es\/institucional\/comissoes\/comissao-covid\/\">Comit\u00e9 Asesor de Monitoreo de Covid-19<\/a><\/li>\n\t\t<li id=\"menu-item-10381\" class=\"menu-item menu-item-type-post_type menu-item-object-page menu-item-10381\"><a href=\"https:\/\/fcfrp.usp.br\/es\/institucional\/comissoes\/comissao-infra-pesquisa\/\">Comit\u00e9 Asesor de Infraestructura de Investigaci\u00f3n<\/a><\/li>\n\t\t<li id=\"menu-item-2895\" class=\"menu-item menu-item-type-post_type menu-item-object-page menu-item-2895\"><a href=\"https:\/\/fcfrp.usp.br\/es\/institucional\/comissoes\/comissao-bioterio\/\">Vivarium<\/a><\/li>\n\t\t<li id=\"menu-item-3078\" class=\"menu-item menu-item-type-post_type menu-item-object-page menu-item-3078\"><a href=\"https:\/\/fcfrp.usp.br\/es\/institucional\/comissoes\/comissao-boas-praticas\/\">Buenas Pr\u00e1cticas Cient\u00edficas<\/a><\/li>\n\t\t<li id=\"menu-item-3008\" class=\"menu-item menu-item-type-post_type menu-item-object-page menu-item-3008\"><a href=\"https:\/\/fcfrp.usp.br\/es\/institucional\/comissoes\/brigada\/\">Cuerpo de Bomberos<\/a><\/li>\n\t\t<li id=\"menu-item-2872\" class=\"menu-item menu-item-type-post_type menu-item-object-page menu-item-2872\"><a href=\"https:\/\/fcfrp.usp.br\/es\/institucional\/comissoes\/comissao-biosseguranca\/\">Bioseguridad &#8211; CiBio<\/a><\/li>\n\t\t<li id=\"menu-item-13238\" class=\"menu-item menu-item-type-post_type menu-item-object-page menu-item-13238\"><a href=\"https:\/\/fcfrp.usp.br\/es\/institucional\/comissoes\/cip\/\">Comit\u00e9 de Inclusi\u00f3n y Pertenencia<\/a><\/li>\n\t\t<li id=\"menu-item-2846\" class=\"menu-item menu-item-type-post_type menu-item-object-page menu-item-2846\"><a href=\"https:\/\/fcfrp.usp.br\/es\/institucional\/comissoes\/cipa\/\">CPAI<\/a><\/li>\n\t\t<li id=\"menu-item-3071\" class=\"menu-item menu-item-type-post_type menu-item-object-page menu-item-3071\"><a href=\"https:\/\/fcfrp.usp.br\/es\/institucional\/comissoes\/comite-gestor-liarec\/\">Comit\u00e9 de Alta Direcci\u00f3n del Liarec<\/a><\/li>\n\t\t<li id=\"menu-item-10440\" class=\"menu-item menu-item-type-post_type menu-item-object-page menu-item-10440\"><a href=\"https:\/\/fcfrp.usp.br\/es\/institucional\/comissoes\/comissao-projeto-academico\/\">Comit\u00e9 Coordinador de Proyectos Acad\u00e9micos<\/a><\/li>\n\t\t<li id=\"menu-item-2780\" class=\"menu-item menu-item-type-post_type menu-item-object-page menu-item-2780\"><a href=\"https:\/\/fcfrp.usp.br\/es\/pesquisa-extensao\/extensao\/\">Cultura y Extensi\u00f3n<\/a><\/li>\n\t\t<li id=\"menu-item-5136\" class=\"menu-item menu-item-type-post_type menu-item-object-page menu-item-5136\"><a href=\"https:\/\/fcfrp.usp.br\/es\/institucional\/comissoes\/comissao-difusao\/\">Divulgaci\u00f3n<\/a><\/li>\n\t\t<li id=\"menu-item-2943\" class=\"menu-item menu-item-type-post_type menu-item-object-page menu-item-2943\"><a href=\"https:\/\/fcfrp.usp.br\/es\/institucional\/comissoes\/comite-etica-pesquisa\/\">\u00c9tica de Investigaci\u00f3n<\/a><\/li>\n\t\t<li id=\"menu-item-2799\" class=\"menu-item menu-item-type-post_type menu-item-object-page menu-item-2799\"><a href=\"https:\/\/fcfrp.usp.br\/es\/institucional\/comissoes\/comissao-ceua\/\">\u00c9tica de uso Animal<\/a><\/li>\n\t\t<li id=\"menu-item-2919\" class=\"menu-item menu-item-type-post_type menu-item-object-page menu-item-2919\"><a href=\"https:\/\/fcfrp.usp.br\/es\/institucional\/comissoes\/comissao-residuos-quimicos\/\">Gesti\u00f3n de Residuos Qu\u00edmicos<\/a><\/li>\n\t\t<li id=\"menu-item-2728\" class=\"menu-item menu-item-type-post_type menu-item-object-page menu-item-2728\"><a href=\"https:\/\/fcfrp.usp.br\/es\/institucional\/comissoes\/comissao-residuos-saude\/\">Gesti\u00f3n de Residuos de Servicios de Salud<\/a><\/li>\n\t\t<li id=\"menu-item-2785\" class=\"menu-item menu-item-type-post_type menu-item-object-page menu-item-2785\"><a href=\"https:\/\/fcfrp.usp.br\/es\/ensino\/graduacao\/comissao-graduacao\/\">Graduaci\u00f3n<\/a><\/li>\n\t\t<li id=\"menu-item-2779\" class=\"menu-item menu-item-type-post_type menu-item-object-page menu-item-2779\"><a href=\"https:\/\/fcfrp.usp.br\/es\/pesquisa-extensao\/pesquisa\/\">Investigaci\u00f3n<\/a><\/li>\n\t\t<li id=\"menu-item-2906\" class=\"menu-item menu-item-type-post_type menu-item-object-page menu-item-2906\"><a href=\"https:\/\/fcfrp.usp.br\/es\/ensino\/pos-graduacao\/comissao-pos-graduacao\/\">Posgraduaci\u00f3n<\/a><\/li>\n\t\t<li id=\"menu-item-6132\" class=\"menu-item menu-item-type-post_type menu-item-object-page menu-item-6132\"><a href=\"https:\/\/fcfrp.usp.br\/es\/institucional\/comissoes\/comissoes-pae\/\">Programa de Mejora Docente<\/a><\/li>\n\t\t<li id=\"menu-item-2781\" class=\"menu-item menu-item-type-post_type menu-item-object-page menu-item-has-children menu-item-2781\"><a href=\"https:\/\/fcfrp.usp.br\/es\/institucional\/comissoes\/relacoes-internacionais\/\">Relaciones Internacionales<\/a>\n\t\t<ul class=\"sub-menu\">\n\t\t\t<li id=\"menu-item-5938\" class=\"menu-item menu-item-type-post_type menu-item-object-page menu-item-5938\"><a href=\"https:\/\/fcfrp.usp.br\/es\/institucional\/comissoes\/relacoes-internacionais\/convenios-relacoes-internacionais\/\">Convenios e Informaci\u00f3n<\/a><\/li>\n\t\t<\/ul>\n<\/li>\n\t\t<li id=\"menu-item-3084\" class=\"menu-item menu-item-type-post_type menu-item-object-page menu-item-3084\"><a href=\"https:\/\/fcfrp.usp.br\/es\/institucional\/comissoes\/comissao-seguranca-laboratorios\/\">Seguridad de Laboratorio<\/a><\/li>\n\t\t<li id=\"menu-item-2795\" class=\"menu-item menu-item-type-post_type menu-item-object-page menu-item-2795\"><a href=\"https:\/\/fcfrp.usp.br\/es\/institucional\/comissoes\/comissao-sausp\/\">Sectorial de SAUSP<\/a><\/li>\n\t\t<li id=\"menu-item-2717\" class=\"menu-item menu-item-type-post_type menu-item-object-page menu-item-2717\"><a href=\"https:\/\/fcfrp.usp.br\/es\/institucional\/comissoes\/comissao-treinamento\/\">Formaci\u00f3n y Desarrollo de Servidores No Docentes<\/a><\/li>\n\t\t<li id=\"menu-item-2852\" class=\"menu-item menu-item-type-post_type menu-item-object-page menu-item-2852\"><a href=\"https:\/\/fcfrp.usp.br\/es\/institucional\/comissoes\/comissao-usp-recicla\/\">Recicla USP<\/a><\/li>\n\t\t<li id=\"menu-item-3060\" class=\"menu-item menu-item-type-post_type menu-item-object-page menu-item-3060\"><a href=\"https:\/\/fcfrp.usp.br\/es\/institucional\/comissoes\/comissao-usuarios-liarec\/\">Usuarios del Liarec<\/a><\/li>\n\t<\/ul>\n<\/li>\n\t<li id=\"menu-item-2690\" class=\"menu-item menu-item-type-post_type menu-item-object-page menu-item-2690\"><a href=\"https:\/\/fcfrp.usp.br\/es\/institucional\/concursos\/\">Concursos Publicos<\/a><\/li>\n\t<li id=\"menu-item-6217\" class=\"menu-item menu-item-type-custom menu-item-object-custom menu-item-6217\"><a href=\"https:\/\/fcfrp.usp.br\/es\/institucional\/administracao\/assistencia-tecnica-financeira\/prov-materiais\/\">Ofertas<\/a><\/li>\n\t<li id=\"menu-item-2693\" class=\"menu-item menu-item-type-post_type menu-item-object-page current_page_parent menu-item-2693\"><a href=\"https:\/\/fcfrp.usp.br\/es\/institucional\/eventos-noticias\/\">Eventos \/ Noticias<\/a><\/li>\n\t<li id=\"menu-item-2691\" class=\"menu-item menu-item-type-post_type menu-item-object-page menu-item-2691\"><a target=\"_blank\" href=\"https:\/\/fcfrp.usp.br\/wp-content\/uploads\/sites\/528\/2025\/03\/Lista-de-ramais-marco-2025.pdf\">Servidores<\/a><\/li>\n\t<li id=\"menu-item-7209\" class=\"menu-item menu-item-type-post_type menu-item-object-page menu-item-7209\"><a href=\"https:\/\/fcfrp.usp.br\/es\/institucional\/identidade-visual\/\">Identidad Visual<\/a><\/li>\n<\/ul>\n<\/li>\n<\/ul><\/div><\/div><\/div><\/div><\/div>","protected":false},"excerpt":{"rendered":"<p>Presidente Maria Em\u00edlia Nadaletto Bonif\u00e1cio da Silva Email: nadaleto@usp.br Tel: (16) 3315-4157 &nbsp; Secret\u00e1ria Raquel B\u00e1rbara Vieira Barata Email: rbarata@fcfrp.usp.br Tel: (16) 3315-4156 &nbsp; &nbsp; Membros Profa. Dra. N\u00e1dia Monesi Solange de Santis Alessandro Cantolini Cl\u00e1udio Aparecido Ferreira Edna Aparecida Barizon Jo\u00e3o Jos\u00e9 Franco &nbsp; Contato Email: nadaleto@usp.br &nbsp; Documentos &#8211; Comiss\u00e3o do Plano de<a href=\"https:\/\/fcfrp.usp.br\/es\/institucional\/comissoes\/comissao-residuos-saude\/\">[&#8230;]<\/a><\/p>\n","protected":false},"author":978,"featured_media":0,"parent":2697,"menu_order":9,"comment_status":"closed","ping_status":"closed","template":"template-fullwidth.php","meta":{"footnotes":"","_links_to":"","_links_to_target":""},"class_list":["post-2725","page","type-page","status-publish","hentry"],"_links":{"self":[{"href":"https:\/\/fcfrp.usp.br\/es\/wp-json\/wp\/v2\/pages\/2725","targetHints":{"allow":["GET"]}}],"collection":[{"href":"https:\/\/fcfrp.usp.br\/es\/wp-json\/wp\/v2\/pages"}],"about":[{"href":"https:\/\/fcfrp.usp.br\/es\/wp-json\/wp\/v2\/types\/page"}],"author":[{"embeddable":true,"href":"https:\/\/fcfrp.usp.br\/es\/wp-json\/wp\/v2\/users\/978"}],"replies":[{"embeddable":true,"href":"https:\/\/fcfrp.usp.br\/es\/wp-json\/wp\/v2\/comments?post=2725"}],"version-history":[{"count":4,"href":"https:\/\/fcfrp.usp.br\/es\/wp-json\/wp\/v2\/pages\/2725\/revisions"}],"predecessor-version":[{"id":5208,"href":"https:\/\/fcfrp.usp.br\/es\/wp-json\/wp\/v2\/pages\/2725\/revisions\/5208"}],"up":[{"embeddable":true,"href":"https:\/\/fcfrp.usp.br\/es\/wp-json\/wp\/v2\/pages\/2697"}],"wp:attachment":[{"href":"https:\/\/fcfrp.usp.br\/es\/wp-json\/wp\/v2\/media?parent=2725"}],"curies":[{"name":"wp","href":"https:\/\/api.w.org\/{rel}","templated":true}]}}