{"id":312,"date":"2020-04-10T10:52:57","date_gmt":"2020-04-10T12:52:57","guid":{"rendered":"https:\/\/sites.usp.br\/fcfrp\/?page_id=312"},"modified":"2026-03-10T09:49:26","modified_gmt":"2026-03-10T11:49:26","slug":"institucional","status":"publish","type":"page","link":"https:\/\/fcfrp.usp.br\/es\/institucional\/","title":{"rendered":"Institucional"},"content":{"rendered":"<div id=\"pl-312\"  class=\"panel-layout\" ><div id=\"pg-312-0\"  class=\"panel-grid panel-no-style\" ><div id=\"pgc-312-0-0\"  class=\"panel-grid-cell\" ><div id=\"panel-312-0-0-0\" class=\"so-panel widget widget_text panel-first-child panel-last-child\" data-index=\"0\" >\t\t\t<div class=\"textwidget\"><p>(Portugu\u00eas) <\/p>\n<div style=\"text-align: justify; text-indent: 30pt;\">A miss\u00e3o da Faculdade de Farm\u00e1cia de Ribeir\u00e3o Preto \u00e9 formar profissionais capacitados para atuar nas \u00e1reas de Ci\u00eancias Farmac\u00eauticas, com valores \u00e9ticos, cr\u00edticos, reflexivos e humanistas, comprometidos e integrados com a Sociedade e a cidadania, constituindo-se num centro de excel\u00eancia nacional e internacional no ensino, pesquisa e extens\u00e3o universit\u00e1ria. Com a\u00e7\u00f5es integradas e complementares com os tr\u00eas Departamentos, a FCFRP continuadamente busca o desenvolvimento cient\u00edfico de ponta e a qualifica\u00e7\u00e3o do profissional farmac\u00eautico preparando-o para os avan\u00e7os cient\u00edficos e as necessidades do Pa\u00eds na \u00e1rea farmac\u00eautica e afins, principalmente em aspectos que sejam potencialmente importantes para a Sociedade.<\/div>\n<p>&nbsp;<\/p>\n<h4><strong>Regimento Interno<\/strong><\/h4>\n<p><a href=\"https:\/\/fcfrp.usp.br\/wp-content\/uploads\/sites\/528\/2026\/03\/REGIMENTO-INTERNO-2026-VERSAO-ATUAL.pdf\" target=\"_blank\" rel=\"noopener\">&#8211; Regimento Interno Atual da FCFRP<\/a><\/p>\n<h4><strong>Projeto Acad\u00eamico<\/strong><\/h4>\n<p><a href=\"https:\/\/fcfrp.usp.br\/wp-content\/uploads\/sites\/528\/2025\/03\/PROJETO-ACADEMICO-2025.pdf\" target=\"_blank\" rel=\"noopener\">&#8211; Projeto Acad\u00eamico Atual da FCFRP<\/a><\/p>\n<h4><strong>Nossa Hist\u00f3ria<\/strong><\/h4>\n<div style=\"text-align: justify; text-indent: 30pt;\">No dia 1o de junho de 1924, em uma das salas do \u201cGin\u00e1sio do Estado\u201d com a presen\u00e7a de altas personalidades e professores, realizou-se a sess\u00e3o magna de funda\u00e7\u00e3o da FACULDADE DE FARM\u00c1CIA E ODONTOLOGIA DE RIBERI\u00c3O PRETO, destacando-se entre os presentes o Dr. Joaquim Camilo de Morais Mattos, o Dr. Ant\u00f4nio Pompeu de Camargo, o Prof. Louren\u00e7o Roselino, o Dr. Castello Sim\u00f5es, o Dr. Ataliba Amaral de Ara\u00fajo, o Prof. Ant\u00f4nio Baracchini, o Prof. Ant\u00f4nio Rodrigues da Silva, o Sr. Jo\u00e3o Palma Travassos e o Sr. Pl\u00ednio Travassos dos Santos.<\/div>\n<div style=\"text-align: justify; text-indent: 30pt;\">Em 5 de mar\u00e7o de 1928, por ato do Ministro da Justi\u00e7a, Viana de Castello, os cursos foram reconhecidos e neste mesmo ano, formava-se a primeira turma de Farmac\u00eauticos e Cirurgi\u00f5es-dentistas.<\/div>\n<div style=\"text-align: justify; text-indent: 30pt;\">Durante anos, os idealizadores desta Faculdade lutaram para que o Governo do Estado tomasse a si o encargo de mant\u00ea-la. Com o apoio un\u00e2nime da Assembl\u00e9ia Legislativa, em 6 de dezembro de 1958, foi sancionada a Lei 5015, agrupando a Faculdade de Farm\u00e1cia e Odontologia de Ribeir\u00e3o Preto ao Sistema Estadual de Ensino Superior, na qualidade de Instituto Isolado. Assim, ap\u00f3s atuar 34 anos como estabelecimento de ensino particular, a Faculdade foi entregue ao Estado, em 1o de janeiro de 1959.<\/div>\n<p><a href=\"https:\/\/sites.usp.br\/fcfrp\/wp-content\/uploads\/sites\/528\/2020\/04\/fcfrpantiga.png\"><img loading=\"lazy\" decoding=\"async\" class=\"alignnone wp-image-480 size-full\" src=\"https:\/\/sites.usp.br\/fcfrp\/wp-content\/uploads\/sites\/528\/2020\/04\/fcfrpantiga.png\" alt=\"\" width=\"1266\" height=\"890\" srcset=\"https:\/\/fcfrp.usp.br\/wp-content\/uploads\/sites\/528\/2020\/04\/fcfrpantiga.png 1266w, https:\/\/fcfrp.usp.br\/wp-content\/uploads\/sites\/528\/2020\/04\/fcfrpantiga-300x211.png 300w, https:\/\/fcfrp.usp.br\/wp-content\/uploads\/sites\/528\/2020\/04\/fcfrpantiga-1024x720.png 1024w, https:\/\/fcfrp.usp.br\/wp-content\/uploads\/sites\/528\/2020\/04\/fcfrpantiga-768x540.png 768w, https:\/\/fcfrp.usp.br\/wp-content\/uploads\/sites\/528\/2020\/04\/fcfrpantiga-400x281.png 400w\" sizes=\"auto, (max-width: 1266px) 100vw, 1266px\" \/><\/a><\/p>\n<div style=\"text-align: justify; text-indent: 30pt;\">Em fevereiro de 1969, a Faculdade de Farm\u00e1cia e Odontologia de Ribeir\u00e3o Preto, ainda na qualidade de Instituto Isolado, passou a ser coordenada pela CESESP &#8211; Coordenadoria do Ensino Superior do Estado de S\u00e3o Paulo, subordinada \u00e0 Secretaria de Educa\u00e7\u00e3o, e sob essa \u00e9gide permaneceu at\u00e9 dezembro de 1974.<\/div>\n<div style=\"text-align: justify; text-indent: 30pt;\">Pelo Decreto n.o 5407, de 30 de dezembro de 1974, deu-se \u201ca incorpora\u00e7\u00e3o \u00e0 Universidade de S\u00e3o Paulo o que se efetivou a partir de 1o de janeiro de 1975\u201d. Na ocasi\u00e3o, a Faculdade, j\u00e1 estava localizada no \u201cCampus USP \u2013 Ribeir\u00e3o Preto\u201d que havia sido criado por Portaria Reitoral de 3 de fevereiro de 1972.<\/div>\n<div style=\"text-align: justify; text-indent: 30pt;\">Finalmente, em 10 de mar\u00e7o de 1983, pelo Decreto n.o 20786 de autoria do ent\u00e3o Governador do Estado de S\u00e3o Paulo, Jos\u00e9 Maria Marim, a Faculdade de Farm\u00e1cia e Odontologia foi desmembrada em duas Unidades distintas: a FACULDADE DE CI\u00caNCIAS FARMAC\u00caUTICAS DE RIBEIR\u00c3O PRETO \u2013 FCFRP e a FACULDADE DE ODONTOLOGIA DE RIBEIR\u00c3O PRETO \u2013 FORP, com administra\u00e7\u00f5es separadas, vidas aut\u00f4nomas e ins\u00edgnias pr\u00f3prias, sendo, por\u00e9m, mantidos v\u00ednculos quanto a diversas disciplinas oferecidas por Departamentos, de ambas as Unidades, aos alunos de gradua\u00e7\u00e3o.<\/div>\n<div style=\"text-align: justify; text-indent: 30pt;\">A Faculdade de Ci\u00eancias Farmac\u00eauticas de Ribeir\u00e3o Preto &#8211; FCFRP, foi primeiro administrada pelo Prof. Dr. Aymar Baptista Prado (in memorium) seguido pelos Professores Doutores Jos\u00e9 Norberto Callegari Lopes, por dois mandatos, Zuleika Rothschild (in memorium), Suely Vilela, Maria de Lourdes Pires Bianchi, Augusto C\u00e9sar Cropanese Spadaro, S\u00e9rgio de Albuquerque, Maria Vit\u00f3ria Lopes Badra Bentley, Osvaldo de Freitas, tendo como atual diretor S\u00e9rgio Akira Uyemura.<\/div>\n<div style=\"text-align: justify; text-indent: 30pt;\">Desde a sua implanta\u00e7\u00e3o, at\u00e9 os dias atuais, a Unidade conduz suas atividades com excel\u00eancia, no ensino, pesquisa e cultura e extens\u00e3o \u00e0 comunidade. A FCFRP possui caracter\u00edsticas que as distingue dentro do cen\u00e1rio de Faculdades da mesma \u00e1rea, pela composi\u00e7\u00e3o de seu quadro de recursos humanos e infraestrutura. Com profissionais de v\u00e1rias \u00e1reas do conhecimento, o ensino de gradua\u00e7\u00e3o est\u00e1 concentrado totalmente dentro da Unidade, desde as \u00e1reas b\u00e1sicas at\u00e9 \u00e0s aplicadas. Os profissionais das diversas \u00e1reas que fazem parte de nossa comunidade acad\u00eamica t\u00eam permitido a implanta\u00e7\u00e3o de linhas de pesquisa inovadoras e na fronteira do conhecimento. Conta no seu quadro docente com 87 professores com titula\u00e7\u00e3o m\u00ednima de Doutor; quadro de 171 servidores t\u00e9cnicos e administrativos especializados, composto por profissionais de n\u00edvel superior, t\u00e9cnicos e b\u00e1sico, treinados e habilitados; infraestrutura de ensino, pesquisa e administrativa adequadas para o desenvolvimento das atividades.<\/div>\n<div style=\"text-align: justify; text-indent: 30pt;\">A Faculdade de Ci\u00eancias Farmac\u00eauticas de Ribeir\u00e3o Preto est\u00e1 constitu\u00edda por tr\u00eas Departamentos integrados did\u00e1tica e cientificamente: Departamento de An\u00e1lises Cl\u00ednicas, Toxicol\u00f3gicas e Bromatol\u00f3gicas, Departamento de Ci\u00eancias Farmac\u00eauticas e Departamento de Ci\u00eancias BioMoleculares.<\/div>\n<p>&nbsp;<\/p>\n<h4><strong>Gradua\u00e7\u00e3o<\/strong><\/h4>\n<div style=\"text-align: justify; text-indent: 30pt;\">Ao longo destes anos, o curso de Farm\u00e1cia-Bioqu\u00edmica passou por profundas altera\u00e7\u00f5es, sempre adequando a sua Estrutura Curricular aos progressos cient\u00edficos das Ci\u00eancias Farmac\u00eauticas, formando profissionais cuja qualidade tem sido reconhecida pelo seu r\u00e1pido engajamento ao mercado de trabalho. Atualmente oferecemos o curso de Farm\u00e1cia, que apresenta um car\u00e1ter multidisciplinar de forma\u00e7\u00e3o generalista, possibilitando ao profissional farmac\u00eautico atuar em diversas \u00e1reas, dentre elas: Drogarias, Farm\u00e1cias (Manipula\u00e7\u00e3o e Homeop\u00e1tica), Servi\u00e7o \u00danico de Sa\u00fade, An\u00e1lises Cl\u00ednicas, Alimentos, Laborat\u00f3rios de Bioequival\u00eancia e Biodisponibilidade (Gen\u00e9ricos), Hospitais, Ind\u00fastrias Farmac\u00eautica, Cosm\u00e9tica, Qu\u00edmica e Produtos Biotecnol\u00f3gicos.<\/div>\n<div style=\"text-align: justify; text-indent: 30pt;\">Durante a Gradua\u00e7\u00e3o, o acad\u00eamico tem a oportunidade de assistir aulas te\u00f3ricas e pr\u00e1ticas, que ocorrem em 13 laborat\u00f3rios did\u00e1ticos, realizar est\u00e1gios, participar de atividades de extens\u00e3o universit\u00e1ria como congressos e cursos, al\u00e9m de poder desenvolver projetos de pesquisa de Inicia\u00e7\u00e3o Cient\u00edfica, sempre sob a orienta\u00e7\u00e3o de um docente da disciplina de seu maior interesse. Al\u00e9m disso, durante as aulas pr\u00e1ticas e est\u00e1gios, o futuro profissional farmac\u00eautico aprender\u00e1 a elaborar medicamentos e cosm\u00e9ticos, e ter\u00e1 contato com produtos naturais, inclusive da Biodiversidade Brasileira, com potencial de aplica\u00e7\u00e3o na ind\u00fastria Farmac\u00eautica e Cosm\u00e9tica.<\/div>\n<div style=\"text-align: justify; text-indent: 30pt;\">A FCFRP oferece 80 vagas no curso de gradua\u00e7\u00e3o em Farm\u00e1cia \u2013 per\u00edodo integral. O curso possui dura\u00e7\u00e3o m\u00ednima de cinco anos e forma profissionais cuja qualidade tem sido reconhecida pela sua inser\u00e7\u00e3o no mercado de trabalho. Assim como no restante dos cursos da Universidade de S\u00e3o Paulo, o ingresso se d\u00e1 anualmente pelo vestibular da FUVEST e pelo ENEM-USP e Prov\u00e3o Paulista. O Curso de Farm\u00e1cia da FCFRP foi concebido de modo a assegurar aos estudantes uma forma\u00e7\u00e3o profissional de qualidade, embasada em conhecimentos t\u00e9cnico-cient\u00edficos, orienta\u00e7\u00e3o e forma\u00e7\u00e3o de um profissional farmac\u00eautico comprometido com a sa\u00fade em todos os campos de atua\u00e7\u00e3o, integrando sistematicamente as atividades de ensino, de pesquisa e de extens\u00e3o.<\/div>\n<div style=\"text-align: justify; text-indent: 30pt;\">A FCFRP-USP j\u00e1 formou 4420 alunos de gradua\u00e7\u00e3o e contar\u00e1 com 481 alunos ap\u00f3s a matr\u00edcula dos ingressantes em 2024.<\/div>\n<div style=\"text-align: justify; text-indent: 30pt;\">A FCFRP implantou, no ano de 2023, a curriculariza\u00e7\u00e3o da extens\u00e3o, que de acordo com a Resolu\u00e7\u00e3o n\u00ba 7, de 18 de dezembro de 2018, entende-se por Extens\u00e3o na Educa\u00e7\u00e3o Superior Brasileira \u201ca atividade que se integra \u00e0 matriz curricular e \u00e0 organiza\u00e7\u00e3o da pesquisa, constituindo-se um processo interdisciplinar, pol\u00edtico educacional, cultural, cient\u00edfico, tecnol\u00f3gico, que promove a intera\u00e7\u00e3o transformadora entre as institui\u00e7\u00f5es de ensino superior e os outros setores da sociedade, por meio da produ\u00e7\u00e3o e da aplica\u00e7\u00e3o do conhecimento, em articula\u00e7\u00e3o permanente com o ensino e a pesquisa\u201d. De acordo com esta resolu\u00e7\u00e3o, as atividades de extens\u00e3o devem compor, no m\u00ednimo, 10% (dez por cento) do total da carga hor\u00e1ria curricular estudantil dos cursos de gradua\u00e7\u00e3o, as quais dever\u00e3o fazer parte da matriz curricular dos cursos.<\/div>\n<div style=\"text-align: justify; text-indent: 30pt;\">A matriz curricular vigente (60014) possui 4.800 horas de carga hor\u00e1ria total e para cumprir a determina\u00e7\u00e3o da Resolu\u00e7\u00e3o n\u00ba 7 do Conselho Nacional de Educa\u00e7\u00e3o a FCFRP criou a matriz curricular 60015 que oferecer\u00e1 aos estudantes 480h de carga hor\u00e1ria em atividades extensionistas obrigat\u00f3rias.<\/div>\n<p>&nbsp;<\/p>\n<h4><strong>P\u00f3s-Gradua\u00e7\u00e3o<\/strong><\/h4>\n<div style=\"text-align: justify; text-indent: 30pt;\">A FCFRP-USP iniciou as atividades de p\u00f3s-gradua\u00e7\u00e3o em 1988, com a cria\u00e7\u00e3o do Programa de P\u00f3s-Gradua\u00e7\u00e3o em F\u00e1rmacos e Medicamentos com as \u00e1reas de concentra\u00e7\u00e3o: Qu\u00edmica e Biologia, inicialmente em n\u00edvel de mestrado e a partir de 1998, com o curso de doutorado.<\/div>\n<div style=\"text-align: justify; text-indent: 30pt;\">A primeira grande modifica\u00e7\u00e3o na P\u00f3s-Gradua\u00e7\u00e3o na FCFRP-USP ocorreu em 1999, alterando o nome do antigo Programa para o Programa de P\u00f3s-Gradua\u00e7\u00e3o em Ci\u00eancias Farmac\u00eauticas, divido em duas \u00e1reas de concentra\u00e7\u00e3o: a) F\u00e1rmacos e b) Medicamentos. Em 2001, criou-se mais duas novas \u00e1reas de concentra\u00e7\u00e3o: c) An\u00e1lises Cl\u00ednicas e d) Toxicologia.<\/div>\n<div style=\"text-align: justify; text-indent: 30pt;\">Em meados de 2004, ocorreu a segunda grande reformula\u00e7\u00e3o do ensino de P\u00f3s-Gradua\u00e7\u00e3o na FCFRP-USP. A partir de ent\u00e3o, manteve-se o Programa de P\u00f3s-Gradua\u00e7\u00e3o em Ci\u00eancias Farmac\u00eauticas e as \u00e1reas de An\u00e1lises Cl\u00ednicas e Toxicologia foram transformadas em Programa de P\u00f3s-Gradua\u00e7\u00e3o em Bioci\u00eancias Aplicadas \u00e0 Farm\u00e1cia, atual Programa de P\u00f3s-Gradua\u00e7\u00e3o em Bioci\u00eancias e Biotecnologia e Programa de P\u00f3s-Gradua\u00e7\u00e3o em Toxicologia.<\/div>\n<div style=\"text-align: justify; text-indent: 30pt;\">A FCFRP oferece curso de Mestrado e curso de Doutorado distribu\u00eddos em tr\u00eas Programas de P\u00f3s-Gradua\u00e7\u00e3o atualmente:<\/div>\n<div style=\"text-align: justify; text-indent: 30pt;\">a) Ci\u00eancias Farmac\u00eauticas (conceito CAPES 7): \u00e1reas de concentra\u00e7\u00e3o: I. Medicamentos e Cosm\u00e9ticos; II. Produtos Naturais e Sint\u00e9ticos;<\/div>\n<div style=\"text-align: justify; text-indent: 30pt;\">b) Toxicologia (conceito CAPES 6): \u00e1rea de concentra\u00e7\u00e3o Toxicologia;<\/div>\n<div style=\"text-align: justify; text-indent: 30pt;\">c) Bioci\u00eancias e Biotecnologia (conceito CAPES 6): \u00e1reas de concentra\u00e7\u00e3o: I. Imunologia e Fisiopatologia; II. Bioagentes e Biotecnologia Aplicados \u00e0 Farm\u00e1cia.<\/div>\n<div style=\"text-align: justify; text-indent: 30pt;\">Os Programas de P\u00f3s-Gradua\u00e7\u00e3o desenvolvem pesquisas na fronteira do conhecimento da \u00e1rea, as quais s\u00e3o reconhecidas nacionalmente internacionalmente.<\/div>\n<div style=\"text-align: justify; text-indent: 30pt;\">Ao longo de sua atua\u00e7\u00e3o, a P\u00f3s-gradua\u00e7\u00e3o da FCFRP-USP titulou 941 Mestres e 670 Doutores. Atualmente a FCFRP-USP conta com 90 alunos de Mestrado e 144 alunos matriculados nos cursos de Doutorado e Doutorado Direto <em>(dados atualizados em 28\/02\/2024)<\/em>.<\/div>\n<p>&nbsp;<\/p>\n<h4><strong>Pesquisa<\/strong><\/h4>\n<div style=\"text-align: justify; text-indent: 30pt;\">As atividades de pesquisa s\u00e3o estimuladas pela FCFRP-USP, por meio da realiza\u00e7\u00e3o de est\u00e1gios de inicia\u00e7\u00e3o cient\u00edfica e de p\u00f3s-doutoramento, da cria\u00e7\u00e3o e consolida\u00e7\u00e3o de grupos de pesquisa nas \u00e1reas de conhecimento do \u00e2mbito farmac\u00eautico e na constante divulga\u00e7\u00e3o de quest\u00f5es relacionadas com a produ\u00e7\u00e3o cient\u00edfica e tecnol\u00f3gica. A FCFRP promove periodicamente eventos cient\u00edficos de import\u00e2ncia, tais como o Congresso Internacional de Ci\u00eancias Farmac\u00eauticas (CIFARP) e o Simp\u00f3sio Internacional de Inicia\u00e7\u00e3o Cient\u00edfica da USP (SIICUSP, \u00c1rea Biol\u00f3gicas), al\u00e9m de outros. O corpo docente \u00e9 altamente qualificado, contando com v\u00e1rios bolsistas produtividade em pesquisa do CNPq, que coordenam grandes projetos (Projetos tem\u00e1ticos, INCTs, etc), al\u00e9m de projetos individuais de pesquisa, gerando uma alta capta\u00e7\u00e3o de recursos, importante para o desenvolvimento de pesquisas no estado da arte da ampla \u00e1rea das Ci\u00eancias Farmac\u00eauticas. H\u00e1 diversas colabora\u00e7\u00f5es internacionais e conv\u00eanios com universidades de grande prest\u00edgio na Am\u00e9rica do Norte, Europa e Am\u00e9rica Latina, que permitem o desenvolvimento de pesquisas de grande relev\u00e2ncia e interc\u00e2mbio de docentes, p\u00f3s-doutorandos, p\u00f3s-graduandos e graduandos. A infraestrutura de pesquisa conta com 106 laborat\u00f3rios bem equipados, al\u00e9m de centrais multiusu\u00e1rios com equipamentos de grande porte para pesquisas multidisciplinares.<\/div>\n<p>&nbsp;<\/p>\n<h4><strong>Cultura e Extens\u00e3o Universit\u00e1ria<\/strong><\/h4>\n<div style=\"text-align: justify; text-indent: 30pt;\">Como terceiro pilar do trip\u00e9 da Universidade, a FCFRP &#8211; USP realiza v\u00e1rias atividades de extens\u00e3o, tais como: organiza\u00e7\u00e3o de eventos cient\u00edficos, cursos de difus\u00e3o e atualiza\u00e7\u00e3o, presta\u00e7\u00e3o de servi\u00e7os por meio dos Laborat\u00f3rios Cl\u00ednico, de Toxicologia, de Bioequival\u00eancia e de Pesquisa em diferentes \u00e1reas. Possui uma Farm\u00e1cia-Ensino que oferece atendimento \u00e0 popula\u00e7\u00e3o e est\u00e1gio profissionalizante aos graduandos.<\/div>\n<div style=\"text-align: justify; text-indent: 30pt;\">A FCFRP-USP estimula a participa\u00e7\u00e3o dos discentes nas campanhas educativas sobre o Uso Racional de Medicamentos e, ainda, a participa\u00e7\u00e3o em eventos culturais como a Semana de Arte e Cultura e a Feira do Livro, promovidas pela Pr\u00f3-Reitoria de Cultura e Extens\u00e3o Universit\u00e1ria e Prefeitura Municipal de Ribeir\u00e3o Preto, respectivamente. Al\u00e9m disso, possui conv\u00eanios com Universidades no Exterior, Farm\u00e1cias, Ind\u00fastrias Farmac\u00eauticas e Cosm\u00e9ticas, possibilitando a realiza\u00e7\u00e3o de est\u00e1gios aos alunos de gradua\u00e7\u00e3o e p\u00f3s-gradua\u00e7\u00e3o, o interc\u00e2mbio de informa\u00e7\u00f5es e a difus\u00e3o do conhecimento \u00e0 sociedade.<\/div>\n<p>&nbsp;<\/p>\n<h4><strong>Inclus\u00e3o e Pertencimento<\/strong><\/h4>\n<div style=\"text-align: justify; text-indent: 30pt;\">A Faculdade atenta \u00e0s mudan\u00e7as e necessidades da comunidade interna e externa, aprovou em seu Regimento Interno, a cria\u00e7\u00e3o da Comiss\u00e3o Estatut\u00e1ria de Inclus\u00e3o e Pertencimento \u2013 CIP, que possui as compet\u00eancias estabelecidas no Art. 4\u00ba da Resolu\u00e7\u00e3o CoIP n\u00ba 8323, de 21 de setembro de 2022.<\/div>\n<div><\/div>\n<\/div>\n\t\t<\/div><\/div><div id=\"pgc-312-0-1\"  class=\"panel-grid-cell\" ><div id=\"panel-312-0-1-0\" class=\"so-panel widget widget_nav_menu panel-first-child panel-last-child\" data-index=\"1\" ><div class=\"menu-menu-institucional-container\"><ul id=\"menu-menu-institucional\" class=\"menu\"><li id=\"menu-item-5965\" class=\"menu-item menu-item-type-post_type menu-item-object-page menu-item-has-children menu-item-5965\"><a href=\"https:\/\/fcfrp.usp.br\/es\/institucional\/\">Institucional<\/a>\n<ul class=\"sub-menu\">\n\t<li id=\"menu-item-5967\" class=\"menu-item menu-item-type-post_type menu-item-object-page menu-item-5967\"><a href=\"https:\/\/fcfrp.usp.br\/es\/institucional\/diretoria\/\">Junta<\/a><\/li>\n\t<li id=\"menu-item-9372\" class=\"menu-item menu-item-type-post_type menu-item-object-page menu-item-9372\"><a href=\"https:\/\/fcfrp.usp.br\/es\/institucional\/exdiretores\/\">Ex Directores<\/a><\/li>\n\t<li id=\"menu-item-10185\" class=\"menu-item menu-item-type-post_type menu-item-object-page menu-item-10185\"><a href=\"https:\/\/fcfrp.usp.br\/es\/institucional\/emeritos\/\">Profesores Em\u00e9ritos<\/a><\/li>\n\t<li id=\"menu-item-5968\" class=\"menu-item menu-item-type-post_type menu-item-object-page menu-item-5968\"><a href=\"https:\/\/fcfrp.usp.br\/es\/institucional\/departamentos\/\">Departamentos<\/a><\/li>\n\t<li id=\"menu-item-5971\" class=\"menu-item menu-item-type-post_type menu-item-object-page menu-item-has-children menu-item-5971\"><a href=\"https:\/\/fcfrp.usp.br\/es\/institucional\/administracao\/\">Administracion<\/a>\n\t<ul class=\"sub-menu\">\n\t\t<li id=\"menu-item-5969\" class=\"menu-item menu-item-type-post_type menu-item-object-page menu-item-5969\"><a href=\"https:\/\/fcfrp.usp.br\/es\/institucional\/administracao\/atac\/\">Asistencia T\u00e9cnica Acad\u00e9mica<\/a><\/li>\n\t\t<li id=\"menu-item-5970\" class=\"menu-item menu-item-type-post_type menu-item-object-page menu-item-5970\"><a href=\"https:\/\/fcfrp.usp.br\/es\/institucional\/administracao\/assistencia-tecnica-administrativa\/\">Asistencia T\u00e9cnica Administrativa<\/a><\/li>\n\t\t<li id=\"menu-item-5974\" class=\"menu-item menu-item-type-post_type menu-item-object-page menu-item-5974\"><a href=\"https:\/\/fcfrp.usp.br\/es\/institucional\/administracao\/assistencia-tecnica-financeira\/\">Asistencia T\u00e9cnica Financiera<\/a><\/li>\n\t<\/ul>\n<\/li>\n\t<li id=\"menu-item-10507\" class=\"menu-item menu-item-type-post_type menu-item-object-page menu-item-10507\"><a href=\"https:\/\/fcfrp.usp.br\/es\/institucional\/cap\/\">Centro de Soporte de Proyectos<\/a><\/li>\n\t<li id=\"menu-item-5972\" class=\"menu-item menu-item-type-post_type menu-item-object-page menu-item-5972\"><a href=\"https:\/\/fcfrp.usp.br\/es\/institucional\/servicos\/\">Nuestros Servivios<\/a><\/li>\n\t<li id=\"menu-item-5973\" class=\"menu-item menu-item-type-post_type menu-item-object-page menu-item-5973\"><a href=\"https:\/\/fcfrp.usp.br\/es\/institucional\/comissoes\/\">Comisiones<\/a><\/li>\n\t<li id=\"menu-item-5975\" class=\"menu-item menu-item-type-post_type menu-item-object-page menu-item-5975\"><a href=\"https:\/\/fcfrp.usp.br\/es\/institucional\/concursos\/\">Concursos Publicos<\/a><\/li>\n\t<li id=\"menu-item-6182\" class=\"menu-item menu-item-type-custom menu-item-object-custom menu-item-6182\"><a href=\"https:\/\/fcfrp.usp.br\/es\/institucional\/administracao\/assistencia-tecnica-financeira\/materiais\/\">Ofertas<\/a><\/li>\n\t<li id=\"menu-item-5966\" class=\"menu-item menu-item-type-post_type menu-item-object-page current_page_parent menu-item-5966\"><a href=\"https:\/\/fcfrp.usp.br\/es\/institucional\/eventos-noticias\/\">Eventos \/ Noticias<\/a><\/li>\n\t<li id=\"menu-item-5976\" class=\"menu-item menu-item-type-post_type menu-item-object-page menu-item-5976\"><a target=\"_blank\" href=\"https:\/\/fcfrp.usp.br\/wp-content\/uploads\/sites\/528\/2025\/03\/Lista-de-ramais-marco-2025.pdf\">Servidores<\/a><\/li>\n\t<li id=\"menu-item-7206\" class=\"menu-item menu-item-type-post_type menu-item-object-page menu-item-7206\"><a href=\"https:\/\/fcfrp.usp.br\/es\/institucional\/identidade-visual\/\">Identidad Visual<\/a><\/li>\n<\/ul>\n<\/li>\n<\/ul><\/div><\/div><\/div><\/div><\/div>","protected":false},"excerpt":{"rendered":"<p>(Portugu\u00eas) A miss\u00e3o da Faculdade de Farm\u00e1cia de Ribeir\u00e3o Preto \u00e9 formar profissionais capacitados para atuar nas \u00e1reas de Ci\u00eancias Farmac\u00eauticas, com valores \u00e9ticos, cr\u00edticos, reflexivos e humanistas, comprometidos e integrados com a Sociedade e a cidadania, constituindo-se num centro de excel\u00eancia nacional e internacional no ensino, pesquisa e extens\u00e3o universit\u00e1ria. Com a\u00e7\u00f5es integradas e<a href=\"https:\/\/fcfrp.usp.br\/es\/institucional\/\">[&#8230;]<\/a><\/p>\n","protected":false},"author":978,"featured_media":0,"parent":0,"menu_order":0,"comment_status":"closed","ping_status":"closed","template":"template-fullwidth.php","meta":{"footnotes":"","_links_to":"","_links_to_target":""},"class_list":["post-312","page","type-page","status-publish","hentry"],"_links":{"self":[{"href":"https:\/\/fcfrp.usp.br\/es\/wp-json\/wp\/v2\/pages\/312","targetHints":{"allow":["GET"]}}],"collection":[{"href":"https:\/\/fcfrp.usp.br\/es\/wp-json\/wp\/v2\/pages"}],"about":[{"href":"https:\/\/fcfrp.usp.br\/es\/wp-json\/wp\/v2\/types\/page"}],"author":[{"embeddable":true,"href":"https:\/\/fcfrp.usp.br\/es\/wp-json\/wp\/v2\/users\/978"}],"replies":[{"embeddable":true,"href":"https:\/\/fcfrp.usp.br\/es\/wp-json\/wp\/v2\/comments?post=312"}],"version-history":[{"count":4,"href":"https:\/\/fcfrp.usp.br\/es\/wp-json\/wp\/v2\/pages\/312\/revisions"}],"predecessor-version":[{"id":16410,"href":"https:\/\/fcfrp.usp.br\/es\/wp-json\/wp\/v2\/pages\/312\/revisions\/16410"}],"wp:attachment":[{"href":"https:\/\/fcfrp.usp.br\/es\/wp-json\/wp\/v2\/media?parent=312"}],"curies":[{"name":"wp","href":"https:\/\/api.w.org\/{rel}","templated":true}]}}