{"id":320,"date":"2020-04-10T10:56:13","date_gmt":"2020-04-10T12:56:13","guid":{"rendered":"https:\/\/sites.usp.br\/fcfrp\/?page_id=320"},"modified":"2021-02-11T11:27:33","modified_gmt":"2021-02-11T13:27:33","slug":"ensino","status":"publish","type":"page","link":"https:\/\/fcfrp.usp.br\/es\/ensino\/","title":{"rendered":"Ense\u00f1anza"},"content":{"rendered":"<div id=\"pl-320\"  class=\"panel-layout\" ><div id=\"pg-320-0\"  class=\"panel-grid panel-no-style\" ><div id=\"pgc-320-0-0\"  class=\"panel-grid-cell\" ><div id=\"panel-320-0-0-0\" class=\"so-panel widget widget_text panel-first-child\" data-index=\"0\" >\t\t\t<div class=\"textwidget\"><div style=\"text-align: justify;\">O ensino de <a href=\"https:\/\/fcfrp.usp.br\/ensino\/graduacao\/\"><strong>Gradua\u00e7\u00e3o<\/strong><\/a> da FCFRP conta com o Curso de Farm\u00e1cia \u2013 Bioqu\u00edmica. O curso est\u00e1 fundamentado numa concep\u00e7\u00e3o pedag\u00f3gica cr\u00edtica baseada na participa\u00e7\u00e3o, no di\u00e1logo e na problematiza\u00e7\u00e3o da realidade vivenciada pelos profissionais da \u00e1rea farmac\u00eautica.<br \/>\n<strong>Contato:<\/strong> sgrad@fcfrp.usp.br<\/div>\n<p>&nbsp;<\/p>\n<div style=\"text-align: justify;\">O ensino de <a href=\"https:\/\/fcfrp.usp.br\/ensino\/pos-graduacao\/\"><strong>P\u00f3s-Gradua\u00e7\u00e3o<\/strong><\/a> da FCFRP iniciou-se em 1988 e hoje \u00e9 refer\u00eancia nacional e internacional. Conta atualmente, com 3 (tr\u00eas) programas de P\u00f3s-Gradua\u00e7\u00e3o &#8211; <a href=\"https:\/\/fcfrp.usp.br\/ensino\/pos-graduacao\/biociencias-biotecnologia\/\"><strong>Bioci\u00eancias e Biotecnologia<\/strong><\/a>, <a href=\"https:\/\/fcfrp.usp.br\/ensino\/pos-graduacao\/ciencias-farmaceuticas\/\"><strong>Ci\u00eancias Farmac\u00eauticas<\/strong><\/a> e <a href=\"https:\/\/fcfrp.usp.br\/ensino\/pos-graduacao\/toxicologia\/\"><strong>Toxicologia<\/strong><\/a>, todos oferecendo cursos de mestrado e doutorado nas \u00e1reas de abrang\u00eancia das Ci\u00eancias Farmac\u00eauticas.<br \/>\n<strong>Contato:<\/strong> spg@fcfrp.usp.br<\/div>\n<p>&nbsp;<\/p>\n<div style=\"text-align: justify;\">A FCFRP\/USP fica localizada no campus da USP de Ribeir\u00e3o Preto. Abaixo uma breve apresenta\u00e7\u00e3o do Campus.<\/div>\n<\/div>\n\t\t<\/div><div id=\"panel-320-0-0-1\" class=\"so-panel widget widget_media_video\" data-index=\"1\" ><h3 class=\"widget-title\">Apresenta\u00e7\u00e3o Campus USP Ribeir\u00e3o Preto<\/h3><div style=\"width:100%;\" class=\"wp-video\"><video class=\"wp-video-shortcode\" id=\"video-320-1\" preload=\"metadata\" controls=\"controls\"><source type=\"video\/youtube\" src=\"https:\/\/www.youtube.com\/watch?v=7YBU0GbnzFU&#038;_=1\" \/><a href=\"https:\/\/www.youtube.com\/watch?v=7YBU0GbnzFU\">https:\/\/www.youtube.com\/watch?v=7YBU0GbnzFU<\/a><\/video><\/div><\/div><div id=\"panel-320-0-0-2\" class=\"so-panel widget widget_text panel-last-child\" data-index=\"2\" >\t\t\t<div class=\"textwidget\"><h4><\/h4>\n<\/div>\n\t\t<\/div><\/div><div id=\"pgc-320-0-1\"  class=\"panel-grid-cell\" ><div id=\"panel-320-0-1-0\" class=\"so-panel widget widget_nav_menu panel-first-child panel-last-child\" data-index=\"3\" ><div class=\"menu-menu-ensino-container\"><ul id=\"menu-menu-ensino\" class=\"menu\"><li id=\"menu-item-776\" class=\"menu-item menu-item-type-post_type menu-item-object-page menu-item-has-children menu-item-776\"><a href=\"https:\/\/fcfrp.usp.br\/es\/ensino\/\">Ense\u00f1anza<\/a>\n<ul class=\"sub-menu\">\n\t<li id=\"menu-item-777\" class=\"menu-item menu-item-type-post_type menu-item-object-page menu-item-777\"><a href=\"https:\/\/fcfrp.usp.br\/es\/ensino\/graduacao\/\">Graduaci\u00f3n<\/a><\/li>\n\t<li id=\"menu-item-778\" class=\"menu-item menu-item-type-post_type menu-item-object-page menu-item-778\"><a href=\"https:\/\/fcfrp.usp.br\/es\/ensino\/pos-graduacao\/\">Posgraduaci\u00f3n<\/a><\/li>\n<\/ul>\n<\/li>\n<\/ul><\/div><\/div><\/div><\/div><\/div>","protected":false},"excerpt":{"rendered":"<p>O ensino de Gradua\u00e7\u00e3o da FCFRP conta com o Curso de Farm\u00e1cia \u2013 Bioqu\u00edmica. O curso est\u00e1 fundamentado numa concep\u00e7\u00e3o pedag\u00f3gica cr\u00edtica baseada na participa\u00e7\u00e3o, no di\u00e1logo e na problematiza\u00e7\u00e3o da realidade vivenciada pelos profissionais da \u00e1rea farmac\u00eautica. Contato: sgrad@fcfrp.usp.br &nbsp; O ensino de P\u00f3s-Gradua\u00e7\u00e3o da FCFRP iniciou-se em 1988 e hoje \u00e9 refer\u00eancia nacional<a href=\"https:\/\/fcfrp.usp.br\/es\/ensino\/\">[&#8230;]<\/a><\/p>\n","protected":false},"author":978,"featured_media":0,"parent":0,"menu_order":1,"comment_status":"closed","ping_status":"closed","template":"template-fullwidth.php","meta":{"footnotes":"","_links_to":"","_links_to_target":""},"class_list":["post-320","page","type-page","status-publish","hentry"],"_links":{"self":[{"href":"https:\/\/fcfrp.usp.br\/es\/wp-json\/wp\/v2\/pages\/320","targetHints":{"allow":["GET"]}}],"collection":[{"href":"https:\/\/fcfrp.usp.br\/es\/wp-json\/wp\/v2\/pages"}],"about":[{"href":"https:\/\/fcfrp.usp.br\/es\/wp-json\/wp\/v2\/types\/page"}],"author":[{"embeddable":true,"href":"https:\/\/fcfrp.usp.br\/es\/wp-json\/wp\/v2\/users\/978"}],"replies":[{"embeddable":true,"href":"https:\/\/fcfrp.usp.br\/es\/wp-json\/wp\/v2\/comments?post=320"}],"version-history":[{"count":4,"href":"https:\/\/fcfrp.usp.br\/es\/wp-json\/wp\/v2\/pages\/320\/revisions"}],"predecessor-version":[{"id":7687,"href":"https:\/\/fcfrp.usp.br\/es\/wp-json\/wp\/v2\/pages\/320\/revisions\/7687"}],"wp:attachment":[{"href":"https:\/\/fcfrp.usp.br\/es\/wp-json\/wp\/v2\/media?parent=320"}],"curies":[{"name":"wp","href":"https:\/\/api.w.org\/{rel}","templated":true}]}}