{"id":3474,"date":"2020-05-02T09:33:18","date_gmt":"2020-05-02T11:33:18","guid":{"rendered":"https:\/\/sites.usp.br\/fcfrp\/?page_id=3474"},"modified":"2025-03-27T09:19:30","modified_gmt":"2025-03-27T11:19:30","slug":"astox","status":"publish","type":"page","link":"https:\/\/fcfrp.usp.br\/es\/pesquisa-extensao\/pesquisa\/centrais-multiusuarios\/astox\/","title":{"rendered":"Laboratorio de Sistemas y Toxicolog\u00eda Anal\u00edtica (ASTox)"},"content":{"rendered":"<div id=\"pl-3474\"  class=\"panel-layout\" ><div id=\"pg-3474-0\"  class=\"panel-grid panel-no-style\" ><div id=\"pgc-3474-0-0\"  class=\"panel-grid-cell\" ><div id=\"panel-3474-0-0-0\" class=\"so-panel widget widget_text panel-first-child panel-last-child\" data-index=\"0\" >\t\t\t<div class=\"textwidget\"><p><a href=\"https:\/\/sites.usp.br\/fcfrp\/wp-content\/uploads\/sites\/528\/2020\/05\/astoxlogo.jpg\"><img loading=\"lazy\" decoding=\"async\" class=\"aligncenter wp-image-3810 size-full\" src=\"https:\/\/sites.usp.br\/fcfrp\/wp-content\/uploads\/sites\/528\/2020\/05\/astoxlogo.jpg\" alt=\"\" width=\"800\" height=\"118\" srcset=\"https:\/\/fcfrp.usp.br\/wp-content\/uploads\/sites\/528\/2020\/05\/astoxlogo.jpg 800w, https:\/\/fcfrp.usp.br\/wp-content\/uploads\/sites\/528\/2020\/05\/astoxlogo-300x44.jpg 300w, https:\/\/fcfrp.usp.br\/wp-content\/uploads\/sites\/528\/2020\/05\/astoxlogo-768x113.jpg 768w, https:\/\/fcfrp.usp.br\/wp-content\/uploads\/sites\/528\/2020\/05\/astoxlogo-400x59.jpg 400w\" sizes=\"auto, (max-width: 800px) 100vw, 800px\" \/><\/a><\/p>\n<div style=\"text-align: justify; text-indent: 30pt;\">O Laborat\u00f3rio de Toxicologia Anal\u00edtica e de Sistemas da Faculdade de Ci\u00eancias Farmac\u00eauticas de Ribeir\u00e3o Preto (ASTox), realiza a determina\u00e7\u00e3o de elementos qu\u00edmicos, por inje\u00e7\u00e3o direta da amostra ou especia\u00e7\u00e3o qu\u00edmica utilizando um Espectr\u00f4metro de Massas com Plasma Acoplado Indutivamente (ICP-MS). O ASTox \u00e9 um dos principais laborat\u00f3rios de refer\u00eancia na Am\u00e9rica Latina para determina\u00e7\u00e3o de elementos qu\u00edmicos em amostras cl\u00ednicas e participa de v\u00e1rios Ensaios de Profici\u00eancia de Laborat\u00f3rios no Brasil e exterior.<\/div>\n<p>&nbsp;<\/p>\n<p>&nbsp;<\/p>\n<h4><strong>Equipamentos e Servi\u00e7os<\/strong><\/h4>\n<p><a href=\"https:\/\/sites.usp.br\/fcfrp\/wp-content\/uploads\/sites\/528\/2020\/05\/astox.jpg\"><img loading=\"lazy\" decoding=\"async\" class=\"alignright wp-image-3475 size-medium\" src=\"https:\/\/sites.usp.br\/fcfrp\/wp-content\/uploads\/sites\/528\/2020\/05\/astox-300x225.jpg\" alt=\"\" width=\"300\" height=\"225\" srcset=\"https:\/\/fcfrp.usp.br\/wp-content\/uploads\/sites\/528\/2020\/05\/astox-300x225.jpg 300w, https:\/\/fcfrp.usp.br\/wp-content\/uploads\/sites\/528\/2020\/05\/astox-1024x768.jpg 1024w, https:\/\/fcfrp.usp.br\/wp-content\/uploads\/sites\/528\/2020\/05\/astox-768x576.jpg 768w, https:\/\/fcfrp.usp.br\/wp-content\/uploads\/sites\/528\/2020\/05\/astox-1536x1152.jpg 1536w, https:\/\/fcfrp.usp.br\/wp-content\/uploads\/sites\/528\/2020\/05\/astox-285x214.jpg 285w, https:\/\/fcfrp.usp.br\/wp-content\/uploads\/sites\/528\/2020\/05\/astox-80x60.jpg 80w, https:\/\/fcfrp.usp.br\/wp-content\/uploads\/sites\/528\/2020\/05\/astox-400x300.jpg 400w, https:\/\/fcfrp.usp.br\/wp-content\/uploads\/sites\/528\/2020\/05\/astox.jpg 1600w\" sizes=\"auto, (max-width: 300px) 100vw, 300px\" \/><\/a><\/p>\n<div style=\"text-align: justify; text-indent: 30pt;\">O ICP-MS est\u00e1 equipado com cela de rea\u00e7\u00e3o din\u00e2mica, modelo Elan DRC II (PerkinElmer, Sciex, Canad\u00e1) hifenado a um sistema de Cromatografia L\u00edquida de Alta Performance (PerkinElmer, Sciex) (N\u00b0 Patrim\u00f4nio USP 017.020131). O equipamento foi adquirido pela Fapesp (Equipamentos Multiusu\u00e1rios, E.M.U.) N\u00b0 PROCESSO FAPESP: 2004 \/08774-6).<\/div>\n<div style=\"text-align: justify;\">Todas as solu\u00e7\u00f5es utilizadas nas an\u00e1lises s\u00e3o estocadas em tubos de polipropileno Falcon\u00ae (Blue Max\u2122 Jr., Becton Dickinson) de 15 e 50 mL ou frascos de polipropileno (Nalgene\u00ae) previamente descontaminados e secos em capela de fluxo laminar \u201cclasse 100\u201d, tamb\u00e9m instalada na sala do equipamento.<\/div>\n<p>&nbsp;<\/p>\n<p>&nbsp;<\/p>\n<h4><strong>Dados e Resultados<\/strong><\/h4>\n<div style=\"text-align: justify;\">As amostras devem estar enumeradas e com nome do solicitante, contidas em tubos de polipropileno (tipo Falcon) ou criog\u00eanicos, livres de metais. Concentra\u00e7\u00f5es de solventes tais como DMSO, metanol, acetonitrila n\u00e3o s\u00e3o permitidos acima de 0,1%.<\/div>\n<div style=\"text-align: justify;\">\u00c9 necess\u00e1rio preencher nosso formul\u00e1rio (dispon\u00edvel no fim da p\u00e1gina) e entreg\u00e1-lo juntamente com as amostras.<\/div>\n<div style=\"text-align: justify;\">Para outros servi\u00e7os recomenda-se o contato antes da submiss\u00e3o das amostras para orienta\u00e7\u00f5es quanto a necessidades cient\u00edficas especiais.<\/div>\n<p>&nbsp;<\/p>\n<p>&nbsp;<\/p>\n<h4><strong>Hor\u00e1rio de Atendimento<\/strong><\/h4>\n<div style=\"text-align: justify;\">Segunda a Sexta-feira: das 8:00 \u00e0s 17:00 h<\/div>\n<p>&nbsp;<\/p>\n<p>&nbsp;<\/p>\n<h4><strong>Usu\u00e1rios<\/strong><\/h4>\n<div style=\"text-align: justify;\">A utiliza\u00e7\u00e3o do equipamento \u00e9 aberta preferencialmente aos docentes e alunos de p\u00f3s-gradua\u00e7\u00e3o da FCFRP-USP e demais unidades da Universidade de S\u00e3o Paulo (USP). De acordo com a disponibilidade de hor\u00e1rios, a utiliza\u00e7\u00e3o poder\u00e1 ser expandida para outros usu\u00e1rios externos, como docentes e alunos de outras institui\u00e7\u00f5es de ensino e pesquisa, al\u00e9m de laborat\u00f3rios diversos, empresas ou ind\u00fastrias interessadas.<\/div>\n<p>&nbsp;<\/p>\n<p>&nbsp;<\/p>\n<h4><strong>Localiza\u00e7\u00e3o<\/strong><\/h4>\n<div style=\"text-align: justify;\">O equipamento est\u00e1 instalado na sala 85 do Bloco A da FCFRP-USP, uma sala limpa classe \u201c1000\u201d, equipada com filtros HEPA de 60&#215;60 cm posicionados no forro, atrav\u00e9s dos quais \u00e9 for\u00e7ado ar filtrado com vaz\u00e3o total de 6000 m3 h-1. A sala possui um transdutor de press\u00e3o que garante press\u00e3o positiva no seu interior, impedindo a contamina\u00e7\u00e3o pelo ar externo n\u00e3o filtrado.<\/div>\n<p>&nbsp;<\/p>\n<p>&nbsp;<\/p>\n<h4><strong>Contato<\/strong><\/h4>\n<div style=\"text-align: justify;\"><strong>Prof. Dr. Fernando Barbosa J\u00fanior<\/strong><br \/>\nEmail: fbarbosa@fcfrp.usp.br<br \/>\nTel: (16) 3315-0491<\/div>\n<p>&nbsp;<\/p>\n<p>&nbsp;<\/p>\n<h4><strong>Pagamentos<\/strong><\/h4>\n<div style=\"text-align: justify;\">Os valores cobrados est\u00e3o na tabela abaixo.<\/div>\n<p>&nbsp;<\/p>\n<p>&nbsp;<\/p>\n<h4><strong>Documentos<\/strong><\/h4>\n<p><a href=\"https:\/\/sites.usp.br\/fcfrp\/wp-content\/uploads\/sites\/528\/2020\/05\/formulario_de_determinacao_de_metais_para_empresas_astox.doc\" target=\"_blank\" rel=\"noopener\">&#8211; Formul\u00e1rio de Determina\u00e7\u00e3o de Metais para Empresas<\/a><br \/>\n<a href=\"https:\/\/sites.usp.br\/fcfrp\/wp-content\/uploads\/sites\/528\/2020\/05\/formulario_de_determinacao_de_metais_para_universidades_as.doc\" target=\"_blank\" rel=\"noopener\">&#8211; Formul\u00e1rio de Determina\u00e7\u00e3o de Metais para Universidades<\/a><br \/>\n<a href=\"https:\/\/sites.usp.br\/fcfrp\/wp-content\/uploads\/sites\/528\/2020\/05\/tabela_de_valores_2020_astox.doc\" target=\"_blank\" rel=\"noopener\">&#8211; Tabela de Valores 2020<\/a><\/p>\n<\/div>\n\t\t<\/div><\/div><div id=\"pgc-3474-0-1\"  class=\"panel-grid-cell\" ><div id=\"panel-3474-0-1-0\" class=\"so-panel widget widget_nav_menu panel-first-child panel-last-child\" data-index=\"1\" ><div class=\"menu-menu-multi-container\"><ul id=\"menu-menu-multi\" class=\"menu\"><li id=\"menu-item-5520\" class=\"menu-item menu-item-type-post_type menu-item-object-page menu-item-has-children menu-item-5520\"><a href=\"https:\/\/fcfrp.usp.br\/es\/pesquisa-extensao\/\">PESQUISA \/ EXTENS\u00c3O<\/a>\n<ul class=\"sub-menu\">\n\t<li id=\"menu-item-3343\" class=\"menu-item menu-item-type-post_type menu-item-object-page menu-item-has-children menu-item-3343\"><a href=\"https:\/\/fcfrp.usp.br\/es\/pesquisa-extensao\/pesquisa\/\">Pesquisa<\/a>\n\t<ul class=\"sub-menu\">\n\t\t<li id=\"menu-item-5919\" class=\"menu-item menu-item-type-post_type menu-item-object-page menu-item-5919\"><a href=\"https:\/\/fcfrp.usp.br\/es\/pesquisa-extensao\/pesquisa\/normas\/\">Normas<\/a><\/li>\n\t\t<li id=\"menu-item-5563\" class=\"menu-item menu-item-type-post_type menu-item-object-page menu-item-5563\"><a href=\"https:\/\/fcfrp.usp.br\/es\/pesquisa-extensao\/pesquisa\/infraestrutura\/\">Infraestrutura<\/a><\/li>\n\t\t<li id=\"menu-item-3346\" class=\"menu-item menu-item-type-post_type menu-item-object-page menu-item-has-children menu-item-3346\"><a href=\"https:\/\/fcfrp.usp.br\/es\/pesquisa-extensao\/pesquisa\/centrais-multiusuarios\/\">Centrais Multiusu\u00e1rios<\/a>\n\t\t<ul class=\"sub-menu\">\n\t\t\t<li id=\"menu-item-13614\" class=\"menu-item menu-item-type-post_type menu-item-object-page menu-item-13614\"><a href=\"https:\/\/fcfrp.usp.br\/es\/pesquisa-extensao\/pesquisa\/centrais-multiusuarios\/cenacroesp\/\">Centro de Cromatograf\u00eda y Espectrometr\u00eda (CENACROESP)<\/a><\/li>\n\t\t\t<li id=\"menu-item-3518\" class=\"menu-item menu-item-type-post_type menu-item-object-page menu-item-3518\"><a href=\"https:\/\/fcfrp.usp.br\/es\/pesquisa-extensao\/pesquisa\/centrais-multiusuarios\/pusesin\/\">Central Multiusu\u00e1rio de Purifica\u00e7\u00e3o e Sequenciamento de Prote\u00edna e S\u00edntese de Pept\u00eddeo (PuSeSin)<\/a><\/li>\n\t\t\t<li id=\"menu-item-14599\" class=\"menu-item menu-item-type-post_type menu-item-object-page menu-item-14599\"><a href=\"https:\/\/uspmulti.prp.usp.br\/public\/centrais\/262\">Central Multiusuario en Bioqu\u00edmica Estructural y Metabolismo \u2013 Central BQ<\/a><\/li>\n\t\t\t<li id=\"menu-item-13616\" class=\"menu-item menu-item-type-post_type menu-item-object-page menu-item-13616\"><a href=\"https:\/\/fcfrp.usp.br\/es\/pesquisa-extensao\/pesquisa\/centrais-multiusuarios\/cemaesp\/\">Centro de Excelencia en Metal\u00f3mica Aplicada a Estudios de Salud de la Poblaci\u00f3n (CEMAESP)<\/a><\/li>\n\t\t\t<li id=\"menu-item-12988\" class=\"menu-item menu-item-type-post_type menu-item-object-page menu-item-12988\"><a href=\"https:\/\/fcfrp.usp.br\/es\/pesquisa-extensao\/pesquisa\/centrais-multiusuarios\/oncomot\/\">Centro de Excelencia en Oncolog\u00eda Molecular y Traslacional (OncoMoT)<\/a><\/li>\n\t\t\t<li id=\"menu-item-3404\" class=\"menu-item menu-item-type-post_type menu-item-object-page menu-item-3404\"><a href=\"https:\/\/fcfrp.usp.br\/es\/pesquisa-extensao\/pesquisa\/centrais-multiusuarios\/ceqil\/\">Centro de Excel\u00eancia em Quantifica\u00e7\u00e3o e Identifica\u00e7\u00e3o de Lip\u00eddios (CEQIL)<\/a><\/li>\n\t\t\t<li id=\"menu-item-3520\" class=\"menu-item menu-item-type-post_type menu-item-object-page menu-item-3520\"><a href=\"https:\/\/fcfrp.usp.br\/es\/pesquisa-extensao\/pesquisa\/centrais-multiusuarios\/lafai\/\">Laborat\u00f3rio de Farmacot\u00e9cnica Instrumental (LAFAI)<\/a><\/li>\n\t\t\t<li id=\"menu-item-3519\" class=\"menu-item menu-item-type-post_type menu-item-object-page menu-item-3519\"><a href=\"https:\/\/fcfrp.usp.br\/es\/pesquisa-extensao\/pesquisa\/centrais-multiusuarios\/laprofar\/\">Laborat\u00f3rio de P&#038;D em Processos Farmac\u00eauticos (LAPROFAR)<\/a><\/li>\n\t\t\t<li id=\"menu-item-3492\" class=\"menu-item menu-item-type-post_type menu-item-object-page menu-item-3492\"><a href=\"https:\/\/fcfrp.usp.br\/es\/pesquisa-extensao\/pesquisa\/centrais-multiusuarios\/astox\/\">Laborat\u00f3rio de Toxicologia Anal\u00edtica e de Sistemas (ASTox)<\/a><\/li>\n\t\t\t<li id=\"menu-item-3517\" class=\"menu-item menu-item-type-post_type menu-item-object-page menu-item-3517\"><a href=\"https:\/\/fcfrp.usp.br\/es\/pesquisa-extensao\/pesquisa\/centrais-multiusuarios\/sequenciamento\/\">Laborat\u00f3rio Multiusu\u00e1rio de Sequenciamento de \u00c1cidos Nucleicos (LMSeq)<\/a><\/li>\n\t\t\t<li id=\"menu-item-12470\" class=\"menu-item menu-item-type-post_type menu-item-object-page menu-item-12470\"><a href=\"https:\/\/fcfrp.usp.br\/es\/pesquisa-extensao\/pesquisa\/centrais-multiusuarios\/crmn300\/\">Centro de Resonancia Magn\u00e9tica Nuclear de 300MHz<\/a><\/li>\n\t\t\t<li id=\"menu-item-3860\" class=\"menu-item menu-item-type-post_type menu-item-object-page menu-item-has-children menu-item-3860\"><a href=\"https:\/\/fcfrp.usp.br\/es\/pesquisa-extensao\/pesquisa\/centrais-multiusuarios\/\">LIAREC &#8211; Laborat\u00f3rio de Imagens de Alta Resolu\u00e7\u00e3o e Estudos Celulares<\/a>\n\t\t\t<ul class=\"sub-menu\">\n\t\t\t\t<li id=\"menu-item-3543\" class=\"menu-item menu-item-type-post_type menu-item-object-page menu-item-3543\"><a href=\"https:\/\/fcfrp.usp.br\/es\/pesquisa-extensao\/pesquisa\/centrais-multiusuarios\/nanoparticulados\/\">Caracteriza\u00e7\u00e3o de Sistemas de Libera\u00e7\u00e3o Micro e Nanodispersos<\/a><\/li>\n\t\t\t\t<li id=\"menu-item-3542\" class=\"menu-item menu-item-type-post_type menu-item-object-page menu-item-3542\"><a href=\"https:\/\/fcfrp.usp.br\/es\/pesquisa-extensao\/pesquisa\/centrais-multiusuarios\/citometria\/\">Citometria de Fluxo<\/a><\/li>\n\t\t\t\t<li id=\"menu-item-3541\" class=\"menu-item menu-item-type-post_type menu-item-object-page menu-item-3541\"><a href=\"https:\/\/fcfrp.usp.br\/es\/pesquisa-extensao\/pesquisa\/centrais-multiusuarios\/eletroforese\/\">Eletroforese Capilar<\/a><\/li>\n\t\t\t\t<li id=\"menu-item-3540\" class=\"menu-item menu-item-type-post_type menu-item-object-page menu-item-3540\"><a href=\"https:\/\/fcfrp.usp.br\/es\/pesquisa-extensao\/pesquisa\/centrais-multiusuarios\/microscopia\/\">Microscopia de Fluoresc\u00eancia Confocal<\/a><\/li>\n\t\t\t\t<li id=\"menu-item-3882\" class=\"menu-item menu-item-type-post_type menu-item-object-page menu-item-3882\"><a href=\"https:\/\/fcfrp.usp.br\/es\/pesquisa-extensao\/pesquisa\/centrais-multiusuarios\/microscopia-atomica\/\">Microsc\u00f3pio de For\u00e7a At\u00f4mica<\/a><\/li>\n\t\t\t<\/ul>\n<\/li>\n\t\t<\/ul>\n<\/li>\n\t\t<li id=\"menu-item-5569\" class=\"menu-item menu-item-type-post_type menu-item-object-page menu-item-5569\"><a href=\"https:\/\/fcfrp.usp.br\/es\/pesquisa-extensao\/pesquisa\/grupos-pesquisa\/\">Grupos de Pesquisa<\/a><\/li>\n\t\t<li id=\"menu-item-5575\" class=\"menu-item menu-item-type-post_type menu-item-object-page menu-item-5575\"><a href=\"https:\/\/fcfrp.usp.br\/es\/pesquisa-extensao\/pesquisa\/programas\/\">Programas<\/a><\/li>\n\t\t<li id=\"menu-item-5579\" class=\"menu-item menu-item-type-post_type menu-item-object-page menu-item-5579\"><a href=\"https:\/\/fcfrp.usp.br\/es\/pesquisa-extensao\/pesquisa\/oportunidades\/\">Oportunidades<\/a><\/li>\n\t<\/ul>\n<\/li>\n\t<li id=\"menu-item-3344\" class=\"menu-item menu-item-type-post_type menu-item-object-page menu-item-3344\"><a href=\"https:\/\/fcfrp.usp.br\/es\/pesquisa-extensao\/extensao\/\">Cultura e Extens\u00e3o<\/a><\/li>\n\t<li id=\"menu-item-3345\" class=\"menu-item menu-item-type-post_type menu-item-object-page menu-item-3345\"><a href=\"https:\/\/fcfrp.usp.br\/es\/institucional\/comissoes\/relacoes-internacionais\/\">Rela\u00e7\u00f5es Internacionais<\/a><\/li>\n<\/ul>\n<\/li>\n<\/ul><\/div><\/div><\/div><\/div><\/div>","protected":false},"excerpt":{"rendered":"<p>O Laborat\u00f3rio de Toxicologia Anal\u00edtica e de Sistemas da Faculdade de Ci\u00eancias Farmac\u00eauticas de Ribeir\u00e3o Preto (ASTox), realiza a determina\u00e7\u00e3o de elementos qu\u00edmicos, por inje\u00e7\u00e3o direta da amostra ou especia\u00e7\u00e3o qu\u00edmica utilizando um Espectr\u00f4metro de Massas com Plasma Acoplado Indutivamente (ICP-MS). O ASTox \u00e9 um dos principais laborat\u00f3rios de refer\u00eancia na Am\u00e9rica Latina para determina\u00e7\u00e3o<a href=\"https:\/\/fcfrp.usp.br\/es\/pesquisa-extensao\/pesquisa\/centrais-multiusuarios\/astox\/\">[&#8230;]<\/a><\/p>\n","protected":false},"author":978,"featured_media":0,"parent":796,"menu_order":4,"comment_status":"closed","ping_status":"closed","template":"template-fullwidth-no-title.php","meta":{"footnotes":"","_links_to":"","_links_to_target":""},"class_list":["post-3474","page","type-page","status-publish","hentry"],"_links":{"self":[{"href":"https:\/\/fcfrp.usp.br\/es\/wp-json\/wp\/v2\/pages\/3474","targetHints":{"allow":["GET"]}}],"collection":[{"href":"https:\/\/fcfrp.usp.br\/es\/wp-json\/wp\/v2\/pages"}],"about":[{"href":"https:\/\/fcfrp.usp.br\/es\/wp-json\/wp\/v2\/types\/page"}],"author":[{"embeddable":true,"href":"https:\/\/fcfrp.usp.br\/es\/wp-json\/wp\/v2\/users\/978"}],"replies":[{"embeddable":true,"href":"https:\/\/fcfrp.usp.br\/es\/wp-json\/wp\/v2\/comments?post=3474"}],"version-history":[{"count":4,"href":"https:\/\/fcfrp.usp.br\/es\/wp-json\/wp\/v2\/pages\/3474\/revisions"}],"predecessor-version":[{"id":15017,"href":"https:\/\/fcfrp.usp.br\/es\/wp-json\/wp\/v2\/pages\/3474\/revisions\/15017"}],"up":[{"embeddable":true,"href":"https:\/\/fcfrp.usp.br\/es\/wp-json\/wp\/v2\/pages\/796"}],"wp:attachment":[{"href":"https:\/\/fcfrp.usp.br\/es\/wp-json\/wp\/v2\/media?parent=3474"}],"curies":[{"name":"wp","href":"https:\/\/api.w.org\/{rel}","templated":true}]}}