{"id":3988,"date":"2020-05-06T08:15:48","date_gmt":"2020-05-06T10:15:48","guid":{"rendered":"https:\/\/sites.usp.br\/fcfrp\/?page_id=3988"},"modified":"2026-04-01T15:19:08","modified_gmt":"2026-04-01T17:19:08","slug":"como-estudar","status":"publish","type":"page","link":"https:\/\/fcfrp.usp.br\/es\/ensino\/graduacao\/como-estudar\/","title":{"rendered":"C\u00f3mo Estudiar en FCFRP\/USP"},"content":{"rendered":"<div id=\"pl-3988\"  class=\"panel-layout\" ><div id=\"pg-3988-0\"  class=\"panel-grid panel-no-style\" ><div id=\"pgc-3988-0-0\"  class=\"panel-grid-cell\" ><div id=\"panel-3988-0-0-0\" class=\"so-panel widget widget_text panel-first-child panel-last-child\" data-index=\"0\" >\t\t\t<div class=\"textwidget\"><h4><strong>TRANSFER\u00caNCIAS<\/strong><\/h4>\n<div style=\"text-align: justify;\">Existem dois tipos de ingresso por transfer\u00eancia, sendo:\u00a0 \u00a0<em><strong>TRANSFER\u00caNCIA EXTERNA (TE)\u00a0 \u00a0<\/strong><\/em>e<em><strong>\u00a0 \u00a0<\/strong><strong>TRANSFER\u00caNCIA INTERNA (TI)<\/strong><\/em>.<\/div>\n<p>&nbsp;<\/p>\n<h4>TRANSFER\u00caNCIA EXTERNA (TE)<\/h4>\n<div style=\"text-align: justify;\">A Transfer\u00eancia Externa seleciona alunos de outras institui\u00e7\u00f5es para ingresso em cursos da USP e acontece em 2 fases, sendo:<\/div>\n<p>&nbsp;<\/p>\n<div style=\"text-align: justify;\"><em>1\u00aa fase<\/em> &#8211; Prova de sele\u00e7\u00e3o realizada pela FUVEST que geralmente ocorre em maio com inscri\u00e7\u00f5es em abril e\u00a0ingresso no 2\u00ba semestre de 2024.\u00a0As informa\u00e7\u00f5es devem ser acompanhadas pelo site da Fuvest (<a href=\"http:\/\/www.fuvest.br\" target=\"_blank\" rel=\"noopener\">www.fuvest.br<\/a>), mas se preferir clique <a href=\"https:\/\/www.fuvest.br\/transferencia\/\" target=\"_blank\" rel=\"noopener\"><strong>AQUI<\/strong><\/a>.<br \/>\n<em>2\u00aa fase<\/em> \u2013 \u00c9 realizada ap\u00f3s a aprova\u00e7\u00e3o do candidato na 1\u00aa fase e os crit\u00e9rios s\u00e3o definidos por cada curso.<br \/>\n<strong>ATEN\u00c7\u00c3O! EM 2026 N\u00c3O TEMOS VAGAS PARA INGRESSO POR TRANSFER\u00caNCIA EXTERNA.<\/strong><\/div>\n<p>&nbsp;<\/p>\n<h4>TRANSFER\u00caNCIA INTERNA (TI)<\/h4>\n<div style=\"text-align: justify;\">\n<p>A Transfer\u00eancia Interna seleciona estudantes da pr\u00f3pria USP que desejam mudar de curso e cada Unidade divulga a forma de sele\u00e7\u00e3o em suas p\u00e1ginas. Quando h\u00e1 vagas \u00e9 divulgado um edital com todas as informa\u00e7\u00f5es sobre o processo seletivo, que no caso da FCFRP \u00e9 levado em considera\u00e7\u00e3o a equival\u00eancia entre os conte\u00fados das disciplinas do curso anterior para o de Farm\u00e1cia, ou seja, deve existir alguma equival\u00eancia entre elas para que o candidato pontue.<\/p>\n<\/div>\n<div><a href=\"https:\/\/fcfrp.usp.br\/wp-content\/uploads\/sites\/528\/2025\/11\/Edital-CG-006-2025-Transferencia-Interna-1o-sem-2026-ass.pdf\">&#8211; Edital de Transfer\u00eancia Interna para o 1\u00ba sem 2026 &#8211; <strong>inscri\u00e7\u00f5es de 01 a 19\/12\/2025<\/strong><\/a><\/div>\n<div><a href=\"https:\/\/fcfrp.usp.br\/wp-content\/uploads\/sites\/528\/2025\/11\/Transferencia-Interna.doc\">&#8211; Formul\u00e1rio de Inscri\u00e7\u00e3o para Transfer\u00eancia Interna<\/a><\/div>\n<div><a href=\"https:\/\/fcfrp.usp.br\/wp-content\/uploads\/sites\/528\/2026\/02\/Edital-CG-001-2026-Resultado-preliminar-TI-1o-sem-2026-ass.pdf\">&#8211; Edital CG 001\/26 &#8211; Resultado preliminar<\/a><\/div>\n<div><a href=\"https:\/\/fcfrp.usp.br\/wp-content\/uploads\/sites\/528\/2026\/02\/Edital-CG-002-2026-Resultado-Definitivo-TI-1o-sem-2026-ass.pdf\">&#8211; Edital CG 002\/26 &#8211; Resultado Definitivo<\/a><\/div>\n<p>&nbsp;<\/p>\n<h4><strong>FUVEST<\/strong><\/h4>\n<div style=\"text-align: justify;\">\u00c9 o ingresso realizado atrav\u00e9s de aplica\u00e7\u00e3o de provas organizado e aplicado pela FUVEST.<br \/>\nPara participar, obter informa\u00e7\u00f5es sobre per\u00edodo de inscri\u00e7\u00e3o, isen\u00e7\u00e3o de taxa, entre outras d\u00favidas, acesse <a href=\"http:\/\/www.fuvest.br\" target=\"_blank\" rel=\"noopener\">aqui<\/a>.<\/div>\n<p>&nbsp;<\/p>\n<h4><strong>Enem-USP<\/strong><\/h4>\n<div style=\"text-align: justify;\">Em 2023 a USP implantou um novo sistema de ingresso de via Exame Nacional do Ensino M\u00e9dio (Enem) em substitui\u00e7\u00e3o ao Sisu cujo processo ser\u00e1 administrado diretamente pela Fuvest. Acesse <a href=\"https:\/\/prg.usp.br\/processo-seletivo-enem-usp-2023-acesse-o-edital-e-anexos\/\" target=\"_blank\" rel=\"noopener\">AQUI<\/a> os editais e da PRG e <a href=\"https:\/\/www.fuvest.br\/enem-usp\/\" target=\"_blank\" rel=\"noopener\">AQUI<\/a> o site da Fuvest onde acontecer\u00e1 as inscri\u00e7\u00f5es.<\/div>\n<p>&nbsp;<\/p>\n<h4><strong>Competi\u00e7\u00f5es de Conhecimento<\/strong><\/h4>\n<div style=\"text-align: justify;\">\u00c9 uma forma de ingresso na USP, com caracter\u00edstica adicional para estudantes brasileiros participantes de Competi\u00e7\u00f5es do Conhecimento (olimp\u00edadas). Acesse <a href=\"https:\/\/www.fuvest.br\/olimpiadas\/\" target=\"_blank\" rel=\"noopener\">AQUI<\/a> a distribui\u00e7\u00e3o de vagas pelos cursos e tamb\u00e9m quais os requisitos e formas de inscri\u00e7\u00e3o.<\/div>\n<p>&nbsp;<\/p>\n<h4><strong>PORTADOR DE DIPLOMA<\/strong><\/h4>\n<div style=\"text-align: justify;\">\u00c9 uma forma de ingresso que obedece ao Art. 72 do Estatuto e 67 do Regimento Geral, ambas resolu\u00e7\u00f5es da USP. Por\u00e9m, devido a especificidades do curso, atualmente essa modalidade de ingresso est\u00e1 suspensa para o curso de Farm\u00e1cia da FCFRP e caso queira saber quando retornar\u00e1 basta acessar anualmente este site nos meses de Janeiro, pois assim que houver a possibilidade de ofertar vagas, um edital ser\u00e1 divulgado aqui mesmo nesta p\u00e1gina.<\/div>\n<p>&nbsp;<\/p>\n<h4><strong>ESTUDANTES ESPECIAIS (incluindo estudantes UNESP e UNICAMP)<\/strong><\/h4>\n<div style=\"text-align: justify;\">\u2013 \u00c9 permitida a inscri\u00e7\u00e3o em at\u00e9 3 (tr\u00eas) disciplinas\/m\u00f3dulos por semestre;<br \/>\n\u2013 A aceita\u00e7\u00e3o da matr\u00edcula depender\u00e1 do professor respons\u00e1vel pela disciplina e ser\u00e1 analisada conforme disponibilidade de vagas e solicita\u00e7\u00e3o do interessado;<br \/>\n\u2013 O estudante especial n\u00e3o tem direito ao Cart\u00e3o USP.<\/div>\n<p>&nbsp;<\/p>\n<div style=\"text-align: justify;\"><strong>COMO SE INSCREVER<\/strong><br \/>\n\u2013 Para disciplinas que acontecer\u00e3o no 1\u00ba semestre de 2026 as datas de inscri\u00e7\u00e3o s\u00e3o: 19 e 20\/02\/2026 e para as disciplinas que acontecer\u00e3o no 2\u00ba semestre de 2026 s\u00e3o: 27 e 28\/07\/2026;<br \/>\n\u2013 As inscri\u00e7\u00f5es dever\u00e3o ser realizadas pelo e-mail jr8@fcfrp.usp.br ;<br \/>\n\u2013 Acesse <a href=\"https:\/\/fcfrp.usp.br\/wp-content\/uploads\/sites\/528\/2025\/02\/Estudante-Especial.doc\">aqui o Requerimento de estudante especial<\/a>, que deve ser preenchido e assinado digitalmente e posteriormente enviado com os documentos informados no mesmo.<\/div>\n<p>&nbsp;<\/p>\n<h4><strong>ALUNO OUVINTE<\/strong><\/h4>\n<div style=\"text-align: justify;\">Para ser ouvinte numa disciplina ou m\u00f3dulo, dever\u00e1 entrar em contato diretamente com o docentes respons\u00e1vel. Acesse <a href=\"https:\/\/uspdigital.usp.br\/jupiterweb\/jupDisciplinaBusca?tipo=D&amp;codmnu=6755\" target=\"_blank\" rel=\"noopener\">AQUI<\/a> os programas das disciplinas que cont\u00e9m o nome dos professores respons\u00e1veis.<br \/>\nO aluno ouvinte n\u00e3o tem direito a certificado por se tratar de um acordo entre interessado e professor respons\u00e1vel.<\/div>\n<\/div>\n\t\t<\/div><\/div><div id=\"pgc-3988-0-1\"  class=\"panel-grid-cell\" ><div id=\"panel-3988-0-1-0\" class=\"so-panel widget widget_nav_menu panel-first-child panel-last-child\" data-index=\"1\" ><div class=\"menu-menu-grad-container\"><ul id=\"menu-menu-grad\" class=\"menu\"><li id=\"menu-item-3941\" class=\"menu-item menu-item-type-post_type menu-item-object-page menu-item-has-children menu-item-3941\"><a href=\"https:\/\/fcfrp.usp.br\/es\/ensino\/\">Ense\u00f1anza<\/a>\n<ul class=\"sub-menu\">\n\t<li id=\"menu-item-3942\" class=\"menu-item menu-item-type-post_type menu-item-object-page menu-item-has-children menu-item-3942\"><a href=\"https:\/\/fcfrp.usp.br\/es\/ensino\/graduacao\/\">Graduaci\u00f3n<\/a>\n\t<ul class=\"sub-menu\">\n\t\t<li id=\"menu-item-3938\" class=\"menu-item menu-item-type-post_type menu-item-object-page menu-item-has-children menu-item-3938\"><a href=\"https:\/\/fcfrp.usp.br\/es\/ensino\/graduacao\/comissao-graduacao\/\">Comisi\u00f3n de Graduacion<\/a>\n\t\t<ul class=\"sub-menu\">\n\t\t\t<li id=\"menu-item-10994\" class=\"menu-item menu-item-type-post_type menu-item-object-page menu-item-10994\"><a href=\"https:\/\/fcfrp.usp.br\/es\/ensino\/graduacao\/deliberacoes\/\">Reglas y Deliberaciones<\/a><\/li>\n\t\t\t<li id=\"menu-item-13034\" class=\"menu-item menu-item-type-post_type menu-item-object-page menu-item-13034\"><a href=\"https:\/\/fcfrp.usp.br\/es\/ensino\/graduacao\/eventos\/\">Eventos<\/a><\/li>\n\t\t<\/ul>\n<\/li>\n\t\t<li id=\"menu-item-3939\" class=\"menu-item menu-item-type-post_type menu-item-object-page menu-item-3939\"><a href=\"https:\/\/fcfrp.usp.br\/es\/institucional\/administracao\/atac\/secao-graduacao\/\">Servicio de Graduaci\u00f3n<\/a><\/li>\n\t\t<li id=\"menu-item-3940\" class=\"menu-item menu-item-type-post_type menu-item-object-page menu-item-3940\"><a href=\"https:\/\/fcfrp.usp.br\/es\/institucional\/administracao\/atac\/apoio-pedagogico\/\">Soporte Pedag\u00f3gico<\/a><\/li>\n\t\t<li id=\"menu-item-4000\" class=\"menu-item menu-item-type-post_type menu-item-object-page menu-item-4000\"><a href=\"https:\/\/fcfrp.usp.br\/es\/ensino\/graduacao\/como-estudar\/\">C\u00f3mo Estudiar en FCFRP\/USP<\/a><\/li>\n\t\t<li id=\"menu-item-4064\" class=\"menu-item menu-item-type-post_type menu-item-object-page menu-item-4064\"><a href=\"https:\/\/fcfrp.usp.br\/es\/ensino\/graduacao\/atestados\/\">Certificados e Historia Escolar<\/a><\/li>\n\t\t<li id=\"menu-item-4047\" class=\"menu-item menu-item-type-post_type menu-item-object-page menu-item-4047\"><a href=\"https:\/\/fcfrp.usp.br\/es\/ensino\/graduacao\/aulas\/\">Clases y Calendarios<\/a><\/li>\n\t\t<li id=\"menu-item-7698\" class=\"menu-item menu-item-type-post_type menu-item-object-page menu-item-7698\"><a href=\"https:\/\/fcfrp.usp.br\/es\/ensino\/graduacao\/onibus\/\">Tarjeta de bus<\/a><\/li>\n\t\t<li id=\"menu-item-4073\" class=\"menu-item menu-item-type-post_type menu-item-object-page menu-item-4073\"><a href=\"https:\/\/fcfrp.usp.br\/es\/ensino\/graduacao\/colacoes\/\">Clasificaciones de Grado<\/a><\/li>\n\t\t<li id=\"menu-item-4097\" class=\"menu-item menu-item-type-post_type menu-item-object-page menu-item-4097\"><a href=\"https:\/\/fcfrp.usp.br\/es\/ensino\/graduacao\/estagios\/\">Pasant\u00edas<\/a><\/li>\n\t\t<li id=\"menu-item-4096\" class=\"menu-item menu-item-type-post_type menu-item-object-page menu-item-4096\"><a href=\"https:\/\/fcfrp.usp.br\/es\/ensino\/graduacao\/formularios-grad\/\">Formas<\/a><\/li>\n\t\t<li id=\"menu-item-4095\" class=\"menu-item menu-item-type-post_type menu-item-object-page menu-item-4095\"><a href=\"https:\/\/fcfrp.usp.br\/es\/ensino\/graduacao\/matriculas\/\">Matr\u00edculas 2025<\/a><\/li>\n\t\t<li id=\"menu-item-4094\" class=\"menu-item menu-item-type-post_type menu-item-object-page menu-item-4094\"><a href=\"https:\/\/fcfrp.usp.br\/es\/ensino\/graduacao\/monitoria\/\">Monitoreo<\/a><\/li>\n\t\t<li id=\"menu-item-4092\" class=\"menu-item menu-item-type-post_type menu-item-object-page menu-item-4092\"><a href=\"https:\/\/fcfrp.usp.br\/es\/ensino\/graduacao\/tcc\/\">TCC<\/a><\/li>\n\t\t<li id=\"menu-item-4093\" class=\"menu-item menu-item-type-post_type menu-item-object-page menu-item-4093\"><a href=\"https:\/\/fcfrp.usp.br\/es\/ensino\/graduacao\/trancamentos\/\">Bloqueo<\/a><\/li>\n\t\t<li id=\"menu-item-4009\" class=\"menu-item menu-item-type-post_type menu-item-object-page menu-item-4009\"><a href=\"https:\/\/fcfrp.usp.br\/es\/ensino\/graduacao\/egressos\/\">Graduados (Antiguos Alumnos)<\/a><\/li>\n\t<\/ul>\n<\/li>\n\t<li id=\"menu-item-3943\" class=\"menu-item menu-item-type-post_type menu-item-object-page menu-item-3943\"><a href=\"https:\/\/fcfrp.usp.br\/es\/ensino\/pos-graduacao\/\">Posgraduaci\u00f3n<\/a><\/li>\n<\/ul>\n<\/li>\n<\/ul><\/div><\/div><\/div><\/div><\/div>","protected":false},"excerpt":{"rendered":"<p>TRANSFER\u00caNCIAS Existem dois tipos de ingresso por transfer\u00eancia, sendo:\u00a0 \u00a0TRANSFER\u00caNCIA EXTERNA (TE)\u00a0 \u00a0e\u00a0 \u00a0TRANSFER\u00caNCIA INTERNA (TI). &nbsp; TRANSFER\u00caNCIA EXTERNA (TE) A Transfer\u00eancia Externa seleciona alunos de outras institui\u00e7\u00f5es para ingresso em cursos da USP e acontece em 2 fases, sendo: &nbsp; 1\u00aa fase &#8211; Prova de sele\u00e7\u00e3o realizada pela FUVEST que geralmente ocorre em maio<a href=\"https:\/\/fcfrp.usp.br\/es\/ensino\/graduacao\/como-estudar\/\">[&#8230;]<\/a><\/p>\n","protected":false},"author":978,"featured_media":0,"parent":452,"menu_order":0,"comment_status":"closed","ping_status":"closed","template":"template-fullwidth.php","meta":{"footnotes":"","_links_to":"","_links_to_target":""},"class_list":["post-3988","page","type-page","status-publish","hentry"],"_links":{"self":[{"href":"https:\/\/fcfrp.usp.br\/es\/wp-json\/wp\/v2\/pages\/3988","targetHints":{"allow":["GET"]}}],"collection":[{"href":"https:\/\/fcfrp.usp.br\/es\/wp-json\/wp\/v2\/pages"}],"about":[{"href":"https:\/\/fcfrp.usp.br\/es\/wp-json\/wp\/v2\/types\/page"}],"author":[{"embeddable":true,"href":"https:\/\/fcfrp.usp.br\/es\/wp-json\/wp\/v2\/users\/978"}],"replies":[{"embeddable":true,"href":"https:\/\/fcfrp.usp.br\/es\/wp-json\/wp\/v2\/comments?post=3988"}],"version-history":[{"count":4,"href":"https:\/\/fcfrp.usp.br\/es\/wp-json\/wp\/v2\/pages\/3988\/revisions"}],"predecessor-version":[{"id":16515,"href":"https:\/\/fcfrp.usp.br\/es\/wp-json\/wp\/v2\/pages\/3988\/revisions\/16515"}],"up":[{"embeddable":true,"href":"https:\/\/fcfrp.usp.br\/es\/wp-json\/wp\/v2\/pages\/452"}],"wp:attachment":[{"href":"https:\/\/fcfrp.usp.br\/es\/wp-json\/wp\/v2\/media?parent=3988"}],"curies":[{"name":"wp","href":"https:\/\/api.w.org\/{rel}","templated":true}]}}