{"id":4006,"date":"2020-05-06T08:48:41","date_gmt":"2020-05-06T10:48:41","guid":{"rendered":"https:\/\/sites.usp.br\/fcfrp\/?page_id=4006"},"modified":"2025-09-29T11:51:20","modified_gmt":"2025-09-29T13:51:20","slug":"egressos","status":"publish","type":"page","link":"https:\/\/fcfrp.usp.br\/es\/ensino\/graduacao\/egressos\/","title":{"rendered":"Graduados (Antiguos Alumnos)"},"content":{"rendered":"<div id=\"pl-4006\"  class=\"panel-layout\" ><div id=\"pg-4006-0\"  class=\"panel-grid panel-no-style\" ><div id=\"pgc-4006-0-0\"  class=\"panel-grid-cell\" ><div id=\"panel-4006-0-0-0\" class=\"so-panel widget widget_text panel-first-child panel-last-child\" data-index=\"0\" >\t\t\t<div class=\"textwidget\"><h4>Diplomas dispon\u00edveis para retirada<\/h4>\n<div style=\"text-align: justify;\"><a href=\"https:\/\/fcfrp.usp.br\/wp-content\/uploads\/sites\/528\/2025\/07\/DIPLOMAS-DISPONIVEIS-PARA-RETIRADA-atualizado-ate-16.07.25.pdf\" target=\"_blank\" rel=\"noopener\">&#8211; Lista atualizada at\u00e9 16\/07\/25<\/a><br \/>\nA retirada do diploma deve ser realizada pessoalmente pelo interessado ou por um terceiro munido de <a href=\"https:\/\/fcfrp.usp.br\/wp-content\/uploads\/sites\/528\/2025\/07\/Autorizacao-de-Retirada-de-Diploma-por-terceiros.doc\" target=\"_blank\" rel=\"noopener\">autoriza\u00e7\u00e3o com assinatura simples<\/a>, n\u00e3o sendo necess\u00e1rio o reconhecimento de firma em cart\u00f3rio. A autoriza\u00e7\u00e3o pode ser enviada para o email sgrad@fcfrp.usp.br apresentada impressa no momento da retirada do diploma.<\/div>\n<p>&nbsp;<\/p>\n<h4><strong>ALUMNI<\/strong><a href=\"http:\/\/www.alumni.usp.br\/\"><img loading=\"lazy\" decoding=\"async\" class=\"alignright wp-image-6106 size-full\" src=\"https:\/\/sites.usp.br\/fcfrp\/wp-content\/uploads\/sites\/528\/2020\/07\/alumni.jpg\" alt=\"\" width=\"275\" height=\"69\" srcset=\"https:\/\/fcfrp.usp.br\/wp-content\/uploads\/sites\/528\/2020\/07\/alumni.jpg 275w, https:\/\/fcfrp.usp.br\/wp-content\/uploads\/sites\/528\/2020\/07\/alumni-272x69.jpg 272w\" sizes=\"auto, (max-width: 275px) 100vw, 275px\" \/><\/a><\/h4>\n<div style=\"text-align: justify;\">\u00c9 uma plataforma de ex-alunos da USP! Saiba mais clicando <a href=\"http:\/\/www.alumni.usp.br\/\" target=\"_blank\" rel=\"noopener\">AQUI<\/a>!<br \/>\nAlgumas vantagens oferecidas pela plataforma:<br \/>\n&#8211; E-mail Alumni com armazenamento drive (G-suite) ilimitado;<br \/>\n&#8211; Facilidade para reencontrar colegas de turma;<br \/>\n\u2013 Consultar acervo digital de bibliotecas da USP;<br \/>\n\u2013 Formando a partir de 2014 podem acessar seu diploma virtual<br \/>\n&#8211; Ap\u00f3s a cola\u00e7\u00e3o de grau, o egresso ter\u00e1 6 (seis) meses a contar desta data para transferir todos os arquivos do drive @usp para o drive @alumni. Fique atento!<br \/>\n&#8211; Caso tenha dificuldades na cria\u00e7\u00e3o do e-mail e acesso ao Alumni entre em contato pelo e-mail alumni@usp.br .<br \/>\n&#8211; Siga a FCFRP nas m\u00eddias sociais https:\/\/fcfrp.usp.br\/pt\/fale-conosco\/midias-sociais\/ ;<br \/>\n&#8211; Participe da Campanha da FCFRP chamada \u00abAvalia\u00e7\u00e3o dos Perfis dos egressos\u00bb, saiba mais em: https:\/\/fcfrp.usp.br\/pt\/egressos\/ .<\/div>\n<p>&nbsp;<\/p>\n<h4>CONSELHO REGIONAL DE FARM\u00c1CIA (CRF)<\/h4>\n<div style=\"text-align: justify;\">Existem diversas regionais do CRF espalhadas pelo Brasil e a inscri\u00e7\u00e3o poder\u00e1 ser feita em qualquer uma delas. Acesse <a href=\"http:\/\/portal.crfsp.org.br\/\" target=\"_blank\" rel=\"noopener\">AQUI<\/a> a p\u00e1gina da regional do estado de S\u00e3o Paulo para maiores informa\u00e7\u00f5es, bem como documentos para a inscri\u00e7\u00e3o.<br \/>\nExistem diversas regionais do CRF espalhadas pelo Brasil e a inscri\u00e7\u00e3o poder\u00e1 ser feita em qualquer uma delas. Acesse AQUI a p\u00e1gina da regional do estado de S\u00e3o Paulo para maiores informa\u00e7\u00f5es, bem como documentos para a inscri\u00e7\u00e3o.<br \/>\nOs documentos que envolvem a Faculdade s\u00e3o basicamente tr\u00eas, sendo:<br \/>\n<em>\u2013 Hist\u00f3rico Escolar (HE) definitivo<\/em>, contendo todas as disciplinas cursadas, emitido automaticamente pelo Servi\u00e7o de Gradua\u00e7\u00e3o e geralmente \u00e9 entregue no momento da cola\u00e7\u00e3o de grau ou no dia posterior \u00e0 cerim\u00f4nia. Caso ainda n\u00e3o o tenha retirado, favor consultar o Servi\u00e7o de Gradua\u00e7\u00e3o pelo telefones Whatsapp (16) 3315-8561.<br \/>\n<em>\u2013 Atestado de Conclus\u00e3o (AC) ou Diploma<\/em> \u2013 o atestado de conclus\u00e3o de curso \u00e9 entregue no dia da cola\u00e7\u00e3o de grau e substitui o Diploma que demora de 1 a 6 meses para ficar pronto. O CRF utiliza o AC para inscri\u00e7\u00f5es provis\u00f3rias e o diploma para inscri\u00e7\u00f5es definitivas, portanto, ap\u00f3s a emiss\u00e3o do diploma o atestado deixa de ser utilizado.<br \/>\n<em>\u2013 Publica\u00e7\u00e3o do Reconhecimento do Curso no Di\u00e1rio Oficial<\/em> \u2013 o CRF passou a exigir a publica\u00e7\u00e3o com o reconhecimento referente ao ano de conclus\u00e3o do curso. Ao final desta p\u00e1gina acesse todas as publica\u00e7\u00f5es existentes na FCFRP por per\u00edodo.<\/div>\n<p>&nbsp;<\/p>\n<h4>2\u00aa VIA DE DOCUMENTOS<\/h4>\n<div style=\"text-align: justify;\">\n<div><em><strong>1) Diploma<\/strong> (regulamentado pela Res. USP 8766, 19\/03\/25\u00a0<a href=\"https:\/\/leginf.usp.br\/?resolucao=resolucao-no-8766-de-19-de-marco-de-2025-2\" target=\"_blank\" rel=\"noopener\" data-saferedirecturl=\"https:\/\/www.google.com\/url?q=https:\/\/leginf.usp.br\/?resolucao%3Dresolucao-no-8766-de-19-de-marco-de-2025-2&amp;source=gmail&amp;ust=1759238457221000&amp;usg=AOvVaw0T4cTIEmpS7yL5BQTSoHjA\">https:\/\/leginf.usp.<wbr \/>br\/?resolucao=resolucao-no-<wbr \/>8766-de-19-de-marco-de-2025-2<\/a>)<\/em><wbr \/>:<\/div>\n<div>A 2\u00aa via de diploma pode ser solicitada em casos de modifica\u00e7\u00e3o de dados de registro civil, extravio, dano ou destrui\u00e7\u00e3o da original. Para isso, ser\u00e1 necess\u00e1rio:<br \/>\n\u2013 Requerimento de 2\u00aa via preenchido e assinado pelo interessado(a) e pelas testemunhas devidamente qualificadas, contendo justificativa para a solicita\u00e7\u00e3o da 2\u00aa via, relatando a ocorr\u00eancia (modelo abaixo);<br \/>\n\u2013 Diploma original, quando se tratar de danifica\u00e7\u00e3o ou altera\u00e7\u00e3o de dados de registro civil;<br \/>\n\u2013 C\u00f3pia do RG ou do RNE;<br \/>\n\u2013 C\u00f3pia da certid\u00e3o de casamento ou nascimento quando se tratar de altera\u00e7\u00e3o de registro civil;<br \/>\n\u2013 Comprovante de pagamento da taxa no valor de R$ 200,00 referente ao registro de 2\u00aa via de diploma, que pode ser feito por transfer\u00eancia banc\u00e1ria, dep\u00f3sito identificado ou pessoalmente recolhendo a taxa na Se\u00e7\u00e3o de Tesouraria da FCFRP (taxa regulada pela Portaria GR n\u00ba 8066, 21\/06\/23\u00a0<a href=\"https:\/\/leginf.usp.br\/?portaria=portaria-gr-no-8066-de-21-de-junho-de-2023\" target=\"_blank\" rel=\"noopener\" data-saferedirecturl=\"https:\/\/www.google.com\/url?q=https:\/\/leginf.usp.br\/?portaria%3Dportaria-gr-no-8066-de-21-de-junho-de-2023&amp;source=gmail&amp;ust=1759238457221000&amp;usg=AOvVaw3V2pDESoIjAbw9U6UUfCzd\">https:\/\/leginf.usp.br\/?<wbr \/>portaria=portaria-gr-no-8066-<wbr \/>de-21-de-junho-de-2023<\/a>). Em caso de transfer\u00eancia ou dep\u00f3sito, segue os dados da conta da FCFRP:<\/div>\n<div><em>FACULDADE DE CI\u00caNCIAS FARMAC\u00caUTICAS DE RIBEIR\u00c3O PRETO \u2013 USP<br \/>\nBanco do Brasil<br \/>\nAg\u00eancia: 0028-0 e Conta Corrente: 130.005-9<br \/>\nCNPJ 63.025.530\/0080-08<br \/>\nINSCRI\u00c7\u00c3O ESTADUAL: 797.323.915.114<\/em><\/div>\n<div>\n<p>&nbsp;<\/p>\n<p>OBS.: Os documentos acima descritos devem ser entregues pessoalmente no Servi\u00e7o de Gradua\u00e7\u00e3o (bloco H sala 121-A), enviados pelos correios para o endere\u00e7o abaixo ou para o e-mail <a href=\"mailto:mcptezz@fcfrp.usp.br\" target=\"_blank\" rel=\"noopener\">mcptezz@fcfrp.usp.br<\/a>\u00a0desde que assinados digitalmente pela conta GOV.BR (enviar tamb\u00e9m um PDF com a valida\u00e7\u00e3o).<\/p>\n<div>\n<div>\n<div><em>FACULDADE DE CI\u00caNCIAS FARMAC\u00caUTICAS DE RIBEIR\u00c3O PRETO \u2013 USP<br \/>\nA\/C Servi\u00e7o de Gradua\u00e7\u00e3o<br \/>\nAv. Prof. Dr. Zeferino Vaz, s\/n\u00ba \u2013 Monte Alegre &#8211; Campus da USP<br \/>\nCEP 14.040-903 \u2013 Ribeir\u00e3o Preto \u2013 SP<\/em><\/div>\n<p>&nbsp;<\/p>\n<div><a href=\"https:\/\/fcfrp.usp.br\/wp-content\/uploads\/sites\/528\/2025\/09\/2a_via_de_diploma.doc\">\u2013 Modelo para o Requerimento de 2\u00aa via.<\/a><\/div>\n<p>&nbsp;<\/p>\n<div style=\"text-align: justify;\"><strong><em>2) Hist\u00f3rico Escolar (HE):<\/em><\/strong><br \/>\nPoder\u00e1 ser solicitado, gratuitamente apenas uma vez, ap\u00f3s a emiss\u00e3o do original, atrav\u00e9s de e-mail contendo nome completo, RG e\/ou n\u00ba USP a ser enviado para jr8@fcfrp.usp.br. O documento original \u00e9 \u00fanico e entregue no dia da cola\u00e7\u00e3o de grau ou no dia posterior \u00e0 cerim\u00f4nia. O prazo para retirada do documento dever\u00e1 ser questionada no e-mail, pois, os prazos variam de acordo com a data da conclus\u00e3o do curso.<\/div>\n<p>&nbsp;<\/p>\n<h4>PROGRAMAS DAS DISCIPLINAS CURSADAS (EMENTAS)<\/h4>\n<div style=\"text-align: justify;\">Para programas de disciplinas de cursos oferecidos pela FCFRP a partir de 2005, acesse <a href=\"https:\/\/uspdigital.usp.br\/jupiterweb\/jupCursoLista?codcg=60&amp;tipo=V\" target=\"_blank\" rel=\"noopener\">AQUI<\/a>. O acesso se dar\u00e1 ao clicar no c\u00f3digo do respectivo curso. Caso o \u00f3rg\u00e3o para o qual ir\u00e1 apresentar este documento exija assinatura do respons\u00e1vel pelo setor, favor entrar em contato com o <a href=\"https:\/\/fcfrp.usp.br\/institucional\/administracao\/assistencia-tecnica-academica\/secao-graduacao\/\" target=\"_blank\" rel=\"noopener\">Servi\u00e7o de Gradua\u00e7\u00e3o<\/a> para agendar data para entrega e retirada dos documentos assinados.<br \/>\nPara programas de disciplinas de cursos oferecidos pela FCFRP antes de 2005, favor enviar e-mail para jr8@fcfrp.usp.br, contendo nome completo, RG, data de conclus\u00e3o do curso e as disciplinas desejadas. O prazo para retirada do documento dever\u00e1 ser questionada no e-mail, pois, os prazos variam de acordo com a data da conclus\u00e3o do curso.<\/div>\n<p>&nbsp;<\/p>\n<h4><strong>Documentos<\/strong><\/h4>\n<div style=\"text-align: justify;\">Reconhecimentos do Curso de Farm\u00e1cia &#8211; publica\u00e7\u00f5es no Di\u00e1rio Oficial do Estado:<br \/>\n<a href=\"https:\/\/fcfrp.usp.br\/wp-content\/uploads\/sites\/528\/2025\/07\/Portaria-reconhecimento-renovacao-27.05.25-a-26.05.30.pdf\" target=\"_blank\" rel=\"noopener\">&#8211; Vigente \u2013 a serem utilizados pelos concluintes do curso a partir de 27\/05\/25<\/a><br \/>\n<a href=\"https:\/\/fcfrp.usp.br\/wp-content\/uploads\/sites\/528\/2022\/02\/DOE-Renovacao-11.06.2019-a-10.06.2024.pdf\" target=\"_blank\" rel=\"noopener\">&#8211; Vigente &#8211; a serem utilizados pelos concluintes do curso entre 21\/10\/2019 a 26\/05\/25<\/a><br \/>\n<a href=\"https:\/\/fcfrp.usp.br\/wp-content\/uploads\/sites\/528\/2022\/02\/DOE-Reconhecimento-21.10.2014-a-20.10.2019.pdf\" target=\"_blank\" rel=\"noopener\">&#8211; Para concluintes do curso entre 21\/10\/2014 a 20\/10\/2019<\/a><br \/>\n<a href=\"https:\/\/fcfrp.usp.br\/wp-content\/uploads\/sites\/528\/2022\/02\/DOE-Reconhecimento-02.07.2009-a-01.07.2014.pdf\" target=\"_blank\" rel=\"noopener\">&#8211; Para concluintes do curso entre 02\/07\/2009 a 01\/07\/2014<\/a><br \/>\n<a href=\"https:\/\/fcfrp.usp.br\/wp-content\/uploads\/sites\/528\/2022\/02\/DOE-Reconhecimento-09.05.2007-a-08.05.2009.pdf\" target=\"_blank\" rel=\"noopener\">&#8211; Para concluintes do curso entre 09\/05\/2007 a 08\/05\/2009<\/a><\/div>\n<\/div>\n<\/div>\n<\/div>\n<\/div>\n<\/div>\n\t\t<\/div><\/div><div id=\"pgc-4006-0-1\"  class=\"panel-grid-cell\" ><div id=\"panel-4006-0-1-0\" class=\"so-panel widget widget_nav_menu panel-first-child panel-last-child\" data-index=\"1\" ><div class=\"menu-menu-grad-container\"><ul id=\"menu-menu-grad\" class=\"menu\"><li id=\"menu-item-3941\" class=\"menu-item menu-item-type-post_type menu-item-object-page menu-item-has-children menu-item-3941\"><a href=\"https:\/\/fcfrp.usp.br\/es\/ensino\/\">Ense\u00f1anza<\/a>\n<ul class=\"sub-menu\">\n\t<li id=\"menu-item-3942\" class=\"menu-item menu-item-type-post_type menu-item-object-page menu-item-has-children menu-item-3942\"><a href=\"https:\/\/fcfrp.usp.br\/es\/ensino\/graduacao\/\">Graduaci\u00f3n<\/a>\n\t<ul class=\"sub-menu\">\n\t\t<li id=\"menu-item-3938\" class=\"menu-item menu-item-type-post_type menu-item-object-page menu-item-has-children menu-item-3938\"><a href=\"https:\/\/fcfrp.usp.br\/es\/ensino\/graduacao\/comissao-graduacao\/\">Comisi\u00f3n de Graduacion<\/a>\n\t\t<ul class=\"sub-menu\">\n\t\t\t<li id=\"menu-item-10994\" class=\"menu-item menu-item-type-post_type menu-item-object-page menu-item-10994\"><a href=\"https:\/\/fcfrp.usp.br\/es\/ensino\/graduacao\/deliberacoes\/\">Reglas y Deliberaciones<\/a><\/li>\n\t\t\t<li id=\"menu-item-13034\" class=\"menu-item menu-item-type-post_type menu-item-object-page menu-item-13034\"><a href=\"https:\/\/fcfrp.usp.br\/es\/ensino\/graduacao\/eventos\/\">Eventos<\/a><\/li>\n\t\t<\/ul>\n<\/li>\n\t\t<li id=\"menu-item-3939\" class=\"menu-item menu-item-type-post_type menu-item-object-page menu-item-3939\"><a href=\"https:\/\/fcfrp.usp.br\/es\/institucional\/administracao\/atac\/secao-graduacao\/\">Servicio de Graduaci\u00f3n<\/a><\/li>\n\t\t<li id=\"menu-item-3940\" class=\"menu-item menu-item-type-post_type menu-item-object-page menu-item-3940\"><a href=\"https:\/\/fcfrp.usp.br\/es\/institucional\/administracao\/atac\/apoio-pedagogico\/\">Soporte Pedag\u00f3gico<\/a><\/li>\n\t\t<li id=\"menu-item-4000\" class=\"menu-item menu-item-type-post_type menu-item-object-page menu-item-4000\"><a href=\"https:\/\/fcfrp.usp.br\/es\/ensino\/graduacao\/como-estudar\/\">C\u00f3mo Estudiar en FCFRP\/USP<\/a><\/li>\n\t\t<li id=\"menu-item-4064\" class=\"menu-item menu-item-type-post_type menu-item-object-page menu-item-4064\"><a href=\"https:\/\/fcfrp.usp.br\/es\/ensino\/graduacao\/atestados\/\">Certificados e Historia Escolar<\/a><\/li>\n\t\t<li id=\"menu-item-4047\" class=\"menu-item menu-item-type-post_type menu-item-object-page menu-item-4047\"><a href=\"https:\/\/fcfrp.usp.br\/es\/ensino\/graduacao\/aulas\/\">Clases y Calendarios<\/a><\/li>\n\t\t<li id=\"menu-item-7698\" class=\"menu-item menu-item-type-post_type menu-item-object-page menu-item-7698\"><a href=\"https:\/\/fcfrp.usp.br\/es\/ensino\/graduacao\/onibus\/\">Tarjeta de bus<\/a><\/li>\n\t\t<li id=\"menu-item-4073\" class=\"menu-item menu-item-type-post_type menu-item-object-page menu-item-4073\"><a href=\"https:\/\/fcfrp.usp.br\/es\/ensino\/graduacao\/colacoes\/\">Clasificaciones de Grado<\/a><\/li>\n\t\t<li id=\"menu-item-4097\" class=\"menu-item menu-item-type-post_type menu-item-object-page menu-item-4097\"><a href=\"https:\/\/fcfrp.usp.br\/es\/ensino\/graduacao\/estagios\/\">Pasant\u00edas<\/a><\/li>\n\t\t<li id=\"menu-item-4096\" class=\"menu-item menu-item-type-post_type menu-item-object-page menu-item-4096\"><a href=\"https:\/\/fcfrp.usp.br\/es\/ensino\/graduacao\/formularios-grad\/\">Formas<\/a><\/li>\n\t\t<li id=\"menu-item-4095\" class=\"menu-item menu-item-type-post_type menu-item-object-page menu-item-4095\"><a href=\"https:\/\/fcfrp.usp.br\/es\/ensino\/graduacao\/matriculas\/\">Matr\u00edculas 2025<\/a><\/li>\n\t\t<li id=\"menu-item-4094\" class=\"menu-item menu-item-type-post_type menu-item-object-page menu-item-4094\"><a href=\"https:\/\/fcfrp.usp.br\/es\/ensino\/graduacao\/monitoria\/\">Monitoreo<\/a><\/li>\n\t\t<li id=\"menu-item-4092\" class=\"menu-item menu-item-type-post_type menu-item-object-page menu-item-4092\"><a href=\"https:\/\/fcfrp.usp.br\/es\/ensino\/graduacao\/tcc\/\">TCC<\/a><\/li>\n\t\t<li id=\"menu-item-4093\" class=\"menu-item menu-item-type-post_type menu-item-object-page menu-item-4093\"><a href=\"https:\/\/fcfrp.usp.br\/es\/ensino\/graduacao\/trancamentos\/\">Bloqueo<\/a><\/li>\n\t\t<li id=\"menu-item-4009\" class=\"menu-item menu-item-type-post_type menu-item-object-page menu-item-4009\"><a href=\"https:\/\/fcfrp.usp.br\/es\/ensino\/graduacao\/egressos\/\">Graduados (Antiguos Alumnos)<\/a><\/li>\n\t<\/ul>\n<\/li>\n\t<li id=\"menu-item-3943\" class=\"menu-item menu-item-type-post_type menu-item-object-page menu-item-3943\"><a href=\"https:\/\/fcfrp.usp.br\/es\/ensino\/pos-graduacao\/\">Posgraduaci\u00f3n<\/a><\/li>\n<\/ul>\n<\/li>\n<\/ul><\/div><\/div><\/div><\/div><\/div>","protected":false},"excerpt":{"rendered":"<p>Diplomas dispon\u00edveis para retirada &#8211; Lista atualizada at\u00e9 16\/07\/25 A retirada do diploma deve ser realizada pessoalmente pelo interessado ou por um terceiro munido de autoriza\u00e7\u00e3o com assinatura simples, n\u00e3o sendo necess\u00e1rio o reconhecimento de firma em cart\u00f3rio. A autoriza\u00e7\u00e3o pode ser enviada para o email sgrad@fcfrp.usp.br apresentada impressa no momento da retirada do diploma.<a href=\"https:\/\/fcfrp.usp.br\/es\/ensino\/graduacao\/egressos\/\">[&#8230;]<\/a><\/p>\n","protected":false},"author":978,"featured_media":0,"parent":452,"menu_order":2,"comment_status":"closed","ping_status":"closed","template":"template-fullwidth.php","meta":{"footnotes":"","_links_to":"","_links_to_target":""},"class_list":["post-4006","page","type-page","status-publish","hentry"],"_links":{"self":[{"href":"https:\/\/fcfrp.usp.br\/es\/wp-json\/wp\/v2\/pages\/4006","targetHints":{"allow":["GET"]}}],"collection":[{"href":"https:\/\/fcfrp.usp.br\/es\/wp-json\/wp\/v2\/pages"}],"about":[{"href":"https:\/\/fcfrp.usp.br\/es\/wp-json\/wp\/v2\/types\/page"}],"author":[{"embeddable":true,"href":"https:\/\/fcfrp.usp.br\/es\/wp-json\/wp\/v2\/users\/978"}],"replies":[{"embeddable":true,"href":"https:\/\/fcfrp.usp.br\/es\/wp-json\/wp\/v2\/comments?post=4006"}],"version-history":[{"count":4,"href":"https:\/\/fcfrp.usp.br\/es\/wp-json\/wp\/v2\/pages\/4006\/revisions"}],"predecessor-version":[{"id":15595,"href":"https:\/\/fcfrp.usp.br\/es\/wp-json\/wp\/v2\/pages\/4006\/revisions\/15595"}],"up":[{"embeddable":true,"href":"https:\/\/fcfrp.usp.br\/es\/wp-json\/wp\/v2\/pages\/452"}],"wp:attachment":[{"href":"https:\/\/fcfrp.usp.br\/es\/wp-json\/wp\/v2\/media?parent=4006"}],"curies":[{"name":"wp","href":"https:\/\/api.w.org\/{rel}","templated":true}]}}