{"id":4040,"date":"2020-05-06T10:25:52","date_gmt":"2020-05-06T12:25:52","guid":{"rendered":"https:\/\/sites.usp.br\/fcfrp\/?page_id=4040"},"modified":"2026-02-26T11:55:37","modified_gmt":"2026-02-26T13:55:37","slug":"aulas","status":"publish","type":"page","link":"https:\/\/fcfrp.usp.br\/es\/ensino\/graduacao\/aulas\/","title":{"rendered":"Clases y Calendarios"},"content":{"rendered":"<div id=\"pl-4040\"  class=\"panel-layout\" ><div id=\"pg-4040-0\"  class=\"panel-grid panel-no-style\" ><div id=\"pgc-4040-0-0\"  class=\"panel-grid-cell\" ><div id=\"panel-4040-0-0-0\" class=\"so-panel widget widget_text panel-first-child panel-last-child\" data-index=\"0\" >\t\t\t<div class=\"textwidget\"><p>&nbsp;<\/p>\n<h4><strong>Grade Hor\u00e1ria &#8211; 1\u00ba Semestre de 2026<\/strong><\/h4>\n<div><a href=\"https:\/\/fcfrp.usp.br\/wp-content\/uploads\/sites\/528\/2026\/02\/Grade-Horaria-1o-sem-2026-26.02.26-1.pdf\">&#8211; Grade Hor\u00e1ria<\/a><a><br \/>\n<\/a><a href=\"https:\/\/fcfrp.usp.br\/wp-content\/uploads\/sites\/528\/2025\/11\/Anfiteatros-1o-sem-2026-2.pdf\">&#8211; Anfiteatros<\/a><a><br \/>\n<\/a><a href=\"https:\/\/fcfrp.usp.br\/wp-content\/uploads\/sites\/528\/2025\/11\/Laboratorios-1o-sem-2026-2.pdf\">&#8211; Laborat\u00f3rios<\/a><\/div>\n<p>&nbsp;<\/p>\n<h4><strong>Grade Hor\u00e1ria &#8211; 2\u00ba Semestre de 2025<\/strong><\/h4>\n<div><a href=\"https:\/\/fcfrp.usp.br\/wp-content\/uploads\/sites\/528\/2025\/07\/Grade-Horaria-2o-sem-2025-06.06-2.pdf\" target=\"_blank\" rel=\"noopener\">&#8211; Grade Hor\u00e1ria<\/a><a><br \/>\n<\/a><a href=\"https:\/\/fcfrp.usp.br\/wp-content\/uploads\/sites\/528\/2025\/07\/Anfiteatros-2o-semestre-2025-28.07.pdf\">&#8211; Anfiteatros<\/a><a><br \/>\n<\/a><a href=\"https:\/\/fcfrp.usp.br\/wp-content\/uploads\/sites\/528\/2025\/07\/Laboratorios-2o-semestre-2025-28-07.pdf\">&#8211; Laborat\u00f3rios<\/a><\/div>\n<p>&nbsp;<\/p>\n<h4><strong>Prazos de notas e RECs de 2026<\/strong><\/h4>\n<p>&#8211; PRAZOS FINALIZA\u00c7\u00c3O 2\u00ba SEM 2025<\/p>\n<table>\n<tbody>\n<tr>\n<td width=\"198\">Cadastro das notas<\/td>\n<td width=\"123\">23\/01\/26<\/td>\n<\/tr>\n<tr>\n<td width=\"198\">Realiza\u00e7\u00e3o das REC<\/td>\n<td width=\"123\">26 a 30\/01\/26<\/td>\n<\/tr>\n<tr>\n<td width=\"198\">Cadastro das notas de REC<\/td>\n<td width=\"123\">06\/02\/26<\/td>\n<\/tr>\n<\/tbody>\n<\/table>\n<p>&#8211; PRAZOS FINALIZA\u00c7\u00c3O 1\u00ba SEM 2026<\/p>\n<table>\n<tbody>\n<tr>\n<td width=\"198\">Cadastro das notas<\/td>\n<td width=\"123\">13\/07\/26<\/td>\n<\/tr>\n<tr>\n<td width=\"198\">Realiza\u00e7\u00e3o das REC<\/td>\n<td width=\"123\">14 a 21\/07\/26<\/td>\n<\/tr>\n<tr>\n<td width=\"198\">Cadastro das notas de REC<\/td>\n<td width=\"123\">27\/07\/26<\/td>\n<\/tr>\n<\/tbody>\n<\/table>\n<p>&nbsp;<\/p>\n<h4><strong>Calend\u00e1rios<\/strong><\/h4>\n<div style=\"text-align: justify;\"><a href=\"https:\/\/portalservicos.usp.br\/servicos\/graduacao\/jupArquivosPublicos.jsp?codmdnu=6863&amp;tiparq=9&amp;anoprg=2026\">&#8211; Acesse aqui o Calend\u00e1rio Escolar da USP 2026 (n\u00e3o possui as datas internas da FCFRP)<\/a><\/div>\n<div><a href=\"https:\/\/fcfrp.usp.br\/wp-content\/uploads\/sites\/528\/2025\/12\/Calendario-Escolar-da-FCFRP2025.pdf\">&#8211; Calend\u00e1rio Escolar da FCFRP 2025 (inclui as datas internas da FCFRP)<\/a><\/div>\n<div style=\"text-align: justify;\"><a href=\"https:\/\/fcfrp.usp.br\/wp-content\/uploads\/sites\/528\/2025\/12\/Calendario-Escolar-da-FCFRP-2026.pdf\">&#8211; Calend\u00e1rio Escolar da FCFRP 2026 (inclui as datas internas da FCFRP)<\/a><\/div>\n<p>&nbsp;<\/p>\n<h4><strong>Cronograma das Aulas<\/strong><\/h4>\n<div style=\"text-align: justify;\"><b>Os cronogramas das aulas s\u00e3o de responsabilidade dos departamentos e podem ser acessados no menu abaixo:\u00a0<\/b><\/div>\n<p><a href=\"https:\/\/fcfrp.usp.br\/institucional\/departamentos\/dactb\/\" target=\"_blank\" rel=\"noopener\">&#8211; DACTB<\/a><br \/>\n<a href=\"https:\/\/fcfrp.usp.br\/institucional\/departamentos\/dcbm\/\" target=\"_blank\" rel=\"noopener\">&#8211; DCBm<\/a><br \/>\n<a href=\"https:\/\/fcfrp.usp.br\/institucional\/departamentos\/dcf\/\" target=\"_blank\" rel=\"noopener\">&#8211; DCF<\/a><\/p>\n<div><strong>Acesse abaixo o cronograma do m\u00f3dulo de Morfologia do Corpo Humano:<\/strong><br \/>\n&#8211; CGF2014 &#8211; Morfologia do Corpo Humano<\/div>\n<p>&nbsp;<\/p>\n<div style=\"text-align: justify;\"><strong>Acesse abaixo os cronogramas dos m\u00f3dulos sob responsabilidade da CG:<\/strong><br \/>\n<a href=\"https:\/\/fcfrp.usp.br\/wp-content\/uploads\/sites\/528\/2026\/02\/CGF2101_TCC_I-Estudos_preparatorios_reformuladoMMRC.docx\" target=\"_blank\" rel=\"noopener\">&#8211; CGF2101 TCC I &#8211; Estudos preparat\u00f3rios<\/a><\/div>\n<div><a href=\"https:\/\/fcfrp.usp.br\/wp-content\/uploads\/sites\/528\/2025\/07\/CGF2085-Topicos-de-Psicologia-Aplicada-a-Farmacia.pdf\">&#8211; CGF2085 &#8211; T\u00f3picos de Psicologia Aplicada \u00e0 Farm\u00e1cia<\/a><\/div>\n<p>&nbsp;<\/p>\n<div style=\"text-align: justify;\"><strong>Acesse abaixo os cronogramas dos m\u00f3dulos sob responsabilidade da CCEx:<\/strong><\/div>\n<div><a href=\"https:\/\/fcfrp.usp.br\/wp-content\/uploads\/sites\/528\/2025\/09\/Extenfarma-II.pdf\">&#8211; <span class=\"fontstyle0\">CGF 2106<\/span> &#8211; <span class=\"fontstyle0\">Extenfarma II: amplificando a forma\u00e7\u00e3o do farmac\u00eautico e criando espa\u00e7os de interlocu\u00e7\u00e3o com a sociedade<\/span><\/a><\/div>\n<\/div>\n\t\t<\/div><\/div><div id=\"pgc-4040-0-1\"  class=\"panel-grid-cell\" ><div id=\"panel-4040-0-1-0\" class=\"so-panel widget widget_nav_menu panel-first-child panel-last-child\" data-index=\"1\" ><div class=\"menu-menu-grad-container\"><ul id=\"menu-menu-grad\" class=\"menu\"><li id=\"menu-item-3941\" class=\"menu-item menu-item-type-post_type menu-item-object-page menu-item-has-children menu-item-3941\"><a href=\"https:\/\/fcfrp.usp.br\/es\/ensino\/\">Ense\u00f1anza<\/a>\n<ul class=\"sub-menu\">\n\t<li id=\"menu-item-3942\" class=\"menu-item menu-item-type-post_type menu-item-object-page menu-item-has-children menu-item-3942\"><a href=\"https:\/\/fcfrp.usp.br\/es\/ensino\/graduacao\/\">Graduaci\u00f3n<\/a>\n\t<ul class=\"sub-menu\">\n\t\t<li id=\"menu-item-3938\" class=\"menu-item menu-item-type-post_type menu-item-object-page menu-item-has-children menu-item-3938\"><a href=\"https:\/\/fcfrp.usp.br\/es\/ensino\/graduacao\/comissao-graduacao\/\">Comisi\u00f3n de Graduacion<\/a>\n\t\t<ul class=\"sub-menu\">\n\t\t\t<li id=\"menu-item-10994\" class=\"menu-item menu-item-type-post_type menu-item-object-page menu-item-10994\"><a href=\"https:\/\/fcfrp.usp.br\/es\/ensino\/graduacao\/deliberacoes\/\">Reglas y Deliberaciones<\/a><\/li>\n\t\t\t<li id=\"menu-item-13034\" class=\"menu-item menu-item-type-post_type menu-item-object-page menu-item-13034\"><a href=\"https:\/\/fcfrp.usp.br\/es\/ensino\/graduacao\/eventos\/\">Eventos<\/a><\/li>\n\t\t<\/ul>\n<\/li>\n\t\t<li id=\"menu-item-3939\" class=\"menu-item menu-item-type-post_type menu-item-object-page menu-item-3939\"><a href=\"https:\/\/fcfrp.usp.br\/es\/institucional\/administracao\/atac\/secao-graduacao\/\">Servicio de Graduaci\u00f3n<\/a><\/li>\n\t\t<li id=\"menu-item-3940\" class=\"menu-item menu-item-type-post_type menu-item-object-page menu-item-3940\"><a href=\"https:\/\/fcfrp.usp.br\/es\/institucional\/administracao\/atac\/apoio-pedagogico\/\">Soporte Pedag\u00f3gico<\/a><\/li>\n\t\t<li id=\"menu-item-4000\" class=\"menu-item menu-item-type-post_type menu-item-object-page menu-item-4000\"><a href=\"https:\/\/fcfrp.usp.br\/es\/ensino\/graduacao\/como-estudar\/\">C\u00f3mo Estudiar en FCFRP\/USP<\/a><\/li>\n\t\t<li id=\"menu-item-4064\" class=\"menu-item menu-item-type-post_type menu-item-object-page menu-item-4064\"><a href=\"https:\/\/fcfrp.usp.br\/es\/ensino\/graduacao\/atestados\/\">Certificados e Historia Escolar<\/a><\/li>\n\t\t<li id=\"menu-item-4047\" class=\"menu-item menu-item-type-post_type menu-item-object-page menu-item-4047\"><a href=\"https:\/\/fcfrp.usp.br\/es\/ensino\/graduacao\/aulas\/\">Clases y Calendarios<\/a><\/li>\n\t\t<li id=\"menu-item-7698\" class=\"menu-item menu-item-type-post_type menu-item-object-page menu-item-7698\"><a href=\"https:\/\/fcfrp.usp.br\/es\/ensino\/graduacao\/onibus\/\">Tarjeta de bus<\/a><\/li>\n\t\t<li id=\"menu-item-4073\" class=\"menu-item menu-item-type-post_type menu-item-object-page menu-item-4073\"><a href=\"https:\/\/fcfrp.usp.br\/es\/ensino\/graduacao\/colacoes\/\">Clasificaciones de Grado<\/a><\/li>\n\t\t<li id=\"menu-item-4097\" class=\"menu-item menu-item-type-post_type menu-item-object-page menu-item-4097\"><a href=\"https:\/\/fcfrp.usp.br\/es\/ensino\/graduacao\/estagios\/\">Pasant\u00edas<\/a><\/li>\n\t\t<li id=\"menu-item-4096\" class=\"menu-item menu-item-type-post_type menu-item-object-page menu-item-4096\"><a href=\"https:\/\/fcfrp.usp.br\/es\/ensino\/graduacao\/formularios-grad\/\">Formas<\/a><\/li>\n\t\t<li id=\"menu-item-4095\" class=\"menu-item menu-item-type-post_type menu-item-object-page menu-item-4095\"><a href=\"https:\/\/fcfrp.usp.br\/es\/ensino\/graduacao\/matriculas\/\">Matr\u00edculas 2025<\/a><\/li>\n\t\t<li id=\"menu-item-4094\" class=\"menu-item menu-item-type-post_type menu-item-object-page menu-item-4094\"><a href=\"https:\/\/fcfrp.usp.br\/es\/ensino\/graduacao\/monitoria\/\">Monitoreo<\/a><\/li>\n\t\t<li id=\"menu-item-4092\" class=\"menu-item menu-item-type-post_type menu-item-object-page menu-item-4092\"><a href=\"https:\/\/fcfrp.usp.br\/es\/ensino\/graduacao\/tcc\/\">TCC<\/a><\/li>\n\t\t<li id=\"menu-item-4093\" class=\"menu-item menu-item-type-post_type menu-item-object-page menu-item-4093\"><a href=\"https:\/\/fcfrp.usp.br\/es\/ensino\/graduacao\/trancamentos\/\">Bloqueo<\/a><\/li>\n\t\t<li id=\"menu-item-4009\" class=\"menu-item menu-item-type-post_type menu-item-object-page menu-item-4009\"><a href=\"https:\/\/fcfrp.usp.br\/es\/ensino\/graduacao\/egressos\/\">Graduados (Antiguos Alumnos)<\/a><\/li>\n\t<\/ul>\n<\/li>\n\t<li id=\"menu-item-3943\" class=\"menu-item menu-item-type-post_type menu-item-object-page menu-item-3943\"><a href=\"https:\/\/fcfrp.usp.br\/es\/ensino\/pos-graduacao\/\">Posgraduaci\u00f3n<\/a><\/li>\n<\/ul>\n<\/li>\n<\/ul><\/div><\/div><\/div><\/div><\/div>","protected":false},"excerpt":{"rendered":"<p>&nbsp; Grade Hor\u00e1ria &#8211; 1\u00ba Semestre de 2026 &#8211; Grade Hor\u00e1ria &#8211; Anfiteatros &#8211; Laborat\u00f3rios &nbsp; Grade Hor\u00e1ria &#8211; 2\u00ba Semestre de 2025 &#8211; Grade Hor\u00e1ria &#8211; Anfiteatros &#8211; Laborat\u00f3rios &nbsp; Prazos de notas e RECs de 2026 &#8211; PRAZOS FINALIZA\u00c7\u00c3O 2\u00ba SEM 2025 Cadastro das notas 23\/01\/26 Realiza\u00e7\u00e3o das REC 26 a 30\/01\/26 Cadastro<a href=\"https:\/\/fcfrp.usp.br\/es\/ensino\/graduacao\/aulas\/\">[&#8230;]<\/a><\/p>\n","protected":false},"author":978,"featured_media":0,"parent":452,"menu_order":1,"comment_status":"closed","ping_status":"closed","template":"template-fullwidth.php","meta":{"footnotes":"","_links_to":"","_links_to_target":""},"class_list":["post-4040","page","type-page","status-publish","hentry"],"_links":{"self":[{"href":"https:\/\/fcfrp.usp.br\/es\/wp-json\/wp\/v2\/pages\/4040","targetHints":{"allow":["GET"]}}],"collection":[{"href":"https:\/\/fcfrp.usp.br\/es\/wp-json\/wp\/v2\/pages"}],"about":[{"href":"https:\/\/fcfrp.usp.br\/es\/wp-json\/wp\/v2\/types\/page"}],"author":[{"embeddable":true,"href":"https:\/\/fcfrp.usp.br\/es\/wp-json\/wp\/v2\/users\/978"}],"replies":[{"embeddable":true,"href":"https:\/\/fcfrp.usp.br\/es\/wp-json\/wp\/v2\/comments?post=4040"}],"version-history":[{"count":4,"href":"https:\/\/fcfrp.usp.br\/es\/wp-json\/wp\/v2\/pages\/4040\/revisions"}],"predecessor-version":[{"id":16301,"href":"https:\/\/fcfrp.usp.br\/es\/wp-json\/wp\/v2\/pages\/4040\/revisions\/16301"}],"up":[{"embeddable":true,"href":"https:\/\/fcfrp.usp.br\/es\/wp-json\/wp\/v2\/pages\/452"}],"wp:attachment":[{"href":"https:\/\/fcfrp.usp.br\/es\/wp-json\/wp\/v2\/media?parent=4040"}],"curies":[{"name":"wp","href":"https:\/\/api.w.org\/{rel}","templated":true}]}}