{"id":4065,"date":"2020-05-06T10:57:27","date_gmt":"2020-05-06T12:57:27","guid":{"rendered":"https:\/\/sites.usp.br\/fcfrp\/?page_id=4065"},"modified":"2025-12-01T14:06:19","modified_gmt":"2025-12-01T16:06:19","slug":"colacoes","status":"publish","type":"page","link":"https:\/\/fcfrp.usp.br\/es\/ensino\/graduacao\/colacoes\/","title":{"rendered":"Clasificaciones de Grado"},"content":{"rendered":"<div id=\"pl-4065\"  class=\"panel-layout\" ><div id=\"pg-4065-0\"  class=\"panel-grid panel-no-style\" ><div id=\"pgc-4065-0-0\"  class=\"panel-grid-cell\" ><div id=\"panel-4065-0-0-0\" class=\"so-panel widget widget_text panel-first-child panel-last-child\" data-index=\"0\" >\t\t\t<div class=\"textwidget\"><div style=\"text-align: justify;\">As cola\u00e7\u00f5es de grau da FCFRP\/USP s\u00e3o regidas pela Portaria n\u00ba 53\/2016 e elas acontecem em datas previamente agendadas pela Congrega\u00e7\u00e3o da Unidade.<\/div>\n<p><a href=\"https:\/\/fcfrp.usp.br\/wp-content\/uploads\/sites\/528\/2020\/06\/colacaograd.jpg\"><img loading=\"lazy\" decoding=\"async\" class=\"alignright wp-image-5671 size-medium\" src=\"https:\/\/fcfrp.usp.br\/wp-content\/uploads\/sites\/528\/2020\/06\/colacaograd-199x300.jpg\" alt=\"\" width=\"199\" height=\"300\" srcset=\"https:\/\/fcfrp.usp.br\/wp-content\/uploads\/sites\/528\/2020\/06\/colacaograd-199x300.jpg 199w, https:\/\/fcfrp.usp.br\/wp-content\/uploads\/sites\/528\/2020\/06\/colacaograd.jpg 314w\" sizes=\"auto, (max-width: 199px) 100vw, 199px\" \/><\/a><\/p>\n<div style=\"text-align: justify;\"><strong>A Sess\u00e3o Solene de Cola\u00e7\u00e3o de Grau dos formandos de 2025 (95\u00aa turma do integral) ser\u00e1 dia 16\/01\/2025 \u00e0s 18 horas no audit\u00f3rio da FDRP\/USP. Prazo para solicitar a participa\u00e7\u00e3o: at\u00e9 15\/12\/2025.<\/strong><\/div>\n<p>&nbsp;<\/p>\n<div style=\"text-align: justify;\"><strong>As cola\u00e7\u00f5es extraordin\u00e1rias de 2026 ser\u00e3o nos dias 10\/04\/2026, sexta-feira (prazo para solicitar a participa\u00e7\u00e3o at\u00e9 27\/03\/2026) e 24\/07\/2026, sexta-feira (prazo para solicitar a participa\u00e7\u00e3o at\u00e9 10\/07\/2026) em hor\u00e1rios a serem divulgados at\u00e9 20 dias antes da cerim\u00f4nia.<\/strong><\/div>\n<p>&nbsp;<\/p>\n<div style=\"text-align: justify;\"><strong>A Sess\u00e3o Solene de Cola\u00e7\u00e3o de Grau dos formandos de 2026 (96\u00aa turma do integral) ser\u00e1 dia 21\/01\/2027 \u00e0s 18 horas no audit\u00f3rio da FDRP\/USP . Prazo para solicitar a participa\u00e7\u00e3o: at\u00e9 11\/01\/2027.<\/strong><\/div>\n<p>&nbsp;<\/p>\n<div style=\"text-align: justify;\"><strong>A Sess\u00e3o Solene de Cola\u00e7\u00e3o de Grau dos formandos de 2027 (97\u00aa turma do integral) ser\u00e1 dia 14\/01\/2028 \u00e0s 18 horas no audit\u00f3rio da FDRP\/USP. Prazo para solicitar a participa\u00e7\u00e3o: at\u00e9 06\/01\/2028.<\/strong><\/div>\n<p>&nbsp;<\/p>\n<div style=\"text-align: justify;\">Para solicitar a cola\u00e7\u00e3o de grau para qualquer uma das datas, dever\u00e1 ser enviado pelo e-mail sgrad@fcfrp.usp.br o <a href=\"https:\/\/fcfrp.usp.br\/wp-content\/uploads\/sites\/528\/2025\/12\/Colacao-de-Grau.doc\" target=\"_blank\" rel=\"noopener\"><strong>Requerimento de Cola\u00e7\u00e3o de Grau<\/strong><\/a> preenchido e assinado, ou se enviado pela conta USP, a assinatura estar\u00e1 dispensada.<\/div>\n<\/div>\n\t\t<\/div><\/div><div id=\"pgc-4065-0-1\"  class=\"panel-grid-cell\" ><div id=\"panel-4065-0-1-0\" class=\"so-panel widget widget_nav_menu panel-first-child panel-last-child\" data-index=\"1\" ><div class=\"menu-menu-grad-container\"><ul id=\"menu-menu-grad\" class=\"menu\"><li id=\"menu-item-3941\" class=\"menu-item menu-item-type-post_type menu-item-object-page menu-item-has-children menu-item-3941\"><a href=\"https:\/\/fcfrp.usp.br\/es\/ensino\/\">Ense\u00f1anza<\/a>\n<ul class=\"sub-menu\">\n\t<li id=\"menu-item-3942\" class=\"menu-item menu-item-type-post_type menu-item-object-page menu-item-has-children menu-item-3942\"><a href=\"https:\/\/fcfrp.usp.br\/es\/ensino\/graduacao\/\">Graduaci\u00f3n<\/a>\n\t<ul class=\"sub-menu\">\n\t\t<li id=\"menu-item-3938\" class=\"menu-item menu-item-type-post_type menu-item-object-page menu-item-has-children menu-item-3938\"><a href=\"https:\/\/fcfrp.usp.br\/es\/ensino\/graduacao\/comissao-graduacao\/\">Comisi\u00f3n de Graduacion<\/a>\n\t\t<ul class=\"sub-menu\">\n\t\t\t<li id=\"menu-item-10994\" class=\"menu-item menu-item-type-post_type menu-item-object-page menu-item-10994\"><a href=\"https:\/\/fcfrp.usp.br\/es\/ensino\/graduacao\/deliberacoes\/\">Reglas y Deliberaciones<\/a><\/li>\n\t\t\t<li id=\"menu-item-13034\" class=\"menu-item menu-item-type-post_type menu-item-object-page menu-item-13034\"><a href=\"https:\/\/fcfrp.usp.br\/es\/ensino\/graduacao\/eventos\/\">Eventos<\/a><\/li>\n\t\t<\/ul>\n<\/li>\n\t\t<li id=\"menu-item-3939\" class=\"menu-item menu-item-type-post_type menu-item-object-page menu-item-3939\"><a href=\"https:\/\/fcfrp.usp.br\/es\/institucional\/administracao\/atac\/secao-graduacao\/\">Servicio de Graduaci\u00f3n<\/a><\/li>\n\t\t<li id=\"menu-item-3940\" class=\"menu-item menu-item-type-post_type menu-item-object-page menu-item-3940\"><a href=\"https:\/\/fcfrp.usp.br\/es\/institucional\/administracao\/atac\/apoio-pedagogico\/\">Soporte Pedag\u00f3gico<\/a><\/li>\n\t\t<li id=\"menu-item-4000\" class=\"menu-item menu-item-type-post_type menu-item-object-page menu-item-4000\"><a href=\"https:\/\/fcfrp.usp.br\/es\/ensino\/graduacao\/como-estudar\/\">C\u00f3mo Estudiar en FCFRP\/USP<\/a><\/li>\n\t\t<li id=\"menu-item-4064\" class=\"menu-item menu-item-type-post_type menu-item-object-page menu-item-4064\"><a href=\"https:\/\/fcfrp.usp.br\/es\/ensino\/graduacao\/atestados\/\">Certificados e Historia Escolar<\/a><\/li>\n\t\t<li id=\"menu-item-4047\" class=\"menu-item menu-item-type-post_type menu-item-object-page menu-item-4047\"><a href=\"https:\/\/fcfrp.usp.br\/es\/ensino\/graduacao\/aulas\/\">Clases y Calendarios<\/a><\/li>\n\t\t<li id=\"menu-item-7698\" class=\"menu-item menu-item-type-post_type menu-item-object-page menu-item-7698\"><a href=\"https:\/\/fcfrp.usp.br\/es\/ensino\/graduacao\/onibus\/\">Tarjeta de bus<\/a><\/li>\n\t\t<li id=\"menu-item-4073\" class=\"menu-item menu-item-type-post_type menu-item-object-page menu-item-4073\"><a href=\"https:\/\/fcfrp.usp.br\/es\/ensino\/graduacao\/colacoes\/\">Clasificaciones de Grado<\/a><\/li>\n\t\t<li id=\"menu-item-4097\" class=\"menu-item menu-item-type-post_type menu-item-object-page menu-item-4097\"><a href=\"https:\/\/fcfrp.usp.br\/es\/ensino\/graduacao\/estagios\/\">Pasant\u00edas<\/a><\/li>\n\t\t<li id=\"menu-item-4096\" class=\"menu-item menu-item-type-post_type menu-item-object-page menu-item-4096\"><a href=\"https:\/\/fcfrp.usp.br\/es\/ensino\/graduacao\/formularios-grad\/\">Formas<\/a><\/li>\n\t\t<li id=\"menu-item-4095\" class=\"menu-item menu-item-type-post_type menu-item-object-page menu-item-4095\"><a href=\"https:\/\/fcfrp.usp.br\/es\/ensino\/graduacao\/matriculas\/\">Matr\u00edculas 2025<\/a><\/li>\n\t\t<li id=\"menu-item-4094\" class=\"menu-item menu-item-type-post_type menu-item-object-page menu-item-4094\"><a href=\"https:\/\/fcfrp.usp.br\/es\/ensino\/graduacao\/monitoria\/\">Monitoreo<\/a><\/li>\n\t\t<li id=\"menu-item-4092\" class=\"menu-item menu-item-type-post_type menu-item-object-page menu-item-4092\"><a href=\"https:\/\/fcfrp.usp.br\/es\/ensino\/graduacao\/tcc\/\">TCC<\/a><\/li>\n\t\t<li id=\"menu-item-4093\" class=\"menu-item menu-item-type-post_type menu-item-object-page menu-item-4093\"><a href=\"https:\/\/fcfrp.usp.br\/es\/ensino\/graduacao\/trancamentos\/\">Bloqueo<\/a><\/li>\n\t\t<li id=\"menu-item-4009\" class=\"menu-item menu-item-type-post_type menu-item-object-page menu-item-4009\"><a href=\"https:\/\/fcfrp.usp.br\/es\/ensino\/graduacao\/egressos\/\">Graduados (Antiguos Alumnos)<\/a><\/li>\n\t<\/ul>\n<\/li>\n\t<li id=\"menu-item-3943\" class=\"menu-item menu-item-type-post_type menu-item-object-page menu-item-3943\"><a href=\"https:\/\/fcfrp.usp.br\/es\/ensino\/pos-graduacao\/\">Posgraduaci\u00f3n<\/a><\/li>\n<\/ul>\n<\/li>\n<\/ul><\/div><\/div><\/div><\/div><\/div>","protected":false},"excerpt":{"rendered":"<p>As cola\u00e7\u00f5es de grau da FCFRP\/USP s\u00e3o regidas pela Portaria n\u00ba 53\/2016 e elas acontecem em datas previamente agendadas pela Congrega\u00e7\u00e3o da Unidade. A Sess\u00e3o Solene de Cola\u00e7\u00e3o de Grau dos formandos de 2025 (95\u00aa turma do integral) ser\u00e1 dia 16\/01\/2025 \u00e0s 18 horas no audit\u00f3rio da FDRP\/USP. Prazo para solicitar a participa\u00e7\u00e3o: at\u00e9 15\/12\/2025.<a href=\"https:\/\/fcfrp.usp.br\/es\/ensino\/graduacao\/colacoes\/\">[&#8230;]<\/a><\/p>\n","protected":false},"author":978,"featured_media":0,"parent":452,"menu_order":2,"comment_status":"closed","ping_status":"closed","template":"template-fullwidth.php","meta":{"footnotes":"","_links_to":"","_links_to_target":""},"class_list":["post-4065","page","type-page","status-publish","hentry"],"_links":{"self":[{"href":"https:\/\/fcfrp.usp.br\/es\/wp-json\/wp\/v2\/pages\/4065","targetHints":{"allow":["GET"]}}],"collection":[{"href":"https:\/\/fcfrp.usp.br\/es\/wp-json\/wp\/v2\/pages"}],"about":[{"href":"https:\/\/fcfrp.usp.br\/es\/wp-json\/wp\/v2\/types\/page"}],"author":[{"embeddable":true,"href":"https:\/\/fcfrp.usp.br\/es\/wp-json\/wp\/v2\/users\/978"}],"replies":[{"embeddable":true,"href":"https:\/\/fcfrp.usp.br\/es\/wp-json\/wp\/v2\/comments?post=4065"}],"version-history":[{"count":4,"href":"https:\/\/fcfrp.usp.br\/es\/wp-json\/wp\/v2\/pages\/4065\/revisions"}],"predecessor-version":[{"id":15850,"href":"https:\/\/fcfrp.usp.br\/es\/wp-json\/wp\/v2\/pages\/4065\/revisions\/15850"}],"up":[{"embeddable":true,"href":"https:\/\/fcfrp.usp.br\/es\/wp-json\/wp\/v2\/pages\/452"}],"wp:attachment":[{"href":"https:\/\/fcfrp.usp.br\/es\/wp-json\/wp\/v2\/media?parent=4065"}],"curies":[{"name":"wp","href":"https:\/\/api.w.org\/{rel}","templated":true}]}}