{"id":4083,"date":"2020-05-06T11:11:52","date_gmt":"2020-05-06T13:11:52","guid":{"rendered":"https:\/\/sites.usp.br\/fcfrp\/?page_id=4083"},"modified":"2026-02-09T14:06:09","modified_gmt":"2026-02-09T16:06:09","slug":"monitoria","status":"publish","type":"page","link":"https:\/\/fcfrp.usp.br\/es\/ensino\/graduacao\/monitoria\/","title":{"rendered":"Monitoreo"},"content":{"rendered":"<div id=\"pl-4083\"  class=\"panel-layout\" ><div id=\"pg-4083-0\"  class=\"panel-grid panel-no-style\" ><div id=\"pgc-4083-0-0\"  class=\"panel-grid-cell\" ><div id=\"panel-4083-0-0-0\" class=\"so-panel widget widget_text panel-first-child panel-last-child\" data-index=\"0\" >\t\t\t<div class=\"textwidget\"><div style=\"text-align: justify;\">Existem dois tipos de programa de Monitoria com procedimentos de inscri\u00e7\u00e3o e acompanhamento diferentes entre si. Veja abaixo os detalhes de cada um deles:<\/div>\n<p>&nbsp;<\/p>\n<div style=\"text-align: justify;\"><strong>PROGRAMA DE EST\u00cdMULO AO ENSINO DE GRADUA\u00c7\u00c3O (PEEG)<\/strong> &#8211; \u00e9 um programa de bolsa da Pr\u00f3-Reitoria de Gradua\u00e7\u00e3o (Pr\u00f3-G) em que todas as etapas s\u00e3o realizadas no sistema J\u00fapiter e para o qual geralmente s\u00e3o ofertadas 5 bolsas para a FCFRP, mas esse n\u00famero pode mudar de acordo com a disponibilidade de recursos da Pr\u00f3-G. Acesse aqui o link da p\u00e1gina onde voc\u00ea poder\u00e1 consultar o <a href=\"http:\/\/www.prg.usp.br\/?page_id=399\" target=\"_blank\" rel=\"noopener\">EDITAL<\/a> espec\u00edfico.<\/div>\n<p>&nbsp;<\/p>\n<div style=\"text-align: justify;\"><strong>PROGRAMA DE MONITORIA DA GRADUA\u00c7\u00c3O DA FCFRP<\/strong> &#8211; \u00e9 um programa da Unidade em que todas as etapas s\u00e3o feitas pelo e-mail da Comiss\u00e3o de Gradua\u00e7\u00e3o e para o qual s\u00e3o ofertadas 3 bolsas. Acesse abaixo todos os documentos referentes a esse programa.<\/div>\n<p>&nbsp;<\/p>\n<h4><strong>Documentos<\/strong><\/h4>\n<p><a href=\"https:\/\/fcfrp.usp.br\/wp-content\/uploads\/sites\/528\/2026\/02\/Edital-CG-004-2026-Monitoria-CB-ass.pdf\">&#8211; Edital CG 04-26 &#8211; Monitoria CB 1\u00ba sem 2026<\/a><br \/>\n<a href=\"https:\/\/sites.usp.br\/fcfrp\/wp-content\/uploads\/sites\/528\/2020\/05\/relatorio_avaliacao_do_programa.docx\" target=\"_blank\" rel=\"noopener\">&#8211; Relat\u00f3rio &#8211; Avalia\u00e7\u00e3o do Programa<\/a><br \/>\n<a href=\"https:\/\/sites.usp.br\/fcfrp\/wp-content\/uploads\/sites\/528\/2020\/05\/folha_de_frequencia.doc\" target=\"_blank\" rel=\"noopener\">&#8211; Folha de Frequ\u00eancia<\/a><br \/>\n<a href=\"https:\/\/fcfrp.usp.br\/wp-content\/uploads\/sites\/528\/2025\/08\/Inscricao-do-Aluno-Monitoria.doc\" target=\" rel=\">&#8211; Inscri\u00e7\u00e3o do Aluno<\/a><br \/>\n<a href=\"https:\/\/fcfrp.usp.br\/wp-content\/uploads\/sites\/528\/2021\/07\/Monitoria-Inscricao-do-Projeto-Coordenador.doc\" target=\"_blank\" rel=\"noopener\">&#8211; Inscri\u00e7\u00e3o do Projeto \u2013 Coordenador<\/a><br \/>\n<a href=\"https:\/\/fcfrp.usp.br\/wp-content\/uploads\/sites\/528\/2025\/03\/Inscricao-do-Aluno-Monitoria-Ciencias-Basicas.doc\" target=\"_blank\" rel=\"noopener\">&#8211; Inscri\u00e7\u00e3o do Aluno &#8211; Ci\u00eancias B\u00e1sicas<\/a><\/p>\n<div><\/div>\n<\/div>\n\t\t<\/div><\/div><div id=\"pgc-4083-0-1\"  class=\"panel-grid-cell\" ><div id=\"panel-4083-0-1-0\" class=\"so-panel widget widget_nav_menu panel-first-child panel-last-child\" data-index=\"1\" ><div class=\"menu-menu-grad-container\"><ul id=\"menu-menu-grad\" class=\"menu\"><li id=\"menu-item-3941\" class=\"menu-item menu-item-type-post_type menu-item-object-page menu-item-has-children menu-item-3941\"><a href=\"https:\/\/fcfrp.usp.br\/es\/ensino\/\">Ense\u00f1anza<\/a>\n<ul class=\"sub-menu\">\n\t<li id=\"menu-item-3942\" class=\"menu-item menu-item-type-post_type menu-item-object-page menu-item-has-children menu-item-3942\"><a href=\"https:\/\/fcfrp.usp.br\/es\/ensino\/graduacao\/\">Graduaci\u00f3n<\/a>\n\t<ul class=\"sub-menu\">\n\t\t<li id=\"menu-item-3938\" class=\"menu-item menu-item-type-post_type menu-item-object-page menu-item-has-children menu-item-3938\"><a href=\"https:\/\/fcfrp.usp.br\/es\/ensino\/graduacao\/comissao-graduacao\/\">Comisi\u00f3n de Graduacion<\/a>\n\t\t<ul class=\"sub-menu\">\n\t\t\t<li id=\"menu-item-10994\" class=\"menu-item menu-item-type-post_type menu-item-object-page menu-item-10994\"><a href=\"https:\/\/fcfrp.usp.br\/es\/ensino\/graduacao\/deliberacoes\/\">Reglas y Deliberaciones<\/a><\/li>\n\t\t\t<li id=\"menu-item-13034\" class=\"menu-item menu-item-type-post_type menu-item-object-page menu-item-13034\"><a href=\"https:\/\/fcfrp.usp.br\/es\/ensino\/graduacao\/eventos\/\">Eventos<\/a><\/li>\n\t\t<\/ul>\n<\/li>\n\t\t<li id=\"menu-item-3939\" class=\"menu-item menu-item-type-post_type menu-item-object-page menu-item-3939\"><a href=\"https:\/\/fcfrp.usp.br\/es\/institucional\/administracao\/atac\/secao-graduacao\/\">Servicio de Graduaci\u00f3n<\/a><\/li>\n\t\t<li id=\"menu-item-3940\" class=\"menu-item menu-item-type-post_type menu-item-object-page menu-item-3940\"><a href=\"https:\/\/fcfrp.usp.br\/es\/institucional\/administracao\/atac\/apoio-pedagogico\/\">Soporte Pedag\u00f3gico<\/a><\/li>\n\t\t<li id=\"menu-item-4000\" class=\"menu-item menu-item-type-post_type menu-item-object-page menu-item-4000\"><a href=\"https:\/\/fcfrp.usp.br\/es\/ensino\/graduacao\/como-estudar\/\">C\u00f3mo Estudiar en FCFRP\/USP<\/a><\/li>\n\t\t<li id=\"menu-item-4064\" class=\"menu-item menu-item-type-post_type menu-item-object-page menu-item-4064\"><a href=\"https:\/\/fcfrp.usp.br\/es\/ensino\/graduacao\/atestados\/\">Certificados e Historia Escolar<\/a><\/li>\n\t\t<li id=\"menu-item-4047\" class=\"menu-item menu-item-type-post_type menu-item-object-page menu-item-4047\"><a href=\"https:\/\/fcfrp.usp.br\/es\/ensino\/graduacao\/aulas\/\">Clases y Calendarios<\/a><\/li>\n\t\t<li id=\"menu-item-7698\" class=\"menu-item menu-item-type-post_type menu-item-object-page menu-item-7698\"><a href=\"https:\/\/fcfrp.usp.br\/es\/ensino\/graduacao\/onibus\/\">Tarjeta de bus<\/a><\/li>\n\t\t<li id=\"menu-item-4073\" class=\"menu-item menu-item-type-post_type menu-item-object-page menu-item-4073\"><a href=\"https:\/\/fcfrp.usp.br\/es\/ensino\/graduacao\/colacoes\/\">Clasificaciones de Grado<\/a><\/li>\n\t\t<li id=\"menu-item-4097\" class=\"menu-item menu-item-type-post_type menu-item-object-page menu-item-4097\"><a href=\"https:\/\/fcfrp.usp.br\/es\/ensino\/graduacao\/estagios\/\">Pasant\u00edas<\/a><\/li>\n\t\t<li id=\"menu-item-4096\" class=\"menu-item menu-item-type-post_type menu-item-object-page menu-item-4096\"><a href=\"https:\/\/fcfrp.usp.br\/es\/ensino\/graduacao\/formularios-grad\/\">Formas<\/a><\/li>\n\t\t<li id=\"menu-item-4095\" class=\"menu-item menu-item-type-post_type menu-item-object-page menu-item-4095\"><a href=\"https:\/\/fcfrp.usp.br\/es\/ensino\/graduacao\/matriculas\/\">Matr\u00edculas 2025<\/a><\/li>\n\t\t<li id=\"menu-item-4094\" class=\"menu-item menu-item-type-post_type menu-item-object-page menu-item-4094\"><a href=\"https:\/\/fcfrp.usp.br\/es\/ensino\/graduacao\/monitoria\/\">Monitoreo<\/a><\/li>\n\t\t<li id=\"menu-item-4092\" class=\"menu-item menu-item-type-post_type menu-item-object-page menu-item-4092\"><a href=\"https:\/\/fcfrp.usp.br\/es\/ensino\/graduacao\/tcc\/\">TCC<\/a><\/li>\n\t\t<li id=\"menu-item-4093\" class=\"menu-item menu-item-type-post_type menu-item-object-page menu-item-4093\"><a href=\"https:\/\/fcfrp.usp.br\/es\/ensino\/graduacao\/trancamentos\/\">Bloqueo<\/a><\/li>\n\t\t<li id=\"menu-item-4009\" class=\"menu-item menu-item-type-post_type menu-item-object-page menu-item-4009\"><a href=\"https:\/\/fcfrp.usp.br\/es\/ensino\/graduacao\/egressos\/\">Graduados (Antiguos Alumnos)<\/a><\/li>\n\t<\/ul>\n<\/li>\n\t<li id=\"menu-item-3943\" class=\"menu-item menu-item-type-post_type menu-item-object-page menu-item-3943\"><a href=\"https:\/\/fcfrp.usp.br\/es\/ensino\/pos-graduacao\/\">Posgraduaci\u00f3n<\/a><\/li>\n<\/ul>\n<\/li>\n<\/ul><\/div><\/div><\/div><\/div><\/div>","protected":false},"excerpt":{"rendered":"<p>Existem dois tipos de programa de Monitoria com procedimentos de inscri\u00e7\u00e3o e acompanhamento diferentes entre si. Veja abaixo os detalhes de cada um deles: &nbsp; PROGRAMA DE EST\u00cdMULO AO ENSINO DE GRADUA\u00c7\u00c3O (PEEG) &#8211; \u00e9 um programa de bolsa da Pr\u00f3-Reitoria de Gradua\u00e7\u00e3o (Pr\u00f3-G) em que todas as etapas s\u00e3o realizadas no sistema J\u00fapiter e<a href=\"https:\/\/fcfrp.usp.br\/es\/ensino\/graduacao\/monitoria\/\">[&#8230;]<\/a><\/p>\n","protected":false},"author":978,"featured_media":0,"parent":452,"menu_order":6,"comment_status":"closed","ping_status":"closed","template":"template-fullwidth.php","meta":{"footnotes":"","_links_to":"","_links_to_target":""},"class_list":["post-4083","page","type-page","status-publish","hentry"],"_links":{"self":[{"href":"https:\/\/fcfrp.usp.br\/es\/wp-json\/wp\/v2\/pages\/4083","targetHints":{"allow":["GET"]}}],"collection":[{"href":"https:\/\/fcfrp.usp.br\/es\/wp-json\/wp\/v2\/pages"}],"about":[{"href":"https:\/\/fcfrp.usp.br\/es\/wp-json\/wp\/v2\/types\/page"}],"author":[{"embeddable":true,"href":"https:\/\/fcfrp.usp.br\/es\/wp-json\/wp\/v2\/users\/978"}],"replies":[{"embeddable":true,"href":"https:\/\/fcfrp.usp.br\/es\/wp-json\/wp\/v2\/comments?post=4083"}],"version-history":[{"count":4,"href":"https:\/\/fcfrp.usp.br\/es\/wp-json\/wp\/v2\/pages\/4083\/revisions"}],"predecessor-version":[{"id":16145,"href":"https:\/\/fcfrp.usp.br\/es\/wp-json\/wp\/v2\/pages\/4083\/revisions\/16145"}],"up":[{"embeddable":true,"href":"https:\/\/fcfrp.usp.br\/es\/wp-json\/wp\/v2\/pages\/452"}],"wp:attachment":[{"href":"https:\/\/fcfrp.usp.br\/es\/wp-json\/wp\/v2\/media?parent=4083"}],"curies":[{"name":"wp","href":"https:\/\/api.w.org\/{rel}","templated":true}]}}