{"id":4089,"date":"2020-05-06T11:16:51","date_gmt":"2020-05-06T13:16:51","guid":{"rendered":"https:\/\/sites.usp.br\/fcfrp\/?page_id=4089"},"modified":"2026-03-06T09:31:20","modified_gmt":"2026-03-06T11:31:20","slug":"tcc","status":"publish","type":"page","link":"https:\/\/fcfrp.usp.br\/es\/ensino\/graduacao\/tcc\/","title":{"rendered":"TCC"},"content":{"rendered":"<div id=\"pl-4089\"  class=\"panel-layout\" ><div id=\"pg-4089-0\"  class=\"panel-grid panel-no-style\" ><div id=\"pgc-4089-0-0\"  class=\"panel-grid-cell\" ><div id=\"panel-4089-0-0-0\" class=\"so-panel widget widget_text panel-first-child panel-last-child\" data-index=\"0\" >\t\t\t<div class=\"textwidget\"><p>&nbsp;<\/p>\n<table>\n<tbody>\n<tr>\n<td width=\"418\"><strong>Apresenta\u00e7\u00e3o do TCC em 2026<\/strong><\/td>\n<\/tr>\n<tr>\n<td width=\"418\">Matr\u00edcula em CGF2103 &#8211; Trabalho de Conclus\u00e3o de Curso III: Apresenta\u00e7\u00e3o<\/td>\n<td width=\"154\">Verifique as datas Calend\u00e1rio Gradua\u00e7\u00e3o no menu \u00abAulas e Calend\u00e1rios\u00bb<\/td>\n<\/tr>\n<tr>\n<td width=\"418\">Envio do formul\u00e1rio \u201cAgendamento de defesa\u201d para a CG<\/td>\n<td width=\"154\">At\u00e9 31\/05\/2026<\/td>\n<\/tr>\n<tr>\n<td width=\"418\">Envio do TCC para a banca e\u00a0<a href=\"mailto:cgrad@fcfrp.usp.br\" target=\"_blank\" rel=\"noopener\">cgrad@fcfrp.usp.br<\/a><\/td>\n<td width=\"154\">At\u00e9 30 dias antes da defesa<\/td>\n<\/tr>\n<tr>\n<td width=\"418\">Per\u00edodos de trancamento do m\u00f3dulo CGF2103-TCC III \u2013 Apresenta\u00e7\u00e3o<\/td>\n<td width=\"154\">1\u00ba sem.: de 17\/03 a 07\/04\/26<\/p>\n<p>2\u00ba sem.: de 24\/08 a 14\/09\/26<\/td>\n<\/tr>\n<\/tbody>\n<\/table>\n<div style=\"text-align: justify;\"><strong>Clique <a href=\"https:\/\/fcfrp.usp.br\/pt\/pesquisa-extensao\/pesquisa\/linhas-de-pesquisa\/\" target=\"_blank\" rel=\"noopener\">AQUI<\/a> e veja as linhas de pesquisa de todos os docentes da FCFRP.<\/strong><\/div>\n<p>&nbsp;<\/p>\n<div style=\"text-align: justify;\"><strong>Clique <a href=\"https:\/\/fcfrp.usp.br\/wp-content\/uploads\/sites\/528\/2025\/12\/Projetos_PD_SituacaoAtivo.xls\">AQUI<\/a> e veja as listas de p\u00f3s-doutorandos, jovens pesquisadores e p\u00f3s graduandos que podem ser convidados pelo orientador e aluno.<\/strong><\/div>\n<p>&nbsp;<\/p>\n<div style=\"color: #ff0000; text-align: justify;\"><strong>Clique <a href=\"https:\/\/fcfrp.usp.br\/wp-content\/uploads\/sites\/528\/2025\/04\/2025.04.07-Checklist-agendamento-TCC.pdf\" target=\"_blank\" rel=\"noopener\">AQUI<\/a> e acesse o checklist para agendamento de TCC.<\/strong><\/div>\n<p>&nbsp;<\/p>\n<h4><strong>Documentos para elabora\u00e7\u00e3o do TCC<\/strong><\/h4>\n<p><a href=\"https:\/\/fcfrp.usp.br\/wp-content\/uploads\/sites\/528\/2024\/02\/ABNT_Diretrizes_USP_.pdf\" target=\"_blank\" rel=\"noopener\">&#8211; Diretrizes para apresenta\u00e7\u00e3o de disserta\u00e7\u00f5es e teses da USP<\/a><br \/>\n<a href=\"https:\/\/fcfrp.usp.br\/wp-content\/uploads\/sites\/528\/2024\/12\/FAQ-TCC-10.12.2024.pdf\" target=\"_blank\" rel=\"noopener\">&#8211; FAQ &#8211; TCC<\/a><br \/>\n<a href=\"https:\/\/fcfrp.usp.br\/wp-content\/uploads\/sites\/528\/2026\/03\/2026.03.05-Manual-TCC.pdf\" target=\"_blank\" rel=\"noopener\">&#8211; Manual TCC<\/a><br \/>\n<a href=\"https:\/\/fcfrp.usp.br\/wp-content\/uploads\/sites\/528\/2024\/02\/Modelo-para-estruturacao-TCC.pdf\" target=\"_blank\" rel=\"noopener\">&#8211; Modelo para estrutura\u00e7\u00e3o do TCC<\/a><\/p>\n<h4><strong>Documentos para disciplinas de TCC<\/strong><\/h4>\n<p><a href=\"https:\/\/fcfrp.usp.br\/wp-content\/uploads\/sites\/528\/2025\/04\/Ficha-de-TCC-I-a-partir-de-out-2024.docx\" target=\"_blank\" rel=\"noopener\">&#8211; Ficha de TCC &#8211; TCCI I<\/a><br \/>\n<a href=\"https:\/\/fcfrp.usp.br\/wp-content\/uploads\/sites\/528\/2025\/04\/Plano-de-Trabalho-TCC-II-a-partir-de-mar25.docx\" target=\"_blank\" rel=\"noopener\">&#8211; Plano de Trabalho &#8211; TCC II<\/a><br \/>\n<a href=\"https:\/\/fcfrp.usp.br\/wp-content\/uploads\/sites\/528\/2025\/04\/Agendamento-da-defesa.docx\" target=\"_blank\" rel=\"noopener\">&#8211; Agendamento da Defesa &#8211; TCC III<\/a><\/p>\n<h4><strong>Documentos Defesa do TCC<\/strong><\/h4>\n<p><a href=\"https:\/\/fcfrp.usp.br\/wp-content\/uploads\/sites\/528\/2025\/12\/Resultado-final-da-defesa-tcc.docx\" target=\"_blank\" rel=\"noopener\">&#8211; Resultado final da defesa (presidente da banca)<\/a><br \/>\n<a href=\"https:\/\/fcfrp.usp.br\/wp-content\/uploads\/sites\/528\/2025\/07\/Aceite-Indicacao-do-TCC-para-Biblioteca-Digital-da-USP.docx\" target=\"_blank\" rel=\"noopener\">&#8211; Aceite &#8211; Indica\u00e7\u00e3o do TCC para a Biblioteca Digital (aluno)<\/a><br \/>\n<a href=\"https:\/\/fcfrp.usp.br\/wp-content\/uploads\/sites\/528\/2025\/04\/Roteiro-para-as-bancas-de-TCC.pdf\">&#8211; Roteiro para as bancas de TCC<\/a><\/p>\n<\/div>\n\t\t<\/div><\/div><div id=\"pgc-4089-0-1\"  class=\"panel-grid-cell\" ><div id=\"panel-4089-0-1-0\" class=\"so-panel widget widget_nav_menu panel-first-child panel-last-child\" data-index=\"1\" ><div class=\"menu-menu-grad-container\"><ul id=\"menu-menu-grad\" class=\"menu\"><li id=\"menu-item-3941\" class=\"menu-item menu-item-type-post_type menu-item-object-page menu-item-has-children menu-item-3941\"><a href=\"https:\/\/fcfrp.usp.br\/es\/ensino\/\">Ense\u00f1anza<\/a>\n<ul class=\"sub-menu\">\n\t<li id=\"menu-item-3942\" class=\"menu-item menu-item-type-post_type menu-item-object-page menu-item-has-children menu-item-3942\"><a href=\"https:\/\/fcfrp.usp.br\/es\/ensino\/graduacao\/\">Graduaci\u00f3n<\/a>\n\t<ul class=\"sub-menu\">\n\t\t<li id=\"menu-item-3938\" class=\"menu-item menu-item-type-post_type menu-item-object-page menu-item-has-children menu-item-3938\"><a href=\"https:\/\/fcfrp.usp.br\/es\/ensino\/graduacao\/comissao-graduacao\/\">Comisi\u00f3n de Graduacion<\/a>\n\t\t<ul class=\"sub-menu\">\n\t\t\t<li id=\"menu-item-10994\" class=\"menu-item menu-item-type-post_type menu-item-object-page menu-item-10994\"><a href=\"https:\/\/fcfrp.usp.br\/es\/ensino\/graduacao\/deliberacoes\/\">Reglas y Deliberaciones<\/a><\/li>\n\t\t\t<li id=\"menu-item-13034\" class=\"menu-item menu-item-type-post_type menu-item-object-page menu-item-13034\"><a href=\"https:\/\/fcfrp.usp.br\/es\/ensino\/graduacao\/eventos\/\">Eventos<\/a><\/li>\n\t\t<\/ul>\n<\/li>\n\t\t<li id=\"menu-item-3939\" class=\"menu-item menu-item-type-post_type menu-item-object-page menu-item-3939\"><a href=\"https:\/\/fcfrp.usp.br\/es\/institucional\/administracao\/atac\/secao-graduacao\/\">Servicio de Graduaci\u00f3n<\/a><\/li>\n\t\t<li id=\"menu-item-3940\" class=\"menu-item menu-item-type-post_type menu-item-object-page menu-item-3940\"><a href=\"https:\/\/fcfrp.usp.br\/es\/institucional\/administracao\/atac\/apoio-pedagogico\/\">Soporte Pedag\u00f3gico<\/a><\/li>\n\t\t<li id=\"menu-item-4000\" class=\"menu-item menu-item-type-post_type menu-item-object-page menu-item-4000\"><a href=\"https:\/\/fcfrp.usp.br\/es\/ensino\/graduacao\/como-estudar\/\">C\u00f3mo Estudiar en FCFRP\/USP<\/a><\/li>\n\t\t<li id=\"menu-item-4064\" class=\"menu-item menu-item-type-post_type menu-item-object-page menu-item-4064\"><a href=\"https:\/\/fcfrp.usp.br\/es\/ensino\/graduacao\/atestados\/\">Certificados e Historia Escolar<\/a><\/li>\n\t\t<li id=\"menu-item-4047\" class=\"menu-item menu-item-type-post_type menu-item-object-page menu-item-4047\"><a href=\"https:\/\/fcfrp.usp.br\/es\/ensino\/graduacao\/aulas\/\">Clases y Calendarios<\/a><\/li>\n\t\t<li id=\"menu-item-7698\" class=\"menu-item menu-item-type-post_type menu-item-object-page menu-item-7698\"><a href=\"https:\/\/fcfrp.usp.br\/es\/ensino\/graduacao\/onibus\/\">Tarjeta de bus<\/a><\/li>\n\t\t<li id=\"menu-item-4073\" class=\"menu-item menu-item-type-post_type menu-item-object-page menu-item-4073\"><a href=\"https:\/\/fcfrp.usp.br\/es\/ensino\/graduacao\/colacoes\/\">Clasificaciones de Grado<\/a><\/li>\n\t\t<li id=\"menu-item-4097\" class=\"menu-item menu-item-type-post_type menu-item-object-page menu-item-4097\"><a href=\"https:\/\/fcfrp.usp.br\/es\/ensino\/graduacao\/estagios\/\">Pasant\u00edas<\/a><\/li>\n\t\t<li id=\"menu-item-4096\" class=\"menu-item menu-item-type-post_type menu-item-object-page menu-item-4096\"><a href=\"https:\/\/fcfrp.usp.br\/es\/ensino\/graduacao\/formularios-grad\/\">Formas<\/a><\/li>\n\t\t<li id=\"menu-item-4095\" class=\"menu-item menu-item-type-post_type menu-item-object-page menu-item-4095\"><a href=\"https:\/\/fcfrp.usp.br\/es\/ensino\/graduacao\/matriculas\/\">Matr\u00edculas 2025<\/a><\/li>\n\t\t<li id=\"menu-item-4094\" class=\"menu-item menu-item-type-post_type menu-item-object-page menu-item-4094\"><a href=\"https:\/\/fcfrp.usp.br\/es\/ensino\/graduacao\/monitoria\/\">Monitoreo<\/a><\/li>\n\t\t<li id=\"menu-item-4092\" class=\"menu-item menu-item-type-post_type menu-item-object-page menu-item-4092\"><a href=\"https:\/\/fcfrp.usp.br\/es\/ensino\/graduacao\/tcc\/\">TCC<\/a><\/li>\n\t\t<li id=\"menu-item-4093\" class=\"menu-item menu-item-type-post_type menu-item-object-page menu-item-4093\"><a href=\"https:\/\/fcfrp.usp.br\/es\/ensino\/graduacao\/trancamentos\/\">Bloqueo<\/a><\/li>\n\t\t<li id=\"menu-item-4009\" class=\"menu-item menu-item-type-post_type menu-item-object-page menu-item-4009\"><a href=\"https:\/\/fcfrp.usp.br\/es\/ensino\/graduacao\/egressos\/\">Graduados (Antiguos Alumnos)<\/a><\/li>\n\t<\/ul>\n<\/li>\n\t<li id=\"menu-item-3943\" class=\"menu-item menu-item-type-post_type menu-item-object-page menu-item-3943\"><a href=\"https:\/\/fcfrp.usp.br\/es\/ensino\/pos-graduacao\/\">Posgraduaci\u00f3n<\/a><\/li>\n<\/ul>\n<\/li>\n<\/ul><\/div><\/div><\/div><\/div><\/div>","protected":false},"excerpt":{"rendered":"<p>&nbsp; Apresenta\u00e7\u00e3o do TCC em 2026 Matr\u00edcula em CGF2103 &#8211; Trabalho de Conclus\u00e3o de Curso III: Apresenta\u00e7\u00e3o Verifique as datas Calend\u00e1rio Gradua\u00e7\u00e3o no menu \u00abAulas e Calend\u00e1rios\u00bb Envio do formul\u00e1rio \u201cAgendamento de defesa\u201d para a CG At\u00e9 31\/05\/2026 Envio do TCC para a banca e\u00a0cgrad@fcfrp.usp.br At\u00e9 30 dias antes da defesa Per\u00edodos de trancamento do<a href=\"https:\/\/fcfrp.usp.br\/es\/ensino\/graduacao\/tcc\/\">[&#8230;]<\/a><\/p>\n","protected":false},"author":978,"featured_media":0,"parent":452,"menu_order":7,"comment_status":"closed","ping_status":"closed","template":"template-fullwidth.php","meta":{"footnotes":"","_links_to":"","_links_to_target":""},"class_list":["post-4089","page","type-page","status-publish","hentry"],"_links":{"self":[{"href":"https:\/\/fcfrp.usp.br\/es\/wp-json\/wp\/v2\/pages\/4089","targetHints":{"allow":["GET"]}}],"collection":[{"href":"https:\/\/fcfrp.usp.br\/es\/wp-json\/wp\/v2\/pages"}],"about":[{"href":"https:\/\/fcfrp.usp.br\/es\/wp-json\/wp\/v2\/types\/page"}],"author":[{"embeddable":true,"href":"https:\/\/fcfrp.usp.br\/es\/wp-json\/wp\/v2\/users\/978"}],"replies":[{"embeddable":true,"href":"https:\/\/fcfrp.usp.br\/es\/wp-json\/wp\/v2\/comments?post=4089"}],"version-history":[{"count":4,"href":"https:\/\/fcfrp.usp.br\/es\/wp-json\/wp\/v2\/pages\/4089\/revisions"}],"predecessor-version":[{"id":16401,"href":"https:\/\/fcfrp.usp.br\/es\/wp-json\/wp\/v2\/pages\/4089\/revisions\/16401"}],"up":[{"embeddable":true,"href":"https:\/\/fcfrp.usp.br\/es\/wp-json\/wp\/v2\/pages\/452"}],"wp:attachment":[{"href":"https:\/\/fcfrp.usp.br\/es\/wp-json\/wp\/v2\/media?parent=4089"}],"curies":[{"name":"wp","href":"https:\/\/api.w.org\/{rel}","templated":true}]}}