{"id":4338,"date":"2020-05-09T16:42:47","date_gmt":"2020-05-09T18:42:47","guid":{"rendered":"https:\/\/sites.usp.br\/fcfrp\/?page_id=4338"},"modified":"2024-12-04T15:20:15","modified_gmt":"2024-12-04T17:20:15","slug":"pcf-pos-doc","status":"publish","type":"page","link":"https:\/\/fcfrp.usp.br\/es\/ensino\/pos-graduacao\/ciencias-farmaceuticas\/pcf-pos-doc\/","title":{"rendered":"Post-Doc (PNPD)"},"content":{"rendered":"<div id=\"pl-4338\"  class=\"panel-layout\" ><div id=\"pg-4338-0\"  class=\"panel-grid panel-no-style\" ><div id=\"pgc-4338-0-0\"  class=\"panel-grid-cell\" ><div id=\"panel-4338-0-0-0\" class=\"so-panel widget widget_text panel-first-child panel-last-child\" data-index=\"0\" >\t\t\t<div class=\"textwidget\"><div style=\"text-align: justify;\">\n<p><a href=\"https:\/\/fcfrp.usp.br\/wp-content\/uploads\/sites\/528\/2024\/10\/Edital-PIPD-18outubro-2024-internet.pdf\"><strong>EDITAL DE ABERTURA PIPD ABERTO<\/strong><\/a><\/p>\n<p><a href=\"https:\/\/fcfrp.usp.br\/wp-content\/uploads\/sites\/528\/2024\/10\/portaria-capes-n-282-4-setembro-2024-PI.Institucional-de-Pos-doutorado-1.pdf\"><strong>Portaria CAPES n<\/strong><strong>\u00ba <\/strong><strong>282 &#8211; Programa Institucional de P\u00f3s-doutorado<\/strong><\/a><\/p>\n<p><a href=\"https:\/\/fcfrp.usp.br\/wp-content\/uploads\/sites\/528\/2024\/10\/Portaria-no-307-de-24-de-Setembro-de-2.tribuicao-de-bolsas_DOU-25_09_2024.pdf\"><strong>Portaria CAPES n\u00ba 307 &#8211; Atribui\u00e7\u00e3o de bolsas PIPD<\/strong><\/a><\/p>\n<p><a href=\"https:\/\/fcfrp.usp.br\/wp-content\/uploads\/sites\/528\/2024\/10\/Portaria-no-318-de-4-de-Outubro-de-2024_ALTERA-Portaria-no-282_4-de-setembro-2024_DOU-07_10_2024.pdf\"><strong>Portaria CAPES n\u00ba 318 ALTERA Portaria CAPES n\u00ba 282<\/strong><\/a><\/p>\n<p><strong>\u00a0<\/strong><\/p>\n<p style=\"font-weight: 400;\"><strong>RESULTADO PARCIAL\/CLASSIFICA\u00c7\u00c3O DO PROCESSO SELETIVO DE 01 BOLSA DO PROGRAMA INSTITUCIONAL DE P\u00d3S-DOUTORADO &#8211; PIPD\/CAPES:<\/strong><\/p>\n<style=\"font-weight: 400;\"><strong>1\u00ba &#8211; Luciana Facco Dalmolin<\/strong><br \/>\n<style=\"font-weight: 400;\"><strong>2\u00ba &#8211; Caio Henrique Pinto Rodrigues<\/strong><br \/>\n<style=\"font-weight: 400;\"><strong>3\u00ba &#8211; Fabr\u00edcia Nunes da Silva<\/strong><br \/>\n<style=\"font-weight: 400;\"><strong>4\u00ba &#8211; Isabela Ara\u00fajo Justino<\/strong><\/p>\n<p>&nbsp;<br \/>\n<strong>CRONOGRAMA:<\/strong><\/p>\n<p><strong>Per\u00edodo para inscri\u00e7\u00e3o:<\/strong> de 18\/10 a 28\/11\/2024<\/p>\n<p><strong>Sele\u00e7\u00e3o dos candidatos:<\/strong> 02 a 03\/12\/2024<\/p>\n<p><strong>Resultado Parcial:<\/strong> 04\/12\/2024<\/p>\n<p><strong>Resultado Final:<\/strong> 06\/12\/2024<\/p>\n<p><strong>In\u00edcio da vig\u00eancia da bolsa e in\u00edcio das atividades:<\/strong> dezembro de 2024<\/p>\n<p>&nbsp;<\/p>\n<p><strong>Dura\u00e7\u00e3o da bolsa: 12 meses<\/strong>, podendo ser renovada por igual per\u00edodo at\u00e9 duas vezes, n\u00e3o podendo exceder o per\u00edodo m\u00e1ximo de 36 meses<\/p>\n<p>&nbsp;<\/p>\n<p><strong>Valor mensal da bolsa:<\/strong> R$ 5.200,00<\/p>\n<p><strong>\u00a0<\/strong><\/p>\n<p><strong><em>Requisitos para candidatura<\/em><\/strong>:<\/p>\n<ul>\n<li>Possuir <strong>t\u00edtulo de doutor(a) ou ata de defesa devidamente homologada<\/strong>, quando da implementa\u00e7\u00e3o da bolsa, expedido por institui\u00e7\u00e3o reconhecida \u2013 cursos avaliados pela CAPES e reconhecidos pelo CNE\/MEC, obtido h\u00e1 <strong>no m\u00e1ximo 7 (sete) anos contados da data de aprova\u00e7\u00e3o da defesa da tese<\/strong>;<\/li>\n<li>N\u00e3o acumular mais de uma bolsa de p\u00f3s-doutorado com recursos p\u00fablicos federais ou estaduais;<\/li>\n<li>Ser titular de conta corrente ativa individual e em domic\u00edlio banc\u00e1rio brasileiro;<\/li>\n<li>N\u00e3o ter v\u00ednculo empregat\u00edcio com institui\u00e7\u00e3o de ensino e de pesquisa;<\/li>\n<li>Contar com a anu\u00eancia de supervisor que seja docente credenciado ao PPG-CF. Esclarece-se que cada docente poder\u00e1 dar anu\u00eancia a apenas uma proposta sob sua supervis\u00e3o. Em caso de mais de uma candidatura proposta sob a supervis\u00e3o do mesmo docente, <strong>todas ser\u00e3o indeferidas<\/strong>.<\/li>\n<\/ul>\n<\/div>\n<\/div>\n\t\t<\/div><\/div><div id=\"pgc-4338-0-1\"  class=\"panel-grid-cell\" ><div id=\"panel-4338-0-1-0\" class=\"so-panel widget widget_nav_menu panel-first-child panel-last-child\" data-index=\"1\" ><div class=\"menu-menu-pos-pcf-container\"><ul id=\"menu-menu-pos-pcf\" class=\"menu\"><li id=\"menu-item-4306\" class=\"menu-item menu-item-type-post_type menu-item-object-page menu-item-has-children menu-item-4306\"><a href=\"https:\/\/fcfrp.usp.br\/es\/ensino\/\">Ense\u00f1anza<\/a>\n<ul class=\"sub-menu\">\n\t<li id=\"menu-item-4307\" class=\"menu-item menu-item-type-post_type menu-item-object-page menu-item-4307\"><a href=\"https:\/\/fcfrp.usp.br\/es\/ensino\/graduacao\/\">Graduaci\u00f3n<\/a><\/li>\n\t<li id=\"menu-item-4308\" class=\"menu-item menu-item-type-post_type menu-item-object-page menu-item-has-children menu-item-4308\"><a href=\"https:\/\/fcfrp.usp.br\/es\/ensino\/pos-graduacao\/\">Posgraduaci\u00f3n<\/a>\n\t<ul class=\"sub-menu\">\n\t\t<li id=\"menu-item-4309\" class=\"menu-item menu-item-type-post_type menu-item-object-page menu-item-4309\"><a href=\"https:\/\/fcfrp.usp.br\/es\/ensino\/pos-graduacao\/comissao-pos-graduacao\/\">Comisi\u00f3n de Posgraduaci\u00f3n<\/a><\/li>\n\t\t<li id=\"menu-item-4310\" class=\"menu-item menu-item-type-post_type menu-item-object-page menu-item-4310\"><a href=\"https:\/\/fcfrp.usp.br\/es\/institucional\/administracao\/atac\/secao-posgraduacao\/\">Servicio de Posgraduaci\u00f3n<\/a><\/li>\n\t\t<li id=\"menu-item-4312\" class=\"menu-item menu-item-type-post_type menu-item-object-page menu-item-4312\"><a href=\"https:\/\/fcfrp.usp.br\/es\/ensino\/pos-graduacao\/biociencias-biotecnologia\/\">Programa de Biociencias y Biotecnolog\u00eda<\/a><\/li>\n\t\t<li id=\"menu-item-4305\" class=\"menu-item menu-item-type-post_type menu-item-object-page menu-item-has-children menu-item-4305\"><a href=\"https:\/\/fcfrp.usp.br\/es\/ensino\/pos-graduacao\/ciencias-farmaceuticas\/\">Programa de Ciencias Farmac\u00e9uticas<\/a>\n\t\t<ul class=\"sub-menu\">\n\t\t\t<li id=\"menu-item-4304\" class=\"menu-item menu-item-type-post_type menu-item-object-page menu-item-4304\"><a href=\"https:\/\/fcfrp.usp.br\/es\/ensino\/pos-graduacao\/ciencias-farmaceuticas\/pcf-historico\/\">Antecedentes y Objetivos<\/a><\/li>\n\t\t\t<li id=\"menu-item-16550\" class=\"menu-item menu-item-type-post_type menu-item-object-page menu-item-16550\"><a href=\"https:\/\/fcfrp.usp.br\/es\/ensino\/pos-graduacao\/ciencias-farmaceuticas\/comissao\/\">Comit\u00e9 de Programa<\/a><\/li>\n\t\t\t<li id=\"menu-item-16554\" class=\"menu-item menu-item-type-post_type menu-item-object-page menu-item-16554\"><a href=\"https:\/\/fcfrp.usp.br\/es\/ensino\/pos-graduacao\/ciencias-farmaceuticas\/reunioes\/\">Calendario de reuniones<\/a><\/li>\n\t\t\t<li id=\"menu-item-4324\" class=\"menu-item menu-item-type-post_type menu-item-object-page menu-item-4324\"><a href=\"https:\/\/fcfrp.usp.br\/es\/ensino\/pos-graduacao\/ciencias-farmaceuticas\/pcf-areas\/\">Facultad y \u00c1reas de Concentraci\u00f3n<\/a><\/li>\n\t\t\t<li id=\"menu-item-16562\" class=\"menu-item menu-item-type-post_type menu-item-object-page menu-item-16562\"><a href=\"https:\/\/fcfrp.usp.br\/es\/ensino\/pos-graduacao\/ciencias-farmaceuticas\/difusao\/\">Red de Comunicaci\u00f3n y Difusi\u00f3n Cient\u00edfica del PPGCF-FCFRP<\/a><\/li>\n\t\t\t<li id=\"menu-item-4336\" class=\"menu-item menu-item-type-post_type menu-item-object-page menu-item-4336\"><a href=\"https:\/\/fcfrp.usp.br\/es\/ensino\/pos-graduacao\/ciencias-farmaceuticas\/pcf-processo-seletivo\/\">Proceso de Selecci\u00f3n e Inscripci\u00f3n<\/a><\/li>\n\t\t\t<li id=\"menu-item-5124\" class=\"menu-item menu-item-type-post_type menu-item-object-page menu-item-5124\"><a href=\"https:\/\/fcfrp.usp.br\/es\/ensino\/pos-graduacao\/ciencias-farmaceuticas\/pcf-teses\/\">Tesis y Disertaciones<\/a><\/li>\n\t\t\t<li id=\"menu-item-16558\" class=\"menu-item menu-item-type-post_type menu-item-object-page menu-item-16558\"><a href=\"https:\/\/fcfrp.usp.br\/es\/ensino\/pos-graduacao\/ciencias-farmaceuticas\/boas-praticas\/\">Buenas pr\u00e1cticas cient\u00edficas y el uso de la IA en la investigaci\u00f3n y la educaci\u00f3n<\/a><\/li>\n\t\t\t<li id=\"menu-item-16566\" class=\"menu-item menu-item-type-post_type menu-item-object-page menu-item-16566\"><a href=\"https:\/\/fcfrp.usp.br\/es\/ensino\/pos-graduacao\/ciencias-farmaceuticas\/publicacao\/\">Publicaci\u00f3n de acceso abierto \u2013 Acuerdos CAPES<\/a><\/li>\n\t\t\t<li id=\"menu-item-4347\" class=\"menu-item menu-item-type-post_type menu-item-object-page menu-item-4347\"><a href=\"https:\/\/fcfrp.usp.br\/es\/ensino\/pos-graduacao\/ciencias-farmaceuticas\/pcf-pos-doc\/\">Post-Doc (PNPD)<\/a><\/li>\n\t\t\t<li id=\"menu-item-4354\" class=\"menu-item menu-item-type-post_type menu-item-object-page menu-item-4354\"><a href=\"https:\/\/fcfrp.usp.br\/es\/ensino\/pos-graduacao\/ciencias-farmaceuticas\/pcf-editais-print\/\">Publicaciones USP CAPES \u2013 PDSE<\/a><\/li>\n\t\t\t<li id=\"menu-item-4380\" class=\"menu-item menu-item-type-post_type menu-item-object-page menu-item-4380\"><a href=\"https:\/\/fcfrp.usp.br\/es\/ensino\/pos-graduacao\/ciencias-farmaceuticas\/pcf-disciplinas\/\">Disciplinas<\/a><\/li>\n\t\t\t<li id=\"menu-item-4485\" class=\"menu-item menu-item-type-post_type menu-item-object-page menu-item-has-children menu-item-4485\"><a href=\"https:\/\/fcfrp.usp.br\/es\/ensino\/pos-graduacao\/ciencias-farmaceuticas\/pcf-regulamento\/\">Reglamento del Programa<\/a>\n\t\t\t<ul class=\"sub-menu\">\n\t\t\t\t<li id=\"menu-item-16504\" class=\"menu-item menu-item-type-post_type menu-item-object-page menu-item-16504\"><a href=\"https:\/\/fcfrp.usp.br\/es\/ensino\/pos-graduacao\/biociencias-biotecnologia\/pbbio-regulamento\/pcf-faq\/\">FAQ \u2013 Reglamento del Programa<\/a><\/li>\n\t\t\t<\/ul>\n<\/li>\n\t\t\t<li id=\"menu-item-4410\" class=\"menu-item menu-item-type-post_type menu-item-object-page menu-item-4410\"><a href=\"https:\/\/fcfrp.usp.br\/es\/ensino\/pos-graduacao\/ciencias-farmaceuticas\/pcf-formularios\/\">Formularios<\/a><\/li>\n\t\t\t<li id=\"menu-item-4484\" class=\"menu-item menu-item-type-post_type menu-item-object-page menu-item-4484\"><a href=\"https:\/\/fcfrp.usp.br\/es\/ensino\/pos-graduacao\/ciencias-farmaceuticas\/pcf-bolsas\/\">Beca de Becas<\/a><\/li>\n\t\t\t<li id=\"menu-item-4483\" class=\"menu-item menu-item-type-post_type menu-item-object-page menu-item-4483\"><a href=\"https:\/\/fcfrp.usp.br\/es\/ensino\/pos-graduacao\/ciencias-farmaceuticas\/pcf-auxilios\/\">Ayuda para Eventos Cient\u00edficos<\/a><\/li>\n\t\t\t<li id=\"menu-item-4379\" class=\"menu-item menu-item-type-post_type menu-item-object-page menu-item-4379\"><a href=\"https:\/\/fcfrp.usp.br\/es\/ensino\/pos-graduacao\/ciencias-farmaceuticas\/pcf-workshops\/\">Workshops<\/a><\/li>\n\t\t<\/ul>\n<\/li>\n\t\t<li id=\"menu-item-4311\" class=\"menu-item menu-item-type-post_type menu-item-object-page menu-item-4311\"><a href=\"https:\/\/fcfrp.usp.br\/es\/ensino\/pos-graduacao\/toxicologia\/\">Programa de Toxicolog\u00eda<\/a><\/li>\n\t\t<li id=\"menu-item-5003\" class=\"menu-item menu-item-type-post_type menu-item-object-page menu-item-5003\"><a href=\"https:\/\/fcfrp.usp.br\/es\/ensino\/pos-graduacao\/defesas\/\">Defensas<\/a><\/li>\n\t\t<li id=\"menu-item-5004\" class=\"menu-item menu-item-type-post_type menu-item-object-page menu-item-5004\"><a href=\"https:\/\/fcfrp.usp.br\/es\/ensino\/pos-graduacao\/diplomas\/\">Diplomas<\/a><\/li>\n\t\t<li id=\"menu-item-5005\" class=\"menu-item menu-item-type-post_type menu-item-object-page menu-item-5005\"><a href=\"https:\/\/fcfrp.usp.br\/es\/ensino\/pos-graduacao\/pae\/\">Programa de Mejora Docente (PAE)<\/a><\/li>\n\t\t<li id=\"menu-item-5006\" class=\"menu-item menu-item-type-post_type menu-item-object-page menu-item-5006\"><a href=\"https:\/\/fcfrp.usp.br\/es\/ensino\/pos-graduacao\/historia\/\">Historia de los Estudios de Posgrado<\/a><\/li>\n\t\t<li id=\"menu-item-5001\" class=\"menu-item menu-item-type-post_type menu-item-object-page menu-item-5001\"><a href=\"https:\/\/fcfrp.usp.br\/es\/ensino\/pos-graduacao\/pg-regimento\/\">Regulaciones y Reglas<\/a><\/li>\n\t\t<li id=\"menu-item-5084\" class=\"menu-item menu-item-type-post_type menu-item-object-page menu-item-5084\"><a href=\"https:\/\/fcfrp.usp.br\/es\/ensino\/pos-graduacao\/colaboradores\/\">Colaboradores Internacionales<\/a><\/li>\n\t<\/ul>\n<\/li>\n<\/ul>\n<\/li>\n<\/ul><\/div><\/div><\/div><\/div><\/div>","protected":false},"excerpt":{"rendered":"<p>EDITAL DE ABERTURA PIPD ABERTO Portaria CAPES n\u00ba 282 &#8211; Programa Institucional de P\u00f3s-doutorado Portaria CAPES n\u00ba 307 &#8211; Atribui\u00e7\u00e3o de bolsas PIPD Portaria CAPES n\u00ba 318 ALTERA Portaria CAPES n\u00ba 282 \u00a0 RESULTADO PARCIAL\/CLASSIFICA\u00c7\u00c3O DO PROCESSO SELETIVO DE 01 BOLSA DO PROGRAMA INSTITUCIONAL DE P\u00d3S-DOUTORADO &#8211; PIPD\/CAPES: 1\u00ba &#8211; Luciana Facco Dalmolin 2\u00ba &#8211;<a href=\"https:\/\/fcfrp.usp.br\/es\/ensino\/pos-graduacao\/ciencias-farmaceuticas\/pcf-pos-doc\/\">[&#8230;]<\/a><\/p>\n","protected":false},"author":978,"featured_media":0,"parent":4256,"menu_order":4,"comment_status":"closed","ping_status":"closed","template":"template-fullwidth.php","meta":{"footnotes":"","_links_to":"","_links_to_target":""},"class_list":["post-4338","page","type-page","status-publish","hentry"],"_links":{"self":[{"href":"https:\/\/fcfrp.usp.br\/es\/wp-json\/wp\/v2\/pages\/4338","targetHints":{"allow":["GET"]}}],"collection":[{"href":"https:\/\/fcfrp.usp.br\/es\/wp-json\/wp\/v2\/pages"}],"about":[{"href":"https:\/\/fcfrp.usp.br\/es\/wp-json\/wp\/v2\/types\/page"}],"author":[{"embeddable":true,"href":"https:\/\/fcfrp.usp.br\/es\/wp-json\/wp\/v2\/users\/978"}],"replies":[{"embeddable":true,"href":"https:\/\/fcfrp.usp.br\/es\/wp-json\/wp\/v2\/comments?post=4338"}],"version-history":[{"count":4,"href":"https:\/\/fcfrp.usp.br\/es\/wp-json\/wp\/v2\/pages\/4338\/revisions"}],"predecessor-version":[{"id":14579,"href":"https:\/\/fcfrp.usp.br\/es\/wp-json\/wp\/v2\/pages\/4338\/revisions\/14579"}],"up":[{"embeddable":true,"href":"https:\/\/fcfrp.usp.br\/es\/wp-json\/wp\/v2\/pages\/4256"}],"wp:attachment":[{"href":"https:\/\/fcfrp.usp.br\/es\/wp-json\/wp\/v2\/media?parent=4338"}],"curies":[{"name":"wp","href":"https:\/\/api.w.org\/{rel}","templated":true}]}}