{"id":454,"date":"2020-04-11T10:40:37","date_gmt":"2020-04-11T12:40:37","guid":{"rendered":"https:\/\/sites.usp.br\/fcfrp\/?page_id=454"},"modified":"2020-07-30T16:44:53","modified_gmt":"2020-07-30T18:44:53","slug":"pos-graduacao","status":"publish","type":"page","link":"https:\/\/fcfrp.usp.br\/es\/ensino\/pos-graduacao\/","title":{"rendered":"Posgraduaci\u00f3n"},"content":{"rendered":"<div id=\"pl-454\"  class=\"panel-layout\" ><div id=\"pg-454-0\"  class=\"panel-grid panel-no-style\" ><div id=\"pgc-454-0-0\"  class=\"panel-grid-cell\" ><div id=\"panel-454-0-0-0\" class=\"so-panel widget widget_text panel-first-child\" data-index=\"0\" >\t\t\t<div class=\"textwidget\"><div style=\"text-align: justify; text-indent: 30pt;\">A P\u00f3s-Gradua\u00e7\u00e3o da Faculdade de Ci\u00eancias Farmac\u00eauticas de Ribeir\u00e3o Preto (FCFRP-USP) oferece Cursos de Mestrado, Doutorado ou Doutorado Direto em 3 Programas de P\u00f3s-Gradua\u00e7\u00e3o:<br \/>\n<a href=\"https:\/\/fcfrp.usp.br\/ensino\/pos-graduacao\/biociencias-biotecnologia\/\">&#8211; Programa de P\u00f3s-gradua\u00e7\u00e3o em Bioci\u00eancias e Biotecnologia<\/a><br \/>\nConta com 02 linhas de pequisa: Imunologia e Fisiopatologia e Bioagentes e Biotecnologia Aplicados \u00e0 Farm\u00e1cia.<br \/>\n<a href=\"https:\/\/fcfrp.usp.br\/ensino\/pos-graduacao\/ciencias-farmaceuticas\/\">&#8211; Programa de P\u00f3s-gradua\u00e7\u00e3o em Ci\u00eancias Farmac\u00eauticas<\/a><br \/>\nConta com 03 \u00e1reas de concentra\u00e7\u00e3o: Medicamentos e Cosm\u00e9ticos; Produtos Naturais e Sint\u00e9ticos e Qu\u00edmica e F\u00edsica Biol\u00f3gica.<br \/>\n<a href=\"https:\/\/fcfrp.usp.br\/ensino\/pos-graduacao\/toxicologia\/\">&#8211; Programa de P\u00f3s-gradua\u00e7\u00e3o em Toxicologia<\/a><br \/>\nConta com \u00e1rea de concentra\u00e7\u00e3o em Toxicologia.<\/div>\n<p><a href=\"https:\/\/sites.usp.br\/fcfrp\/wp-content\/uploads\/sites\/528\/2020\/06\/pos.jpg\"><img loading=\"lazy\" decoding=\"async\" class=\"aligncenter wp-image-5646 size-full\" src=\"https:\/\/sites.usp.br\/fcfrp\/wp-content\/uploads\/sites\/528\/2020\/06\/pos.jpg\" alt=\"\" width=\"448\" height=\"219\" srcset=\"https:\/\/fcfrp.usp.br\/wp-content\/uploads\/sites\/528\/2020\/06\/pos.jpg 448w, https:\/\/fcfrp.usp.br\/wp-content\/uploads\/sites\/528\/2020\/06\/pos-300x147.jpg 300w, https:\/\/fcfrp.usp.br\/wp-content\/uploads\/sites\/528\/2020\/06\/pos-400x196.jpg 400w\" sizes=\"auto, (max-width: 448px) 100vw, 448px\" \/><\/a><\/p>\n<div style=\"text-align: justify; text-indent: 30pt;\">O ingresso nos programas se d\u00e1 por meio de processo seletivo normatizado por edital espec\u00edfico elaborado pela Comiss\u00e3o Coordenadora de cada Programa e publicado periodicamente nas p\u00e1ginas dos programas.<\/div>\n<p>&nbsp;<\/p>\n<div style=\"text-align: justify;\">Os alunos de p\u00f3s-gradua\u00e7\u00e3o t\u00eam os seguintes prazos para deposito dos trabalhos:<br \/>\nNo curso de <em>Mestrado<\/em>, o prazo para dep\u00f3sito da disserta\u00e7\u00e3o \u00e9 de 30 meses.<br \/>\nNo curso de <em>Doutorado<\/em>, para o portador do t\u00edtulo de mestre, o prazo para dep\u00f3sito da tese \u00e9 de 48 meses.<br \/>\nNo curso de <em>Doutorado, sem obten\u00e7\u00e3o pr\u00e9via do t\u00edtulo de mestre (Doutorado Direto)<\/em>, o prazo para dep\u00f3sito da tese \u00e9 de 60 meses.<\/div>\n<\/div>\n\t\t<\/div><div id=\"panel-454-0-0-1\" class=\"so-panel widget widget_text panel-last-child\" data-index=\"1\" >\t\t\t<div class=\"textwidget\"><h4> <\/h4>\n<\/div>\n\t\t<\/div><\/div><div id=\"pgc-454-0-1\"  class=\"panel-grid-cell\" ><div id=\"panel-454-0-1-0\" class=\"so-panel widget widget_nav_menu panel-first-child panel-last-child\" data-index=\"2\" ><div class=\"menu-menu-pos-container\"><ul id=\"menu-menu-pos\" class=\"menu\"><li id=\"menu-item-4250\" class=\"menu-item menu-item-type-post_type menu-item-object-page menu-item-has-children menu-item-4250\"><a href=\"https:\/\/fcfrp.usp.br\/es\/ensino\/\">Ense\u00f1anza<\/a>\n<ul class=\"sub-menu\">\n\t<li id=\"menu-item-4251\" class=\"menu-item menu-item-type-post_type menu-item-object-page menu-item-4251\"><a href=\"https:\/\/fcfrp.usp.br\/es\/ensino\/graduacao\/\">Graduaci\u00f3n<\/a><\/li>\n\t<li id=\"menu-item-4252\" class=\"menu-item menu-item-type-post_type menu-item-object-page menu-item-has-children menu-item-4252\"><a href=\"https:\/\/fcfrp.usp.br\/es\/ensino\/pos-graduacao\/\">Posgraduaci\u00f3n<\/a>\n\t<ul class=\"sub-menu\">\n\t\t<li id=\"menu-item-4253\" class=\"menu-item menu-item-type-post_type menu-item-object-page menu-item-4253\"><a href=\"https:\/\/fcfrp.usp.br\/es\/ensino\/pos-graduacao\/comissao-pos-graduacao\/\">Comisi\u00f3n de Posgraduaci\u00f3n<\/a><\/li>\n\t\t<li id=\"menu-item-4249\" class=\"menu-item menu-item-type-post_type menu-item-object-page menu-item-4249\"><a href=\"https:\/\/fcfrp.usp.br\/es\/institucional\/administracao\/atac\/secao-posgraduacao\/\">Servicio de Posgraduaci\u00f3n<\/a><\/li>\n\t\t<li id=\"menu-item-4266\" class=\"menu-item menu-item-type-post_type menu-item-object-page menu-item-4266\"><a href=\"https:\/\/fcfrp.usp.br\/es\/ensino\/pos-graduacao\/biociencias-biotecnologia\/\">Programa de Biociencias y Biotecnolog\u00eda<\/a><\/li>\n\t\t<li id=\"menu-item-4267\" class=\"menu-item menu-item-type-post_type menu-item-object-page menu-item-4267\"><a href=\"https:\/\/fcfrp.usp.br\/es\/ensino\/pos-graduacao\/ciencias-farmaceuticas\/\">Programa de Ciencias Farmac\u00e9uticas<\/a><\/li>\n\t\t<li id=\"menu-item-4265\" class=\"menu-item menu-item-type-post_type menu-item-object-page menu-item-4265\"><a href=\"https:\/\/fcfrp.usp.br\/es\/ensino\/pos-graduacao\/toxicologia\/\">Programa de Toxicolog\u00eda<\/a><\/li>\n\t\t<li id=\"menu-item-4508\" class=\"menu-item menu-item-type-post_type menu-item-object-page menu-item-4508\"><a href=\"https:\/\/fcfrp.usp.br\/es\/ensino\/pos-graduacao\/defesas\/\">Defensas<\/a><\/li>\n\t\t<li id=\"menu-item-4529\" class=\"menu-item menu-item-type-post_type menu-item-object-page menu-item-4529\"><a href=\"https:\/\/fcfrp.usp.br\/es\/ensino\/pos-graduacao\/diplomas\/\">Diplomas<\/a><\/li>\n\t\t<li id=\"menu-item-4550\" class=\"menu-item menu-item-type-post_type menu-item-object-page menu-item-4550\"><a href=\"https:\/\/fcfrp.usp.br\/es\/ensino\/pos-graduacao\/pae\/\">Programa de Mejora Docente (PAE)<\/a><\/li>\n\t\t<li id=\"menu-item-4563\" class=\"menu-item menu-item-type-post_type menu-item-object-page menu-item-4563\"><a href=\"https:\/\/fcfrp.usp.br\/es\/ensino\/pos-graduacao\/historia\/\">Historia de los Estudios de Posgrado<\/a><\/li>\n\t\t<li id=\"menu-item-4504\" class=\"menu-item menu-item-type-post_type menu-item-object-page menu-item-4504\"><a href=\"https:\/\/fcfrp.usp.br\/es\/ensino\/pos-graduacao\/pg-regimento\/\">Regulaciones y Reglas<\/a><\/li>\n\t\t<li id=\"menu-item-5086\" class=\"menu-item menu-item-type-post_type menu-item-object-page menu-item-5086\"><a href=\"https:\/\/fcfrp.usp.br\/es\/ensino\/pos-graduacao\/colaboradores\/\">Colaboradores Internacionales<\/a><\/li>\n\t<\/ul>\n<\/li>\n<\/ul>\n<\/li>\n<\/ul><\/div><\/div><\/div><\/div><\/div>","protected":false},"excerpt":{"rendered":"<p>A P\u00f3s-Gradua\u00e7\u00e3o da Faculdade de Ci\u00eancias Farmac\u00eauticas de Ribeir\u00e3o Preto (FCFRP-USP) oferece Cursos de Mestrado, Doutorado ou Doutorado Direto em 3 Programas de P\u00f3s-Gradua\u00e7\u00e3o: &#8211; Programa de P\u00f3s-gradua\u00e7\u00e3o em Bioci\u00eancias e Biotecnologia Conta com 02 linhas de pequisa: Imunologia e Fisiopatologia e Bioagentes e Biotecnologia Aplicados \u00e0 Farm\u00e1cia. &#8211; Programa de P\u00f3s-gradua\u00e7\u00e3o em Ci\u00eancias Farmac\u00eauticas<a href=\"https:\/\/fcfrp.usp.br\/es\/ensino\/pos-graduacao\/\">[&#8230;]<\/a><\/p>\n","protected":false},"author":978,"featured_media":0,"parent":320,"menu_order":1,"comment_status":"closed","ping_status":"closed","template":"template-fullwidth.php","meta":{"footnotes":"","_links_to":"","_links_to_target":""},"class_list":["post-454","page","type-page","status-publish","hentry"],"_links":{"self":[{"href":"https:\/\/fcfrp.usp.br\/es\/wp-json\/wp\/v2\/pages\/454","targetHints":{"allow":["GET"]}}],"collection":[{"href":"https:\/\/fcfrp.usp.br\/es\/wp-json\/wp\/v2\/pages"}],"about":[{"href":"https:\/\/fcfrp.usp.br\/es\/wp-json\/wp\/v2\/types\/page"}],"author":[{"embeddable":true,"href":"https:\/\/fcfrp.usp.br\/es\/wp-json\/wp\/v2\/users\/978"}],"replies":[{"embeddable":true,"href":"https:\/\/fcfrp.usp.br\/es\/wp-json\/wp\/v2\/comments?post=454"}],"version-history":[{"count":4,"href":"https:\/\/fcfrp.usp.br\/es\/wp-json\/wp\/v2\/pages\/454\/revisions"}],"predecessor-version":[{"id":6605,"href":"https:\/\/fcfrp.usp.br\/es\/wp-json\/wp\/v2\/pages\/454\/revisions\/6605"}],"up":[{"embeddable":true,"href":"https:\/\/fcfrp.usp.br\/es\/wp-json\/wp\/v2\/pages\/320"}],"wp:attachment":[{"href":"https:\/\/fcfrp.usp.br\/es\/wp-json\/wp\/v2\/media?parent=454"}],"curies":[{"name":"wp","href":"https:\/\/api.w.org\/{rel}","templated":true}]}}