{"id":460,"date":"2020-04-11T10:41:53","date_gmt":"2020-04-11T12:41:53","guid":{"rendered":"https:\/\/sites.usp.br\/fcfrp\/?page_id=460"},"modified":"2025-02-17T14:37:17","modified_gmt":"2025-02-17T16:37:17","slug":"relacoes-internacionais","status":"publish","type":"page","link":"https:\/\/fcfrp.usp.br\/es\/institucional\/comissoes\/relacoes-internacionais\/","title":{"rendered":"Comisi\u00f3n de Relaciones Internacionales"},"content":{"rendered":"<div id=\"pl-460\"  class=\"panel-layout\" ><div id=\"pg-460-0\"  class=\"panel-grid panel-no-style\" ><div id=\"pgc-460-0-0\"  class=\"panel-grid-cell\" ><div id=\"panel-460-0-0-0\" class=\"so-panel widget widget_text panel-first-child panel-last-child\" data-index=\"0\" >\t\t\t<div class=\"textwidget\"><h4><strong>Presidente<\/strong><\/h4>\n<h3>Prof. Dr. Fernando B. da Costa<a href=\"https:\/\/sites.usp.br\/fcfrp\/wp-content\/uploads\/sites\/528\/2020\/04\/fernandobatista.jpg\"><img loading=\"lazy\" decoding=\"async\" class=\"wp-image-2486 size-full alignright\" src=\"https:\/\/sites.usp.br\/fcfrp\/wp-content\/uploads\/sites\/528\/2020\/04\/fernandobatista.jpg\" alt=\"\" width=\"100\" height=\"128\" \/><\/a><\/h3>\n<p>Email: crint@fcfrp.usp.br<br \/>\nTel: (16) 3315-0661<\/p>\n<p>&nbsp;<\/p>\n<p>&nbsp;<\/p>\n<h4><strong>Secret\u00e1rio<\/strong><\/h4>\n<h3>Lucas de Paula Machado<a href=\"https:\/\/fcfrp.usp.br\/wp-content\/uploads\/sites\/528\/2020\/04\/anonimo.jpg\"><img loading=\"lazy\" decoding=\"async\" class=\"wp-image-1898 size-full alignright\" src=\"https:\/\/fcfrp.usp.br\/wp-content\/uploads\/sites\/528\/2020\/04\/anonimo.jpg\" alt=\"\" width=\"100\" height=\"128\" \/><\/a><\/h3>\n<p>E-mail: crint@fcfrp.usp.br<br \/>\nTel: (16) 3315-8558<\/p>\n<p>&nbsp;<\/p>\n<p>&nbsp;<\/p>\n<div style=\"text-align: justify; text-indent: 30pt;\">A Comiss\u00e3o de Rela\u00e7\u00f5es Internacionais da Faculdade de Ci\u00eancias Farmac\u00eauticas de Ribeir\u00e3o Preto (CRint-FCFRP) foi criada em 10 de maio de 2011, por meio da Portaria FCFRP n\u00ba 13\/2011 e atualmente a composi\u00e7\u00e3o est\u00e1 designada pela Portaria FCFRP n\u00ba 29\/2020, tendo os seguintes objetivos:<\/div>\n<div style=\"text-align: justify;\">&#8211; Promover o estabelecimento de rela\u00e7\u00f5es entre a FCFRP-USP e centros de refer\u00eancia no exterior;<br \/>\n&#8211; Incentivar o interc\u00e2mbio de docentes, discentes e pesquisadores da FCFRP-USP, com Institui\u00e7\u00f5es de Ensino Superior e de Pesquisa no exterior, fortalecendo sua posi\u00e7\u00e3o como centro de refer\u00eancia internacional;<br \/>\n&#8211; Orientar e mediar os programas internacionais da Universidade de S\u00e3o Paulo com Institui\u00e7\u00f5es de Ensino Superior e de Pesquisa do exterior, que envolvam docentes da FCFRP-USP como coordenadores;<br \/>\n&#8211; Apoiar as iniciativas, em todos os n\u00edveis, para estabelecimento de parcerias entre docentes da FCFRP com docentes e pesquisadores de Institui\u00e7\u00f5es de Ensino Superior e de Pesquisa do exterior.<\/div>\n<p>&nbsp;<\/p>\n<h4><strong>Membros<\/strong><\/h4>\n<div style=\"text-align: justify;\">Prof. Dr. Paulo Cezar Vieira (Vice-Presidente)<br \/>\nProf. Dr. Marcelo Dias Baruffi<br \/>\nProfa. Dra. Renata Fonseca Vianna Lopez<br \/>\nProfa. Dra. Sabrina Francesca Souza Lisboa<br \/>\nWagner Monteiro Robles<br \/>\nM\u00e1rcia Mendes Ru\u00edz Cantano (Pedagoga)<\/p>\n<div><\/div>\n<div style=\"text-align: justify;\"><strong>Representantes Discente da Gradua\u00e7\u00e3o<\/strong><br \/>\nIsabela Miguel Villa (Titular)<br \/>\nThalita Isabel Barbosa Rochael (Suplente)<\/p>\n<div><\/div>\n<div style=\"text-align: justify;\"><strong>Representantes Discente da P\u00f3s-Gradua\u00e7\u00e3o<\/strong><br \/>\nMatheus Hikaru Tanimoto (Titular)<br \/>\nAna Fernanda Guimar\u00e3es Trindade (Suplente)<br \/>\n&nbsp;<\/p>\n<h4><strong>Contato<\/strong><\/h4>\n<p>E-mail: crint@fcfrp.usp.br<br \/>\n&nbsp;<\/p>\n<h4><strong>Documentos<\/strong><\/h4>\n<p><span class=\"fontstyle0\">&#8211; Edital FCFRP-USP 2012\/2024 &#8211; Bolsa M\u00e9rito Acad\u00eamico 2024\/2025.\u00a0 <\/span><a href=\"https:\/\/fcfrp.usp.br\/wp-content\/uploads\/sites\/528\/2024\/10\/bolsasusp24.pdf\">(Edital ALCANI)<\/a><\/p>\n<p><span class=\"fontstyle0\">&#8211; Edital FCFRP-USP 01\/2024 para Participa\u00e7\u00e3o no Edital 1937: Programa de Bolsas de Interc\u00e2mbio Internacional para os Alunos de Gradua\u00e7\u00e3o \u2013 \u00c1FRICA, AM\u00c9RICA LATINA E \u00c1SIA<\/span><\/p>\n<\/div>\n<\/div>\n<\/div>\n<\/div>\n\t\t<\/div><\/div><div id=\"pgc-460-0-1\"  class=\"panel-grid-cell\" ><div id=\"panel-460-0-1-0\" class=\"so-panel widget widget_nav_menu panel-first-child panel-last-child\" data-index=\"1\" ><div class=\"menu-menu-instcomissoes-container\"><ul id=\"menu-menu-instcomissoes\" class=\"menu\"><li id=\"menu-item-2692\" class=\"menu-item menu-item-type-post_type menu-item-object-page menu-item-has-children menu-item-2692\"><a href=\"https:\/\/fcfrp.usp.br\/es\/institucional\/\">Institucional<\/a>\n<ul class=\"sub-menu\">\n\t<li id=\"menu-item-2694\" class=\"menu-item menu-item-type-post_type menu-item-object-page menu-item-2694\"><a href=\"https:\/\/fcfrp.usp.br\/es\/institucional\/diretoria\/\">Junta<\/a><\/li>\n\t<li id=\"menu-item-2695\" class=\"menu-item menu-item-type-post_type menu-item-object-page menu-item-2695\"><a href=\"https:\/\/fcfrp.usp.br\/es\/institucional\/departamentos\/\">Departamentos<\/a><\/li>\n\t<li id=\"menu-item-2696\" class=\"menu-item menu-item-type-post_type menu-item-object-page menu-item-2696\"><a href=\"https:\/\/fcfrp.usp.br\/es\/institucional\/administracao\/\">Administracion<\/a><\/li>\n\t<li id=\"menu-item-10509\" class=\"menu-item menu-item-type-post_type menu-item-object-page menu-item-10509\"><a href=\"https:\/\/fcfrp.usp.br\/es\/institucional\/cap\/\">Centro de Soporte de Proyectos<\/a><\/li>\n\t<li id=\"menu-item-2689\" class=\"menu-item menu-item-type-post_type menu-item-object-page menu-item-2689\"><a href=\"https:\/\/fcfrp.usp.br\/es\/institucional\/servicos\/\">Nuestros Servivios<\/a><\/li>\n\t<li id=\"menu-item-2718\" class=\"menu-item menu-item-type-post_type menu-item-object-page menu-item-has-children menu-item-2718\"><a href=\"https:\/\/fcfrp.usp.br\/es\/institucional\/comissoes\/\">Comisiones<\/a>\n\t<ul class=\"sub-menu\">\n\t\t<li id=\"menu-item-10441\" class=\"menu-item menu-item-type-post_type menu-item-object-page menu-item-10441\"><a href=\"https:\/\/fcfrp.usp.br\/es\/institucional\/comissoes\/comissao-covid\/\">Comit\u00e9 Asesor de Monitoreo de Covid-19<\/a><\/li>\n\t\t<li id=\"menu-item-10381\" class=\"menu-item menu-item-type-post_type menu-item-object-page menu-item-10381\"><a href=\"https:\/\/fcfrp.usp.br\/es\/institucional\/comissoes\/comissao-infra-pesquisa\/\">Comit\u00e9 Asesor de Infraestructura de Investigaci\u00f3n<\/a><\/li>\n\t\t<li id=\"menu-item-2895\" class=\"menu-item menu-item-type-post_type menu-item-object-page menu-item-2895\"><a href=\"https:\/\/fcfrp.usp.br\/es\/institucional\/comissoes\/comissao-bioterio\/\">Vivarium<\/a><\/li>\n\t\t<li id=\"menu-item-3078\" class=\"menu-item menu-item-type-post_type menu-item-object-page menu-item-3078\"><a href=\"https:\/\/fcfrp.usp.br\/es\/institucional\/comissoes\/comissao-boas-praticas\/\">Buenas Pr\u00e1cticas Cient\u00edficas<\/a><\/li>\n\t\t<li id=\"menu-item-3008\" class=\"menu-item menu-item-type-post_type menu-item-object-page menu-item-3008\"><a href=\"https:\/\/fcfrp.usp.br\/es\/institucional\/comissoes\/brigada\/\">Cuerpo de Bomberos<\/a><\/li>\n\t\t<li id=\"menu-item-2872\" class=\"menu-item menu-item-type-post_type menu-item-object-page menu-item-2872\"><a href=\"https:\/\/fcfrp.usp.br\/es\/institucional\/comissoes\/comissao-biosseguranca\/\">Bioseguridad &#8211; CiBio<\/a><\/li>\n\t\t<li id=\"menu-item-13238\" class=\"menu-item menu-item-type-post_type menu-item-object-page menu-item-13238\"><a href=\"https:\/\/fcfrp.usp.br\/es\/institucional\/comissoes\/cip\/\">Comit\u00e9 de Inclusi\u00f3n y Pertenencia<\/a><\/li>\n\t\t<li id=\"menu-item-2846\" class=\"menu-item menu-item-type-post_type menu-item-object-page menu-item-2846\"><a href=\"https:\/\/fcfrp.usp.br\/es\/institucional\/comissoes\/cipa\/\">CPAI<\/a><\/li>\n\t\t<li id=\"menu-item-3071\" class=\"menu-item menu-item-type-post_type menu-item-object-page menu-item-3071\"><a href=\"https:\/\/fcfrp.usp.br\/es\/institucional\/comissoes\/comite-gestor-liarec\/\">Comit\u00e9 de Alta Direcci\u00f3n del Liarec<\/a><\/li>\n\t\t<li id=\"menu-item-10440\" class=\"menu-item menu-item-type-post_type menu-item-object-page menu-item-10440\"><a href=\"https:\/\/fcfrp.usp.br\/es\/institucional\/comissoes\/comissao-projeto-academico\/\">Comit\u00e9 Coordinador de Proyectos Acad\u00e9micos<\/a><\/li>\n\t\t<li id=\"menu-item-2780\" class=\"menu-item menu-item-type-post_type menu-item-object-page menu-item-2780\"><a href=\"https:\/\/fcfrp.usp.br\/es\/pesquisa-extensao\/extensao\/\">Cultura y Extensi\u00f3n<\/a><\/li>\n\t\t<li id=\"menu-item-5136\" class=\"menu-item menu-item-type-post_type menu-item-object-page menu-item-5136\"><a href=\"https:\/\/fcfrp.usp.br\/es\/institucional\/comissoes\/comissao-difusao\/\">Divulgaci\u00f3n<\/a><\/li>\n\t\t<li id=\"menu-item-2943\" class=\"menu-item menu-item-type-post_type menu-item-object-page menu-item-2943\"><a href=\"https:\/\/fcfrp.usp.br\/es\/institucional\/comissoes\/comite-etica-pesquisa\/\">\u00c9tica de Investigaci\u00f3n<\/a><\/li>\n\t\t<li id=\"menu-item-2799\" class=\"menu-item menu-item-type-post_type menu-item-object-page menu-item-2799\"><a href=\"https:\/\/fcfrp.usp.br\/es\/institucional\/comissoes\/comissao-ceua\/\">\u00c9tica de uso Animal<\/a><\/li>\n\t\t<li id=\"menu-item-2919\" class=\"menu-item menu-item-type-post_type menu-item-object-page menu-item-2919\"><a href=\"https:\/\/fcfrp.usp.br\/es\/institucional\/comissoes\/comissao-residuos-quimicos\/\">Gesti\u00f3n de Residuos Qu\u00edmicos<\/a><\/li>\n\t\t<li id=\"menu-item-2728\" class=\"menu-item menu-item-type-post_type menu-item-object-page menu-item-2728\"><a href=\"https:\/\/fcfrp.usp.br\/es\/institucional\/comissoes\/comissao-residuos-saude\/\">Gesti\u00f3n de Residuos de Servicios de Salud<\/a><\/li>\n\t\t<li id=\"menu-item-2785\" class=\"menu-item menu-item-type-post_type menu-item-object-page menu-item-2785\"><a href=\"https:\/\/fcfrp.usp.br\/es\/ensino\/graduacao\/comissao-graduacao\/\">Graduaci\u00f3n<\/a><\/li>\n\t\t<li id=\"menu-item-2779\" class=\"menu-item menu-item-type-post_type menu-item-object-page menu-item-2779\"><a href=\"https:\/\/fcfrp.usp.br\/es\/pesquisa-extensao\/pesquisa\/\">Investigaci\u00f3n<\/a><\/li>\n\t\t<li id=\"menu-item-2906\" class=\"menu-item menu-item-type-post_type menu-item-object-page menu-item-2906\"><a href=\"https:\/\/fcfrp.usp.br\/es\/ensino\/pos-graduacao\/comissao-pos-graduacao\/\">Posgraduaci\u00f3n<\/a><\/li>\n\t\t<li id=\"menu-item-6132\" class=\"menu-item menu-item-type-post_type menu-item-object-page menu-item-6132\"><a href=\"https:\/\/fcfrp.usp.br\/es\/institucional\/comissoes\/comissoes-pae\/\">Programa de Mejora Docente<\/a><\/li>\n\t\t<li id=\"menu-item-2781\" class=\"menu-item menu-item-type-post_type menu-item-object-page menu-item-has-children menu-item-2781\"><a href=\"https:\/\/fcfrp.usp.br\/es\/institucional\/comissoes\/relacoes-internacionais\/\">Relaciones Internacionales<\/a>\n\t\t<ul class=\"sub-menu\">\n\t\t\t<li id=\"menu-item-5938\" class=\"menu-item menu-item-type-post_type menu-item-object-page menu-item-5938\"><a href=\"https:\/\/fcfrp.usp.br\/es\/institucional\/comissoes\/relacoes-internacionais\/convenios-relacoes-internacionais\/\">Convenios e Informaci\u00f3n<\/a><\/li>\n\t\t<\/ul>\n<\/li>\n\t\t<li id=\"menu-item-3084\" class=\"menu-item menu-item-type-post_type menu-item-object-page menu-item-3084\"><a href=\"https:\/\/fcfrp.usp.br\/es\/institucional\/comissoes\/comissao-seguranca-laboratorios\/\">Seguridad de Laboratorio<\/a><\/li>\n\t\t<li id=\"menu-item-2795\" class=\"menu-item menu-item-type-post_type menu-item-object-page menu-item-2795\"><a href=\"https:\/\/fcfrp.usp.br\/es\/institucional\/comissoes\/comissao-sausp\/\">Sectorial de SAUSP<\/a><\/li>\n\t\t<li id=\"menu-item-2717\" class=\"menu-item menu-item-type-post_type menu-item-object-page menu-item-2717\"><a href=\"https:\/\/fcfrp.usp.br\/es\/institucional\/comissoes\/comissao-treinamento\/\">Formaci\u00f3n y Desarrollo de Servidores No Docentes<\/a><\/li>\n\t\t<li id=\"menu-item-2852\" class=\"menu-item menu-item-type-post_type menu-item-object-page menu-item-2852\"><a href=\"https:\/\/fcfrp.usp.br\/es\/institucional\/comissoes\/comissao-usp-recicla\/\">Recicla USP<\/a><\/li>\n\t\t<li id=\"menu-item-3060\" class=\"menu-item menu-item-type-post_type menu-item-object-page menu-item-3060\"><a href=\"https:\/\/fcfrp.usp.br\/es\/institucional\/comissoes\/comissao-usuarios-liarec\/\">Usuarios del Liarec<\/a><\/li>\n\t<\/ul>\n<\/li>\n\t<li id=\"menu-item-2690\" class=\"menu-item menu-item-type-post_type menu-item-object-page menu-item-2690\"><a href=\"https:\/\/fcfrp.usp.br\/es\/institucional\/concursos\/\">Concursos Publicos<\/a><\/li>\n\t<li id=\"menu-item-6217\" class=\"menu-item menu-item-type-custom menu-item-object-custom menu-item-6217\"><a href=\"https:\/\/fcfrp.usp.br\/es\/institucional\/administracao\/assistencia-tecnica-financeira\/prov-materiais\/\">Ofertas<\/a><\/li>\n\t<li id=\"menu-item-2693\" class=\"menu-item menu-item-type-post_type menu-item-object-page current_page_parent menu-item-2693\"><a href=\"https:\/\/fcfrp.usp.br\/es\/institucional\/eventos-noticias\/\">Eventos \/ Noticias<\/a><\/li>\n\t<li id=\"menu-item-2691\" class=\"menu-item menu-item-type-post_type menu-item-object-page menu-item-2691\"><a target=\"_blank\" href=\"https:\/\/fcfrp.usp.br\/wp-content\/uploads\/sites\/528\/2025\/03\/Lista-de-ramais-marco-2025.pdf\">Servidores<\/a><\/li>\n\t<li id=\"menu-item-7209\" class=\"menu-item menu-item-type-post_type menu-item-object-page menu-item-7209\"><a href=\"https:\/\/fcfrp.usp.br\/es\/institucional\/identidade-visual\/\">Identidad Visual<\/a><\/li>\n<\/ul>\n<\/li>\n<\/ul><\/div><\/div><\/div><\/div><\/div>","protected":false},"excerpt":{"rendered":"<p>Presidente Prof. Dr. Fernando B. da Costa Email: crint@fcfrp.usp.br Tel: (16) 3315-0661 &nbsp; &nbsp; Secret\u00e1rio Lucas de Paula Machado E-mail: crint@fcfrp.usp.br Tel: (16) 3315-8558 &nbsp; &nbsp; A Comiss\u00e3o de Rela\u00e7\u00f5es Internacionais da Faculdade de Ci\u00eancias Farmac\u00eauticas de Ribeir\u00e3o Preto (CRint-FCFRP) foi criada em 10 de maio de 2011, por meio da Portaria FCFRP n\u00ba 13\/2011<a href=\"https:\/\/fcfrp.usp.br\/es\/institucional\/comissoes\/relacoes-internacionais\/\">[&#8230;]<\/a><\/p>\n","protected":false},"author":978,"featured_media":0,"parent":2697,"menu_order":15,"comment_status":"closed","ping_status":"closed","template":"template-fullwidth.php","meta":{"footnotes":"","_links_to":"","_links_to_target":""},"class_list":["post-460","page","type-page","status-publish","hentry"],"_links":{"self":[{"href":"https:\/\/fcfrp.usp.br\/es\/wp-json\/wp\/v2\/pages\/460","targetHints":{"allow":["GET"]}}],"collection":[{"href":"https:\/\/fcfrp.usp.br\/es\/wp-json\/wp\/v2\/pages"}],"about":[{"href":"https:\/\/fcfrp.usp.br\/es\/wp-json\/wp\/v2\/types\/page"}],"author":[{"embeddable":true,"href":"https:\/\/fcfrp.usp.br\/es\/wp-json\/wp\/v2\/users\/978"}],"replies":[{"embeddable":true,"href":"https:\/\/fcfrp.usp.br\/es\/wp-json\/wp\/v2\/comments?post=460"}],"version-history":[{"count":4,"href":"https:\/\/fcfrp.usp.br\/es\/wp-json\/wp\/v2\/pages\/460\/revisions"}],"predecessor-version":[{"id":14860,"href":"https:\/\/fcfrp.usp.br\/es\/wp-json\/wp\/v2\/pages\/460\/revisions\/14860"}],"up":[{"embeddable":true,"href":"https:\/\/fcfrp.usp.br\/es\/wp-json\/wp\/v2\/pages\/2697"}],"wp:attachment":[{"href":"https:\/\/fcfrp.usp.br\/es\/wp-json\/wp\/v2\/media?parent=460"}],"curies":[{"name":"wp","href":"https:\/\/api.w.org\/{rel}","templated":true}]}}