{"id":5559,"date":"2020-06-16T10:07:37","date_gmt":"2020-06-16T12:07:37","guid":{"rendered":"https:\/\/sites.usp.br\/fcfrp\/?page_id=5559"},"modified":"2025-05-16T11:33:53","modified_gmt":"2025-05-16T13:33:53","slug":"infraestrutura","status":"publish","type":"page","link":"https:\/\/fcfrp.usp.br\/es\/pesquisa-extensao\/pesquisa\/infraestrutura\/","title":{"rendered":"Infraestructura"},"content":{"rendered":"<div id=\"pl-5559\"  class=\"panel-layout\" ><div id=\"pg-5559-0\"  class=\"panel-grid panel-no-style\" ><div id=\"pgc-5559-0-0\"  class=\"panel-grid-cell\" ><div id=\"panel-5559-0-0-0\" class=\"so-panel widget widget_text panel-first-child panel-last-child\" data-index=\"0\" >\t\t\t<div class=\"textwidget\"><h4><strong>Parque de Equipamentos<\/strong><\/h4>\n<div style=\"text-align: justify;\"><a href=\"https:\/\/fcfrp.usp.br\/wp-content\/uploads\/sites\/528\/2025\/05\/Pq-Equip-FAPESP_2025.pdf\" target=\"_blank\" rel=\"noopener\">&#8211; Listagem dos equipamentos patrimoniados da Unidade, com valores acima de R$ 100.000,00 (US$ 20.000,00), para envio na submiss\u00e3o de projetos FAPESP.<\/a><br \/>\n<a href=\"https:\/\/fcfrp.usp.br\/wp-content\/uploads\/sites\/528\/2025\/05\/Parque-de-Equipamentos-GERAL_2025.xlsx\" target=\"_blank\" rel=\"noopener\">&#8211; Listagem geral dos equipamentos patrimoniados da Unidade.<\/a><\/div>\n<p>&nbsp;<\/p>\n<h4><strong>Centrais Multiusu\u00e1rios<\/strong><\/h4>\n<div style=\"text-align: justify;\">Centrais Multiusu\u00e1rios (core facilities) s\u00e3o laborat\u00f3rios ou conjunto de laborat\u00f3rios que re\u00fanem equipamentos de uso compartilhado e que s\u00e3o disponibilizados aos usu\u00e1rios da Unidade e de outras institui\u00e7\u00f5es.<br \/>\nEssas centrais permitem o acesso a equipamentos de alta complexidade e custo, a t\u00e9cnicas e m\u00e9todos avan\u00e7ados de investiga\u00e7\u00e3o, o acesso a especialistas e a servi\u00e7os voltados a investiga\u00e7\u00e3o cient\u00edfica de ponta. O ambiente das centrais Multiusu\u00e1rios propicia a maior intera\u00e7\u00e3o entre os pesquisadores e o aumento da produtividade.<br \/>\nPara assegurar a acessibilidade, estabilidade e confiabilidade, as Centrais devem ser regulamentadas e administradas de forma consistente, visando uma adequada rela\u00e7\u00e3o custo-efic\u00e1cia, e um bom controle de qualidade, de forma que possam obter apoio das ag\u00eancias de fomento. Acesse a <a href=\"https:\/\/prp.usp.br\/centrais-multiusuarios\/\" target=\"_blank\" rel=\"noopener\">AQUI<\/a> para verificar as normas, procedimentos e Centrais Multiusu\u00e1rios cadastradas na FCFRP.<\/div>\n<\/div>\n\t\t<\/div><\/div><div id=\"pgc-5559-0-1\"  class=\"panel-grid-cell\" ><div id=\"panel-5559-0-1-0\" class=\"so-panel widget widget_nav_menu panel-first-child panel-last-child\" data-index=\"1\" ><div class=\"menu-menu-pesquisa-container\"><ul id=\"menu-menu-pesquisa\" class=\"menu\"><li id=\"menu-item-791\" class=\"menu-item menu-item-type-post_type menu-item-object-page menu-item-has-children menu-item-791\"><a href=\"https:\/\/fcfrp.usp.br\/es\/pesquisa-extensao\/\">Investigaci\u00f3n \/ Extensi\u00f3n<\/a>\n<ul class=\"sub-menu\">\n\t<li id=\"menu-item-792\" class=\"menu-item menu-item-type-post_type menu-item-object-page menu-item-has-children menu-item-792\"><a href=\"https:\/\/fcfrp.usp.br\/es\/pesquisa-extensao\/pesquisa\/\">Investigaci\u00f3n<\/a>\n\t<ul class=\"sub-menu\">\n\t\t<li id=\"menu-item-5831\" class=\"menu-item menu-item-type-post_type menu-item-object-page menu-item-5831\"><a href=\"https:\/\/fcfrp.usp.br\/es\/pesquisa-extensao\/pesquisa\/normas\/\">Normas<\/a><\/li>\n\t\t<li id=\"menu-item-5562\" class=\"menu-item menu-item-type-post_type menu-item-object-page menu-item-has-children menu-item-5562\"><a href=\"https:\/\/fcfrp.usp.br\/es\/pesquisa-extensao\/pesquisa\/infraestrutura\/\">Infraestructura<\/a>\n\t\t<ul class=\"sub-menu\">\n\t\t\t<li id=\"menu-item-15552\" class=\"menu-item menu-item-type-post_type menu-item-object-page menu-item-15552\"><a href=\"https:\/\/fcfrp.usp.br\/es\/pesquisa-extensao\/pesquisa\/infraestrutura\/biocel\/\">BioCel FCFRP-USP<\/a><\/li>\n\t\t<\/ul>\n<\/li>\n\t\t<li id=\"menu-item-910\" class=\"menu-item menu-item-type-post_type menu-item-object-page menu-item-910\"><a href=\"https:\/\/fcfrp.usp.br\/es\/pesquisa-extensao\/pesquisa\/centrais-multiusuarios\/\">Intercambios Multiusuario<\/a><\/li>\n\t\t<li id=\"menu-item-6067\" class=\"menu-item menu-item-type-post_type menu-item-object-page menu-item-6067\"><a href=\"https:\/\/fcfrp.usp.br\/es\/pesquisa-extensao\/pesquisa\/linhas-de-pesquisa\/\">L\u00edneas de Investigaci\u00f3n<\/a><\/li>\n\t\t<li id=\"menu-item-5570\" class=\"menu-item menu-item-type-post_type menu-item-object-page menu-item-5570\"><a href=\"https:\/\/fcfrp.usp.br\/es\/pesquisa-extensao\/pesquisa\/grupos-pesquisa\/\">Grupos de Investigacion<\/a><\/li>\n\t\t<li id=\"menu-item-5574\" class=\"menu-item menu-item-type-post_type menu-item-object-page menu-item-has-children menu-item-5574\"><a href=\"https:\/\/fcfrp.usp.br\/es\/pesquisa-extensao\/pesquisa\/programas\/\">Programas<\/a>\n\t\t<ul class=\"sub-menu\">\n\t\t\t<li id=\"menu-item-5863\" class=\"menu-item menu-item-type-post_type menu-item-object-page menu-item-5863\"><a href=\"https:\/\/fcfrp.usp.br\/es\/pesquisa-extensao\/pesquisa\/programas\/preiniciacao\/\">Preiniciaci\u00f3n Cient\u00edfica<\/a><\/li>\n\t\t\t<li id=\"menu-item-5853\" class=\"menu-item menu-item-type-post_type menu-item-object-page menu-item-5853\"><a href=\"https:\/\/fcfrp.usp.br\/es\/pesquisa-extensao\/pesquisa\/programas\/iniciacao\/\">Iniciaci\u00f3n Cient\u00edfica<\/a><\/li>\n\t\t\t<li id=\"menu-item-5862\" class=\"menu-item menu-item-type-post_type menu-item-object-page menu-item-5862\"><a href=\"https:\/\/fcfrp.usp.br\/es\/pesquisa-extensao\/pesquisa\/programas\/posdoutorado\/\">Postdoctorado<\/a><\/li>\n\t\t\t<li id=\"menu-item-5889\" class=\"menu-item menu-item-type-post_type menu-item-object-page menu-item-5889\"><a href=\"https:\/\/fcfrp.usp.br\/es\/pesquisa-extensao\/pesquisa\/programas\/pesquisador\/\">Investigador Colaborador<\/a><\/li>\n\t\t<\/ul>\n<\/li>\n\t\t<li id=\"menu-item-5580\" class=\"menu-item menu-item-type-post_type menu-item-object-page menu-item-5580\"><a href=\"https:\/\/fcfrp.usp.br\/es\/pesquisa-extensao\/pesquisa\/oportunidades\/\">Oportunidades<\/a><\/li>\n\t\t<li id=\"menu-item-7063\" class=\"menu-item menu-item-type-post_type menu-item-object-page menu-item-7063\"><a href=\"https:\/\/fcfrp.usp.br\/es\/pesquisa-extensao\/pesquisa\/siicusp\/\">SIICUSP<\/a><\/li>\n\t\t<li id=\"menu-item-12022\" class=\"menu-item menu-item-type-post_type menu-item-object-page menu-item-12022\"><a href=\"https:\/\/fcfrp.usp.br\/es\/pesquisa-extensao\/patrimonio-genetico\/\">Patrim\u00f4nio Gen\u00e9tico \u2013 CTA<\/a><\/li>\n\t<\/ul>\n<\/li>\n\t<li id=\"menu-item-790\" class=\"menu-item menu-item-type-post_type menu-item-object-page menu-item-790\"><a href=\"https:\/\/fcfrp.usp.br\/es\/pesquisa-extensao\/extensao\/\">Cultura y Extensi\u00f3n<\/a><\/li>\n<\/ul>\n<\/li>\n<\/ul><\/div><\/div><\/div><\/div><\/div>","protected":false},"excerpt":{"rendered":"<p>Parque de Equipamentos &#8211; Listagem dos equipamentos patrimoniados da Unidade, com valores acima de R$ 100.000,00 (US$ 20.000,00), para envio na submiss\u00e3o de projetos FAPESP. &#8211; Listagem geral dos equipamentos patrimoniados da Unidade. &nbsp; Centrais Multiusu\u00e1rios Centrais Multiusu\u00e1rios (core facilities) s\u00e3o laborat\u00f3rios ou conjunto de laborat\u00f3rios que re\u00fanem equipamentos de uso compartilhado e que s\u00e3o<a href=\"https:\/\/fcfrp.usp.br\/es\/pesquisa-extensao\/pesquisa\/infraestrutura\/\">[&#8230;]<\/a><\/p>\n","protected":false},"author":978,"featured_media":0,"parent":456,"menu_order":1,"comment_status":"closed","ping_status":"closed","template":"template-fullwidth.php","meta":{"footnotes":"","_links_to":"","_links_to_target":""},"class_list":["post-5559","page","type-page","status-publish","hentry"],"_links":{"self":[{"href":"https:\/\/fcfrp.usp.br\/es\/wp-json\/wp\/v2\/pages\/5559","targetHints":{"allow":["GET"]}}],"collection":[{"href":"https:\/\/fcfrp.usp.br\/es\/wp-json\/wp\/v2\/pages"}],"about":[{"href":"https:\/\/fcfrp.usp.br\/es\/wp-json\/wp\/v2\/types\/page"}],"author":[{"embeddable":true,"href":"https:\/\/fcfrp.usp.br\/es\/wp-json\/wp\/v2\/users\/978"}],"replies":[{"embeddable":true,"href":"https:\/\/fcfrp.usp.br\/es\/wp-json\/wp\/v2\/comments?post=5559"}],"version-history":[{"count":4,"href":"https:\/\/fcfrp.usp.br\/es\/wp-json\/wp\/v2\/pages\/5559\/revisions"}],"predecessor-version":[{"id":15179,"href":"https:\/\/fcfrp.usp.br\/es\/wp-json\/wp\/v2\/pages\/5559\/revisions\/15179"}],"up":[{"embeddable":true,"href":"https:\/\/fcfrp.usp.br\/es\/wp-json\/wp\/v2\/pages\/456"}],"wp:attachment":[{"href":"https:\/\/fcfrp.usp.br\/es\/wp-json\/wp\/v2\/media?parent=5559"}],"curies":[{"name":"wp","href":"https:\/\/api.w.org\/{rel}","templated":true}]}}