{"id":564,"date":"2020-04-11T15:30:12","date_gmt":"2020-04-11T17:30:12","guid":{"rendered":"https:\/\/sites.usp.br\/fcfrp\/?page_id=564"},"modified":"2020-07-17T12:30:06","modified_gmt":"2020-07-17T14:30:06","slug":"servicos","status":"publish","type":"page","link":"https:\/\/fcfrp.usp.br\/es\/institucional\/servicos\/","title":{"rendered":"Nuestros Servivios"},"content":{"rendered":"<div id=\"pl-564\"  class=\"panel-layout\" ><div id=\"pg-564-0\"  class=\"panel-grid panel-no-style\" ><div id=\"pgc-564-0-0\"  class=\"panel-grid-cell\" ><div id=\"panel-564-0-0-0\" class=\"so-panel widget widget_text panel-first-child panel-last-child\" data-index=\"0\" >\t\t\t<div class=\"textwidget\"><div style=\"text-align: justify;\">Servi\u00e7os dispon\u00edveis na Faculdade de Ci\u00eancias Farmac\u00eauticas de Ribeir\u00e3o Preto.<\/div>\n<p>&nbsp;<\/p>\n<div style=\"text-align: justify;\"><a href=\"https:\/\/fcfrp.usp.br\/institucional\/servicos\/analises-clinicas\/\">&#8211; Servi\u00e7o de An\u00e1lises Cl\u00ednicas<\/a><br \/>\n<a href=\"https:\/\/fcfrp.usp.br\/institucional\/servicos\/analises-toxicologicas\/\">&#8211; Servi\u00e7o de An\u00e1lises Toxicol\u00f3gicas<\/a><br \/>\n<a href=\"https:\/\/fcfrp.usp.br\/institucional\/servicos\/servico-farmaceutico\/\">&#8211; Servi\u00e7o Farmac\u00eautico<\/a><\/div>\n<\/div>\n\t\t<\/div><\/div><div id=\"pgc-564-0-1\"  class=\"panel-grid-cell\" ><div id=\"panel-564-0-1-0\" class=\"so-panel widget widget_nav_menu panel-first-child panel-last-child\" data-index=\"1\" ><div class=\"menu-menu-instservi-container\"><ul id=\"menu-menu-instservi\" class=\"menu\"><li id=\"menu-item-1303\" class=\"menu-item menu-item-type-post_type menu-item-object-page menu-item-has-children menu-item-1303\"><a href=\"https:\/\/fcfrp.usp.br\/es\/institucional\/\">Institucional<\/a>\n<ul class=\"sub-menu\">\n\t<li id=\"menu-item-1305\" class=\"menu-item menu-item-type-post_type menu-item-object-page menu-item-1305\"><a href=\"https:\/\/fcfrp.usp.br\/es\/institucional\/diretoria\/\">Junta<\/a><\/li>\n\t<li id=\"menu-item-1306\" class=\"menu-item menu-item-type-post_type menu-item-object-page menu-item-1306\"><a href=\"https:\/\/fcfrp.usp.br\/es\/institucional\/departamentos\/\">Departamentos<\/a><\/li>\n\t<li id=\"menu-item-1307\" class=\"menu-item menu-item-type-post_type menu-item-object-page menu-item-1307\"><a href=\"https:\/\/fcfrp.usp.br\/es\/institucional\/administracao\/\">Administracion<\/a><\/li>\n\t<li id=\"menu-item-10520\" class=\"menu-item menu-item-type-post_type menu-item-object-page menu-item-10520\"><a href=\"https:\/\/fcfrp.usp.br\/es\/institucional\/cap\/\">Centro de Soporte de Proyectos<\/a><\/li>\n\t<li id=\"menu-item-1311\" class=\"menu-item menu-item-type-post_type menu-item-object-page menu-item-has-children menu-item-1311\"><a href=\"https:\/\/fcfrp.usp.br\/es\/institucional\/servicos\/\">Nuestros Servivios<\/a>\n\t<ul class=\"sub-menu\">\n\t\t<li id=\"menu-item-1353\" class=\"menu-item menu-item-type-post_type menu-item-object-page menu-item-has-children menu-item-1353\"><a href=\"https:\/\/fcfrp.usp.br\/es\/institucional\/servicos\/analises-clinicas\/\">Servicio de An\u00e1lisis Cl\u00ednico<\/a>\n\t\t<ul class=\"sub-menu\">\n\t\t\t<li id=\"menu-item-2264\" class=\"menu-item menu-item-type-post_type menu-item-object-page menu-item-2264\"><a target=\"_blank\" href=\"https:\/\/fcfrp-usp.laborlis.net\/\">Resultados del Examen<\/a><\/li>\n\t\t\t<li id=\"menu-item-2215\" class=\"menu-item menu-item-type-post_type menu-item-object-page menu-item-2215\"><a href=\"https:\/\/fcfrp.usp.br\/es\/institucional\/servicos\/analises-clinicas\/equipe-sac\/\">Equipo SAC<\/a><\/li>\n\t\t\t<li id=\"menu-item-2214\" class=\"menu-item menu-item-type-post_type menu-item-object-page menu-item-2214\"><a href=\"https:\/\/fcfrp.usp.br\/es\/institucional\/servicos\/analises-clinicas\/exames-sac\/\">Ex\u00e1menes y Preparaci\u00f3n<\/a><\/li>\n\t\t<\/ul>\n<\/li>\n\t\t<li id=\"menu-item-1352\" class=\"menu-item menu-item-type-post_type menu-item-object-page menu-item-1352\"><a href=\"https:\/\/fcfrp.usp.br\/es\/institucional\/servicos\/analises-toxicologicas\/\">Servicio de An\u00e1lisis Toxicol\u00f3gico<\/a><\/li>\n\t\t<li id=\"menu-item-1351\" class=\"menu-item menu-item-type-post_type menu-item-object-page menu-item-has-children menu-item-1351\"><a href=\"https:\/\/fcfrp.usp.br\/es\/institucional\/servicos\/servico-farmaceutico\/\">Servicio Farmaceutico<\/a>\n\t\t<ul class=\"sub-menu\">\n\t\t\t<li id=\"menu-item-2405\" class=\"menu-item menu-item-type-post_type menu-item-object-page menu-item-2405\"><a href=\"https:\/\/fcfrp.usp.br\/es\/institucional\/servicos\/servico-farmaceutico\/equipe-farmacia\/\">Equipo de Farmacia<\/a><\/li>\n\t\t\t<li id=\"menu-item-5706\" class=\"menu-item menu-item-type-post_type menu-item-object-page menu-item-5706\"><a href=\"https:\/\/fcfrp.usp.br\/es\/institucional\/servicos\/servico-farmaceutico\/equipe-servico-farmaceutico\/\">Equipo de Servicio Farmac\u00e9utico<\/a><\/li>\n\t\t\t<li id=\"menu-item-2404\" class=\"menu-item menu-item-type-post_type menu-item-object-page menu-item-2404\"><a href=\"https:\/\/fcfrp.usp.br\/es\/institucional\/servicos\/servico-farmaceutico\/servicos-farmacia\/\">Servicios<\/a><\/li>\n\t\t<\/ul>\n<\/li>\n\t<\/ul>\n<\/li>\n\t<li id=\"menu-item-2702\" class=\"menu-item menu-item-type-post_type menu-item-object-page menu-item-2702\"><a href=\"https:\/\/fcfrp.usp.br\/es\/institucional\/comissoes\/\">Comisiones<\/a><\/li>\n\t<li id=\"menu-item-1312\" class=\"menu-item menu-item-type-post_type menu-item-object-page menu-item-1312\"><a href=\"https:\/\/fcfrp.usp.br\/es\/institucional\/concursos\/\">Concursos Publicos<\/a><\/li>\n\t<li id=\"menu-item-6216\" class=\"menu-item menu-item-type-custom menu-item-object-custom menu-item-6216\"><a href=\"https:\/\/fcfrp.usp.br\/es\/institucional\/administracao\/assistencia-tecnica-financeira\/prov-materiais\/\">Ofertas<\/a><\/li>\n\t<li id=\"menu-item-1304\" class=\"menu-item menu-item-type-post_type menu-item-object-page current_page_parent menu-item-1304\"><a href=\"https:\/\/fcfrp.usp.br\/es\/institucional\/eventos-noticias\/\">Eventos \/ Noticias<\/a><\/li>\n\t<li id=\"menu-item-1313\" class=\"menu-item menu-item-type-post_type menu-item-object-page menu-item-1313\"><a target=\"_blank\" href=\"https:\/\/fcfrp.usp.br\/wp-content\/uploads\/sites\/528\/2025\/03\/Lista-de-ramais-marco-2025.pdf\">Servidores<\/a><\/li>\n\t<li id=\"menu-item-7212\" class=\"menu-item menu-item-type-post_type menu-item-object-page menu-item-7212\"><a href=\"https:\/\/fcfrp.usp.br\/es\/institucional\/identidade-visual\/\">Identidad Visual<\/a><\/li>\n<\/ul>\n<\/li>\n<\/ul><\/div><\/div><\/div><\/div><\/div>","protected":false},"excerpt":{"rendered":"<p>Servi\u00e7os dispon\u00edveis na Faculdade de Ci\u00eancias Farmac\u00eauticas de Ribeir\u00e3o Preto. &nbsp; &#8211; Servi\u00e7o de An\u00e1lises Cl\u00ednicas &#8211; Servi\u00e7o de An\u00e1lises Toxicol\u00f3gicas &#8211; Servi\u00e7o Farmac\u00eautico<\/p>\n","protected":false},"author":978,"featured_media":0,"parent":312,"menu_order":3,"comment_status":"closed","ping_status":"closed","template":"template-fullwidth.php","meta":{"footnotes":"","_links_to":"","_links_to_target":""},"class_list":["post-564","page","type-page","status-publish","hentry"],"_links":{"self":[{"href":"https:\/\/fcfrp.usp.br\/es\/wp-json\/wp\/v2\/pages\/564","targetHints":{"allow":["GET"]}}],"collection":[{"href":"https:\/\/fcfrp.usp.br\/es\/wp-json\/wp\/v2\/pages"}],"about":[{"href":"https:\/\/fcfrp.usp.br\/es\/wp-json\/wp\/v2\/types\/page"}],"author":[{"embeddable":true,"href":"https:\/\/fcfrp.usp.br\/es\/wp-json\/wp\/v2\/users\/978"}],"replies":[{"embeddable":true,"href":"https:\/\/fcfrp.usp.br\/es\/wp-json\/wp\/v2\/comments?post=564"}],"version-history":[{"count":4,"href":"https:\/\/fcfrp.usp.br\/es\/wp-json\/wp\/v2\/pages\/564\/revisions"}],"predecessor-version":[{"id":6215,"href":"https:\/\/fcfrp.usp.br\/es\/wp-json\/wp\/v2\/pages\/564\/revisions\/6215"}],"up":[{"embeddable":true,"href":"https:\/\/fcfrp.usp.br\/es\/wp-json\/wp\/v2\/pages\/312"}],"wp:attachment":[{"href":"https:\/\/fcfrp.usp.br\/es\/wp-json\/wp\/v2\/media?parent=564"}],"curies":[{"name":"wp","href":"https:\/\/api.w.org\/{rel}","templated":true}]}}