{"id":5828,"date":"2020-07-07T09:46:58","date_gmt":"2020-07-07T11:46:58","guid":{"rendered":"https:\/\/sites.usp.br\/fcfrp\/?page_id=5828"},"modified":"2025-04-10T08:52:22","modified_gmt":"2025-04-10T10:52:22","slug":"normas","status":"publish","type":"page","link":"https:\/\/fcfrp.usp.br\/es\/pesquisa-extensao\/pesquisa\/normas\/","title":{"rendered":"Normas"},"content":{"rendered":"<div id=\"pl-5828\"  class=\"panel-layout\" ><div id=\"pg-5828-0\"  class=\"panel-grid panel-no-style\" ><div id=\"pgc-5828-0-0\"  class=\"panel-grid-cell\" ><div id=\"panel-5828-0-0-0\" class=\"so-panel widget widget_text panel-first-child panel-last-child\" data-index=\"0\" >\t\t\t<div class=\"textwidget\"><div style=\"text-align: justify;\"><a href=\"https:\/\/leginf.usp.br\/?resolucao=resolucao-copi-no-8463-de-06-de-julho-de-2023\" target=\"_blank\" rel=\"noopener\">&#8211; Resolu\u00e7\u00e3o CoPI n\u00ba 8463 de 6 de julho de 2023<\/a><br \/>\n<a href=\"https:\/\/leginf.usp.br\/?resolucao=consolidada-resolucao-no-4050-de-22-de-novembro-de-1993\" target=\"_blank\" rel=\"noopener\">&#8211; Regimento Interno da Faculdade de Ci\u00eancias Farmac\u00eauticas de Ribeir\u00e3o Preto da Universidade de S\u00e3o Paulo<\/a><\/div>\n<p>&nbsp;<\/p>\n<div style=\"text-align: justify;\">S\u00e3o atribui\u00e7\u00f5es e compet\u00eancias da Comiss\u00e3o de Pesquisa:<\/div>\n<p>&nbsp;<\/p>\n<div style=\"text-align: justify;\"><strong>GERAIS<\/strong><br \/>\nI \u2013 tra\u00e7ar diretrizes de pesquisa e de inova\u00e7\u00e3o no \u00e2mbito da Unidade, Museu, Instituto Especializado ou \u00d3rg\u00e3o Complementar em conformidade com seu projeto acad\u00eamico e com as orienta\u00e7\u00f5es estabelecidas pelos Colegiados Superiores;<br \/>\nII \u2013 propor e acompanhar os indicadores para a avalia\u00e7\u00e3o das atividades de pesquisa e de inova\u00e7\u00e3o da Unidade, Museu, Instituto Especializado ou \u00d3rg\u00e3o Complementar;<br \/>\nIII \u2013 supervisionar e avaliar as atividades de pesquisa e Inova\u00e7\u00e3o, reportando seus resultados aos Colegiados Superiores;<br \/>\nIV \u2013 fomentar, apoiar e gerir no \u00e2mbito da Unidade, Museu, Instituto Especializado ou \u00d3rg\u00e3o Complementar os programas e iniciativas da Pr\u00f3-Reitoria de Pesquisa e Inova\u00e7\u00e3o e fixar normas complementares \u00e0s expedidas pelo Conselho de Pesquisa e Inova\u00e7\u00e3o, encaminhando os relat\u00f3rios pertinentes;<br \/>\nV \u2013 submeter \u00e0 aprecia\u00e7\u00e3o da Dire\u00e7\u00e3o sugest\u00f5es para a aplica\u00e7\u00e3o dos recursos da reserva t\u00e9cnica institucional e de outros recursos institucionais destinados ou oriundos dos projetos de pesquisa e de inova\u00e7\u00e3o da Unidade, Museu, Instituto Especializado ou \u00d3rg\u00e3o Complementar;<br \/>\nVI \u2013 assessorar a Dire\u00e7\u00e3o em rela\u00e7\u00e3o ao encaminhamento de solicita\u00e7\u00f5es de financiamento para projetos de pesquisa e de inova\u00e7\u00e3o dos docentes;<br \/>\nVII \u2013 informar os pesquisadores sobre a exist\u00eancia de legisla\u00e7\u00e3o aplic\u00e1vel \u00e0 pesquisa e \u00e0 inova\u00e7\u00e3o em suas \u00e1reas de atua\u00e7\u00e3o;<br \/>\nVIII \u2013 disseminar boas pr\u00e1ticas de pesquisa na Unidade, conforme instru\u00e7\u00f5es do Comit\u00ea de Boas Pr\u00e1ticas Cient\u00edficas da Pr\u00f3-Reitoria de Pesquisa e Inova\u00e7\u00e3o;<br \/>\nIX \u2013 prestar atendimento \u00e0 comunidade acad\u00eamica e ao p\u00fablico externo acerca de d\u00favidas, dificuldades, sugest\u00f5es e cr\u00edticas em rela\u00e7\u00e3o aos programas, editais, recursos, acervos, infraestrutura e demais assuntos relacionados \u00e0 pesquisa e \u00e0 inova\u00e7\u00e3o no \u00e2mbito da Unidade, Museu, Instituto Especializado ou \u00d3rg\u00e3o Complementar.<\/div>\n<p>&nbsp;<\/p>\n<div style=\"text-align: justify;\"><strong>ESPEC\u00cdFICAS<\/strong><br \/>\n\u2013 Estimular a investiga\u00e7\u00e3o cient\u00edfica, particularmente a que tenha car\u00e1ter interdisciplinar;<br \/>\n\u2013 Estimular a intera\u00e7\u00e3o entre os grupos de pesquisa da Unidade;<br \/>\n\u2013 Estimular o desenvolvimento de projetos de inicia\u00e7\u00e3o cient\u00edfica, favorecendo aos alunos a participa\u00e7\u00e3o em projetos e eventos internos e\/ou externos \u00e0 Unidade, bem como o seu o aperfei\u00e7oamento;<br \/>\n\u2013 Coordenar o processo de sele\u00e7\u00e3o de docentes e alunos interessados nas Bolsas de Inicia\u00e7\u00e3o Cient\u00edfica do PIC \u2013 USP e PIBITI\/CNPq \u2013 USP;<br \/>\n\u2013 Promover as atividades de p\u00f3s-doutorado;<br \/>\n\u2013 Promover as atividades de pesquisadores colaboradores;<br \/>\n\u2013 Coordenar programas de pesquisa na Unidade;<br \/>\n\u2013 Promover e divulgar eventos que estimulem a produ\u00e7\u00e3o cient\u00edfica;<br \/>\n\u2013 Divulgar os programas e bolsas da Pr\u00f3-Reitoria de Pesquisa;<br \/>\n\u2013 Participar, anualmente, da organiza\u00e7\u00e3o do SIICUSP.<\/div>\n<\/div>\n\t\t<\/div><\/div><div id=\"pgc-5828-0-1\"  class=\"panel-grid-cell\" ><div id=\"panel-5828-0-1-0\" class=\"so-panel widget widget_nav_menu panel-first-child panel-last-child\" data-index=\"1\" ><div class=\"menu-menu-pesquisa-container\"><ul id=\"menu-menu-pesquisa\" class=\"menu\"><li id=\"menu-item-791\" class=\"menu-item menu-item-type-post_type menu-item-object-page menu-item-has-children menu-item-791\"><a href=\"https:\/\/fcfrp.usp.br\/es\/pesquisa-extensao\/\">Investigaci\u00f3n \/ Extensi\u00f3n<\/a>\n<ul class=\"sub-menu\">\n\t<li id=\"menu-item-792\" class=\"menu-item menu-item-type-post_type menu-item-object-page menu-item-has-children menu-item-792\"><a href=\"https:\/\/fcfrp.usp.br\/es\/pesquisa-extensao\/pesquisa\/\">Investigaci\u00f3n<\/a>\n\t<ul class=\"sub-menu\">\n\t\t<li id=\"menu-item-5831\" class=\"menu-item menu-item-type-post_type menu-item-object-page menu-item-5831\"><a href=\"https:\/\/fcfrp.usp.br\/es\/pesquisa-extensao\/pesquisa\/normas\/\">Normas<\/a><\/li>\n\t\t<li id=\"menu-item-5562\" class=\"menu-item menu-item-type-post_type menu-item-object-page menu-item-has-children menu-item-5562\"><a href=\"https:\/\/fcfrp.usp.br\/es\/pesquisa-extensao\/pesquisa\/infraestrutura\/\">Infraestructura<\/a>\n\t\t<ul class=\"sub-menu\">\n\t\t\t<li id=\"menu-item-15552\" class=\"menu-item menu-item-type-post_type menu-item-object-page menu-item-15552\"><a href=\"https:\/\/fcfrp.usp.br\/es\/pesquisa-extensao\/pesquisa\/infraestrutura\/biocel\/\">BioCel FCFRP-USP<\/a><\/li>\n\t\t<\/ul>\n<\/li>\n\t\t<li id=\"menu-item-910\" class=\"menu-item menu-item-type-post_type menu-item-object-page menu-item-910\"><a href=\"https:\/\/fcfrp.usp.br\/es\/pesquisa-extensao\/pesquisa\/centrais-multiusuarios\/\">Intercambios Multiusuario<\/a><\/li>\n\t\t<li id=\"menu-item-6067\" class=\"menu-item menu-item-type-post_type menu-item-object-page menu-item-6067\"><a href=\"https:\/\/fcfrp.usp.br\/es\/pesquisa-extensao\/pesquisa\/linhas-de-pesquisa\/\">L\u00edneas de Investigaci\u00f3n<\/a><\/li>\n\t\t<li id=\"menu-item-5570\" class=\"menu-item menu-item-type-post_type menu-item-object-page menu-item-5570\"><a href=\"https:\/\/fcfrp.usp.br\/es\/pesquisa-extensao\/pesquisa\/grupos-pesquisa\/\">Grupos de Investigacion<\/a><\/li>\n\t\t<li id=\"menu-item-5574\" class=\"menu-item menu-item-type-post_type menu-item-object-page menu-item-has-children menu-item-5574\"><a href=\"https:\/\/fcfrp.usp.br\/es\/pesquisa-extensao\/pesquisa\/programas\/\">Programas<\/a>\n\t\t<ul class=\"sub-menu\">\n\t\t\t<li id=\"menu-item-5863\" class=\"menu-item menu-item-type-post_type menu-item-object-page menu-item-5863\"><a href=\"https:\/\/fcfrp.usp.br\/es\/pesquisa-extensao\/pesquisa\/programas\/preiniciacao\/\">Preiniciaci\u00f3n Cient\u00edfica<\/a><\/li>\n\t\t\t<li id=\"menu-item-5853\" class=\"menu-item menu-item-type-post_type menu-item-object-page menu-item-5853\"><a href=\"https:\/\/fcfrp.usp.br\/es\/pesquisa-extensao\/pesquisa\/programas\/iniciacao\/\">Iniciaci\u00f3n Cient\u00edfica<\/a><\/li>\n\t\t\t<li id=\"menu-item-5862\" class=\"menu-item menu-item-type-post_type menu-item-object-page menu-item-5862\"><a href=\"https:\/\/fcfrp.usp.br\/es\/pesquisa-extensao\/pesquisa\/programas\/posdoutorado\/\">Postdoctorado<\/a><\/li>\n\t\t\t<li id=\"menu-item-5889\" class=\"menu-item menu-item-type-post_type menu-item-object-page menu-item-5889\"><a href=\"https:\/\/fcfrp.usp.br\/es\/pesquisa-extensao\/pesquisa\/programas\/pesquisador\/\">Investigador Colaborador<\/a><\/li>\n\t\t<\/ul>\n<\/li>\n\t\t<li id=\"menu-item-5580\" class=\"menu-item menu-item-type-post_type menu-item-object-page menu-item-5580\"><a href=\"https:\/\/fcfrp.usp.br\/es\/pesquisa-extensao\/pesquisa\/oportunidades\/\">Oportunidades<\/a><\/li>\n\t\t<li id=\"menu-item-7063\" class=\"menu-item menu-item-type-post_type menu-item-object-page menu-item-7063\"><a href=\"https:\/\/fcfrp.usp.br\/es\/pesquisa-extensao\/pesquisa\/siicusp\/\">SIICUSP<\/a><\/li>\n\t\t<li id=\"menu-item-12022\" class=\"menu-item menu-item-type-post_type menu-item-object-page menu-item-12022\"><a href=\"https:\/\/fcfrp.usp.br\/es\/pesquisa-extensao\/patrimonio-genetico\/\">Patrim\u00f4nio Gen\u00e9tico \u2013 CTA<\/a><\/li>\n\t<\/ul>\n<\/li>\n\t<li id=\"menu-item-790\" class=\"menu-item menu-item-type-post_type menu-item-object-page menu-item-790\"><a href=\"https:\/\/fcfrp.usp.br\/es\/pesquisa-extensao\/extensao\/\">Cultura y Extensi\u00f3n<\/a><\/li>\n<\/ul>\n<\/li>\n<\/ul><\/div><\/div><\/div><\/div><\/div>","protected":false},"excerpt":{"rendered":"<p>&#8211; Resolu\u00e7\u00e3o CoPI n\u00ba 8463 de 6 de julho de 2023 &#8211; Regimento Interno da Faculdade de Ci\u00eancias Farmac\u00eauticas de Ribeir\u00e3o Preto da Universidade de S\u00e3o Paulo &nbsp; S\u00e3o atribui\u00e7\u00f5es e compet\u00eancias da Comiss\u00e3o de Pesquisa: &nbsp; GERAIS I \u2013 tra\u00e7ar diretrizes de pesquisa e de inova\u00e7\u00e3o no \u00e2mbito da Unidade, Museu, Instituto Especializado ou<a href=\"https:\/\/fcfrp.usp.br\/es\/pesquisa-extensao\/pesquisa\/normas\/\">[&#8230;]<\/a><\/p>\n","protected":false},"author":978,"featured_media":0,"parent":456,"menu_order":0,"comment_status":"closed","ping_status":"closed","template":"template-fullwidth.php","meta":{"footnotes":"","_links_to":"","_links_to_target":""},"class_list":["post-5828","page","type-page","status-publish","hentry"],"_links":{"self":[{"href":"https:\/\/fcfrp.usp.br\/es\/wp-json\/wp\/v2\/pages\/5828","targetHints":{"allow":["GET"]}}],"collection":[{"href":"https:\/\/fcfrp.usp.br\/es\/wp-json\/wp\/v2\/pages"}],"about":[{"href":"https:\/\/fcfrp.usp.br\/es\/wp-json\/wp\/v2\/types\/page"}],"author":[{"embeddable":true,"href":"https:\/\/fcfrp.usp.br\/es\/wp-json\/wp\/v2\/users\/978"}],"replies":[{"embeddable":true,"href":"https:\/\/fcfrp.usp.br\/es\/wp-json\/wp\/v2\/comments?post=5828"}],"version-history":[{"count":4,"href":"https:\/\/fcfrp.usp.br\/es\/wp-json\/wp\/v2\/pages\/5828\/revisions"}],"predecessor-version":[{"id":15075,"href":"https:\/\/fcfrp.usp.br\/es\/wp-json\/wp\/v2\/pages\/5828\/revisions\/15075"}],"up":[{"embeddable":true,"href":"https:\/\/fcfrp.usp.br\/es\/wp-json\/wp\/v2\/pages\/456"}],"wp:attachment":[{"href":"https:\/\/fcfrp.usp.br\/es\/wp-json\/wp\/v2\/media?parent=5828"}],"curies":[{"name":"wp","href":"https:\/\/api.w.org\/{rel}","templated":true}]}}