{"id":62,"date":"2014-02-12T11:28:30","date_gmt":"2014-02-12T13:28:30","guid":{"rendered":"http:\/\/sites.usp.br\/fcfrp\/?page_id=62"},"modified":"2026-01-30T17:38:32","modified_gmt":"2026-01-30T19:38:32","slug":"home","status":"publish","type":"page","link":"https:\/\/fcfrp.usp.br\/es\/","title":{"rendered":"Home"},"content":{"rendered":"<div id=\"pl-62\"  class=\"panel-layout\" ><div id=\"pg-62-0\"  class=\"panel-grid panel-has-style\" ><div class=\"siteorigin-panels-stretch panel-row-style panel-row-style-for-62-0\" data-stretch-type=\"full-width-stretch\" ><div id=\"pgc-62-0-0\"  class=\"panel-grid-cell\" ><div id=\"panel-62-0-0-0\" class=\"so-panel widget widget_sow-hero panel-first-child panel-last-child\" data-index=\"0\" ><div\n\t\t\t\n\t\t\tclass=\"so-widget-sow-hero so-widget-sow-hero-default-5faf8feb26d8-62 so-widget-fittext-wrapper\"\n\t\t\t data-fit-text-compressor=\"0.85\"\n\t\t>\t\t\t\t<div class=\"sow-slider-base\" style=\"display: none\" tabindex=\"0\">\n\t\t\t\t\t<ul\n\t\t\t\t\tclass=\"sow-slider-images\"\n\t\t\t\t\tdata-settings=\"{&quot;pagination&quot;:true,&quot;speed&quot;:800,&quot;timeout&quot;:6000,&quot;paused&quot;:false,&quot;pause_on_hover&quot;:false,&quot;swipe&quot;:true,&quot;nav_always_show_desktop&quot;:&quot;&quot;,&quot;nav_always_show_mobile&quot;:&quot;&quot;,&quot;breakpoint&quot;:&quot;780px&quot;,&quot;unmute&quot;:false,&quot;anchor&quot;:null}\"\n\t\t\t\t\t\t\t\t\t\tdata-anchor-id=\"\"\n\t\t\t\t>\t\t<li class=\"sow-slider-image  sow-slider-image-cover\" style=\"visibility: visible;;background-color: #333333\" >\n\t\t\t\t\t<div class=\"sow-slider-image-container\">\n\t\t\t<div class=\"sow-slider-image-wrapper\">\n\t\t\t\t<h1 style=\"text-align: center\"><\/h1>\n<div class=\"sow-hero-buttons\" style=\"text-align: center\"><div\n\t\t\t\n\t\t\tclass=\"so-widget-sow-button so-widget-sow-button-wire-6a066d766275\"\n\t\t\t\n\t\t><div class=\"ow-button-base ow-button-align-center\"\n>\n\t\t\t<a\n\t\t\t\t\thref=\"https:\/\/fcfrp.usp.br\/institucional\"\n\t\t\t\t\tclass=\"sowb-button ow-icon-placement-left ow-button-hover\" \t>\n\t\t<span>\n\t\t\t\n\t\t\tQuienes Somos\t\t<\/span>\n\t\t\t<\/a>\n\t<\/div>\n<\/div><\/div>\n<p>&nbsp;<\/p>\n<p>&nbsp;<\/p>\n\t\t\t<\/div>\n\t\t<\/div>\n\t\t<div class=\"sow-slider-image-overlay sow-slider-image-cover\" style=\"opacity: 0.45;background-image: url(https:\/\/fcfrp.usp.br\/wp-content\/uploads\/sites\/528\/2020\/07\/fcfrphome.jpg)\"  ><\/div>\t\t<\/li>\n\t\t\t\t<li class=\"sow-slider-image  sow-slider-image-cover\" style=\"visibility: hidden;;background-color: #333333\" >\n\t\t\t\t\t<div class=\"sow-slider-image-container\">\n\t\t\t<div class=\"sow-slider-image-wrapper\">\n\t\t\t\t<h1 style=\"text-align: center\"><\/h1>\n<div class=\"sow-hero-buttons\" style=\"text-align: center\"><div\n\t\t\t\n\t\t\tclass=\"so-widget-sow-button so-widget-sow-button-wire-6a066d766275\"\n\t\t\t\n\t\t><div class=\"ow-button-base ow-button-align-center\"\n>\n\t\t\t<a\n\t\t\t\t\thref=\"https:\/\/fcfrp.usp.br\/ensino\/\"\n\t\t\t\t\tclass=\"sowb-button ow-icon-placement-left ow-button-hover\" \t>\n\t\t<span>\n\t\t\t\n\t\t\tGraduaci\u00f3n \/ Posgraduaci\u00f3n\t\t<\/span>\n\t\t\t<\/a>\n\t<\/div>\n<\/div><\/div>\n&nbsp;\n\n&nbsp;\t\t\t<\/div>\n\t\t<\/div>\n\t\t<div class=\"sow-slider-image-overlay sow-slider-image-cover\" style=\"opacity: 0.45\" data-background=\"url(https:\/\/fcfrp.usp.br\/wp-content\/uploads\/sites\/528\/2020\/07\/ensinohome.jpg)\"  ><\/div>\t\t<\/li>\n\t\t\t\t<li class=\"sow-slider-image  sow-slider-image-cover\" style=\"visibility: hidden;;background-color: #333333\" >\n\t\t\t\t\t<div class=\"sow-slider-image-container\">\n\t\t\t<div class=\"sow-slider-image-wrapper\">\n\t\t\t\t<h1 style=\"text-align: center\"><\/h1>\n<div class=\"sow-hero-buttons\" style=\"text-align: center\"><div\n\t\t\t\n\t\t\tclass=\"so-widget-sow-button so-widget-sow-button-wire-6a066d766275\"\n\t\t\t\n\t\t><div class=\"ow-button-base ow-button-align-center\"\n>\n\t\t\t<a\n\t\t\t\t\thref=\"https:\/\/fcfrp.usp.br\/pesquisa-extensao\/\"\n\t\t\t\t\tclass=\"sowb-button ow-icon-placement-left ow-button-hover\" \t>\n\t\t<span>\n\t\t\t\n\t\t\tInvestigaci\u00f3n \/ Extensi\u00f3n\t\t<\/span>\n\t\t\t<\/a>\n\t<\/div>\n<\/div><\/div>\n\n<h1 style=\"text-align: center\"><\/h1>\n&nbsp;\n<h1 style=\"text-align: center\"><\/h1>\t\t\t<\/div>\n\t\t<\/div>\n\t\t<div class=\"sow-slider-image-overlay sow-slider-image-cover\" style=\"opacity: 0.45\" data-background=\"url(https:\/\/fcfrp.usp.br\/wp-content\/uploads\/sites\/528\/2020\/07\/pesquisaextensaohome-e1594336735800.jpg)\"  ><\/div>\t\t<\/li>\n\t\t<\/ul>\t\t\t\t<ol class=\"sow-slider-pagination\">\n\t\t\t\t\t\t\t\t\t\t\t<li><a href=\"#\" data-goto=\"0\" aria-label=\"mostrar diapositiva 1\"><\/a><\/li>\n\t\t\t\t\t\t\t\t\t\t\t<li><a href=\"#\" data-goto=\"1\" aria-label=\"mostrar diapositiva 2\"><\/a><\/li>\n\t\t\t\t\t\t\t\t\t\t\t<li><a href=\"#\" data-goto=\"2\" aria-label=\"mostrar diapositiva 3\"><\/a><\/li>\n\t\t\t\t\t\t\t\t\t<\/ol>\n\n\t\t\t\t<div class=\"sow-slide-nav sow-slide-nav-next\">\n\t\t\t\t\t<a href=\"#\" data-goto=\"next\" aria-label=\"diapositiva siguiente\" data-action=\"next\">\n\t\t\t\t\t\t<em class=\"sow-sld-icon-thin-right\"><\/em>\n\t\t\t\t\t<\/a>\n\t\t\t\t<\/div>\n\n\t\t\t\t<div class=\"sow-slide-nav sow-slide-nav-prev\">\n\t\t\t\t\t<a href=\"#\" data-goto=\"previous\" aria-label=\"diapositiva anterior\" data-action=\"prev\">\n\t\t\t\t\t\t<em class=\"sow-sld-icon-thin-left\"><\/em>\n\t\t\t\t\t<\/a>\n\t\t\t\t<\/div>\n\t\t\t\t<\/div><\/div><\/div><\/div><\/div><\/div><div id=\"pg-62-1\"  class=\"panel-grid panel-no-style\" ><div id=\"pgc-62-1-0\"  class=\"panel-grid-cell\" ><div id=\"panel-62-1-0-0\" class=\"so-panel widget widget_text panel-first-child panel-last-child\" data-index=\"1\" >\t\t\t<div class=\"textwidget\"><p><a href=\"https:\/\/fcfrp.usp.br\/pt\/institucional\/administracao\/assistencia-tecnica-financeira\/materiais\/\" target=\"_blank\" rel=\"noopener\"><img loading=\"lazy\" decoding=\"async\" class=\"aligncenter wp-image-15764 size-full\" src=\"https:\/\/fcfrp.usp.br\/wp-content\/uploads\/sites\/528\/2025\/11\/licitacoes.jpg\" alt=\"\" width=\"1154\" height=\"63\" srcset=\"https:\/\/fcfrp.usp.br\/wp-content\/uploads\/sites\/528\/2025\/11\/licitacoes.jpg 1154w, https:\/\/fcfrp.usp.br\/wp-content\/uploads\/sites\/528\/2025\/11\/licitacoes-300x16.jpg 300w, https:\/\/fcfrp.usp.br\/wp-content\/uploads\/sites\/528\/2025\/11\/licitacoes-1024x56.jpg 1024w, https:\/\/fcfrp.usp.br\/wp-content\/uploads\/sites\/528\/2025\/11\/licitacoes-768x42.jpg 768w, https:\/\/fcfrp.usp.br\/wp-content\/uploads\/sites\/528\/2025\/11\/licitacoes-400x22.jpg 400w\" sizes=\"auto, (max-width: 1154px) 100vw, 1154px\" \/><\/a><\/p>\n<\/div>\n\t\t<\/div><\/div><\/div><div id=\"pg-62-2\"  class=\"panel-grid panel-no-style\" ><div id=\"pgc-62-2-0\"  class=\"panel-grid-cell\" ><div id=\"panel-62-2-0-0\" class=\"so-panel widget widget_rpwe_widget rpwe_widget recent-posts-extended panel-first-child panel-last-child\" data-index=\"2\" ><div  class=\"rpwe-block\"><ul class=\"rpwe-ul\"><li class=\"rpwe-li rpwe-clearfix\"><a class=\"rpwe-img\" href=\"https:\/\/fcfrp.usp.br\/es\/pauta-jornal-usp\/\" target=\"_self\"><img class=\"rpwe-aligncenter rpwe-thumb\" src=\"https:\/\/fcfrp.usp.br\/wp-content\/uploads\/sites\/528\/2025\/11\/Concurso-500x250-homepage.png\" alt=\"(Portugu\u00eas) Pauta Jornal USP\" height=\"250\" width=\"500\" loading=\"lazy\" decoding=\"async\"><\/a><h3 class=\"rpwe-title\"><a href=\"https:\/\/fcfrp.usp.br\/es\/pauta-jornal-usp\/\" target=\"_self\">(Portugu\u00eas) Pauta Jornal USP<\/a><\/h3><\/li><\/ul><\/div><!-- Generated by http:\/\/wordpress.org\/plugins\/recent-posts-widget-extended\/ --><\/div><\/div><div id=\"pgc-62-2-1\"  class=\"panel-grid-cell\" ><div id=\"panel-62-2-1-0\" class=\"so-panel widget widget_rpwe_widget rpwe_widget recent-posts-extended panel-first-child panel-last-child\" data-index=\"3\" ><div  class=\"rpwe-block\"><ul class=\"rpwe-ul\"><li class=\"rpwe-li rpwe-clearfix\"><a class=\"rpwe-img\" href=\"https:\/\/fcfrp.usp.br\/pt\/ensino\/graduacao\/eventos\/\" target=\"_self\"><img class=\"rpwe-aligncenter rpwe-thumb\" src=\"https:\/\/fcfrp.usp.br\/wp-content\/uploads\/sites\/528\/2026\/01\/2026_campanha_calouros_usp_banner4-500x250.jpg\" alt=\"(Portugu\u00eas) Semana de Recep\u00e7\u00e3o aos Calouros 2026\" height=\"250\" width=\"500\" loading=\"lazy\" decoding=\"async\"><\/a><h3 class=\"rpwe-title\"><a href=\"https:\/\/fcfrp.usp.br\/pt\/ensino\/graduacao\/eventos\/\" target=\"_self\">(Portugu\u00eas) Semana de Recep\u00e7\u00e3o aos Calouros 2026<\/a><\/h3><\/li><\/ul><\/div><!-- Generated by http:\/\/wordpress.org\/plugins\/recent-posts-widget-extended\/ --><\/div><\/div><div id=\"pgc-62-2-2\"  class=\"panel-grid-cell\" ><div id=\"panel-62-2-2-0\" class=\"so-panel widget widget_rpwe_widget rpwe_widget recent-posts-extended panel-first-child panel-last-child\" data-index=\"4\" ><div  class=\"rpwe-block\"><ul class=\"rpwe-ul\"><li class=\"rpwe-li rpwe-clearfix\"><a class=\"rpwe-img\" href=\"https:\/\/fcfrp.usp.br\/es\/20anospos\/\" target=\"_self\"><img class=\"rpwe-aligncenter rpwe-thumb\" src=\"https:\/\/fcfrp.usp.br\/wp-content\/uploads\/sites\/528\/2025\/11\/20-anos-Pos-homepage.png\" alt=\"(Portugu\u00eas) 20 Anos dos Programas de P\u00f3s-Gradua\u00e7\u00e3o\" height=\"250\" width=\"500\" loading=\"lazy\" decoding=\"async\"><\/a><h3 class=\"rpwe-title\"><a href=\"https:\/\/fcfrp.usp.br\/es\/20anospos\/\" target=\"_self\">(Portugu\u00eas) 20 Anos dos Programas de P\u00f3s-Gradua\u00e7\u00e3o<\/a><\/h3><\/li><\/ul><\/div><!-- Generated by http:\/\/wordpress.org\/plugins\/recent-posts-widget-extended\/ --><\/div><\/div><\/div><div id=\"pg-62-3\"  class=\"panel-grid panel-no-style\" ><div id=\"pgc-62-3-0\"  class=\"panel-grid-cell\" ><div id=\"panel-62-3-0-0\" class=\"so-panel widget widget_text panel-first-child panel-last-child\" data-index=\"5\" >\t\t\t<div class=\"textwidget\"><p><a href=\"https:\/\/www.alumni.usp.br\/\" target=\"_blank\" rel=\"noopener\"><img loading=\"lazy\" decoding=\"async\" class=\"aligncenter wp-image-12279 size-full\" src=\"https:\/\/fcfrp.usp.br\/wp-content\/uploads\/sites\/528\/2023\/06\/uspalumni.jpg\" alt=\"\" width=\"1154\" height=\"63\" srcset=\"https:\/\/fcfrp.usp.br\/wp-content\/uploads\/sites\/528\/2023\/06\/uspalumni.jpg 1154w, https:\/\/fcfrp.usp.br\/wp-content\/uploads\/sites\/528\/2023\/06\/uspalumni-300x16.jpg 300w, https:\/\/fcfrp.usp.br\/wp-content\/uploads\/sites\/528\/2023\/06\/uspalumni-1024x56.jpg 1024w, https:\/\/fcfrp.usp.br\/wp-content\/uploads\/sites\/528\/2023\/06\/uspalumni-768x42.jpg 768w, https:\/\/fcfrp.usp.br\/wp-content\/uploads\/sites\/528\/2023\/06\/uspalumni-400x22.jpg 400w\" sizes=\"auto, (max-width: 1154px) 100vw, 1154px\" \/><\/a><\/p>\n<\/div>\n\t\t<\/div><\/div><\/div><div id=\"pg-62-4\"  class=\"panel-grid panel-no-style\" ><div id=\"pgc-62-4-0\"  class=\"panel-grid-cell\" ><div id=\"panel-62-4-0-0\" class=\"so-panel widget widget_media_video panel-first-child panel-last-child\" data-index=\"6\" ><h3 class=\"widget-title\">100 a\u00f1os de FCFRP<\/h3><div style=\"width:100%;\" class=\"wp-video\"><video class=\"wp-video-shortcode\" id=\"video-15822-1\" preload=\"metadata\" controls=\"controls\"><source type=\"video\/youtube\" src=\"https:\/\/youtu.be\/y-SZv9lntfc?_=1\" \/><a href=\"https:\/\/youtu.be\/y-SZv9lntfc\">https:\/\/youtu.be\/y-SZv9lntfc<\/a><\/video><\/div><\/div><\/div><div id=\"pgc-62-4-1\"  class=\"panel-grid-cell\" ><div id=\"panel-62-4-1-0\" class=\"so-panel widget widget_rpwe_widget rpwe_widget recent-posts-extended panel-first-child panel-last-child\" data-index=\"7\" ><h3 class=\"widget-title\">Eventos \/ Noticias<\/h3><div  class=\"rpwe-block\"><ul class=\"rpwe-ul\"><li class=\"rpwe-li rpwe-clearfix\"><a class=\"rpwe-img\" href=\"https:\/\/fcfrp.usp.br\/pt\/ensino\/graduacao\/eventos\/\" target=\"_self\"><img class=\"rpwe-alignleft rpwe-thumb\" src=\"https:\/\/fcfrp.usp.br\/wp-content\/uploads\/sites\/528\/2026\/01\/2026_campanha_calouros_usp_banner4-40x40.jpg\" alt=\"(Portugu\u00eas) Semana de Recep\u00e7\u00e3o aos Calouros 2026\" height=\"40\" width=\"40\" loading=\"lazy\" decoding=\"async\"><\/a><h3 class=\"rpwe-title\"><a href=\"https:\/\/fcfrp.usp.br\/pt\/ensino\/graduacao\/eventos\/\" target=\"_self\">(Portugu\u00eas) Semana de Recep\u00e7\u00e3o aos Calouros 2026<\/a><\/h3><div class=\"rpwe-summary\"><a href=\"https:\/\/fcfrp.usp.br\/pt\/ensino\/graduacao\/eventos\/\" class=\"more-link\">Leia Mais \u00bb<\/a><\/div><\/li><li class=\"rpwe-li rpwe-clearfix\"><a class=\"rpwe-img\" href=\"https:\/\/fcfrp.usp.br\/es\/pauta-jornal-usp\/\" target=\"_self\"><img class=\"rpwe-alignleft rpwe-thumb\" src=\"https:\/\/fcfrp.usp.br\/wp-content\/uploads\/sites\/528\/2025\/11\/Concurso-500x250-homepage-40x40.png\" alt=\"(Portugu\u00eas) Pauta Jornal USP\" height=\"40\" width=\"40\" loading=\"lazy\" decoding=\"async\"><\/a><h3 class=\"rpwe-title\"><a href=\"https:\/\/fcfrp.usp.br\/es\/pauta-jornal-usp\/\" target=\"_self\">(Portugu\u00eas) Pauta Jornal USP<\/a><\/h3><div class=\"rpwe-summary\">A Comiss\u00e3o de Difus\u00e3o Cient\u00edfica e Acad\u00eamica\u00a0(antiga Comiss\u00e3o &hellip;<a href=\"https:\/\/fcfrp.usp.br\/es\/pauta-jornal-usp\/\" class=\"more-link\">Leia Mais \u00bb<\/a><\/div><\/li><li class=\"rpwe-li rpwe-clearfix\"><a class=\"rpwe-img\" href=\"https:\/\/fcfrp.usp.br\/es\/20anospos\/\" target=\"_self\"><img class=\"rpwe-alignleft rpwe-thumb\" src=\"https:\/\/fcfrp.usp.br\/wp-content\/uploads\/sites\/528\/2025\/11\/20-anos-Pos-homepage-40x40.png\" alt=\"(Portugu\u00eas) 20 Anos dos Programas de P\u00f3s-Gradua\u00e7\u00e3o\" height=\"40\" width=\"40\" loading=\"lazy\" decoding=\"async\"><\/a><h3 class=\"rpwe-title\"><a href=\"https:\/\/fcfrp.usp.br\/es\/20anospos\/\" target=\"_self\">(Portugu\u00eas) 20 Anos dos Programas de P\u00f3s-Gradua\u00e7\u00e3o<\/a><\/h3><div class=\"rpwe-summary\">A FCFRP tem um motivo especial para celebrar &hellip;<a href=\"https:\/\/fcfrp.usp.br\/es\/20anospos\/\" class=\"more-link\">Leia Mais \u00bb<\/a><\/div><\/li><li class=\"rpwe-li rpwe-clearfix\"><a class=\"rpwe-img\" href=\"https:\/\/fcfrp.usp.br\/es\/farmausp\/\" target=\"_self\"><img class=\"rpwe-alignleft rpwe-thumb\" src=\"https:\/\/fcfrp.usp.br\/wp-content\/uploads\/sites\/528\/2025\/10\/farmausp-40x40.jpg\" alt=\"Farma USP na ESCOLA\" height=\"40\" width=\"40\" loading=\"lazy\" decoding=\"async\"><\/a><h3 class=\"rpwe-title\"><a href=\"https:\/\/fcfrp.usp.br\/es\/farmausp\/\" target=\"_self\">Farma USP na ESCOLA<\/a><\/h3><div class=\"rpwe-summary\">Disculpa, pero esta entrada est\u00e1 disponible s\u00f3lo en &hellip;<a href=\"https:\/\/fcfrp.usp.br\/es\/farmausp\/\" class=\"more-link\">Leia Mais \u00bb<\/a><\/div><\/li><\/ul><\/div><!-- Generated by http:\/\/wordpress.org\/plugins\/recent-posts-widget-extended\/ --><\/div><\/div><\/div><div id=\"pg-62-5\"  class=\"panel-grid panel-has-style\" ><div class=\"panel-row-style panel-row-style-for-62-5\" ><div id=\"pgc-62-5-0\"  class=\"panel-grid-cell\" ><div id=\"panel-62-5-0-0\" class=\"so-panel widget widget_text panel-first-child panel-last-child\" data-index=\"8\" >\t\t\t<div class=\"textwidget\"><p>&nbsp;<\/p>\n<p><a href=\"http:\/\/email.usp.br\" target=\"_blank\" rel=\"noopener\"><img loading=\"lazy\" decoding=\"async\" class=\"wp-image-1831 alignnone\" src=\"https:\/\/sites.usp.br\/fcfrp\/wp-content\/uploads\/sites\/528\/2020\/04\/email-150x150.jpg\" alt=\"\" width=\"125\" height=\"125\" srcset=\"https:\/\/fcfrp.usp.br\/wp-content\/uploads\/sites\/528\/2020\/04\/email-150x150.jpg 150w, https:\/\/fcfrp.usp.br\/wp-content\/uploads\/sites\/528\/2020\/04\/email.jpg 250w, https:\/\/fcfrp.usp.br\/wp-content\/uploads\/sites\/528\/2020\/04\/email-174x174.jpg 174w, https:\/\/fcfrp.usp.br\/wp-content\/uploads\/sites\/528\/2020\/04\/email-45x45.jpg 45w, https:\/\/fcfrp.usp.br\/wp-content\/uploads\/sites\/528\/2020\/04\/email-200x200.jpg 200w\" sizes=\"auto, (max-width: 125px) 100vw, 125px\" \/><\/a>\u00a0 \u00a0 \u00a0 \u00a0 \u00a0 \u00a0<a href=\"http:\/\/sistemas.fcfrp.usp.br\/servicos\/\" target=\"_blank\" rel=\"noopener\"><img loading=\"lazy\" decoding=\"async\" class=\"wp-image-1836 alignnone\" src=\"https:\/\/sites.usp.br\/fcfrp\/wp-content\/uploads\/sites\/528\/2020\/04\/servicos-1-150x150.jpg\" alt=\"\" width=\"125\" height=\"125\" srcset=\"https:\/\/fcfrp.usp.br\/wp-content\/uploads\/sites\/528\/2020\/04\/servicos-1-150x150.jpg 150w, https:\/\/fcfrp.usp.br\/wp-content\/uploads\/sites\/528\/2020\/04\/servicos-1.jpg 250w, https:\/\/fcfrp.usp.br\/wp-content\/uploads\/sites\/528\/2020\/04\/servicos-1-174x174.jpg 174w, https:\/\/fcfrp.usp.br\/wp-content\/uploads\/sites\/528\/2020\/04\/servicos-1-45x45.jpg 45w, https:\/\/fcfrp.usp.br\/wp-content\/uploads\/sites\/528\/2020\/04\/servicos-1-200x200.jpg 200w\" sizes=\"auto, (max-width: 125px) 100vw, 125px\" \/><\/a><\/p>\n<\/div>\n\t\t<\/div><\/div><div id=\"pgc-62-5-1\"  class=\"panel-grid-cell\" ><div id=\"panel-62-5-1-0\" class=\"so-panel widget widget_text panel-first-child panel-last-child\" data-index=\"9\" >\t\t\t<div class=\"textwidget\"><p>&nbsp;<\/p>\n<p><a href=\"http:\/\/200.144.244.10\/reservas\/\" target=\"_blank\" rel=\"noopener\"><img loading=\"lazy\" decoding=\"async\" class=\"alignnone wp-image-7155\" src=\"https:\/\/fcfrp.usp.br\/wp-content\/uploads\/sites\/528\/2020\/11\/copas-150x150.jpg\" alt=\"\" width=\"125\" height=\"125\" srcset=\"https:\/\/fcfrp.usp.br\/wp-content\/uploads\/sites\/528\/2020\/11\/copas-150x150.jpg 150w, https:\/\/fcfrp.usp.br\/wp-content\/uploads\/sites\/528\/2020\/11\/copas.jpg 250w, https:\/\/fcfrp.usp.br\/wp-content\/uploads\/sites\/528\/2020\/11\/copas-174x174.jpg 174w, https:\/\/fcfrp.usp.br\/wp-content\/uploads\/sites\/528\/2020\/11\/copas-45x45.jpg 45w, https:\/\/fcfrp.usp.br\/wp-content\/uploads\/sites\/528\/2020\/11\/copas-200x200.jpg 200w\" sizes=\"auto, (max-width: 125px) 100vw, 125px\" \/><\/a>\u00a0 \u00a0 \u00a0 \u00a0 \u00a0 \u00a0<a href=\"https:\/\/fcfrp.usp.br\/institucional\/administracao\/assistencia-tecnica-administrativa\/secao-informatica\/\" rel=\"noopener\"><img loading=\"lazy\" decoding=\"async\" class=\"wp-image-1833 alignnone\" src=\"https:\/\/sites.usp.br\/fcfrp\/wp-content\/uploads\/sites\/528\/2020\/04\/informatica-1-150x150.jpg\" alt=\"\" width=\"125\" height=\"125\" srcset=\"https:\/\/fcfrp.usp.br\/wp-content\/uploads\/sites\/528\/2020\/04\/informatica-1-150x150.jpg 150w, https:\/\/fcfrp.usp.br\/wp-content\/uploads\/sites\/528\/2020\/04\/informatica-1.jpg 250w, https:\/\/fcfrp.usp.br\/wp-content\/uploads\/sites\/528\/2020\/04\/informatica-1-174x174.jpg 174w, https:\/\/fcfrp.usp.br\/wp-content\/uploads\/sites\/528\/2020\/04\/informatica-1-45x45.jpg 45w, https:\/\/fcfrp.usp.br\/wp-content\/uploads\/sites\/528\/2020\/04\/informatica-1-200x200.jpg 200w\" sizes=\"auto, (max-width: 125px) 100vw, 125px\" \/><\/a><\/p>\n<\/div>\n\t\t<\/div><\/div><div id=\"pgc-62-5-2\"  class=\"panel-grid-cell\" ><div id=\"panel-62-5-2-0\" class=\"so-panel widget widget_text panel-first-child panel-last-child\" data-index=\"10\" >\t\t\t<div class=\"textwidget\"><p>&nbsp;<\/p>\n<p><a href=\"https:\/\/fcfrp.usp.br\/institucional\/servicos\/analises-clinicas\/\" rel=\"noopener\"><img loading=\"lazy\" decoding=\"async\" class=\"wp-image-1835 alignnone\" src=\"https:\/\/sites.usp.br\/fcfrp\/wp-content\/uploads\/sites\/528\/2020\/04\/sac-1-150x150.jpg\" alt=\"\" width=\"125\" height=\"125\" srcset=\"https:\/\/fcfrp.usp.br\/wp-content\/uploads\/sites\/528\/2020\/04\/sac-1-150x150.jpg 150w, https:\/\/fcfrp.usp.br\/wp-content\/uploads\/sites\/528\/2020\/04\/sac-1.jpg 250w, https:\/\/fcfrp.usp.br\/wp-content\/uploads\/sites\/528\/2020\/04\/sac-1-174x174.jpg 174w, https:\/\/fcfrp.usp.br\/wp-content\/uploads\/sites\/528\/2020\/04\/sac-1-45x45.jpg 45w, https:\/\/fcfrp.usp.br\/wp-content\/uploads\/sites\/528\/2020\/04\/sac-1-200x200.jpg 200w\" sizes=\"auto, (max-width: 125px) 100vw, 125px\" \/><\/a>\u00a0 \u00a0 \u00a0 \u00a0 \u00a0 \u00a0<a href=\"https:\/\/fcfrp.usp.br\/institucional\/servicos\/servico-farmaceutico\/\" rel=\"noopener\"><img loading=\"lazy\" decoding=\"async\" class=\"wp-image-1832 alignnone\" src=\"https:\/\/sites.usp.br\/fcfrp\/wp-content\/uploads\/sites\/528\/2020\/04\/farmacia-150x150.jpg\" alt=\"\" width=\"125\" height=\"125\" srcset=\"https:\/\/fcfrp.usp.br\/wp-content\/uploads\/sites\/528\/2020\/04\/farmacia-150x150.jpg 150w, https:\/\/fcfrp.usp.br\/wp-content\/uploads\/sites\/528\/2020\/04\/farmacia.jpg 250w, https:\/\/fcfrp.usp.br\/wp-content\/uploads\/sites\/528\/2020\/04\/farmacia-174x174.jpg 174w, https:\/\/fcfrp.usp.br\/wp-content\/uploads\/sites\/528\/2020\/04\/farmacia-45x45.jpg 45w, https:\/\/fcfrp.usp.br\/wp-content\/uploads\/sites\/528\/2020\/04\/farmacia-200x200.jpg 200w\" sizes=\"auto, (max-width: 125px) 100vw, 125px\" \/><\/a><\/p>\n<\/div>\n\t\t<\/div><\/div><\/div><\/div><\/div>","protected":false},"excerpt":{"rendered":"<p>Quienes Somos &nbsp; &nbsp; Graduaci\u00f3n \/ Posgraduaci\u00f3n &nbsp; &nbsp; Investigaci\u00f3n \/ Extensi\u00f3n &nbsp; (Portugu\u00eas) Pauta Jornal USP(Portugu\u00eas) Semana de Recep\u00e7\u00e3o aos Calouros 2026(Portugu\u00eas) 20 Anos dos Programas de P\u00f3s-Gradua\u00e7\u00e3o 100 a\u00f1os de FCFRPhttps:\/\/youtu.be\/y-SZv9lntfcEventos \/ Noticias(Portugu\u00eas) Semana de Recep\u00e7\u00e3o aos Calouros 2026Leia Mais \u00bb(Portugu\u00eas) Pauta Jornal USPA Comiss\u00e3o de Difus\u00e3o Cient\u00edfica e Acad\u00eamica\u00a0(antiga Comiss\u00e3o &hellip;Leia Mais<a href=\"https:\/\/fcfrp.usp.br\/es\/\">[&#8230;]<\/a><\/p>\n","protected":false},"author":1,"featured_media":0,"parent":0,"menu_order":4,"comment_status":"closed","ping_status":"closed","template":"template-fullwidth-no-title.php","meta":{"footnotes":"","_links_to":"","_links_to_target":""},"class_list":["post-62","page","type-page","status-publish","hentry"],"_links":{"self":[{"href":"https:\/\/fcfrp.usp.br\/es\/wp-json\/wp\/v2\/pages\/62","targetHints":{"allow":["GET"]}}],"collection":[{"href":"https:\/\/fcfrp.usp.br\/es\/wp-json\/wp\/v2\/pages"}],"about":[{"href":"https:\/\/fcfrp.usp.br\/es\/wp-json\/wp\/v2\/types\/page"}],"author":[{"embeddable":true,"href":"https:\/\/fcfrp.usp.br\/es\/wp-json\/wp\/v2\/users\/1"}],"replies":[{"embeddable":true,"href":"https:\/\/fcfrp.usp.br\/es\/wp-json\/wp\/v2\/comments?post=62"}],"version-history":[{"count":5,"href":"https:\/\/fcfrp.usp.br\/es\/wp-json\/wp\/v2\/pages\/62\/revisions"}],"predecessor-version":[{"id":16109,"href":"https:\/\/fcfrp.usp.br\/es\/wp-json\/wp\/v2\/pages\/62\/revisions\/16109"}],"wp:attachment":[{"href":"https:\/\/fcfrp.usp.br\/es\/wp-json\/wp\/v2\/media?parent=62"}],"curies":[{"name":"wp","href":"https:\/\/api.w.org\/{rel}","templated":true}]}}